{"id":14507,"date":"2015-10-11T11:41:32","date_gmt":"2015-10-11T05:56:32","guid":{"rendered":"https:\/\/utmr.run\/de\/accommodation-2016\/"},"modified":"2024-05-08T17:36:16","modified_gmt":"2024-05-08T11:51:16","slug":"unterkunft","status":"publish","type":"page","link":"https:\/\/www.ultratourmonterosa.com\/de\/useful-information\/unterkunft\/","title":{"rendered":"Unterkunft"},"content":{"rendered":"\n<h2 class=\"wp-block-heading\">VOR und NACH dem Rennen<\/h2>\n\n<p>Alle Teilnehmenden m\u00fcssen vor und nach dem Rennen ihre eigene Unterkunft buchen.<\/p>\n\n<div style=\"height:50px\" aria-hidden=\"true\" class=\"wp-block-spacer\"><\/div>\n\n<h2 class=\"wp-block-heading\">Gr\u00e4chen<\/h2>\n\n<p>Gr\u00e4chen ist ein sch\u00f6nes kleines Dorf, das auf 1.600m H\u00f6he oberhalb des Matterhorntals liegt. Es hat eine gro\u00dfe Auswahl an kleinen Hotels und Apartments.<\/p>\n\n<p>Ben\u00f6tigt ihr Hilfe bei der Buchung eurer Unterkunft in Gr\u00e4chen? Hier sind eure Optionen:<\/p>\n\n<ul class=\"wp-block-list\">\n<li>Buchen Sie eine preisg\u00fcnstige Unterkunft direkt \u00fcber UTMR, siehe unten <strong>(begrenzte Pl\u00e4tze verf\u00fcgbar)<\/strong>.<\/li>\n\n\n\n<li>Buchen Sie einen Platz auf dem neu er\u00f6ffneten <a href=\"https:\/\/graechen.ch\/en\/Activities\/Camping\" target=\"_blank\" rel=\"noreferrer noopener\">Campingplatz Gr\u00e4chen<\/a>!  <\/li>\n\n\n\n<li>Kontaktiert unseren Partner <a href=\"http:\/\/www.hannigalp.ch\/\" target=\"_blank\" rel=\"noopener noreferrer\">Hotel Hannigalp<\/a> oder andere Gr\u00e4chen Hotels, siehe unten<\/li>\n\n\n\n<li>Schaut auf die g\u00e4ngigen Portale <a href=\"https:\/\/www.booking.com\/\" target=\"_blank\" rel=\"noopener noreferrer\">booking.com<\/a> oder <a href=\"https:\/\/www.airbnb.com\/\" target=\"_blank\" rel=\"noopener noreferrer\">airbnb<\/a><\/li>\n\n\n\n<li>Nutzt die <a href=\"https:\/\/www.graechen.ch\/en\/Accommodations\" target=\"_blank\" rel=\"noopener noreferrer\">Suchmaschine von Gr\u00e4chen Tourismus<\/a><\/li>\n\n\n\n<li>Kontaktiert Gr\u00e4chen Tourismus per Telefon oder Email \u21d2 <a href=\"mailto:info@graechen.ch\" target=\"_blank\" rel=\"noopener noreferrer\">info@graechen.ch<\/a> | +41 27 955 60 60<\/li>\n<\/ul>\n\n<div style=\"height:50px\" aria-hidden=\"true\" class=\"wp-block-spacer\"><\/div>\n\n<h2 class=\"wp-block-heading\">Gr\u00e4chen budget Unterkunft  <\/h2>\n\n<p>Wir haben oft eine begrenzte Anzahl von preisg\u00fcnstigen Unterk\u00fcnften in komfortablen 2-5-Bett-Zimmern mit guten Selbstversorgungsm\u00f6glichkeiten zur Verf\u00fcgung. Interessiert? <\/p>\n<a href='https:\/\/registration.utmr.ch\/forms\/grachen-budget-accommodation-booking-form\/' \n\t\t\ttarget='_blank' \n\t\t\tid='utmr-yellow-button-block_246ce1b5a06214373e6ce022095229e7' \n\t\t\tclass='utmr-button  ur-btn-yellow has-utmr-yellow-background-color text-black block-utmr-yellow-button' >\n\t\t\t\t Buchen Sie hier!  &nbsp;&nbsp;<i class='fas fa-external-link-alt'><\/i>\n\t\t\t<\/a>\n<div style=\"height:50px\" aria-hidden=\"true\" class=\"wp-block-spacer\"><\/div>\n\n<h2 class=\"wp-block-heading\">Camping Gr\u00e4chbiel<\/h2>\n\n<p>Der Tourismus Gr\u00e4chen betreibt ab Ende Juli 2023 den &#8222;Popup&#8220; Camping Gr\u00e4chbiel. Mit dem Bus oder Auto sind es 5 Minuten bis unterhalb von Gr\u00e4chen oder 20 Minuten zu Fu\u00df. Sie haben auch einige Zimmer in der neu er\u00f6ffneten &#8222;Biker Lodge&#8220;.  <\/p>\n\n<ul class=\"wp-block-list\">\n<li>Stellpl\u00e4tze f\u00fcr Wohnmobile\/Caravans<\/li>\n\n\n\n<li>Elektrischer Anschluss 230V<\/li>\n\n\n\n<li>Wasseranschluss<\/li>\n\n\n\n<li>Sanit\u00e4re Einrichtungen (WC\/Dusche)<\/li>\n<\/ul>\n\n<p>Wenden Sie sich zur Buchung direkt an den Tourismus!  <\/p>\n<a href='https:\/\/graechen.ch\/en\/Activities\/Camping' \n\t\t\ttarget='_blank' \n\t\t\tid='utmr-yellow-button-block_77195007882c42ba61cc9135a077ba79' \n\t\t\tclass='utmr-button  ur-btn-yellow has-utmr-yellow-background-color text-black block-utmr-yellow-button' >\n\t\t\t\t Info und Reservierung f\u00fcr Camping Gr\u00e4chbiel &nbsp;&nbsp;<i class='fas fa-external-link-alt'><\/i>\n\t\t\t<\/a>\n<div style=\"height:50px\" aria-hidden=\"true\" class=\"wp-block-spacer\"><\/div>\n\n<h2 class=\"wp-block-heading\">Hotel Hannigalp  <\/h2>\n\n<p><a href=\"https:\/\/hannigalp.ch\/\" target=\"_blank\" rel=\"noreferrer noopener\"><img loading=\"lazy\" decoding=\"async\" width=\"260\" height=\"85\" class=\"wp-image-45029\" style=\"width: 260px;\" src=\"https:\/\/www.ultratourmonterosa.com\/wp-content\/uploads\/2020\/12\/hannigalp-logo_neu_260x85px.jpg\" alt=\"Hotel Hannigalp 3 stars\" srcset=\"https:\/\/www.ultratourmonterosa.com\/wp-content\/uploads\/2020\/12\/hannigalp-logo_neu_260x85px.jpg 260w, https:\/\/www.ultratourmonterosa.com\/wp-content\/uploads\/2020\/12\/hannigalp-logo_neu_260x85px-100x33.jpg 100w, https:\/\/www.ultratourmonterosa.com\/wp-content\/uploads\/2020\/12\/hannigalp-logo_neu_260x85px-70x23.jpg 70w, https:\/\/www.ultratourmonterosa.com\/wp-content\/uploads\/2020\/12\/hannigalp-logo_neu_260x85px-214x70.jpg 214w, https:\/\/www.ultratourmonterosa.com\/wp-content\/uploads\/2020\/12\/hannigalp-logo_neu_260x85px-50x16.jpg 50w, https:\/\/www.ultratourmonterosa.com\/wp-content\/uploads\/2020\/12\/hannigalp-logo_neu_260x85px-153x50.jpg 153w, https:\/\/www.ultratourmonterosa.com\/wp-content\/uploads\/2020\/12\/hannigalp-logo_neu_260x85px-200x65.jpg 200w\" sizes=\"auto, (max-width: 260px) 100vw, 260px\" \/><\/a>Unser Partnerhotel in Gr\u00e4chen ist das Hotel Hannigalp ***. Es ist ca. 400m vom Ziel entfernt und ist ein sch\u00f6nes und komfortables Hotel mit freundlichem Service. Ihr k\u00f6nnt direkt an <a href=\"mailto:info@hannigalp.ch\">info@hannigalp.ch<\/a> schreiben oder euch per Telefon <a href=\"tel:+41279551000\">+41 (0)27 955 1000 <\/a> melden. Die Leute von Hannigalp k\u00f6nnen euch dabei unterst\u00fctzen, Zimmer oder Wohnungen f\u00fcr mehrere Leute zu buchen und werden euch sicherlich den bestm\u00f6glichen Preis geben. Hier k\u00f6nnt ihr alles in Erfahrung bringen, was ihr wissen wollt und man wird sicherlich die richtige Unterkunft f\u00fcr euch finden.<\/p>\n\n<div style=\"height:50px\" aria-hidden=\"true\" class=\"wp-block-spacer\"><\/div>\n\n<h2 class=\"wp-block-heading\">Andere sehr gute Hotels in Gr\u00e4chen!<\/h2>\n\n<ul class=\"wp-block-list\">\n<li><a href=\"https:\/\/www.walliserkanne-graechen.ch\/\" target=\"_blank\" rel=\"noopener noreferrer\">Hotel Walliserkanne<\/a> *** | <a href=\"mailto:info@walliserkanne-graechen.ch\" target=\"_blank\" rel=\"noopener noreferrer\">info@walliserkanne-graechen.ch<\/a> | <span class=\"tp-address-phone\">+41 27 956 25 91<\/span><\/li>\n\n\n\n<li><a href=\"https:\/\/www.hotel-gaedi.ch\/\" target=\"_blank\" rel=\"noopener noreferrer\">Hotel G\u00e4di<\/a> *** | <a href=\"mailto:info@hotel-gaedi.ch\">info@hotel-gaedi.ch<\/a> | +41 27 956 18 28<\/li>\n\n\n\n<li><a href=\"https:\/\/www.hotel-zum-see.ch\/graechen\/\" target=\"_blank\" rel=\"noopener noreferrer\">Hotel Zum See<\/a> *** | <a href=\"mailto:info@hotel-zum-see.ch\">info@hotel-zum-see.ch<\/a> | +41 27 956 24 24<\/li>\n\n\n\n<li><a href=\"https:\/\/www.graecherhof.ch\/\" target=\"_blank\" rel=\"noopener noreferrer\">Matterhorn Valley Hotel Gr\u00e4cherhof Gourmet&amp;Spa<\/a> ***S | <a href=\"mailto:info@graecherhof.ch\">info@graecherhof.ch<\/a> | +41 27 956 25 15<\/li>\n\n\n\n<li><a href=\"https:\/\/www.hoteldesiree.ch\/\" target=\"_blank\" rel=\"noopener noreferrer\">Familienhotel &amp; Spa Desir\u00e9e<\/a> ***S | <a href=\"mailto:info@hoteldesiree.ch\">info@hoteldesiree.ch<\/a> | +41 27 956 30 60<\/li>\n\n\n\n<li><a href=\"https:\/\/www.eden-hotel.ch\/\" target=\"_blank\" rel=\"noopener noreferrer\">Hotel Eden<\/a> *** | <a href=\"mailto:info@eden-hotel.ch\">info@eden-hotel.ch<\/a> | +41 27 956 26 66<\/li>\n\n\n\n<li>Hotel Walliserhof *** | +41 27 956 11 22<\/li>\n\n\n\n<li><a href=\"https:\/\/www.alpha-graechen.com\" target=\"_blank\" rel=\"noopener noreferrer\">Hotel Alfa<\/a> *** | <a href=\"mailto:hotel.alpha@sunrise.ch\" target=\"_self\" rel=\"noopener noreferrer\" data-content=\"hotel.alpha@sunrise.ch\" data-type=\"mail\">hotel.alpha@sunrise.ch<\/a> | +41 27 956 13 01<\/li>\n\n\n\n<li><a href=\"https:\/\/www.hotelalpinagraechen.ch\/en-gb\" target=\"_blank\" rel=\"noopener noreferrer\">B&amp;B Hotel Alpina<\/a> *** | <a class=\"track-email\" href=\"mailto:info@hotelalpinagraechen.ch\">info@hotelalpinagraechen.ch<\/a> | +41 27 955 26 00<\/li>\n\n\n\n<li><a href=\"https:\/\/www.hotelstutz.ch\/\" target=\"_blank\" rel=\"noopener noreferrer\">Swiss Lodge Hotel Stutz<\/a> | +41 27 956 36 57<\/li>\n\n\n\n<li><a href=\"http:\/\/www.hotel-sonne-gr%C3%A4chen.ch\/\" target=\"_blank\" rel=\"noopener noreferrer\">Hotel Sonne<\/a> | <a href=\"mailto:hotel.sonne7@bluewin.ch\" target=\"_blank\" rel=\"noopener noreferrer\">hotel.sonne7@bluewin.ch<\/a> | +41 27 956 11 07<\/li>\n\n\n\n<li><a href=\"https:\/\/alte-bock.ch\/\" target=\"_blank\" rel=\"noreferrer noopener\">Hotel Alte Bock<\/a> | +41 27 956 36 57<\/li>\n<\/ul>\n\n<div style=\"height:50px\" aria-hidden=\"true\" class=\"wp-block-spacer\"><\/div>\n\n<div style=\"height:0px\" aria-hidden=\"true\" class=\"wp-block-spacer\"><\/div>\n\n<h2 class=\"wp-block-heading\">Wohnungen oder Beratung!<\/h2>\n\n<p>F\u00fcr Wohnungen oder Beratung besucht die Webseite von <a href=\"https:\/\/www.graechen.ch\/en\/Accommodations\" target=\"_blank\" rel=\"noopener noreferrer\">Gr\u00e4chen Tourismus <\/a>!<\/p>\n","protected":false},"excerpt":{"rendered":"<p>VOR und NACH dem Rennen Alle Teilnehmenden m\u00fcssen vor und nach dem Rennen ihre eigene Unterkunft buchen. Gr\u00e4chen Gr\u00e4chen ist ein sch\u00f6nes kleines Dorf, das auf 1.600m H\u00f6he oberhalb des Matterhorntals liegt. Es hat eine gro\u00dfe Auswahl an kleinen Hotels und Apartments. Ben\u00f6tigt ihr Hilfe bei der Buchung eurer Unterkunft in Gr\u00e4chen? Hier sind eure [&hellip;]<\/p>\n","protected":false},"author":2,"featured_media":0,"parent":17485,"menu_order":18,"comment_status":"closed","ping_status":"closed","template":"","meta":{"_acf_changed":false,"footnotes":"","_wp_rev_ctl_limit":""},"class_list":["post-14507","page","type-page","status-publish","hentry"],"acf":[],"yoast_head":"<!-- This site is optimized with the Yoast SEO plugin v27.6 - https:\/\/yoast.com\/product\/yoast-seo-wordpress\/ -->\n<title>Unterkunft - Ultra Tour Monte Rosa<\/title>\n<meta name=\"robots\" content=\"index, follow, max-snippet:-1, max-image-preview:large, max-video-preview:-1\" \/>\n<link rel=\"canonical\" href=\"https:\/\/www.ultratourmonterosa.com\/de\/useful-information\/unterkunft\/\" \/>\n<meta property=\"og:locale\" content=\"de_DE\" \/>\n<meta property=\"og:type\" content=\"article\" \/>\n<meta property=\"og:title\" content=\"Unterkunft - Ultra Tour Monte Rosa\" \/>\n<meta property=\"og:description\" content=\"VOR und NACH dem Rennen Alle Teilnehmenden m\u00fcssen vor und nach dem Rennen ihre eigene Unterkunft buchen. Gr\u00e4chen Gr\u00e4chen ist ein sch\u00f6nes kleines Dorf, das auf 1.600m H\u00f6he oberhalb des Matterhorntals liegt. Es hat eine gro\u00dfe Auswahl an kleinen Hotels und Apartments. Ben\u00f6tigt ihr Hilfe bei der Buchung eurer Unterkunft in Gr\u00e4chen? Hier sind eure [&hellip;]\" \/>\n<meta property=\"og:url\" content=\"https:\/\/www.ultratourmonterosa.com\/de\/useful-information\/unterkunft\/\" \/>\n<meta property=\"og:site_name\" content=\"Ultra Tour Monte Rosa\" \/>\n<meta property=\"article:publisher\" content=\"https:\/\/www.facebook.com\/UltraTourMonteRosa\/\" \/>\n<meta property=\"article:modified_time\" content=\"2024-05-08T11:51:16+00:00\" \/>\n<meta property=\"og:image\" content=\"https:\/\/www.ultratourmonterosa.com\/wp-content\/uploads\/2020\/12\/hannigalp-logo_neu_260x85px.jpg\" \/>\n<meta name=\"twitter:card\" content=\"summary_large_image\" \/>\n<meta name=\"twitter:site\" content=\"@UltraMonteRosa\" \/>\n<meta name=\"twitter:label1\" content=\"Gesch\u00e4tzte Lesezeit\" \/>\n\t<meta name=\"twitter:data1\" content=\"2\u00a0Minuten\" \/>\n<script type=\"application\/ld+json\" class=\"yoast-schema-graph\">{\"@context\":\"https:\\\/\\\/schema.org\",\"@graph\":[{\"@type\":\"WebPage\",\"@id\":\"https:\\\/\\\/www.ultratourmonterosa.com\\\/de\\\/useful-information\\\/unterkunft\\\/\",\"url\":\"https:\\\/\\\/www.ultratourmonterosa.com\\\/de\\\/useful-information\\\/unterkunft\\\/\",\"name\":\"Unterkunft - Ultra Tour Monte Rosa\",\"isPartOf\":{\"@id\":\"https:\\\/\\\/www.ultratourmonterosa.com\\\/#website\"},\"primaryImageOfPage\":{\"@id\":\"https:\\\/\\\/www.ultratourmonterosa.com\\\/de\\\/useful-information\\\/unterkunft\\\/#primaryimage\"},\"image\":{\"@id\":\"https:\\\/\\\/www.ultratourmonterosa.com\\\/de\\\/useful-information\\\/unterkunft\\\/#primaryimage\"},\"thumbnailUrl\":\"https:\\\/\\\/www.ultratourmonterosa.com\\\/wp-content\\\/uploads\\\/2020\\\/12\\\/hannigalp-logo_neu_260x85px.jpg\",\"datePublished\":\"2015-10-11T05:56:32+00:00\",\"dateModified\":\"2024-05-08T11:51:16+00:00\",\"breadcrumb\":{\"@id\":\"https:\\\/\\\/www.ultratourmonterosa.com\\\/de\\\/useful-information\\\/unterkunft\\\/#breadcrumb\"},\"inLanguage\":\"de\",\"potentialAction\":[{\"@type\":\"ReadAction\",\"target\":[\"https:\\\/\\\/www.ultratourmonterosa.com\\\/de\\\/useful-information\\\/unterkunft\\\/\"]}]},{\"@type\":\"ImageObject\",\"inLanguage\":\"de\",\"@id\":\"https:\\\/\\\/www.ultratourmonterosa.com\\\/de\\\/useful-information\\\/unterkunft\\\/#primaryimage\",\"url\":\"https:\\\/\\\/www.ultratourmonterosa.com\\\/wp-content\\\/uploads\\\/2020\\\/12\\\/hannigalp-logo_neu_260x85px.jpg\",\"contentUrl\":\"https:\\\/\\\/www.ultratourmonterosa.com\\\/wp-content\\\/uploads\\\/2020\\\/12\\\/hannigalp-logo_neu_260x85px.jpg\"},{\"@type\":\"BreadcrumbList\",\"@id\":\"https:\\\/\\\/www.ultratourmonterosa.com\\\/de\\\/useful-information\\\/unterkunft\\\/#breadcrumb\",\"itemListElement\":[{\"@type\":\"ListItem\",\"position\":1,\"name\":\"Home\",\"item\":\"https:\\\/\\\/www.ultratourmonterosa.com\\\/de\\\/\"},{\"@type\":\"ListItem\",\"position\":2,\"name\":\"USEFUL INFORMATION\",\"item\":\"https:\\\/\\\/www.ultratourmonterosa.com\\\/de\\\/useful-information\\\/\"},{\"@type\":\"ListItem\",\"position\":3,\"name\":\"Unterkunft\"}]},{\"@type\":\"WebSite\",\"@id\":\"https:\\\/\\\/www.ultratourmonterosa.com\\\/#website\",\"url\":\"https:\\\/\\\/www.ultratourmonterosa.com\\\/\",\"name\":\"Ultra Tour Monte Rosa\",\"description\":\"3-6 September 2025\",\"publisher\":{\"@id\":\"https:\\\/\\\/www.ultratourmonterosa.com\\\/#organization\"},\"potentialAction\":[{\"@type\":\"SearchAction\",\"target\":{\"@type\":\"EntryPoint\",\"urlTemplate\":\"https:\\\/\\\/www.ultratourmonterosa.com\\\/?s={search_term_string}\"},\"query-input\":{\"@type\":\"PropertyValueSpecification\",\"valueRequired\":true,\"valueName\":\"search_term_string\"}}],\"inLanguage\":\"de\"},{\"@type\":\"Organization\",\"@id\":\"https:\\\/\\\/www.ultratourmonterosa.com\\\/#organization\",\"name\":\"Ultra Tour Monte Rosa\",\"url\":\"https:\\\/\\\/www.ultratourmonterosa.com\\\/\",\"logo\":{\"@type\":\"ImageObject\",\"inLanguage\":\"de\",\"@id\":\"https:\\\/\\\/www.ultratourmonterosa.com\\\/#\\\/schema\\\/logo\\\/image\\\/\",\"url\":\"https:\\\/\\\/www.ultratourmonterosa.com\\\/wp-content\\\/uploads\\\/2024\\\/09\\\/UTMR-logo-300px-1.png\",\"contentUrl\":\"https:\\\/\\\/www.ultratourmonterosa.com\\\/wp-content\\\/uploads\\\/2024\\\/09\\\/UTMR-logo-300px-1.png\",\"width\":300,\"height\":300,\"caption\":\"Ultra Tour Monte Rosa\"},\"image\":{\"@id\":\"https:\\\/\\\/www.ultratourmonterosa.com\\\/#\\\/schema\\\/logo\\\/image\\\/\"},\"sameAs\":[\"https:\\\/\\\/www.facebook.com\\\/UltraTourMonteRosa\\\/\",\"https:\\\/\\\/x.com\\\/UltraMonteRosa\"]}]}<\/script>\n<!-- \/ Yoast SEO plugin. -->","yoast_head_json":{"title":"Unterkunft - Ultra Tour Monte Rosa","robots":{"index":"index","follow":"follow","max-snippet":"max-snippet:-1","max-image-preview":"max-image-preview:large","max-video-preview":"max-video-preview:-1"},"canonical":"https:\/\/www.ultratourmonterosa.com\/de\/useful-information\/unterkunft\/","og_locale":"de_DE","og_type":"article","og_title":"Unterkunft - Ultra Tour Monte Rosa","og_description":"VOR und NACH dem Rennen Alle Teilnehmenden m\u00fcssen vor und nach dem Rennen ihre eigene Unterkunft buchen. Gr\u00e4chen Gr\u00e4chen ist ein sch\u00f6nes kleines Dorf, das auf 1.600m H\u00f6he oberhalb des Matterhorntals liegt. Es hat eine gro\u00dfe Auswahl an kleinen Hotels und Apartments. Ben\u00f6tigt ihr Hilfe bei der Buchung eurer Unterkunft in Gr\u00e4chen? Hier sind eure [&hellip;]","og_url":"https:\/\/www.ultratourmonterosa.com\/de\/useful-information\/unterkunft\/","og_site_name":"Ultra Tour Monte Rosa","article_publisher":"https:\/\/www.facebook.com\/UltraTourMonteRosa\/","article_modified_time":"2024-05-08T11:51:16+00:00","og_image":[{"url":"https:\/\/www.ultratourmonterosa.com\/wp-content\/uploads\/2020\/12\/hannigalp-logo_neu_260x85px.jpg","type":"","width":"","height":""}],"twitter_card":"summary_large_image","twitter_site":"@UltraMonteRosa","twitter_misc":{"Gesch\u00e4tzte Lesezeit":"2\u00a0Minuten"},"schema":{"@context":"https:\/\/schema.org","@graph":[{"@type":"WebPage","@id":"https:\/\/www.ultratourmonterosa.com\/de\/useful-information\/unterkunft\/","url":"https:\/\/www.ultratourmonterosa.com\/de\/useful-information\/unterkunft\/","name":"Unterkunft - Ultra Tour Monte Rosa","isPartOf":{"@id":"https:\/\/www.ultratourmonterosa.com\/#website"},"primaryImageOfPage":{"@id":"https:\/\/www.ultratourmonterosa.com\/de\/useful-information\/unterkunft\/#primaryimage"},"image":{"@id":"https:\/\/www.ultratourmonterosa.com\/de\/useful-information\/unterkunft\/#primaryimage"},"thumbnailUrl":"https:\/\/www.ultratourmonterosa.com\/wp-content\/uploads\/2020\/12\/hannigalp-logo_neu_260x85px.jpg","datePublished":"2015-10-11T05:56:32+00:00","dateModified":"2024-05-08T11:51:16+00:00","breadcrumb":{"@id":"https:\/\/www.ultratourmonterosa.com\/de\/useful-information\/unterkunft\/#breadcrumb"},"inLanguage":"de","potentialAction":[{"@type":"ReadAction","target":["https:\/\/www.ultratourmonterosa.com\/de\/useful-information\/unterkunft\/"]}]},{"@type":"ImageObject","inLanguage":"de","@id":"https:\/\/www.ultratourmonterosa.com\/de\/useful-information\/unterkunft\/#primaryimage","url":"https:\/\/www.ultratourmonterosa.com\/wp-content\/uploads\/2020\/12\/hannigalp-logo_neu_260x85px.jpg","contentUrl":"https:\/\/www.ultratourmonterosa.com\/wp-content\/uploads\/2020\/12\/hannigalp-logo_neu_260x85px.jpg"},{"@type":"BreadcrumbList","@id":"https:\/\/www.ultratourmonterosa.com\/de\/useful-information\/unterkunft\/#breadcrumb","itemListElement":[{"@type":"ListItem","position":1,"name":"Home","item":"https:\/\/www.ultratourmonterosa.com\/de\/"},{"@type":"ListItem","position":2,"name":"USEFUL INFORMATION","item":"https:\/\/www.ultratourmonterosa.com\/de\/useful-information\/"},{"@type":"ListItem","position":3,"name":"Unterkunft"}]},{"@type":"WebSite","@id":"https:\/\/www.ultratourmonterosa.com\/#website","url":"https:\/\/www.ultratourmonterosa.com\/","name":"Ultra Tour Monte Rosa","description":"3-6 September 2025","publisher":{"@id":"https:\/\/www.ultratourmonterosa.com\/#organization"},"potentialAction":[{"@type":"SearchAction","target":{"@type":"EntryPoint","urlTemplate":"https:\/\/www.ultratourmonterosa.com\/?s={search_term_string}"},"query-input":{"@type":"PropertyValueSpecification","valueRequired":true,"valueName":"search_term_string"}}],"inLanguage":"de"},{"@type":"Organization","@id":"https:\/\/www.ultratourmonterosa.com\/#organization","name":"Ultra Tour Monte Rosa","url":"https:\/\/www.ultratourmonterosa.com\/","logo":{"@type":"ImageObject","inLanguage":"de","@id":"https:\/\/www.ultratourmonterosa.com\/#\/schema\/logo\/image\/","url":"https:\/\/www.ultratourmonterosa.com\/wp-content\/uploads\/2024\/09\/UTMR-logo-300px-1.png","contentUrl":"https:\/\/www.ultratourmonterosa.com\/wp-content\/uploads\/2024\/09\/UTMR-logo-300px-1.png","width":300,"height":300,"caption":"Ultra Tour Monte Rosa"},"image":{"@id":"https:\/\/www.ultratourmonterosa.com\/#\/schema\/logo\/image\/"},"sameAs":["https:\/\/www.facebook.com\/UltraTourMonteRosa\/","https:\/\/x.com\/UltraMonteRosa"]}]}},"jetpack_shortlink":"https:\/\/wp.me\/P4DSVg-3LZ","jetpack_sharing_enabled":true,"_links":{"self":[{"href":"https:\/\/www.ultratourmonterosa.com\/de\/wp-json\/wp\/v2\/pages\/14507","targetHints":{"allow":["GET"]}}],"collection":[{"href":"https:\/\/www.ultratourmonterosa.com\/de\/wp-json\/wp\/v2\/pages"}],"about":[{"href":"https:\/\/www.ultratourmonterosa.com\/de\/wp-json\/wp\/v2\/types\/page"}],"author":[{"embeddable":true,"href":"https:\/\/www.ultratourmonterosa.com\/de\/wp-json\/wp\/v2\/users\/2"}],"replies":[{"embeddable":true,"href":"https:\/\/www.ultratourmonterosa.com\/de\/wp-json\/wp\/v2\/comments?post=14507"}],"version-history":[{"count":5,"href":"https:\/\/www.ultratourmonterosa.com\/de\/wp-json\/wp\/v2\/pages\/14507\/revisions"}],"predecessor-version":[{"id":50579,"href":"https:\/\/www.ultratourmonterosa.com\/de\/wp-json\/wp\/v2\/pages\/14507\/revisions\/50579"}],"up":[{"embeddable":true,"href":"https:\/\/www.ultratourmonterosa.com\/de\/wp-json\/wp\/v2\/pages\/17485"}],"wp:attachment":[{"href":"https:\/\/www.ultratourmonterosa.com\/de\/wp-json\/wp\/v2\/media?parent=14507"}],"curies":[{"name":"wp","href":"https:\/\/api.w.org\/{rel}","templated":true}]}}