{"id":17448,"date":"2015-04-01T08:53:35","date_gmt":"2015-04-01T03:08:35","guid":{"rendered":"https:\/\/utmr.run\/de\/terms-and-conditions\/"},"modified":"2024-05-08T17:05:22","modified_gmt":"2024-05-08T11:20:22","slug":"bedingungen","status":"publish","type":"page","link":"https:\/\/www.ultratourmonterosa.com\/de\/bedingungen\/","title":{"rendered":"Allgemeine Gesch\u00e4ftsbedingungen"},"content":{"rendered":"<p>Nach Einreichung des Anmeldeformulars:-<\/p>\n<p>Der Teilnehmer reicht eine eigenwillige und verbindliche Anmeldung f\u00fcr die Ultra Tour Monte Rosa (&#8222;die Veranstaltung&#8220;) ein, wie sie von der KORA Explore GmbH (&#8222;die Organisation&#8220;) organisiert wird.<\/p>\n<p>Der Teilnehmer versteht die Anforderungen der Veranstaltung und garantiert, dass er \u00fcber die notwendigen F\u00e4higkeiten und Erfahrungen verf\u00fcgt.<\/p>\n<p>Schadensersatzanspr\u00fcche des Teilnehmers gegen den Veranstalter, gleich aus welchem Rechtsgrund, sind ausgeschlossen. Jeder Teilnehmer verpflichtet sich, auf alle Rechtsanspr\u00fcche gegen den Veranstalter oder Veranstalter sowie deren Helfer oder Agenten zu verzichten. Dies gilt nicht, wenn der Veranstalter, seine gesetzlichen Vertreter oder seine Erf\u00fcllungsgehilfen bei der Erf\u00fcllung ihrer Pflichten vors\u00e4tzlich oder grob fahrl\u00e4ssig gehandelt haben oder wenn der Veranstalter f\u00fcr zu bauliche Sch\u00e4den aus Verletzungen des Lebens, des K\u00f6rpers oder der Gesundheit einer Person oder der Verletzung konstitutiver Vertragspflichten verantwortlich ist.<\/p>\n<p>Der Teilnehmer erkl\u00e4rt sich bereit, auf anordnung der Organisation Pr\u00fcfungen und Inspektionen an seiner Person und der obligatorischen Ausr\u00fcstung unterzogen zu werden.<\/p>\n<p>Der Teilnehmer kennt, versteht und erkennt die Teilnahmebedingungen und die Regeln und Verordnungen vollst\u00e4ndig an. Der Teilnehmer best\u00e4tigt ausdr\u00fccklich, dass er die Regeln und Vorschriften vollst\u00e4ndig gelesen und verstanden hat.<\/p>\n<p>In Anbetracht der M\u00f6glichkeit, an der Veranstaltung teilzunehmen, gew\u00e4hrt der Teilnehmer dem Veranstalter hiermit eine alleinige Lizenz zur Nutzung und Nutzung von Fotos, Bildern, Videos oder anderen Medien, die sich aus der Veranstaltung in der ganzen Welt und in allen Medien ergeben oder mit dieser verbunden sind.<\/p>\n<p>Der Teilnehmer stimmt der Ver\u00f6ffentlichung seines w\u00e4hrend der Veranstaltung erhaltenen \u00f6ffentlichen Rankings mit seinem Namen zu.<\/p>\n<p>Mit der Ver\u00f6ffentlichung einer E-Mail-Adresse erlaubt der Teilnehmer dem Veranstalter wissentlich, diese E-Mail-Adresse zu verwenden, um zus\u00e4tzliche Veranstaltungsinformationen zu senden.<\/p>\n<p>Der Veranstalter haftet nicht f\u00fcr Gesundheitsrisiken eines Teilnehmers, die in irgendeiner Weise mit der Teilnahme an der Veranstaltung verbunden sind. Es obliegt dem Teilnehmer, sicherzustellen, dass er bei guter Gesundheit ist, und der Teilnehmer garantiert und verpflichtet sich, dies zu tun.<\/p>\n<p>Der Teilnehmer hat seine eigene obligatorische Ausr\u00fcstung gem\u00e4\u00df den Regeln und Vorschriften zu \u00fcbernehmen.<\/p>\n<p>Der Teilnehmer akzeptiert, dass die Teilnahme an der Veranstaltung auf eigenes Risiko erfolgt und dass ein angemessener pers\u00f6nlicher Versicherungsschutz (g\u00fcltig im Ausland) im Falle eines Unfalls oder einer Verletzung besteht.<\/p>\n<p>Mit dem Start der Veranstaltung best\u00e4tigt der Teilnehmer, dass er keine gesundheitlichen Bedenken kennt, die seine\/ihre Teilnahme an der Veranstaltung untergraben w\u00fcrden, und dass sein k\u00f6rperliches Leistungsniveau den Anforderungen entspricht, die ein solches alpines Langstreckenrennen an K\u00f6rper und Geist richtet.<\/p>\n<p>Der Veranstalter haftet nicht f\u00fcr verlorene Wertsachen, Kleidung oder Ausr\u00fcstung.<\/p>\n<p>Der Veranstalter haftet nicht f\u00fcr Verz\u00f6gerungen bei der Erf\u00fcllung oder Nichterf\u00fcllung seiner Verpflichtungen in Bezug auf das Ereignis, wenn diese Verz\u00f6gerung oder dieser Ausfall auf Ereignisse, Umst\u00e4nde oder Ursachen zur\u00fcckzuf\u00fchren ist, die au\u00dferhalb seiner angemessenen Kontrolle liegen. Der Veranstalter lehnt ferner jegliche Haftung f\u00fcr Sch\u00e4den ab, die entstehen k\u00f6nnen, weil ein Teilnehmer durch gesetzliche Vorschriften und\/oder beh\u00f6rdliche Anordnungen zur Teilnahme an der Veranstaltung verhindert wird.<\/p>\n<p>Alle Teilnehmer m\u00fcssen nach der Veranstaltung am Ziel zum Veranstalter den ausgestellten Timing-Chip zur\u00fcckgeben.<\/p>\n<p>Kosten f\u00fcr Dienstleistungen Dritter, z.B. Rettungsdienste, sind vom Teilnehmer zu tragen. Der Veranstalter beh\u00e4lt sich das Recht vor, dem Teilnehmer diese Kosten in Rechnung zu stellen, und der Teilnehmer stellt den Veranstalter f\u00fcr die Kosten frei, die dem Veranstalter im Namen des Teilnehmers entstehen k\u00f6nnten. Es wird dringend empfohlen, eine private Krankenversicherung (g\u00fcltig im Ausland) zu haben, die Hubschrauberrettung und Patiententransport nach Hause abdeckt.<\/p>\n<p>Jeder Teilnehmer akzeptiert, dass w\u00e4hrend der Veranstaltung jederzeit Kontrollen der obligatorischen Ausr\u00fcstung durchgef\u00fchrt werden k\u00f6nnen und das Fehlen einer obligatorischen Ausr\u00fcstung zur Disqualifikation f\u00fchren kann. Der Teilnehmer akzeptiert daf\u00fcr das Urteil der Organisation.<\/p>\n<p>Jeder Teilnehmer entlastet den Veranstalter von jeglicher Verantwortung f\u00fcr Sach- und Personensch\u00e4den, einschlie\u00dflich K\u00f6rperverletzung und\/oder Tod. Jeder Teilnehmer tr\u00e4gt die gesamte und ausschlie\u00dfliche Verantwortung f\u00fcr Sch\u00e4den, die an Dritten oder Dritten entstehen. Jeder Teilnehmer erkl\u00e4rt sich damit einverstanden, dass der Veranstalter gegen\u00fcber dem Teilnehmer gegen\u00fcber nicht f\u00fcr Handlungen von Zuschauern oder Dritten an der Veranstaltung haftet.<\/p>\n<p>Der Veranstalter ist berechtigt, mit einem oder allen seinen Rechten und Pflichten auf andere Weise abtreten, zu lizenzieren oder zu handeln.<\/p>\n<p>Diese Gesch\u00e4ftsbedingungen und alle Streitigkeiten oder Anspr\u00fcche, die sich aus oder in Verbindung mit ihnen oder ihrem Gegenstand oder ihrer Entstehung (einschlie\u00dflich au\u00dfervertraglicher Streitigkeiten oder Anspr\u00fcche) ergeben, unterliegen dem schweizerischen Recht und werden entsprechend ausgelegt. Jede Partei erkl\u00e4rt sich unwiderruflich damit einverstanden, dass die Gerichte der Schweiz ausschlie\u00dflich f\u00fcr die Beilegung von Streitigkeiten oder Anspr\u00fcchen zust\u00e4ndig sind, die sich aus oder im Zusammenhang mit dieser Vereinbarung oder ihrem Gegenstand oder ihrer Entstehung (einschlie\u00dflich au\u00dfervertraglicher Streitigkeiten oder Anspr\u00fcche) ergeben.<\/p>\n","protected":false},"excerpt":{"rendered":"<p>Nach Einreichung des Anmeldeformulars:- Der Teilnehmer reicht eine eigenwillige und verbindliche Anmeldung f\u00fcr die Ultra Tour Monte Rosa (&#8222;die Veranstaltung&#8220;) ein, wie sie von der KORA Explore GmbH (&#8222;die Organisation&#8220;) organisiert wird. Der Teilnehmer versteht die Anforderungen der Veranstaltung und garantiert, dass er \u00fcber die notwendigen F\u00e4higkeiten und Erfahrungen verf\u00fcgt. Schadensersatzanspr\u00fcche des Teilnehmers gegen den [&hellip;]<\/p>\n","protected":false},"author":2,"featured_media":17094,"parent":0,"menu_order":5,"comment_status":"closed","ping_status":"closed","template":"","meta":{"_acf_changed":false,"jetpack_post_was_ever_published":false,"footnotes":"","_wp_rev_ctl_limit":""},"class_list":["post-17448","page","type-page","status-publish","has-post-thumbnail","hentry"],"acf":[],"yoast_head":"<!-- This site is optimized with the Yoast SEO plugin v27.3 - https:\/\/yoast.com\/product\/yoast-seo-wordpress\/ -->\n<title>Allgemeine Gesch\u00e4ftsbedingungen - Ultra Tour Monte Rosa<\/title>\n<meta name=\"robots\" content=\"index, follow, max-snippet:-1, max-image-preview:large, max-video-preview:-1\" \/>\n<link rel=\"canonical\" href=\"https:\/\/www.ultratourmonterosa.com\/de\/bedingungen\/\" \/>\n<meta property=\"og:locale\" content=\"de_DE\" \/>\n<meta property=\"og:type\" content=\"article\" \/>\n<meta property=\"og:title\" content=\"Allgemeine Gesch\u00e4ftsbedingungen - Ultra Tour Monte Rosa\" \/>\n<meta property=\"og:description\" content=\"Nach Einreichung des Anmeldeformulars:- Der Teilnehmer reicht eine eigenwillige und verbindliche Anmeldung f\u00fcr die Ultra Tour Monte Rosa (&#8222;die Veranstaltung&#8220;) ein, wie sie von der KORA Explore GmbH (&#8222;die Organisation&#8220;) organisiert wird. Der Teilnehmer versteht die Anforderungen der Veranstaltung und garantiert, dass er \u00fcber die notwendigen F\u00e4higkeiten und Erfahrungen verf\u00fcgt. Schadensersatzanspr\u00fcche des Teilnehmers gegen den [&hellip;]\" \/>\n<meta property=\"og:url\" content=\"https:\/\/www.ultratourmonterosa.com\/de\/bedingungen\/\" \/>\n<meta property=\"og:site_name\" content=\"Ultra Tour Monte Rosa\" \/>\n<meta property=\"article:publisher\" content=\"https:\/\/www.facebook.com\/UltraTourMonteRosa\/\" \/>\n<meta property=\"article:modified_time\" content=\"2024-05-08T11:20:22+00:00\" \/>\n<meta property=\"og:image\" content=\"https:\/\/www.ultratourmonterosa.com\/wp-content\/uploads\/2015\/10\/UTMR-2015-Day-3-IMG_1481-LBelcher-WEB-2.jpg\" \/>\n\t<meta property=\"og:image:width\" content=\"1600\" \/>\n\t<meta property=\"og:image:height\" content=\"1066\" \/>\n\t<meta property=\"og:image:type\" content=\"image\/jpeg\" \/>\n<meta name=\"twitter:card\" content=\"summary_large_image\" \/>\n<meta name=\"twitter:site\" content=\"@UltraMonteRosa\" \/>\n<meta name=\"twitter:label1\" content=\"Gesch\u00e4tzte Lesezeit\" \/>\n\t<meta name=\"twitter:data1\" content=\"4\u00a0Minuten\" \/>\n<script type=\"application\/ld+json\" class=\"yoast-schema-graph\">{\"@context\":\"https:\\\/\\\/schema.org\",\"@graph\":[{\"@type\":\"WebPage\",\"@id\":\"https:\\\/\\\/www.ultratourmonterosa.com\\\/de\\\/bedingungen\\\/\",\"url\":\"https:\\\/\\\/www.ultratourmonterosa.com\\\/de\\\/bedingungen\\\/\",\"name\":\"Allgemeine Gesch\u00e4ftsbedingungen - Ultra Tour Monte Rosa\",\"isPartOf\":{\"@id\":\"https:\\\/\\\/www.ultratourmonterosa.com\\\/#website\"},\"primaryImageOfPage\":{\"@id\":\"https:\\\/\\\/www.ultratourmonterosa.com\\\/de\\\/bedingungen\\\/#primaryimage\"},\"image\":{\"@id\":\"https:\\\/\\\/www.ultratourmonterosa.com\\\/de\\\/bedingungen\\\/#primaryimage\"},\"thumbnailUrl\":\"https:\\\/\\\/www.ultratourmonterosa.com\\\/wp-content\\\/uploads\\\/2015\\\/10\\\/UTMR-2015-Day-3-IMG_1481-LBelcher-WEB-2.jpg\",\"datePublished\":\"2015-04-01T03:08:35+00:00\",\"dateModified\":\"2024-05-08T11:20:22+00:00\",\"breadcrumb\":{\"@id\":\"https:\\\/\\\/www.ultratourmonterosa.com\\\/de\\\/bedingungen\\\/#breadcrumb\"},\"inLanguage\":\"de\",\"potentialAction\":[{\"@type\":\"ReadAction\",\"target\":[\"https:\\\/\\\/www.ultratourmonterosa.com\\\/de\\\/bedingungen\\\/\"]}]},{\"@type\":\"ImageObject\",\"inLanguage\":\"de\",\"@id\":\"https:\\\/\\\/www.ultratourmonterosa.com\\\/de\\\/bedingungen\\\/#primaryimage\",\"url\":\"https:\\\/\\\/www.ultratourmonterosa.com\\\/wp-content\\\/uploads\\\/2015\\\/10\\\/UTMR-2015-Day-3-IMG_1481-LBelcher-WEB-2.jpg\",\"contentUrl\":\"https:\\\/\\\/www.ultratourmonterosa.com\\\/wp-content\\\/uploads\\\/2015\\\/10\\\/UTMR-2015-Day-3-IMG_1481-LBelcher-WEB-2.jpg\",\"width\":1600,\"height\":1066,\"caption\":\"Ein fr\u00fchmorgendlicher Start im Jahr 2015!\"},{\"@type\":\"BreadcrumbList\",\"@id\":\"https:\\\/\\\/www.ultratourmonterosa.com\\\/de\\\/bedingungen\\\/#breadcrumb\",\"itemListElement\":[{\"@type\":\"ListItem\",\"position\":1,\"name\":\"Home\",\"item\":\"https:\\\/\\\/www.ultratourmonterosa.com\\\/de\\\/\"},{\"@type\":\"ListItem\",\"position\":2,\"name\":\"Allgemeine Gesch\u00e4ftsbedingungen\"}]},{\"@type\":\"WebSite\",\"@id\":\"https:\\\/\\\/www.ultratourmonterosa.com\\\/#website\",\"url\":\"https:\\\/\\\/www.ultratourmonterosa.com\\\/\",\"name\":\"Ultra Tour Monte Rosa\",\"description\":\"3-6 September 2025\",\"publisher\":{\"@id\":\"https:\\\/\\\/www.ultratourmonterosa.com\\\/#organization\"},\"potentialAction\":[{\"@type\":\"SearchAction\",\"target\":{\"@type\":\"EntryPoint\",\"urlTemplate\":\"https:\\\/\\\/www.ultratourmonterosa.com\\\/?s={search_term_string}\"},\"query-input\":{\"@type\":\"PropertyValueSpecification\",\"valueRequired\":true,\"valueName\":\"search_term_string\"}}],\"inLanguage\":\"de\"},{\"@type\":\"Organization\",\"@id\":\"https:\\\/\\\/www.ultratourmonterosa.com\\\/#organization\",\"name\":\"Ultra Tour Monte Rosa\",\"url\":\"https:\\\/\\\/www.ultratourmonterosa.com\\\/\",\"logo\":{\"@type\":\"ImageObject\",\"inLanguage\":\"de\",\"@id\":\"https:\\\/\\\/www.ultratourmonterosa.com\\\/#\\\/schema\\\/logo\\\/image\\\/\",\"url\":\"https:\\\/\\\/www.ultratourmonterosa.com\\\/wp-content\\\/uploads\\\/2024\\\/09\\\/UTMR-logo-300px-1.png\",\"contentUrl\":\"https:\\\/\\\/www.ultratourmonterosa.com\\\/wp-content\\\/uploads\\\/2024\\\/09\\\/UTMR-logo-300px-1.png\",\"width\":300,\"height\":300,\"caption\":\"Ultra Tour Monte Rosa\"},\"image\":{\"@id\":\"https:\\\/\\\/www.ultratourmonterosa.com\\\/#\\\/schema\\\/logo\\\/image\\\/\"},\"sameAs\":[\"https:\\\/\\\/www.facebook.com\\\/UltraTourMonteRosa\\\/\",\"https:\\\/\\\/x.com\\\/UltraMonteRosa\"]}]}<\/script>\n<!-- \/ Yoast SEO plugin. -->","yoast_head_json":{"title":"Allgemeine Gesch\u00e4ftsbedingungen - Ultra Tour Monte Rosa","robots":{"index":"index","follow":"follow","max-snippet":"max-snippet:-1","max-image-preview":"max-image-preview:large","max-video-preview":"max-video-preview:-1"},"canonical":"https:\/\/www.ultratourmonterosa.com\/de\/bedingungen\/","og_locale":"de_DE","og_type":"article","og_title":"Allgemeine Gesch\u00e4ftsbedingungen - Ultra Tour Monte Rosa","og_description":"Nach Einreichung des Anmeldeformulars:- Der Teilnehmer reicht eine eigenwillige und verbindliche Anmeldung f\u00fcr die Ultra Tour Monte Rosa (&#8222;die Veranstaltung&#8220;) ein, wie sie von der KORA Explore GmbH (&#8222;die Organisation&#8220;) organisiert wird. Der Teilnehmer versteht die Anforderungen der Veranstaltung und garantiert, dass er \u00fcber die notwendigen F\u00e4higkeiten und Erfahrungen verf\u00fcgt. Schadensersatzanspr\u00fcche des Teilnehmers gegen den [&hellip;]","og_url":"https:\/\/www.ultratourmonterosa.com\/de\/bedingungen\/","og_site_name":"Ultra Tour Monte Rosa","article_publisher":"https:\/\/www.facebook.com\/UltraTourMonteRosa\/","article_modified_time":"2024-05-08T11:20:22+00:00","og_image":[{"width":1600,"height":1066,"url":"https:\/\/www.ultratourmonterosa.com\/wp-content\/uploads\/2015\/10\/UTMR-2015-Day-3-IMG_1481-LBelcher-WEB-2.jpg","type":"image\/jpeg"}],"twitter_card":"summary_large_image","twitter_site":"@UltraMonteRosa","twitter_misc":{"Gesch\u00e4tzte Lesezeit":"4\u00a0Minuten"},"schema":{"@context":"https:\/\/schema.org","@graph":[{"@type":"WebPage","@id":"https:\/\/www.ultratourmonterosa.com\/de\/bedingungen\/","url":"https:\/\/www.ultratourmonterosa.com\/de\/bedingungen\/","name":"Allgemeine Gesch\u00e4ftsbedingungen - Ultra Tour Monte Rosa","isPartOf":{"@id":"https:\/\/www.ultratourmonterosa.com\/#website"},"primaryImageOfPage":{"@id":"https:\/\/www.ultratourmonterosa.com\/de\/bedingungen\/#primaryimage"},"image":{"@id":"https:\/\/www.ultratourmonterosa.com\/de\/bedingungen\/#primaryimage"},"thumbnailUrl":"https:\/\/www.ultratourmonterosa.com\/wp-content\/uploads\/2015\/10\/UTMR-2015-Day-3-IMG_1481-LBelcher-WEB-2.jpg","datePublished":"2015-04-01T03:08:35+00:00","dateModified":"2024-05-08T11:20:22+00:00","breadcrumb":{"@id":"https:\/\/www.ultratourmonterosa.com\/de\/bedingungen\/#breadcrumb"},"inLanguage":"de","potentialAction":[{"@type":"ReadAction","target":["https:\/\/www.ultratourmonterosa.com\/de\/bedingungen\/"]}]},{"@type":"ImageObject","inLanguage":"de","@id":"https:\/\/www.ultratourmonterosa.com\/de\/bedingungen\/#primaryimage","url":"https:\/\/www.ultratourmonterosa.com\/wp-content\/uploads\/2015\/10\/UTMR-2015-Day-3-IMG_1481-LBelcher-WEB-2.jpg","contentUrl":"https:\/\/www.ultratourmonterosa.com\/wp-content\/uploads\/2015\/10\/UTMR-2015-Day-3-IMG_1481-LBelcher-WEB-2.jpg","width":1600,"height":1066,"caption":"Ein fr\u00fchmorgendlicher Start im Jahr 2015!"},{"@type":"BreadcrumbList","@id":"https:\/\/www.ultratourmonterosa.com\/de\/bedingungen\/#breadcrumb","itemListElement":[{"@type":"ListItem","position":1,"name":"Home","item":"https:\/\/www.ultratourmonterosa.com\/de\/"},{"@type":"ListItem","position":2,"name":"Allgemeine Gesch\u00e4ftsbedingungen"}]},{"@type":"WebSite","@id":"https:\/\/www.ultratourmonterosa.com\/#website","url":"https:\/\/www.ultratourmonterosa.com\/","name":"Ultra Tour Monte Rosa","description":"3-6 September 2025","publisher":{"@id":"https:\/\/www.ultratourmonterosa.com\/#organization"},"potentialAction":[{"@type":"SearchAction","target":{"@type":"EntryPoint","urlTemplate":"https:\/\/www.ultratourmonterosa.com\/?s={search_term_string}"},"query-input":{"@type":"PropertyValueSpecification","valueRequired":true,"valueName":"search_term_string"}}],"inLanguage":"de"},{"@type":"Organization","@id":"https:\/\/www.ultratourmonterosa.com\/#organization","name":"Ultra Tour Monte Rosa","url":"https:\/\/www.ultratourmonterosa.com\/","logo":{"@type":"ImageObject","inLanguage":"de","@id":"https:\/\/www.ultratourmonterosa.com\/#\/schema\/logo\/image\/","url":"https:\/\/www.ultratourmonterosa.com\/wp-content\/uploads\/2024\/09\/UTMR-logo-300px-1.png","contentUrl":"https:\/\/www.ultratourmonterosa.com\/wp-content\/uploads\/2024\/09\/UTMR-logo-300px-1.png","width":300,"height":300,"caption":"Ultra Tour Monte Rosa"},"image":{"@id":"https:\/\/www.ultratourmonterosa.com\/#\/schema\/logo\/image\/"},"sameAs":["https:\/\/www.facebook.com\/UltraTourMonteRosa\/","https:\/\/x.com\/UltraMonteRosa"]}]}},"jetpack_shortlink":"https:\/\/wp.me\/P4DSVg-4xq","jetpack_sharing_enabled":true,"_links":{"self":[{"href":"https:\/\/www.ultratourmonterosa.com\/de\/wp-json\/wp\/v2\/pages\/17448","targetHints":{"allow":["GET"]}}],"collection":[{"href":"https:\/\/www.ultratourmonterosa.com\/de\/wp-json\/wp\/v2\/pages"}],"about":[{"href":"https:\/\/www.ultratourmonterosa.com\/de\/wp-json\/wp\/v2\/types\/page"}],"author":[{"embeddable":true,"href":"https:\/\/www.ultratourmonterosa.com\/de\/wp-json\/wp\/v2\/users\/2"}],"replies":[{"embeddable":true,"href":"https:\/\/www.ultratourmonterosa.com\/de\/wp-json\/wp\/v2\/comments?post=17448"}],"version-history":[{"count":1,"href":"https:\/\/www.ultratourmonterosa.com\/de\/wp-json\/wp\/v2\/pages\/17448\/revisions"}],"predecessor-version":[{"id":41634,"href":"https:\/\/www.ultratourmonterosa.com\/de\/wp-json\/wp\/v2\/pages\/17448\/revisions\/41634"}],"wp:featuredmedia":[{"embeddable":true,"href":"https:\/\/www.ultratourmonterosa.com\/de\/wp-json\/wp\/v2\/media\/17094"}],"wp:attachment":[{"href":"https:\/\/www.ultratourmonterosa.com\/de\/wp-json\/wp\/v2\/media?parent=17448"}],"curies":[{"name":"wp","href":"https:\/\/api.w.org\/{rel}","templated":true}]}}