{"id":34618,"date":"2017-02-23T15:04:10","date_gmt":"2017-02-23T09:19:10","guid":{"rendered":"https:\/\/utmr.run\/?page_id=34618"},"modified":"2024-05-08T17:27:41","modified_gmt":"2024-05-08T11:42:41","slug":"stornierungsbedingungen","status":"publish","type":"page","link":"https:\/\/www.ultratourmonterosa.com\/de\/useful-information\/stornierungsbedingungen\/","title":{"rendered":"Stornierungsbedingungen"},"content":{"rendered":"\n<h2 class=\"wp-block-heading\" id=\"-notification-\"><strong>Benachrichtigung<\/strong><\/h2>\n\n<p>Wenn Sie nicht teilnehmen k\u00f6nnen und Ihre Anmeldung stornieren m\u00f6chten, m\u00fcssen Sie die Rennorganisation per E-Mail an <a href=\"mailto:contact@ultratourmonterosa.com\" target=\"_blank\" rel=\"noopener noreferrer\">contact@ultratourmonterosa.com<\/a>informieren.<\/p>\n\n<div style=\"height:50px\" aria-hidden=\"true\" class=\"wp-block-spacer\"><\/div>\n\n<h2 class=\"wp-block-heading\" id=\"cancellation-\">Stornierung <\/h2>\n\n<p><\/p>\n\n<ul class=\"wp-block-list\">\n<li>bis 30. April &#8211; <strong style=\"color: initial; font-family: -apple-system, BlinkMacSystemFont, \" segoe=\"\" ui=\"\" roboto=\"\" oxygen-sans=\"\" ubuntu=\"\" cantarell=\"\" neue=\"\" sans-serif=\"\">70% Erstattung <\/strong> <\/li>\n\n\n\n<li>zwischen dem 1. Mai und dem 30. Juni &#8211; <strong style=\"color: initial; font-family: -apple-system, BlinkMacSystemFont, \" segoe=\"\" ui=\"\" roboto=\"\" oxygen-sans=\"\" ubuntu=\"\" cantarell=\"\" neue=\"\" sans-serif=\"\">60% Erstattung <\/strong> <\/li>\n\n\n\n<li>zwischen 1. Juli und 31. Juli &#8211; <strong>40% R\u00fcckerstattung <\/strong> <\/li>\n\n\n\n<li>nach dem 1. August \u21d2 <strong>keine Erstattung<\/strong><\/li>\n<\/ul>\n\n<div style=\"height:50px\" aria-hidden=\"true\" class=\"wp-block-spacer\"><\/div>\n\n<p id=\"stage-race-accommodation\">Unterkunft f\u00fcrEtappe <\/p>\n\n<ul class=\"wp-block-list\">\n<li>bis zum 21. Juli &#8211; <em>80% Erstattung der Unterkunft f\u00fcr die Etappe<\/em><\/li>\n\n\n\n<li>ab 22.<span style=\"color: initial; font-family: -apple-system, BlinkMacSystemFont, \" segoe=\"\" ui=\"\" roboto=\"\" oxygen-sans=\"\" ubuntu=\"\" cantarell=\"\" neue=\"\" sans-serif=\"\"> Juli &#8211; keine Erstattung<\/span><\/li>\n<\/ul>\n\n<div style=\"height:50px\" aria-hidden=\"true\" class=\"wp-block-spacer\"><\/div>\n\n<p><strong>Bitte beachten Sie:<\/strong><\/p>\n\n<ul class=\"wp-block-list\">\n<li>Ein Austausch der Startnummer ist nicht m\u00f6glich.<\/li>\n\n\n\n<li>\u00dcbertragungen zwischen den Rennen sind nur bis zum 22. Juli und nur unter bestimmten Bedingungen und nach R\u00fccksprache mit dem Rennleiter m\u00f6glich.<\/li>\n\n\n\n<li>Wir k\u00f6nnen die Option einer Verschiebung auf 2025 nicht anbieten.<\/li>\n<\/ul>\n\n<p><strong>Schwangerschaft:<\/strong><\/p>\n\n<ul class=\"wp-block-list\">\n<li>Wir bieten der zuk\u00fcnftigen Ausgabe von UTMR eine R\u00fcckerstattung von 95 % und einen bevorzugten Eintrag f\u00fcr eine zuk\u00fcnftige Ausgabe von UTMR. Bitte informieren Sie uns so schnell wie m\u00f6glich. Viel Gl\u00fcck!<\/li>\n<\/ul>\n\n<p><strong>Herausragende Umst\u00e4nde:<\/strong><\/p>\n\n<ul class=\"wp-block-list\">\n<li>Wir werden die herausragenden Umst\u00e4nde immer individuell betrachten. Bitte beachten Sie, dass dies f\u00fcr Tod, schwere Familienkrankheit, Unfall usw. (nicht covid-19, Jobwechsel, Personensch\u00e4den).<\/li>\n<\/ul>\n\n<p><strong>Erstattungen<\/strong><\/p>\n\n<ul class=\"wp-block-list\">\n<li>Ihre R\u00fcckerstattung wird innerhalb von 30 Tagen nach Ihrer Anfrage bearbeitet. Sie erhalten eine Quittung von Kora Explore \u00fcber stripe.com und der Betrag wird Innerhalb von 5-10 Tagen Ihrer urspr\u00fcnglichen Zahlungskarte\/ Ihrem Konto gutgeschrieben.<\/li>\n<\/ul>\n\n<div style=\"height:50px\" aria-hidden=\"true\" class=\"wp-block-spacer\"><\/div>\n\n<h2 class=\"wp-block-heading\" id=\"event-cancellation\">Ereignisabsage<\/h2>\n\n<p>Im Falle einer Stornierung der Veranstaltung bieten wir eine R\u00fcckerstattung von mindestens 60 % der Anmeldung (80 % der Unterkunft f\u00fcr das Etappe ) bis zu 15 Tage vor dem Rennen. Je nach Datum und Umst\u00e4nden der Stornierung kann eine gr\u00f6\u00dfere R\u00fcckerstattungs- oder Stundungsoption angeboten werden. Es wird keine R\u00fcckerstattung gew\u00e4hrt, wenn die Veranstaltung innerhalb von 15 Tagen nach der Veranstaltung abgesagt wird.<\/p>\n\n<div style=\"height:50px\" aria-hidden=\"true\" class=\"wp-block-spacer\"><\/div>\n\n<p>Nb. Diese Widerrufsbelehrung wurde am 31.01.2022 ge\u00e4ndert.<\/p>\n","protected":false},"excerpt":{"rendered":"<p>Benachrichtigung Wenn Sie nicht teilnehmen k\u00f6nnen und Ihre Anmeldung stornieren m\u00f6chten, m\u00fcssen Sie die Rennorganisation per E-Mail an contact@ultratourmonterosa.cominformieren. Stornierung Unterkunft f\u00fcrEtappe Bitte beachten Sie: Schwangerschaft: Herausragende Umst\u00e4nde: Erstattungen Ereignisabsage Im Falle einer Stornierung der Veranstaltung bieten wir eine R\u00fcckerstattung von mindestens 60 % der Anmeldung (80 % der Unterkunft f\u00fcr das Etappe ) bis [&hellip;]<\/p>\n","protected":false},"author":2,"featured_media":0,"parent":17485,"menu_order":6,"comment_status":"closed","ping_status":"closed","template":"","meta":{"_acf_changed":false,"jetpack_post_was_ever_published":false,"footnotes":"","_wp_rev_ctl_limit":""},"class_list":["post-34618","page","type-page","status-publish","hentry"],"acf":[],"yoast_head":"<!-- This site is optimized with the Yoast SEO plugin v27.3 - https:\/\/yoast.com\/product\/yoast-seo-wordpress\/ -->\n<title>Stornierungsbedingungen - Ultra Tour Monte Rosa<\/title>\n<meta name=\"robots\" content=\"index, follow, max-snippet:-1, max-image-preview:large, max-video-preview:-1\" \/>\n<link rel=\"canonical\" href=\"https:\/\/www.ultratourmonterosa.com\/de\/useful-information\/stornierungsbedingungen\/\" \/>\n<meta property=\"og:locale\" content=\"de_DE\" \/>\n<meta property=\"og:type\" content=\"article\" \/>\n<meta property=\"og:title\" content=\"Stornierungsbedingungen - Ultra Tour Monte Rosa\" \/>\n<meta property=\"og:description\" content=\"Benachrichtigung Wenn Sie nicht teilnehmen k\u00f6nnen und Ihre Anmeldung stornieren m\u00f6chten, m\u00fcssen Sie die Rennorganisation per E-Mail an contact@ultratourmonterosa.cominformieren. Stornierung Unterkunft f\u00fcrEtappe Bitte beachten Sie: Schwangerschaft: Herausragende Umst\u00e4nde: Erstattungen Ereignisabsage Im Falle einer Stornierung der Veranstaltung bieten wir eine R\u00fcckerstattung von mindestens 60 % der Anmeldung (80 % der Unterkunft f\u00fcr das Etappe ) bis [&hellip;]\" \/>\n<meta property=\"og:url\" content=\"https:\/\/www.ultratourmonterosa.com\/de\/useful-information\/stornierungsbedingungen\/\" \/>\n<meta property=\"og:site_name\" content=\"Ultra Tour Monte Rosa\" \/>\n<meta property=\"article:publisher\" content=\"https:\/\/www.facebook.com\/UltraTourMonteRosa\/\" \/>\n<meta property=\"article:modified_time\" content=\"2024-05-08T11:42:41+00:00\" \/>\n<meta name=\"twitter:card\" content=\"summary_large_image\" \/>\n<meta name=\"twitter:site\" content=\"@UltraMonteRosa\" \/>\n<meta name=\"twitter:label1\" content=\"Gesch\u00e4tzte Lesezeit\" \/>\n\t<meta name=\"twitter:data1\" content=\"1\u00a0Minute\" \/>\n<script type=\"application\/ld+json\" class=\"yoast-schema-graph\">{\"@context\":\"https:\\\/\\\/schema.org\",\"@graph\":[{\"@type\":\"WebPage\",\"@id\":\"https:\\\/\\\/www.ultratourmonterosa.com\\\/de\\\/useful-information\\\/stornierungsbedingungen\\\/\",\"url\":\"https:\\\/\\\/www.ultratourmonterosa.com\\\/de\\\/useful-information\\\/stornierungsbedingungen\\\/\",\"name\":\"Stornierungsbedingungen - Ultra Tour Monte Rosa\",\"isPartOf\":{\"@id\":\"https:\\\/\\\/www.ultratourmonterosa.com\\\/#website\"},\"datePublished\":\"2017-02-23T09:19:10+00:00\",\"dateModified\":\"2024-05-08T11:42:41+00:00\",\"breadcrumb\":{\"@id\":\"https:\\\/\\\/www.ultratourmonterosa.com\\\/de\\\/useful-information\\\/stornierungsbedingungen\\\/#breadcrumb\"},\"inLanguage\":\"de\",\"potentialAction\":[{\"@type\":\"ReadAction\",\"target\":[\"https:\\\/\\\/www.ultratourmonterosa.com\\\/de\\\/useful-information\\\/stornierungsbedingungen\\\/\"]}]},{\"@type\":\"BreadcrumbList\",\"@id\":\"https:\\\/\\\/www.ultratourmonterosa.com\\\/de\\\/useful-information\\\/stornierungsbedingungen\\\/#breadcrumb\",\"itemListElement\":[{\"@type\":\"ListItem\",\"position\":1,\"name\":\"Home\",\"item\":\"https:\\\/\\\/www.ultratourmonterosa.com\\\/de\\\/\"},{\"@type\":\"ListItem\",\"position\":2,\"name\":\"USEFUL INFORMATION\",\"item\":\"https:\\\/\\\/www.ultratourmonterosa.com\\\/de\\\/useful-information\\\/\"},{\"@type\":\"ListItem\",\"position\":3,\"name\":\"Stornierungsbedingungen\"}]},{\"@type\":\"WebSite\",\"@id\":\"https:\\\/\\\/www.ultratourmonterosa.com\\\/#website\",\"url\":\"https:\\\/\\\/www.ultratourmonterosa.com\\\/\",\"name\":\"Ultra Tour Monte Rosa\",\"description\":\"3-6 September 2025\",\"publisher\":{\"@id\":\"https:\\\/\\\/www.ultratourmonterosa.com\\\/#organization\"},\"potentialAction\":[{\"@type\":\"SearchAction\",\"target\":{\"@type\":\"EntryPoint\",\"urlTemplate\":\"https:\\\/\\\/www.ultratourmonterosa.com\\\/?s={search_term_string}\"},\"query-input\":{\"@type\":\"PropertyValueSpecification\",\"valueRequired\":true,\"valueName\":\"search_term_string\"}}],\"inLanguage\":\"de\"},{\"@type\":\"Organization\",\"@id\":\"https:\\\/\\\/www.ultratourmonterosa.com\\\/#organization\",\"name\":\"Ultra Tour Monte Rosa\",\"url\":\"https:\\\/\\\/www.ultratourmonterosa.com\\\/\",\"logo\":{\"@type\":\"ImageObject\",\"inLanguage\":\"de\",\"@id\":\"https:\\\/\\\/www.ultratourmonterosa.com\\\/#\\\/schema\\\/logo\\\/image\\\/\",\"url\":\"https:\\\/\\\/www.ultratourmonterosa.com\\\/wp-content\\\/uploads\\\/2024\\\/09\\\/UTMR-logo-300px-1.png\",\"contentUrl\":\"https:\\\/\\\/www.ultratourmonterosa.com\\\/wp-content\\\/uploads\\\/2024\\\/09\\\/UTMR-logo-300px-1.png\",\"width\":300,\"height\":300,\"caption\":\"Ultra Tour Monte Rosa\"},\"image\":{\"@id\":\"https:\\\/\\\/www.ultratourmonterosa.com\\\/#\\\/schema\\\/logo\\\/image\\\/\"},\"sameAs\":[\"https:\\\/\\\/www.facebook.com\\\/UltraTourMonteRosa\\\/\",\"https:\\\/\\\/x.com\\\/UltraMonteRosa\"]}]}<\/script>\n<!-- \/ Yoast SEO plugin. -->","yoast_head_json":{"title":"Stornierungsbedingungen - Ultra Tour Monte Rosa","robots":{"index":"index","follow":"follow","max-snippet":"max-snippet:-1","max-image-preview":"max-image-preview:large","max-video-preview":"max-video-preview:-1"},"canonical":"https:\/\/www.ultratourmonterosa.com\/de\/useful-information\/stornierungsbedingungen\/","og_locale":"de_DE","og_type":"article","og_title":"Stornierungsbedingungen - Ultra Tour Monte Rosa","og_description":"Benachrichtigung Wenn Sie nicht teilnehmen k\u00f6nnen und Ihre Anmeldung stornieren m\u00f6chten, m\u00fcssen Sie die Rennorganisation per E-Mail an contact@ultratourmonterosa.cominformieren. Stornierung Unterkunft f\u00fcrEtappe Bitte beachten Sie: Schwangerschaft: Herausragende Umst\u00e4nde: Erstattungen Ereignisabsage Im Falle einer Stornierung der Veranstaltung bieten wir eine R\u00fcckerstattung von mindestens 60 % der Anmeldung (80 % der Unterkunft f\u00fcr das Etappe ) bis [&hellip;]","og_url":"https:\/\/www.ultratourmonterosa.com\/de\/useful-information\/stornierungsbedingungen\/","og_site_name":"Ultra Tour Monte Rosa","article_publisher":"https:\/\/www.facebook.com\/UltraTourMonteRosa\/","article_modified_time":"2024-05-08T11:42:41+00:00","twitter_card":"summary_large_image","twitter_site":"@UltraMonteRosa","twitter_misc":{"Gesch\u00e4tzte Lesezeit":"1\u00a0Minute"},"schema":{"@context":"https:\/\/schema.org","@graph":[{"@type":"WebPage","@id":"https:\/\/www.ultratourmonterosa.com\/de\/useful-information\/stornierungsbedingungen\/","url":"https:\/\/www.ultratourmonterosa.com\/de\/useful-information\/stornierungsbedingungen\/","name":"Stornierungsbedingungen - Ultra Tour Monte Rosa","isPartOf":{"@id":"https:\/\/www.ultratourmonterosa.com\/#website"},"datePublished":"2017-02-23T09:19:10+00:00","dateModified":"2024-05-08T11:42:41+00:00","breadcrumb":{"@id":"https:\/\/www.ultratourmonterosa.com\/de\/useful-information\/stornierungsbedingungen\/#breadcrumb"},"inLanguage":"de","potentialAction":[{"@type":"ReadAction","target":["https:\/\/www.ultratourmonterosa.com\/de\/useful-information\/stornierungsbedingungen\/"]}]},{"@type":"BreadcrumbList","@id":"https:\/\/www.ultratourmonterosa.com\/de\/useful-information\/stornierungsbedingungen\/#breadcrumb","itemListElement":[{"@type":"ListItem","position":1,"name":"Home","item":"https:\/\/www.ultratourmonterosa.com\/de\/"},{"@type":"ListItem","position":2,"name":"USEFUL INFORMATION","item":"https:\/\/www.ultratourmonterosa.com\/de\/useful-information\/"},{"@type":"ListItem","position":3,"name":"Stornierungsbedingungen"}]},{"@type":"WebSite","@id":"https:\/\/www.ultratourmonterosa.com\/#website","url":"https:\/\/www.ultratourmonterosa.com\/","name":"Ultra Tour Monte Rosa","description":"3-6 September 2025","publisher":{"@id":"https:\/\/www.ultratourmonterosa.com\/#organization"},"potentialAction":[{"@type":"SearchAction","target":{"@type":"EntryPoint","urlTemplate":"https:\/\/www.ultratourmonterosa.com\/?s={search_term_string}"},"query-input":{"@type":"PropertyValueSpecification","valueRequired":true,"valueName":"search_term_string"}}],"inLanguage":"de"},{"@type":"Organization","@id":"https:\/\/www.ultratourmonterosa.com\/#organization","name":"Ultra Tour Monte Rosa","url":"https:\/\/www.ultratourmonterosa.com\/","logo":{"@type":"ImageObject","inLanguage":"de","@id":"https:\/\/www.ultratourmonterosa.com\/#\/schema\/logo\/image\/","url":"https:\/\/www.ultratourmonterosa.com\/wp-content\/uploads\/2024\/09\/UTMR-logo-300px-1.png","contentUrl":"https:\/\/www.ultratourmonterosa.com\/wp-content\/uploads\/2024\/09\/UTMR-logo-300px-1.png","width":300,"height":300,"caption":"Ultra Tour Monte Rosa"},"image":{"@id":"https:\/\/www.ultratourmonterosa.com\/#\/schema\/logo\/image\/"},"sameAs":["https:\/\/www.facebook.com\/UltraTourMonteRosa\/","https:\/\/x.com\/UltraMonteRosa"]}]}},"jetpack_shortlink":"https:\/\/wp.me\/P4DSVg-90m","jetpack_sharing_enabled":true,"_links":{"self":[{"href":"https:\/\/www.ultratourmonterosa.com\/de\/wp-json\/wp\/v2\/pages\/34618","targetHints":{"allow":["GET"]}}],"collection":[{"href":"https:\/\/www.ultratourmonterosa.com\/de\/wp-json\/wp\/v2\/pages"}],"about":[{"href":"https:\/\/www.ultratourmonterosa.com\/de\/wp-json\/wp\/v2\/types\/page"}],"author":[{"embeddable":true,"href":"https:\/\/www.ultratourmonterosa.com\/de\/wp-json\/wp\/v2\/users\/2"}],"replies":[{"embeddable":true,"href":"https:\/\/www.ultratourmonterosa.com\/de\/wp-json\/wp\/v2\/comments?post=34618"}],"version-history":[{"count":5,"href":"https:\/\/www.ultratourmonterosa.com\/de\/wp-json\/wp\/v2\/pages\/34618\/revisions"}],"predecessor-version":[{"id":50562,"href":"https:\/\/www.ultratourmonterosa.com\/de\/wp-json\/wp\/v2\/pages\/34618\/revisions\/50562"}],"up":[{"embeddable":true,"href":"https:\/\/www.ultratourmonterosa.com\/de\/wp-json\/wp\/v2\/pages\/17485"}],"wp:attachment":[{"href":"https:\/\/www.ultratourmonterosa.com\/de\/wp-json\/wp\/v2\/media?parent=34618"}],"curies":[{"name":"wp","href":"https:\/\/api.w.org\/{rel}","templated":true}]}}