{"id":41208,"date":"2020-10-29T14:44:22","date_gmt":"2020-10-29T08:59:22","guid":{"rendered":"https:\/\/www.ultratourmonterosa.com\/useful-information\/travel-2\/bus-shuttles\/"},"modified":"2024-05-08T17:13:00","modified_gmt":"2024-05-08T11:28:00","slug":"bus-shuttles","status":"publish","type":"page","link":"https:\/\/www.ultratourmonterosa.com\/de\/useful-information\/bus-shuttles\/","title":{"rendered":"Bus-Shuttles"},"content":{"rendered":"\n<div style=\"height:50px\" aria-hidden=\"true\" class=\"wp-block-spacer\"><\/div>\n\n<h4 class=\"wp-block-heading\">Die <strong>Bustickets m\u00fcssen bis Montag, den 19. August 2024 gebucht werden<\/strong>. Wir danken Ihnen!<\/h4>\n\n<div style=\"height:50px\" aria-hidden=\"true\" class=\"wp-block-spacer\"><\/div>\n\n<h3 class=\"wp-block-heading\">Nach Gr\u00e4chen<\/h3>\n\n<div style=\"height:10px\" aria-hidden=\"true\" class=\"wp-block-spacer\"><\/div>\n\n<p><em>Nat\u00fcrlich ist die Reise zwischen dem Flughafen Genf und Gr\u00e4chen auch mit dem Zug und dem Bus sehr einfach (siehe <a href=\"http:\/\/www.sbb.ch\/en\" target=\"_blank\" rel=\"noreferrer noopener\">sbb.ch\/de<\/a> f\u00fcr Verbindungen nach Gr\u00e4chen Zentrum)<\/em><\/p>\n\n<div style=\"height:10px\" aria-hidden=\"true\" class=\"wp-block-spacer\"><\/div>\n\n<ul class=\"wp-block-list\">\n<li>Chamonix nach Gr\u00e4chen &#8211; Dienstag, 3. September 09:00 (~2,5 Stunden Fahrtzeit)<\/li>\n\n\n\n<li>Gr\u00e4chen nach Genf Flughafen &#8211; Sonntag, 8. September 08:30 (~3 Stunden Fahrtzeit)<\/li>\n<\/ul>\n\n<div style=\"height:50px\" aria-hidden=\"true\" class=\"wp-block-spacer\"><\/div>\n\n<div class=\"wp-block-simple-alerts-for-gutenberg-alert-boxes sab-alert sab-alert-warning\" role=\"alert\"><strong>DISCONTINUED Shuttles <\/strong><br><br>Wir haben bereits Shuttles zwischen dem Flughafen Genf und Gr\u00e4chen vor dem Rennen und zwischen Mailand und Gr\u00e4chen vor und nach dem Rennen organisiert. Aufgrund mangelnden Interesses und zu geringer Buchungszahlen, um die Kosten zu decken, haben wir diese Shuttles eingestellt.  <br><br>Vor allem die Reise zwischen dem Flughafen Genf und Gr\u00e4chen ist sehr einfach. Suchen Sie einfach den Fahrplan auf <a href=\"http:\/\/sbb.ch\/en\" target=\"_blank\" rel=\"noreferrer noopener\">sbb.ch\/de<\/a> mit Abfahrtsort &#8222;Genf Flughafen&#8220; und Zielort &#8222;Gr\u00e4chen Zentrum&#8220;. Die Fahrtzeit vom Flughafen Z\u00fcrich ist sehr \u00e4hnlich. Die Z\u00fcge fahren direkt von den Flugh\u00e4fen Genf und Z\u00fcrich ab (magic)! Buchen Sie Ihr Ticket im Voraus, um ein besseres Angebot zu erhalten!  <br><br>Auch von und nach Mailand ist das problemlos m\u00f6glich, wenn auch etwas komplizierter:  <br>1. Von Mailand Malpensa und Mailand Linate verkehren regelm\u00e4\u00dfig Shuttlebusse nach Milano Centrale (dem Hauptbahnhof). Von dort aus finden Sie unter <a href=\"https:\/\/www.trenitalia.com\/en.html\" target=\"_blank\" rel=\"noreferrer noopener\">https:\/\/www.trenitalia.com\/en.html<\/a> eine Verbindung nach Brig (\u00fcber die Grenze in die Schweiz) und dann unter <a href=\"http:\/\/sbb.ch\/en\" target=\"_blank\" rel=\"noreferrer noopener\">sbb.ch\/de<\/a> die Verbindung von Brig nach &#8222;Gr\u00e4chen Zentrum&#8220;.  <br>2. Versuchen Sie den Shuttle-Bus von Mailand Malpensa nach Domodossola<a href=\"https:\/\/www.comazzialibus.com\/ComazziAlibus\/\" target=\"_blank\" rel=\"noreferrer noopener\">(https:\/\/www.comazzialibus.com\/ComazziAlibus\/)<\/a>. Informieren Sie sich dann unter <a href=\"http:\/\/sbb.ch\/en\" target=\"_blank\" rel=\"noreferrer noopener\">sbb.ch\/de<\/a> \u00fcber die Weiterfahrt zum &#8222;Gr\u00e4chen Zentrum&#8220;.  <br><br>Fragen Sie uns, wenn Sie irgendwelche Fragen haben. Ich w\u00fcnsche Ihnen eine gute Reise!<\/div>\n\n<p>\u00a0<\/p>\n","protected":false},"excerpt":{"rendered":"<p>Die Bustickets m\u00fcssen bis Montag, den 19. August 2024 gebucht werden. Wir danken Ihnen! Nach Gr\u00e4chen Nat\u00fcrlich ist die Reise zwischen dem Flughafen Genf und Gr\u00e4chen auch mit dem Zug und dem Bus sehr einfach (siehe sbb.ch\/de f\u00fcr Verbindungen nach Gr\u00e4chen Zentrum) \u00a0<\/p>\n","protected":false},"author":2,"featured_media":0,"parent":17485,"menu_order":0,"comment_status":"closed","ping_status":"closed","template":"","meta":{"_acf_changed":false,"footnotes":"","_wp_rev_ctl_limit":""},"class_list":["post-41208","page","type-page","status-publish","hentry"],"acf":[],"yoast_head":"<!-- This site is optimized with the Yoast SEO plugin v27.6 - https:\/\/yoast.com\/product\/yoast-seo-wordpress\/ -->\n<title>Bus-Shuttles - Ultra Tour Monte Rosa<\/title>\n<meta name=\"robots\" content=\"index, follow, max-snippet:-1, max-image-preview:large, max-video-preview:-1\" \/>\n<link rel=\"canonical\" href=\"https:\/\/www.ultratourmonterosa.com\/de\/useful-information\/bus-shuttles\/\" \/>\n<meta property=\"og:locale\" content=\"de_DE\" \/>\n<meta property=\"og:type\" content=\"article\" \/>\n<meta property=\"og:title\" content=\"Bus-Shuttles - Ultra Tour Monte Rosa\" \/>\n<meta property=\"og:description\" content=\"Die Bustickets m\u00fcssen bis Montag, den 19. August 2024 gebucht werden. Wir danken Ihnen! Nach Gr\u00e4chen Nat\u00fcrlich ist die Reise zwischen dem Flughafen Genf und Gr\u00e4chen auch mit dem Zug und dem Bus sehr einfach (siehe sbb.ch\/de f\u00fcr Verbindungen nach Gr\u00e4chen Zentrum) \u00a0\" \/>\n<meta property=\"og:url\" content=\"https:\/\/www.ultratourmonterosa.com\/de\/useful-information\/bus-shuttles\/\" \/>\n<meta property=\"og:site_name\" content=\"Ultra Tour Monte Rosa\" \/>\n<meta property=\"article:publisher\" content=\"https:\/\/www.facebook.com\/UltraTourMonteRosa\/\" \/>\n<meta property=\"article:modified_time\" content=\"2024-05-08T11:28:00+00:00\" \/>\n<meta name=\"twitter:card\" content=\"summary_large_image\" \/>\n<meta name=\"twitter:site\" content=\"@UltraMonteRosa\" \/>\n<meta name=\"twitter:label1\" content=\"Gesch\u00e4tzte Lesezeit\" \/>\n\t<meta name=\"twitter:data1\" content=\"1\u00a0Minute\" \/>\n<script type=\"application\/ld+json\" class=\"yoast-schema-graph\">{\"@context\":\"https:\\\/\\\/schema.org\",\"@graph\":[{\"@type\":\"WebPage\",\"@id\":\"https:\\\/\\\/www.ultratourmonterosa.com\\\/de\\\/useful-information\\\/bus-shuttles\\\/\",\"url\":\"https:\\\/\\\/www.ultratourmonterosa.com\\\/de\\\/useful-information\\\/bus-shuttles\\\/\",\"name\":\"Bus-Shuttles - Ultra Tour Monte Rosa\",\"isPartOf\":{\"@id\":\"https:\\\/\\\/www.ultratourmonterosa.com\\\/#website\"},\"datePublished\":\"2020-10-29T08:59:22+00:00\",\"dateModified\":\"2024-05-08T11:28:00+00:00\",\"breadcrumb\":{\"@id\":\"https:\\\/\\\/www.ultratourmonterosa.com\\\/de\\\/useful-information\\\/bus-shuttles\\\/#breadcrumb\"},\"inLanguage\":\"de\",\"potentialAction\":[{\"@type\":\"ReadAction\",\"target\":[\"https:\\\/\\\/www.ultratourmonterosa.com\\\/de\\\/useful-information\\\/bus-shuttles\\\/\"]}]},{\"@type\":\"BreadcrumbList\",\"@id\":\"https:\\\/\\\/www.ultratourmonterosa.com\\\/de\\\/useful-information\\\/bus-shuttles\\\/#breadcrumb\",\"itemListElement\":[{\"@type\":\"ListItem\",\"position\":1,\"name\":\"Home\",\"item\":\"https:\\\/\\\/www.ultratourmonterosa.com\\\/de\\\/\"},{\"@type\":\"ListItem\",\"position\":2,\"name\":\"USEFUL INFORMATION\",\"item\":\"https:\\\/\\\/www.ultratourmonterosa.com\\\/de\\\/useful-information\\\/\"},{\"@type\":\"ListItem\",\"position\":3,\"name\":\"Bus-Shuttles\"}]},{\"@type\":\"WebSite\",\"@id\":\"https:\\\/\\\/www.ultratourmonterosa.com\\\/#website\",\"url\":\"https:\\\/\\\/www.ultratourmonterosa.com\\\/\",\"name\":\"Ultra Tour Monte Rosa\",\"description\":\"3-6 September 2025\",\"publisher\":{\"@id\":\"https:\\\/\\\/www.ultratourmonterosa.com\\\/#organization\"},\"potentialAction\":[{\"@type\":\"SearchAction\",\"target\":{\"@type\":\"EntryPoint\",\"urlTemplate\":\"https:\\\/\\\/www.ultratourmonterosa.com\\\/?s={search_term_string}\"},\"query-input\":{\"@type\":\"PropertyValueSpecification\",\"valueRequired\":true,\"valueName\":\"search_term_string\"}}],\"inLanguage\":\"de\"},{\"@type\":\"Organization\",\"@id\":\"https:\\\/\\\/www.ultratourmonterosa.com\\\/#organization\",\"name\":\"Ultra Tour Monte Rosa\",\"url\":\"https:\\\/\\\/www.ultratourmonterosa.com\\\/\",\"logo\":{\"@type\":\"ImageObject\",\"inLanguage\":\"de\",\"@id\":\"https:\\\/\\\/www.ultratourmonterosa.com\\\/#\\\/schema\\\/logo\\\/image\\\/\",\"url\":\"https:\\\/\\\/www.ultratourmonterosa.com\\\/wp-content\\\/uploads\\\/2024\\\/09\\\/UTMR-logo-300px-1.png\",\"contentUrl\":\"https:\\\/\\\/www.ultratourmonterosa.com\\\/wp-content\\\/uploads\\\/2024\\\/09\\\/UTMR-logo-300px-1.png\",\"width\":300,\"height\":300,\"caption\":\"Ultra Tour Monte Rosa\"},\"image\":{\"@id\":\"https:\\\/\\\/www.ultratourmonterosa.com\\\/#\\\/schema\\\/logo\\\/image\\\/\"},\"sameAs\":[\"https:\\\/\\\/www.facebook.com\\\/UltraTourMonteRosa\\\/\",\"https:\\\/\\\/x.com\\\/UltraMonteRosa\"]}]}<\/script>\n<!-- \/ Yoast SEO plugin. -->","yoast_head_json":{"title":"Bus-Shuttles - Ultra Tour Monte Rosa","robots":{"index":"index","follow":"follow","max-snippet":"max-snippet:-1","max-image-preview":"max-image-preview:large","max-video-preview":"max-video-preview:-1"},"canonical":"https:\/\/www.ultratourmonterosa.com\/de\/useful-information\/bus-shuttles\/","og_locale":"de_DE","og_type":"article","og_title":"Bus-Shuttles - Ultra Tour Monte Rosa","og_description":"Die Bustickets m\u00fcssen bis Montag, den 19. August 2024 gebucht werden. Wir danken Ihnen! Nach Gr\u00e4chen Nat\u00fcrlich ist die Reise zwischen dem Flughafen Genf und Gr\u00e4chen auch mit dem Zug und dem Bus sehr einfach (siehe sbb.ch\/de f\u00fcr Verbindungen nach Gr\u00e4chen Zentrum) \u00a0","og_url":"https:\/\/www.ultratourmonterosa.com\/de\/useful-information\/bus-shuttles\/","og_site_name":"Ultra Tour Monte Rosa","article_publisher":"https:\/\/www.facebook.com\/UltraTourMonteRosa\/","article_modified_time":"2024-05-08T11:28:00+00:00","twitter_card":"summary_large_image","twitter_site":"@UltraMonteRosa","twitter_misc":{"Gesch\u00e4tzte Lesezeit":"1\u00a0Minute"},"schema":{"@context":"https:\/\/schema.org","@graph":[{"@type":"WebPage","@id":"https:\/\/www.ultratourmonterosa.com\/de\/useful-information\/bus-shuttles\/","url":"https:\/\/www.ultratourmonterosa.com\/de\/useful-information\/bus-shuttles\/","name":"Bus-Shuttles - Ultra Tour Monte Rosa","isPartOf":{"@id":"https:\/\/www.ultratourmonterosa.com\/#website"},"datePublished":"2020-10-29T08:59:22+00:00","dateModified":"2024-05-08T11:28:00+00:00","breadcrumb":{"@id":"https:\/\/www.ultratourmonterosa.com\/de\/useful-information\/bus-shuttles\/#breadcrumb"},"inLanguage":"de","potentialAction":[{"@type":"ReadAction","target":["https:\/\/www.ultratourmonterosa.com\/de\/useful-information\/bus-shuttles\/"]}]},{"@type":"BreadcrumbList","@id":"https:\/\/www.ultratourmonterosa.com\/de\/useful-information\/bus-shuttles\/#breadcrumb","itemListElement":[{"@type":"ListItem","position":1,"name":"Home","item":"https:\/\/www.ultratourmonterosa.com\/de\/"},{"@type":"ListItem","position":2,"name":"USEFUL INFORMATION","item":"https:\/\/www.ultratourmonterosa.com\/de\/useful-information\/"},{"@type":"ListItem","position":3,"name":"Bus-Shuttles"}]},{"@type":"WebSite","@id":"https:\/\/www.ultratourmonterosa.com\/#website","url":"https:\/\/www.ultratourmonterosa.com\/","name":"Ultra Tour Monte Rosa","description":"3-6 September 2025","publisher":{"@id":"https:\/\/www.ultratourmonterosa.com\/#organization"},"potentialAction":[{"@type":"SearchAction","target":{"@type":"EntryPoint","urlTemplate":"https:\/\/www.ultratourmonterosa.com\/?s={search_term_string}"},"query-input":{"@type":"PropertyValueSpecification","valueRequired":true,"valueName":"search_term_string"}}],"inLanguage":"de"},{"@type":"Organization","@id":"https:\/\/www.ultratourmonterosa.com\/#organization","name":"Ultra Tour Monte Rosa","url":"https:\/\/www.ultratourmonterosa.com\/","logo":{"@type":"ImageObject","inLanguage":"de","@id":"https:\/\/www.ultratourmonterosa.com\/#\/schema\/logo\/image\/","url":"https:\/\/www.ultratourmonterosa.com\/wp-content\/uploads\/2024\/09\/UTMR-logo-300px-1.png","contentUrl":"https:\/\/www.ultratourmonterosa.com\/wp-content\/uploads\/2024\/09\/UTMR-logo-300px-1.png","width":300,"height":300,"caption":"Ultra Tour Monte Rosa"},"image":{"@id":"https:\/\/www.ultratourmonterosa.com\/#\/schema\/logo\/image\/"},"sameAs":["https:\/\/www.facebook.com\/UltraTourMonteRosa\/","https:\/\/x.com\/UltraMonteRosa"]}]}},"jetpack_shortlink":"https:\/\/wp.me\/P4DSVg-aIE","jetpack_sharing_enabled":true,"_links":{"self":[{"href":"https:\/\/www.ultratourmonterosa.com\/de\/wp-json\/wp\/v2\/pages\/41208","targetHints":{"allow":["GET"]}}],"collection":[{"href":"https:\/\/www.ultratourmonterosa.com\/de\/wp-json\/wp\/v2\/pages"}],"about":[{"href":"https:\/\/www.ultratourmonterosa.com\/de\/wp-json\/wp\/v2\/types\/page"}],"author":[{"embeddable":true,"href":"https:\/\/www.ultratourmonterosa.com\/de\/wp-json\/wp\/v2\/users\/2"}],"replies":[{"embeddable":true,"href":"https:\/\/www.ultratourmonterosa.com\/de\/wp-json\/wp\/v2\/comments?post=41208"}],"version-history":[{"count":5,"href":"https:\/\/www.ultratourmonterosa.com\/de\/wp-json\/wp\/v2\/pages\/41208\/revisions"}],"predecessor-version":[{"id":50544,"href":"https:\/\/www.ultratourmonterosa.com\/de\/wp-json\/wp\/v2\/pages\/41208\/revisions\/50544"}],"up":[{"embeddable":true,"href":"https:\/\/www.ultratourmonterosa.com\/de\/wp-json\/wp\/v2\/pages\/17485"}],"wp:attachment":[{"href":"https:\/\/www.ultratourmonterosa.com\/de\/wp-json\/wp\/v2\/media?parent=41208"}],"curies":[{"name":"wp","href":"https:\/\/api.w.org\/{rel}","templated":true}]}}