{"id":45632,"date":"2017-03-30T19:01:53","date_gmt":"2017-03-30T13:16:53","guid":{"rendered":"https:\/\/www.ultratourmonterosa.com\/useful-information\/elite-sportler-influencer-programm\/"},"modified":"2024-05-08T17:21:16","modified_gmt":"2024-05-08T11:36:16","slug":"elite-sportler-influencer-programm","status":"publish","type":"page","link":"https:\/\/www.ultratourmonterosa.com\/de\/useful-information\/elite-sportler-influencer-programm\/","title":{"rendered":"Programm f\u00fcr Elitesportler"},"content":{"rendered":"<div id=\"testimonial-block_0811e29befa169fe6d65e30889258a93\" class=\"testimonial-blockquote-container testimonial\">\n    <blockquote class=\"testimonial-blockquote\">\n        <div class=\"testimonial-text\">Das ist das Rennen, das ich laufen wollte. Das Rennen gab es nicht, also haben wir (Lizzy und Freunde) es geschaffen. Ich denke, sie ist mindestens 20-30% h\u00e4rter als der UTMB &#8211; eine k\u00fchne, brutale und sch\u00f6ne Strecke!&#8220;<\/div>\n        <span class=\"testimonial-author\">Lizzy Hawker<\/span>\n        <span class=\"testimonial-role\">Rennleiter, UTMR<\/span>\n    <\/blockquote>\n    <div class=\"testimonial-image\">\n        \n        <a data-fancybox='gallery' href='https:\/\/www.ultratourmonterosa.com\/wp-content\/uploads\/2019\/01\/AJT1931.jpg'  data-lbwps-width=\"1500\" data-lbwps-height=\"1001\" data-lbwps-srcsmall=\"https:\/\/www.ultratourmonterosa.com\/wp-content\/uploads\/2019\/01\/AJT1931.jpg\"><img loading=\"lazy\" decoding=\"async\" width=\"300\" height=\"300\" src=\"https:\/\/www.ultratourmonterosa.com\/wp-content\/uploads\/2020\/12\/lizzy-hawker-300-px-square.jpg\" class=\"attachment-medium size-medium\" alt=\"Eile mit Weile\" srcset=\"https:\/\/www.ultratourmonterosa.com\/wp-content\/uploads\/2020\/12\/lizzy-hawker-300-px-square.jpg 301w, https:\/\/www.ultratourmonterosa.com\/wp-content\/uploads\/2020\/12\/lizzy-hawker-300-px-square-150x150.jpg 150w, https:\/\/www.ultratourmonterosa.com\/wp-content\/uploads\/2020\/12\/lizzy-hawker-300-px-square-250x250.jpg 250w, https:\/\/www.ultratourmonterosa.com\/wp-content\/uploads\/2020\/12\/lizzy-hawker-300-px-square-100x100.jpg 100w, https:\/\/www.ultratourmonterosa.com\/wp-content\/uploads\/2020\/12\/lizzy-hawker-300-px-square-70x70.jpg 70w, https:\/\/www.ultratourmonterosa.com\/wp-content\/uploads\/2020\/12\/lizzy-hawker-300-px-square-50x50.jpg 50w, https:\/\/www.ultratourmonterosa.com\/wp-content\/uploads\/2020\/12\/lizzy-hawker-300-px-square-200x200.jpg 200w\" sizes=\"auto, (max-width: 300px) 100vw, 300px\" \/><\/a>    <\/div>\n    <style type=\"text\/css\">\n        #testimonial-block_0811e29befa169fe6d65e30889258a93 {\n            background: #efefef;\n            color: #092a6c;\n        }\n    <\/style>\n<\/div>\n<blockquote class=\"wp-block-quote is-layout-flow wp-block-quote-is-layout-flow\">\n<p><strong>&#8222;<em>Ein gro\u00dfes Rennerlebnis mit einer intimen und einladenden Atmosph\u00e4re&#8230;<\/em>&#8222;<\/strong> <\/p>\n<\/blockquote>\n\n<div style=\"height:50px\" aria-hidden=\"true\" class=\"wp-block-spacer\"><\/div>\n\n<p>Das scheint die g\u00e4ngige Meinung der Teilnehmer der Ultra Tour Monte Rosa zu sein. In einem etwas abgelegeneren Teil der Alpen haben wir wilde Bergpfade und weniger Teilnehmer als andere &#8222;gro\u00dfe&#8220; Berg-Ultras. <\/p>\n\n<p>Kommen Sie und sehen Sie, was es damit auf sich hat! Wir entwickeln ein Programm zur Unterst\u00fctzung von Spitzensportlern und Botschaftern. Wir werden eine Reihe von Elite &amp; Medienpl\u00e4tzen anbieten, abh\u00e4ngig von Ihrem Rennpotenzial oder Ihrer Medienreichweite. Wenn Sie an der UTMR teilnehmen m\u00f6chten, f\u00fcllen Sie bitte das untenstehende Formular aus, um Ihr Interesse zu bekunden. Wir werden alle Bewerbungen pr\u00fcfen und bis zum 15. Mai Pl\u00e4tze anbieten.<\/p>\n\n<ul class=\"wp-block-list\">\n<li>Wir lieben es, Talente zu unterst\u00fctzen. Wenn Sie glauben, dass Sie das Zeug dazu haben, bei einem der UTMR-Events ganz oben auf dem Treppchen zu stehen, w\u00fcrden wir gerne von Ihnen h\u00f6ren. Wir empfehlen einen ITRA-Leistungsindex \u00fcber 750 f\u00fcr M\u00e4nner und 650 f\u00fcr Frauen. <\/li>\n\n\n\n<li>Wenn Sie ein enthusiastisches und einflussreiches Mitglied der Trailrunning-Gemeinschaft sind und helfen k\u00f6nnen, zu verbreiten, wie gro\u00dfartig das UTMR-Erlebnis ist, melden Sie sich bitte bei uns und erz\u00e4hlen Sie uns von sich.<\/li>\n<\/ul>\n\n<div style=\"height:50px\" aria-hidden=\"true\" class=\"wp-block-spacer\"><\/div>\n<a href='https:\/\/registration.utmr.ch\/elite-athlete-influencer-programme\/' \n\t\t\ttarget='_blank' \n\t\t\tid='utmr-yellow-button-block_42d971e43db2ffe27483291f3f7cc0db' \n\t\t\tclass='utmr-button  ur-btn-yellow has-utmr-yellow-background-color text-black block-utmr-yellow-button' >\n\t\t\t\t Anmeldeformular&#8230; &nbsp;&nbsp;<i class='fas fa-external-link-alt'><\/i>\n\t\t\t<\/a>\n<div style=\"height:50px\" aria-hidden=\"true\" class=\"wp-block-spacer\"><\/div>\n\n<h4 class=\"wp-block-heading\">Erfahren Sie mehr \u00fcber den UTMR von anderen Elite-Trailrunnern<\/h4>\n<div id=\"testimonial-block_a3473b87d926a51c15363a44a11f3e43\" class=\"testimonial-blockquote-container testimonial\">\n    <blockquote class=\"testimonial-blockquote\">\n        <div class=\"testimonial-text\">Der UTMR hat mehr Steigungen, mehr technisches Terrain, mehr H\u00f6henmeter, mehr Gletscher\u00fcberquerungen und ist noch sch\u00f6ner als der UTMB. Ich werde auf jeden Fall wiederkommen.&#8220;<\/div>\n        <span class=\"testimonial-author\">Damian Hall, GB<\/span>\n        <span class=\"testimonial-role\">Team INOV-8<\/span>\n    <\/blockquote>\n    <div class=\"testimonial-image\">\n        \n        <a data-fancybox='gallery' href='https:\/\/www.ultratourmonterosa.com\/wp-content\/uploads\/2020\/10\/damian-hall.jpg'  data-lbwps-width=\"1080\" data-lbwps-height=\"1080\" data-lbwps-srcsmall=\"https:\/\/www.ultratourmonterosa.com\/wp-content\/uploads\/2020\/10\/damian-hall.jpg\"><img loading=\"lazy\" decoding=\"async\" width=\"300\" height=\"300\" src=\"https:\/\/www.ultratourmonterosa.com\/wp-content\/uploads\/2020\/10\/damian-hall.jpg\" class=\"attachment-medium size-medium\" alt=\"ultral\u00e4ufige Damian Hall\" \/><\/a>    <\/div>\n    <style type=\"text\/css\">\n        #testimonial-block_a3473b87d926a51c15363a44a11f3e43 {\n            background: #e6a922;\n            color: #092a6c;\n        }\n    <\/style>\n<\/div>\n<div style=\"height:50px\" aria-hidden=\"true\" class=\"wp-block-spacer\"><\/div>\n\n<p>S\u00e9bastien Chaigneau, Ruth Croft, Stone Tsang, Nicky Spinks, Kenichi Yamamoto und viele mehr sind die UTMR-Kurse gelaufen (einige von ihnen zweimal) und haben es geliebt(!).<\/p>\n<div class=\"wp-block-image is-style-default\">\n<figure class=\"aligncenter size-large\"><img loading=\"lazy\" decoding=\"async\" width=\"1024\" height=\"517\" src=\"https:\/\/mk0ultratourmonro66b.kinstacdn.com\/wp-content\/uploads\/2020\/12\/Screenshot-2020-12-29-at-22.20.07-1024x517.jpg\" alt=\"\" class=\"wp-image-44706\" srcset=\"https:\/\/www.ultratourmonterosa.com\/wp-content\/uploads\/2020\/12\/Screenshot-2020-12-29-at-22.20.07-1024x517.jpg 1024w, https:\/\/www.ultratourmonterosa.com\/wp-content\/uploads\/2020\/12\/Screenshot-2020-12-29-at-22.20.07-300x152.jpg 300w, https:\/\/www.ultratourmonterosa.com\/wp-content\/uploads\/2020\/12\/Screenshot-2020-12-29-at-22.20.07-768x388.jpg 768w, https:\/\/www.ultratourmonterosa.com\/wp-content\/uploads\/2020\/12\/Screenshot-2020-12-29-at-22.20.07-100x51.jpg 100w, https:\/\/www.ultratourmonterosa.com\/wp-content\/uploads\/2020\/12\/Screenshot-2020-12-29-at-22.20.07-70x35.jpg 70w, https:\/\/www.ultratourmonterosa.com\/wp-content\/uploads\/2020\/12\/Screenshot-2020-12-29-at-22.20.07-139x70.jpg 139w, https:\/\/www.ultratourmonterosa.com\/wp-content\/uploads\/2020\/12\/Screenshot-2020-12-29-at-22.20.07-50x25.jpg 50w, https:\/\/www.ultratourmonterosa.com\/wp-content\/uploads\/2020\/12\/Screenshot-2020-12-29-at-22.20.07-99x50.jpg 99w, https:\/\/www.ultratourmonterosa.com\/wp-content\/uploads\/2020\/12\/Screenshot-2020-12-29-at-22.20.07-200x101.jpg 200w, https:\/\/www.ultratourmonterosa.com\/wp-content\/uploads\/2020\/12\/Screenshot-2020-12-29-at-22.20.07.jpg 1399w\" sizes=\"auto, (max-width: 1024px) 100vw, 1024px\" \/><\/figure>\n<\/div>\n<div style=\"height:50px\" aria-hidden=\"true\" class=\"wp-block-spacer\"><\/div>\n\n<p>Lesen Sie, was andere UTMR-Finisher \u00fcber den <a href=\"https:\/\/www.ultratourmonterosa.com\/de\/alternative-utmb-europe-100-meilen-rennen\/\" target=\"_blank\" rel=\"noreferrer noopener\">100 Meilen \/ 170 km Trail<\/a> Kurs denken. Klicken Sie unten!<\/p>\n\n<figure class=\"wp-block-embed is-type-wp-embed is-provider-ultra-tour-monte-rosa wp-block-embed-ultra-tour-monte-rosa\"><div class=\"wp-block-embed__wrapper\">\n<blockquote class=\"wp-embedded-content\" data-secret=\"EHZXHPKhND\"><a href=\"https:\/\/www.ultratourmonterosa.com\/alternative-utmb-europe-100-mile-race\/\">Alternative to UTMB &#8211; a comparable European 100 mile race<\/a><\/blockquote><iframe loading=\"lazy\" class=\"wp-embedded-content\" sandbox=\"allow-scripts\" security=\"restricted\" style=\"position: absolute; clip: rect(1px, 1px, 1px, 1px);\" title=\"&#8222;Alternative to UTMB &#8211; a comparable European 100 mile race&#8220; &#8212; Ultra Tour Monte Rosa\" src=\"https:\/\/www.ultratourmonterosa.com\/alternative-utmb-europe-100-mile-race\/embed\/#?secret=ziRILPsoGn#?secret=EHZXHPKhND\" data-secret=\"EHZXHPKhND\" width=\"500\" height=\"282\" frameborder=\"0\" marginwidth=\"0\" marginheight=\"0\" scrolling=\"no\"><\/iframe>\n<\/div><\/figure>\n","protected":false},"excerpt":{"rendered":"<p>&#8222;Ein gro\u00dfes Rennerlebnis mit einer intimen und einladenden Atmosph\u00e4re&#8230;&#8222; Das scheint die g\u00e4ngige Meinung der Teilnehmer der Ultra Tour Monte Rosa zu sein. In einem etwas abgelegeneren Teil der Alpen haben wir wilde Bergpfade und weniger Teilnehmer als andere &#8222;gro\u00dfe&#8220; Berg-Ultras. Kommen Sie und sehen Sie, was es damit auf sich hat! Wir entwickeln ein [&hellip;]<\/p>\n","protected":false},"author":2,"featured_media":44473,"parent":17485,"menu_order":5,"comment_status":"closed","ping_status":"closed","template":"","meta":{"_acf_changed":false,"jetpack_post_was_ever_published":false,"footnotes":"","_wp_rev_ctl_limit":""},"class_list":["post-45632","page","type-page","status-publish","has-post-thumbnail","hentry"],"acf":[],"yoast_head":"<!-- This site is optimized with the Yoast SEO plugin v27.3 - https:\/\/yoast.com\/product\/yoast-seo-wordpress\/ -->\n<title>Programm f\u00fcr Elitesportler - Ultra Tour Monte Rosa<\/title>\n<meta name=\"robots\" content=\"index, follow, max-snippet:-1, max-image-preview:large, max-video-preview:-1\" \/>\n<link rel=\"canonical\" href=\"https:\/\/www.ultratourmonterosa.com\/de\/useful-information\/elite-sportler-influencer-programm\/\" \/>\n<meta property=\"og:locale\" content=\"de_DE\" \/>\n<meta property=\"og:type\" content=\"article\" \/>\n<meta property=\"og:title\" content=\"Programm f\u00fcr Elitesportler - Ultra Tour Monte Rosa\" \/>\n<meta property=\"og:description\" content=\"&#8222;Ein gro\u00dfes Rennerlebnis mit einer intimen und einladenden Atmosph\u00e4re&#8230;&#8222; Das scheint die g\u00e4ngige Meinung der Teilnehmer der Ultra Tour Monte Rosa zu sein. In einem etwas abgelegeneren Teil der Alpen haben wir wilde Bergpfade und weniger Teilnehmer als andere &#8222;gro\u00dfe&#8220; Berg-Ultras. Kommen Sie und sehen Sie, was es damit auf sich hat! Wir entwickeln ein [&hellip;]\" \/>\n<meta property=\"og:url\" content=\"https:\/\/www.ultratourmonterosa.com\/de\/useful-information\/elite-sportler-influencer-programm\/\" \/>\n<meta property=\"og:site_name\" content=\"Ultra Tour Monte Rosa\" \/>\n<meta property=\"article:publisher\" content=\"https:\/\/www.facebook.com\/UltraTourMonteRosa\/\" \/>\n<meta property=\"article:modified_time\" content=\"2024-05-08T11:36:16+00:00\" \/>\n<meta property=\"og:image\" content=\"https:\/\/www.ultratourmonterosa.com\/wp-content\/uploads\/2020\/12\/DSC_5156_FB_\u00a9Jan-Nyka-1920_header.jpg\" \/>\n\t<meta property=\"og:image:width\" content=\"1920\" \/>\n\t<meta property=\"og:image:height\" content=\"671\" \/>\n\t<meta property=\"og:image:type\" content=\"image\/jpeg\" \/>\n<meta name=\"twitter:card\" content=\"summary_large_image\" \/>\n<meta name=\"twitter:site\" content=\"@UltraMonteRosa\" \/>\n<meta name=\"twitter:label1\" content=\"Gesch\u00e4tzte Lesezeit\" \/>\n\t<meta name=\"twitter:data1\" content=\"2\u00a0Minuten\" \/>\n<script type=\"application\/ld+json\" class=\"yoast-schema-graph\">{\"@context\":\"https:\\\/\\\/schema.org\",\"@graph\":[{\"@type\":\"WebPage\",\"@id\":\"https:\\\/\\\/www.ultratourmonterosa.com\\\/de\\\/useful-information\\\/elite-sportler-influencer-programm\\\/\",\"url\":\"https:\\\/\\\/www.ultratourmonterosa.com\\\/de\\\/useful-information\\\/elite-sportler-influencer-programm\\\/\",\"name\":\"Programm f\u00fcr Elitesportler - Ultra Tour Monte Rosa\",\"isPartOf\":{\"@id\":\"https:\\\/\\\/www.ultratourmonterosa.com\\\/#website\"},\"primaryImageOfPage\":{\"@id\":\"https:\\\/\\\/www.ultratourmonterosa.com\\\/de\\\/useful-information\\\/elite-sportler-influencer-programm\\\/#primaryimage\"},\"image\":{\"@id\":\"https:\\\/\\\/www.ultratourmonterosa.com\\\/de\\\/useful-information\\\/elite-sportler-influencer-programm\\\/#primaryimage\"},\"thumbnailUrl\":\"https:\\\/\\\/www.ultratourmonterosa.com\\\/wp-content\\\/uploads\\\/2020\\\/12\\\/DSC_5156_FB_\u00a9Jan-Nyka-1920_header.jpg\",\"datePublished\":\"2017-03-30T13:16:53+00:00\",\"dateModified\":\"2024-05-08T11:36:16+00:00\",\"breadcrumb\":{\"@id\":\"https:\\\/\\\/www.ultratourmonterosa.com\\\/de\\\/useful-information\\\/elite-sportler-influencer-programm\\\/#breadcrumb\"},\"inLanguage\":\"de\",\"potentialAction\":[{\"@type\":\"ReadAction\",\"target\":[\"https:\\\/\\\/www.ultratourmonterosa.com\\\/de\\\/useful-information\\\/elite-sportler-influencer-programm\\\/\"]}]},{\"@type\":\"ImageObject\",\"inLanguage\":\"de\",\"@id\":\"https:\\\/\\\/www.ultratourmonterosa.com\\\/de\\\/useful-information\\\/elite-sportler-influencer-programm\\\/#primaryimage\",\"url\":\"https:\\\/\\\/www.ultratourmonterosa.com\\\/wp-content\\\/uploads\\\/2020\\\/12\\\/DSC_5156_FB_\u00a9Jan-Nyka-1920_header.jpg\",\"contentUrl\":\"https:\\\/\\\/www.ultratourmonterosa.com\\\/wp-content\\\/uploads\\\/2020\\\/12\\\/DSC_5156_FB_\u00a9Jan-Nyka-1920_header.jpg\",\"width\":1920,\"height\":671},{\"@type\":\"BreadcrumbList\",\"@id\":\"https:\\\/\\\/www.ultratourmonterosa.com\\\/de\\\/useful-information\\\/elite-sportler-influencer-programm\\\/#breadcrumb\",\"itemListElement\":[{\"@type\":\"ListItem\",\"position\":1,\"name\":\"Home\",\"item\":\"https:\\\/\\\/www.ultratourmonterosa.com\\\/de\\\/\"},{\"@type\":\"ListItem\",\"position\":2,\"name\":\"USEFUL INFORMATION\",\"item\":\"https:\\\/\\\/www.ultratourmonterosa.com\\\/de\\\/useful-information\\\/\"},{\"@type\":\"ListItem\",\"position\":3,\"name\":\"Programm f\u00fcr Elitesportler\"}]},{\"@type\":\"WebSite\",\"@id\":\"https:\\\/\\\/www.ultratourmonterosa.com\\\/#website\",\"url\":\"https:\\\/\\\/www.ultratourmonterosa.com\\\/\",\"name\":\"Ultra Tour Monte Rosa\",\"description\":\"3-6 September 2025\",\"publisher\":{\"@id\":\"https:\\\/\\\/www.ultratourmonterosa.com\\\/#organization\"},\"potentialAction\":[{\"@type\":\"SearchAction\",\"target\":{\"@type\":\"EntryPoint\",\"urlTemplate\":\"https:\\\/\\\/www.ultratourmonterosa.com\\\/?s={search_term_string}\"},\"query-input\":{\"@type\":\"PropertyValueSpecification\",\"valueRequired\":true,\"valueName\":\"search_term_string\"}}],\"inLanguage\":\"de\"},{\"@type\":\"Organization\",\"@id\":\"https:\\\/\\\/www.ultratourmonterosa.com\\\/#organization\",\"name\":\"Ultra Tour Monte Rosa\",\"url\":\"https:\\\/\\\/www.ultratourmonterosa.com\\\/\",\"logo\":{\"@type\":\"ImageObject\",\"inLanguage\":\"de\",\"@id\":\"https:\\\/\\\/www.ultratourmonterosa.com\\\/#\\\/schema\\\/logo\\\/image\\\/\",\"url\":\"https:\\\/\\\/www.ultratourmonterosa.com\\\/wp-content\\\/uploads\\\/2024\\\/09\\\/UTMR-logo-300px-1.png\",\"contentUrl\":\"https:\\\/\\\/www.ultratourmonterosa.com\\\/wp-content\\\/uploads\\\/2024\\\/09\\\/UTMR-logo-300px-1.png\",\"width\":300,\"height\":300,\"caption\":\"Ultra Tour Monte Rosa\"},\"image\":{\"@id\":\"https:\\\/\\\/www.ultratourmonterosa.com\\\/#\\\/schema\\\/logo\\\/image\\\/\"},\"sameAs\":[\"https:\\\/\\\/www.facebook.com\\\/UltraTourMonteRosa\\\/\",\"https:\\\/\\\/x.com\\\/UltraMonteRosa\"]}]}<\/script>\n<!-- \/ Yoast SEO plugin. -->","yoast_head_json":{"title":"Programm f\u00fcr Elitesportler - Ultra Tour Monte Rosa","robots":{"index":"index","follow":"follow","max-snippet":"max-snippet:-1","max-image-preview":"max-image-preview:large","max-video-preview":"max-video-preview:-1"},"canonical":"https:\/\/www.ultratourmonterosa.com\/de\/useful-information\/elite-sportler-influencer-programm\/","og_locale":"de_DE","og_type":"article","og_title":"Programm f\u00fcr Elitesportler - Ultra Tour Monte Rosa","og_description":"&#8222;Ein gro\u00dfes Rennerlebnis mit einer intimen und einladenden Atmosph\u00e4re&#8230;&#8222; Das scheint die g\u00e4ngige Meinung der Teilnehmer der Ultra Tour Monte Rosa zu sein. In einem etwas abgelegeneren Teil der Alpen haben wir wilde Bergpfade und weniger Teilnehmer als andere &#8222;gro\u00dfe&#8220; Berg-Ultras. Kommen Sie und sehen Sie, was es damit auf sich hat! Wir entwickeln ein [&hellip;]","og_url":"https:\/\/www.ultratourmonterosa.com\/de\/useful-information\/elite-sportler-influencer-programm\/","og_site_name":"Ultra Tour Monte Rosa","article_publisher":"https:\/\/www.facebook.com\/UltraTourMonteRosa\/","article_modified_time":"2024-05-08T11:36:16+00:00","og_image":[{"width":1920,"height":671,"url":"https:\/\/www.ultratourmonterosa.com\/wp-content\/uploads\/2020\/12\/DSC_5156_FB_\u00a9Jan-Nyka-1920_header.jpg","type":"image\/jpeg"}],"twitter_card":"summary_large_image","twitter_site":"@UltraMonteRosa","twitter_misc":{"Gesch\u00e4tzte Lesezeit":"2\u00a0Minuten"},"schema":{"@context":"https:\/\/schema.org","@graph":[{"@type":"WebPage","@id":"https:\/\/www.ultratourmonterosa.com\/de\/useful-information\/elite-sportler-influencer-programm\/","url":"https:\/\/www.ultratourmonterosa.com\/de\/useful-information\/elite-sportler-influencer-programm\/","name":"Programm f\u00fcr Elitesportler - Ultra Tour Monte Rosa","isPartOf":{"@id":"https:\/\/www.ultratourmonterosa.com\/#website"},"primaryImageOfPage":{"@id":"https:\/\/www.ultratourmonterosa.com\/de\/useful-information\/elite-sportler-influencer-programm\/#primaryimage"},"image":{"@id":"https:\/\/www.ultratourmonterosa.com\/de\/useful-information\/elite-sportler-influencer-programm\/#primaryimage"},"thumbnailUrl":"https:\/\/www.ultratourmonterosa.com\/wp-content\/uploads\/2020\/12\/DSC_5156_FB_\u00a9Jan-Nyka-1920_header.jpg","datePublished":"2017-03-30T13:16:53+00:00","dateModified":"2024-05-08T11:36:16+00:00","breadcrumb":{"@id":"https:\/\/www.ultratourmonterosa.com\/de\/useful-information\/elite-sportler-influencer-programm\/#breadcrumb"},"inLanguage":"de","potentialAction":[{"@type":"ReadAction","target":["https:\/\/www.ultratourmonterosa.com\/de\/useful-information\/elite-sportler-influencer-programm\/"]}]},{"@type":"ImageObject","inLanguage":"de","@id":"https:\/\/www.ultratourmonterosa.com\/de\/useful-information\/elite-sportler-influencer-programm\/#primaryimage","url":"https:\/\/www.ultratourmonterosa.com\/wp-content\/uploads\/2020\/12\/DSC_5156_FB_\u00a9Jan-Nyka-1920_header.jpg","contentUrl":"https:\/\/www.ultratourmonterosa.com\/wp-content\/uploads\/2020\/12\/DSC_5156_FB_\u00a9Jan-Nyka-1920_header.jpg","width":1920,"height":671},{"@type":"BreadcrumbList","@id":"https:\/\/www.ultratourmonterosa.com\/de\/useful-information\/elite-sportler-influencer-programm\/#breadcrumb","itemListElement":[{"@type":"ListItem","position":1,"name":"Home","item":"https:\/\/www.ultratourmonterosa.com\/de\/"},{"@type":"ListItem","position":2,"name":"USEFUL INFORMATION","item":"https:\/\/www.ultratourmonterosa.com\/de\/useful-information\/"},{"@type":"ListItem","position":3,"name":"Programm f\u00fcr Elitesportler"}]},{"@type":"WebSite","@id":"https:\/\/www.ultratourmonterosa.com\/#website","url":"https:\/\/www.ultratourmonterosa.com\/","name":"Ultra Tour Monte Rosa","description":"3-6 September 2025","publisher":{"@id":"https:\/\/www.ultratourmonterosa.com\/#organization"},"potentialAction":[{"@type":"SearchAction","target":{"@type":"EntryPoint","urlTemplate":"https:\/\/www.ultratourmonterosa.com\/?s={search_term_string}"},"query-input":{"@type":"PropertyValueSpecification","valueRequired":true,"valueName":"search_term_string"}}],"inLanguage":"de"},{"@type":"Organization","@id":"https:\/\/www.ultratourmonterosa.com\/#organization","name":"Ultra Tour Monte Rosa","url":"https:\/\/www.ultratourmonterosa.com\/","logo":{"@type":"ImageObject","inLanguage":"de","@id":"https:\/\/www.ultratourmonterosa.com\/#\/schema\/logo\/image\/","url":"https:\/\/www.ultratourmonterosa.com\/wp-content\/uploads\/2024\/09\/UTMR-logo-300px-1.png","contentUrl":"https:\/\/www.ultratourmonterosa.com\/wp-content\/uploads\/2024\/09\/UTMR-logo-300px-1.png","width":300,"height":300,"caption":"Ultra Tour Monte Rosa"},"image":{"@id":"https:\/\/www.ultratourmonterosa.com\/#\/schema\/logo\/image\/"},"sameAs":["https:\/\/www.facebook.com\/UltraTourMonteRosa\/","https:\/\/x.com\/UltraMonteRosa"]}]}},"jetpack_shortlink":"https:\/\/wp.me\/P4DSVg-bS0","jetpack_sharing_enabled":true,"_links":{"self":[{"href":"https:\/\/www.ultratourmonterosa.com\/de\/wp-json\/wp\/v2\/pages\/45632","targetHints":{"allow":["GET"]}}],"collection":[{"href":"https:\/\/www.ultratourmonterosa.com\/de\/wp-json\/wp\/v2\/pages"}],"about":[{"href":"https:\/\/www.ultratourmonterosa.com\/de\/wp-json\/wp\/v2\/types\/page"}],"author":[{"embeddable":true,"href":"https:\/\/www.ultratourmonterosa.com\/de\/wp-json\/wp\/v2\/users\/2"}],"replies":[{"embeddable":true,"href":"https:\/\/www.ultratourmonterosa.com\/de\/wp-json\/wp\/v2\/comments?post=45632"}],"version-history":[{"count":5,"href":"https:\/\/www.ultratourmonterosa.com\/de\/wp-json\/wp\/v2\/pages\/45632\/revisions"}],"predecessor-version":[{"id":50558,"href":"https:\/\/www.ultratourmonterosa.com\/de\/wp-json\/wp\/v2\/pages\/45632\/revisions\/50558"}],"up":[{"embeddable":true,"href":"https:\/\/www.ultratourmonterosa.com\/de\/wp-json\/wp\/v2\/pages\/17485"}],"wp:featuredmedia":[{"embeddable":true,"href":"https:\/\/www.ultratourmonterosa.com\/de\/wp-json\/wp\/v2\/media\/44473"}],"wp:attachment":[{"href":"https:\/\/www.ultratourmonterosa.com\/de\/wp-json\/wp\/v2\/media?parent=45632"}],"curies":[{"name":"wp","href":"https:\/\/api.w.org\/{rel}","templated":true}]}}