{"id":50423,"date":"2022-12-09T21:43:41","date_gmt":"2022-12-09T15:58:41","guid":{"rendered":"https:\/\/www.ultratourmonterosa.com\/anmeldemoeglichkeiten-fuer-die-ausgabe-2024-des-utmr\/"},"modified":"2025-09-30T15:53:29","modified_gmt":"2025-09-30T10:08:29","slug":"anmeldemoeglichkeiten-fuer-die-ausgabe-2024-des-utmr","status":"publish","type":"page","link":"https:\/\/www.ultratourmonterosa.com\/de\/anmeldemoeglichkeiten-fuer-die-ausgabe-2024-des-utmr\/","title":{"rendered":"Anmeldem\u00f6glichkeiten f\u00fcr die Ausgabe 2026 der UTMR"},"content":{"rendered":"\n<div class=\"wp-block-simple-alerts-for-gutenberg-alert-boxes sab-alert sab-alert-success\" role=\"alert\">Namaste \ud83d\ude4f<br><br>Die Ultra Tour Monte Rosa ist eine unglaubliche Bergroute rund um den Monte Rosa, die von einem kleinen und unabh\u00e4ngigen Team organisiert wird, das eine Leidenschaft f\u00fcr die Berge hat und stolz darauf ist. Wir versuchen, Ihnen etwas anderes zu bieten, ein gro\u00dfes Rennerlebnis, aber in einem intimen Rahmen. Wir lieben diese Route und diese Berge und m\u00f6chten sie einfach mit Ihnen teilen und Ihnen die M\u00f6glichkeit bieten, sowohl diese unglaubliche Landschaft als auch sich selbst zu entdecken.<br><br>Und gemeinsam sind wir UTMR! Sie, unsere L\u00e4uferinnen und L\u00e4ufer, mit Ihrem Engagement, Ihrem Enthusiasmus und Ihrem Einsatz; unser leidenschaftliches und engagiertes Team von Freiwilligen, die das Unm\u00f6gliche m\u00f6glich machen; unsere Gastgemeinden und wir (die Organisation)!<br><br>Wir freuen uns darauf, Sie im September 2026 zu einem<em>&#8222;k\u00fchnen, sch\u00f6nen, brutalen<\/em>&#8220; Rennerlebnis im Herzen der Alpen begr\u00fc\u00dfen zu d\u00fcrfen. Bis bald in Gr\u00e4chen!  <\/div>\n\n<div style=\"height:10px\" aria-hidden=\"true\" class=\"wp-block-spacer\"><\/div>\n\n<h2 class=\"wp-block-heading\" id=\"pre-registration-is-open\"><mark style=\"background-color:rgba(0, 0, 0, 0)\" class=\"has-inline-color has-utmr-red-color\"><strong>Die Vorregistrierung ist ge\u00f6ffnet!<\/strong><\/mark><\/h2>\n\n<div style=\"height:10px\" aria-hidden=\"true\" class=\"wp-block-spacer\"><\/div>\n\n<p>Es gibt keine Lotterie oder Wartelisten, aber wir verlangen trotzdem eine einfache Voranmeldung f\u00fcr alle Rennen. Dies dient lediglich dazu, dass wir Ihre Erfahrung \u00fcberpr\u00fcfen k\u00f6nnen, damit wir sicher sein k\u00f6nnen, dass Sie vorbereitet sind und die alpine Umgebung genie\u00dfen k\u00f6nnen, unabh\u00e4ngig von den Bedingungen am Renntag. Nach Pr\u00fcfung Ihrer Erfahrungen werden wir Ihnen innerhalb von 48 Stunden mitteilen, ob wir Ihnen einen Platz anbieten k\u00f6nnen. Ihr L\u00e4tzchen wird erst nach Erhalt Ihrer ausgef\u00fcllten Registrierung und Zahlung best\u00e4tigt.<\/p>\n\n<p>Wir werden bald jedes Rennen einzeln in den sozialen Medien und \u00fcber unseren allgemeinen Newsletter vorstellen. Bitte teilen Sie diese Nachricht mit Ihren Lauffreunden!<\/p>\n\n<div style=\"height:10px\" aria-hidden=\"true\" class=\"wp-block-spacer\"><\/div>\n\n<ul class=\"wp-block-list\">\n<li><strong>170 km Ultra Tour \ud83c\udde8\ud83c\udded &amp; \ud83c\uddee\ud83c\uddf9 :<\/strong> 170 km mit +11.600 H\u00f6henmetern, Start um 04.00 Uhr in Gr\u00e4chen am Donnerstag, den 3. September 2026. Finish in Gr\u00e4chen.<\/li>\n\n\n\n<li><strong>Etappenrennen \ud83c\udde8\ud83c\udded &amp; \ud83c\uddee\ud83c\uddf9 : <\/strong>4-Tage, Start um 06.30 Uhr in Gr\u00e4chen am Mittwoch, den 2. September 2026. \u00dcbernachtungen in Zermatt, Gressoney-la-Trinit\u00e9 und Macugnaga. Original 170 km lange Schleife um den Monte Rosa! Finish in Gr\u00e4chen.<\/li>\n\n\n\n<li><strong>Mischabel 60<\/strong> \ud83c\udde8\ud83c\udded : 63 km mit +4,445m Aufstieg, Start 04.00h in Gr\u00e4chen am Samstag, 5. September 2026. Finish in Gr\u00e4chen.<\/li>\n\n\n\n<li><strong>Gr\u00e4chen Berglauf \ud83c\udde8\ud83c\udded<\/strong> <strong>:<\/strong> 19 km mit +1.507m Aufstieg, Start 10.00h in Gr\u00e4chen am Samstag, den 5. September 2026. Finish in Gr\u00e4chen.  <\/li>\n<\/ul>\n\n<div style=\"height:10px\" aria-hidden=\"true\" class=\"wp-block-spacer\"><\/div>\n\n<p><\/p>\n\n<p><strong>Erreichbarkeit: <\/strong>Alle unsere Rennstrecken im Jahr 2026 werden in Gr\u00e4chen starten und enden. Dieses reizvolle kleine Dorf am Eingang des Zermatter Tals in den Schweizer Alpen ist mit \u00f6ffentlichen Verkehrsmitteln von den Flugh\u00e4fen Genf und Z\u00fcrich aus sehr gut zu erreichen. Wir werden Ihnen nach der Anmeldung alle Einzelheiten der Reise mitteilen.<\/p>\n\n<p><strong>Training:<\/strong> W\u00e4hrend der Sommermonate werden wir auch eine Reihe von Trainingslagern\/Tagen auf den verschiedenen Rennstrecken sowie einige andere spannende Mehrtagestouren anbieten. Wir werden das Programm Anfang Januar fertig stellen. Bitte tragen Sie sich in unsere <a href=\"http:\/\/eepurl.com\/dfWQur\" target=\"_blank\" rel=\"noreferrer noopener\">Mailingliste<\/a> ein, wenn Sie auf dem Laufenden gehalten werden m\u00f6chten. Diese Touren sind ein gro\u00dfartiges Training, eine perfekte Gelegenheit, um sich an das Terrain anzupassen, auf dem Sie Rennen fahren werden. Sie sind aber auch einfach eine Gelegenheit, ein Bergabenteuer ohne den Druck eines Rennens und in Gesellschaft einer kleinen Gruppe gleichgesinnter neuer Freunde zu genie\u00dfen. Schlie\u00dfen Sie sich uns an!<\/p>\n\n<p>Unsere Rennstrecken f\u00fchren Sie in die N\u00e4he zahlreicher 4000er-Gipfel, die zu den besten alpinen Trails geh\u00f6ren, die wir kennen, und das will schon etwas hei\u00dfen.  <\/p>\n\n<p class=\"has-text-align-center has-medium-font-size\"><mark style=\"background-color:rgba(0, 0, 0, 0)\" class=\"has-inline-color has-utmr-blue-color\">Viel Gl\u00fcck und bis im September!<\/mark> <\/p>\n\n<div style=\"height:20px\" aria-hidden=\"true\" class=\"wp-block-spacer\"><\/div>\n<a href='https:\/\/registration.utmr.ch\/pre-registration\/' \n\t\t\ttarget='_blank' \n\t\t\tid='utmr-yellow-button-block_ecb475321f5b6f0d9ade285503a69be2' \n\t\t\tclass='utmr-button  ur-btn-yellow has-utmr-yellow-background-color text-black block-utmr-yellow-button' >\n\t\t\t\t Registrieren Sie sich vorab \u00fcber diesen Link! &nbsp;&nbsp;<i class='fas fa-external-link-alt'><\/i>\n\t\t\t<\/a>","protected":false},"excerpt":{"rendered":"<p>Die Vorregistrierung ist ge\u00f6ffnet! Es gibt keine Lotterie oder Wartelisten, aber wir verlangen trotzdem eine einfache Voranmeldung f\u00fcr alle Rennen. Dies dient lediglich dazu, dass wir Ihre Erfahrung \u00fcberpr\u00fcfen k\u00f6nnen, damit wir sicher sein k\u00f6nnen, dass Sie vorbereitet sind und die alpine Umgebung genie\u00dfen k\u00f6nnen, unabh\u00e4ngig von den Bedingungen am Renntag. Nach Pr\u00fcfung Ihrer Erfahrungen [&hellip;]<\/p>\n","protected":false},"author":2,"featured_media":50017,"parent":0,"menu_order":2,"comment_status":"closed","ping_status":"closed","template":"page-default.php","meta":{"_acf_changed":false,"jetpack_post_was_ever_published":false,"footnotes":"","_wp_rev_ctl_limit":""},"class_list":["post-50423","page","type-page","status-publish","has-post-thumbnail","hentry"],"acf":[],"yoast_head":"<!-- This site is optimized with the Yoast SEO plugin v27.4 - https:\/\/yoast.com\/product\/yoast-seo-wordpress\/ -->\n<title>Anmeldem\u00f6glichkeiten f\u00fcr die Ausgabe 2026 der UTMR - Ultra Tour Monte Rosa<\/title>\n<meta name=\"description\" content=\"Registrierung offen!\" \/>\n<meta name=\"robots\" content=\"index, follow, max-snippet:-1, max-image-preview:large, max-video-preview:-1\" \/>\n<link rel=\"canonical\" href=\"https:\/\/www.ultratourmonterosa.com\/de\/anmeldemoeglichkeiten-fuer-die-ausgabe-2024-des-utmr\/\" \/>\n<meta property=\"og:locale\" content=\"de_DE\" \/>\n<meta property=\"og:type\" content=\"article\" \/>\n<meta property=\"og:title\" content=\"Anmeldem\u00f6glichkeiten f\u00fcr die Ausgabe 2026 der UTMR - Ultra Tour Monte Rosa\" \/>\n<meta property=\"og:description\" content=\"Registrierung offen!\" \/>\n<meta property=\"og:url\" content=\"https:\/\/www.ultratourmonterosa.com\/de\/anmeldemoeglichkeiten-fuer-die-ausgabe-2024-des-utmr\/\" \/>\n<meta property=\"og:site_name\" content=\"Ultra Tour Monte Rosa\" \/>\n<meta property=\"article:publisher\" content=\"https:\/\/www.facebook.com\/UltraTourMonteRosa\/\" \/>\n<meta property=\"article:modified_time\" content=\"2025-09-30T10:08:29+00:00\" \/>\n<meta property=\"og:image\" content=\"https:\/\/www.ultratourmonterosa.com\/wp-content\/uploads\/2021\/12\/51431707995_815dcca786_c.jpg\" \/>\n<meta name=\"twitter:card\" content=\"summary_large_image\" \/>\n<meta name=\"twitter:site\" content=\"@UltraMonteRosa\" \/>\n<meta name=\"twitter:label1\" content=\"Gesch\u00e4tzte Lesezeit\" \/>\n\t<meta name=\"twitter:data1\" content=\"3\u00a0Minuten\" \/>\n<script type=\"application\/ld+json\" class=\"yoast-schema-graph\">{\"@context\":\"https:\\\/\\\/schema.org\",\"@graph\":[{\"@type\":\"WebPage\",\"@id\":\"https:\\\/\\\/www.ultratourmonterosa.com\\\/de\\\/anmeldemoeglichkeiten-fuer-die-ausgabe-2024-des-utmr\\\/\",\"url\":\"https:\\\/\\\/www.ultratourmonterosa.com\\\/de\\\/anmeldemoeglichkeiten-fuer-die-ausgabe-2024-des-utmr\\\/\",\"name\":\"Anmeldem\u00f6glichkeiten f\u00fcr die Ausgabe 2026 der UTMR - Ultra Tour Monte Rosa\",\"isPartOf\":{\"@id\":\"https:\\\/\\\/www.ultratourmonterosa.com\\\/#website\"},\"primaryImageOfPage\":{\"@id\":\"https:\\\/\\\/www.ultratourmonterosa.com\\\/de\\\/anmeldemoeglichkeiten-fuer-die-ausgabe-2024-des-utmr\\\/#primaryimage\"},\"image\":{\"@id\":\"https:\\\/\\\/www.ultratourmonterosa.com\\\/de\\\/anmeldemoeglichkeiten-fuer-die-ausgabe-2024-des-utmr\\\/#primaryimage\"},\"thumbnailUrl\":\"https:\\\/\\\/www.ultratourmonterosa.com\\\/wp-content\\\/uploads\\\/2023\\\/10\\\/53227354077_e2dd0667f3_o.jpg\",\"datePublished\":\"2022-12-09T15:58:41+00:00\",\"dateModified\":\"2025-09-30T10:08:29+00:00\",\"description\":\"Registrierung offen!\",\"breadcrumb\":{\"@id\":\"https:\\\/\\\/www.ultratourmonterosa.com\\\/de\\\/anmeldemoeglichkeiten-fuer-die-ausgabe-2024-des-utmr\\\/#breadcrumb\"},\"inLanguage\":\"de\",\"potentialAction\":[{\"@type\":\"ReadAction\",\"target\":[\"https:\\\/\\\/www.ultratourmonterosa.com\\\/de\\\/anmeldemoeglichkeiten-fuer-die-ausgabe-2024-des-utmr\\\/\"]}]},{\"@type\":\"ImageObject\",\"inLanguage\":\"de\",\"@id\":\"https:\\\/\\\/www.ultratourmonterosa.com\\\/de\\\/anmeldemoeglichkeiten-fuer-die-ausgabe-2024-des-utmr\\\/#primaryimage\",\"url\":\"https:\\\/\\\/www.ultratourmonterosa.com\\\/wp-content\\\/uploads\\\/2023\\\/10\\\/53227354077_e2dd0667f3_o.jpg\",\"contentUrl\":\"https:\\\/\\\/www.ultratourmonterosa.com\\\/wp-content\\\/uploads\\\/2023\\\/10\\\/53227354077_e2dd0667f3_o.jpg\",\"width\":1980,\"height\":1320},{\"@type\":\"BreadcrumbList\",\"@id\":\"https:\\\/\\\/www.ultratourmonterosa.com\\\/de\\\/anmeldemoeglichkeiten-fuer-die-ausgabe-2024-des-utmr\\\/#breadcrumb\",\"itemListElement\":[{\"@type\":\"ListItem\",\"position\":1,\"name\":\"Home\",\"item\":\"https:\\\/\\\/www.ultratourmonterosa.com\\\/de\\\/\"},{\"@type\":\"ListItem\",\"position\":2,\"name\":\"Anmeldem\u00f6glichkeiten f\u00fcr die Ausgabe 2026 der UTMR\"}]},{\"@type\":\"WebSite\",\"@id\":\"https:\\\/\\\/www.ultratourmonterosa.com\\\/#website\",\"url\":\"https:\\\/\\\/www.ultratourmonterosa.com\\\/\",\"name\":\"Ultra Tour Monte Rosa\",\"description\":\"3-6 September 2025\",\"publisher\":{\"@id\":\"https:\\\/\\\/www.ultratourmonterosa.com\\\/#organization\"},\"potentialAction\":[{\"@type\":\"SearchAction\",\"target\":{\"@type\":\"EntryPoint\",\"urlTemplate\":\"https:\\\/\\\/www.ultratourmonterosa.com\\\/?s={search_term_string}\"},\"query-input\":{\"@type\":\"PropertyValueSpecification\",\"valueRequired\":true,\"valueName\":\"search_term_string\"}}],\"inLanguage\":\"de\"},{\"@type\":\"Organization\",\"@id\":\"https:\\\/\\\/www.ultratourmonterosa.com\\\/#organization\",\"name\":\"Ultra Tour Monte Rosa\",\"url\":\"https:\\\/\\\/www.ultratourmonterosa.com\\\/\",\"logo\":{\"@type\":\"ImageObject\",\"inLanguage\":\"de\",\"@id\":\"https:\\\/\\\/www.ultratourmonterosa.com\\\/#\\\/schema\\\/logo\\\/image\\\/\",\"url\":\"https:\\\/\\\/www.ultratourmonterosa.com\\\/wp-content\\\/uploads\\\/2024\\\/09\\\/UTMR-logo-300px-1.png\",\"contentUrl\":\"https:\\\/\\\/www.ultratourmonterosa.com\\\/wp-content\\\/uploads\\\/2024\\\/09\\\/UTMR-logo-300px-1.png\",\"width\":300,\"height\":300,\"caption\":\"Ultra Tour Monte Rosa\"},\"image\":{\"@id\":\"https:\\\/\\\/www.ultratourmonterosa.com\\\/#\\\/schema\\\/logo\\\/image\\\/\"},\"sameAs\":[\"https:\\\/\\\/www.facebook.com\\\/UltraTourMonteRosa\\\/\",\"https:\\\/\\\/x.com\\\/UltraMonteRosa\"]}]}<\/script>\n<!-- \/ Yoast SEO plugin. -->","yoast_head_json":{"title":"Anmeldem\u00f6glichkeiten f\u00fcr die Ausgabe 2026 der UTMR - Ultra Tour Monte Rosa","description":"Registrierung offen!","robots":{"index":"index","follow":"follow","max-snippet":"max-snippet:-1","max-image-preview":"max-image-preview:large","max-video-preview":"max-video-preview:-1"},"canonical":"https:\/\/www.ultratourmonterosa.com\/de\/anmeldemoeglichkeiten-fuer-die-ausgabe-2024-des-utmr\/","og_locale":"de_DE","og_type":"article","og_title":"Anmeldem\u00f6glichkeiten f\u00fcr die Ausgabe 2026 der UTMR - Ultra Tour Monte Rosa","og_description":"Registrierung offen!","og_url":"https:\/\/www.ultratourmonterosa.com\/de\/anmeldemoeglichkeiten-fuer-die-ausgabe-2024-des-utmr\/","og_site_name":"Ultra Tour Monte Rosa","article_publisher":"https:\/\/www.facebook.com\/UltraTourMonteRosa\/","article_modified_time":"2025-09-30T10:08:29+00:00","og_image":[{"url":"https:\/\/www.ultratourmonterosa.com\/wp-content\/uploads\/2021\/12\/51431707995_815dcca786_c.jpg","type":"","width":"","height":""}],"twitter_card":"summary_large_image","twitter_site":"@UltraMonteRosa","twitter_misc":{"Gesch\u00e4tzte Lesezeit":"3\u00a0Minuten"},"schema":{"@context":"https:\/\/schema.org","@graph":[{"@type":"WebPage","@id":"https:\/\/www.ultratourmonterosa.com\/de\/anmeldemoeglichkeiten-fuer-die-ausgabe-2024-des-utmr\/","url":"https:\/\/www.ultratourmonterosa.com\/de\/anmeldemoeglichkeiten-fuer-die-ausgabe-2024-des-utmr\/","name":"Anmeldem\u00f6glichkeiten f\u00fcr die Ausgabe 2026 der UTMR - Ultra Tour Monte Rosa","isPartOf":{"@id":"https:\/\/www.ultratourmonterosa.com\/#website"},"primaryImageOfPage":{"@id":"https:\/\/www.ultratourmonterosa.com\/de\/anmeldemoeglichkeiten-fuer-die-ausgabe-2024-des-utmr\/#primaryimage"},"image":{"@id":"https:\/\/www.ultratourmonterosa.com\/de\/anmeldemoeglichkeiten-fuer-die-ausgabe-2024-des-utmr\/#primaryimage"},"thumbnailUrl":"https:\/\/www.ultratourmonterosa.com\/wp-content\/uploads\/2023\/10\/53227354077_e2dd0667f3_o.jpg","datePublished":"2022-12-09T15:58:41+00:00","dateModified":"2025-09-30T10:08:29+00:00","description":"Registrierung offen!","breadcrumb":{"@id":"https:\/\/www.ultratourmonterosa.com\/de\/anmeldemoeglichkeiten-fuer-die-ausgabe-2024-des-utmr\/#breadcrumb"},"inLanguage":"de","potentialAction":[{"@type":"ReadAction","target":["https:\/\/www.ultratourmonterosa.com\/de\/anmeldemoeglichkeiten-fuer-die-ausgabe-2024-des-utmr\/"]}]},{"@type":"ImageObject","inLanguage":"de","@id":"https:\/\/www.ultratourmonterosa.com\/de\/anmeldemoeglichkeiten-fuer-die-ausgabe-2024-des-utmr\/#primaryimage","url":"https:\/\/www.ultratourmonterosa.com\/wp-content\/uploads\/2023\/10\/53227354077_e2dd0667f3_o.jpg","contentUrl":"https:\/\/www.ultratourmonterosa.com\/wp-content\/uploads\/2023\/10\/53227354077_e2dd0667f3_o.jpg","width":1980,"height":1320},{"@type":"BreadcrumbList","@id":"https:\/\/www.ultratourmonterosa.com\/de\/anmeldemoeglichkeiten-fuer-die-ausgabe-2024-des-utmr\/#breadcrumb","itemListElement":[{"@type":"ListItem","position":1,"name":"Home","item":"https:\/\/www.ultratourmonterosa.com\/de\/"},{"@type":"ListItem","position":2,"name":"Anmeldem\u00f6glichkeiten f\u00fcr die Ausgabe 2026 der UTMR"}]},{"@type":"WebSite","@id":"https:\/\/www.ultratourmonterosa.com\/#website","url":"https:\/\/www.ultratourmonterosa.com\/","name":"Ultra Tour Monte Rosa","description":"3-6 September 2025","publisher":{"@id":"https:\/\/www.ultratourmonterosa.com\/#organization"},"potentialAction":[{"@type":"SearchAction","target":{"@type":"EntryPoint","urlTemplate":"https:\/\/www.ultratourmonterosa.com\/?s={search_term_string}"},"query-input":{"@type":"PropertyValueSpecification","valueRequired":true,"valueName":"search_term_string"}}],"inLanguage":"de"},{"@type":"Organization","@id":"https:\/\/www.ultratourmonterosa.com\/#organization","name":"Ultra Tour Monte Rosa","url":"https:\/\/www.ultratourmonterosa.com\/","logo":{"@type":"ImageObject","inLanguage":"de","@id":"https:\/\/www.ultratourmonterosa.com\/#\/schema\/logo\/image\/","url":"https:\/\/www.ultratourmonterosa.com\/wp-content\/uploads\/2024\/09\/UTMR-logo-300px-1.png","contentUrl":"https:\/\/www.ultratourmonterosa.com\/wp-content\/uploads\/2024\/09\/UTMR-logo-300px-1.png","width":300,"height":300,"caption":"Ultra Tour Monte Rosa"},"image":{"@id":"https:\/\/www.ultratourmonterosa.com\/#\/schema\/logo\/image\/"},"sameAs":["https:\/\/www.facebook.com\/UltraTourMonteRosa\/","https:\/\/x.com\/UltraMonteRosa"]}]}},"jetpack_shortlink":"https:\/\/wp.me\/P4DSVg-d7h","jetpack_sharing_enabled":true,"_links":{"self":[{"href":"https:\/\/www.ultratourmonterosa.com\/de\/wp-json\/wp\/v2\/pages\/50423","targetHints":{"allow":["GET"]}}],"collection":[{"href":"https:\/\/www.ultratourmonterosa.com\/de\/wp-json\/wp\/v2\/pages"}],"about":[{"href":"https:\/\/www.ultratourmonterosa.com\/de\/wp-json\/wp\/v2\/types\/page"}],"author":[{"embeddable":true,"href":"https:\/\/www.ultratourmonterosa.com\/de\/wp-json\/wp\/v2\/users\/2"}],"replies":[{"embeddable":true,"href":"https:\/\/www.ultratourmonterosa.com\/de\/wp-json\/wp\/v2\/comments?post=50423"}],"version-history":[{"count":5,"href":"https:\/\/www.ultratourmonterosa.com\/de\/wp-json\/wp\/v2\/pages\/50423\/revisions"}],"predecessor-version":[{"id":51392,"href":"https:\/\/www.ultratourmonterosa.com\/de\/wp-json\/wp\/v2\/pages\/50423\/revisions\/51392"}],"wp:featuredmedia":[{"embeddable":true,"href":"https:\/\/www.ultratourmonterosa.com\/de\/wp-json\/wp\/v2\/media\/50017"}],"wp:attachment":[{"href":"https:\/\/www.ultratourmonterosa.com\/de\/wp-json\/wp\/v2\/media?parent=50423"}],"curies":[{"name":"wp","href":"https:\/\/api.w.org\/{rel}","templated":true}]}}