{"id":50496,"date":"2024-05-08T09:37:45","date_gmt":"2024-05-08T03:52:45","guid":{"rendered":"https:\/\/www.ultratourmonterosa.com\/race-info__trashed\/vorregistrierung-fuer-den-utmr-mischabel-60\/"},"modified":"2025-09-30T18:02:28","modified_gmt":"2025-09-30T12:17:28","slug":"vorregistrierung-fuer-den-utmr-mischabel-60","status":"publish","type":"page","link":"https:\/\/www.ultratourmonterosa.com\/de\/vorregistrierung-fuer-den-utmr-mischabel-60\/","title":{"rendered":"Vorregistrierung f\u00fcr den UTMR Mischabel 60"},"content":{"rendered":"\n<div style=\"height:50px\" aria-hidden=\"true\" class=\"wp-block-spacer\"><\/div>\n\n\n\n<h2 class=\"wp-block-heading\" id=\"registration-information\">Anmeldeinfos<\/h2>\n\n\n\n<div style=\"height:20px\" aria-hidden=\"true\" class=\"wp-block-spacer\"><\/div>\n\n\n\n<p>Hier finden Sie die Informationen, um Ihre Voranmeldung f\u00fcr den Mischabel 60 zu vervollst\u00e4ndigen.<\/p>\n\n\n\n<p>Bitte sorgf\u00e4ltig durchlesen und das mit dieser Seite verlinkte Anmeldeformular ausf\u00fcllen..<\/p>\n\n\n\n<p>Das ist ein hartes und anspruchsvolles Langstreckenrennen auf hochalpinen Pfaden. Da wir m\u00f6chten, dass ihr Spa\u00df habt und dieses Rennen genie\u00dfen k\u00f6nnt, mussen wir \u00fcberpr\u00fcfen, ob ihr gen\u00fcgend Erfahrung habt, um mit den Anforderungen des Gel\u00e4ndes fertigzuwerden und euch unter allen m\u00f6glichen Bedingungen noch um euch selbst k\u00fcmmern k\u00f6nnt.<\/p>\n\n\n\n<p>Die Auswahl erfolgt auf der Grundlage der ersten Wahl, vorbehaltlich der erforderlichen Erfahrung (siehe unten). Die Organisation reserviert einige Wildcard-Pl\u00e4tze, die nach eigenem Ermessen vergeben werden k\u00f6nnen.<\/p>\n\n\n\n<div style=\"height:50px\" aria-hidden=\"true\" class=\"wp-block-spacer\"><\/div>\n\n\n\n<h2 class=\"wp-block-heading\" id=\"required-experience\">Erforderliche Erfahrung<\/h2>\n\n\n\n<ul class=\"wp-block-list\">\n<li>Sie m\u00fcssen innerhalb der letzten zwei Jahre ein Rennen von mindestens 30 km auf h\u00fcgeligem oder bergigem Gel\u00e4nde absolviert haben<\/li>\n\n\n\n<li>ODER Abschluss eines Rennens \u00fcber mehrere Etappen in bergigem Terrain<\/li>\n\n\n\n<li>UND Bergerfahrung, so dass ihr uns \u00fcberzeugen k\u00f6nnt, dass ihr mit den Anforderungen des Gel\u00e4ndes umgehen und euch unter allen m\u00f6glichen Bedingungen um euch selbst k\u00fcmmern k\u00f6nnt und trotzdem noch Spa\u00df habt<\/li>\n<\/ul>\n\n\n\n<div style=\"height:50px\" aria-hidden=\"true\" class=\"wp-block-spacer\"><\/div>\n\n\n\n<h2 class=\"wp-block-heading\" id=\"registration-cost\">Anmeldegeb\u00fchr<\/h2>\n\n\n\n<p><strong>Geb\u00fchr: 150 CHF  <\/strong><\/p>\n\n\n\n<p>Die Anmeldegeb\u00fchr beinhaltet:<\/p>\n\n\n\n<ul class=\"wp-block-list\">\n<li>Startnummer und Rennchip (offizielle Zeitmessung)<\/li>\n\n\n\n<li>GPS-Tracking f\u00fcr Sicherheit<\/li>\n\n\n\n<li>Schickes UTMR T-shirt<\/li>\n\n\n\n<li>Checkpoints mit Erfrischung (Essen und Trinken)<\/li>\n\n\n\n<li>Geschenk f\u00fcr den Finisher (f\u00fcr offizielle Finisher des Mischabel 60)<\/li>\n<\/ul>\n\n\n\n<div style=\"height:50px\" aria-hidden=\"true\" class=\"wp-block-spacer\"><\/div>\n\n\n\n<h2 class=\"wp-block-heading\" id=\"race-registration-and-equipment-check\">Anmeldung und Ausr\u00fcstungs-Check<\/h2>\n\n\n\n<p>Die Anmeldung zum Rennen findet am <strong>Freitag, den 4. September zwischen 16:00 und 19:00 Uhr<\/strong> in Gr\u00e4chen statt. Dies ist obligatorisch.<\/p>\n\n\n\n<p>Ihre Startnummer und Ihr Timing-Chip erhalten Sie auf:<\/p>\n\n\n\n<ul class=\"wp-block-list\">\n<li>Vorlage des Lichtbildausweises (Reisepass, Personalausweis)<\/li>\n\n\n\n<li>\u00dcberpr\u00fcfung der obligatorischen Ausr\u00fcstung<\/li>\n<\/ul>\n\n\n\n<div style=\"height:50px\" aria-hidden=\"true\" class=\"wp-block-spacer\"><\/div>\n\n\n\n<h2 class=\"wp-block-heading\" id=\"finalised-race-information-and-schedule\">Letzte Renninformationen und Zeitplan<\/h2>\n\n\n\n<p>Das Roadbook mit detaillierten, endg\u00fcltigen Informationen zum Rennen wird Ihnen bis zum 1. Juli per E-Mail zugesandt.\nWir werden Sie nach diesem Datum per E-Mail \u00fcber eventuelle Aktualisierungen informieren. <\/p>\n\n\n\n<ul class=\"wp-block-list\">\n<li>Endg\u00fcltige Streckeninformationen, GPS und Profil<\/li>\n\n\n\n<li>Checkpoint-Standorte, Zeitnahme und Services (Nahrungsmittel, Getr\u00e4nke, Erste Hilfe)<\/li>\n\n\n\n<li>T\u00e4glicher Rennplan<\/li>\n<\/ul>\n\n\n\n<div style=\"height:50px\" aria-hidden=\"true\" class=\"wp-block-spacer\"><\/div>\n\n\n\n<h2 class=\"wp-block-heading\" id=\"insurance\">Versicherung<\/h2>\n\n\n\n<p>Jeder Rennteilnehmer muss \u00fcber eine pers\u00f6nliche Unfallversicherung verf\u00fcgen, die die Kosten f\u00fcr eine Evakuierung in der Schweiz abdeckt. Die Versicherungspolice muss mindestens f\u00fcr die Dauer des Rennens g\u00fcltig sein.<\/p>\n\n\n\n<p>N.B. Die Evakuierung per Hubschrauber ist in der Schweiz nicht kostenlos. Die Wahl der Evakuierung h\u00e4ngt ausschlie\u00dflich von der Organisation ab, die der Sicherheit des Teilnehmers Priorit\u00e4t einr\u00e4umt.<\/p>\n\n\n\n<div style=\"height:20px\" aria-hidden=\"true\" class=\"wp-block-spacer\"><\/div>\n\n\n\n<div class=\"wp-block-simple-alerts-for-gutenberg-alert-boxes sab-alert sab-alert-primary\" role=\"alert\">Wenn Sie Schwierigkeiten haben, eine geeignete Versicherung zu finden, k\u00f6nnen wir Ihnen die L\u00e4uferversicherung der ITRA (International Trail Running Association) empfehlen.\nF\u00fcr weitere Informationen <a href=\"\" target=\"\" rel=\"noopener\">siehe hier<\/a>.   <\/div>\n\n\n\n<div style=\"height:20px\" aria-hidden=\"true\" class=\"wp-block-spacer\"><\/div>\n\n\n\n<div class=\"wp-block-simple-alerts-for-gutenberg-alert-boxes sab-alert sab-alert-danger\" role=\"alert\">Es ist ratsam, dass Sie auch eine normale Reiseversicherung abschlie\u00dfen, um die Stornierung der Unterkunft \/ des Shuttles usw. und der Rennanmeldung \u00fcber unsere <a href=\"https:\/\/www.ultratourmonterosa.com\/de\/useful-information\/stornierungsbedingungen\/\">UTMR-Stornierungsbedingungen<\/a> hinaus abzudecken.<\/div>\n\n\n\n<div style=\"height:50px\" aria-hidden=\"true\" class=\"wp-block-spacer\"><\/div>\n\n\n\n<h2 class=\"wp-block-heading\" id=\"cancellation\">Stornierung<\/h2>\n\n\n\n<p>Bitte lest vor der Anmeldung unsere Stornierungsbedingungen sorgf\u00e4ltig durch. Wir empfehlen dringend, eine Reiseversicherung abzuschlie\u00dfen, um die Kosten im Falle eines R\u00fcckzugs vom Rennen zu decken. Vielen Dank.<\/p>\n\n\n<a href='https:\/\/www.ultratourmonterosa.com\/legal\/cancellation-policy\/' \n\t\t\ttarget='_blank' \n\t\t\tid='utmr-yellow-button-block_6fa91250f5096715c3d9f5986267199e' \n\t\t\tclass='utmr-button  ur-btn-yellow has-utmr-yellow-background-color text-black block-utmr-yellow-button' >\n\t\t\t\t Stornierungsbedingungen\n\t\t\t<\/a>\n\n\n<div style=\"height:50px\" aria-hidden=\"true\" class=\"wp-block-spacer\"><\/div>\n\n\n\n<h2 class=\"wp-block-heading\" id=\"travel-and-accommodation\">Reise und Unterkunft<\/h2>\n\n\n\n<p>Der Mischabel 60 startet und endet in Gr\u00e4chen, einem sch\u00f6nen kleinen Dorf auf 1600m \u00fcber dem Mattertal. Auf unseren Informationsseiten findet ihr Hilfe bei der Unterbringung und Reise.<\/p>\n\n\n<a href='https:\/\/www.ultratourmonterosa.com\/useful-information\/travel-2\/' \n\t\t\ttarget='_blank' \n\t\t\tid='utmr-yellow-button-block_5dc93880eaa8f84c1a9237c91ed858d9' \n\t\t\tclass='utmr-button  ur-btn-yellow has-utmr-yellow-background-color text-black block-utmr-yellow-button' >\n\t\t\t\t Informationen zu Reise- und Busshuttles\n\t\t\t<\/a>\n\n<a href='https:\/\/www.ultratourmonterosa.com\/de\/useful-information\/unterkunft\/' \n\t\t\ttarget='' \n\t\t\tid='utmr-yellow-button-block_6a306809d8f0e2f18de078117d68a87f' \n\t\t\tclass='utmr-button  ur-btn-yellow has-utmr-yellow-background-color text-black block-utmr-yellow-button' >\n\t\t\t\t Informationen \u00fcber Unterk\u00fcnfte in Gr\u00e4chen\n\t\t\t<\/a>\n\n\n<div style=\"height:50px\" aria-hidden=\"true\" class=\"wp-block-spacer\"><\/div>\n\n\n\n<h2 class=\"wp-block-heading\" id=\"rules-and-terms\">Regeln und Bedingungen<\/h2>\n\n\n\n<p>Bitte Vorschriften und Gesch\u00e4ftsbedingungen gut durchlesen. Mit Einreichung des Anmeldeformulars best\u00e4tigt ihr, dass ihr die Bedingungen gelesen, verstanden und akzeptiert habt.<\/p>\n\n\n<a href='https:\/\/www.ultratourmonterosa.com\/legal\/regulations\/' \n\t\t\ttarget='' \n\t\t\tid='utmr-yellow-button-block_9e6f9c972ce3ae3d1c89ea469b94c397' \n\t\t\tclass='utmr-button  ur-btn-yellow has-utmr-yellow-background-color text-black block-utmr-yellow-button' >\n\t\t\t\t Vorschriften\n\t\t\t<\/a>\n\n<a href='https:\/\/www.ultratourmonterosa.com\/legal\/terms-and-conditions\/' \n\t\t\ttarget='' \n\t\t\tid='utmr-yellow-button-block_35e8de868fcf7759c181a121c0f76157' \n\t\t\tclass='utmr-button  ur-btn-yellow has-utmr-yellow-background-color text-black block-utmr-yellow-button' >\n\t\t\t\t Allgemeine Gesch\u00e4ftsbedingungen\n\t\t\t<\/a>\n\n\n<p><\/p>\n","protected":false},"excerpt":{"rendered":"<p>Anmeldeinfos Hier finden Sie die Informationen, um Ihre Voranmeldung f\u00fcr den Mischabel 60 zu vervollst\u00e4ndigen. Bitte sorgf\u00e4ltig durchlesen und das mit dieser Seite verlinkte Anmeldeformular ausf\u00fcllen.. Das ist ein hartes und anspruchsvolles Langstreckenrennen auf hochalpinen Pfaden. Da wir m\u00f6chten, dass ihr Spa\u00df habt und dieses Rennen genie\u00dfen k\u00f6nnt, mussen wir \u00fcberpr\u00fcfen, ob ihr gen\u00fcgend Erfahrung [&hellip;]<\/p>\n","protected":false},"author":2,"featured_media":25585,"parent":0,"menu_order":3,"comment_status":"closed","ping_status":"closed","template":"","meta":{"_acf_changed":false,"jetpack_post_was_ever_published":false,"footnotes":"","_wp_rev_ctl_limit":""},"class_list":["post-50496","page","type-page","status-publish","has-post-thumbnail","hentry"],"acf":[],"yoast_head":"<!-- This site is optimized with the Yoast SEO plugin v27.5 - https:\/\/yoast.com\/product\/yoast-seo-wordpress\/ -->\n<title>Vorregistrierung f\u00fcr den UTMR Mischabel 60 - Ultra Tour Monte Rosa<\/title>\n<meta name=\"robots\" content=\"index, follow, max-snippet:-1, max-image-preview:large, max-video-preview:-1\" \/>\n<link rel=\"canonical\" href=\"https:\/\/www.ultratourmonterosa.com\/de\/vorregistrierung-fuer-den-utmr-mischabel-60\/\" \/>\n<meta property=\"og:locale\" content=\"de_DE\" \/>\n<meta property=\"og:type\" content=\"article\" \/>\n<meta property=\"og:title\" content=\"Vorregistrierung f\u00fcr den UTMR Mischabel 60 - Ultra Tour Monte Rosa\" \/>\n<meta property=\"og:description\" content=\"Anmeldeinfos Hier finden Sie die Informationen, um Ihre Voranmeldung f\u00fcr den Mischabel 60 zu vervollst\u00e4ndigen. Bitte sorgf\u00e4ltig durchlesen und das mit dieser Seite verlinkte Anmeldeformular ausf\u00fcllen.. Das ist ein hartes und anspruchsvolles Langstreckenrennen auf hochalpinen Pfaden. Da wir m\u00f6chten, dass ihr Spa\u00df habt und dieses Rennen genie\u00dfen k\u00f6nnt, mussen wir \u00fcberpr\u00fcfen, ob ihr gen\u00fcgend Erfahrung [&hellip;]\" \/>\n<meta property=\"og:url\" content=\"https:\/\/www.ultratourmonterosa.com\/de\/vorregistrierung-fuer-den-utmr-mischabel-60\/\" \/>\n<meta property=\"og:site_name\" content=\"Ultra Tour Monte Rosa\" \/>\n<meta property=\"article:publisher\" content=\"https:\/\/www.facebook.com\/UltraTourMonteRosa\/\" \/>\n<meta property=\"article:modified_time\" content=\"2025-09-30T12:17:28+00:00\" \/>\n<meta property=\"og:image\" content=\"https:\/\/www.ultratourmonterosa.com\/wp-content\/uploads\/2013\/12\/UTMR_3a_tappa_foto_Giacomo_Meneghello_GM_16-3394untitled.jpg\" \/>\n\t<meta property=\"og:image:width\" content=\"1702\" \/>\n\t<meta property=\"og:image:height\" content=\"1080\" \/>\n\t<meta property=\"og:image:type\" content=\"image\/jpeg\" \/>\n<meta name=\"twitter:card\" content=\"summary_large_image\" \/>\n<meta name=\"twitter:site\" content=\"@UltraMonteRosa\" \/>\n<meta name=\"twitter:label1\" content=\"Gesch\u00e4tzte Lesezeit\" \/>\n\t<meta name=\"twitter:data1\" content=\"3\u00a0Minuten\" \/>\n<script type=\"application\/ld+json\" class=\"yoast-schema-graph\">{\"@context\":\"https:\\\/\\\/schema.org\",\"@graph\":[{\"@type\":\"WebPage\",\"@id\":\"https:\\\/\\\/www.ultratourmonterosa.com\\\/de\\\/vorregistrierung-fuer-den-utmr-mischabel-60\\\/\",\"url\":\"https:\\\/\\\/www.ultratourmonterosa.com\\\/de\\\/vorregistrierung-fuer-den-utmr-mischabel-60\\\/\",\"name\":\"Vorregistrierung f\u00fcr den UTMR Mischabel 60 - Ultra Tour Monte Rosa\",\"isPartOf\":{\"@id\":\"https:\\\/\\\/www.ultratourmonterosa.com\\\/#website\"},\"primaryImageOfPage\":{\"@id\":\"https:\\\/\\\/www.ultratourmonterosa.com\\\/de\\\/vorregistrierung-fuer-den-utmr-mischabel-60\\\/#primaryimage\"},\"image\":{\"@id\":\"https:\\\/\\\/www.ultratourmonterosa.com\\\/de\\\/vorregistrierung-fuer-den-utmr-mischabel-60\\\/#primaryimage\"},\"thumbnailUrl\":\"https:\\\/\\\/www.ultratourmonterosa.com\\\/wp-content\\\/uploads\\\/2013\\\/12\\\/UTMR_3a_tappa_foto_Giacomo_Meneghello_GM_16-3394untitled.jpg\",\"datePublished\":\"2024-05-08T03:52:45+00:00\",\"dateModified\":\"2025-09-30T12:17:28+00:00\",\"breadcrumb\":{\"@id\":\"https:\\\/\\\/www.ultratourmonterosa.com\\\/de\\\/vorregistrierung-fuer-den-utmr-mischabel-60\\\/#breadcrumb\"},\"inLanguage\":\"de\",\"potentialAction\":[{\"@type\":\"ReadAction\",\"target\":[\"https:\\\/\\\/www.ultratourmonterosa.com\\\/de\\\/vorregistrierung-fuer-den-utmr-mischabel-60\\\/\"]}]},{\"@type\":\"ImageObject\",\"inLanguage\":\"de\",\"@id\":\"https:\\\/\\\/www.ultratourmonterosa.com\\\/de\\\/vorregistrierung-fuer-den-utmr-mischabel-60\\\/#primaryimage\",\"url\":\"https:\\\/\\\/www.ultratourmonterosa.com\\\/wp-content\\\/uploads\\\/2013\\\/12\\\/UTMR_3a_tappa_foto_Giacomo_Meneghello_GM_16-3394untitled.jpg\",\"contentUrl\":\"https:\\\/\\\/www.ultratourmonterosa.com\\\/wp-content\\\/uploads\\\/2013\\\/12\\\/UTMR_3a_tappa_foto_Giacomo_Meneghello_GM_16-3394untitled.jpg\",\"width\":1702,\"height\":1080},{\"@type\":\"BreadcrumbList\",\"@id\":\"https:\\\/\\\/www.ultratourmonterosa.com\\\/de\\\/vorregistrierung-fuer-den-utmr-mischabel-60\\\/#breadcrumb\",\"itemListElement\":[{\"@type\":\"ListItem\",\"position\":1,\"name\":\"Home\",\"item\":\"https:\\\/\\\/www.ultratourmonterosa.com\\\/de\\\/\"},{\"@type\":\"ListItem\",\"position\":2,\"name\":\"Vorregistrierung f\u00fcr den UTMR Mischabel 60\"}]},{\"@type\":\"WebSite\",\"@id\":\"https:\\\/\\\/www.ultratourmonterosa.com\\\/#website\",\"url\":\"https:\\\/\\\/www.ultratourmonterosa.com\\\/\",\"name\":\"Ultra Tour Monte Rosa\",\"description\":\"3-6 September 2025\",\"publisher\":{\"@id\":\"https:\\\/\\\/www.ultratourmonterosa.com\\\/#organization\"},\"potentialAction\":[{\"@type\":\"SearchAction\",\"target\":{\"@type\":\"EntryPoint\",\"urlTemplate\":\"https:\\\/\\\/www.ultratourmonterosa.com\\\/?s={search_term_string}\"},\"query-input\":{\"@type\":\"PropertyValueSpecification\",\"valueRequired\":true,\"valueName\":\"search_term_string\"}}],\"inLanguage\":\"de\"},{\"@type\":\"Organization\",\"@id\":\"https:\\\/\\\/www.ultratourmonterosa.com\\\/#organization\",\"name\":\"Ultra Tour Monte Rosa\",\"url\":\"https:\\\/\\\/www.ultratourmonterosa.com\\\/\",\"logo\":{\"@type\":\"ImageObject\",\"inLanguage\":\"de\",\"@id\":\"https:\\\/\\\/www.ultratourmonterosa.com\\\/#\\\/schema\\\/logo\\\/image\\\/\",\"url\":\"https:\\\/\\\/www.ultratourmonterosa.com\\\/wp-content\\\/uploads\\\/2024\\\/09\\\/UTMR-logo-300px-1.png\",\"contentUrl\":\"https:\\\/\\\/www.ultratourmonterosa.com\\\/wp-content\\\/uploads\\\/2024\\\/09\\\/UTMR-logo-300px-1.png\",\"width\":300,\"height\":300,\"caption\":\"Ultra Tour Monte Rosa\"},\"image\":{\"@id\":\"https:\\\/\\\/www.ultratourmonterosa.com\\\/#\\\/schema\\\/logo\\\/image\\\/\"},\"sameAs\":[\"https:\\\/\\\/www.facebook.com\\\/UltraTourMonteRosa\\\/\",\"https:\\\/\\\/x.com\\\/UltraMonteRosa\"]}]}<\/script>\n<!-- \/ Yoast SEO plugin. -->","yoast_head_json":{"title":"Vorregistrierung f\u00fcr den UTMR Mischabel 60 - Ultra Tour Monte Rosa","robots":{"index":"index","follow":"follow","max-snippet":"max-snippet:-1","max-image-preview":"max-image-preview:large","max-video-preview":"max-video-preview:-1"},"canonical":"https:\/\/www.ultratourmonterosa.com\/de\/vorregistrierung-fuer-den-utmr-mischabel-60\/","og_locale":"de_DE","og_type":"article","og_title":"Vorregistrierung f\u00fcr den UTMR Mischabel 60 - Ultra Tour Monte Rosa","og_description":"Anmeldeinfos Hier finden Sie die Informationen, um Ihre Voranmeldung f\u00fcr den Mischabel 60 zu vervollst\u00e4ndigen. Bitte sorgf\u00e4ltig durchlesen und das mit dieser Seite verlinkte Anmeldeformular ausf\u00fcllen.. Das ist ein hartes und anspruchsvolles Langstreckenrennen auf hochalpinen Pfaden. Da wir m\u00f6chten, dass ihr Spa\u00df habt und dieses Rennen genie\u00dfen k\u00f6nnt, mussen wir \u00fcberpr\u00fcfen, ob ihr gen\u00fcgend Erfahrung [&hellip;]","og_url":"https:\/\/www.ultratourmonterosa.com\/de\/vorregistrierung-fuer-den-utmr-mischabel-60\/","og_site_name":"Ultra Tour Monte Rosa","article_publisher":"https:\/\/www.facebook.com\/UltraTourMonteRosa\/","article_modified_time":"2025-09-30T12:17:28+00:00","og_image":[{"width":1702,"height":1080,"url":"https:\/\/www.ultratourmonterosa.com\/wp-content\/uploads\/2013\/12\/UTMR_3a_tappa_foto_Giacomo_Meneghello_GM_16-3394untitled.jpg","type":"image\/jpeg"}],"twitter_card":"summary_large_image","twitter_site":"@UltraMonteRosa","twitter_misc":{"Gesch\u00e4tzte Lesezeit":"3\u00a0Minuten"},"schema":{"@context":"https:\/\/schema.org","@graph":[{"@type":"WebPage","@id":"https:\/\/www.ultratourmonterosa.com\/de\/vorregistrierung-fuer-den-utmr-mischabel-60\/","url":"https:\/\/www.ultratourmonterosa.com\/de\/vorregistrierung-fuer-den-utmr-mischabel-60\/","name":"Vorregistrierung f\u00fcr den UTMR Mischabel 60 - Ultra Tour Monte Rosa","isPartOf":{"@id":"https:\/\/www.ultratourmonterosa.com\/#website"},"primaryImageOfPage":{"@id":"https:\/\/www.ultratourmonterosa.com\/de\/vorregistrierung-fuer-den-utmr-mischabel-60\/#primaryimage"},"image":{"@id":"https:\/\/www.ultratourmonterosa.com\/de\/vorregistrierung-fuer-den-utmr-mischabel-60\/#primaryimage"},"thumbnailUrl":"https:\/\/www.ultratourmonterosa.com\/wp-content\/uploads\/2013\/12\/UTMR_3a_tappa_foto_Giacomo_Meneghello_GM_16-3394untitled.jpg","datePublished":"2024-05-08T03:52:45+00:00","dateModified":"2025-09-30T12:17:28+00:00","breadcrumb":{"@id":"https:\/\/www.ultratourmonterosa.com\/de\/vorregistrierung-fuer-den-utmr-mischabel-60\/#breadcrumb"},"inLanguage":"de","potentialAction":[{"@type":"ReadAction","target":["https:\/\/www.ultratourmonterosa.com\/de\/vorregistrierung-fuer-den-utmr-mischabel-60\/"]}]},{"@type":"ImageObject","inLanguage":"de","@id":"https:\/\/www.ultratourmonterosa.com\/de\/vorregistrierung-fuer-den-utmr-mischabel-60\/#primaryimage","url":"https:\/\/www.ultratourmonterosa.com\/wp-content\/uploads\/2013\/12\/UTMR_3a_tappa_foto_Giacomo_Meneghello_GM_16-3394untitled.jpg","contentUrl":"https:\/\/www.ultratourmonterosa.com\/wp-content\/uploads\/2013\/12\/UTMR_3a_tappa_foto_Giacomo_Meneghello_GM_16-3394untitled.jpg","width":1702,"height":1080},{"@type":"BreadcrumbList","@id":"https:\/\/www.ultratourmonterosa.com\/de\/vorregistrierung-fuer-den-utmr-mischabel-60\/#breadcrumb","itemListElement":[{"@type":"ListItem","position":1,"name":"Home","item":"https:\/\/www.ultratourmonterosa.com\/de\/"},{"@type":"ListItem","position":2,"name":"Vorregistrierung f\u00fcr den UTMR Mischabel 60"}]},{"@type":"WebSite","@id":"https:\/\/www.ultratourmonterosa.com\/#website","url":"https:\/\/www.ultratourmonterosa.com\/","name":"Ultra Tour Monte Rosa","description":"3-6 September 2025","publisher":{"@id":"https:\/\/www.ultratourmonterosa.com\/#organization"},"potentialAction":[{"@type":"SearchAction","target":{"@type":"EntryPoint","urlTemplate":"https:\/\/www.ultratourmonterosa.com\/?s={search_term_string}"},"query-input":{"@type":"PropertyValueSpecification","valueRequired":true,"valueName":"search_term_string"}}],"inLanguage":"de"},{"@type":"Organization","@id":"https:\/\/www.ultratourmonterosa.com\/#organization","name":"Ultra Tour Monte Rosa","url":"https:\/\/www.ultratourmonterosa.com\/","logo":{"@type":"ImageObject","inLanguage":"de","@id":"https:\/\/www.ultratourmonterosa.com\/#\/schema\/logo\/image\/","url":"https:\/\/www.ultratourmonterosa.com\/wp-content\/uploads\/2024\/09\/UTMR-logo-300px-1.png","contentUrl":"https:\/\/www.ultratourmonterosa.com\/wp-content\/uploads\/2024\/09\/UTMR-logo-300px-1.png","width":300,"height":300,"caption":"Ultra Tour Monte Rosa"},"image":{"@id":"https:\/\/www.ultratourmonterosa.com\/#\/schema\/logo\/image\/"},"sameAs":["https:\/\/www.facebook.com\/UltraTourMonteRosa\/","https:\/\/x.com\/UltraMonteRosa"]}]}},"jetpack_shortlink":"https:\/\/wp.me\/P4DSVg-d8s","jetpack_sharing_enabled":true,"_links":{"self":[{"href":"https:\/\/www.ultratourmonterosa.com\/de\/wp-json\/wp\/v2\/pages\/50496","targetHints":{"allow":["GET"]}}],"collection":[{"href":"https:\/\/www.ultratourmonterosa.com\/de\/wp-json\/wp\/v2\/pages"}],"about":[{"href":"https:\/\/www.ultratourmonterosa.com\/de\/wp-json\/wp\/v2\/types\/page"}],"author":[{"embeddable":true,"href":"https:\/\/www.ultratourmonterosa.com\/de\/wp-json\/wp\/v2\/users\/2"}],"replies":[{"embeddable":true,"href":"https:\/\/www.ultratourmonterosa.com\/de\/wp-json\/wp\/v2\/comments?post=50496"}],"version-history":[{"count":4,"href":"https:\/\/www.ultratourmonterosa.com\/de\/wp-json\/wp\/v2\/pages\/50496\/revisions"}],"predecessor-version":[{"id":51422,"href":"https:\/\/www.ultratourmonterosa.com\/de\/wp-json\/wp\/v2\/pages\/50496\/revisions\/51422"}],"wp:featuredmedia":[{"embeddable":true,"href":"https:\/\/www.ultratourmonterosa.com\/de\/wp-json\/wp\/v2\/media\/25585"}],"wp:attachment":[{"href":"https:\/\/www.ultratourmonterosa.com\/de\/wp-json\/wp\/v2\/media?parent=50496"}],"curies":[{"name":"wp","href":"https:\/\/api.w.org\/{rel}","templated":true}]}}