{"id":50508,"date":"2024-05-08T10:19:57","date_gmt":"2024-05-08T04:34:57","guid":{"rendered":"https:\/\/www.ultratourmonterosa.com\/race-info__trashed\/anmeldung-fuer-den-graechen-berglauf\/"},"modified":"2025-09-30T18:25:06","modified_gmt":"2025-09-30T12:40:06","slug":"anmeldung-fuer-den-graechen-berglauf","status":"publish","type":"page","link":"https:\/\/www.ultratourmonterosa.com\/de\/anmeldung-fuer-den-graechen-berglauf\/","title":{"rendered":"Anmeldung f\u00fcr den Gr\u00e4chen Berglauf"},"content":{"rendered":"\n<div style=\"height:50px\" aria-hidden=\"true\" class=\"wp-block-spacer\"><\/div>\n\n\n\n<h2 class=\"wp-block-heading\" id=\"registration-information\">Anmeldeinfos<\/h2>\n\n\n\n<div style=\"height:20px\" aria-hidden=\"true\" class=\"wp-block-spacer\"><\/div>\n\n\n\n<p>Hier finden Sie die Informationen, um Ihre Anmeldung zum Gr\u00e4chen Berglauf zu vervollst\u00e4ndigen<\/p>\n\n\n\n<p>Bitte lesen Sie sorgf\u00e4ltig und f\u00fcllen Sie dann das unten auf dieser Seite verlinkte Anmeldeformular aus.<\/p>\n\n\n\n<p>Dies ist ein anspruchsvolles Rennen auf hochalpinen Pfaden. Da wir m\u00f6chten, dass ihr Spa\u00df habt und dieses Rennen genie\u00dfen k\u00f6nnt, mussen wir \u00fcberpr\u00fcfen, ob ihr gen\u00fcgend Erfahrung habt, um mit den Anforderungen des Gel\u00e4ndes fertigzuwerden und euch unter allen m\u00f6glichen Bedingungen noch um euch selbst k\u00fcmmern k\u00f6nnt.<\/p>\n\n\n\n<p>Die Auswahl erfolgt nach dem Prinzip &#8222;Wer zuerst kommt, mahlt zuerst&#8220;. Die Organisation reserviert einige Wildcard-Pl\u00e4tze, die nach eigenem Ermessen vergeben werden k\u00f6nnen.<\/p>\n\n\n\n<div class=\"wp-block-simple-alerts-for-gutenberg-alert-boxes sab-alert sab-alert-warning\" role=\"alert\"><strong>Die Anmeldung endet am Samstag, den 29. August 2026, um 18:00 Uhr.<\/strong><\/div>\n\n\n\n<div style=\"height:50px\" aria-hidden=\"true\" class=\"wp-block-spacer\"><\/div>\n\n\n<a href='https:\/\/registration.utmr.ch\/bergaluf-registration\/' \n\t\t\ttarget='_blank' \n\t\t\tid='utmr-yellow-button-block_72fbda7880887b1786e79d73ee337507' \n\t\t\tclass='utmr-button  ur-btn-yellow has-utmr-yellow-background-color text-black block-utmr-yellow-button' >\n\t\t\t\t Anmeldeformular &nbsp;&nbsp;<i class='fas fa-external-link-alt'><\/i>\n\t\t\t<\/a>\n\n\n<div style=\"height:50px\" aria-hidden=\"true\" class=\"wp-block-spacer\"><\/div>\n\n\n\n<h2 class=\"wp-block-heading\" id=\"required-experience\">Erforderliche Erfahrung<\/h2>\n\n\n\n<div style=\"height:20px\" aria-hidden=\"true\" class=\"wp-block-spacer\"><\/div>\n\n\n\n<p>Die Teilnahme ist f\u00fcr alle ab 18 Jahren m\u00f6glich. Sie folgen einer sch\u00f6nen und anspruchsvollen Route, die Sie direkt an den Rand des beeindruckenden Riedgletschers f\u00fchrt. Bitte beachten Sie, dass es sich um einen anspruchsvollen Berglauf handelt, und wir empfehlen Ihnen, bereits Erfahrung mit dem Laufen und Wandern im Gebirge zu haben. Bitte senden Sie eine E-Mail an <a href=\"mailto:info@ultratourmonterosa.com\" target=\"_blank\" rel=\"noreferrer noopener\">info@graechenberglauf.ch<\/a>, wenn Sie eine Beratung \u00fcber Ihre Eignung ben\u00f6tigen.  <\/p>\n\n\n\n<div style=\"height:50px\" aria-hidden=\"true\" class=\"wp-block-spacer\"><\/div>\n\n\n\n<h2 class=\"wp-block-heading\" id=\"registration-cost\">Anmeldegeb\u00fchr<\/h2>\n\n\n\n<p><strong>Geb\u00fchr: 82 CHF  <\/strong><\/p>\n\n\n\n<p>Die Anmeldegeb\u00fchr beinhaltet:<\/p>\n\n\n\n<ul class=\"wp-block-list\">\n<li>Startnummer und Chip-Zeitmessung<\/li>\n\n\n\n<li>Lagerung des Gep\u00e4cks<\/li>\n\n\n\n<li>1 mit Wasser und Snacks versorgte Kontrollpunkte<\/li>\n\n\n\n<li>Erste Hilfe \/ medizinische Unterst\u00fctzung<\/li>\n\n\n\n<li>Geschenk zur Teilnahme<\/li>\n\n\n\n<li>Gesamt- und Kategoriepreise nach Rangfolge<\/li>\n<\/ul>\n\n\n\n<div style=\"height:50px\" aria-hidden=\"true\" class=\"wp-block-spacer\"><\/div>\n\n\n\n<h2 class=\"wp-block-heading\">Obligatorische Ausr\u00fcstung<\/h2>\n\n\n\n<ul class=\"wp-block-list\">\n<li>Trillerpfeife<\/li>\n\n\n\n<li>Rettungsdecke<\/li>\n\n\n\n<li>Kopfbedeckung (Buff, Kopftuch oder Hut)<\/li>\n\n\n\n<li>Fassungsverm\u00f6gen f\u00fcr 1 Liter Wasser<\/li>\n\n\n\n<li>winddichte Jacke*<\/li>\n<\/ul>\n\n\n\n<p>*Schlechte Wettervorhersage: wasserdichte Jacke mit Kapuze &#8211; f\u00fcr den Fall, dass diese ben\u00f6tigt wird, werden Sie am Renntag bis 6 Uhr morgens per E-Mail und SMS benachrichtigt.<\/p>\n\n\n\n<div style=\"height:50px\" aria-hidden=\"true\" class=\"wp-block-spacer\"><\/div>\n\n\n\n<h2 class=\"wp-block-heading\" id=\"race-registration-and-equipment-check\">Anmeldung und Ausr\u00fcstungs-Check<\/h2>\n\n\n\n<p>Die Rennanmeldung findet in Gr\u00e4chen am <strong>Freitag, den 4. September zwischen 16:00 und 19:00 Uhr<\/strong> und <strong>am Samstag, den 5. September zwischen 07:30 und 09:00 Uhr<\/strong> statt. Dies ist obligatorisch.<\/p>\n\n\n\n<p>Ihre Startnummer und Ihr Timing-Chip erhalten Sie auf:<\/p>\n\n\n\n<ul class=\"wp-block-list\">\n<li>Vorlage des Lichtbildausweises (Reisepass, Personalausweis)<\/li>\n\n\n\n<li>\u00dcberpr\u00fcfung der obligatorischen Ausr\u00fcstung<\/li>\n<\/ul>\n\n\n\n<div style=\"height:50px\" aria-hidden=\"true\" class=\"wp-block-spacer\"><\/div>\n\n\n\n<h2 class=\"wp-block-heading\" id=\"finalised-race-information-and-schedule\">Letzte Renninformationen und Zeitplan<\/h2>\n\n\n\n<p>Detaillierte und endg\u00fcltige Informationen \u00fcber das Rennen werden am Samstag, den 29. August 2026, um 20:00 Uhr verf\u00fcgbar sein.<\/p>\n\n\n\n<ul class=\"wp-block-list\">\n<li>Endg\u00fcltige Streckeninformationen, GPS und Profil<\/li>\n\n\n\n<li>Checkpoint-Standorte, Zeitnahme und Services (Nahrungsmittel, Getr\u00e4nke, Erste Hilfe)<\/li>\n\n\n\n<li>T\u00e4glicher Rennplan<\/li>\n<\/ul>\n\n\n\n<div style=\"height:50px\" aria-hidden=\"true\" class=\"wp-block-spacer\"><\/div>\n\n\n\n<h2 class=\"wp-block-heading\" id=\"insurance\">Versicherung<\/h2>\n\n\n\n<p>Jeder Rennteilnehmer muss \u00fcber eine pers\u00f6nliche Unfallversicherung verf\u00fcgen, die die Kosten f\u00fcr eine Evakuierung in der Schweiz abdeckt. Die Versicherungspolice muss mindestens f\u00fcr die Dauer des Rennens g\u00fcltig sein.<\/p>\n\n\n\n<p>N.B. Die Evakuierung per Hubschrauber ist in der Schweiz nicht kostenlos. Die Wahl der Evakuierung h\u00e4ngt ausschlie\u00dflich von der Organisation ab, die der Sicherheit des Teilnehmers Priorit\u00e4t einr\u00e4umt.<\/p>\n\n\n\n<div style=\"height:20px\" aria-hidden=\"true\" class=\"wp-block-spacer\"><\/div>\n\n\n\n<div class=\"wp-block-simple-alerts-for-gutenberg-alert-boxes sab-alert sab-alert-primary\" role=\"alert\">Wenn Sie Schwierigkeiten haben, eine geeignete Versicherung zu finden, k\u00f6nnen wir Ihnen die L\u00e4uferversicherung der ITRA (International Trail Running Association) empfehlen.\nF\u00fcr weitere Informationen <a href=\"https:\/\/itra.run\/Runners\/AboutInsurance\" target=\"_blank\" rel=\"noreferrer noopener\">siehe hier<\/a>.   <\/div>\n\n\n\n<div style=\"height:20px\" aria-hidden=\"true\" class=\"wp-block-spacer\"><\/div>\n\n\n\n<div class=\"wp-block-simple-alerts-for-gutenberg-alert-boxes sab-alert sab-alert-danger\" role=\"alert\">Es ist ratsam, dass Sie auch eine normale Reiseversicherung abschlie\u00dfen, um die Stornierung der Unterkunft \/ des Shuttles usw. und der Rennanmeldung \u00fcber unsere <a href=\"https:\/\/www.ultratourmonterosa.com\/de\/useful-information\/stornierungsbedingungen\/\">UTMR-Stornierungsbedingungen<\/a> hinaus abzudecken.<\/div>\n\n\n\n<div style=\"height:50px\" aria-hidden=\"true\" class=\"wp-block-spacer\"><\/div>\n\n\n\n<h2 class=\"wp-block-heading\" id=\"cancellation\">Stornierung<\/h2>\n\n\n\n<p>Eine Erstattung von 50% kann bis Freitag, 28. August, per E-Mail an <a href=\"mailto:contact@ultratourmonterosa.com\" target=\"_blank\" rel=\"noreferrer noopener\">contact@ultratourmonterosa.com<\/a> beantragt werden <a href=\"mailto:contact@ultratourmonterosa.com\" target=\"_blank\" rel=\"noreferrer noopener\">.<\/a> Wir empfehlen dringend, eine Reiseversicherung abzuschlie\u00dfen, um die Kosten im Falle eines R\u00fcckzugs vom Rennen zu decken. Vielen Dank.<\/p>\n\n\n\n<div style=\"height:50px\" aria-hidden=\"true\" class=\"wp-block-spacer\"><\/div>\n\n\n\n<h2 class=\"wp-block-heading\" id=\"travel-and-accommodation\">Reise und Unterkunft<\/h2>\n\n\n\n<p>Der Gr\u00e4chen Berglauf startet und endet in Gr\u00e4chen, einem sch\u00f6nen kleinen Dorf auf 1600m \u00fcber dem Mattertal. Auf unseren Informationsseiten findet ihr Hilfe bei der Unterbringung und Reise.<\/p>\n\n\n<a href='https:\/\/www.ultratourmonterosa.com\/useful-information\/travel-2\/' \n\t\t\ttarget='_blank' \n\t\t\tid='utmr-yellow-button-block_f77f08de2519b9658ee7bd360bcb1e7f' \n\t\t\tclass='utmr-button  ur-btn-yellow has-utmr-yellow-background-color text-black block-utmr-yellow-button' >\n\t\t\t\t Informationen zu Reise- und Busshuttles\n\t\t\t<\/a>\n\n<a href='https:\/\/www.ultratourmonterosa.com\/de\/useful-information\/unterkunft\/' \n\t\t\ttarget='' \n\t\t\tid='utmr-yellow-button-block_662d523250bf379e5b4cecd0c033738e' \n\t\t\tclass='utmr-button  ur-btn-yellow has-utmr-yellow-background-color text-black block-utmr-yellow-button' >\n\t\t\t\t Informationen \u00fcber Unterk\u00fcnfte in Gr\u00e4chen\n\t\t\t<\/a>\n\n\n<div style=\"height:50px\" aria-hidden=\"true\" class=\"wp-block-spacer\"><\/div>\n\n\n\n<h2 class=\"wp-block-heading\" id=\"rules-and-terms\">Regeln und Bedingungen<\/h2>\n\n\n\n<p>Bitte Vorschriften und Gesch\u00e4ftsbedingungen gut durchlesen. Mit Einreichung des Anmeldeformulars best\u00e4tigt ihr, dass ihr die Bedingungen gelesen, verstanden und akzeptiert habt.<\/p>\n\n\n<a href='https:\/\/www.ultratourmonterosa.com\/legal\/regulations\/' \n\t\t\ttarget='' \n\t\t\tid='utmr-yellow-button-block_d196f899ffbd2fe02f0bb910ed3c588b' \n\t\t\tclass='utmr-button  ur-btn-yellow has-utmr-yellow-background-color text-black block-utmr-yellow-button' >\n\t\t\t\t Vorschriften\n\t\t\t<\/a>\n\n<a href='https:\/\/www.ultratourmonterosa.com\/legal\/terms-and-conditions\/' \n\t\t\ttarget='' \n\t\t\tid='utmr-yellow-button-block_a0c608903ec71945e9355f66502392cb' \n\t\t\tclass='utmr-button  ur-btn-yellow has-utmr-yellow-background-color text-black block-utmr-yellow-button' >\n\t\t\t\t Allgemeine Gesch\u00e4ftsbedingungen\n\t\t\t<\/a>\n\n\n<p><\/p>\n","protected":false},"excerpt":{"rendered":"<p>Anmeldeinfos Hier finden Sie die Informationen, um Ihre Anmeldung zum Gr\u00e4chen Berglauf zu vervollst\u00e4ndigen Bitte lesen Sie sorgf\u00e4ltig und f\u00fcllen Sie dann das unten auf dieser Seite verlinkte Anmeldeformular aus. Dies ist ein anspruchsvolles Rennen auf hochalpinen Pfaden. Da wir m\u00f6chten, dass ihr Spa\u00df habt und dieses Rennen genie\u00dfen k\u00f6nnt, mussen wir \u00fcberpr\u00fcfen, ob ihr [&hellip;]<\/p>\n","protected":false},"author":2,"featured_media":25585,"parent":0,"menu_order":3,"comment_status":"closed","ping_status":"closed","template":"","meta":{"_acf_changed":false,"jetpack_post_was_ever_published":false,"footnotes":"","_wp_rev_ctl_limit":""},"class_list":["post-50508","page","type-page","status-publish","has-post-thumbnail","hentry"],"acf":[],"yoast_head":"<!-- This site is optimized with the Yoast SEO plugin v27.4 - https:\/\/yoast.com\/product\/yoast-seo-wordpress\/ -->\n<title>Anmeldung f\u00fcr den Gr\u00e4chen Berglauf - Ultra Tour Monte Rosa<\/title>\n<meta name=\"robots\" content=\"index, follow, max-snippet:-1, max-image-preview:large, max-video-preview:-1\" \/>\n<link rel=\"canonical\" href=\"https:\/\/www.ultratourmonterosa.com\/de\/anmeldung-fuer-den-graechen-berglauf\/\" \/>\n<meta property=\"og:locale\" content=\"de_DE\" \/>\n<meta property=\"og:type\" content=\"article\" \/>\n<meta property=\"og:title\" content=\"Anmeldung f\u00fcr den Gr\u00e4chen Berglauf - Ultra Tour Monte Rosa\" \/>\n<meta property=\"og:description\" content=\"Anmeldeinfos Hier finden Sie die Informationen, um Ihre Anmeldung zum Gr\u00e4chen Berglauf zu vervollst\u00e4ndigen Bitte lesen Sie sorgf\u00e4ltig und f\u00fcllen Sie dann das unten auf dieser Seite verlinkte Anmeldeformular aus. Dies ist ein anspruchsvolles Rennen auf hochalpinen Pfaden. Da wir m\u00f6chten, dass ihr Spa\u00df habt und dieses Rennen genie\u00dfen k\u00f6nnt, mussen wir \u00fcberpr\u00fcfen, ob ihr [&hellip;]\" \/>\n<meta property=\"og:url\" content=\"https:\/\/www.ultratourmonterosa.com\/de\/anmeldung-fuer-den-graechen-berglauf\/\" \/>\n<meta property=\"og:site_name\" content=\"Ultra Tour Monte Rosa\" \/>\n<meta property=\"article:publisher\" content=\"https:\/\/www.facebook.com\/UltraTourMonteRosa\/\" \/>\n<meta property=\"article:modified_time\" content=\"2025-09-30T12:40:06+00:00\" \/>\n<meta property=\"og:image\" content=\"https:\/\/www.ultratourmonterosa.com\/wp-content\/uploads\/2013\/12\/UTMR_3a_tappa_foto_Giacomo_Meneghello_GM_16-3394untitled.jpg\" \/>\n\t<meta property=\"og:image:width\" content=\"1702\" \/>\n\t<meta property=\"og:image:height\" content=\"1080\" \/>\n\t<meta property=\"og:image:type\" content=\"image\/jpeg\" \/>\n<meta name=\"twitter:card\" content=\"summary_large_image\" \/>\n<meta name=\"twitter:site\" content=\"@UltraMonteRosa\" \/>\n<meta name=\"twitter:label1\" content=\"Gesch\u00e4tzte Lesezeit\" \/>\n\t<meta name=\"twitter:data1\" content=\"3\u00a0Minuten\" \/>\n<script type=\"application\/ld+json\" class=\"yoast-schema-graph\">{\"@context\":\"https:\\\/\\\/schema.org\",\"@graph\":[{\"@type\":\"WebPage\",\"@id\":\"https:\\\/\\\/www.ultratourmonterosa.com\\\/de\\\/anmeldung-fuer-den-graechen-berglauf\\\/\",\"url\":\"https:\\\/\\\/www.ultratourmonterosa.com\\\/de\\\/anmeldung-fuer-den-graechen-berglauf\\\/\",\"name\":\"Anmeldung f\u00fcr den Gr\u00e4chen Berglauf - Ultra Tour Monte Rosa\",\"isPartOf\":{\"@id\":\"https:\\\/\\\/www.ultratourmonterosa.com\\\/#website\"},\"primaryImageOfPage\":{\"@id\":\"https:\\\/\\\/www.ultratourmonterosa.com\\\/de\\\/anmeldung-fuer-den-graechen-berglauf\\\/#primaryimage\"},\"image\":{\"@id\":\"https:\\\/\\\/www.ultratourmonterosa.com\\\/de\\\/anmeldung-fuer-den-graechen-berglauf\\\/#primaryimage\"},\"thumbnailUrl\":\"https:\\\/\\\/www.ultratourmonterosa.com\\\/wp-content\\\/uploads\\\/2013\\\/12\\\/UTMR_3a_tappa_foto_Giacomo_Meneghello_GM_16-3394untitled.jpg\",\"datePublished\":\"2024-05-08T04:34:57+00:00\",\"dateModified\":\"2025-09-30T12:40:06+00:00\",\"breadcrumb\":{\"@id\":\"https:\\\/\\\/www.ultratourmonterosa.com\\\/de\\\/anmeldung-fuer-den-graechen-berglauf\\\/#breadcrumb\"},\"inLanguage\":\"de\",\"potentialAction\":[{\"@type\":\"ReadAction\",\"target\":[\"https:\\\/\\\/www.ultratourmonterosa.com\\\/de\\\/anmeldung-fuer-den-graechen-berglauf\\\/\"]}]},{\"@type\":\"ImageObject\",\"inLanguage\":\"de\",\"@id\":\"https:\\\/\\\/www.ultratourmonterosa.com\\\/de\\\/anmeldung-fuer-den-graechen-berglauf\\\/#primaryimage\",\"url\":\"https:\\\/\\\/www.ultratourmonterosa.com\\\/wp-content\\\/uploads\\\/2013\\\/12\\\/UTMR_3a_tappa_foto_Giacomo_Meneghello_GM_16-3394untitled.jpg\",\"contentUrl\":\"https:\\\/\\\/www.ultratourmonterosa.com\\\/wp-content\\\/uploads\\\/2013\\\/12\\\/UTMR_3a_tappa_foto_Giacomo_Meneghello_GM_16-3394untitled.jpg\",\"width\":1702,\"height\":1080},{\"@type\":\"BreadcrumbList\",\"@id\":\"https:\\\/\\\/www.ultratourmonterosa.com\\\/de\\\/anmeldung-fuer-den-graechen-berglauf\\\/#breadcrumb\",\"itemListElement\":[{\"@type\":\"ListItem\",\"position\":1,\"name\":\"Home\",\"item\":\"https:\\\/\\\/www.ultratourmonterosa.com\\\/de\\\/\"},{\"@type\":\"ListItem\",\"position\":2,\"name\":\"Anmeldung f\u00fcr den Gr\u00e4chen Berglauf\"}]},{\"@type\":\"WebSite\",\"@id\":\"https:\\\/\\\/www.ultratourmonterosa.com\\\/#website\",\"url\":\"https:\\\/\\\/www.ultratourmonterosa.com\\\/\",\"name\":\"Ultra Tour Monte Rosa\",\"description\":\"3-6 September 2025\",\"publisher\":{\"@id\":\"https:\\\/\\\/www.ultratourmonterosa.com\\\/#organization\"},\"potentialAction\":[{\"@type\":\"SearchAction\",\"target\":{\"@type\":\"EntryPoint\",\"urlTemplate\":\"https:\\\/\\\/www.ultratourmonterosa.com\\\/?s={search_term_string}\"},\"query-input\":{\"@type\":\"PropertyValueSpecification\",\"valueRequired\":true,\"valueName\":\"search_term_string\"}}],\"inLanguage\":\"de\"},{\"@type\":\"Organization\",\"@id\":\"https:\\\/\\\/www.ultratourmonterosa.com\\\/#organization\",\"name\":\"Ultra Tour Monte Rosa\",\"url\":\"https:\\\/\\\/www.ultratourmonterosa.com\\\/\",\"logo\":{\"@type\":\"ImageObject\",\"inLanguage\":\"de\",\"@id\":\"https:\\\/\\\/www.ultratourmonterosa.com\\\/#\\\/schema\\\/logo\\\/image\\\/\",\"url\":\"https:\\\/\\\/www.ultratourmonterosa.com\\\/wp-content\\\/uploads\\\/2024\\\/09\\\/UTMR-logo-300px-1.png\",\"contentUrl\":\"https:\\\/\\\/www.ultratourmonterosa.com\\\/wp-content\\\/uploads\\\/2024\\\/09\\\/UTMR-logo-300px-1.png\",\"width\":300,\"height\":300,\"caption\":\"Ultra Tour Monte Rosa\"},\"image\":{\"@id\":\"https:\\\/\\\/www.ultratourmonterosa.com\\\/#\\\/schema\\\/logo\\\/image\\\/\"},\"sameAs\":[\"https:\\\/\\\/www.facebook.com\\\/UltraTourMonteRosa\\\/\",\"https:\\\/\\\/x.com\\\/UltraMonteRosa\"]}]}<\/script>\n<!-- \/ Yoast SEO plugin. -->","yoast_head_json":{"title":"Anmeldung f\u00fcr den Gr\u00e4chen Berglauf - Ultra Tour Monte Rosa","robots":{"index":"index","follow":"follow","max-snippet":"max-snippet:-1","max-image-preview":"max-image-preview:large","max-video-preview":"max-video-preview:-1"},"canonical":"https:\/\/www.ultratourmonterosa.com\/de\/anmeldung-fuer-den-graechen-berglauf\/","og_locale":"de_DE","og_type":"article","og_title":"Anmeldung f\u00fcr den Gr\u00e4chen Berglauf - Ultra Tour Monte Rosa","og_description":"Anmeldeinfos Hier finden Sie die Informationen, um Ihre Anmeldung zum Gr\u00e4chen Berglauf zu vervollst\u00e4ndigen Bitte lesen Sie sorgf\u00e4ltig und f\u00fcllen Sie dann das unten auf dieser Seite verlinkte Anmeldeformular aus. Dies ist ein anspruchsvolles Rennen auf hochalpinen Pfaden. Da wir m\u00f6chten, dass ihr Spa\u00df habt und dieses Rennen genie\u00dfen k\u00f6nnt, mussen wir \u00fcberpr\u00fcfen, ob ihr [&hellip;]","og_url":"https:\/\/www.ultratourmonterosa.com\/de\/anmeldung-fuer-den-graechen-berglauf\/","og_site_name":"Ultra Tour Monte Rosa","article_publisher":"https:\/\/www.facebook.com\/UltraTourMonteRosa\/","article_modified_time":"2025-09-30T12:40:06+00:00","og_image":[{"width":1702,"height":1080,"url":"https:\/\/www.ultratourmonterosa.com\/wp-content\/uploads\/2013\/12\/UTMR_3a_tappa_foto_Giacomo_Meneghello_GM_16-3394untitled.jpg","type":"image\/jpeg"}],"twitter_card":"summary_large_image","twitter_site":"@UltraMonteRosa","twitter_misc":{"Gesch\u00e4tzte Lesezeit":"3\u00a0Minuten"},"schema":{"@context":"https:\/\/schema.org","@graph":[{"@type":"WebPage","@id":"https:\/\/www.ultratourmonterosa.com\/de\/anmeldung-fuer-den-graechen-berglauf\/","url":"https:\/\/www.ultratourmonterosa.com\/de\/anmeldung-fuer-den-graechen-berglauf\/","name":"Anmeldung f\u00fcr den Gr\u00e4chen Berglauf - Ultra Tour Monte Rosa","isPartOf":{"@id":"https:\/\/www.ultratourmonterosa.com\/#website"},"primaryImageOfPage":{"@id":"https:\/\/www.ultratourmonterosa.com\/de\/anmeldung-fuer-den-graechen-berglauf\/#primaryimage"},"image":{"@id":"https:\/\/www.ultratourmonterosa.com\/de\/anmeldung-fuer-den-graechen-berglauf\/#primaryimage"},"thumbnailUrl":"https:\/\/www.ultratourmonterosa.com\/wp-content\/uploads\/2013\/12\/UTMR_3a_tappa_foto_Giacomo_Meneghello_GM_16-3394untitled.jpg","datePublished":"2024-05-08T04:34:57+00:00","dateModified":"2025-09-30T12:40:06+00:00","breadcrumb":{"@id":"https:\/\/www.ultratourmonterosa.com\/de\/anmeldung-fuer-den-graechen-berglauf\/#breadcrumb"},"inLanguage":"de","potentialAction":[{"@type":"ReadAction","target":["https:\/\/www.ultratourmonterosa.com\/de\/anmeldung-fuer-den-graechen-berglauf\/"]}]},{"@type":"ImageObject","inLanguage":"de","@id":"https:\/\/www.ultratourmonterosa.com\/de\/anmeldung-fuer-den-graechen-berglauf\/#primaryimage","url":"https:\/\/www.ultratourmonterosa.com\/wp-content\/uploads\/2013\/12\/UTMR_3a_tappa_foto_Giacomo_Meneghello_GM_16-3394untitled.jpg","contentUrl":"https:\/\/www.ultratourmonterosa.com\/wp-content\/uploads\/2013\/12\/UTMR_3a_tappa_foto_Giacomo_Meneghello_GM_16-3394untitled.jpg","width":1702,"height":1080},{"@type":"BreadcrumbList","@id":"https:\/\/www.ultratourmonterosa.com\/de\/anmeldung-fuer-den-graechen-berglauf\/#breadcrumb","itemListElement":[{"@type":"ListItem","position":1,"name":"Home","item":"https:\/\/www.ultratourmonterosa.com\/de\/"},{"@type":"ListItem","position":2,"name":"Anmeldung f\u00fcr den Gr\u00e4chen Berglauf"}]},{"@type":"WebSite","@id":"https:\/\/www.ultratourmonterosa.com\/#website","url":"https:\/\/www.ultratourmonterosa.com\/","name":"Ultra Tour Monte Rosa","description":"3-6 September 2025","publisher":{"@id":"https:\/\/www.ultratourmonterosa.com\/#organization"},"potentialAction":[{"@type":"SearchAction","target":{"@type":"EntryPoint","urlTemplate":"https:\/\/www.ultratourmonterosa.com\/?s={search_term_string}"},"query-input":{"@type":"PropertyValueSpecification","valueRequired":true,"valueName":"search_term_string"}}],"inLanguage":"de"},{"@type":"Organization","@id":"https:\/\/www.ultratourmonterosa.com\/#organization","name":"Ultra Tour Monte Rosa","url":"https:\/\/www.ultratourmonterosa.com\/","logo":{"@type":"ImageObject","inLanguage":"de","@id":"https:\/\/www.ultratourmonterosa.com\/#\/schema\/logo\/image\/","url":"https:\/\/www.ultratourmonterosa.com\/wp-content\/uploads\/2024\/09\/UTMR-logo-300px-1.png","contentUrl":"https:\/\/www.ultratourmonterosa.com\/wp-content\/uploads\/2024\/09\/UTMR-logo-300px-1.png","width":300,"height":300,"caption":"Ultra Tour Monte Rosa"},"image":{"@id":"https:\/\/www.ultratourmonterosa.com\/#\/schema\/logo\/image\/"},"sameAs":["https:\/\/www.facebook.com\/UltraTourMonteRosa\/","https:\/\/x.com\/UltraMonteRosa"]}]}},"jetpack_shortlink":"https:\/\/wp.me\/P4DSVg-d8E","jetpack_sharing_enabled":true,"_links":{"self":[{"href":"https:\/\/www.ultratourmonterosa.com\/de\/wp-json\/wp\/v2\/pages\/50508","targetHints":{"allow":["GET"]}}],"collection":[{"href":"https:\/\/www.ultratourmonterosa.com\/de\/wp-json\/wp\/v2\/pages"}],"about":[{"href":"https:\/\/www.ultratourmonterosa.com\/de\/wp-json\/wp\/v2\/types\/page"}],"author":[{"embeddable":true,"href":"https:\/\/www.ultratourmonterosa.com\/de\/wp-json\/wp\/v2\/users\/2"}],"replies":[{"embeddable":true,"href":"https:\/\/www.ultratourmonterosa.com\/de\/wp-json\/wp\/v2\/comments?post=50508"}],"version-history":[{"count":5,"href":"https:\/\/www.ultratourmonterosa.com\/de\/wp-json\/wp\/v2\/pages\/50508\/revisions"}],"predecessor-version":[{"id":51444,"href":"https:\/\/www.ultratourmonterosa.com\/de\/wp-json\/wp\/v2\/pages\/50508\/revisions\/51444"}],"wp:featuredmedia":[{"embeddable":true,"href":"https:\/\/www.ultratourmonterosa.com\/de\/wp-json\/wp\/v2\/media\/25585"}],"wp:attachment":[{"href":"https:\/\/www.ultratourmonterosa.com\/de\/wp-json\/wp\/v2\/media?parent=50508"}],"curies":[{"name":"wp","href":"https:\/\/api.w.org\/{rel}","templated":true}]}}