{"id":50583,"date":"2020-12-29T17:34:49","date_gmt":"2020-12-29T11:49:49","guid":{"rendered":"https:\/\/www.ultratourmonterosa.com\/empowerment-durch-sport-und-bildung-in-nepal\/"},"modified":"2024-05-08T17:39:42","modified_gmt":"2024-05-08T11:54:42","slug":"empowerment-durch-sport-und-bildung-in-nepal","status":"publish","type":"page","link":"https:\/\/www.ultratourmonterosa.com\/de\/empowerment-durch-sport-und-bildung-in-nepal\/","title":{"rendered":"Empowerment durch Sport und Bildung in Nepal"},"content":{"rendered":"\n<div style=\"height:50px\" aria-hidden=\"true\" class=\"wp-block-spacer\"><\/div>\n\n<p>Ab 2021 werden wir einen UTMR-Fonds einrichten, um die St\u00e4rkung der Jugend, insbesondere junger M\u00e4dchen, durch Sport- und Bildungsprojekte in Nepal zu unterst\u00fctzen.<\/p>\n\n<p>Wir, die Organisatoren der UTMR, haben enge Beziehungen zu Nepal, wie viele von Ihnen bereits wissen.<\/p>\n\n<p>Seit ihrer Gr\u00fcndung hat die UTMR nepalesische Athleten eingeladen, an ihren Rennen teilzunehmen. Au\u00dferdem unterst\u00fctzt sie Bem\u00fchungen, nepalesische Trailrunning-Athleten zu ermutigen, an nationalen und internationalen Wettk\u00e4mpfen teilzunehmen und einer neuen Generation von Jungen und M\u00e4dchen in Nepal den Wert des Sports (Disziplin, Herausforderung, Gelegenheit) zu vermitteln. Der Erl\u00f6s aus dem Verkauf von UTMR-Waren ist daf\u00fcr bestimmt.<\/p>\n\n<p>Im Jahr 2016 widmete Lizzy ihre <a href=\"https:\/\/www.ultratourmonterosa.com\/lizzy-runs-ght\/\" target=\"_blank\" rel=\"noreferrer noopener\">1000-Meilen-Reise durch den nepalesischen Himalaya<\/a>, um nepalesischen L\u00e4ufern, insbesondere M\u00e4dchen, eine Chance zu geben. Eine einzige Gelegenheit kann ein Leben ver\u00e4ndern, eine Gemeinschaft ver\u00e4ndern, neue Perspektiven er\u00f6ffnen und vor allem in L\u00e4ndern wie Nepal vielleicht dazu beitragen, die Sichtweise auf den Platz der Frau in der Gesellschaft zu \u00e4ndern. Das durch ihre Reise gesammelte Geld (das derzeit noch von einer Wohlt\u00e4tigkeitsorganisation in den USA treuh\u00e4nderisch verwaltet wird) wird nun durch diesen UTMR-Fonds geleitet.<\/p>\n\n<p>Im Jahr 2020 unterst\u00fctzte unsere UTMR-Gemeinschaft gro\u00dfz\u00fcgig unsere Bem\u00fchungen, Tagel\u00f6hnern und ihren Familien w\u00e4hrend der durch die Covid-19-Pandemie verursachten Schlie\u00dfungen in Kathmandu zu helfen. Vielen Dank!<\/p>\n\n<p>Wir haben auch verschiedene Personen aus abgelegenen D\u00f6rfern und andere Projekte bei Bildungsaktivit\u00e4ten unterst\u00fctzt.<\/p>\n\n<div style=\"height:50px\" aria-hidden=\"true\" class=\"wp-block-spacer\"><\/div>\n\n<h2 class=\"wp-block-heading\">Der UTMR-Fonds<\/h2>\n\n<p>Wir richten einen UTMR-Fonds ein, um verschiedene Basisprojekte in Nepal zu unterst\u00fctzen, die darauf abzielen, Einzelpersonen und Gemeinschaften durch Sport und Bildungsm\u00f6glichkeiten zu st\u00e4rken. Nepal ist ein Land, in dem schon eine einzige Gelegenheit ein Katalysator f\u00fcr einen gr\u00f6\u00dferen Wandel sein kann.<\/p>\n\n<p>UTMR spendet 1 Euro an den Fonds f\u00fcr jeden L\u00e4ufer, der f\u00fcr ein UTMR-Rennen angemeldet ist. Bei der Registrierung haben die L\u00e4ufer die M\u00f6glichkeit, unsere Spenden f\u00fcr diese Aktion zu verdoppeln oder zu erg\u00e4nzen.<\/p>\n\n<p>Wir freuen uns immer \u00fcber Fragen oder zus\u00e4tzliche Spenden. Senden Sie einfach eine E-Mail an <a href=\"mailto:info@ultratourmonterosa.com\" target=\"_blank\" rel=\"noreferrer noopener\">info@ultratourmonterosa.com<\/a> f\u00fcr weitere Informationen.<\/p>\n\n<p>Wir werden hier Neuigkeiten \u00fcber die Organisationen und Projekte ver\u00f6ffentlichen, die wir unterst\u00fctzen.<\/p>\n\n<div style=\"height:50px\" aria-hidden=\"true\" class=\"wp-block-spacer\"><\/div>\n\n<h2 class=\"wp-block-heading\">Weitere Informationen<\/h2>\n<a href='https:\/\/vimeo.com\/ondemand\/miraraifilm' \n\t\t\ttarget='_blank' \n\t\t\tid='utmr-yellow-button-block_d8b9afbc5e460b38e2d04c947136bd68' \n\t\t\tclass='utmr-button  ur-btn-yellow has-utmr-yellow-background-color text-black block-utmr-yellow-button' >\n\t\t\t\t Sehen Sie sich hier den Trailer von &#8218;Mira, die Geschichte eines temperamentvollen nepalesischen Dorfm\u00e4dchens&#8216; an! &nbsp;&nbsp;<i class='fas fa-external-link-alt'><\/i>\n\t\t\t<\/a>","protected":false},"excerpt":{"rendered":"<p>Ab 2021 werden wir einen UTMR-Fonds einrichten, um die St\u00e4rkung der Jugend, insbesondere junger M\u00e4dchen, durch Sport- und Bildungsprojekte in Nepal zu unterst\u00fctzen. Wir, die Organisatoren der UTMR, haben enge Beziehungen zu Nepal, wie viele von Ihnen bereits wissen. Seit ihrer Gr\u00fcndung hat die UTMR nepalesische Athleten eingeladen, an ihren Rennen teilzunehmen. Au\u00dferdem unterst\u00fctzt sie [&hellip;]<\/p>\n","protected":false},"author":2,"featured_media":0,"parent":0,"menu_order":99,"comment_status":"closed","ping_status":"closed","template":"","meta":{"_acf_changed":false,"footnotes":"","_wp_rev_ctl_limit":""},"class_list":["post-50583","page","type-page","status-publish","hentry"],"acf":[],"yoast_head":"<!-- This site is optimized with the Yoast SEO plugin v27.5 - https:\/\/yoast.com\/product\/yoast-seo-wordpress\/ -->\n<title>Empowerment durch Sport und Bildung in Nepal - Ultra Tour Monte Rosa<\/title>\n<meta name=\"robots\" content=\"index, follow, max-snippet:-1, max-image-preview:large, max-video-preview:-1\" \/>\n<link rel=\"canonical\" href=\"https:\/\/www.ultratourmonterosa.com\/de\/empowerment-durch-sport-und-bildung-in-nepal\/\" \/>\n<meta property=\"og:locale\" content=\"de_DE\" \/>\n<meta property=\"og:type\" content=\"article\" \/>\n<meta property=\"og:title\" content=\"Empowerment durch Sport und Bildung in Nepal - Ultra Tour Monte Rosa\" \/>\n<meta property=\"og:description\" content=\"Ab 2021 werden wir einen UTMR-Fonds einrichten, um die St\u00e4rkung der Jugend, insbesondere junger M\u00e4dchen, durch Sport- und Bildungsprojekte in Nepal zu unterst\u00fctzen. Wir, die Organisatoren der UTMR, haben enge Beziehungen zu Nepal, wie viele von Ihnen bereits wissen. Seit ihrer Gr\u00fcndung hat die UTMR nepalesische Athleten eingeladen, an ihren Rennen teilzunehmen. Au\u00dferdem unterst\u00fctzt sie [&hellip;]\" \/>\n<meta property=\"og:url\" content=\"https:\/\/www.ultratourmonterosa.com\/de\/empowerment-durch-sport-und-bildung-in-nepal\/\" \/>\n<meta property=\"og:site_name\" content=\"Ultra Tour Monte Rosa\" \/>\n<meta property=\"article:publisher\" content=\"https:\/\/www.facebook.com\/UltraTourMonteRosa\/\" \/>\n<meta property=\"article:modified_time\" content=\"2024-05-08T11:54:42+00:00\" \/>\n<meta name=\"twitter:card\" content=\"summary_large_image\" \/>\n<meta name=\"twitter:site\" content=\"@UltraMonteRosa\" \/>\n<meta name=\"twitter:label1\" content=\"Gesch\u00e4tzte Lesezeit\" \/>\n\t<meta name=\"twitter:data1\" content=\"2\u00a0Minuten\" \/>\n<script type=\"application\/ld+json\" class=\"yoast-schema-graph\">{\"@context\":\"https:\\\/\\\/schema.org\",\"@graph\":[{\"@type\":\"WebPage\",\"@id\":\"https:\\\/\\\/www.ultratourmonterosa.com\\\/de\\\/empowerment-durch-sport-und-bildung-in-nepal\\\/\",\"url\":\"https:\\\/\\\/www.ultratourmonterosa.com\\\/de\\\/empowerment-durch-sport-und-bildung-in-nepal\\\/\",\"name\":\"Empowerment durch Sport und Bildung in Nepal - Ultra Tour Monte Rosa\",\"isPartOf\":{\"@id\":\"https:\\\/\\\/www.ultratourmonterosa.com\\\/#website\"},\"datePublished\":\"2020-12-29T11:49:49+00:00\",\"dateModified\":\"2024-05-08T11:54:42+00:00\",\"breadcrumb\":{\"@id\":\"https:\\\/\\\/www.ultratourmonterosa.com\\\/de\\\/empowerment-durch-sport-und-bildung-in-nepal\\\/#breadcrumb\"},\"inLanguage\":\"de\",\"potentialAction\":[{\"@type\":\"ReadAction\",\"target\":[\"https:\\\/\\\/www.ultratourmonterosa.com\\\/de\\\/empowerment-durch-sport-und-bildung-in-nepal\\\/\"]}]},{\"@type\":\"BreadcrumbList\",\"@id\":\"https:\\\/\\\/www.ultratourmonterosa.com\\\/de\\\/empowerment-durch-sport-und-bildung-in-nepal\\\/#breadcrumb\",\"itemListElement\":[{\"@type\":\"ListItem\",\"position\":1,\"name\":\"Home\",\"item\":\"https:\\\/\\\/www.ultratourmonterosa.com\\\/de\\\/\"},{\"@type\":\"ListItem\",\"position\":2,\"name\":\"Empowerment durch Sport und Bildung in Nepal\"}]},{\"@type\":\"WebSite\",\"@id\":\"https:\\\/\\\/www.ultratourmonterosa.com\\\/#website\",\"url\":\"https:\\\/\\\/www.ultratourmonterosa.com\\\/\",\"name\":\"Ultra Tour Monte Rosa\",\"description\":\"3-6 September 2025\",\"publisher\":{\"@id\":\"https:\\\/\\\/www.ultratourmonterosa.com\\\/#organization\"},\"potentialAction\":[{\"@type\":\"SearchAction\",\"target\":{\"@type\":\"EntryPoint\",\"urlTemplate\":\"https:\\\/\\\/www.ultratourmonterosa.com\\\/?s={search_term_string}\"},\"query-input\":{\"@type\":\"PropertyValueSpecification\",\"valueRequired\":true,\"valueName\":\"search_term_string\"}}],\"inLanguage\":\"de\"},{\"@type\":\"Organization\",\"@id\":\"https:\\\/\\\/www.ultratourmonterosa.com\\\/#organization\",\"name\":\"Ultra Tour Monte Rosa\",\"url\":\"https:\\\/\\\/www.ultratourmonterosa.com\\\/\",\"logo\":{\"@type\":\"ImageObject\",\"inLanguage\":\"de\",\"@id\":\"https:\\\/\\\/www.ultratourmonterosa.com\\\/#\\\/schema\\\/logo\\\/image\\\/\",\"url\":\"https:\\\/\\\/www.ultratourmonterosa.com\\\/wp-content\\\/uploads\\\/2024\\\/09\\\/UTMR-logo-300px-1.png\",\"contentUrl\":\"https:\\\/\\\/www.ultratourmonterosa.com\\\/wp-content\\\/uploads\\\/2024\\\/09\\\/UTMR-logo-300px-1.png\",\"width\":300,\"height\":300,\"caption\":\"Ultra Tour Monte Rosa\"},\"image\":{\"@id\":\"https:\\\/\\\/www.ultratourmonterosa.com\\\/#\\\/schema\\\/logo\\\/image\\\/\"},\"sameAs\":[\"https:\\\/\\\/www.facebook.com\\\/UltraTourMonteRosa\\\/\",\"https:\\\/\\\/x.com\\\/UltraMonteRosa\"]}]}<\/script>\n<!-- \/ Yoast SEO plugin. -->","yoast_head_json":{"title":"Empowerment durch Sport und Bildung in Nepal - Ultra Tour Monte Rosa","robots":{"index":"index","follow":"follow","max-snippet":"max-snippet:-1","max-image-preview":"max-image-preview:large","max-video-preview":"max-video-preview:-1"},"canonical":"https:\/\/www.ultratourmonterosa.com\/de\/empowerment-durch-sport-und-bildung-in-nepal\/","og_locale":"de_DE","og_type":"article","og_title":"Empowerment durch Sport und Bildung in Nepal - Ultra Tour Monte Rosa","og_description":"Ab 2021 werden wir einen UTMR-Fonds einrichten, um die St\u00e4rkung der Jugend, insbesondere junger M\u00e4dchen, durch Sport- und Bildungsprojekte in Nepal zu unterst\u00fctzen. Wir, die Organisatoren der UTMR, haben enge Beziehungen zu Nepal, wie viele von Ihnen bereits wissen. Seit ihrer Gr\u00fcndung hat die UTMR nepalesische Athleten eingeladen, an ihren Rennen teilzunehmen. Au\u00dferdem unterst\u00fctzt sie [&hellip;]","og_url":"https:\/\/www.ultratourmonterosa.com\/de\/empowerment-durch-sport-und-bildung-in-nepal\/","og_site_name":"Ultra Tour Monte Rosa","article_publisher":"https:\/\/www.facebook.com\/UltraTourMonteRosa\/","article_modified_time":"2024-05-08T11:54:42+00:00","twitter_card":"summary_large_image","twitter_site":"@UltraMonteRosa","twitter_misc":{"Gesch\u00e4tzte Lesezeit":"2\u00a0Minuten"},"schema":{"@context":"https:\/\/schema.org","@graph":[{"@type":"WebPage","@id":"https:\/\/www.ultratourmonterosa.com\/de\/empowerment-durch-sport-und-bildung-in-nepal\/","url":"https:\/\/www.ultratourmonterosa.com\/de\/empowerment-durch-sport-und-bildung-in-nepal\/","name":"Empowerment durch Sport und Bildung in Nepal - Ultra Tour Monte Rosa","isPartOf":{"@id":"https:\/\/www.ultratourmonterosa.com\/#website"},"datePublished":"2020-12-29T11:49:49+00:00","dateModified":"2024-05-08T11:54:42+00:00","breadcrumb":{"@id":"https:\/\/www.ultratourmonterosa.com\/de\/empowerment-durch-sport-und-bildung-in-nepal\/#breadcrumb"},"inLanguage":"de","potentialAction":[{"@type":"ReadAction","target":["https:\/\/www.ultratourmonterosa.com\/de\/empowerment-durch-sport-und-bildung-in-nepal\/"]}]},{"@type":"BreadcrumbList","@id":"https:\/\/www.ultratourmonterosa.com\/de\/empowerment-durch-sport-und-bildung-in-nepal\/#breadcrumb","itemListElement":[{"@type":"ListItem","position":1,"name":"Home","item":"https:\/\/www.ultratourmonterosa.com\/de\/"},{"@type":"ListItem","position":2,"name":"Empowerment durch Sport und Bildung in Nepal"}]},{"@type":"WebSite","@id":"https:\/\/www.ultratourmonterosa.com\/#website","url":"https:\/\/www.ultratourmonterosa.com\/","name":"Ultra Tour Monte Rosa","description":"3-6 September 2025","publisher":{"@id":"https:\/\/www.ultratourmonterosa.com\/#organization"},"potentialAction":[{"@type":"SearchAction","target":{"@type":"EntryPoint","urlTemplate":"https:\/\/www.ultratourmonterosa.com\/?s={search_term_string}"},"query-input":{"@type":"PropertyValueSpecification","valueRequired":true,"valueName":"search_term_string"}}],"inLanguage":"de"},{"@type":"Organization","@id":"https:\/\/www.ultratourmonterosa.com\/#organization","name":"Ultra Tour Monte Rosa","url":"https:\/\/www.ultratourmonterosa.com\/","logo":{"@type":"ImageObject","inLanguage":"de","@id":"https:\/\/www.ultratourmonterosa.com\/#\/schema\/logo\/image\/","url":"https:\/\/www.ultratourmonterosa.com\/wp-content\/uploads\/2024\/09\/UTMR-logo-300px-1.png","contentUrl":"https:\/\/www.ultratourmonterosa.com\/wp-content\/uploads\/2024\/09\/UTMR-logo-300px-1.png","width":300,"height":300,"caption":"Ultra Tour Monte Rosa"},"image":{"@id":"https:\/\/www.ultratourmonterosa.com\/#\/schema\/logo\/image\/"},"sameAs":["https:\/\/www.facebook.com\/UltraTourMonteRosa\/","https:\/\/x.com\/UltraMonteRosa"]}]}},"jetpack_shortlink":"https:\/\/wp.me\/P4DSVg-d9R","jetpack_sharing_enabled":true,"_links":{"self":[{"href":"https:\/\/www.ultratourmonterosa.com\/de\/wp-json\/wp\/v2\/pages\/50583","targetHints":{"allow":["GET"]}}],"collection":[{"href":"https:\/\/www.ultratourmonterosa.com\/de\/wp-json\/wp\/v2\/pages"}],"about":[{"href":"https:\/\/www.ultratourmonterosa.com\/de\/wp-json\/wp\/v2\/types\/page"}],"author":[{"embeddable":true,"href":"https:\/\/www.ultratourmonterosa.com\/de\/wp-json\/wp\/v2\/users\/2"}],"replies":[{"embeddable":true,"href":"https:\/\/www.ultratourmonterosa.com\/de\/wp-json\/wp\/v2\/comments?post=50583"}],"version-history":[{"count":1,"href":"https:\/\/www.ultratourmonterosa.com\/de\/wp-json\/wp\/v2\/pages\/50583\/revisions"}],"predecessor-version":[{"id":50584,"href":"https:\/\/www.ultratourmonterosa.com\/de\/wp-json\/wp\/v2\/pages\/50583\/revisions\/50584"}],"wp:attachment":[{"href":"https:\/\/www.ultratourmonterosa.com\/de\/wp-json\/wp\/v2\/media?parent=50583"}],"curies":[{"name":"wp","href":"https:\/\/api.w.org\/{rel}","templated":true}]}}