{"id":50589,"date":"2020-12-29T17:29:39","date_gmt":"2020-12-29T11:44:39","guid":{"rendered":"https:\/\/www.ultratourmonterosa.com\/aufforstung-und-permakulturprojekte\/"},"modified":"2024-05-08T17:43:35","modified_gmt":"2024-05-08T11:58:35","slug":"aufforstung-und-permakulturprojekte","status":"publish","type":"page","link":"https:\/\/www.ultratourmonterosa.com\/de\/aufforstung-und-permakulturprojekte\/","title":{"rendered":"Aufforstung und Permakulturprojekte"},"content":{"rendered":"\n<div style=\"height:50px\" aria-hidden=\"true\" class=\"wp-block-spacer\"><\/div>\n\n<p>Wie viele von Ihnen wissen, haben die UTMR und wir als ihre Organisatoren eine enge Verbindung zu Nepal und den angrenzenden Regionen in S\u00fcdostasien. Wie viele von Ihnen sind auch wir besorgt \u00fcber die grassierenden Auswirkungen des Klimawandels. In Nepal werden die Auswirkungen des Klimawandels durch die Geschwindigkeit der ver\u00e4nderten Landnutzung, einschlie\u00dflich des wahllosen Stra\u00dfenbaus, noch versch\u00e4rft, was oft zu einer Destabilisierung der ohnehin fragilen Landschaften f\u00fchrt. Nepal ist die Heimat der h\u00f6chsten Berge unserer Erde, des Himalaya. Aber seine W\u00e4lder sind auch f\u00fcr das Funktionieren des \u00d6kosystems in weiten Gebieten unerl\u00e4sslich.<\/p>\n\n<p>F\u00fcr jeden registrierten L\u00e4ufer spenden wir 1 Euro f\u00fcr Aufforstungs- und Permakulturprojekte, die unsere nat\u00fcrliche Welt wiederherstellen. Definitionsgem\u00e4\u00df schaffen diese Projekte auch dringend ben\u00f6tigte Arbeitspl\u00e4tze f\u00fcr die Menschen vor Ort und tragen dazu bei, ihren Lebensunterhalt zu sichern und die Armut zu bek\u00e4mpfen, sowie die nat\u00fcrliche Umwelt zu sch\u00fctzen.<\/p>\n\n<p>Aufgrund seiner Geographie und seines Klimas war Nepal schon immer von Naturkatastrophen betroffen. Der Klimawandel und die Abholzung der W\u00e4lder haben dieses Bergvolk noch verwundbarer gemacht. Das Pflanzen von B\u00e4umen zur Wiederherstellung von W\u00e4ldern ist der Schl\u00fcssel zur Verringerung der negativen Auswirkungen von Naturkatastrophen auf das Land und die lokale Bev\u00f6lkerung. In entwaldeten Gebieten wird durch das Pflanzen von B\u00e4umen das Land wiederhergestellt und stabilisiert. Die Wurzelsysteme der B\u00e4ume halten den Boden zusammen, wodurch die Erosion verringert und schlie\u00dflich ganz verhindert wird. Die Baumkronen verhindern den direkten Kontakt des Regenwassers mit dem Boden, wodurch die Wahrscheinlichkeit von \u00dcberschwemmungen und Erdrutschen sinkt. <\/p>\n\n<p>Bei der Anmeldung zu einem UTMR-Rennen geben wir unseren L\u00e4ufern die M\u00f6glichkeit, unsere Spenden f\u00fcr diese Aktion zu verdoppeln oder zu erg\u00e4nzen. Wir freuen uns immer \u00fcber Fragen oder zus\u00e4tzliche Spenden. Senden Sie einfach eine E-Mail an <a href=\"mailto:info@ultratourmonterosa.com\" target=\"_blank\" rel=\"noreferrer noopener\">info@ultratourmonterosa.com<\/a> f\u00fcr weitere Informationen. <\/p>\n\n<p class=\"has-text-align-center\">Vielen Dank f\u00fcr Ihre Unterst\u00fctzung zum Schutz unserer empfindlichen nat\u00fcrlichen Umwelt.<\/p>\n\n<p class=\"has-text-align-center\">Namaste.  <\/p>\n\n<p><\/p>\n","protected":false},"excerpt":{"rendered":"<p>Wie viele von Ihnen wissen, haben die UTMR und wir als ihre Organisatoren eine enge Verbindung zu Nepal und den angrenzenden Regionen in S\u00fcdostasien. Wie viele von Ihnen sind auch wir besorgt \u00fcber die grassierenden Auswirkungen des Klimawandels. In Nepal werden die Auswirkungen des Klimawandels durch die Geschwindigkeit der ver\u00e4nderten Landnutzung, einschlie\u00dflich des wahllosen Stra\u00dfenbaus, [&hellip;]<\/p>\n","protected":false},"author":2,"featured_media":0,"parent":0,"menu_order":99,"comment_status":"closed","ping_status":"closed","template":"","meta":{"_acf_changed":false,"jetpack_post_was_ever_published":false,"footnotes":"","_wp_rev_ctl_limit":""},"class_list":["post-50589","page","type-page","status-publish","hentry"],"acf":[],"yoast_head":"<!-- This site is optimized with the Yoast SEO plugin v27.5 - https:\/\/yoast.com\/product\/yoast-seo-wordpress\/ -->\n<title>Aufforstung und Permakulturprojekte - Ultra Tour Monte Rosa<\/title>\n<meta name=\"robots\" content=\"index, follow, max-snippet:-1, max-image-preview:large, max-video-preview:-1\" \/>\n<link rel=\"canonical\" href=\"https:\/\/www.ultratourmonterosa.com\/de\/aufforstung-und-permakulturprojekte\/\" \/>\n<meta property=\"og:locale\" content=\"de_DE\" \/>\n<meta property=\"og:type\" content=\"article\" \/>\n<meta property=\"og:title\" content=\"Aufforstung und Permakulturprojekte - Ultra Tour Monte Rosa\" \/>\n<meta property=\"og:description\" content=\"Wie viele von Ihnen wissen, haben die UTMR und wir als ihre Organisatoren eine enge Verbindung zu Nepal und den angrenzenden Regionen in S\u00fcdostasien. Wie viele von Ihnen sind auch wir besorgt \u00fcber die grassierenden Auswirkungen des Klimawandels. In Nepal werden die Auswirkungen des Klimawandels durch die Geschwindigkeit der ver\u00e4nderten Landnutzung, einschlie\u00dflich des wahllosen Stra\u00dfenbaus, [&hellip;]\" \/>\n<meta property=\"og:url\" content=\"https:\/\/www.ultratourmonterosa.com\/de\/aufforstung-und-permakulturprojekte\/\" \/>\n<meta property=\"og:site_name\" content=\"Ultra Tour Monte Rosa\" \/>\n<meta property=\"article:publisher\" content=\"https:\/\/www.facebook.com\/UltraTourMonteRosa\/\" \/>\n<meta property=\"article:modified_time\" content=\"2024-05-08T11:58:35+00:00\" \/>\n<meta name=\"twitter:card\" content=\"summary_large_image\" \/>\n<meta name=\"twitter:site\" content=\"@UltraMonteRosa\" \/>\n<meta name=\"twitter:label1\" content=\"Gesch\u00e4tzte Lesezeit\" \/>\n\t<meta name=\"twitter:data1\" content=\"2\u00a0Minuten\" \/>\n<script type=\"application\/ld+json\" class=\"yoast-schema-graph\">{\"@context\":\"https:\\\/\\\/schema.org\",\"@graph\":[{\"@type\":\"WebPage\",\"@id\":\"https:\\\/\\\/www.ultratourmonterosa.com\\\/de\\\/aufforstung-und-permakulturprojekte\\\/\",\"url\":\"https:\\\/\\\/www.ultratourmonterosa.com\\\/de\\\/aufforstung-und-permakulturprojekte\\\/\",\"name\":\"Aufforstung und Permakulturprojekte - Ultra Tour Monte Rosa\",\"isPartOf\":{\"@id\":\"https:\\\/\\\/www.ultratourmonterosa.com\\\/#website\"},\"datePublished\":\"2020-12-29T11:44:39+00:00\",\"dateModified\":\"2024-05-08T11:58:35+00:00\",\"breadcrumb\":{\"@id\":\"https:\\\/\\\/www.ultratourmonterosa.com\\\/de\\\/aufforstung-und-permakulturprojekte\\\/#breadcrumb\"},\"inLanguage\":\"de\",\"potentialAction\":[{\"@type\":\"ReadAction\",\"target\":[\"https:\\\/\\\/www.ultratourmonterosa.com\\\/de\\\/aufforstung-und-permakulturprojekte\\\/\"]}]},{\"@type\":\"BreadcrumbList\",\"@id\":\"https:\\\/\\\/www.ultratourmonterosa.com\\\/de\\\/aufforstung-und-permakulturprojekte\\\/#breadcrumb\",\"itemListElement\":[{\"@type\":\"ListItem\",\"position\":1,\"name\":\"Home\",\"item\":\"https:\\\/\\\/www.ultratourmonterosa.com\\\/de\\\/\"},{\"@type\":\"ListItem\",\"position\":2,\"name\":\"Aufforstung und Permakulturprojekte\"}]},{\"@type\":\"WebSite\",\"@id\":\"https:\\\/\\\/www.ultratourmonterosa.com\\\/#website\",\"url\":\"https:\\\/\\\/www.ultratourmonterosa.com\\\/\",\"name\":\"Ultra Tour Monte Rosa\",\"description\":\"3-6 September 2025\",\"publisher\":{\"@id\":\"https:\\\/\\\/www.ultratourmonterosa.com\\\/#organization\"},\"potentialAction\":[{\"@type\":\"SearchAction\",\"target\":{\"@type\":\"EntryPoint\",\"urlTemplate\":\"https:\\\/\\\/www.ultratourmonterosa.com\\\/?s={search_term_string}\"},\"query-input\":{\"@type\":\"PropertyValueSpecification\",\"valueRequired\":true,\"valueName\":\"search_term_string\"}}],\"inLanguage\":\"de\"},{\"@type\":\"Organization\",\"@id\":\"https:\\\/\\\/www.ultratourmonterosa.com\\\/#organization\",\"name\":\"Ultra Tour Monte Rosa\",\"url\":\"https:\\\/\\\/www.ultratourmonterosa.com\\\/\",\"logo\":{\"@type\":\"ImageObject\",\"inLanguage\":\"de\",\"@id\":\"https:\\\/\\\/www.ultratourmonterosa.com\\\/#\\\/schema\\\/logo\\\/image\\\/\",\"url\":\"https:\\\/\\\/www.ultratourmonterosa.com\\\/wp-content\\\/uploads\\\/2024\\\/09\\\/UTMR-logo-300px-1.png\",\"contentUrl\":\"https:\\\/\\\/www.ultratourmonterosa.com\\\/wp-content\\\/uploads\\\/2024\\\/09\\\/UTMR-logo-300px-1.png\",\"width\":300,\"height\":300,\"caption\":\"Ultra Tour Monte Rosa\"},\"image\":{\"@id\":\"https:\\\/\\\/www.ultratourmonterosa.com\\\/#\\\/schema\\\/logo\\\/image\\\/\"},\"sameAs\":[\"https:\\\/\\\/www.facebook.com\\\/UltraTourMonteRosa\\\/\",\"https:\\\/\\\/x.com\\\/UltraMonteRosa\"]}]}<\/script>\n<!-- \/ Yoast SEO plugin. -->","yoast_head_json":{"title":"Aufforstung und Permakulturprojekte - Ultra Tour Monte Rosa","robots":{"index":"index","follow":"follow","max-snippet":"max-snippet:-1","max-image-preview":"max-image-preview:large","max-video-preview":"max-video-preview:-1"},"canonical":"https:\/\/www.ultratourmonterosa.com\/de\/aufforstung-und-permakulturprojekte\/","og_locale":"de_DE","og_type":"article","og_title":"Aufforstung und Permakulturprojekte - Ultra Tour Monte Rosa","og_description":"Wie viele von Ihnen wissen, haben die UTMR und wir als ihre Organisatoren eine enge Verbindung zu Nepal und den angrenzenden Regionen in S\u00fcdostasien. Wie viele von Ihnen sind auch wir besorgt \u00fcber die grassierenden Auswirkungen des Klimawandels. In Nepal werden die Auswirkungen des Klimawandels durch die Geschwindigkeit der ver\u00e4nderten Landnutzung, einschlie\u00dflich des wahllosen Stra\u00dfenbaus, [&hellip;]","og_url":"https:\/\/www.ultratourmonterosa.com\/de\/aufforstung-und-permakulturprojekte\/","og_site_name":"Ultra Tour Monte Rosa","article_publisher":"https:\/\/www.facebook.com\/UltraTourMonteRosa\/","article_modified_time":"2024-05-08T11:58:35+00:00","twitter_card":"summary_large_image","twitter_site":"@UltraMonteRosa","twitter_misc":{"Gesch\u00e4tzte Lesezeit":"2\u00a0Minuten"},"schema":{"@context":"https:\/\/schema.org","@graph":[{"@type":"WebPage","@id":"https:\/\/www.ultratourmonterosa.com\/de\/aufforstung-und-permakulturprojekte\/","url":"https:\/\/www.ultratourmonterosa.com\/de\/aufforstung-und-permakulturprojekte\/","name":"Aufforstung und Permakulturprojekte - Ultra Tour Monte Rosa","isPartOf":{"@id":"https:\/\/www.ultratourmonterosa.com\/#website"},"datePublished":"2020-12-29T11:44:39+00:00","dateModified":"2024-05-08T11:58:35+00:00","breadcrumb":{"@id":"https:\/\/www.ultratourmonterosa.com\/de\/aufforstung-und-permakulturprojekte\/#breadcrumb"},"inLanguage":"de","potentialAction":[{"@type":"ReadAction","target":["https:\/\/www.ultratourmonterosa.com\/de\/aufforstung-und-permakulturprojekte\/"]}]},{"@type":"BreadcrumbList","@id":"https:\/\/www.ultratourmonterosa.com\/de\/aufforstung-und-permakulturprojekte\/#breadcrumb","itemListElement":[{"@type":"ListItem","position":1,"name":"Home","item":"https:\/\/www.ultratourmonterosa.com\/de\/"},{"@type":"ListItem","position":2,"name":"Aufforstung und Permakulturprojekte"}]},{"@type":"WebSite","@id":"https:\/\/www.ultratourmonterosa.com\/#website","url":"https:\/\/www.ultratourmonterosa.com\/","name":"Ultra Tour Monte Rosa","description":"3-6 September 2025","publisher":{"@id":"https:\/\/www.ultratourmonterosa.com\/#organization"},"potentialAction":[{"@type":"SearchAction","target":{"@type":"EntryPoint","urlTemplate":"https:\/\/www.ultratourmonterosa.com\/?s={search_term_string}"},"query-input":{"@type":"PropertyValueSpecification","valueRequired":true,"valueName":"search_term_string"}}],"inLanguage":"de"},{"@type":"Organization","@id":"https:\/\/www.ultratourmonterosa.com\/#organization","name":"Ultra Tour Monte Rosa","url":"https:\/\/www.ultratourmonterosa.com\/","logo":{"@type":"ImageObject","inLanguage":"de","@id":"https:\/\/www.ultratourmonterosa.com\/#\/schema\/logo\/image\/","url":"https:\/\/www.ultratourmonterosa.com\/wp-content\/uploads\/2024\/09\/UTMR-logo-300px-1.png","contentUrl":"https:\/\/www.ultratourmonterosa.com\/wp-content\/uploads\/2024\/09\/UTMR-logo-300px-1.png","width":300,"height":300,"caption":"Ultra Tour Monte Rosa"},"image":{"@id":"https:\/\/www.ultratourmonterosa.com\/#\/schema\/logo\/image\/"},"sameAs":["https:\/\/www.facebook.com\/UltraTourMonteRosa\/","https:\/\/x.com\/UltraMonteRosa"]}]}},"jetpack_shortlink":"https:\/\/wp.me\/P4DSVg-d9X","jetpack_sharing_enabled":true,"_links":{"self":[{"href":"https:\/\/www.ultratourmonterosa.com\/de\/wp-json\/wp\/v2\/pages\/50589","targetHints":{"allow":["GET"]}}],"collection":[{"href":"https:\/\/www.ultratourmonterosa.com\/de\/wp-json\/wp\/v2\/pages"}],"about":[{"href":"https:\/\/www.ultratourmonterosa.com\/de\/wp-json\/wp\/v2\/types\/page"}],"author":[{"embeddable":true,"href":"https:\/\/www.ultratourmonterosa.com\/de\/wp-json\/wp\/v2\/users\/2"}],"replies":[{"embeddable":true,"href":"https:\/\/www.ultratourmonterosa.com\/de\/wp-json\/wp\/v2\/comments?post=50589"}],"version-history":[{"count":1,"href":"https:\/\/www.ultratourmonterosa.com\/de\/wp-json\/wp\/v2\/pages\/50589\/revisions"}],"predecessor-version":[{"id":50590,"href":"https:\/\/www.ultratourmonterosa.com\/de\/wp-json\/wp\/v2\/pages\/50589\/revisions\/50590"}],"wp:attachment":[{"href":"https:\/\/www.ultratourmonterosa.com\/de\/wp-json\/wp\/v2\/media?parent=50589"}],"curies":[{"name":"wp","href":"https:\/\/api.w.org\/{rel}","templated":true}]}}