{"id":687,"date":"2014-08-02T06:57:14","date_gmt":"2014-08-02T01:12:14","guid":{"rendered":"http:\/\/utmr.run\/obligatory-gear-stage-2\/"},"modified":"2025-08-25T15:29:38","modified_gmt":"2025-08-25T09:44:38","slug":"obligatorische-ausruestung","status":"publish","type":"page","link":"https:\/\/www.ultratourmonterosa.com\/de\/useful-information\/obligatorische-ausruestung\/","title":{"rendered":"Obligatorische Ausr\u00fcstung"},"content":{"rendered":"\n<p>Das UTMR ist ein hartes und anspruchsvolles Langstreckenrennen auf hochalpinen Wegen. Wir m\u00f6chten, dass ihr sicher seid; wir m\u00f6chten, dass ihr auf die Bedingungen vorbereitet seid; und wir m\u00f6chten, dass ihr das Rennen genie\u00dft. Aus diesem Grund m\u00fcsst ihr bestimmte Ausr\u00fcstungsgegenst\u00e4nde mit euch f\u00fchren. Bitte respektiert unsere Anfoderungen &#8211; sie sind zu eurer Sicherheit und zu eurem Spa\u00df. Wenn ihr ausreichend vorbereitet seid, werdet ihr gewiss Spa\u00df haben, egal wie widrig die Umst\u00e4nde.<\/p>\n\n<p><strong>Warum m\u00fcsst ihr gewisse Ausr\u00fcstungsgegenst\u00e4nde mit euch f\u00fchren? Das ist ein hartes Rennen. Die Art des Gel\u00e4ndes bedeutet, dass langsamere L\u00e4ufer\/innen bis zu 8 Stunden von Checkpoint zu Checkpoint unterwegs sein k\u00f6nnen. Wir befinden uns mitten in den Alpen, wo sich das Wetter sehr schnell \u00e4ndern kann. Die T\u00e4ler haben unterschiedliche Mikroklimas, so dass die Bedingungen von Tal zu Tal total unterschiedlich sein k\u00f6nnen. Manchmal muss man nur einen Pass \u00fcberqueren, um in ein anderes Mikroklima zu kommen. Bei diesem Rennen wird man schnell mit seinen Schw\u00e4chen konfrontiert und es gibt kaum Spielraum f\u00fcr schlechte oder unzureichende Ausr\u00fcstung. Wir verlangen das absolute Minimum von euch. Bitte seid vern\u00fcnftig und packt lieber mehr ein, besonders wenn die Wettervorhersage schlecht ist oder wenn ihr ein\/e eher langsame\/r L\u00e4ufer\/in seid. Vergesst bitte nicht, dass ihr bei der Teilnahme an diesem Rennen immer noch f\u00fcr euch selbst verantwortlich seid. Wenn ihr die Strecke respektiert und all das mitnehmt, was ihr braucht, um komfortabel und sicher zu sein, dann werdet ihr das Rennen so richtig genie\u00dfen k\u00f6nnen! <\/strong><\/p>\n\n<div style=\"height:20px\" aria-hidden=\"true\" class=\"wp-block-spacer\"><\/div>\n\n<div class=\"wp-block-jetpack-tiled-gallery aligncenter is-style-columns\"><div class=\"tiled-gallery__gallery\"><div class=\"tiled-gallery__row\"><div class=\"tiled-gallery__col\" style=\"flex-basis:33.341015112946614%\"><figure class=\"tiled-gallery__item\"><a href=\"https:\/\/www.ultratourmonterosa.com\/wp-content\/uploads\/2020\/10\/putting-on-microspikes.jpg\" data-lbwps-width=\"1440\" data-lbwps-height=\"960\" data-lbwps-srcsmall=\"https:\/\/www.ultratourmonterosa.com\/wp-content\/uploads\/2020\/10\/putting-on-microspikes.jpg\"><img decoding=\"async\" srcset=\"https:\/\/i2.wp.com\/www.ultratourmonterosa.com\/wp-content\/uploads\/2020\/10\/putting-on-microspikes.jpg?strip=info&#038;w=600&#038;ssl=1 600w,https:\/\/i2.wp.com\/www.ultratourmonterosa.com\/wp-content\/uploads\/2020\/10\/putting-on-microspikes.jpg?strip=info&#038;w=900&#038;ssl=1 900w,https:\/\/i2.wp.com\/www.ultratourmonterosa.com\/wp-content\/uploads\/2020\/10\/putting-on-microspikes.jpg?strip=info&#038;w=1200&#038;ssl=1 1200w,https:\/\/i2.wp.com\/www.ultratourmonterosa.com\/wp-content\/uploads\/2020\/10\/putting-on-microspikes.jpg?strip=info&#038;w=1440&#038;ssl=1 1440w\" alt=\"\" data-height=\"960\" data-id=\"40571\" data-link=\"https:\/\/www.ultratourmonterosa.com\/useful-information\/obligatory-equipment\/putting-on-microspikes\/\" data-url=\"https:\/\/www.ultratourmonterosa.com\/wp-content\/uploads\/2020\/10\/putting-on-microspikes.jpg\" data-width=\"1440\" src=\"https:\/\/i2.wp.com\/www.ultratourmonterosa.com\/wp-content\/uploads\/2020\/10\/putting-on-microspikes.jpg?ssl=1\" data-amp-layout=\"responsive\"><\/a><\/figure><\/div><div class=\"tiled-gallery__col\" style=\"flex-basis:33.31796977410677%\"><figure class=\"tiled-gallery__item\"><a href=\"https:\/\/www.ultratourmonterosa.com\/wp-content\/uploads\/2020\/12\/utmr-obligatory-equipment-list.jpg\" data-lbwps-width=\"1439\" data-lbwps-height=\"960\" data-lbwps-srcsmall=\"https:\/\/www.ultratourmonterosa.com\/wp-content\/uploads\/2020\/12\/utmr-obligatory-equipment-list.jpg\"><img decoding=\"async\" srcset=\"https:\/\/i1.wp.com\/www.ultratourmonterosa.com\/wp-content\/uploads\/2020\/12\/utmr-obligatory-equipment-list.jpg?strip=info&#038;w=600&#038;ssl=1 600w,https:\/\/i1.wp.com\/www.ultratourmonterosa.com\/wp-content\/uploads\/2020\/12\/utmr-obligatory-equipment-list.jpg?strip=info&#038;w=900&#038;ssl=1 900w,https:\/\/i1.wp.com\/www.ultratourmonterosa.com\/wp-content\/uploads\/2020\/12\/utmr-obligatory-equipment-list.jpg?strip=info&#038;w=1200&#038;ssl=1 1200w,https:\/\/i1.wp.com\/www.ultratourmonterosa.com\/wp-content\/uploads\/2020\/12\/utmr-obligatory-equipment-list.jpg?strip=info&#038;w=1439&#038;ssl=1 1439w\" alt=\"Ausr\u00fcstungs-Check\" data-height=\"960\" data-id=\"44547\" data-link=\"https:\/\/www.ultratourmonterosa.com\/useful-information\/obligatory-equipment\/utmr-obligatory-equipment-list\/\" data-url=\"https:\/\/www.ultratourmonterosa.com\/wp-content\/uploads\/2020\/12\/utmr-obligatory-equipment-list.jpg\" data-width=\"1439\" src=\"https:\/\/i1.wp.com\/www.ultratourmonterosa.com\/wp-content\/uploads\/2020\/12\/utmr-obligatory-equipment-list.jpg?ssl=1\" data-amp-layout=\"responsive\"><\/a><\/figure><\/div><div class=\"tiled-gallery__col\" style=\"flex-basis:33.341015112946614%\"><figure class=\"tiled-gallery__item\"><a href=\"https:\/\/www.ultratourmonterosa.com\/wp-content\/uploads\/2020\/12\/UTMR_stage_2_foto_G_Meneghello_GM_19-04999.jpg\" data-lbwps-width=\"1920\" data-lbwps-height=\"1280\" data-lbwps-srcsmall=\"https:\/\/www.ultratourmonterosa.com\/wp-content\/uploads\/2020\/12\/UTMR_stage_2_foto_G_Meneghello_GM_19-04999.jpg\"><img decoding=\"async\" srcset=\"https:\/\/i2.wp.com\/www.ultratourmonterosa.com\/wp-content\/uploads\/2020\/12\/UTMR_stage_2_foto_G_Meneghello_GM_19-04999.jpg?strip=info&#038;w=600&#038;ssl=1 600w,https:\/\/i2.wp.com\/www.ultratourmonterosa.com\/wp-content\/uploads\/2020\/12\/UTMR_stage_2_foto_G_Meneghello_GM_19-04999.jpg?strip=info&#038;w=900&#038;ssl=1 900w,https:\/\/i2.wp.com\/www.ultratourmonterosa.com\/wp-content\/uploads\/2020\/12\/UTMR_stage_2_foto_G_Meneghello_GM_19-04999.jpg?strip=info&#038;w=1200&#038;ssl=1 1200w,https:\/\/i2.wp.com\/www.ultratourmonterosa.com\/wp-content\/uploads\/2020\/12\/UTMR_stage_2_foto_G_Meneghello_GM_19-04999.jpg?strip=info&#038;w=1500&#038;ssl=1 1500w,https:\/\/i2.wp.com\/www.ultratourmonterosa.com\/wp-content\/uploads\/2020\/12\/UTMR_stage_2_foto_G_Meneghello_GM_19-04999.jpg?strip=info&#038;w=1800&#038;ssl=1 1800w,https:\/\/i2.wp.com\/www.ultratourmonterosa.com\/wp-content\/uploads\/2020\/12\/UTMR_stage_2_foto_G_Meneghello_GM_19-04999.jpg?strip=info&#038;w=1920&#038;ssl=1 1920w\" alt=\"Trailrunning auf dem Gletscher\" data-height=\"1280\" data-id=\"44218\" data-link=\"https:\/\/www.ultratourmonterosa.com\/races\/4-stage-race-info\/utmr_stage_2_foto_g_meneghello_gm_19-04999\/\" data-url=\"https:\/\/www.ultratourmonterosa.com\/wp-content\/uploads\/2020\/12\/UTMR_stage_2_foto_G_Meneghello_GM_19-04999.jpg\" data-width=\"1920\" src=\"https:\/\/i2.wp.com\/www.ultratourmonterosa.com\/wp-content\/uploads\/2020\/12\/UTMR_stage_2_foto_G_Meneghello_GM_19-04999.jpg?ssl=1\" data-amp-layout=\"responsive\"><\/a><\/figure><\/div><\/div><\/div><\/div>\n\n<div style=\"height:75px\" aria-hidden=\"true\" class=\"wp-block-spacer\"><\/div>\n\n<div class=\"wp-block-simple-alerts-for-gutenberg-alert-boxes sab-alert sab-alert-warning\" role=\"alert\"><strong>Bitte beachten Sie, dass f\u00fcr die Etappe und die 170 km lange Ultra Tour<\/strong> aufgrund der sich schnell \u00e4ndernden Bedingungen auf dem Gletscher Mikrospikes erforderlich sind.\nWenn Sie noch keine eigenen haben, k\u00f6nnen Sie hier ein Paar mieten: <a href=\"https:\/\/registration.utmr.ch\/rent-a-pair-of-microspikes\/\" target=\"_blank\" rel=\"noreferrer noopener\">https:\/\/registration.utmr.ch\/rent-a-pair-of-microspikes\/<\/a>. Bitte beachten Sie, dass es sich um Spikes handeln muss (keine Spikes oder Ringe) und dass diese auf dem gesamten Abschnitt zwischen Zermatt und Gressoney getragen werden m\u00fcssen.  Vielen Dank f\u00fcr Ihr Verst\u00e4ndnis!  <\/div>\n\n<div style=\"height:50px\" aria-hidden=\"true\" class=\"wp-block-spacer\"><\/div>\n\n<p>Die obligatorische Ausr\u00fcstung wird bei der Rennanmeldung \u00fcberpr\u00fcft und kann jederzeit w\u00e4hrend des Rennens kontrolliert werden. <strong>Die Ersatzausr\u00fcstung muss in wasserdichten Taschen in eurem Rucksack sein.<\/strong> Bei schlechtem Wetter ist es wichtig, dass euer zweites Oberteil und eure M\u00fctze trocken sind, wenn ihr sie braucht. Bei hei\u00dfem Wetter kann es vorkommen, dass euer Schweiss durch den Rucksack dringt und eure Ersatzkleidung durchn\u00e4sst. Dann n\u00fctzt sie nicht mehr viel, wenn ihr sie im Falle eines Wettersturzes oder in der Nacht ben\u00f6tigt. Ein Trockenbeutel oder ein Ziplock-Beutel ist ideal.  <\/p>\n\n<div style=\"height:20px\" aria-hidden=\"true\" class=\"wp-block-spacer\"><\/div>\n\n<div style=\"height:50px\" aria-hidden=\"true\" class=\"wp-block-spacer\"><\/div>\n\n<h3 class=\"wp-block-heading\">Die Liste<\/h3>\n","protected":false},"excerpt":{"rendered":"<p>Das UTMR ist ein hartes und anspruchsvolles Langstreckenrennen auf hochalpinen Wegen. Wir m\u00f6chten, dass ihr sicher seid; wir m\u00f6chten, dass ihr auf die Bedingungen vorbereitet seid; und wir m\u00f6chten, dass ihr das Rennen genie\u00dft. Aus diesem Grund m\u00fcsst ihr bestimmte Ausr\u00fcstungsgegenst\u00e4nde mit euch f\u00fchren. Bitte respektiert unsere Anfoderungen &#8211; sie sind zu eurer Sicherheit und [&hellip;]<\/p>\n","protected":false},"author":2,"featured_media":40567,"parent":17485,"menu_order":7,"comment_status":"open","ping_status":"open","template":"page-obligatory.php","meta":{"_acf_changed":false,"jetpack_post_was_ever_published":false,"footnotes":"","_wp_rev_ctl_limit":""},"class_list":["post-687","page","type-page","status-publish","has-post-thumbnail","hentry"],"acf":[],"yoast_head":"<!-- This site is optimized with the Yoast SEO plugin v27.3 - https:\/\/yoast.com\/product\/yoast-seo-wordpress\/ -->\n<title>Obligatorische Ausr\u00fcstung - Ultra Tour Monte Rosa<\/title>\n<meta name=\"robots\" content=\"index, follow, max-snippet:-1, max-image-preview:large, max-video-preview:-1\" \/>\n<link rel=\"canonical\" href=\"https:\/\/www.ultratourmonterosa.com\/de\/useful-information\/obligatorische-ausruestung\/\" \/>\n<meta property=\"og:locale\" content=\"de_DE\" \/>\n<meta property=\"og:type\" content=\"article\" \/>\n<meta property=\"og:title\" content=\"Obligatorische Ausr\u00fcstung - Ultra Tour Monte Rosa\" \/>\n<meta property=\"og:description\" content=\"Das UTMR ist ein hartes und anspruchsvolles Langstreckenrennen auf hochalpinen Wegen. Wir m\u00f6chten, dass ihr sicher seid; wir m\u00f6chten, dass ihr auf die Bedingungen vorbereitet seid; und wir m\u00f6chten, dass ihr das Rennen genie\u00dft. Aus diesem Grund m\u00fcsst ihr bestimmte Ausr\u00fcstungsgegenst\u00e4nde mit euch f\u00fchren. Bitte respektiert unsere Anfoderungen &#8211; sie sind zu eurer Sicherheit und [&hellip;]\" \/>\n<meta property=\"og:url\" content=\"https:\/\/www.ultratourmonterosa.com\/de\/useful-information\/obligatorische-ausruestung\/\" \/>\n<meta property=\"og:site_name\" content=\"Ultra Tour Monte Rosa\" \/>\n<meta property=\"article:publisher\" content=\"https:\/\/www.facebook.com\/UltraTourMonteRosa\/\" \/>\n<meta property=\"article:modified_time\" content=\"2025-08-25T09:44:38+00:00\" \/>\n<meta property=\"og:image\" content=\"https:\/\/www.ultratourmonterosa.com\/wp-content\/uploads\/2020\/10\/equipment-check-utmr.jpg\" \/>\n\t<meta property=\"og:image:width\" content=\"1440\" \/>\n\t<meta property=\"og:image:height\" content=\"960\" \/>\n\t<meta property=\"og:image:type\" content=\"image\/jpeg\" \/>\n<meta name=\"twitter:card\" content=\"summary_large_image\" \/>\n<meta name=\"twitter:site\" content=\"@UltraMonteRosa\" \/>\n<meta name=\"twitter:label1\" content=\"Gesch\u00e4tzte Lesezeit\" \/>\n\t<meta name=\"twitter:data1\" content=\"3\u00a0Minuten\" \/>\n<script type=\"application\/ld+json\" class=\"yoast-schema-graph\">{\"@context\":\"https:\\\/\\\/schema.org\",\"@graph\":[{\"@type\":\"WebPage\",\"@id\":\"https:\\\/\\\/www.ultratourmonterosa.com\\\/de\\\/useful-information\\\/obligatorische-ausruestung\\\/\",\"url\":\"https:\\\/\\\/www.ultratourmonterosa.com\\\/de\\\/useful-information\\\/obligatorische-ausruestung\\\/\",\"name\":\"Obligatorische Ausr\u00fcstung - Ultra Tour Monte Rosa\",\"isPartOf\":{\"@id\":\"https:\\\/\\\/www.ultratourmonterosa.com\\\/#website\"},\"primaryImageOfPage\":{\"@id\":\"https:\\\/\\\/www.ultratourmonterosa.com\\\/de\\\/useful-information\\\/obligatorische-ausruestung\\\/#primaryimage\"},\"image\":{\"@id\":\"https:\\\/\\\/www.ultratourmonterosa.com\\\/de\\\/useful-information\\\/obligatorische-ausruestung\\\/#primaryimage\"},\"thumbnailUrl\":\"https:\\\/\\\/www.ultratourmonterosa.com\\\/wp-content\\\/uploads\\\/2020\\\/10\\\/equipment-check-utmr.jpg\",\"datePublished\":\"2014-08-02T01:12:14+00:00\",\"dateModified\":\"2025-08-25T09:44:38+00:00\",\"breadcrumb\":{\"@id\":\"https:\\\/\\\/www.ultratourmonterosa.com\\\/de\\\/useful-information\\\/obligatorische-ausruestung\\\/#breadcrumb\"},\"inLanguage\":\"de\",\"potentialAction\":[{\"@type\":\"ReadAction\",\"target\":[\"https:\\\/\\\/www.ultratourmonterosa.com\\\/de\\\/useful-information\\\/obligatorische-ausruestung\\\/\"]}]},{\"@type\":\"ImageObject\",\"inLanguage\":\"de\",\"@id\":\"https:\\\/\\\/www.ultratourmonterosa.com\\\/de\\\/useful-information\\\/obligatorische-ausruestung\\\/#primaryimage\",\"url\":\"https:\\\/\\\/www.ultratourmonterosa.com\\\/wp-content\\\/uploads\\\/2020\\\/10\\\/equipment-check-utmr.jpg\",\"contentUrl\":\"https:\\\/\\\/www.ultratourmonterosa.com\\\/wp-content\\\/uploads\\\/2020\\\/10\\\/equipment-check-utmr.jpg\",\"width\":1440,\"height\":960,\"caption\":\"Die \u00dcberpr\u00fcfung ist gr\u00fcndlich.\"},{\"@type\":\"BreadcrumbList\",\"@id\":\"https:\\\/\\\/www.ultratourmonterosa.com\\\/de\\\/useful-information\\\/obligatorische-ausruestung\\\/#breadcrumb\",\"itemListElement\":[{\"@type\":\"ListItem\",\"position\":1,\"name\":\"Home\",\"item\":\"https:\\\/\\\/www.ultratourmonterosa.com\\\/de\\\/\"},{\"@type\":\"ListItem\",\"position\":2,\"name\":\"USEFUL INFORMATION\",\"item\":\"https:\\\/\\\/www.ultratourmonterosa.com\\\/de\\\/useful-information\\\/\"},{\"@type\":\"ListItem\",\"position\":3,\"name\":\"Obligatorische Ausr\u00fcstung\"}]},{\"@type\":\"WebSite\",\"@id\":\"https:\\\/\\\/www.ultratourmonterosa.com\\\/#website\",\"url\":\"https:\\\/\\\/www.ultratourmonterosa.com\\\/\",\"name\":\"Ultra Tour Monte Rosa\",\"description\":\"3-6 September 2025\",\"publisher\":{\"@id\":\"https:\\\/\\\/www.ultratourmonterosa.com\\\/#organization\"},\"potentialAction\":[{\"@type\":\"SearchAction\",\"target\":{\"@type\":\"EntryPoint\",\"urlTemplate\":\"https:\\\/\\\/www.ultratourmonterosa.com\\\/?s={search_term_string}\"},\"query-input\":{\"@type\":\"PropertyValueSpecification\",\"valueRequired\":true,\"valueName\":\"search_term_string\"}}],\"inLanguage\":\"de\"},{\"@type\":\"Organization\",\"@id\":\"https:\\\/\\\/www.ultratourmonterosa.com\\\/#organization\",\"name\":\"Ultra Tour Monte Rosa\",\"url\":\"https:\\\/\\\/www.ultratourmonterosa.com\\\/\",\"logo\":{\"@type\":\"ImageObject\",\"inLanguage\":\"de\",\"@id\":\"https:\\\/\\\/www.ultratourmonterosa.com\\\/#\\\/schema\\\/logo\\\/image\\\/\",\"url\":\"https:\\\/\\\/www.ultratourmonterosa.com\\\/wp-content\\\/uploads\\\/2024\\\/09\\\/UTMR-logo-300px-1.png\",\"contentUrl\":\"https:\\\/\\\/www.ultratourmonterosa.com\\\/wp-content\\\/uploads\\\/2024\\\/09\\\/UTMR-logo-300px-1.png\",\"width\":300,\"height\":300,\"caption\":\"Ultra Tour Monte Rosa\"},\"image\":{\"@id\":\"https:\\\/\\\/www.ultratourmonterosa.com\\\/#\\\/schema\\\/logo\\\/image\\\/\"},\"sameAs\":[\"https:\\\/\\\/www.facebook.com\\\/UltraTourMonteRosa\\\/\",\"https:\\\/\\\/x.com\\\/UltraMonteRosa\"]}]}<\/script>\n<!-- \/ Yoast SEO plugin. -->","yoast_head_json":{"title":"Obligatorische Ausr\u00fcstung - Ultra Tour Monte Rosa","robots":{"index":"index","follow":"follow","max-snippet":"max-snippet:-1","max-image-preview":"max-image-preview:large","max-video-preview":"max-video-preview:-1"},"canonical":"https:\/\/www.ultratourmonterosa.com\/de\/useful-information\/obligatorische-ausruestung\/","og_locale":"de_DE","og_type":"article","og_title":"Obligatorische Ausr\u00fcstung - Ultra Tour Monte Rosa","og_description":"Das UTMR ist ein hartes und anspruchsvolles Langstreckenrennen auf hochalpinen Wegen. Wir m\u00f6chten, dass ihr sicher seid; wir m\u00f6chten, dass ihr auf die Bedingungen vorbereitet seid; und wir m\u00f6chten, dass ihr das Rennen genie\u00dft. Aus diesem Grund m\u00fcsst ihr bestimmte Ausr\u00fcstungsgegenst\u00e4nde mit euch f\u00fchren. Bitte respektiert unsere Anfoderungen &#8211; sie sind zu eurer Sicherheit und [&hellip;]","og_url":"https:\/\/www.ultratourmonterosa.com\/de\/useful-information\/obligatorische-ausruestung\/","og_site_name":"Ultra Tour Monte Rosa","article_publisher":"https:\/\/www.facebook.com\/UltraTourMonteRosa\/","article_modified_time":"2025-08-25T09:44:38+00:00","og_image":[{"width":1440,"height":960,"url":"https:\/\/www.ultratourmonterosa.com\/wp-content\/uploads\/2020\/10\/equipment-check-utmr.jpg","type":"image\/jpeg"}],"twitter_card":"summary_large_image","twitter_site":"@UltraMonteRosa","twitter_misc":{"Gesch\u00e4tzte Lesezeit":"3\u00a0Minuten"},"schema":{"@context":"https:\/\/schema.org","@graph":[{"@type":"WebPage","@id":"https:\/\/www.ultratourmonterosa.com\/de\/useful-information\/obligatorische-ausruestung\/","url":"https:\/\/www.ultratourmonterosa.com\/de\/useful-information\/obligatorische-ausruestung\/","name":"Obligatorische Ausr\u00fcstung - Ultra Tour Monte Rosa","isPartOf":{"@id":"https:\/\/www.ultratourmonterosa.com\/#website"},"primaryImageOfPage":{"@id":"https:\/\/www.ultratourmonterosa.com\/de\/useful-information\/obligatorische-ausruestung\/#primaryimage"},"image":{"@id":"https:\/\/www.ultratourmonterosa.com\/de\/useful-information\/obligatorische-ausruestung\/#primaryimage"},"thumbnailUrl":"https:\/\/www.ultratourmonterosa.com\/wp-content\/uploads\/2020\/10\/equipment-check-utmr.jpg","datePublished":"2014-08-02T01:12:14+00:00","dateModified":"2025-08-25T09:44:38+00:00","breadcrumb":{"@id":"https:\/\/www.ultratourmonterosa.com\/de\/useful-information\/obligatorische-ausruestung\/#breadcrumb"},"inLanguage":"de","potentialAction":[{"@type":"ReadAction","target":["https:\/\/www.ultratourmonterosa.com\/de\/useful-information\/obligatorische-ausruestung\/"]}]},{"@type":"ImageObject","inLanguage":"de","@id":"https:\/\/www.ultratourmonterosa.com\/de\/useful-information\/obligatorische-ausruestung\/#primaryimage","url":"https:\/\/www.ultratourmonterosa.com\/wp-content\/uploads\/2020\/10\/equipment-check-utmr.jpg","contentUrl":"https:\/\/www.ultratourmonterosa.com\/wp-content\/uploads\/2020\/10\/equipment-check-utmr.jpg","width":1440,"height":960,"caption":"Die \u00dcberpr\u00fcfung ist gr\u00fcndlich."},{"@type":"BreadcrumbList","@id":"https:\/\/www.ultratourmonterosa.com\/de\/useful-information\/obligatorische-ausruestung\/#breadcrumb","itemListElement":[{"@type":"ListItem","position":1,"name":"Home","item":"https:\/\/www.ultratourmonterosa.com\/de\/"},{"@type":"ListItem","position":2,"name":"USEFUL INFORMATION","item":"https:\/\/www.ultratourmonterosa.com\/de\/useful-information\/"},{"@type":"ListItem","position":3,"name":"Obligatorische Ausr\u00fcstung"}]},{"@type":"WebSite","@id":"https:\/\/www.ultratourmonterosa.com\/#website","url":"https:\/\/www.ultratourmonterosa.com\/","name":"Ultra Tour Monte Rosa","description":"3-6 September 2025","publisher":{"@id":"https:\/\/www.ultratourmonterosa.com\/#organization"},"potentialAction":[{"@type":"SearchAction","target":{"@type":"EntryPoint","urlTemplate":"https:\/\/www.ultratourmonterosa.com\/?s={search_term_string}"},"query-input":{"@type":"PropertyValueSpecification","valueRequired":true,"valueName":"search_term_string"}}],"inLanguage":"de"},{"@type":"Organization","@id":"https:\/\/www.ultratourmonterosa.com\/#organization","name":"Ultra Tour Monte Rosa","url":"https:\/\/www.ultratourmonterosa.com\/","logo":{"@type":"ImageObject","inLanguage":"de","@id":"https:\/\/www.ultratourmonterosa.com\/#\/schema\/logo\/image\/","url":"https:\/\/www.ultratourmonterosa.com\/wp-content\/uploads\/2024\/09\/UTMR-logo-300px-1.png","contentUrl":"https:\/\/www.ultratourmonterosa.com\/wp-content\/uploads\/2024\/09\/UTMR-logo-300px-1.png","width":300,"height":300,"caption":"Ultra Tour Monte Rosa"},"image":{"@id":"https:\/\/www.ultratourmonterosa.com\/#\/schema\/logo\/image\/"},"sameAs":["https:\/\/www.facebook.com\/UltraTourMonteRosa\/","https:\/\/x.com\/UltraMonteRosa"]}]}},"jetpack_shortlink":"https:\/\/wp.me\/P4DSVg-b5","jetpack_sharing_enabled":true,"_links":{"self":[{"href":"https:\/\/www.ultratourmonterosa.com\/de\/wp-json\/wp\/v2\/pages\/687","targetHints":{"allow":["GET"]}}],"collection":[{"href":"https:\/\/www.ultratourmonterosa.com\/de\/wp-json\/wp\/v2\/pages"}],"about":[{"href":"https:\/\/www.ultratourmonterosa.com\/de\/wp-json\/wp\/v2\/types\/page"}],"author":[{"embeddable":true,"href":"https:\/\/www.ultratourmonterosa.com\/de\/wp-json\/wp\/v2\/users\/2"}],"replies":[{"embeddable":true,"href":"https:\/\/www.ultratourmonterosa.com\/de\/wp-json\/wp\/v2\/comments?post=687"}],"version-history":[{"count":5,"href":"https:\/\/www.ultratourmonterosa.com\/de\/wp-json\/wp\/v2\/pages\/687\/revisions"}],"predecessor-version":[{"id":51325,"href":"https:\/\/www.ultratourmonterosa.com\/de\/wp-json\/wp\/v2\/pages\/687\/revisions\/51325"}],"up":[{"embeddable":true,"href":"https:\/\/www.ultratourmonterosa.com\/de\/wp-json\/wp\/v2\/pages\/17485"}],"wp:featuredmedia":[{"embeddable":true,"href":"https:\/\/www.ultratourmonterosa.com\/de\/wp-json\/wp\/v2\/media\/40567"}],"wp:attachment":[{"href":"https:\/\/www.ultratourmonterosa.com\/de\/wp-json\/wp\/v2\/media?parent=687"}],"curies":[{"name":"wp","href":"https:\/\/api.w.org\/{rel}","templated":true}]}}