{"id":694,"date":"2014-06-16T18:35:38","date_gmt":"2014-06-16T12:50:38","guid":{"rendered":"http:\/\/utmr.run\/travel-2\/"},"modified":"2024-05-08T17:31:34","modified_gmt":"2024-05-08T11:46:34","slug":"travel-2","status":"publish","type":"page","link":"https:\/\/www.ultratourmonterosa.com\/de\/useful-information\/travel-2\/","title":{"rendered":"Reisen nach Gr\u00e4chen"},"content":{"rendered":"\n<div class=\"wp-block-group\"><div class=\"wp-block-group__inner-container is-layout-constrained wp-block-group-is-layout-constrained\">\n<h2 class=\"wp-block-heading\">Anreise nach Gr\u00e4chen<\/h2>\n\n\n\n<p>Gr\u00e4chen ist ein Dorf oberhalb von St. Niklaus im Mattertal in der Schweiz. <a href=\"https:\/\/goo.gl\/maps\/9MDT2\" target=\"_blank\" rel=\"noopener noreferrer\">Hier<\/a> auf Google Maps k\u00f6nnt ihr den genauen Standort finden. Gr\u00e4chen ist von den Flugh\u00e4fen Mailand, Genf und Z\u00fcrich bequem mit den \u00f6ffentlichen Verkehrsmitteln erreichbar. Ausf\u00fchrliche Informationen zur Anreise nach Gr\u00e4chen findet ihr auf der Website des Fremdenverkehrsamtes: <a href=\"http:\/\/www.graechen.ch\/site\/en\/services-arrival\/how-to-get-there\">hier<\/a>.<\/p>\n\n\n\n<p>Alle Bahn- und Busverbindungen findet ihr auf der hilfreichen Website der <a href=\"http:\/\/www.sbb.ch\/en\">Schweizer Bahn auf www.sbb.ch\/en<\/a>. Wenn Sie ein Ticket im Voraus kaufen, sparen Sie Geld. Stellen Sie sicher, dass Ihr Ziel<strong>&#8222;Gr\u00e4chen Zentrum<\/strong>&#8220; ist. Denken Sie daran, dass Gr\u00e4chen ein weitgehend autofreies Dorf ist und dass alle Hotels und Wohnungen in Gehdistanz zur Start-\/Ziellinie am Gr\u00e4chen Dorfplatz liegen. N\u00fctzlicher Hinweis&#8230; die Z\u00fcge fahren direkt von den Flugh\u00e4fen Genf und Z\u00fcrich ab. Reisen innerhalb der Schweiz ist sehr einfach!<\/p>\n<\/div><\/div>\n\n<div style=\"height:50px\" aria-hidden=\"true\" class=\"wp-block-spacer\"><\/div>\n\n<div class=\"wp-block-group\"><div class=\"wp-block-group__inner-container is-layout-constrained wp-block-group-is-layout-constrained\">\n<h2 class=\"wp-block-heading\">Shuttle-Bus-Transfers<\/h2>\n\n\n\n<p>Hier finden Sie die Liste der 2024 angebotenen Shuttlebusse und wie Sie einen Platz buchen k\u00f6nnen.  <\/p>\n\n\n\n<p><\/p>\n\n\n\n<p><a class=\"ur-btn ur-btn-yellow\" href=\"https:\/\/www.ultratourmonterosa.com\/de\/useful-information\/bus-shuttles\/\" target=\"_blank\" rel=\"noopener noreferrer\">Shuttlebus-Buchungsformular<\/a><\/p>\n<\/div><\/div>\n\n<div style=\"height:50px\" aria-hidden=\"true\" class=\"wp-block-spacer\"><\/div>\n\n<h2 class=\"wp-block-heading\">Lagekarte<\/h2>\n\n<p>F\u00fcr weitere Informationen, bitte auf das kleine Feld in der oberen linken Ecke klicken<\/p>\n\n<p><iframe loading=\"lazy\" src=\"https:\/\/www.google.com\/maps\/d\/embed?mid=zD3a117sQji0.kfXN5Zb-n8I0\" width=\"640\" height=\"480\"><\/iframe><\/p>\n\n<div style=\"height:20px\" aria-hidden=\"true\" class=\"wp-block-spacer\"><\/div>\n\n<div style=\"height:20px\" aria-hidden=\"true\" class=\"wp-block-spacer\"><\/div>\n\n<h2 class=\"wp-block-heading\">Von Chamonix<\/h2>\n\n<p>Anreise von Chamonix:<\/p>\n\n<ul class=\"wp-block-list\">\n<li>Richtung Gr\u00e4chen: mit der Bahn \u00fcber Vallorcine, dann Martigny, Visp bis Gr\u00e4chen &#8211; Buchung \u00fcber <a href=\"http:\/\/sbb.ch\/en\" target=\"_blank\" rel=\"noopener noreferrer\">sbb.ch\/de<\/a><\/li>\n\n\n\n<li>UTMR-Pendelbus  <\/li>\n\n\n\n<li>Carsharing &#8211; siehe unten!<\/li>\n<\/ul>\n\n<div style=\"height:20px\" aria-hidden=\"true\" class=\"wp-block-spacer\"><\/div>\n\n<h2 class=\"wp-block-heading\">Carsharing<\/h2>\n\n<p>Wenn Sie ein Auto teilen m\u00f6chten, k\u00f6nnen Sie unsere <a href=\"https:\/\/www.facebook.com\/groups\/1259415610830725\/\" target=\"_blank\" rel=\"noreferrer noopener\"> Facebook-Gruppe &#8222;Friends of Ultra Tour Monte Rosa&#8220;<\/a> nutzen, um sich mit anderen L\u00e4ufern zu verbinden!<\/p>\n\n<div style=\"height:20px\" aria-hidden=\"true\" class=\"wp-block-spacer\"><\/div>\n","protected":false},"excerpt":{"rendered":"<p>Anreise nach Gr\u00e4chen Gr\u00e4chen ist ein Dorf oberhalb von St. Niklaus im Mattertal in der Schweiz. Hier auf Google Maps k\u00f6nnt ihr den genauen Standort finden. Gr\u00e4chen ist von den Flugh\u00e4fen Mailand, Genf und Z\u00fcrich bequem mit den \u00f6ffentlichen Verkehrsmitteln erreichbar. Ausf\u00fchrliche Informationen zur Anreise nach Gr\u00e4chen findet ihr auf der Website des Fremdenverkehrsamtes: hier. [&hellip;]<\/p>\n","protected":false},"author":2,"featured_media":20480,"parent":17485,"menu_order":11,"comment_status":"open","ping_status":"open","template":"","meta":{"_acf_changed":false,"jetpack_post_was_ever_published":false,"footnotes":"","_wp_rev_ctl_limit":""},"class_list":["post-694","page","type-page","status-publish","has-post-thumbnail","hentry"],"acf":[],"yoast_head":"<!-- This site is optimized with the Yoast SEO plugin v27.3 - https:\/\/yoast.com\/product\/yoast-seo-wordpress\/ -->\n<title>Reisen nach Gr\u00e4chen - Ultra Tour Monte Rosa<\/title>\n<meta name=\"robots\" content=\"index, follow, max-snippet:-1, max-image-preview:large, max-video-preview:-1\" \/>\n<link rel=\"canonical\" href=\"https:\/\/www.ultratourmonterosa.com\/de\/useful-information\/travel-2\/\" \/>\n<meta property=\"og:locale\" content=\"de_DE\" \/>\n<meta property=\"og:type\" content=\"article\" \/>\n<meta property=\"og:title\" content=\"Reisen nach Gr\u00e4chen - Ultra Tour Monte Rosa\" \/>\n<meta property=\"og:description\" content=\"Anreise nach Gr\u00e4chen Gr\u00e4chen ist ein Dorf oberhalb von St. Niklaus im Mattertal in der Schweiz. Hier auf Google Maps k\u00f6nnt ihr den genauen Standort finden. Gr\u00e4chen ist von den Flugh\u00e4fen Mailand, Genf und Z\u00fcrich bequem mit den \u00f6ffentlichen Verkehrsmitteln erreichbar. Ausf\u00fchrliche Informationen zur Anreise nach Gr\u00e4chen findet ihr auf der Website des Fremdenverkehrsamtes: hier. [&hellip;]\" \/>\n<meta property=\"og:url\" content=\"https:\/\/www.ultratourmonterosa.com\/de\/useful-information\/travel-2\/\" \/>\n<meta property=\"og:site_name\" content=\"Ultra Tour Monte Rosa\" \/>\n<meta property=\"article:publisher\" content=\"https:\/\/www.facebook.com\/UltraTourMonteRosa\/\" \/>\n<meta property=\"article:modified_time\" content=\"2024-05-08T11:46:34+00:00\" \/>\n<meta property=\"og:image\" content=\"https:\/\/www.ultratourmonterosa.com\/wp-content\/uploads\/2014\/06\/transport-map-utmr.jpg\" \/>\n\t<meta property=\"og:image:width\" content=\"861\" \/>\n\t<meta property=\"og:image:height\" content=\"602\" \/>\n\t<meta property=\"og:image:type\" content=\"image\/jpeg\" \/>\n<meta name=\"twitter:card\" content=\"summary_large_image\" \/>\n<meta name=\"twitter:site\" content=\"@UltraMonteRosa\" \/>\n<meta name=\"twitter:label1\" content=\"Gesch\u00e4tzte Lesezeit\" \/>\n\t<meta name=\"twitter:data1\" content=\"2\u00a0Minuten\" \/>\n<script type=\"application\/ld+json\" class=\"yoast-schema-graph\">{\"@context\":\"https:\\\/\\\/schema.org\",\"@graph\":[{\"@type\":\"WebPage\",\"@id\":\"https:\\\/\\\/www.ultratourmonterosa.com\\\/de\\\/useful-information\\\/travel-2\\\/\",\"url\":\"https:\\\/\\\/www.ultratourmonterosa.com\\\/de\\\/useful-information\\\/travel-2\\\/\",\"name\":\"Reisen nach Gr\u00e4chen - Ultra Tour Monte Rosa\",\"isPartOf\":{\"@id\":\"https:\\\/\\\/www.ultratourmonterosa.com\\\/#website\"},\"primaryImageOfPage\":{\"@id\":\"https:\\\/\\\/www.ultratourmonterosa.com\\\/de\\\/useful-information\\\/travel-2\\\/#primaryimage\"},\"image\":{\"@id\":\"https:\\\/\\\/www.ultratourmonterosa.com\\\/de\\\/useful-information\\\/travel-2\\\/#primaryimage\"},\"thumbnailUrl\":\"https:\\\/\\\/www.ultratourmonterosa.com\\\/wp-content\\\/uploads\\\/2014\\\/06\\\/transport-map-utmr.jpg\",\"datePublished\":\"2014-06-16T12:50:38+00:00\",\"dateModified\":\"2024-05-08T11:46:34+00:00\",\"breadcrumb\":{\"@id\":\"https:\\\/\\\/www.ultratourmonterosa.com\\\/de\\\/useful-information\\\/travel-2\\\/#breadcrumb\"},\"inLanguage\":\"de\",\"potentialAction\":[{\"@type\":\"ReadAction\",\"target\":[\"https:\\\/\\\/www.ultratourmonterosa.com\\\/de\\\/useful-information\\\/travel-2\\\/\"]}]},{\"@type\":\"ImageObject\",\"inLanguage\":\"de\",\"@id\":\"https:\\\/\\\/www.ultratourmonterosa.com\\\/de\\\/useful-information\\\/travel-2\\\/#primaryimage\",\"url\":\"https:\\\/\\\/www.ultratourmonterosa.com\\\/wp-content\\\/uploads\\\/2014\\\/06\\\/transport-map-utmr.jpg\",\"contentUrl\":\"https:\\\/\\\/www.ultratourmonterosa.com\\\/wp-content\\\/uploads\\\/2014\\\/06\\\/transport-map-utmr.jpg\",\"width\":861,\"height\":602,\"caption\":\"transport-map-utmr\"},{\"@type\":\"BreadcrumbList\",\"@id\":\"https:\\\/\\\/www.ultratourmonterosa.com\\\/de\\\/useful-information\\\/travel-2\\\/#breadcrumb\",\"itemListElement\":[{\"@type\":\"ListItem\",\"position\":1,\"name\":\"Home\",\"item\":\"https:\\\/\\\/www.ultratourmonterosa.com\\\/de\\\/\"},{\"@type\":\"ListItem\",\"position\":2,\"name\":\"USEFUL INFORMATION\",\"item\":\"https:\\\/\\\/www.ultratourmonterosa.com\\\/de\\\/useful-information\\\/\"},{\"@type\":\"ListItem\",\"position\":3,\"name\":\"Reisen nach Gr\u00e4chen\"}]},{\"@type\":\"WebSite\",\"@id\":\"https:\\\/\\\/www.ultratourmonterosa.com\\\/#website\",\"url\":\"https:\\\/\\\/www.ultratourmonterosa.com\\\/\",\"name\":\"Ultra Tour Monte Rosa\",\"description\":\"3-6 September 2025\",\"publisher\":{\"@id\":\"https:\\\/\\\/www.ultratourmonterosa.com\\\/#organization\"},\"potentialAction\":[{\"@type\":\"SearchAction\",\"target\":{\"@type\":\"EntryPoint\",\"urlTemplate\":\"https:\\\/\\\/www.ultratourmonterosa.com\\\/?s={search_term_string}\"},\"query-input\":{\"@type\":\"PropertyValueSpecification\",\"valueRequired\":true,\"valueName\":\"search_term_string\"}}],\"inLanguage\":\"de\"},{\"@type\":\"Organization\",\"@id\":\"https:\\\/\\\/www.ultratourmonterosa.com\\\/#organization\",\"name\":\"Ultra Tour Monte Rosa\",\"url\":\"https:\\\/\\\/www.ultratourmonterosa.com\\\/\",\"logo\":{\"@type\":\"ImageObject\",\"inLanguage\":\"de\",\"@id\":\"https:\\\/\\\/www.ultratourmonterosa.com\\\/#\\\/schema\\\/logo\\\/image\\\/\",\"url\":\"https:\\\/\\\/www.ultratourmonterosa.com\\\/wp-content\\\/uploads\\\/2024\\\/09\\\/UTMR-logo-300px-1.png\",\"contentUrl\":\"https:\\\/\\\/www.ultratourmonterosa.com\\\/wp-content\\\/uploads\\\/2024\\\/09\\\/UTMR-logo-300px-1.png\",\"width\":300,\"height\":300,\"caption\":\"Ultra Tour Monte Rosa\"},\"image\":{\"@id\":\"https:\\\/\\\/www.ultratourmonterosa.com\\\/#\\\/schema\\\/logo\\\/image\\\/\"},\"sameAs\":[\"https:\\\/\\\/www.facebook.com\\\/UltraTourMonteRosa\\\/\",\"https:\\\/\\\/x.com\\\/UltraMonteRosa\"]}]}<\/script>\n<!-- \/ Yoast SEO plugin. -->","yoast_head_json":{"title":"Reisen nach Gr\u00e4chen - Ultra Tour Monte Rosa","robots":{"index":"index","follow":"follow","max-snippet":"max-snippet:-1","max-image-preview":"max-image-preview:large","max-video-preview":"max-video-preview:-1"},"canonical":"https:\/\/www.ultratourmonterosa.com\/de\/useful-information\/travel-2\/","og_locale":"de_DE","og_type":"article","og_title":"Reisen nach Gr\u00e4chen - Ultra Tour Monte Rosa","og_description":"Anreise nach Gr\u00e4chen Gr\u00e4chen ist ein Dorf oberhalb von St. Niklaus im Mattertal in der Schweiz. Hier auf Google Maps k\u00f6nnt ihr den genauen Standort finden. Gr\u00e4chen ist von den Flugh\u00e4fen Mailand, Genf und Z\u00fcrich bequem mit den \u00f6ffentlichen Verkehrsmitteln erreichbar. Ausf\u00fchrliche Informationen zur Anreise nach Gr\u00e4chen findet ihr auf der Website des Fremdenverkehrsamtes: hier. [&hellip;]","og_url":"https:\/\/www.ultratourmonterosa.com\/de\/useful-information\/travel-2\/","og_site_name":"Ultra Tour Monte Rosa","article_publisher":"https:\/\/www.facebook.com\/UltraTourMonteRosa\/","article_modified_time":"2024-05-08T11:46:34+00:00","og_image":[{"width":861,"height":602,"url":"https:\/\/www.ultratourmonterosa.com\/wp-content\/uploads\/2014\/06\/transport-map-utmr.jpg","type":"image\/jpeg"}],"twitter_card":"summary_large_image","twitter_site":"@UltraMonteRosa","twitter_misc":{"Gesch\u00e4tzte Lesezeit":"2\u00a0Minuten"},"schema":{"@context":"https:\/\/schema.org","@graph":[{"@type":"WebPage","@id":"https:\/\/www.ultratourmonterosa.com\/de\/useful-information\/travel-2\/","url":"https:\/\/www.ultratourmonterosa.com\/de\/useful-information\/travel-2\/","name":"Reisen nach Gr\u00e4chen - Ultra Tour Monte Rosa","isPartOf":{"@id":"https:\/\/www.ultratourmonterosa.com\/#website"},"primaryImageOfPage":{"@id":"https:\/\/www.ultratourmonterosa.com\/de\/useful-information\/travel-2\/#primaryimage"},"image":{"@id":"https:\/\/www.ultratourmonterosa.com\/de\/useful-information\/travel-2\/#primaryimage"},"thumbnailUrl":"https:\/\/www.ultratourmonterosa.com\/wp-content\/uploads\/2014\/06\/transport-map-utmr.jpg","datePublished":"2014-06-16T12:50:38+00:00","dateModified":"2024-05-08T11:46:34+00:00","breadcrumb":{"@id":"https:\/\/www.ultratourmonterosa.com\/de\/useful-information\/travel-2\/#breadcrumb"},"inLanguage":"de","potentialAction":[{"@type":"ReadAction","target":["https:\/\/www.ultratourmonterosa.com\/de\/useful-information\/travel-2\/"]}]},{"@type":"ImageObject","inLanguage":"de","@id":"https:\/\/www.ultratourmonterosa.com\/de\/useful-information\/travel-2\/#primaryimage","url":"https:\/\/www.ultratourmonterosa.com\/wp-content\/uploads\/2014\/06\/transport-map-utmr.jpg","contentUrl":"https:\/\/www.ultratourmonterosa.com\/wp-content\/uploads\/2014\/06\/transport-map-utmr.jpg","width":861,"height":602,"caption":"transport-map-utmr"},{"@type":"BreadcrumbList","@id":"https:\/\/www.ultratourmonterosa.com\/de\/useful-information\/travel-2\/#breadcrumb","itemListElement":[{"@type":"ListItem","position":1,"name":"Home","item":"https:\/\/www.ultratourmonterosa.com\/de\/"},{"@type":"ListItem","position":2,"name":"USEFUL INFORMATION","item":"https:\/\/www.ultratourmonterosa.com\/de\/useful-information\/"},{"@type":"ListItem","position":3,"name":"Reisen nach Gr\u00e4chen"}]},{"@type":"WebSite","@id":"https:\/\/www.ultratourmonterosa.com\/#website","url":"https:\/\/www.ultratourmonterosa.com\/","name":"Ultra Tour Monte Rosa","description":"3-6 September 2025","publisher":{"@id":"https:\/\/www.ultratourmonterosa.com\/#organization"},"potentialAction":[{"@type":"SearchAction","target":{"@type":"EntryPoint","urlTemplate":"https:\/\/www.ultratourmonterosa.com\/?s={search_term_string}"},"query-input":{"@type":"PropertyValueSpecification","valueRequired":true,"valueName":"search_term_string"}}],"inLanguage":"de"},{"@type":"Organization","@id":"https:\/\/www.ultratourmonterosa.com\/#organization","name":"Ultra Tour Monte Rosa","url":"https:\/\/www.ultratourmonterosa.com\/","logo":{"@type":"ImageObject","inLanguage":"de","@id":"https:\/\/www.ultratourmonterosa.com\/#\/schema\/logo\/image\/","url":"https:\/\/www.ultratourmonterosa.com\/wp-content\/uploads\/2024\/09\/UTMR-logo-300px-1.png","contentUrl":"https:\/\/www.ultratourmonterosa.com\/wp-content\/uploads\/2024\/09\/UTMR-logo-300px-1.png","width":300,"height":300,"caption":"Ultra Tour Monte Rosa"},"image":{"@id":"https:\/\/www.ultratourmonterosa.com\/#\/schema\/logo\/image\/"},"sameAs":["https:\/\/www.facebook.com\/UltraTourMonteRosa\/","https:\/\/x.com\/UltraMonteRosa"]}]}},"jetpack_shortlink":"https:\/\/wp.me\/P4DSVg-bc","jetpack_sharing_enabled":true,"_links":{"self":[{"href":"https:\/\/www.ultratourmonterosa.com\/de\/wp-json\/wp\/v2\/pages\/694","targetHints":{"allow":["GET"]}}],"collection":[{"href":"https:\/\/www.ultratourmonterosa.com\/de\/wp-json\/wp\/v2\/pages"}],"about":[{"href":"https:\/\/www.ultratourmonterosa.com\/de\/wp-json\/wp\/v2\/types\/page"}],"author":[{"embeddable":true,"href":"https:\/\/www.ultratourmonterosa.com\/de\/wp-json\/wp\/v2\/users\/2"}],"replies":[{"embeddable":true,"href":"https:\/\/www.ultratourmonterosa.com\/de\/wp-json\/wp\/v2\/comments?post=694"}],"version-history":[{"count":5,"href":"https:\/\/www.ultratourmonterosa.com\/de\/wp-json\/wp\/v2\/pages\/694\/revisions"}],"predecessor-version":[{"id":50569,"href":"https:\/\/www.ultratourmonterosa.com\/de\/wp-json\/wp\/v2\/pages\/694\/revisions\/50569"}],"up":[{"embeddable":true,"href":"https:\/\/www.ultratourmonterosa.com\/de\/wp-json\/wp\/v2\/pages\/17485"}],"wp:featuredmedia":[{"embeddable":true,"href":"https:\/\/www.ultratourmonterosa.com\/de\/wp-json\/wp\/v2\/media\/20480"}],"wp:attachment":[{"href":"https:\/\/www.ultratourmonterosa.com\/de\/wp-json\/wp\/v2\/media?parent=694"}],"curies":[{"name":"wp","href":"https:\/\/api.w.org\/{rel}","templated":true}]}}