{"id":697,"date":"2014-06-16T18:35:55","date_gmt":"2014-06-16T12:50:55","guid":{"rendered":"http:\/\/utmr.run\/supporters-2\/"},"modified":"2024-05-08T17:33:58","modified_gmt":"2024-05-08T11:48:58","slug":"anhaenger","status":"publish","type":"page","link":"https:\/\/www.ultratourmonterosa.com\/de\/useful-information\/anhaenger\/","title":{"rendered":"Informationen f\u00fcr Unterst\u00fctzer"},"content":{"rendered":"\n<div style=\"height:25px\" aria-hidden=\"true\" class=\"wp-block-spacer\"><\/div>\n\n<h2 class=\"wp-block-heading\">Wettkampfbestimmungen<\/h2>\n\n<p>Es ist toll, wenn eure Freunde und Familie mitkommen, um euch anzufeuern!<\/p>\n\n<p>Damit die L\u00e4ufer\/innen nicht allzu sehr bei ihrem Wettkampf gest\u00f6rt werden, ist es Freunden und Familienmitglieder nur an bestimmten Checkpoints erlaubt euch anzufeuern, und das nur solange es den Betrieb des Checkpoints nicht beeintr\u00e4chtigt.<\/p>\n\n<ul class=\"wp-block-list\">\n<li>\n          <strong>Zwischen den Kontrollpunkten darf nicht angefeuert werden.<\/strong>\n        <\/li>\n\n\n\n<li>\n          <strong>Es ist nicht erlaubt, das Gep\u00e4ck eines\/r L\u00e4ufer\/in zu tragen oder das Tempo anzugeben.<\/strong>\n        <\/li>\n<\/ul>\n\n<div style=\"height:25px\" aria-hidden=\"true\" class=\"wp-block-spacer\"><\/div>\n\n<h2 class=\"wp-block-heading\">Freiwillige Helfer\/innen<\/h2>\n\n<p>Freiwillige sind bei uns immer willkommen! Folgt diesem Link f\u00fcr weitere Informationen &#8230;<\/p>\n<a href='https:\/\/registration.utmr.ch\/volunteers\/' \n\t\t\ttarget='_blank' \n\t\t\tid='utmr-yellow-button-block_5f87eaa1927142b5e4966aa5f40a57b3' \n\t\t\tclass='utmr-button  ur-btn-yellow has-utmr-yellow-background-color text-black block-utmr-yellow-button' >\n\t\t\t\t Freiwillige Informationen hier!  &nbsp;&nbsp;<i class='fas fa-external-link-alt'><\/i>\n\t\t\t<\/a>\n<div style=\"height:25px\" aria-hidden=\"true\" class=\"wp-block-spacer\"><\/div>\n\n<h2 class=\"wp-block-heading\">Etappenrennen<\/h2>\n\n<p>Wir haben sehr begrenzte Unterk\u00fcnfte in jedem Renndorf. Bitte senden Sie <a href=\"mailto:info@ultratourmonterosa.com\" target=\"_blank\" rel=\"noreferrer noopener\">info@ultratourmonterosa.com,<\/a> wenn Sie einen Unterst\u00fctzer haben, der Sie begleiten m\u00f6chte. Vielleicht k\u00f6nnen wir einige Pl\u00e4tze mit einem Unterkunfts-\/Transportpaket f\u00fcr ehrenamtliche Unterst\u00fctzer anbieten.<\/p>\n\n<p>F\u00fcr alle anderen Unterst\u00fctzer gibt es reichlich Unterk\u00fcnfte innerhalb des Dorfes (Zermatt) oder im Umkreis von 5-10 km Mitfahrt (Gressoney &amp; Macugnaga). Wenn Sie Ihren eigenen Transport haben, dann ist das einfach. Wenn Sie keinen Transport haben, empfehlen wir Ihnen, sich in Gr\u00e4chen zu begeben und den einfachen \u00f6ffentlichen Nahverkehr (<a href=\"https:\/\/www.sbb.ch\/en\" target=\"_blank\" rel=\"noreferrer noopener\">www.sbb.ch\/en<\/a>) zu nutzen, um Zermatt &amp; Saas Fee Checkpoints zu erreichen.<\/p>\n\n<div style=\"height:25px\" aria-hidden=\"true\" class=\"wp-block-spacer\"><\/div>\n\n<h2 class=\"wp-block-heading\">Abschlussfeier in Gr\u00e4chen<\/h2>\n\n<p>Am Samstag, den 9. September findet in Gr\u00e4chen eine Abschlussfeier \/ Preisverleihung statt. Dies ist eine Gelegenheit f\u00fcr uns alle, zusammenzukommen und die Anstrengungen der L\u00e4ufer und das Engagement der Freiwilligen zu feiern. Verbringen Sie einen sch\u00f6nen Abend mit uns! Tickets f\u00fcr L\u00e4ufer und Unterst\u00fctzer werden ab Juni 2023 erh\u00e4ltlich sein. Vielen Dank!<\/p>\n<a href='https:\/\/registration.utmr.ch\/closing-meal-tickets\/' \n\t\t\ttarget='_blank' \n\t\t\tid='utmr-yellow-button-block_4bf56ad515c9baa7db2b8a94951ef2a4' \n\t\t\tclass='utmr-button  ur-btn-yellow has-utmr-yellow-background-color text-black block-utmr-yellow-button' >\n\t\t\t\t Essenskarten f\u00fcr unsere Abschlussfeier! &nbsp;&nbsp;<i class='fas fa-external-link-alt'><\/i>\n\t\t\t<\/a>\n<div style=\"height:25px\" aria-hidden=\"true\" class=\"wp-block-spacer\"><\/div>\n\n<h2 class=\"wp-block-heading\">Carsharing<\/h2>\n\n<p>Wenn Ihr Unterst\u00fctzer ein Auto mit anderen teilen m\u00f6chte, ist es am einfachsten, in unserer Facebook-Gruppe &#8222;<a href=\"https:\/\/www.facebook.com\/groups\/1259415610830725\/\" target=\"_blank\" rel=\"noreferrer noopener\">Freunde von Ultra Tour Monte Rosa<\/a>&#8220; zu fragen.<\/p>\n\n<div style=\"height:25px\" aria-hidden=\"true\" class=\"wp-block-spacer\"><\/div>\n\n<h2 class=\"wp-block-heading\">Vorgeschlagene Fahrtrouten<\/h2>\n\n<p>UTMR ist definitiv ein Fu\u00dfrennen, und die Fahrstrecken zwischen den Kontrollpunkten sind lang und schwierig. Hier finden Sie einige Informationen \u00fcber Fahrtrouten und -zeiten, um Ihren Unterst\u00fctzern zu helfen. <\/p>\n\n<p>Unsere Mischabel-Rennstrecken im Matterhorn- und Saastal sind mit einer Mischung aus Stra\u00dfen-, Seilbahn- und Fu\u00dfwegen viel besser zug\u00e4nglich. Weitere Informationen f\u00fcr Unterst\u00fctzer werden im Fr\u00fchsommer zur Verf\u00fcgung stehen.  <\/p>\n<a href='https:\/\/www.ultratourmonterosa.com\/useful-information\/supporters\/suggested-driving-routes\/' \n\t\t\ttarget='' \n\t\t\tid='utmr-yellow-button-block_ed05ba41ed5a52e034c13a2646f75ce5' \n\t\t\tclass='utmr-button  ur-btn-yellow has-utmr-yellow-background-color text-black block-utmr-yellow-button' >\n\t\t\t\t Vorgeschlagene Fahrtrouten\n\t\t\t<\/a>\n<div style=\"height:25px\" aria-hidden=\"true\" class=\"wp-block-spacer\"><\/div>\n","protected":false},"excerpt":{"rendered":"<p>Wettkampfbestimmungen Es ist toll, wenn eure Freunde und Familie mitkommen, um euch anzufeuern! Damit die L\u00e4ufer\/innen nicht allzu sehr bei ihrem Wettkampf gest\u00f6rt werden, ist es Freunden und Familienmitglieder nur an bestimmten Checkpoints erlaubt euch anzufeuern, und das nur solange es den Betrieb des Checkpoints nicht beeintr\u00e4chtigt. Freiwillige Helfer\/innen Freiwillige sind bei uns immer willkommen! [&hellip;]<\/p>\n","protected":false},"author":2,"featured_media":19916,"parent":17485,"menu_order":13,"comment_status":"open","ping_status":"open","template":"","meta":{"_acf_changed":false,"jetpack_post_was_ever_published":false,"footnotes":"","_wp_rev_ctl_limit":""},"class_list":["post-697","page","type-page","status-publish","has-post-thumbnail","hentry"],"acf":[],"yoast_head":"<!-- This site is optimized with the Yoast SEO plugin v27.3 - https:\/\/yoast.com\/product\/yoast-seo-wordpress\/ -->\n<title>Informationen f\u00fcr Unterst\u00fctzer - Ultra Tour Monte Rosa<\/title>\n<meta name=\"robots\" content=\"index, follow, max-snippet:-1, max-image-preview:large, max-video-preview:-1\" \/>\n<link rel=\"canonical\" href=\"https:\/\/www.ultratourmonterosa.com\/de\/useful-information\/anhaenger\/\" \/>\n<meta property=\"og:locale\" content=\"de_DE\" \/>\n<meta property=\"og:type\" content=\"article\" \/>\n<meta property=\"og:title\" content=\"Informationen f\u00fcr Unterst\u00fctzer - Ultra Tour Monte Rosa\" \/>\n<meta property=\"og:description\" content=\"Wettkampfbestimmungen Es ist toll, wenn eure Freunde und Familie mitkommen, um euch anzufeuern! Damit die L\u00e4ufer\/innen nicht allzu sehr bei ihrem Wettkampf gest\u00f6rt werden, ist es Freunden und Familienmitglieder nur an bestimmten Checkpoints erlaubt euch anzufeuern, und das nur solange es den Betrieb des Checkpoints nicht beeintr\u00e4chtigt. Freiwillige Helfer\/innen Freiwillige sind bei uns immer willkommen! [&hellip;]\" \/>\n<meta property=\"og:url\" content=\"https:\/\/www.ultratourmonterosa.com\/de\/useful-information\/anhaenger\/\" \/>\n<meta property=\"og:site_name\" content=\"Ultra Tour Monte Rosa\" \/>\n<meta property=\"article:publisher\" content=\"https:\/\/www.facebook.com\/UltraTourMonteRosa\/\" \/>\n<meta property=\"article:modified_time\" content=\"2024-05-08T11:48:58+00:00\" \/>\n<meta property=\"og:image\" content=\"https:\/\/www.ultratourmonterosa.com\/wp-content\/uploads\/2016\/09\/ultra-tour-monte-rosa-2016-square-1000-3199.jpg\" \/>\n\t<meta property=\"og:image:width\" content=\"1000\" \/>\n\t<meta property=\"og:image:height\" content=\"1000\" \/>\n\t<meta property=\"og:image:type\" content=\"image\/jpeg\" \/>\n<meta name=\"twitter:card\" content=\"summary_large_image\" \/>\n<meta name=\"twitter:site\" content=\"@UltraMonteRosa\" \/>\n<meta name=\"twitter:label1\" content=\"Gesch\u00e4tzte Lesezeit\" \/>\n\t<meta name=\"twitter:data1\" content=\"2\u00a0Minuten\" \/>\n<script type=\"application\/ld+json\" class=\"yoast-schema-graph\">{\"@context\":\"https:\\\/\\\/schema.org\",\"@graph\":[{\"@type\":\"WebPage\",\"@id\":\"https:\\\/\\\/www.ultratourmonterosa.com\\\/de\\\/useful-information\\\/anhaenger\\\/\",\"url\":\"https:\\\/\\\/www.ultratourmonterosa.com\\\/de\\\/useful-information\\\/anhaenger\\\/\",\"name\":\"Informationen f\u00fcr Unterst\u00fctzer - Ultra Tour Monte Rosa\",\"isPartOf\":{\"@id\":\"https:\\\/\\\/www.ultratourmonterosa.com\\\/#website\"},\"primaryImageOfPage\":{\"@id\":\"https:\\\/\\\/www.ultratourmonterosa.com\\\/de\\\/useful-information\\\/anhaenger\\\/#primaryimage\"},\"image\":{\"@id\":\"https:\\\/\\\/www.ultratourmonterosa.com\\\/de\\\/useful-information\\\/anhaenger\\\/#primaryimage\"},\"thumbnailUrl\":\"https:\\\/\\\/www.ultratourmonterosa.com\\\/wp-content\\\/uploads\\\/2016\\\/09\\\/ultra-tour-monte-rosa-2016-square-1000-3199.jpg\",\"datePublished\":\"2014-06-16T12:50:55+00:00\",\"dateModified\":\"2024-05-08T11:48:58+00:00\",\"breadcrumb\":{\"@id\":\"https:\\\/\\\/www.ultratourmonterosa.com\\\/de\\\/useful-information\\\/anhaenger\\\/#breadcrumb\"},\"inLanguage\":\"de\",\"potentialAction\":[{\"@type\":\"ReadAction\",\"target\":[\"https:\\\/\\\/www.ultratourmonterosa.com\\\/de\\\/useful-information\\\/anhaenger\\\/\"]}]},{\"@type\":\"ImageObject\",\"inLanguage\":\"de\",\"@id\":\"https:\\\/\\\/www.ultratourmonterosa.com\\\/de\\\/useful-information\\\/anhaenger\\\/#primaryimage\",\"url\":\"https:\\\/\\\/www.ultratourmonterosa.com\\\/wp-content\\\/uploads\\\/2016\\\/09\\\/ultra-tour-monte-rosa-2016-square-1000-3199.jpg\",\"contentUrl\":\"https:\\\/\\\/www.ultratourmonterosa.com\\\/wp-content\\\/uploads\\\/2016\\\/09\\\/ultra-tour-monte-rosa-2016-square-1000-3199.jpg\",\"width\":1000,\"height\":1000},{\"@type\":\"BreadcrumbList\",\"@id\":\"https:\\\/\\\/www.ultratourmonterosa.com\\\/de\\\/useful-information\\\/anhaenger\\\/#breadcrumb\",\"itemListElement\":[{\"@type\":\"ListItem\",\"position\":1,\"name\":\"Home\",\"item\":\"https:\\\/\\\/www.ultratourmonterosa.com\\\/de\\\/\"},{\"@type\":\"ListItem\",\"position\":2,\"name\":\"USEFUL INFORMATION\",\"item\":\"https:\\\/\\\/www.ultratourmonterosa.com\\\/de\\\/useful-information\\\/\"},{\"@type\":\"ListItem\",\"position\":3,\"name\":\"Informationen f\u00fcr Unterst\u00fctzer\"}]},{\"@type\":\"WebSite\",\"@id\":\"https:\\\/\\\/www.ultratourmonterosa.com\\\/#website\",\"url\":\"https:\\\/\\\/www.ultratourmonterosa.com\\\/\",\"name\":\"Ultra Tour Monte Rosa\",\"description\":\"3-6 September 2025\",\"publisher\":{\"@id\":\"https:\\\/\\\/www.ultratourmonterosa.com\\\/#organization\"},\"potentialAction\":[{\"@type\":\"SearchAction\",\"target\":{\"@type\":\"EntryPoint\",\"urlTemplate\":\"https:\\\/\\\/www.ultratourmonterosa.com\\\/?s={search_term_string}\"},\"query-input\":{\"@type\":\"PropertyValueSpecification\",\"valueRequired\":true,\"valueName\":\"search_term_string\"}}],\"inLanguage\":\"de\"},{\"@type\":\"Organization\",\"@id\":\"https:\\\/\\\/www.ultratourmonterosa.com\\\/#organization\",\"name\":\"Ultra Tour Monte Rosa\",\"url\":\"https:\\\/\\\/www.ultratourmonterosa.com\\\/\",\"logo\":{\"@type\":\"ImageObject\",\"inLanguage\":\"de\",\"@id\":\"https:\\\/\\\/www.ultratourmonterosa.com\\\/#\\\/schema\\\/logo\\\/image\\\/\",\"url\":\"https:\\\/\\\/www.ultratourmonterosa.com\\\/wp-content\\\/uploads\\\/2024\\\/09\\\/UTMR-logo-300px-1.png\",\"contentUrl\":\"https:\\\/\\\/www.ultratourmonterosa.com\\\/wp-content\\\/uploads\\\/2024\\\/09\\\/UTMR-logo-300px-1.png\",\"width\":300,\"height\":300,\"caption\":\"Ultra Tour Monte Rosa\"},\"image\":{\"@id\":\"https:\\\/\\\/www.ultratourmonterosa.com\\\/#\\\/schema\\\/logo\\\/image\\\/\"},\"sameAs\":[\"https:\\\/\\\/www.facebook.com\\\/UltraTourMonteRosa\\\/\",\"https:\\\/\\\/x.com\\\/UltraMonteRosa\"]}]}<\/script>\n<!-- \/ Yoast SEO plugin. -->","yoast_head_json":{"title":"Informationen f\u00fcr Unterst\u00fctzer - Ultra Tour Monte Rosa","robots":{"index":"index","follow":"follow","max-snippet":"max-snippet:-1","max-image-preview":"max-image-preview:large","max-video-preview":"max-video-preview:-1"},"canonical":"https:\/\/www.ultratourmonterosa.com\/de\/useful-information\/anhaenger\/","og_locale":"de_DE","og_type":"article","og_title":"Informationen f\u00fcr Unterst\u00fctzer - Ultra Tour Monte Rosa","og_description":"Wettkampfbestimmungen Es ist toll, wenn eure Freunde und Familie mitkommen, um euch anzufeuern! Damit die L\u00e4ufer\/innen nicht allzu sehr bei ihrem Wettkampf gest\u00f6rt werden, ist es Freunden und Familienmitglieder nur an bestimmten Checkpoints erlaubt euch anzufeuern, und das nur solange es den Betrieb des Checkpoints nicht beeintr\u00e4chtigt. Freiwillige Helfer\/innen Freiwillige sind bei uns immer willkommen! [&hellip;]","og_url":"https:\/\/www.ultratourmonterosa.com\/de\/useful-information\/anhaenger\/","og_site_name":"Ultra Tour Monte Rosa","article_publisher":"https:\/\/www.facebook.com\/UltraTourMonteRosa\/","article_modified_time":"2024-05-08T11:48:58+00:00","og_image":[{"width":1000,"height":1000,"url":"https:\/\/www.ultratourmonterosa.com\/wp-content\/uploads\/2016\/09\/ultra-tour-monte-rosa-2016-square-1000-3199.jpg","type":"image\/jpeg"}],"twitter_card":"summary_large_image","twitter_site":"@UltraMonteRosa","twitter_misc":{"Gesch\u00e4tzte Lesezeit":"2\u00a0Minuten"},"schema":{"@context":"https:\/\/schema.org","@graph":[{"@type":"WebPage","@id":"https:\/\/www.ultratourmonterosa.com\/de\/useful-information\/anhaenger\/","url":"https:\/\/www.ultratourmonterosa.com\/de\/useful-information\/anhaenger\/","name":"Informationen f\u00fcr Unterst\u00fctzer - Ultra Tour Monte Rosa","isPartOf":{"@id":"https:\/\/www.ultratourmonterosa.com\/#website"},"primaryImageOfPage":{"@id":"https:\/\/www.ultratourmonterosa.com\/de\/useful-information\/anhaenger\/#primaryimage"},"image":{"@id":"https:\/\/www.ultratourmonterosa.com\/de\/useful-information\/anhaenger\/#primaryimage"},"thumbnailUrl":"https:\/\/www.ultratourmonterosa.com\/wp-content\/uploads\/2016\/09\/ultra-tour-monte-rosa-2016-square-1000-3199.jpg","datePublished":"2014-06-16T12:50:55+00:00","dateModified":"2024-05-08T11:48:58+00:00","breadcrumb":{"@id":"https:\/\/www.ultratourmonterosa.com\/de\/useful-information\/anhaenger\/#breadcrumb"},"inLanguage":"de","potentialAction":[{"@type":"ReadAction","target":["https:\/\/www.ultratourmonterosa.com\/de\/useful-information\/anhaenger\/"]}]},{"@type":"ImageObject","inLanguage":"de","@id":"https:\/\/www.ultratourmonterosa.com\/de\/useful-information\/anhaenger\/#primaryimage","url":"https:\/\/www.ultratourmonterosa.com\/wp-content\/uploads\/2016\/09\/ultra-tour-monte-rosa-2016-square-1000-3199.jpg","contentUrl":"https:\/\/www.ultratourmonterosa.com\/wp-content\/uploads\/2016\/09\/ultra-tour-monte-rosa-2016-square-1000-3199.jpg","width":1000,"height":1000},{"@type":"BreadcrumbList","@id":"https:\/\/www.ultratourmonterosa.com\/de\/useful-information\/anhaenger\/#breadcrumb","itemListElement":[{"@type":"ListItem","position":1,"name":"Home","item":"https:\/\/www.ultratourmonterosa.com\/de\/"},{"@type":"ListItem","position":2,"name":"USEFUL INFORMATION","item":"https:\/\/www.ultratourmonterosa.com\/de\/useful-information\/"},{"@type":"ListItem","position":3,"name":"Informationen f\u00fcr Unterst\u00fctzer"}]},{"@type":"WebSite","@id":"https:\/\/www.ultratourmonterosa.com\/#website","url":"https:\/\/www.ultratourmonterosa.com\/","name":"Ultra Tour Monte Rosa","description":"3-6 September 2025","publisher":{"@id":"https:\/\/www.ultratourmonterosa.com\/#organization"},"potentialAction":[{"@type":"SearchAction","target":{"@type":"EntryPoint","urlTemplate":"https:\/\/www.ultratourmonterosa.com\/?s={search_term_string}"},"query-input":{"@type":"PropertyValueSpecification","valueRequired":true,"valueName":"search_term_string"}}],"inLanguage":"de"},{"@type":"Organization","@id":"https:\/\/www.ultratourmonterosa.com\/#organization","name":"Ultra Tour Monte Rosa","url":"https:\/\/www.ultratourmonterosa.com\/","logo":{"@type":"ImageObject","inLanguage":"de","@id":"https:\/\/www.ultratourmonterosa.com\/#\/schema\/logo\/image\/","url":"https:\/\/www.ultratourmonterosa.com\/wp-content\/uploads\/2024\/09\/UTMR-logo-300px-1.png","contentUrl":"https:\/\/www.ultratourmonterosa.com\/wp-content\/uploads\/2024\/09\/UTMR-logo-300px-1.png","width":300,"height":300,"caption":"Ultra Tour Monte Rosa"},"image":{"@id":"https:\/\/www.ultratourmonterosa.com\/#\/schema\/logo\/image\/"},"sameAs":["https:\/\/www.facebook.com\/UltraTourMonteRosa\/","https:\/\/x.com\/UltraMonteRosa"]}]}},"jetpack_shortlink":"https:\/\/wp.me\/P4DSVg-bf","jetpack_sharing_enabled":true,"_links":{"self":[{"href":"https:\/\/www.ultratourmonterosa.com\/de\/wp-json\/wp\/v2\/pages\/697","targetHints":{"allow":["GET"]}}],"collection":[{"href":"https:\/\/www.ultratourmonterosa.com\/de\/wp-json\/wp\/v2\/pages"}],"about":[{"href":"https:\/\/www.ultratourmonterosa.com\/de\/wp-json\/wp\/v2\/types\/page"}],"author":[{"embeddable":true,"href":"https:\/\/www.ultratourmonterosa.com\/de\/wp-json\/wp\/v2\/users\/2"}],"replies":[{"embeddable":true,"href":"https:\/\/www.ultratourmonterosa.com\/de\/wp-json\/wp\/v2\/comments?post=697"}],"version-history":[{"count":5,"href":"https:\/\/www.ultratourmonterosa.com\/de\/wp-json\/wp\/v2\/pages\/697\/revisions"}],"predecessor-version":[{"id":50575,"href":"https:\/\/www.ultratourmonterosa.com\/de\/wp-json\/wp\/v2\/pages\/697\/revisions\/50575"}],"up":[{"embeddable":true,"href":"https:\/\/www.ultratourmonterosa.com\/de\/wp-json\/wp\/v2\/pages\/17485"}],"wp:featuredmedia":[{"embeddable":true,"href":"https:\/\/www.ultratourmonterosa.com\/de\/wp-json\/wp\/v2\/media\/19916"}],"wp:attachment":[{"href":"https:\/\/www.ultratourmonterosa.com\/de\/wp-json\/wp\/v2\/media?parent=697"}],"curies":[{"name":"wp","href":"https:\/\/api.w.org\/{rel}","templated":true}]}}