{"id":14503,"date":"2015-10-11T11:41:32","date_gmt":"2015-10-11T05:56:32","guid":{"rendered":"https:\/\/utmr.run\/fr\/accommodation-2016\/"},"modified":"2024-05-08T17:35:29","modified_gmt":"2024-05-08T11:50:29","slug":"hebergement","status":"publish","type":"page","link":"https:\/\/www.ultratourmonterosa.com\/fr\/useful-information\/hebergement\/","title":{"rendered":"H\u00e9bergement"},"content":{"rendered":"\n<h2 class=\"wp-block-heading\">PR\u00c9- et POST-race<\/h2>\n\n<p>Tous les participants \u00e0 la course doivent organiser leur propre h\u00e9bergement avant et apr\u00e8s la course.<\/p>\n\n<div style=\"height:50px\" aria-hidden=\"true\" class=\"wp-block-spacer\"><\/div>\n\n<h2 class=\"wp-block-heading\">Gr\u00e4chen<\/h2>\n\n<p>Gr\u00e4chen est un charmant petit village \u00e0 1600m de haut sur une terrasse au-dessus de la vall\u00e9e principale du Cervin. Il dispose d\u2019une grande vari\u00e9t\u00e9 de petits h\u00f4tels et appartements.<\/p>\n\n<p>Besoin d\u2019aide pour r\u00e9server votre h\u00e9bergement \u00e0 Gr\u00e4chen? Voici vos options :<\/p>\n\n<ul class=\"wp-block-list\">\n<li>R\u00e9servez un h\u00e9bergement \u00e9conomique directement aupr\u00e8s de l&rsquo;UTMR, voir ci-dessous <strong>(places limit\u00e9es<\/strong>).<\/li>\n\n\n\n<li>R\u00e9servez une place dans le <a href=\"https:\/\/graechen.ch\/en\/Activities\/Camping\" target=\"_blank\" rel=\"noreferrer noopener\">camping Gr\u00e4chen<\/a> qui vient de rouvrir ses portes !  <\/li>\n\n\n\n<li>Contactez notre partenaire <a href=\"http:\/\/www.hannigalp.ch\/\" target=\"_blank\" rel=\"noopener noreferrer\">H\u00f4tel Hannigalp<\/a> ou d\u2019autres h\u00f4tels Gr\u00e4chen, voir ci-dessous<\/li>\n\n\n\n<li>Consultez les portails largement utilis\u00e9s <a href=\"https:\/\/www.booking.com\/\" target=\"_blank\" rel=\"noopener noreferrer\">booking.com<\/a> ou <a href=\"https:\/\/www.airbnb.com\/\" target=\"_blank\" rel=\"noopener noreferrer\">airbnb<\/a><\/li>\n\n\n\n<li>Utiliser <a href=\"https:\/\/www.graechen.ch\/en\/Accommodations\" target=\"_blank\" rel=\"noopener noreferrer\">l\u2019installation de recherche d\u2019h\u00e9bergement de Gr\u00e4chen Tourismus<\/a><\/li>\n\n\n\n<li>Envoyer un e-mail ou t\u00e9l\u00e9phoner directement \u00e0 Gr\u00e4chen Tourismus pour obtenir de l\u2019aide \u21d2 <a href=\"mailto:info@graechen.ch\" target=\"_blank\" rel=\"noopener noreferrer\">info@graechen.ch<\/a> | T\u00e9l. +41 27 955 60 60<\/li>\n<\/ul>\n\n<div style=\"height:50px\" aria-hidden=\"true\" class=\"wp-block-spacer\"><\/div>\n\n<h2 class=\"wp-block-heading\">Gr\u00e4chen budget accommodation  <\/h2>\n\n<p>Nous disposons souvent d&rsquo;un budget limit\u00e9 pour l&rsquo;h\u00e9bergement dans des chambres confortables de 2 \u00e0 5 lits avec de bons \u00e9quipements de restauration. Int\u00e9ress\u00e9? <\/p>\n<a href='https:\/\/registration.utmr.ch\/forms\/grachen-budget-accommodation-booking-form\/' \n\t\t\ttarget='_blank' \n\t\t\tid='utmr-yellow-button-block_99c0b000df69f5e07cc2752f6d556dc1' \n\t\t\tclass='utmr-button  ur-btn-yellow has-utmr-yellow-background-color text-black block-utmr-yellow-button' >\n\t\t\t\t R\u00e9servez ici !   &nbsp;&nbsp;<i class='fas fa-external-link-alt'><\/i>\n\t\t\t<\/a>\n<div style=\"height:50px\" aria-hidden=\"true\" class=\"wp-block-spacer\"><\/div>\n\n<h2 class=\"wp-block-heading\">Camping Gr\u00e4chbiel<\/h2>\n\n<p>Le tourisme de Gr\u00e4chen exploite le \u00ab\u00a0popup\u00a0\u00bb Camping Gr\u00e4chbiel \u00e0 partir de fin juillet 2023. Le trajet en bus local ou en voiture est de 5 minutes en dessous de Gr\u00e4chen, ou de 20 minutes \u00e0 pied. Ils disposent \u00e9galement de quelques chambres dans le \u00ab\u00a0Biker Lodge\u00a0\u00bb r\u00e9cemment ouvert.  <\/p>\n\n<ul class=\"wp-block-list\">\n<li>Emplacements pour camping-cars\/caravanes<\/li>\n\n\n\n<li>Connexion \u00e9lectrique 230V<\/li>\n\n\n\n<li>Raccordement \u00e0 l&rsquo;eau<\/li>\n\n\n\n<li>Installations sanitaires (WC\/douche)<\/li>\n<\/ul>\n\n<p>Contactez directement le Tourismus pour r\u00e9server !  <\/p>\n<a href='https:\/\/graechen.ch\/en\/Activities\/Camping' \n\t\t\ttarget='_blank' \n\t\t\tid='utmr-yellow-button-block_b7182216d15c8d19b1b16780ace82bb9' \n\t\t\tclass='utmr-button  ur-btn-yellow has-utmr-yellow-background-color text-black block-utmr-yellow-button' >\n\t\t\t\t Info et r\u00e9servation pour Camping Gr\u00e4chbiel &nbsp;&nbsp;<i class='fas fa-external-link-alt'><\/i>\n\t\t\t<\/a>\n<div style=\"height:50px\" aria-hidden=\"true\" class=\"wp-block-spacer\"><\/div>\n\n<h2 class=\"wp-block-heading\">H\u00f4tel Hannigalp  <\/h2>\n\n<p><a href=\"https:\/\/hannigalp.ch\/\" target=\"_blank\" rel=\"noreferrer noopener\"><img loading=\"lazy\" decoding=\"async\" width=\"260\" height=\"85\" class=\"wp-image-45029\" style=\"width: 260px;\" src=\"https:\/\/www.ultratourmonterosa.com\/wp-content\/uploads\/2020\/12\/hannigalp-logo_neu_260x85px.jpg\" alt=\"Hotel Hannigalp 3 stars\" srcset=\"https:\/\/www.ultratourmonterosa.com\/wp-content\/uploads\/2020\/12\/hannigalp-logo_neu_260x85px.jpg 260w, https:\/\/www.ultratourmonterosa.com\/wp-content\/uploads\/2020\/12\/hannigalp-logo_neu_260x85px-100x33.jpg 100w, https:\/\/www.ultratourmonterosa.com\/wp-content\/uploads\/2020\/12\/hannigalp-logo_neu_260x85px-70x23.jpg 70w, https:\/\/www.ultratourmonterosa.com\/wp-content\/uploads\/2020\/12\/hannigalp-logo_neu_260x85px-214x70.jpg 214w, https:\/\/www.ultratourmonterosa.com\/wp-content\/uploads\/2020\/12\/hannigalp-logo_neu_260x85px-50x16.jpg 50w, https:\/\/www.ultratourmonterosa.com\/wp-content\/uploads\/2020\/12\/hannigalp-logo_neu_260x85px-153x50.jpg 153w, https:\/\/www.ultratourmonterosa.com\/wp-content\/uploads\/2020\/12\/hannigalp-logo_neu_260x85px-200x65.jpg 200w\" sizes=\"auto, (max-width: 260px) 100vw, 260px\" \/><\/a>Nous avons un h\u00f4tel partenaire de la course \u00e0 Gr\u00e4chen appel\u00e9 Hotel Hannigalp ***. Il se trouve \u00e0 environ 400 m de la ligne Arriv\u00e9e Ils ont de belles installations et sont extr\u00eamement serviables. Vous pouvez envoyer un courriel directement \u00e0 <a href=\"mailto:info@hannigalp.ch\">info@hannigalp.ch<\/a> ou par t\u00e9l\u00e9phone <a href=\"tel:+41279551000\">au +41 (0)27 955 1000<\/a>. Ils peuvent vous aider \u00e0 r\u00e9server des chambres, des appartements pour de plus grands nombres et donnera \u00e0 tous les participants le meilleur tarif qu\u2019ils peuvent. Posez-leur toutes les questions, dites-leur vos besoins et votre budget et laissez-les leur sugg\u00e9rer ce qu\u2019ils pensent \u00eatre le mieux pour vous.<\/p>\n\n<div style=\"height:50px\" aria-hidden=\"true\" class=\"wp-block-spacer\"><\/div>\n\n<h2 class=\"wp-block-heading\">D\u2019autres tr\u00e8s bons h\u00f4tels \u00e0 Gr\u00e4chen !<\/h2>\n\n<ul class=\"wp-block-list\">\n<li><a href=\"https:\/\/www.walliserkanne-graechen.ch\/\" target=\"_blank\" rel=\"noopener noreferrer\">H\u00f4tel Walliserkanne<\/a> *** | <a href=\"mailto:info@walliserkanne-graechen.ch\" target=\"_blank\" rel=\"noopener noreferrer\">info@walliserkanne-graechen.ch<\/a> | <span class=\"tp-address-phone\">+41 27 956 25 91<\/span><\/li>\n\n\n\n<li><a href=\"https:\/\/www.hotel-gaedi.ch\/\" target=\"_blank\" rel=\"noopener noreferrer\">H\u00f4tel G\u00e4di<\/a> *** | <a href=\"mailto:info@hotel-gaedi.ch\">info@hotel-gaedi.ch<\/a> | +41 27 956 18 28<\/li>\n\n\n\n<li><a href=\"https:\/\/www.hotel-zum-see.ch\/graechen\/\" target=\"_blank\" rel=\"noopener noreferrer\">H\u00f4tel Zum See<\/a> *** | <a href=\"mailto:info@hotel-zum-see.ch\">info@hotel-zum-see.ch<\/a> | +41 27 956 24 24<\/li>\n\n\n\n<li><a href=\"https:\/\/www.graecherhof.ch\/\" target=\"_blank\" rel=\"noopener noreferrer\">Matterhorn Valley Hotel Gr\u00e4cherhof Gourmet&amp;Spa<\/a> ***S | <a href=\"mailto:info@graecherhof.ch\">info@graecherhof.ch<\/a> | +41 27 956 25 15<\/li>\n\n\n\n<li><a href=\"https:\/\/www.hoteldesiree.ch\/\" target=\"_blank\" rel=\"noopener noreferrer\">Family Hotel &amp; Spa Desir\u00e9e<\/a> ***S | <a href=\"mailto:info@hoteldesiree.ch\">info@hoteldesiree.ch<\/a> | +41 27 956 30 60<\/li>\n\n\n\n<li><a href=\"https:\/\/www.eden-hotel.ch\/\" target=\"_blank\" rel=\"noopener noreferrer\">H\u00f4tel Eden<\/a> *** | <a href=\"mailto:info@eden-hotel.ch\">info@eden-hotel.ch<\/a> | +41 27 956 26 66<\/li>\n\n\n\n<li>H\u00f4tel Walliserhof *** | +41 27 956 11 22<\/li>\n\n\n\n<li><a href=\"https:\/\/www.alpha-graechen.com\" target=\"_blank\" rel=\"noopener noreferrer\">H\u00f4tel Alfa<\/a> *** | <a href=\"mailto:hotel.alpha@sunrise.ch\" target=\"_self\" rel=\"noopener noreferrer\" data-content=\"hotel.alpha@sunrise.ch\" data-type=\"mail\">hotel.alpha@sunrise.ch<\/a> | +41 27 956 13 01<\/li>\n\n\n\n<li><a href=\"https:\/\/www.hotelalpinagraechen.ch\/en-gb\" target=\"_blank\" rel=\"noopener noreferrer\">B&amp;B H\u00f4tel Alpina<\/a> *** | <a class=\"track-email\" href=\"mailto:info@hotelalpinagraechen.ch\">info@hotelalpinagraechen.ch<\/a> | +41 27 955 26 00<\/li>\n\n\n\n<li><a href=\"https:\/\/www.hotelstutz.ch\/\" target=\"_blank\" rel=\"noopener noreferrer\">Swiss Lodge Hotel Stutz<\/a> | +41 27 956 36 57<\/li>\n\n\n\n<li><a href=\"http:\/\/www.hotel-sonne-gr%C3%A4chen.ch\/\" target=\"_blank\" rel=\"noopener noreferrer\">H\u00f4tel Sonne<\/a> | <a href=\"mailto:hotel.sonne7@bluewin.ch\" target=\"_blank\" rel=\"noopener noreferrer\">hotel.sonne7@bluewin.ch<\/a> | +41 27 956 11 07<\/li>\n\n\n\n<li><a href=\"https:\/\/alte-bock.ch\/\" target=\"_blank\" rel=\"noreferrer noopener\">H\u00f4tel Alte Bock<\/a> | +41 27 956 36 57<\/li>\n<\/ul>\n\n<div style=\"height:50px\" aria-hidden=\"true\" class=\"wp-block-spacer\"><\/div>\n\n<div style=\"height:0px\" aria-hidden=\"true\" class=\"wp-block-spacer\"><\/div>\n\n<h2 class=\"wp-block-heading\">Appartements ou conseils !<\/h2>\n\n<p>Pour des appartements ou des conseils, consultez directement la <a href=\"https:\/\/www.graechen.ch\/en\/Accommodations\" target=\"_blank\" rel=\"noopener noreferrer\">page d\u2019h\u00e9bergement Gr\u00e4chen Tourisme<\/a> !<\/p>\n","protected":false},"excerpt":{"rendered":"<p>PR\u00c9- et POST-race Tous les participants \u00e0 la course doivent organiser leur propre h\u00e9bergement avant et apr\u00e8s la course. Gr\u00e4chen Gr\u00e4chen est un charmant petit village \u00e0 1600m de haut sur une terrasse au-dessus de la vall\u00e9e principale du Cervin. Il dispose d\u2019une grande vari\u00e9t\u00e9 de petits h\u00f4tels et appartements. Besoin d\u2019aide pour r\u00e9server votre [&hellip;]<\/p>\n","protected":false},"author":2,"featured_media":0,"parent":17484,"menu_order":18,"comment_status":"closed","ping_status":"closed","template":"","meta":{"_acf_changed":false,"jetpack_post_was_ever_published":false,"footnotes":"","_wp_rev_ctl_limit":""},"class_list":["post-14503","page","type-page","status-publish","hentry"],"acf":[],"yoast_head":"<!-- This site is optimized with the Yoast SEO plugin v27.5 - https:\/\/yoast.com\/product\/yoast-seo-wordpress\/ -->\n<title>H\u00e9bergement - Ultra Tour Monte Rosa<\/title>\n<meta name=\"robots\" content=\"index, follow, max-snippet:-1, max-image-preview:large, max-video-preview:-1\" \/>\n<link rel=\"canonical\" href=\"https:\/\/www.ultratourmonterosa.com\/fr\/useful-information\/hebergement\/\" \/>\n<meta property=\"og:locale\" content=\"fr_FR\" \/>\n<meta property=\"og:type\" content=\"article\" \/>\n<meta property=\"og:title\" content=\"H\u00e9bergement - Ultra Tour Monte Rosa\" \/>\n<meta property=\"og:description\" content=\"PR\u00c9- et POST-race Tous les participants \u00e0 la course doivent organiser leur propre h\u00e9bergement avant et apr\u00e8s la course. Gr\u00e4chen Gr\u00e4chen est un charmant petit village \u00e0 1600m de haut sur une terrasse au-dessus de la vall\u00e9e principale du Cervin. Il dispose d\u2019une grande vari\u00e9t\u00e9 de petits h\u00f4tels et appartements. Besoin d\u2019aide pour r\u00e9server votre [&hellip;]\" \/>\n<meta property=\"og:url\" content=\"https:\/\/www.ultratourmonterosa.com\/fr\/useful-information\/hebergement\/\" \/>\n<meta property=\"og:site_name\" content=\"Ultra Tour Monte Rosa\" \/>\n<meta property=\"article:publisher\" content=\"https:\/\/www.facebook.com\/UltraTourMonteRosa\/\" \/>\n<meta property=\"article:modified_time\" content=\"2024-05-08T11:50:29+00:00\" \/>\n<meta property=\"og:image\" content=\"https:\/\/www.ultratourmonterosa.com\/wp-content\/uploads\/2020\/12\/hannigalp-logo_neu_260x85px.jpg\" \/>\n<meta name=\"twitter:card\" content=\"summary_large_image\" \/>\n<meta name=\"twitter:site\" content=\"@UltraMonteRosa\" \/>\n<meta name=\"twitter:label1\" content=\"Dur\u00e9e de lecture estim\u00e9e\" \/>\n\t<meta name=\"twitter:data1\" content=\"2 minutes\" \/>\n<script type=\"application\/ld+json\" class=\"yoast-schema-graph\">{\"@context\":\"https:\\\/\\\/schema.org\",\"@graph\":[{\"@type\":\"WebPage\",\"@id\":\"https:\\\/\\\/www.ultratourmonterosa.com\\\/fr\\\/useful-information\\\/hebergement\\\/\",\"url\":\"https:\\\/\\\/www.ultratourmonterosa.com\\\/fr\\\/useful-information\\\/hebergement\\\/\",\"name\":\"H\u00e9bergement - Ultra Tour Monte Rosa\",\"isPartOf\":{\"@id\":\"https:\\\/\\\/www.ultratourmonterosa.com\\\/#website\"},\"primaryImageOfPage\":{\"@id\":\"https:\\\/\\\/www.ultratourmonterosa.com\\\/fr\\\/useful-information\\\/hebergement\\\/#primaryimage\"},\"image\":{\"@id\":\"https:\\\/\\\/www.ultratourmonterosa.com\\\/fr\\\/useful-information\\\/hebergement\\\/#primaryimage\"},\"thumbnailUrl\":\"https:\\\/\\\/www.ultratourmonterosa.com\\\/wp-content\\\/uploads\\\/2020\\\/12\\\/hannigalp-logo_neu_260x85px.jpg\",\"datePublished\":\"2015-10-11T05:56:32+00:00\",\"dateModified\":\"2024-05-08T11:50:29+00:00\",\"breadcrumb\":{\"@id\":\"https:\\\/\\\/www.ultratourmonterosa.com\\\/fr\\\/useful-information\\\/hebergement\\\/#breadcrumb\"},\"inLanguage\":\"fr-FR\",\"potentialAction\":[{\"@type\":\"ReadAction\",\"target\":[\"https:\\\/\\\/www.ultratourmonterosa.com\\\/fr\\\/useful-information\\\/hebergement\\\/\"]}]},{\"@type\":\"ImageObject\",\"inLanguage\":\"fr-FR\",\"@id\":\"https:\\\/\\\/www.ultratourmonterosa.com\\\/fr\\\/useful-information\\\/hebergement\\\/#primaryimage\",\"url\":\"https:\\\/\\\/www.ultratourmonterosa.com\\\/wp-content\\\/uploads\\\/2020\\\/12\\\/hannigalp-logo_neu_260x85px.jpg\",\"contentUrl\":\"https:\\\/\\\/www.ultratourmonterosa.com\\\/wp-content\\\/uploads\\\/2020\\\/12\\\/hannigalp-logo_neu_260x85px.jpg\"},{\"@type\":\"BreadcrumbList\",\"@id\":\"https:\\\/\\\/www.ultratourmonterosa.com\\\/fr\\\/useful-information\\\/hebergement\\\/#breadcrumb\",\"itemListElement\":[{\"@type\":\"ListItem\",\"position\":1,\"name\":\"Home\",\"item\":\"https:\\\/\\\/www.ultratourmonterosa.com\\\/fr\\\/\"},{\"@type\":\"ListItem\",\"position\":2,\"name\":\"USEFUL INFORMATION\",\"item\":\"https:\\\/\\\/www.ultratourmonterosa.com\\\/fr\\\/useful-information\\\/\"},{\"@type\":\"ListItem\",\"position\":3,\"name\":\"H\u00e9bergement\"}]},{\"@type\":\"WebSite\",\"@id\":\"https:\\\/\\\/www.ultratourmonterosa.com\\\/#website\",\"url\":\"https:\\\/\\\/www.ultratourmonterosa.com\\\/\",\"name\":\"Ultra Tour Monte Rosa\",\"description\":\"4-7 september 2019\",\"publisher\":{\"@id\":\"https:\\\/\\\/www.ultratourmonterosa.com\\\/#organization\"},\"potentialAction\":[{\"@type\":\"SearchAction\",\"target\":{\"@type\":\"EntryPoint\",\"urlTemplate\":\"https:\\\/\\\/www.ultratourmonterosa.com\\\/?s={search_term_string}\"},\"query-input\":{\"@type\":\"PropertyValueSpecification\",\"valueRequired\":true,\"valueName\":\"search_term_string\"}}],\"inLanguage\":\"fr-FR\"},{\"@type\":\"Organization\",\"@id\":\"https:\\\/\\\/www.ultratourmonterosa.com\\\/#organization\",\"name\":\"Ultra Tour Monte Rosa\",\"url\":\"https:\\\/\\\/www.ultratourmonterosa.com\\\/\",\"logo\":{\"@type\":\"ImageObject\",\"inLanguage\":\"fr-FR\",\"@id\":\"https:\\\/\\\/www.ultratourmonterosa.com\\\/#\\\/schema\\\/logo\\\/image\\\/\",\"url\":\"https:\\\/\\\/www.ultratourmonterosa.com\\\/wp-content\\\/uploads\\\/2024\\\/09\\\/UTMR-logo-300px-1.png\",\"contentUrl\":\"https:\\\/\\\/www.ultratourmonterosa.com\\\/wp-content\\\/uploads\\\/2024\\\/09\\\/UTMR-logo-300px-1.png\",\"width\":300,\"height\":300,\"caption\":\"Ultra Tour Monte Rosa\"},\"image\":{\"@id\":\"https:\\\/\\\/www.ultratourmonterosa.com\\\/#\\\/schema\\\/logo\\\/image\\\/\"},\"sameAs\":[\"https:\\\/\\\/www.facebook.com\\\/UltraTourMonteRosa\\\/\",\"https:\\\/\\\/x.com\\\/UltraMonteRosa\"]}]}<\/script>\n<!-- \/ Yoast SEO plugin. -->","yoast_head_json":{"title":"H\u00e9bergement - Ultra Tour Monte Rosa","robots":{"index":"index","follow":"follow","max-snippet":"max-snippet:-1","max-image-preview":"max-image-preview:large","max-video-preview":"max-video-preview:-1"},"canonical":"https:\/\/www.ultratourmonterosa.com\/fr\/useful-information\/hebergement\/","og_locale":"fr_FR","og_type":"article","og_title":"H\u00e9bergement - Ultra Tour Monte Rosa","og_description":"PR\u00c9- et POST-race Tous les participants \u00e0 la course doivent organiser leur propre h\u00e9bergement avant et apr\u00e8s la course. Gr\u00e4chen Gr\u00e4chen est un charmant petit village \u00e0 1600m de haut sur une terrasse au-dessus de la vall\u00e9e principale du Cervin. Il dispose d\u2019une grande vari\u00e9t\u00e9 de petits h\u00f4tels et appartements. Besoin d\u2019aide pour r\u00e9server votre [&hellip;]","og_url":"https:\/\/www.ultratourmonterosa.com\/fr\/useful-information\/hebergement\/","og_site_name":"Ultra Tour Monte Rosa","article_publisher":"https:\/\/www.facebook.com\/UltraTourMonteRosa\/","article_modified_time":"2024-05-08T11:50:29+00:00","og_image":[{"url":"https:\/\/www.ultratourmonterosa.com\/wp-content\/uploads\/2020\/12\/hannigalp-logo_neu_260x85px.jpg","type":"","width":"","height":""}],"twitter_card":"summary_large_image","twitter_site":"@UltraMonteRosa","twitter_misc":{"Dur\u00e9e de lecture estim\u00e9e":"2 minutes"},"schema":{"@context":"https:\/\/schema.org","@graph":[{"@type":"WebPage","@id":"https:\/\/www.ultratourmonterosa.com\/fr\/useful-information\/hebergement\/","url":"https:\/\/www.ultratourmonterosa.com\/fr\/useful-information\/hebergement\/","name":"H\u00e9bergement - Ultra Tour Monte Rosa","isPartOf":{"@id":"https:\/\/www.ultratourmonterosa.com\/#website"},"primaryImageOfPage":{"@id":"https:\/\/www.ultratourmonterosa.com\/fr\/useful-information\/hebergement\/#primaryimage"},"image":{"@id":"https:\/\/www.ultratourmonterosa.com\/fr\/useful-information\/hebergement\/#primaryimage"},"thumbnailUrl":"https:\/\/www.ultratourmonterosa.com\/wp-content\/uploads\/2020\/12\/hannigalp-logo_neu_260x85px.jpg","datePublished":"2015-10-11T05:56:32+00:00","dateModified":"2024-05-08T11:50:29+00:00","breadcrumb":{"@id":"https:\/\/www.ultratourmonterosa.com\/fr\/useful-information\/hebergement\/#breadcrumb"},"inLanguage":"fr-FR","potentialAction":[{"@type":"ReadAction","target":["https:\/\/www.ultratourmonterosa.com\/fr\/useful-information\/hebergement\/"]}]},{"@type":"ImageObject","inLanguage":"fr-FR","@id":"https:\/\/www.ultratourmonterosa.com\/fr\/useful-information\/hebergement\/#primaryimage","url":"https:\/\/www.ultratourmonterosa.com\/wp-content\/uploads\/2020\/12\/hannigalp-logo_neu_260x85px.jpg","contentUrl":"https:\/\/www.ultratourmonterosa.com\/wp-content\/uploads\/2020\/12\/hannigalp-logo_neu_260x85px.jpg"},{"@type":"BreadcrumbList","@id":"https:\/\/www.ultratourmonterosa.com\/fr\/useful-information\/hebergement\/#breadcrumb","itemListElement":[{"@type":"ListItem","position":1,"name":"Home","item":"https:\/\/www.ultratourmonterosa.com\/fr\/"},{"@type":"ListItem","position":2,"name":"USEFUL INFORMATION","item":"https:\/\/www.ultratourmonterosa.com\/fr\/useful-information\/"},{"@type":"ListItem","position":3,"name":"H\u00e9bergement"}]},{"@type":"WebSite","@id":"https:\/\/www.ultratourmonterosa.com\/#website","url":"https:\/\/www.ultratourmonterosa.com\/","name":"Ultra Tour Monte Rosa","description":"4-7 september 2019","publisher":{"@id":"https:\/\/www.ultratourmonterosa.com\/#organization"},"potentialAction":[{"@type":"SearchAction","target":{"@type":"EntryPoint","urlTemplate":"https:\/\/www.ultratourmonterosa.com\/?s={search_term_string}"},"query-input":{"@type":"PropertyValueSpecification","valueRequired":true,"valueName":"search_term_string"}}],"inLanguage":"fr-FR"},{"@type":"Organization","@id":"https:\/\/www.ultratourmonterosa.com\/#organization","name":"Ultra Tour Monte Rosa","url":"https:\/\/www.ultratourmonterosa.com\/","logo":{"@type":"ImageObject","inLanguage":"fr-FR","@id":"https:\/\/www.ultratourmonterosa.com\/#\/schema\/logo\/image\/","url":"https:\/\/www.ultratourmonterosa.com\/wp-content\/uploads\/2024\/09\/UTMR-logo-300px-1.png","contentUrl":"https:\/\/www.ultratourmonterosa.com\/wp-content\/uploads\/2024\/09\/UTMR-logo-300px-1.png","width":300,"height":300,"caption":"Ultra Tour Monte Rosa"},"image":{"@id":"https:\/\/www.ultratourmonterosa.com\/#\/schema\/logo\/image\/"},"sameAs":["https:\/\/www.facebook.com\/UltraTourMonteRosa\/","https:\/\/x.com\/UltraMonteRosa"]}]}},"jetpack_shortlink":"https:\/\/wp.me\/P4DSVg-3LV","jetpack_sharing_enabled":true,"_links":{"self":[{"href":"https:\/\/www.ultratourmonterosa.com\/fr\/wp-json\/wp\/v2\/pages\/14503","targetHints":{"allow":["GET"]}}],"collection":[{"href":"https:\/\/www.ultratourmonterosa.com\/fr\/wp-json\/wp\/v2\/pages"}],"about":[{"href":"https:\/\/www.ultratourmonterosa.com\/fr\/wp-json\/wp\/v2\/types\/page"}],"author":[{"embeddable":true,"href":"https:\/\/www.ultratourmonterosa.com\/fr\/wp-json\/wp\/v2\/users\/2"}],"replies":[{"embeddable":true,"href":"https:\/\/www.ultratourmonterosa.com\/fr\/wp-json\/wp\/v2\/comments?post=14503"}],"version-history":[{"count":5,"href":"https:\/\/www.ultratourmonterosa.com\/fr\/wp-json\/wp\/v2\/pages\/14503\/revisions"}],"predecessor-version":[{"id":50578,"href":"https:\/\/www.ultratourmonterosa.com\/fr\/wp-json\/wp\/v2\/pages\/14503\/revisions\/50578"}],"up":[{"embeddable":true,"href":"https:\/\/www.ultratourmonterosa.com\/fr\/wp-json\/wp\/v2\/pages\/17484"}],"wp:attachment":[{"href":"https:\/\/www.ultratourmonterosa.com\/fr\/wp-json\/wp\/v2\/media?parent=14503"}],"curies":[{"name":"wp","href":"https:\/\/api.w.org\/{rel}","templated":true}]}}