{"id":17534,"date":"2015-10-11T10:49:54","date_gmt":"2015-10-11T05:04:54","guid":{"rendered":"https:\/\/utmr.run\/fr\/pre-registration-info\/"},"modified":"2025-09-30T18:56:54","modified_gmt":"2025-09-30T13:11:54","slug":"pre-inscription-info-etape","status":"publish","type":"page","link":"https:\/\/www.ultratourmonterosa.com\/fr\/pre-inscription-info-etape\/","title":{"rendered":"Pr\u00e9-inscription \u00e0 la course \u00e0 \u00e9tapes de l&rsquo;UTMR"},"content":{"rendered":"\n<p>C\u2019est l\u2019information pour vous permettre de compl\u00e9ter votre pr\u00e9-inscription pour la course par \u00e9tapes.<\/p>\n\n\n\n<p>Veuillez lire attentivement, puis remplir le formulaire de pr\u00e9inscription li\u00e9 au bas de cette page.<\/p>\n\n\n\n<p><\/p>\n\n\n<div id=\"testimonial-block_6746747927aa1316b173bf402e8d75a3\" class=\"testimonial-blockquote-container testimonial\">\n    <blockquote class=\"testimonial-blockquote\">\n        <div class=\"testimonial-text\">Le parcours \u00e9tait difficile mais le paysage \u00e9tait encore plus gratifiant. J\u2019ai ador\u00e9 l\u2019intimit\u00e9 de UTMR, l\u2019occasion de rencontrer de nouvelles personnes, et de partager les sentiers avec eux pendant trois jours &#8230;.<\/div>\n        <span class=\"testimonial-author\">Ruth Croft<\/span>\n        <span class=\"testimonial-role\">L\u2019\u00e9quipe Scott. 2e course par \u00e9tapes f\u00e9minine, 2016<\/span>\n    <\/blockquote>\n    <div class=\"testimonial-image\">\n        \n        <a data-fancybox='gallery' href='https:\/\/www.ultratourmonterosa.com\/wp-content\/uploads\/2020\/10\/122361244_2867403413505999_5174031190066473586_o.jpg'  data-lbwps-width=\"1067\" data-lbwps-height=\"1600\" data-lbwps-srcsmall=\"https:\/\/www.ultratourmonterosa.com\/wp-content\/uploads\/2020\/10\/122361244_2867403413505999_5174031190066473586_o-33x50.jpg\"><img loading=\"lazy\" decoding=\"async\" width=\"300\" height=\"300\" src=\"https:\/\/www.ultratourmonterosa.com\/wp-content\/uploads\/2020\/10\/ruth-croft-square-300x300.jpg\" class=\"attachment-medium size-medium\" alt=\"Ruth Croft ultra-coureur\" srcset=\"https:\/\/www.ultratourmonterosa.com\/wp-content\/uploads\/2020\/10\/ruth-croft-square-300x300.jpg 300w, https:\/\/www.ultratourmonterosa.com\/wp-content\/uploads\/2020\/10\/ruth-croft-square-150x150.jpg 150w, https:\/\/www.ultratourmonterosa.com\/wp-content\/uploads\/2020\/10\/ruth-croft-square-250x250.jpg 250w, https:\/\/www.ultratourmonterosa.com\/wp-content\/uploads\/2020\/10\/ruth-croft-square-100x100.jpg 100w, https:\/\/www.ultratourmonterosa.com\/wp-content\/uploads\/2020\/10\/ruth-croft-square-70x70.jpg 70w, https:\/\/www.ultratourmonterosa.com\/wp-content\/uploads\/2020\/10\/ruth-croft-square-50x50.jpg 50w, https:\/\/www.ultratourmonterosa.com\/wp-content\/uploads\/2020\/10\/ruth-croft-square-200x200.jpg 200w, https:\/\/www.ultratourmonterosa.com\/wp-content\/uploads\/2020\/10\/ruth-croft-square.jpg 400w\" sizes=\"auto, (max-width: 300px) 100vw, 300px\" \/><\/a>    <\/div>\n    <style type=\"text\/css\">\n        #testimonial-block_6746747927aa1316b173bf402e8d75a3 {\n            background: #e6a922;\n            color: #092a6c;\n        }\n    <\/style>\n<\/div>\n\n\n<div style=\"height:50px\" aria-hidden=\"true\" class=\"wp-block-spacer\"><\/div>\n\n\n\n<h2 class=\"wp-block-heading\" id=\"registration-information\">Informations d\u2019inscription<\/h2>\n\n\n\n<p>Il s\u2019agit d\u2019une course de longue distance difficile et difficile sur les sentiers alpins. Nous voulons que vous vous amusiez et profitiez de votre voyage, donc nous devons v\u00e9rifier que vous avez suffisamment d\u2019exp\u00e9rience pour faire face aux exigences du terrain et prendre soin de vous dans toutes les conditions possibles.<\/p>\n\n\n\n<p>La s\u00e9lection se fera selon le premier arriv\u00e9, premier servi, sous r\u00e9serve d\u2019avoir l\u2019exp\u00e9rience n\u00e9cessaire (voir ci-dessous). L\u2019organisation r\u00e9servera quelques places de wild card \u00e0 attribuer \u00e0 sa discr\u00e9tion.<\/p>\n\n\n\n<div style=\"height:50px\" aria-hidden=\"true\" class=\"wp-block-spacer\"><\/div>\n\n\n\n<h2 class=\"wp-block-heading\" id=\"required-experience\">Exp\u00e9rience requise<\/h2>\n\n\n\n<ul class=\"wp-block-list\">\n<li>l\u2019ach\u00e8vement d\u2019une course en plusieurs \u00e9tapes sur terrain de montagne<\/li>\n\n\n\n<li>OU ach\u00e8vement d\u2019un marathon sur terrain alpin (avec jusqu\u2019\u00e0 +2000m d\u2019ascension) en 8 heures<\/li>\n\n\n\n<li>ET l\u2019exp\u00e9rience de montagne telle que vous pouvez nous convaincre que vous pouvez faire face aux exigences du terrain et prendre soin de vous dans toutes les conditions possibles et encore avoir du plaisir<\/li>\n<\/ul>\n\n\n\n<div style=\"height:50px\" aria-hidden=\"true\" class=\"wp-block-spacer\"><\/div>\n\n\n\n<h2 class=\"wp-block-heading\" id=\"registration-cost\">Frais d\u2019inscription<\/h2>\n\n\n\n<p><strong>Frais : 965 CHF  <\/strong><\/p>\n\n\n\n<p>Les frais d\u2019inscription comprennent :<\/p>\n\n\n\n<ul class=\"wp-block-list\">\n<li>3 nuits d\u2019h\u00e9bergement en demi-pension \u00e0 Zermatt, Gressoney et Macugnaga &#8211; chambre partag\u00e9e et repas du soir inclus, petit d\u00e9jeuner <\/li>\n\n\n\n<li>Transfert des bagages (un sac de 65 litres \/ 15kg seulement) du d\u00e9but \u00e0 la fin de chaque \u00e9tape de course<\/li>\n\n\n\n<li>Stockage des bagages \u00e0 Gr\u00e4chen pour les bagages suppl\u00e9mentaires (non requis pour la course par \u00e9tapes)<\/li>\n\n\n\n<li>Un sac utmr de marque UTMR solide et spacieux \u00e0 utiliser pour transporter vos v\u00eatements et \u00e9quipements pour la course en 4 \u00e9tapes<\/li>\n\n\n\n<li>Num\u00e9ro de d\u00e9part et puce de course (chronom\u00e9trage officiel)<\/li>\n\n\n\n<li>Suivi GPS pour la s\u00e9curit\u00e9<\/li>\n\n\n\n<li>T-shirt de course impressionnant<\/li>\n\n\n\n<li>Points de contr\u00f4le offrant des rafra\u00eechissements (nourriture et boissons)<\/li>\n\n\n\n<li>Cadeau de finisseur (pour les finissants officiels de la course par \u00e9tapes)<\/li>\n<\/ul>\n\n\n\n<div style=\"height:50px\" aria-hidden=\"true\" class=\"wp-block-spacer\"><\/div>\n\n\n\n<h2 class=\"wp-block-heading\" id=\"race-registration-and-equipment-check\">Enregistrement de course et contr\u00f4le de l\u2019\u00e9quipement<\/h2>\n\n\n\n<p>L&rsquo;inscription \u00e0 la course aura lieu \u00e0 Gr\u00e4chen le <strong>mardi 1 septembre entre 15h00 et 19h00.<\/strong> C\u2019est obligatoire.<\/p>\n\n\n\n<p>Votre num\u00e9ro de course et votre puce de chronom\u00e9trage vous seront donn\u00e9s sur :<\/p>\n\n\n\n<ul class=\"wp-block-list\">\n<li>pr\u00e9sentation d\u2019une pi\u00e8ce d\u2019identit\u00e9 photographique (passeport, carte d\u2019identit\u00e9)<\/li>\n\n\n\n<li>contr\u00f4le de l\u2019\u00e9quipement obligatoire<\/li>\n<\/ul>\n\n\n\n<div style=\"height:50px\" aria-hidden=\"true\" class=\"wp-block-spacer\"><\/div>\n\n\n\n<h2 class=\"wp-block-heading\" id=\"finalised-race-information-and-schedule\">Informations et calendrier de la course finalis\u00e9s<\/h2>\n\n\n\n<p>Le road book contenant les informations d\u00e9taill\u00e9es et finalis\u00e9es sur la course vous sera envoy\u00e9 par e-mail d&rsquo;ici le 1er juillet.\nNous vous informerons par e-mail de toute mise \u00e0 jour apr\u00e8s cette date. <\/p>\n\n\n\n<ul class=\"wp-block-list\">\n<li>Informations sur l\u2019itin\u00e9raire final, GPS et profil<\/li>\n\n\n\n<li>Points de contr\u00f4le, barri\u00e8res horaires et services (nourriture, boissons, premiers soins)<\/li>\n\n\n\n<li>Horaire des courses au jour le jour<\/li>\n<\/ul>\n\n\n\n<div style=\"height:50px\" aria-hidden=\"true\" class=\"wp-block-spacer\"><\/div>\n\n\n\n<h2 class=\"wp-block-heading\" id=\"insurance\">Assurance<\/h2>\n\n\n\n<p>Chaque participant \u00e0 la course doit avoir une assurance accident personnel suffisante pour couvrir le co\u00fbt de l\u2019\u00e9vacuation en Italie et en Suisse. La police d\u2019assurance doit \u00eatre valide au moins pour la dur\u00e9e de la course.<\/p>\n\n\n\n<p>Les \u00e9vacuations d\u2019h\u00e9licopt\u00e8res n.b. en Italie et en Suisse ne sont pas gratuites. Le choix de l\u2019\u00e9vacuation d\u00e9pendra exclusivement de l\u2019organisation qui accordera la priorit\u00e9 \u00e0 la s\u00e9curit\u00e9 du participant.<\/p>\n\n\n\n<div style=\"height:20px\" aria-hidden=\"true\" class=\"wp-block-spacer\"><\/div>\n\n\n\n<div class=\"wp-block-simple-alerts-for-gutenberg-alert-boxes sab-alert sab-alert-primary\" role=\"alert\">Si vous avez des difficult\u00e9s \u00e0 trouver une assurance appropri\u00e9e, nous vous recommandons l&rsquo;assurance Runner fournie par l&rsquo;ITRA (International Trail Running Association).\nPour plus d&rsquo;informations <a href=\"https:\/\/itra.run\/Runners\/AboutInsurance\" target=\"_blank\" rel=\"noreferrer noopener\">, cliquez ici<\/a>.   <\/div>\n\n\n\n<div style=\"height:20px\" aria-hidden=\"true\" class=\"wp-block-spacer\"><\/div>\n\n\n\n<div class=\"wp-block-simple-alerts-for-gutenberg-alert-boxes sab-alert sab-alert-danger\" role=\"alert\">Il est conseill\u00e9 de souscrire une assurance voyage normale pour couvrir l&rsquo;annulation de l&rsquo;h\u00e9bergement, des navettes, etc. et de l&rsquo;inscription \u00e0 la course, au-del\u00e0 de la <a href=\"https:\/\/www.ultratourmonterosa.com\/fr\/useful-information\/annulation-politique\/\">politique d&rsquo;annulation de l&rsquo;UTMR.<\/a><\/div>\n\n\n\n<div style=\"height:50px\" aria-hidden=\"true\" class=\"wp-block-spacer\"><\/div>\n\n\n\n<h2 class=\"wp-block-heading\" id=\"cancellation\">Annulation<\/h2>\n\n\n\n<p>Veuillez lire attentivement notre politique d\u2019annulation avant de vous inscrire. Nous vous recommandons fortement d\u2019acheter une police d\u2019assurance voyage pour vous couvrir si vous devez vous retirer de la course. Merci.<\/p>\n\n\n<a href='https:\/\/www.ultratourmonterosa.com\/legal\/cancellation-policy\/' \n\t\t\ttarget='_blank' \n\t\t\tid='utmr-yellow-button-block_f6b061d21a4a61eeedbfa05c0fe049d9' \n\t\t\tclass='utmr-button  ur-btn-yellow has-utmr-yellow-background-color text-black block-utmr-yellow-button' >\n\t\t\t\t Politique d\u2019annulation\n\t\t\t<\/a>\n\n\n<div style=\"height:50px\" aria-hidden=\"true\" class=\"wp-block-spacer\"><\/div>\n\n\n\n<h2 class=\"wp-block-heading\" id=\"travel-and-accommodation\">Voyage et h\u00e9bergement<\/h2>\n\n\n\n<p>La course par \u00e9tapes commence et se termine \u00e0 Gr\u00e4chen, un beau petit village \u00e0 1600m au-dessus du Mattertal. Consultez nos pages d\u2019information pour obtenir de l\u2019aide pour l\u2019h\u00e9bergement et les voyages.  <\/p>\n\n\n<a href='https:\/\/www.ultratourmonterosa.com\/useful-information\/travel-2\/' \n\t\t\ttarget='_blank' \n\t\t\tid='utmr-yellow-button-block_1ca360ec167995f8da318075cff0c9d2' \n\t\t\tclass='utmr-button  ur-btn-yellow has-utmr-yellow-background-color text-black block-utmr-yellow-button' >\n\t\t\t\t Informations sur les navettes de voyage et de bus\n\t\t\t<\/a>\n\n<a href='https:\/\/www.ultratourmonterosa.com\/fr\/useful-information\/hebergement\/' \n\t\t\ttarget='' \n\t\t\tid='utmr-yellow-button-block_23b1062375adbfa08eb033bccd1dd744' \n\t\t\tclass='utmr-button  ur-btn-yellow has-utmr-yellow-background-color text-black block-utmr-yellow-button' >\n\t\t\t\t Informations sur l\u2019h\u00e9bergement \u00e0 Gr\u00e4chen\n\t\t\t<\/a>\n\n\n<div style=\"height:50px\" aria-hidden=\"true\" class=\"wp-block-spacer\"><\/div>\n\n\n\n<h2 class=\"wp-block-heading\" id=\"rules-and-terms\">R\u00e8gles et modalit\u00e9s<\/h2>\n\n\n\n<p>Veuillez lire les r\u00e8glements et les modalit\u00e9s. Sur pr\u00e9sentation de votre formulaire d\u2019inscription, vous confirmez que vous avez lu, compris et accept\u00e9.<\/p>\n\n\n<a href='https:\/\/www.ultratourmonterosa.com\/legal\/regulations\/' \n\t\t\ttarget='' \n\t\t\tid='utmr-yellow-button-block_55b9acd05de60372914d914fadc4bd1e' \n\t\t\tclass='utmr-button  ur-btn-yellow has-utmr-yellow-background-color text-black block-utmr-yellow-button' >\n\t\t\t\t R\u00e8glements\n\t\t\t<\/a>\n\n<a href='https:\/\/www.ultratourmonterosa.com\/legal\/terms-and-conditions\/' \n\t\t\ttarget='' \n\t\t\tid='utmr-yellow-button-block_0b25a270322124baf643a2080d913818' \n\t\t\tclass='utmr-button  ur-btn-yellow has-utmr-yellow-background-color text-black block-utmr-yellow-button' >\n\t\t\t\t Conditions g\u00e9n\u00e9rales\n\t\t\t<\/a>\n\n\n<p><\/p>\n","protected":false},"excerpt":{"rendered":"<p>C\u2019est l\u2019information pour vous permettre de compl\u00e9ter votre pr\u00e9-inscription pour la course par \u00e9tapes. Veuillez lire attentivement, puis remplir le formulaire de pr\u00e9inscription li\u00e9 au bas de cette page. Informations d\u2019inscription Il s\u2019agit d\u2019une course de longue distance difficile et difficile sur les sentiers alpins. Nous voulons que vous vous amusiez et profitiez de votre [&hellip;]<\/p>\n","protected":false},"author":2,"featured_media":25584,"parent":0,"menu_order":3,"comment_status":"closed","ping_status":"closed","template":"","meta":{"_acf_changed":false,"footnotes":"","_wp_rev_ctl_limit":""},"class_list":["post-17534","page","type-page","status-publish","has-post-thumbnail","hentry"],"acf":[],"yoast_head":"<!-- This site is optimized with the Yoast SEO plugin v27.6 - https:\/\/yoast.com\/product\/yoast-seo-wordpress\/ -->\n<title>Pr\u00e9-inscription \u00e0 la course \u00e0 \u00e9tapes de l&#039;UTMR - Ultra Tour Monte Rosa<\/title>\n<meta name=\"robots\" content=\"index, follow, max-snippet:-1, max-image-preview:large, max-video-preview:-1\" \/>\n<link rel=\"canonical\" href=\"https:\/\/www.ultratourmonterosa.com\/fr\/pre-inscription-info-etape\/\" \/>\n<meta property=\"og:locale\" content=\"fr_FR\" \/>\n<meta property=\"og:type\" content=\"article\" \/>\n<meta property=\"og:title\" content=\"Pr\u00e9-inscription \u00e0 la course \u00e0 \u00e9tapes de l&#039;UTMR - Ultra Tour Monte Rosa\" \/>\n<meta property=\"og:description\" content=\"C\u2019est l\u2019information pour vous permettre de compl\u00e9ter votre pr\u00e9-inscription pour la course par \u00e9tapes. Veuillez lire attentivement, puis remplir le formulaire de pr\u00e9inscription li\u00e9 au bas de cette page. Informations d\u2019inscription Il s\u2019agit d\u2019une course de longue distance difficile et difficile sur les sentiers alpins. Nous voulons que vous vous amusiez et profitiez de votre [&hellip;]\" \/>\n<meta property=\"og:url\" content=\"https:\/\/www.ultratourmonterosa.com\/fr\/pre-inscription-info-etape\/\" \/>\n<meta property=\"og:site_name\" content=\"Ultra Tour Monte Rosa\" \/>\n<meta property=\"article:publisher\" content=\"https:\/\/www.facebook.com\/UltraTourMonteRosa\/\" \/>\n<meta property=\"article:modified_time\" content=\"2025-09-30T13:11:54+00:00\" \/>\n<meta property=\"og:image\" content=\"https:\/\/www.ultratourmonterosa.com\/wp-content\/uploads\/2013\/12\/UTMR_3a_tappa_foto_Giacomo_Meneghello_GM_16-3394untitled.jpg\" \/>\n\t<meta property=\"og:image:width\" content=\"1702\" \/>\n\t<meta property=\"og:image:height\" content=\"1080\" \/>\n\t<meta property=\"og:image:type\" content=\"image\/jpeg\" \/>\n<meta name=\"twitter:card\" content=\"summary_large_image\" \/>\n<meta name=\"twitter:site\" content=\"@UltraMonteRosa\" \/>\n<meta name=\"twitter:label1\" content=\"Dur\u00e9e de lecture estim\u00e9e\" \/>\n\t<meta name=\"twitter:data1\" content=\"3 minutes\" \/>\n<script type=\"application\/ld+json\" class=\"yoast-schema-graph\">{\"@context\":\"https:\\\/\\\/schema.org\",\"@graph\":[{\"@type\":\"WebPage\",\"@id\":\"https:\\\/\\\/www.ultratourmonterosa.com\\\/fr\\\/pre-inscription-info-etape\\\/\",\"url\":\"https:\\\/\\\/www.ultratourmonterosa.com\\\/fr\\\/pre-inscription-info-etape\\\/\",\"name\":\"Pr\u00e9-inscription \u00e0 la course \u00e0 \u00e9tapes de l'UTMR - Ultra Tour Monte Rosa\",\"isPartOf\":{\"@id\":\"https:\\\/\\\/www.ultratourmonterosa.com\\\/#website\"},\"primaryImageOfPage\":{\"@id\":\"https:\\\/\\\/www.ultratourmonterosa.com\\\/fr\\\/pre-inscription-info-etape\\\/#primaryimage\"},\"image\":{\"@id\":\"https:\\\/\\\/www.ultratourmonterosa.com\\\/fr\\\/pre-inscription-info-etape\\\/#primaryimage\"},\"thumbnailUrl\":\"https:\\\/\\\/www.ultratourmonterosa.com\\\/wp-content\\\/uploads\\\/2013\\\/12\\\/UTMR_3a_tappa_foto_Giacomo_Meneghello_GM_16-3394untitled.jpg\",\"datePublished\":\"2015-10-11T05:04:54+00:00\",\"dateModified\":\"2025-09-30T13:11:54+00:00\",\"breadcrumb\":{\"@id\":\"https:\\\/\\\/www.ultratourmonterosa.com\\\/fr\\\/pre-inscription-info-etape\\\/#breadcrumb\"},\"inLanguage\":\"fr-FR\",\"potentialAction\":[{\"@type\":\"ReadAction\",\"target\":[\"https:\\\/\\\/www.ultratourmonterosa.com\\\/fr\\\/pre-inscription-info-etape\\\/\"]}]},{\"@type\":\"ImageObject\",\"inLanguage\":\"fr-FR\",\"@id\":\"https:\\\/\\\/www.ultratourmonterosa.com\\\/fr\\\/pre-inscription-info-etape\\\/#primaryimage\",\"url\":\"https:\\\/\\\/www.ultratourmonterosa.com\\\/wp-content\\\/uploads\\\/2013\\\/12\\\/UTMR_3a_tappa_foto_Giacomo_Meneghello_GM_16-3394untitled.jpg\",\"contentUrl\":\"https:\\\/\\\/www.ultratourmonterosa.com\\\/wp-content\\\/uploads\\\/2013\\\/12\\\/UTMR_3a_tappa_foto_Giacomo_Meneghello_GM_16-3394untitled.jpg\",\"width\":1702,\"height\":1080},{\"@type\":\"BreadcrumbList\",\"@id\":\"https:\\\/\\\/www.ultratourmonterosa.com\\\/fr\\\/pre-inscription-info-etape\\\/#breadcrumb\",\"itemListElement\":[{\"@type\":\"ListItem\",\"position\":1,\"name\":\"Home\",\"item\":\"https:\\\/\\\/www.ultratourmonterosa.com\\\/fr\\\/\"},{\"@type\":\"ListItem\",\"position\":2,\"name\":\"Pr\u00e9-inscription \u00e0 la course \u00e0 \u00e9tapes de l&rsquo;UTMR\"}]},{\"@type\":\"WebSite\",\"@id\":\"https:\\\/\\\/www.ultratourmonterosa.com\\\/#website\",\"url\":\"https:\\\/\\\/www.ultratourmonterosa.com\\\/\",\"name\":\"Ultra Tour Monte Rosa\",\"description\":\"4-7 september 2019\",\"publisher\":{\"@id\":\"https:\\\/\\\/www.ultratourmonterosa.com\\\/#organization\"},\"potentialAction\":[{\"@type\":\"SearchAction\",\"target\":{\"@type\":\"EntryPoint\",\"urlTemplate\":\"https:\\\/\\\/www.ultratourmonterosa.com\\\/?s={search_term_string}\"},\"query-input\":{\"@type\":\"PropertyValueSpecification\",\"valueRequired\":true,\"valueName\":\"search_term_string\"}}],\"inLanguage\":\"fr-FR\"},{\"@type\":\"Organization\",\"@id\":\"https:\\\/\\\/www.ultratourmonterosa.com\\\/#organization\",\"name\":\"Ultra Tour Monte Rosa\",\"url\":\"https:\\\/\\\/www.ultratourmonterosa.com\\\/\",\"logo\":{\"@type\":\"ImageObject\",\"inLanguage\":\"fr-FR\",\"@id\":\"https:\\\/\\\/www.ultratourmonterosa.com\\\/#\\\/schema\\\/logo\\\/image\\\/\",\"url\":\"https:\\\/\\\/www.ultratourmonterosa.com\\\/wp-content\\\/uploads\\\/2024\\\/09\\\/UTMR-logo-300px-1.png\",\"contentUrl\":\"https:\\\/\\\/www.ultratourmonterosa.com\\\/wp-content\\\/uploads\\\/2024\\\/09\\\/UTMR-logo-300px-1.png\",\"width\":300,\"height\":300,\"caption\":\"Ultra Tour Monte Rosa\"},\"image\":{\"@id\":\"https:\\\/\\\/www.ultratourmonterosa.com\\\/#\\\/schema\\\/logo\\\/image\\\/\"},\"sameAs\":[\"https:\\\/\\\/www.facebook.com\\\/UltraTourMonteRosa\\\/\",\"https:\\\/\\\/x.com\\\/UltraMonteRosa\"]}]}<\/script>\n<!-- \/ Yoast SEO plugin. -->","yoast_head_json":{"title":"Pr\u00e9-inscription \u00e0 la course \u00e0 \u00e9tapes de l'UTMR - Ultra Tour Monte Rosa","robots":{"index":"index","follow":"follow","max-snippet":"max-snippet:-1","max-image-preview":"max-image-preview:large","max-video-preview":"max-video-preview:-1"},"canonical":"https:\/\/www.ultratourmonterosa.com\/fr\/pre-inscription-info-etape\/","og_locale":"fr_FR","og_type":"article","og_title":"Pr\u00e9-inscription \u00e0 la course \u00e0 \u00e9tapes de l'UTMR - Ultra Tour Monte Rosa","og_description":"C\u2019est l\u2019information pour vous permettre de compl\u00e9ter votre pr\u00e9-inscription pour la course par \u00e9tapes. Veuillez lire attentivement, puis remplir le formulaire de pr\u00e9inscription li\u00e9 au bas de cette page. Informations d\u2019inscription Il s\u2019agit d\u2019une course de longue distance difficile et difficile sur les sentiers alpins. Nous voulons que vous vous amusiez et profitiez de votre [&hellip;]","og_url":"https:\/\/www.ultratourmonterosa.com\/fr\/pre-inscription-info-etape\/","og_site_name":"Ultra Tour Monte Rosa","article_publisher":"https:\/\/www.facebook.com\/UltraTourMonteRosa\/","article_modified_time":"2025-09-30T13:11:54+00:00","og_image":[{"width":1702,"height":1080,"url":"https:\/\/www.ultratourmonterosa.com\/wp-content\/uploads\/2013\/12\/UTMR_3a_tappa_foto_Giacomo_Meneghello_GM_16-3394untitled.jpg","type":"image\/jpeg"}],"twitter_card":"summary_large_image","twitter_site":"@UltraMonteRosa","twitter_misc":{"Dur\u00e9e de lecture estim\u00e9e":"3 minutes"},"schema":{"@context":"https:\/\/schema.org","@graph":[{"@type":"WebPage","@id":"https:\/\/www.ultratourmonterosa.com\/fr\/pre-inscription-info-etape\/","url":"https:\/\/www.ultratourmonterosa.com\/fr\/pre-inscription-info-etape\/","name":"Pr\u00e9-inscription \u00e0 la course \u00e0 \u00e9tapes de l'UTMR - Ultra Tour Monte Rosa","isPartOf":{"@id":"https:\/\/www.ultratourmonterosa.com\/#website"},"primaryImageOfPage":{"@id":"https:\/\/www.ultratourmonterosa.com\/fr\/pre-inscription-info-etape\/#primaryimage"},"image":{"@id":"https:\/\/www.ultratourmonterosa.com\/fr\/pre-inscription-info-etape\/#primaryimage"},"thumbnailUrl":"https:\/\/www.ultratourmonterosa.com\/wp-content\/uploads\/2013\/12\/UTMR_3a_tappa_foto_Giacomo_Meneghello_GM_16-3394untitled.jpg","datePublished":"2015-10-11T05:04:54+00:00","dateModified":"2025-09-30T13:11:54+00:00","breadcrumb":{"@id":"https:\/\/www.ultratourmonterosa.com\/fr\/pre-inscription-info-etape\/#breadcrumb"},"inLanguage":"fr-FR","potentialAction":[{"@type":"ReadAction","target":["https:\/\/www.ultratourmonterosa.com\/fr\/pre-inscription-info-etape\/"]}]},{"@type":"ImageObject","inLanguage":"fr-FR","@id":"https:\/\/www.ultratourmonterosa.com\/fr\/pre-inscription-info-etape\/#primaryimage","url":"https:\/\/www.ultratourmonterosa.com\/wp-content\/uploads\/2013\/12\/UTMR_3a_tappa_foto_Giacomo_Meneghello_GM_16-3394untitled.jpg","contentUrl":"https:\/\/www.ultratourmonterosa.com\/wp-content\/uploads\/2013\/12\/UTMR_3a_tappa_foto_Giacomo_Meneghello_GM_16-3394untitled.jpg","width":1702,"height":1080},{"@type":"BreadcrumbList","@id":"https:\/\/www.ultratourmonterosa.com\/fr\/pre-inscription-info-etape\/#breadcrumb","itemListElement":[{"@type":"ListItem","position":1,"name":"Home","item":"https:\/\/www.ultratourmonterosa.com\/fr\/"},{"@type":"ListItem","position":2,"name":"Pr\u00e9-inscription \u00e0 la course \u00e0 \u00e9tapes de l&rsquo;UTMR"}]},{"@type":"WebSite","@id":"https:\/\/www.ultratourmonterosa.com\/#website","url":"https:\/\/www.ultratourmonterosa.com\/","name":"Ultra Tour Monte Rosa","description":"4-7 september 2019","publisher":{"@id":"https:\/\/www.ultratourmonterosa.com\/#organization"},"potentialAction":[{"@type":"SearchAction","target":{"@type":"EntryPoint","urlTemplate":"https:\/\/www.ultratourmonterosa.com\/?s={search_term_string}"},"query-input":{"@type":"PropertyValueSpecification","valueRequired":true,"valueName":"search_term_string"}}],"inLanguage":"fr-FR"},{"@type":"Organization","@id":"https:\/\/www.ultratourmonterosa.com\/#organization","name":"Ultra Tour Monte Rosa","url":"https:\/\/www.ultratourmonterosa.com\/","logo":{"@type":"ImageObject","inLanguage":"fr-FR","@id":"https:\/\/www.ultratourmonterosa.com\/#\/schema\/logo\/image\/","url":"https:\/\/www.ultratourmonterosa.com\/wp-content\/uploads\/2024\/09\/UTMR-logo-300px-1.png","contentUrl":"https:\/\/www.ultratourmonterosa.com\/wp-content\/uploads\/2024\/09\/UTMR-logo-300px-1.png","width":300,"height":300,"caption":"Ultra Tour Monte Rosa"},"image":{"@id":"https:\/\/www.ultratourmonterosa.com\/#\/schema\/logo\/image\/"},"sameAs":["https:\/\/www.facebook.com\/UltraTourMonteRosa\/","https:\/\/x.com\/UltraMonteRosa"]}]}},"jetpack_shortlink":"https:\/\/wp.me\/P4DSVg-4yO","jetpack_sharing_enabled":true,"_links":{"self":[{"href":"https:\/\/www.ultratourmonterosa.com\/fr\/wp-json\/wp\/v2\/pages\/17534","targetHints":{"allow":["GET"]}}],"collection":[{"href":"https:\/\/www.ultratourmonterosa.com\/fr\/wp-json\/wp\/v2\/pages"}],"about":[{"href":"https:\/\/www.ultratourmonterosa.com\/fr\/wp-json\/wp\/v2\/types\/page"}],"author":[{"embeddable":true,"href":"https:\/\/www.ultratourmonterosa.com\/fr\/wp-json\/wp\/v2\/users\/2"}],"replies":[{"embeddable":true,"href":"https:\/\/www.ultratourmonterosa.com\/fr\/wp-json\/wp\/v2\/comments?post=17534"}],"version-history":[{"count":5,"href":"https:\/\/www.ultratourmonterosa.com\/fr\/wp-json\/wp\/v2\/pages\/17534\/revisions"}],"predecessor-version":[{"id":51465,"href":"https:\/\/www.ultratourmonterosa.com\/fr\/wp-json\/wp\/v2\/pages\/17534\/revisions\/51465"}],"wp:featuredmedia":[{"embeddable":true,"href":"https:\/\/www.ultratourmonterosa.com\/fr\/wp-json\/wp\/v2\/media\/25584"}],"wp:attachment":[{"href":"https:\/\/www.ultratourmonterosa.com\/fr\/wp-json\/wp\/v2\/media?parent=17534"}],"curies":[{"name":"wp","href":"https:\/\/api.w.org\/{rel}","templated":true}]}}