{"id":34171,"date":"2017-02-23T15:04:10","date_gmt":"2017-02-23T09:19:10","guid":{"rendered":"https:\/\/utmr.run\/conditions-dannulation\/"},"modified":"2024-05-08T17:24:29","modified_gmt":"2024-05-08T11:39:29","slug":"annulation-politique","status":"publish","type":"page","link":"https:\/\/www.ultratourmonterosa.com\/fr\/useful-information\/annulation-politique\/","title":{"rendered":"Politique d\u2019annulation"},"content":{"rendered":"\n<h2 class=\"wp-block-heading\" id=\"-notification-\"><strong>Notification<\/strong><\/h2>\n\n<p>Si vous n\u2019\u00eates pas en mesure de participer et souhaitez annuler votre inscription, vous devez en informer l\u2019organisation de la course par e-mail \u00e0 <a href=\"mailto:contact@ultratourmonterosa.com\" target=\"_blank\" rel=\"noopener noreferrer\">contact@ultratourmonterosa.com<\/a>.<\/p>\n\n<div style=\"height:50px\" aria-hidden=\"true\" class=\"wp-block-spacer\"><\/div>\n\n<h2 class=\"wp-block-heading\" id=\"cancellation-\">Annulation <\/h2>\n\n<p><\/p>\n\n<ul class=\"wp-block-list\">\n<li>jusqu&rsquo;au 30 avril &#8211; <strong style=\"color: initial; font-family: -apple-system, BlinkMacSystemFont, \" segoe=\"\" ui=\"\" roboto=\"\" oxygen-sans=\"\" ubuntu=\"\" cantarell=\"\" neue=\"\" sans-serif=\"\">remboursement de 70 % <\/strong>. <\/li>\n\n\n\n<li>entre le 1er mai et le 30 juin &#8211; <strong style=\"color: initial; font-family: -apple-system, BlinkMacSystemFont, \" segoe=\"\" ui=\"\" roboto=\"\" oxygen-sans=\"\" ubuntu=\"\" cantarell=\"\" neue=\"\" sans-serif=\"\">remboursement de 60 % <\/strong>. <\/li>\n\n\n\n<li>entre le 1er juillet et le 31 juillet &#8211; <strong>40% de remboursement <\/strong> <\/li>\n\n\n\n<li>apr\u00e8s le 1er ao\u00fbt \u21d2 <strong>pas de remboursement<\/strong><\/li>\n<\/ul>\n\n<div style=\"height:50px\" aria-hidden=\"true\" class=\"wp-block-spacer\"><\/div>\n\n<p id=\"stage-race-accommodation\">H\u00e9bergement de la l&rsquo;UTMR Stage Race <\/p>\n\n<ul class=\"wp-block-list\">\n<li>jusqu&rsquo;au 21 juillet &#8211; <em>remboursement de 80 % de l&rsquo;h\u00e9bergement de l&rsquo;\u00e9preuve par \u00e9tapes<\/em><\/li>\n\n\n\n<li>\u00e0 partir du 22<span style=\"color: initial; font-family: -apple-system, BlinkMacSystemFont, \" segoe=\"\" ui=\"\" roboto=\"\" oxygen-sans=\"\" ubuntu=\"\" cantarell=\"\" neue=\"\" sans-serif=\"\"> juillet &#8211; pas de remboursement<\/span><\/li>\n<\/ul>\n\n<div style=\"height:50px\" aria-hidden=\"true\" class=\"wp-block-spacer\"><\/div>\n\n<p><strong>Veuillez noter :<\/strong><\/p>\n\n<ul class=\"wp-block-list\">\n<li>Aucun \u00e9change de num\u00e9ro de course n\u2019est possible.<\/li>\n\n\n\n<li>Le transfert entre les courses n&rsquo;est autoris\u00e9 que jusqu&rsquo;au 22 juillet, sous r\u00e9serve de conditions et apr\u00e8s discussion avec le directeur de course.<\/li>\n\n\n\n<li>Nous ne sommes pas en mesure d&rsquo;offrir l&rsquo;option de report \u00e0 2025.<\/li>\n<\/ul>\n\n<p><strong>Grossesse:<\/strong><\/p>\n\n<ul class=\"wp-block-list\">\n<li>Nous offrons un remboursement de 95% \u00e0 la future m\u00e8re et une entr\u00e9e prioritaire pour une future \u00e9dition de UTMR. Veuillez nous en informer d\u00e8s que possible. Bonne chance!<\/li>\n<\/ul>\n\n<p><strong>Circonstances exceptionnelles :<\/strong><\/p>\n\n<ul class=\"wp-block-list\">\n<li>Nous examinerons toujours les circonstances exceptionnelles sur une base individuelle. Veuillez noter que c\u2019est pour le d\u00e9c\u00e8s, les maladies familiales graves, les accidents, etc. (pas de covide-19, les changements d\u2019emploi, les blessures personnelles).<\/li>\n<\/ul>\n\n<p><strong>Restitutions<\/strong><\/p>\n\n<ul class=\"wp-block-list\">\n<li>Votre remboursement sera trait\u00e9 dans les 30 jours suivant votre demande. Vous recevrez un re\u00e7u de Kora Explore via stripe.com et le montant sera cr\u00e9dit\u00e9 sur votre carte de paiement \/compte d\u2019origine dans les 5-10 jours.<\/li>\n<\/ul>\n\n<div style=\"height:50px\" aria-hidden=\"true\" class=\"wp-block-spacer\"><\/div>\n\n<h2 class=\"wp-block-heading\" id=\"event-cancellation\">Annulation d\u2019\u00e9v\u00e9nement<\/h2>\n\n<p>En cas d&rsquo;annulation de l&rsquo;\u00e9v\u00e9nement, nous offrons un remboursement minimum de 60% de l&rsquo;inscription (80% de l&rsquo;h\u00e9bergement pour la course par \u00e9tapes) jusqu&rsquo;\u00e0 15 jours avant la course. Une option de remboursement ou de report plus importante peut \u00eatre offerte en fonction de la date et des circonstances de l\u2019annulation. Il n\u2019y aura aucun remboursement si l\u2019\u00e9v\u00e9nement est annul\u00e9 dans les 15 jours suivant l\u2019\u00e9v\u00e9nement.<\/p>\n\n<div style=\"height:50px\" aria-hidden=\"true\" class=\"wp-block-spacer\"><\/div>\n\n<p>Nb. Cette politique d&rsquo;annulation a \u00e9t\u00e9 modifi\u00e9e le 31.01.2022.<\/p>\n","protected":false},"excerpt":{"rendered":"<p>Notification Si vous n\u2019\u00eates pas en mesure de participer et souhaitez annuler votre inscription, vous devez en informer l\u2019organisation de la course par e-mail \u00e0 contact@ultratourmonterosa.com. Annulation H\u00e9bergement de la l&rsquo;UTMR Stage Race Veuillez noter : Grossesse: Circonstances exceptionnelles : Restitutions Annulation d\u2019\u00e9v\u00e9nement En cas d&rsquo;annulation de l&rsquo;\u00e9v\u00e9nement, nous offrons un remboursement minimum de 60% [&hellip;]<\/p>\n","protected":false},"author":2,"featured_media":0,"parent":17484,"menu_order":6,"comment_status":"closed","ping_status":"closed","template":"","meta":{"_acf_changed":false,"jetpack_post_was_ever_published":false,"footnotes":"","_wp_rev_ctl_limit":""},"class_list":["post-34171","page","type-page","status-publish","hentry"],"acf":[],"yoast_head":"<!-- This site is optimized with the Yoast SEO plugin v27.4 - https:\/\/yoast.com\/product\/yoast-seo-wordpress\/ -->\n<title>Politique d\u2019annulation - Ultra Tour Monte Rosa<\/title>\n<meta name=\"robots\" content=\"index, follow, max-snippet:-1, max-image-preview:large, max-video-preview:-1\" \/>\n<link rel=\"canonical\" href=\"https:\/\/www.ultratourmonterosa.com\/fr\/useful-information\/annulation-politique\/\" \/>\n<meta property=\"og:locale\" content=\"fr_FR\" \/>\n<meta property=\"og:type\" content=\"article\" \/>\n<meta property=\"og:title\" content=\"Politique d\u2019annulation - Ultra Tour Monte Rosa\" \/>\n<meta property=\"og:description\" content=\"Notification Si vous n\u2019\u00eates pas en mesure de participer et souhaitez annuler votre inscription, vous devez en informer l\u2019organisation de la course par e-mail \u00e0 contact@ultratourmonterosa.com. Annulation H\u00e9bergement de la l&rsquo;UTMR Stage Race Veuillez noter : Grossesse: Circonstances exceptionnelles : Restitutions Annulation d\u2019\u00e9v\u00e9nement En cas d&rsquo;annulation de l&rsquo;\u00e9v\u00e9nement, nous offrons un remboursement minimum de 60% [&hellip;]\" \/>\n<meta property=\"og:url\" content=\"https:\/\/www.ultratourmonterosa.com\/fr\/useful-information\/annulation-politique\/\" \/>\n<meta property=\"og:site_name\" content=\"Ultra Tour Monte Rosa\" \/>\n<meta property=\"article:publisher\" content=\"https:\/\/www.facebook.com\/UltraTourMonteRosa\/\" \/>\n<meta property=\"article:modified_time\" content=\"2024-05-08T11:39:29+00:00\" \/>\n<meta name=\"twitter:card\" content=\"summary_large_image\" \/>\n<meta name=\"twitter:site\" content=\"@UltraMonteRosa\" \/>\n<meta name=\"twitter:label1\" content=\"Dur\u00e9e de lecture estim\u00e9e\" \/>\n\t<meta name=\"twitter:data1\" content=\"2 minutes\" \/>\n<script type=\"application\/ld+json\" class=\"yoast-schema-graph\">{\"@context\":\"https:\\\/\\\/schema.org\",\"@graph\":[{\"@type\":\"WebPage\",\"@id\":\"https:\\\/\\\/www.ultratourmonterosa.com\\\/fr\\\/useful-information\\\/annulation-politique\\\/\",\"url\":\"https:\\\/\\\/www.ultratourmonterosa.com\\\/fr\\\/useful-information\\\/annulation-politique\\\/\",\"name\":\"Politique d\u2019annulation - Ultra Tour Monte Rosa\",\"isPartOf\":{\"@id\":\"https:\\\/\\\/www.ultratourmonterosa.com\\\/#website\"},\"datePublished\":\"2017-02-23T09:19:10+00:00\",\"dateModified\":\"2024-05-08T11:39:29+00:00\",\"breadcrumb\":{\"@id\":\"https:\\\/\\\/www.ultratourmonterosa.com\\\/fr\\\/useful-information\\\/annulation-politique\\\/#breadcrumb\"},\"inLanguage\":\"fr-FR\",\"potentialAction\":[{\"@type\":\"ReadAction\",\"target\":[\"https:\\\/\\\/www.ultratourmonterosa.com\\\/fr\\\/useful-information\\\/annulation-politique\\\/\"]}]},{\"@type\":\"BreadcrumbList\",\"@id\":\"https:\\\/\\\/www.ultratourmonterosa.com\\\/fr\\\/useful-information\\\/annulation-politique\\\/#breadcrumb\",\"itemListElement\":[{\"@type\":\"ListItem\",\"position\":1,\"name\":\"Home\",\"item\":\"https:\\\/\\\/www.ultratourmonterosa.com\\\/fr\\\/\"},{\"@type\":\"ListItem\",\"position\":2,\"name\":\"USEFUL INFORMATION\",\"item\":\"https:\\\/\\\/www.ultratourmonterosa.com\\\/fr\\\/useful-information\\\/\"},{\"@type\":\"ListItem\",\"position\":3,\"name\":\"Politique d\u2019annulation\"}]},{\"@type\":\"WebSite\",\"@id\":\"https:\\\/\\\/www.ultratourmonterosa.com\\\/#website\",\"url\":\"https:\\\/\\\/www.ultratourmonterosa.com\\\/\",\"name\":\"Ultra Tour Monte Rosa\",\"description\":\"4-7 september 2019\",\"publisher\":{\"@id\":\"https:\\\/\\\/www.ultratourmonterosa.com\\\/#organization\"},\"potentialAction\":[{\"@type\":\"SearchAction\",\"target\":{\"@type\":\"EntryPoint\",\"urlTemplate\":\"https:\\\/\\\/www.ultratourmonterosa.com\\\/?s={search_term_string}\"},\"query-input\":{\"@type\":\"PropertyValueSpecification\",\"valueRequired\":true,\"valueName\":\"search_term_string\"}}],\"inLanguage\":\"fr-FR\"},{\"@type\":\"Organization\",\"@id\":\"https:\\\/\\\/www.ultratourmonterosa.com\\\/#organization\",\"name\":\"Ultra Tour Monte Rosa\",\"url\":\"https:\\\/\\\/www.ultratourmonterosa.com\\\/\",\"logo\":{\"@type\":\"ImageObject\",\"inLanguage\":\"fr-FR\",\"@id\":\"https:\\\/\\\/www.ultratourmonterosa.com\\\/#\\\/schema\\\/logo\\\/image\\\/\",\"url\":\"https:\\\/\\\/www.ultratourmonterosa.com\\\/wp-content\\\/uploads\\\/2024\\\/09\\\/UTMR-logo-300px-1.png\",\"contentUrl\":\"https:\\\/\\\/www.ultratourmonterosa.com\\\/wp-content\\\/uploads\\\/2024\\\/09\\\/UTMR-logo-300px-1.png\",\"width\":300,\"height\":300,\"caption\":\"Ultra Tour Monte Rosa\"},\"image\":{\"@id\":\"https:\\\/\\\/www.ultratourmonterosa.com\\\/#\\\/schema\\\/logo\\\/image\\\/\"},\"sameAs\":[\"https:\\\/\\\/www.facebook.com\\\/UltraTourMonteRosa\\\/\",\"https:\\\/\\\/x.com\\\/UltraMonteRosa\"]}]}<\/script>\n<!-- \/ Yoast SEO plugin. -->","yoast_head_json":{"title":"Politique d\u2019annulation - Ultra Tour Monte Rosa","robots":{"index":"index","follow":"follow","max-snippet":"max-snippet:-1","max-image-preview":"max-image-preview:large","max-video-preview":"max-video-preview:-1"},"canonical":"https:\/\/www.ultratourmonterosa.com\/fr\/useful-information\/annulation-politique\/","og_locale":"fr_FR","og_type":"article","og_title":"Politique d\u2019annulation - Ultra Tour Monte Rosa","og_description":"Notification Si vous n\u2019\u00eates pas en mesure de participer et souhaitez annuler votre inscription, vous devez en informer l\u2019organisation de la course par e-mail \u00e0 contact@ultratourmonterosa.com. Annulation H\u00e9bergement de la l&rsquo;UTMR Stage Race Veuillez noter : Grossesse: Circonstances exceptionnelles : Restitutions Annulation d\u2019\u00e9v\u00e9nement En cas d&rsquo;annulation de l&rsquo;\u00e9v\u00e9nement, nous offrons un remboursement minimum de 60% [&hellip;]","og_url":"https:\/\/www.ultratourmonterosa.com\/fr\/useful-information\/annulation-politique\/","og_site_name":"Ultra Tour Monte Rosa","article_publisher":"https:\/\/www.facebook.com\/UltraTourMonteRosa\/","article_modified_time":"2024-05-08T11:39:29+00:00","twitter_card":"summary_large_image","twitter_site":"@UltraMonteRosa","twitter_misc":{"Dur\u00e9e de lecture estim\u00e9e":"2 minutes"},"schema":{"@context":"https:\/\/schema.org","@graph":[{"@type":"WebPage","@id":"https:\/\/www.ultratourmonterosa.com\/fr\/useful-information\/annulation-politique\/","url":"https:\/\/www.ultratourmonterosa.com\/fr\/useful-information\/annulation-politique\/","name":"Politique d\u2019annulation - Ultra Tour Monte Rosa","isPartOf":{"@id":"https:\/\/www.ultratourmonterosa.com\/#website"},"datePublished":"2017-02-23T09:19:10+00:00","dateModified":"2024-05-08T11:39:29+00:00","breadcrumb":{"@id":"https:\/\/www.ultratourmonterosa.com\/fr\/useful-information\/annulation-politique\/#breadcrumb"},"inLanguage":"fr-FR","potentialAction":[{"@type":"ReadAction","target":["https:\/\/www.ultratourmonterosa.com\/fr\/useful-information\/annulation-politique\/"]}]},{"@type":"BreadcrumbList","@id":"https:\/\/www.ultratourmonterosa.com\/fr\/useful-information\/annulation-politique\/#breadcrumb","itemListElement":[{"@type":"ListItem","position":1,"name":"Home","item":"https:\/\/www.ultratourmonterosa.com\/fr\/"},{"@type":"ListItem","position":2,"name":"USEFUL INFORMATION","item":"https:\/\/www.ultratourmonterosa.com\/fr\/useful-information\/"},{"@type":"ListItem","position":3,"name":"Politique d\u2019annulation"}]},{"@type":"WebSite","@id":"https:\/\/www.ultratourmonterosa.com\/#website","url":"https:\/\/www.ultratourmonterosa.com\/","name":"Ultra Tour Monte Rosa","description":"4-7 september 2019","publisher":{"@id":"https:\/\/www.ultratourmonterosa.com\/#organization"},"potentialAction":[{"@type":"SearchAction","target":{"@type":"EntryPoint","urlTemplate":"https:\/\/www.ultratourmonterosa.com\/?s={search_term_string}"},"query-input":{"@type":"PropertyValueSpecification","valueRequired":true,"valueName":"search_term_string"}}],"inLanguage":"fr-FR"},{"@type":"Organization","@id":"https:\/\/www.ultratourmonterosa.com\/#organization","name":"Ultra Tour Monte Rosa","url":"https:\/\/www.ultratourmonterosa.com\/","logo":{"@type":"ImageObject","inLanguage":"fr-FR","@id":"https:\/\/www.ultratourmonterosa.com\/#\/schema\/logo\/image\/","url":"https:\/\/www.ultratourmonterosa.com\/wp-content\/uploads\/2024\/09\/UTMR-logo-300px-1.png","contentUrl":"https:\/\/www.ultratourmonterosa.com\/wp-content\/uploads\/2024\/09\/UTMR-logo-300px-1.png","width":300,"height":300,"caption":"Ultra Tour Monte Rosa"},"image":{"@id":"https:\/\/www.ultratourmonterosa.com\/#\/schema\/logo\/image\/"},"sameAs":["https:\/\/www.facebook.com\/UltraTourMonteRosa\/","https:\/\/x.com\/UltraMonteRosa"]}]}},"jetpack_shortlink":"https:\/\/wp.me\/P4DSVg-8T9","jetpack_sharing_enabled":true,"_links":{"self":[{"href":"https:\/\/www.ultratourmonterosa.com\/fr\/wp-json\/wp\/v2\/pages\/34171","targetHints":{"allow":["GET"]}}],"collection":[{"href":"https:\/\/www.ultratourmonterosa.com\/fr\/wp-json\/wp\/v2\/pages"}],"about":[{"href":"https:\/\/www.ultratourmonterosa.com\/fr\/wp-json\/wp\/v2\/types\/page"}],"author":[{"embeddable":true,"href":"https:\/\/www.ultratourmonterosa.com\/fr\/wp-json\/wp\/v2\/users\/2"}],"replies":[{"embeddable":true,"href":"https:\/\/www.ultratourmonterosa.com\/fr\/wp-json\/wp\/v2\/comments?post=34171"}],"version-history":[{"count":5,"href":"https:\/\/www.ultratourmonterosa.com\/fr\/wp-json\/wp\/v2\/pages\/34171\/revisions"}],"predecessor-version":[{"id":50561,"href":"https:\/\/www.ultratourmonterosa.com\/fr\/wp-json\/wp\/v2\/pages\/34171\/revisions\/50561"}],"up":[{"embeddable":true,"href":"https:\/\/www.ultratourmonterosa.com\/fr\/wp-json\/wp\/v2\/pages\/17484"}],"wp:attachment":[{"href":"https:\/\/www.ultratourmonterosa.com\/fr\/wp-json\/wp\/v2\/media?parent=34171"}],"curies":[{"name":"wp","href":"https:\/\/api.w.org\/{rel}","templated":true}]}}