{"id":41206,"date":"2020-10-29T14:44:22","date_gmt":"2020-10-29T08:59:22","guid":{"rendered":"https:\/\/www.ultratourmonterosa.com\/useful-information\/voyage-2\/navettes-de-bus\/"},"modified":"2024-05-08T17:08:38","modified_gmt":"2024-05-08T11:23:38","slug":"navettes-de-bus","status":"publish","type":"page","link":"https:\/\/www.ultratourmonterosa.com\/fr\/useful-information\/navettes-de-bus\/","title":{"rendered":"Navettes de bus"},"content":{"rendered":"\n<div style=\"height:50px\" aria-hidden=\"true\" class=\"wp-block-spacer\"><\/div>\n\n<h4 class=\"wp-block-heading\">Les <strong>billets de bus doivent \u00eatre r\u00e9serv\u00e9s avant le lundi 19 ao\u00fbt 2024<\/strong>. Nous vous remercions de votre attention.<\/h4>\n\n<div style=\"height:50px\" aria-hidden=\"true\" class=\"wp-block-spacer\"><\/div>\n\n<h3 class=\"wp-block-heading\">\u00c0 Gr\u00e4chen<\/h3>\n\n<div style=\"height:10px\" aria-hidden=\"true\" class=\"wp-block-spacer\"><\/div>\n\n<p><em>Bien entendu, les d\u00e9placements entre l&rsquo;a\u00e9roport de Gen\u00e8ve et Gr\u00e4chen sont \u00e9galement tr\u00e8s faciles en train et en bus (consultez le <a href=\"http:\/\/www.sbb.ch\/en\" target=\"_blank\" rel=\"noreferrer noopener\">site sbb.ch\/en<\/a> pour conna\u00eetre les liaisons avec Gr\u00e4chen Zentrum).<\/em><\/p>\n\n<div style=\"height:10px\" aria-hidden=\"true\" class=\"wp-block-spacer\"><\/div>\n\n<ul class=\"wp-block-list\">\n<li>Chamonix \u00e0 Gr\u00e4chen &#8211; Mardi 3 septembre 09:00 (~2.5 heures de trajet)<\/li>\n\n\n\n<li>Gr\u00e4chen \u00e0 l&rsquo;a\u00e9roport de Gen\u00e8ve &#8211; Dimanche 8 septembre 08:30 (~3 heures de trajet)<\/li>\n<\/ul>\n\n<div style=\"height:50px\" aria-hidden=\"true\" class=\"wp-block-spacer\"><\/div>\n\n<div class=\"wp-block-simple-alerts-for-gutenberg-alert-boxes sab-alert sab-alert-warning\" role=\"alert\"><strong>Navettes DISCONTINUES  <\/strong><br><br>Nous avons d\u00e9j\u00e0 organis\u00e9 des navettes entre l&rsquo;a\u00e9roport de Gen\u00e8ve et Gr\u00e4chen avant la course, et entre Milan et Gr\u00e4chen avant et apr\u00e8s la course. Nous avons interrompu ces navettes en raison du manque d&rsquo;int\u00e9r\u00eat et du nombre trop faible de r\u00e9servations pour couvrir les co\u00fbts.  <br><br>En particulier, les d\u00e9placements entre l&rsquo;a\u00e9roport de Gen\u00e8ve et Gr\u00e4chen sont tr\u00e8s faciles. Il suffit de rechercher l&rsquo;horaire sur <a href=\"http:\/\/sbb.ch\/en\" target=\"_blank\" rel=\"noreferrer noopener\">sbb.ch\/fr<\/a> avec le point de d\u00e9part \u00ab\u00a0A\u00e9roport de Gen\u00e8ve\u00a0\u00bb et le point de destination \u00ab\u00a0Gr\u00e4chen Zentrum\u00a0\u00bb. La dur\u00e9e du trajet est tr\u00e8s similaire depuis l&rsquo;a\u00e9roport de Zurich. Les trains partent directement des a\u00e9roports de Gen\u00e8ve et de Zurich (magique) ! R\u00e9servez votre billet \u00e0 l&rsquo;avance pour b\u00e9n\u00e9ficier d&rsquo;une meilleure offre !  <br><br>Il est \u00e9galement possible de se rendre \u00e0 Milan et d&rsquo;en revenir, mais c&rsquo;est un peu plus compliqu\u00e9 :  <br>1. Des navettes fr\u00e9quentes relient Milan Malpensa et Milan Linate \u00e0 Milano Centrale (la gare centrale). De l\u00e0, consultez <a href=\"https:\/\/www.trenitalia.com\/en.html\" target=\"_blank\" rel=\"noreferrer noopener\">https:\/\/www.trenitalia.com\/en.html<\/a> pour une connexion \u00e0 Brigue (de l&rsquo;autre c\u00f4t\u00e9 de la fronti\u00e8re suisse), puis <a href=\"http:\/\/sbb.ch\/en\" target=\"_blank\" rel=\"noreferrer noopener\">sbb.ch\/en<\/a> pour la connexion de Brigue au \u00ab\u00a0Gr\u00e4chen Zentrum\u00a0\u00bb.  <br>2. Essayez la navette de Milan Malpensa \u00e0 Domodossola<a href=\"https:\/\/www.comazzialibus.com\/ComazziAlibus\/\" target=\"_blank\" rel=\"noreferrer noopener\">(https:\/\/www.comazzialibus.com\/ComazziAlibus\/)<\/a>. Consultez ensuite le site <a href=\"http:\/\/sbb.ch\/en\" target=\"_blank\" rel=\"noreferrer noopener\">sbb.ch\/en<\/a> pour conna\u00eetre les correspondances vers le \u00ab\u00a0Gr\u00e4chen Zentrum\u00a0\u00bb.  <br><br>Demandez-nous si vous avez des questions. Bon voyage !<\/div>\n\n<p>\u00a0<\/p>\n","protected":false},"excerpt":{"rendered":"<p>Les billets de bus doivent \u00eatre r\u00e9serv\u00e9s avant le lundi 19 ao\u00fbt 2024. Nous vous remercions de votre attention. \u00c0 Gr\u00e4chen Bien entendu, les d\u00e9placements entre l&rsquo;a\u00e9roport de Gen\u00e8ve et Gr\u00e4chen sont \u00e9galement tr\u00e8s faciles en train et en bus (consultez le site sbb.ch\/en pour conna\u00eetre les liaisons avec Gr\u00e4chen Zentrum). \u00a0<\/p>\n","protected":false},"author":2,"featured_media":0,"parent":17484,"menu_order":0,"comment_status":"closed","ping_status":"closed","template":"","meta":{"_acf_changed":false,"jetpack_post_was_ever_published":false,"footnotes":"","_wp_rev_ctl_limit":""},"class_list":["post-41206","page","type-page","status-publish","hentry"],"acf":[],"yoast_head":"<!-- This site is optimized with the Yoast SEO plugin v27.3 - https:\/\/yoast.com\/product\/yoast-seo-wordpress\/ -->\n<title>Navettes de bus - Ultra Tour Monte Rosa<\/title>\n<meta name=\"robots\" content=\"index, follow, max-snippet:-1, max-image-preview:large, max-video-preview:-1\" \/>\n<link rel=\"canonical\" href=\"https:\/\/www.ultratourmonterosa.com\/fr\/useful-information\/navettes-de-bus\/\" \/>\n<meta property=\"og:locale\" content=\"fr_FR\" \/>\n<meta property=\"og:type\" content=\"article\" \/>\n<meta property=\"og:title\" content=\"Navettes de bus - Ultra Tour Monte Rosa\" \/>\n<meta property=\"og:description\" content=\"Les billets de bus doivent \u00eatre r\u00e9serv\u00e9s avant le lundi 19 ao\u00fbt 2024. Nous vous remercions de votre attention. \u00c0 Gr\u00e4chen Bien entendu, les d\u00e9placements entre l&rsquo;a\u00e9roport de Gen\u00e8ve et Gr\u00e4chen sont \u00e9galement tr\u00e8s faciles en train et en bus (consultez le site sbb.ch\/en pour conna\u00eetre les liaisons avec Gr\u00e4chen Zentrum). \u00a0\" \/>\n<meta property=\"og:url\" content=\"https:\/\/www.ultratourmonterosa.com\/fr\/useful-information\/navettes-de-bus\/\" \/>\n<meta property=\"og:site_name\" content=\"Ultra Tour Monte Rosa\" \/>\n<meta property=\"article:publisher\" content=\"https:\/\/www.facebook.com\/UltraTourMonteRosa\/\" \/>\n<meta property=\"article:modified_time\" content=\"2024-05-08T11:23:38+00:00\" \/>\n<meta name=\"twitter:card\" content=\"summary_large_image\" \/>\n<meta name=\"twitter:site\" content=\"@UltraMonteRosa\" \/>\n<meta name=\"twitter:label1\" content=\"Dur\u00e9e de lecture estim\u00e9e\" \/>\n\t<meta name=\"twitter:data1\" content=\"1 minute\" \/>\n<script type=\"application\/ld+json\" class=\"yoast-schema-graph\">{\"@context\":\"https:\\\/\\\/schema.org\",\"@graph\":[{\"@type\":\"WebPage\",\"@id\":\"https:\\\/\\\/www.ultratourmonterosa.com\\\/fr\\\/useful-information\\\/navettes-de-bus\\\/\",\"url\":\"https:\\\/\\\/www.ultratourmonterosa.com\\\/fr\\\/useful-information\\\/navettes-de-bus\\\/\",\"name\":\"Navettes de bus - Ultra Tour Monte Rosa\",\"isPartOf\":{\"@id\":\"https:\\\/\\\/www.ultratourmonterosa.com\\\/#website\"},\"datePublished\":\"2020-10-29T08:59:22+00:00\",\"dateModified\":\"2024-05-08T11:23:38+00:00\",\"breadcrumb\":{\"@id\":\"https:\\\/\\\/www.ultratourmonterosa.com\\\/fr\\\/useful-information\\\/navettes-de-bus\\\/#breadcrumb\"},\"inLanguage\":\"fr-FR\",\"potentialAction\":[{\"@type\":\"ReadAction\",\"target\":[\"https:\\\/\\\/www.ultratourmonterosa.com\\\/fr\\\/useful-information\\\/navettes-de-bus\\\/\"]}]},{\"@type\":\"BreadcrumbList\",\"@id\":\"https:\\\/\\\/www.ultratourmonterosa.com\\\/fr\\\/useful-information\\\/navettes-de-bus\\\/#breadcrumb\",\"itemListElement\":[{\"@type\":\"ListItem\",\"position\":1,\"name\":\"Home\",\"item\":\"https:\\\/\\\/www.ultratourmonterosa.com\\\/fr\\\/\"},{\"@type\":\"ListItem\",\"position\":2,\"name\":\"USEFUL INFORMATION\",\"item\":\"https:\\\/\\\/www.ultratourmonterosa.com\\\/fr\\\/useful-information\\\/\"},{\"@type\":\"ListItem\",\"position\":3,\"name\":\"Navettes de bus\"}]},{\"@type\":\"WebSite\",\"@id\":\"https:\\\/\\\/www.ultratourmonterosa.com\\\/#website\",\"url\":\"https:\\\/\\\/www.ultratourmonterosa.com\\\/\",\"name\":\"Ultra Tour Monte Rosa\",\"description\":\"4-7 september 2019\",\"publisher\":{\"@id\":\"https:\\\/\\\/www.ultratourmonterosa.com\\\/#organization\"},\"potentialAction\":[{\"@type\":\"SearchAction\",\"target\":{\"@type\":\"EntryPoint\",\"urlTemplate\":\"https:\\\/\\\/www.ultratourmonterosa.com\\\/?s={search_term_string}\"},\"query-input\":{\"@type\":\"PropertyValueSpecification\",\"valueRequired\":true,\"valueName\":\"search_term_string\"}}],\"inLanguage\":\"fr-FR\"},{\"@type\":\"Organization\",\"@id\":\"https:\\\/\\\/www.ultratourmonterosa.com\\\/#organization\",\"name\":\"Ultra Tour Monte Rosa\",\"url\":\"https:\\\/\\\/www.ultratourmonterosa.com\\\/\",\"logo\":{\"@type\":\"ImageObject\",\"inLanguage\":\"fr-FR\",\"@id\":\"https:\\\/\\\/www.ultratourmonterosa.com\\\/#\\\/schema\\\/logo\\\/image\\\/\",\"url\":\"https:\\\/\\\/www.ultratourmonterosa.com\\\/wp-content\\\/uploads\\\/2024\\\/09\\\/UTMR-logo-300px-1.png\",\"contentUrl\":\"https:\\\/\\\/www.ultratourmonterosa.com\\\/wp-content\\\/uploads\\\/2024\\\/09\\\/UTMR-logo-300px-1.png\",\"width\":300,\"height\":300,\"caption\":\"Ultra Tour Monte Rosa\"},\"image\":{\"@id\":\"https:\\\/\\\/www.ultratourmonterosa.com\\\/#\\\/schema\\\/logo\\\/image\\\/\"},\"sameAs\":[\"https:\\\/\\\/www.facebook.com\\\/UltraTourMonteRosa\\\/\",\"https:\\\/\\\/x.com\\\/UltraMonteRosa\"]}]}<\/script>\n<!-- \/ Yoast SEO plugin. -->","yoast_head_json":{"title":"Navettes de bus - Ultra Tour Monte Rosa","robots":{"index":"index","follow":"follow","max-snippet":"max-snippet:-1","max-image-preview":"max-image-preview:large","max-video-preview":"max-video-preview:-1"},"canonical":"https:\/\/www.ultratourmonterosa.com\/fr\/useful-information\/navettes-de-bus\/","og_locale":"fr_FR","og_type":"article","og_title":"Navettes de bus - Ultra Tour Monte Rosa","og_description":"Les billets de bus doivent \u00eatre r\u00e9serv\u00e9s avant le lundi 19 ao\u00fbt 2024. Nous vous remercions de votre attention. \u00c0 Gr\u00e4chen Bien entendu, les d\u00e9placements entre l&rsquo;a\u00e9roport de Gen\u00e8ve et Gr\u00e4chen sont \u00e9galement tr\u00e8s faciles en train et en bus (consultez le site sbb.ch\/en pour conna\u00eetre les liaisons avec Gr\u00e4chen Zentrum). \u00a0","og_url":"https:\/\/www.ultratourmonterosa.com\/fr\/useful-information\/navettes-de-bus\/","og_site_name":"Ultra Tour Monte Rosa","article_publisher":"https:\/\/www.facebook.com\/UltraTourMonteRosa\/","article_modified_time":"2024-05-08T11:23:38+00:00","twitter_card":"summary_large_image","twitter_site":"@UltraMonteRosa","twitter_misc":{"Dur\u00e9e de lecture estim\u00e9e":"1 minute"},"schema":{"@context":"https:\/\/schema.org","@graph":[{"@type":"WebPage","@id":"https:\/\/www.ultratourmonterosa.com\/fr\/useful-information\/navettes-de-bus\/","url":"https:\/\/www.ultratourmonterosa.com\/fr\/useful-information\/navettes-de-bus\/","name":"Navettes de bus - Ultra Tour Monte Rosa","isPartOf":{"@id":"https:\/\/www.ultratourmonterosa.com\/#website"},"datePublished":"2020-10-29T08:59:22+00:00","dateModified":"2024-05-08T11:23:38+00:00","breadcrumb":{"@id":"https:\/\/www.ultratourmonterosa.com\/fr\/useful-information\/navettes-de-bus\/#breadcrumb"},"inLanguage":"fr-FR","potentialAction":[{"@type":"ReadAction","target":["https:\/\/www.ultratourmonterosa.com\/fr\/useful-information\/navettes-de-bus\/"]}]},{"@type":"BreadcrumbList","@id":"https:\/\/www.ultratourmonterosa.com\/fr\/useful-information\/navettes-de-bus\/#breadcrumb","itemListElement":[{"@type":"ListItem","position":1,"name":"Home","item":"https:\/\/www.ultratourmonterosa.com\/fr\/"},{"@type":"ListItem","position":2,"name":"USEFUL INFORMATION","item":"https:\/\/www.ultratourmonterosa.com\/fr\/useful-information\/"},{"@type":"ListItem","position":3,"name":"Navettes de bus"}]},{"@type":"WebSite","@id":"https:\/\/www.ultratourmonterosa.com\/#website","url":"https:\/\/www.ultratourmonterosa.com\/","name":"Ultra Tour Monte Rosa","description":"4-7 september 2019","publisher":{"@id":"https:\/\/www.ultratourmonterosa.com\/#organization"},"potentialAction":[{"@type":"SearchAction","target":{"@type":"EntryPoint","urlTemplate":"https:\/\/www.ultratourmonterosa.com\/?s={search_term_string}"},"query-input":{"@type":"PropertyValueSpecification","valueRequired":true,"valueName":"search_term_string"}}],"inLanguage":"fr-FR"},{"@type":"Organization","@id":"https:\/\/www.ultratourmonterosa.com\/#organization","name":"Ultra Tour Monte Rosa","url":"https:\/\/www.ultratourmonterosa.com\/","logo":{"@type":"ImageObject","inLanguage":"fr-FR","@id":"https:\/\/www.ultratourmonterosa.com\/#\/schema\/logo\/image\/","url":"https:\/\/www.ultratourmonterosa.com\/wp-content\/uploads\/2024\/09\/UTMR-logo-300px-1.png","contentUrl":"https:\/\/www.ultratourmonterosa.com\/wp-content\/uploads\/2024\/09\/UTMR-logo-300px-1.png","width":300,"height":300,"caption":"Ultra Tour Monte Rosa"},"image":{"@id":"https:\/\/www.ultratourmonterosa.com\/#\/schema\/logo\/image\/"},"sameAs":["https:\/\/www.facebook.com\/UltraTourMonteRosa\/","https:\/\/x.com\/UltraMonteRosa"]}]}},"jetpack_shortlink":"https:\/\/wp.me\/P4DSVg-aIC","jetpack_sharing_enabled":true,"_links":{"self":[{"href":"https:\/\/www.ultratourmonterosa.com\/fr\/wp-json\/wp\/v2\/pages\/41206","targetHints":{"allow":["GET"]}}],"collection":[{"href":"https:\/\/www.ultratourmonterosa.com\/fr\/wp-json\/wp\/v2\/pages"}],"about":[{"href":"https:\/\/www.ultratourmonterosa.com\/fr\/wp-json\/wp\/v2\/types\/page"}],"author":[{"embeddable":true,"href":"https:\/\/www.ultratourmonterosa.com\/fr\/wp-json\/wp\/v2\/users\/2"}],"replies":[{"embeddable":true,"href":"https:\/\/www.ultratourmonterosa.com\/fr\/wp-json\/wp\/v2\/comments?post=41206"}],"version-history":[{"count":5,"href":"https:\/\/www.ultratourmonterosa.com\/fr\/wp-json\/wp\/v2\/pages\/41206\/revisions"}],"predecessor-version":[{"id":50543,"href":"https:\/\/www.ultratourmonterosa.com\/fr\/wp-json\/wp\/v2\/pages\/41206\/revisions\/50543"}],"up":[{"embeddable":true,"href":"https:\/\/www.ultratourmonterosa.com\/fr\/wp-json\/wp\/v2\/pages\/17484"}],"wp:attachment":[{"href":"https:\/\/www.ultratourmonterosa.com\/fr\/wp-json\/wp\/v2\/media?parent=41206"}],"curies":[{"name":"wp","href":"https:\/\/api.w.org\/{rel}","templated":true}]}}