{"id":45630,"date":"2017-03-30T19:01:53","date_gmt":"2017-03-30T13:16:53","guid":{"rendered":"https:\/\/www.ultratourmonterosa.com\/useful-information\/programme-athlete-delite-influenceur\/"},"modified":"2024-05-08T17:19:38","modified_gmt":"2024-05-08T11:34:38","slug":"programme-athlete-delite-influenceur","status":"publish","type":"page","link":"https:\/\/www.ultratourmonterosa.com\/fr\/useful-information\/programme-athlete-delite-influenceur\/","title":{"rendered":"Programme pour les athl\u00e8tes d&rsquo;\u00e9lite"},"content":{"rendered":"<div id=\"testimonial-block_1558add2943d2e100b174b6c98062332\" class=\"testimonial-blockquote-container testimonial\">\n    <blockquote class=\"testimonial-blockquote\">\n        <div class=\"testimonial-text\">C&rsquo;est la course que je voulais faire. La race n&rsquo;existait pas, alors nous (Lizzy et ses amis) l&rsquo;avons cr\u00e9\u00e9e. Je pense que c&rsquo;est au moins 20 \u00e0 30 % plus dur que l&rsquo;UTMB &#8211; un parcours audacieux, brutal et magnifique\u00a0\u00bb.<\/div>\n        <span class=\"testimonial-author\">Lizzy Hawker<\/span>\n        <span class=\"testimonial-role\">Directeur de course, UTMR<\/span>\n    <\/blockquote>\n    <div class=\"testimonial-image\">\n        \n        <a data-fancybox='gallery' href='https:\/\/www.ultratourmonterosa.com\/wp-content\/uploads\/2019\/01\/AJT1931.jpg'  data-lbwps-width=\"1500\" data-lbwps-height=\"1001\" data-lbwps-srcsmall=\"https:\/\/www.ultratourmonterosa.com\/wp-content\/uploads\/2019\/01\/AJT1931.jpg\"><img loading=\"lazy\" decoding=\"async\" width=\"300\" height=\"300\" src=\"https:\/\/www.ultratourmonterosa.com\/wp-content\/uploads\/2020\/12\/lizzy-hawker-300-px-square.jpg\" class=\"attachment-medium size-medium\" alt=\"colporteur lizzy\" srcset=\"https:\/\/www.ultratourmonterosa.com\/wp-content\/uploads\/2020\/12\/lizzy-hawker-300-px-square.jpg 301w, https:\/\/www.ultratourmonterosa.com\/wp-content\/uploads\/2020\/12\/lizzy-hawker-300-px-square-150x150.jpg 150w, https:\/\/www.ultratourmonterosa.com\/wp-content\/uploads\/2020\/12\/lizzy-hawker-300-px-square-250x250.jpg 250w, https:\/\/www.ultratourmonterosa.com\/wp-content\/uploads\/2020\/12\/lizzy-hawker-300-px-square-100x100.jpg 100w, https:\/\/www.ultratourmonterosa.com\/wp-content\/uploads\/2020\/12\/lizzy-hawker-300-px-square-70x70.jpg 70w, https:\/\/www.ultratourmonterosa.com\/wp-content\/uploads\/2020\/12\/lizzy-hawker-300-px-square-50x50.jpg 50w, https:\/\/www.ultratourmonterosa.com\/wp-content\/uploads\/2020\/12\/lizzy-hawker-300-px-square-200x200.jpg 200w\" sizes=\"auto, (max-width: 300px) 100vw, 300px\" \/><\/a>    <\/div>\n    <style type=\"text\/css\">\n        #testimonial-block_1558add2943d2e100b174b6c98062332 {\n            background: #efefef;\n            color: #092a6c;\n        }\n    <\/style>\n<\/div>\n<blockquote class=\"wp-block-quote is-layout-flow wp-block-quote-is-layout-flow\">\n<p><strong>\u00ab\u00a0<em>Une grande exp\u00e9rience de la course avec une atmosph\u00e8re intime et accueillante&#8230;<\/em>\u00ab\u00a0<\/strong> <\/p>\n<\/blockquote>\n\n<div style=\"height:50px\" aria-hidden=\"true\" class=\"wp-block-spacer\"><\/div>\n\n<p>Cela semble \u00eatre une opinion commune des participants \u00e0 l&rsquo;Ultra Tour du Mont Rose. Dans une partie un peu plus \u00e9loign\u00e9e des Alpes, nous avons des pistes de montagne sauvages et moins de participants que les autres \u00ab\u00a0grands\u00a0\u00bb ultras de montagne. <\/p>\n\n<p>Venez voir de quoi il s&rsquo;agit ! Nous d\u00e9veloppons un programme de soutien aux athl\u00e8tes d&rsquo;\u00e9lite et aux ambassadeurs. Nous vous proposerons un certain nombre de places dans les m\u00e9dias d&rsquo;\u00e9lite, en fonction de votre potentiel de course ou de votre port\u00e9e m\u00e9diatique. Si vous souhaitez faire partie de l&rsquo;exp\u00e9rience de l&rsquo;UTMR, veuillez faire part de votre int\u00e9r\u00eat en remplissant le formulaire ci-dessous. Nous \u00e9valuerons toutes les candidatures et proposerons des places avant le 15 mai.<\/p>\n\n<ul class=\"wp-block-list\">\n<li>Nous aimons soutenir le talent. Si vous pensez avoir ce qu&rsquo;il faut pour \u00eatre au sommet du peloton (et du podium) lors d&rsquo;un des \u00e9v\u00e9nements de l&rsquo;UTMR, nous aimerions avoir de vos nouvelles. Nous sugg\u00e9rons un indice de performance ITRA sup\u00e9rieur \u00e0 750 pour les hommes, et \u00e0 650 pour les femmes. <\/li>\n\n\n\n<li>Si vous \u00eates un membre enthousiaste et influent de la communaut\u00e9 des trail running et que vous pouvez aider \u00e0 faire conna\u00eetre l&rsquo;exp\u00e9rience de l&rsquo;UTMR, n&rsquo;h\u00e9sitez pas \u00e0 nous contacter et \u00e0 nous parler de vous.<\/li>\n<\/ul>\n\n<div style=\"height:50px\" aria-hidden=\"true\" class=\"wp-block-spacer\"><\/div>\n<a href='https:\/\/registration.utmr.ch\/elite-athlete-influencer-programme\/' \n\t\t\ttarget='_blank' \n\t\t\tid='utmr-yellow-button-block_5dd74834387457e7368a476506a2d1e0' \n\t\t\tclass='utmr-button  ur-btn-yellow has-utmr-yellow-background-color text-black block-utmr-yellow-button' >\n\t\t\t\t Formulaire d&rsquo;inscription&#8230; &nbsp;&nbsp;<i class='fas fa-external-link-alt'><\/i>\n\t\t\t<\/a>\n<div style=\"height:50px\" aria-hidden=\"true\" class=\"wp-block-spacer\"><\/div>\n\n<h4 class=\"wp-block-heading\">En savoir plus sur l&rsquo;UTMR gr\u00e2ce \u00e0 d&rsquo;autres coureurs de trail d&rsquo;\u00e9lite<\/h4>\n<div id=\"testimonial-block_981ad10587a66b7c87c7dcaad97e0396\" class=\"testimonial-blockquote-container testimonial\">\n    <blockquote class=\"testimonial-blockquote\">\n        <div class=\"testimonial-text\">L&rsquo;UTMR a plus d&rsquo;ascension, plus de terrain technique, plus d&rsquo;altitude, plus de travers\u00e9es de glaciers et plus de beaut\u00e9 que l&rsquo;UTMB. Je reviendrai, c&rsquo;est s\u00fbr\u00a0\u00bb.<\/div>\n        <span class=\"testimonial-author\">Damian Hall, GB<\/span>\n        <span class=\"testimonial-role\">L&rsquo;\u00e9quipe INOV-8<\/span>\n    <\/blockquote>\n    <div class=\"testimonial-image\">\n        \n        <a data-fancybox='gallery' href='https:\/\/www.ultratourmonterosa.com\/wp-content\/uploads\/2020\/10\/damian-hall.jpg'  data-lbwps-width=\"1080\" data-lbwps-height=\"1080\" data-lbwps-srcsmall=\"https:\/\/www.ultratourmonterosa.com\/wp-content\/uploads\/2020\/10\/damian-hall.jpg\"><img loading=\"lazy\" decoding=\"async\" width=\"300\" height=\"300\" src=\"https:\/\/www.ultratourmonterosa.com\/wp-content\/uploads\/2020\/10\/damian-hall.jpg\" class=\"attachment-medium size-medium\" alt=\"ultra runner Damian Hall\" \/><\/a>    <\/div>\n    <style type=\"text\/css\">\n        #testimonial-block_981ad10587a66b7c87c7dcaad97e0396 {\n            background: #e6a922;\n            color: #092a6c;\n        }\n    <\/style>\n<\/div>\n<div style=\"height:50px\" aria-hidden=\"true\" class=\"wp-block-spacer\"><\/div>\n\n<p>S\u00e9bastien Chaigneau, Ruth Croft, Stone Tsang, Nicky Spinks, Kenichi Yamamoto et d&rsquo;autres ont dirig\u00e9 les cours de l&rsquo;UTMR (certains d&rsquo;entre eux deux fois) et ont ador\u00e9 ( !).<\/p>\n<div class=\"wp-block-image is-style-default\">\n<figure class=\"aligncenter size-large\"><img loading=\"lazy\" decoding=\"async\" width=\"1024\" height=\"517\" src=\"https:\/\/mk0ultratourmonro66b.kinstacdn.com\/wp-content\/uploads\/2020\/12\/Screenshot-2020-12-29-at-22.20.07-1024x517.jpg\" alt=\"\" class=\"wp-image-44706\" srcset=\"https:\/\/www.ultratourmonterosa.com\/wp-content\/uploads\/2020\/12\/Screenshot-2020-12-29-at-22.20.07-1024x517.jpg 1024w, https:\/\/www.ultratourmonterosa.com\/wp-content\/uploads\/2020\/12\/Screenshot-2020-12-29-at-22.20.07-300x152.jpg 300w, https:\/\/www.ultratourmonterosa.com\/wp-content\/uploads\/2020\/12\/Screenshot-2020-12-29-at-22.20.07-768x388.jpg 768w, https:\/\/www.ultratourmonterosa.com\/wp-content\/uploads\/2020\/12\/Screenshot-2020-12-29-at-22.20.07-100x51.jpg 100w, https:\/\/www.ultratourmonterosa.com\/wp-content\/uploads\/2020\/12\/Screenshot-2020-12-29-at-22.20.07-70x35.jpg 70w, https:\/\/www.ultratourmonterosa.com\/wp-content\/uploads\/2020\/12\/Screenshot-2020-12-29-at-22.20.07-139x70.jpg 139w, https:\/\/www.ultratourmonterosa.com\/wp-content\/uploads\/2020\/12\/Screenshot-2020-12-29-at-22.20.07-50x25.jpg 50w, https:\/\/www.ultratourmonterosa.com\/wp-content\/uploads\/2020\/12\/Screenshot-2020-12-29-at-22.20.07-99x50.jpg 99w, https:\/\/www.ultratourmonterosa.com\/wp-content\/uploads\/2020\/12\/Screenshot-2020-12-29-at-22.20.07-200x101.jpg 200w, https:\/\/www.ultratourmonterosa.com\/wp-content\/uploads\/2020\/12\/Screenshot-2020-12-29-at-22.20.07.jpg 1399w\" sizes=\"auto, (max-width: 1024px) 100vw, 1024px\" \/><\/figure>\n<\/div>\n<div style=\"height:50px\" aria-hidden=\"true\" class=\"wp-block-spacer\"><\/div>\n\n<p>Lisez ce que les autres UTMR Arriv\u00e9eers pensent du parcours <a href=\"https:\/\/www.ultratourmonterosa.com\/fr\/alternative-utmb-europe-100-mile-race\/\" target=\"_blank\" rel=\"noreferrer noopener\">100 miles \/ 170 km trail<\/a>. Cliquez ci-dessous !<\/p>\n\n<figure class=\"wp-block-embed is-type-wp-embed is-provider-ultra-tour-monte-rosa wp-block-embed-ultra-tour-monte-rosa\"><div class=\"wp-block-embed__wrapper\">\n<blockquote class=\"wp-embedded-content\" data-secret=\"bAC92plXIF\"><a href=\"https:\/\/www.ultratourmonterosa.com\/alternative-utmb-europe-100-mile-race\/\">Alternative to UTMB &#8211; a comparable European 100 mile race<\/a><\/blockquote><iframe loading=\"lazy\" class=\"wp-embedded-content\" sandbox=\"allow-scripts\" security=\"restricted\" style=\"position: absolute; clip: rect(1px, 1px, 1px, 1px);\" title=\"\u00ab\u00a0Alternative to UTMB &#8211; a comparable European 100 mile race\u00a0\u00bb &#8212; Ultra Tour Monte Rosa\" src=\"https:\/\/www.ultratourmonterosa.com\/alternative-utmb-europe-100-mile-race\/embed\/#?secret=uiQU1SwGIv#?secret=bAC92plXIF\" data-secret=\"bAC92plXIF\" width=\"500\" height=\"282\" frameborder=\"0\" marginwidth=\"0\" marginheight=\"0\" scrolling=\"no\"><\/iframe>\n<\/div><\/figure>\n","protected":false},"excerpt":{"rendered":"<p>\u00ab\u00a0Une grande exp\u00e9rience de la course avec une atmosph\u00e8re intime et accueillante&#8230;\u00ab\u00a0 Cela semble \u00eatre une opinion commune des participants \u00e0 l&rsquo;Ultra Tour du Mont Rose. Dans une partie un peu plus \u00e9loign\u00e9e des Alpes, nous avons des pistes de montagne sauvages et moins de participants que les autres \u00ab\u00a0grands\u00a0\u00bb ultras de montagne. Venez voir [&hellip;]<\/p>\n","protected":false},"author":2,"featured_media":44472,"parent":17484,"menu_order":5,"comment_status":"closed","ping_status":"closed","template":"","meta":{"_acf_changed":false,"jetpack_post_was_ever_published":false,"footnotes":"","_wp_rev_ctl_limit":""},"class_list":["post-45630","page","type-page","status-publish","has-post-thumbnail","hentry"],"acf":[],"yoast_head":"<!-- This site is optimized with the Yoast SEO plugin v27.3 - https:\/\/yoast.com\/product\/yoast-seo-wordpress\/ -->\n<title>Programme pour les athl\u00e8tes d&#039;\u00e9lite - Ultra Tour Monte Rosa<\/title>\n<meta name=\"robots\" content=\"index, follow, max-snippet:-1, max-image-preview:large, max-video-preview:-1\" \/>\n<link rel=\"canonical\" href=\"https:\/\/www.ultratourmonterosa.com\/fr\/useful-information\/programme-athlete-delite-influenceur\/\" \/>\n<meta property=\"og:locale\" content=\"fr_FR\" \/>\n<meta property=\"og:type\" content=\"article\" \/>\n<meta property=\"og:title\" content=\"Programme pour les athl\u00e8tes d&#039;\u00e9lite - Ultra Tour Monte Rosa\" \/>\n<meta property=\"og:description\" content=\"\u00ab\u00a0Une grande exp\u00e9rience de la course avec une atmosph\u00e8re intime et accueillante&#8230;\u00ab\u00a0 Cela semble \u00eatre une opinion commune des participants \u00e0 l&rsquo;Ultra Tour du Mont Rose. Dans une partie un peu plus \u00e9loign\u00e9e des Alpes, nous avons des pistes de montagne sauvages et moins de participants que les autres \u00ab\u00a0grands\u00a0\u00bb ultras de montagne. Venez voir [&hellip;]\" \/>\n<meta property=\"og:url\" content=\"https:\/\/www.ultratourmonterosa.com\/fr\/useful-information\/programme-athlete-delite-influenceur\/\" \/>\n<meta property=\"og:site_name\" content=\"Ultra Tour Monte Rosa\" \/>\n<meta property=\"article:publisher\" content=\"https:\/\/www.facebook.com\/UltraTourMonteRosa\/\" \/>\n<meta property=\"article:modified_time\" content=\"2024-05-08T11:34:38+00:00\" \/>\n<meta property=\"og:image\" content=\"https:\/\/www.ultratourmonterosa.com\/wp-content\/uploads\/2020\/12\/DSC_5156_FB_\u00a9Jan-Nyka-1920_header.jpg\" \/>\n\t<meta property=\"og:image:width\" content=\"1920\" \/>\n\t<meta property=\"og:image:height\" content=\"671\" \/>\n\t<meta property=\"og:image:type\" content=\"image\/jpeg\" \/>\n<meta name=\"twitter:card\" content=\"summary_large_image\" \/>\n<meta name=\"twitter:site\" content=\"@UltraMonteRosa\" \/>\n<meta name=\"twitter:label1\" content=\"Dur\u00e9e de lecture estim\u00e9e\" \/>\n\t<meta name=\"twitter:data1\" content=\"1 minute\" \/>\n<script type=\"application\/ld+json\" class=\"yoast-schema-graph\">{\"@context\":\"https:\\\/\\\/schema.org\",\"@graph\":[{\"@type\":\"WebPage\",\"@id\":\"https:\\\/\\\/www.ultratourmonterosa.com\\\/fr\\\/useful-information\\\/programme-athlete-delite-influenceur\\\/\",\"url\":\"https:\\\/\\\/www.ultratourmonterosa.com\\\/fr\\\/useful-information\\\/programme-athlete-delite-influenceur\\\/\",\"name\":\"Programme pour les athl\u00e8tes d'\u00e9lite - Ultra Tour Monte Rosa\",\"isPartOf\":{\"@id\":\"https:\\\/\\\/www.ultratourmonterosa.com\\\/#website\"},\"primaryImageOfPage\":{\"@id\":\"https:\\\/\\\/www.ultratourmonterosa.com\\\/fr\\\/useful-information\\\/programme-athlete-delite-influenceur\\\/#primaryimage\"},\"image\":{\"@id\":\"https:\\\/\\\/www.ultratourmonterosa.com\\\/fr\\\/useful-information\\\/programme-athlete-delite-influenceur\\\/#primaryimage\"},\"thumbnailUrl\":\"https:\\\/\\\/www.ultratourmonterosa.com\\\/wp-content\\\/uploads\\\/2020\\\/12\\\/DSC_5156_FB_\u00a9Jan-Nyka-1920_header.jpg\",\"datePublished\":\"2017-03-30T13:16:53+00:00\",\"dateModified\":\"2024-05-08T11:34:38+00:00\",\"breadcrumb\":{\"@id\":\"https:\\\/\\\/www.ultratourmonterosa.com\\\/fr\\\/useful-information\\\/programme-athlete-delite-influenceur\\\/#breadcrumb\"},\"inLanguage\":\"fr-FR\",\"potentialAction\":[{\"@type\":\"ReadAction\",\"target\":[\"https:\\\/\\\/www.ultratourmonterosa.com\\\/fr\\\/useful-information\\\/programme-athlete-delite-influenceur\\\/\"]}]},{\"@type\":\"ImageObject\",\"inLanguage\":\"fr-FR\",\"@id\":\"https:\\\/\\\/www.ultratourmonterosa.com\\\/fr\\\/useful-information\\\/programme-athlete-delite-influenceur\\\/#primaryimage\",\"url\":\"https:\\\/\\\/www.ultratourmonterosa.com\\\/wp-content\\\/uploads\\\/2020\\\/12\\\/DSC_5156_FB_\u00a9Jan-Nyka-1920_header.jpg\",\"contentUrl\":\"https:\\\/\\\/www.ultratourmonterosa.com\\\/wp-content\\\/uploads\\\/2020\\\/12\\\/DSC_5156_FB_\u00a9Jan-Nyka-1920_header.jpg\",\"width\":1920,\"height\":671},{\"@type\":\"BreadcrumbList\",\"@id\":\"https:\\\/\\\/www.ultratourmonterosa.com\\\/fr\\\/useful-information\\\/programme-athlete-delite-influenceur\\\/#breadcrumb\",\"itemListElement\":[{\"@type\":\"ListItem\",\"position\":1,\"name\":\"Home\",\"item\":\"https:\\\/\\\/www.ultratourmonterosa.com\\\/fr\\\/\"},{\"@type\":\"ListItem\",\"position\":2,\"name\":\"USEFUL INFORMATION\",\"item\":\"https:\\\/\\\/www.ultratourmonterosa.com\\\/fr\\\/useful-information\\\/\"},{\"@type\":\"ListItem\",\"position\":3,\"name\":\"Programme pour les athl\u00e8tes d&rsquo;\u00e9lite\"}]},{\"@type\":\"WebSite\",\"@id\":\"https:\\\/\\\/www.ultratourmonterosa.com\\\/#website\",\"url\":\"https:\\\/\\\/www.ultratourmonterosa.com\\\/\",\"name\":\"Ultra Tour Monte Rosa\",\"description\":\"4-7 september 2019\",\"publisher\":{\"@id\":\"https:\\\/\\\/www.ultratourmonterosa.com\\\/#organization\"},\"potentialAction\":[{\"@type\":\"SearchAction\",\"target\":{\"@type\":\"EntryPoint\",\"urlTemplate\":\"https:\\\/\\\/www.ultratourmonterosa.com\\\/?s={search_term_string}\"},\"query-input\":{\"@type\":\"PropertyValueSpecification\",\"valueRequired\":true,\"valueName\":\"search_term_string\"}}],\"inLanguage\":\"fr-FR\"},{\"@type\":\"Organization\",\"@id\":\"https:\\\/\\\/www.ultratourmonterosa.com\\\/#organization\",\"name\":\"Ultra Tour Monte Rosa\",\"url\":\"https:\\\/\\\/www.ultratourmonterosa.com\\\/\",\"logo\":{\"@type\":\"ImageObject\",\"inLanguage\":\"fr-FR\",\"@id\":\"https:\\\/\\\/www.ultratourmonterosa.com\\\/#\\\/schema\\\/logo\\\/image\\\/\",\"url\":\"https:\\\/\\\/www.ultratourmonterosa.com\\\/wp-content\\\/uploads\\\/2024\\\/09\\\/UTMR-logo-300px-1.png\",\"contentUrl\":\"https:\\\/\\\/www.ultratourmonterosa.com\\\/wp-content\\\/uploads\\\/2024\\\/09\\\/UTMR-logo-300px-1.png\",\"width\":300,\"height\":300,\"caption\":\"Ultra Tour Monte Rosa\"},\"image\":{\"@id\":\"https:\\\/\\\/www.ultratourmonterosa.com\\\/#\\\/schema\\\/logo\\\/image\\\/\"},\"sameAs\":[\"https:\\\/\\\/www.facebook.com\\\/UltraTourMonteRosa\\\/\",\"https:\\\/\\\/x.com\\\/UltraMonteRosa\"]}]}<\/script>\n<!-- \/ Yoast SEO plugin. -->","yoast_head_json":{"title":"Programme pour les athl\u00e8tes d'\u00e9lite - Ultra Tour Monte Rosa","robots":{"index":"index","follow":"follow","max-snippet":"max-snippet:-1","max-image-preview":"max-image-preview:large","max-video-preview":"max-video-preview:-1"},"canonical":"https:\/\/www.ultratourmonterosa.com\/fr\/useful-information\/programme-athlete-delite-influenceur\/","og_locale":"fr_FR","og_type":"article","og_title":"Programme pour les athl\u00e8tes d'\u00e9lite - Ultra Tour Monte Rosa","og_description":"\u00ab\u00a0Une grande exp\u00e9rience de la course avec une atmosph\u00e8re intime et accueillante&#8230;\u00ab\u00a0 Cela semble \u00eatre une opinion commune des participants \u00e0 l&rsquo;Ultra Tour du Mont Rose. Dans une partie un peu plus \u00e9loign\u00e9e des Alpes, nous avons des pistes de montagne sauvages et moins de participants que les autres \u00ab\u00a0grands\u00a0\u00bb ultras de montagne. Venez voir [&hellip;]","og_url":"https:\/\/www.ultratourmonterosa.com\/fr\/useful-information\/programme-athlete-delite-influenceur\/","og_site_name":"Ultra Tour Monte Rosa","article_publisher":"https:\/\/www.facebook.com\/UltraTourMonteRosa\/","article_modified_time":"2024-05-08T11:34:38+00:00","og_image":[{"width":1920,"height":671,"url":"https:\/\/www.ultratourmonterosa.com\/wp-content\/uploads\/2020\/12\/DSC_5156_FB_\u00a9Jan-Nyka-1920_header.jpg","type":"image\/jpeg"}],"twitter_card":"summary_large_image","twitter_site":"@UltraMonteRosa","twitter_misc":{"Dur\u00e9e de lecture estim\u00e9e":"1 minute"},"schema":{"@context":"https:\/\/schema.org","@graph":[{"@type":"WebPage","@id":"https:\/\/www.ultratourmonterosa.com\/fr\/useful-information\/programme-athlete-delite-influenceur\/","url":"https:\/\/www.ultratourmonterosa.com\/fr\/useful-information\/programme-athlete-delite-influenceur\/","name":"Programme pour les athl\u00e8tes d'\u00e9lite - Ultra Tour Monte Rosa","isPartOf":{"@id":"https:\/\/www.ultratourmonterosa.com\/#website"},"primaryImageOfPage":{"@id":"https:\/\/www.ultratourmonterosa.com\/fr\/useful-information\/programme-athlete-delite-influenceur\/#primaryimage"},"image":{"@id":"https:\/\/www.ultratourmonterosa.com\/fr\/useful-information\/programme-athlete-delite-influenceur\/#primaryimage"},"thumbnailUrl":"https:\/\/www.ultratourmonterosa.com\/wp-content\/uploads\/2020\/12\/DSC_5156_FB_\u00a9Jan-Nyka-1920_header.jpg","datePublished":"2017-03-30T13:16:53+00:00","dateModified":"2024-05-08T11:34:38+00:00","breadcrumb":{"@id":"https:\/\/www.ultratourmonterosa.com\/fr\/useful-information\/programme-athlete-delite-influenceur\/#breadcrumb"},"inLanguage":"fr-FR","potentialAction":[{"@type":"ReadAction","target":["https:\/\/www.ultratourmonterosa.com\/fr\/useful-information\/programme-athlete-delite-influenceur\/"]}]},{"@type":"ImageObject","inLanguage":"fr-FR","@id":"https:\/\/www.ultratourmonterosa.com\/fr\/useful-information\/programme-athlete-delite-influenceur\/#primaryimage","url":"https:\/\/www.ultratourmonterosa.com\/wp-content\/uploads\/2020\/12\/DSC_5156_FB_\u00a9Jan-Nyka-1920_header.jpg","contentUrl":"https:\/\/www.ultratourmonterosa.com\/wp-content\/uploads\/2020\/12\/DSC_5156_FB_\u00a9Jan-Nyka-1920_header.jpg","width":1920,"height":671},{"@type":"BreadcrumbList","@id":"https:\/\/www.ultratourmonterosa.com\/fr\/useful-information\/programme-athlete-delite-influenceur\/#breadcrumb","itemListElement":[{"@type":"ListItem","position":1,"name":"Home","item":"https:\/\/www.ultratourmonterosa.com\/fr\/"},{"@type":"ListItem","position":2,"name":"USEFUL INFORMATION","item":"https:\/\/www.ultratourmonterosa.com\/fr\/useful-information\/"},{"@type":"ListItem","position":3,"name":"Programme pour les athl\u00e8tes d&rsquo;\u00e9lite"}]},{"@type":"WebSite","@id":"https:\/\/www.ultratourmonterosa.com\/#website","url":"https:\/\/www.ultratourmonterosa.com\/","name":"Ultra Tour Monte Rosa","description":"4-7 september 2019","publisher":{"@id":"https:\/\/www.ultratourmonterosa.com\/#organization"},"potentialAction":[{"@type":"SearchAction","target":{"@type":"EntryPoint","urlTemplate":"https:\/\/www.ultratourmonterosa.com\/?s={search_term_string}"},"query-input":{"@type":"PropertyValueSpecification","valueRequired":true,"valueName":"search_term_string"}}],"inLanguage":"fr-FR"},{"@type":"Organization","@id":"https:\/\/www.ultratourmonterosa.com\/#organization","name":"Ultra Tour Monte Rosa","url":"https:\/\/www.ultratourmonterosa.com\/","logo":{"@type":"ImageObject","inLanguage":"fr-FR","@id":"https:\/\/www.ultratourmonterosa.com\/#\/schema\/logo\/image\/","url":"https:\/\/www.ultratourmonterosa.com\/wp-content\/uploads\/2024\/09\/UTMR-logo-300px-1.png","contentUrl":"https:\/\/www.ultratourmonterosa.com\/wp-content\/uploads\/2024\/09\/UTMR-logo-300px-1.png","width":300,"height":300,"caption":"Ultra Tour Monte Rosa"},"image":{"@id":"https:\/\/www.ultratourmonterosa.com\/#\/schema\/logo\/image\/"},"sameAs":["https:\/\/www.facebook.com\/UltraTourMonteRosa\/","https:\/\/x.com\/UltraMonteRosa"]}]}},"jetpack_shortlink":"https:\/\/wp.me\/P4DSVg-bRY","jetpack_sharing_enabled":true,"_links":{"self":[{"href":"https:\/\/www.ultratourmonterosa.com\/fr\/wp-json\/wp\/v2\/pages\/45630","targetHints":{"allow":["GET"]}}],"collection":[{"href":"https:\/\/www.ultratourmonterosa.com\/fr\/wp-json\/wp\/v2\/pages"}],"about":[{"href":"https:\/\/www.ultratourmonterosa.com\/fr\/wp-json\/wp\/v2\/types\/page"}],"author":[{"embeddable":true,"href":"https:\/\/www.ultratourmonterosa.com\/fr\/wp-json\/wp\/v2\/users\/2"}],"replies":[{"embeddable":true,"href":"https:\/\/www.ultratourmonterosa.com\/fr\/wp-json\/wp\/v2\/comments?post=45630"}],"version-history":[{"count":3,"href":"https:\/\/www.ultratourmonterosa.com\/fr\/wp-json\/wp\/v2\/pages\/45630\/revisions"}],"predecessor-version":[{"id":50556,"href":"https:\/\/www.ultratourmonterosa.com\/fr\/wp-json\/wp\/v2\/pages\/45630\/revisions\/50556"}],"up":[{"embeddable":true,"href":"https:\/\/www.ultratourmonterosa.com\/fr\/wp-json\/wp\/v2\/pages\/17484"}],"wp:featuredmedia":[{"embeddable":true,"href":"https:\/\/www.ultratourmonterosa.com\/fr\/wp-json\/wp\/v2\/media\/44472"}],"wp:attachment":[{"href":"https:\/\/www.ultratourmonterosa.com\/fr\/wp-json\/wp\/v2\/media?parent=45630"}],"curies":[{"name":"wp","href":"https:\/\/api.w.org\/{rel}","templated":true}]}}