{"id":50494,"date":"2024-05-08T09:37:45","date_gmt":"2024-05-08T03:52:45","guid":{"rendered":"https:\/\/www.ultratourmonterosa.com\/race-info__trashed\/pre-inscription-a-lutmr-mischabel-60\/"},"modified":"2025-09-30T18:06:00","modified_gmt":"2025-09-30T12:21:00","slug":"pre-inscription-a-lutmr-mischabel-60","status":"publish","type":"page","link":"https:\/\/www.ultratourmonterosa.com\/fr\/pre-inscription-a-lutmr-mischabel-60\/","title":{"rendered":"Pr\u00e9-inscription \u00e0 l&rsquo;UTMR Mischabel 60"},"content":{"rendered":"\n<div style=\"height:50px\" aria-hidden=\"true\" class=\"wp-block-spacer\"><\/div>\n\n\n\n<h2 class=\"wp-block-heading\" id=\"registration-information\">Informations d\u2019inscription<\/h2>\n\n\n\n<div style=\"height:20px\" aria-hidden=\"true\" class=\"wp-block-spacer\"><\/div>\n\n\n\n<p>Vous trouverez ici les informations n\u00e9cessaires pour compl\u00e9ter votre pr\u00e9-inscription au Mischabel 60.<\/p>\n\n\n\n<p>Veuillez lire attentivement, puis remplir le formulaire de pr\u00e9inscription li\u00e9 au bas de cette page.<\/p>\n\n\n\n<p>Il s\u2019agit d\u2019une course de longue distance difficile et difficile sur les sentiers alpins. Nous voulons que vous vous amusiez et profitiez de votre voyage, donc nous devons v\u00e9rifier que vous avez suffisamment d\u2019exp\u00e9rience pour faire face aux exigences du terrain et prendre soin de vous dans toutes les conditions possibles.<\/p>\n\n\n\n<p>La s\u00e9lection se fera selon le premier arriv\u00e9, premier servi, sous r\u00e9serve d\u2019avoir l\u2019exp\u00e9rience n\u00e9cessaire (voir ci-dessous). L\u2019organisation r\u00e9servera quelques places de wild card \u00e0 attribuer \u00e0 sa discr\u00e9tion.<\/p>\n\n\n\n<div style=\"height:50px\" aria-hidden=\"true\" class=\"wp-block-spacer\"><\/div>\n\n\n\n<h2 class=\"wp-block-heading\" id=\"required-experience\">Exp\u00e9rience requise<\/h2>\n\n\n\n<ul class=\"wp-block-list\">\n<li>vous devez avoir effectu\u00e9 une course d&rsquo;au moins 30 km sur un terrain vallonn\u00e9 ou montagneux au cours des deux derni\u00e8res ann\u00e9es<\/li>\n\n\n\n<li>OU l&rsquo;accomplissement d&rsquo;une course en plusieurs \u00e9tapes sur un terrain montagneux<\/li>\n\n\n\n<li>ET l\u2019exp\u00e9rience de montagne telle que vous pouvez nous convaincre que vous pouvez faire face aux exigences du terrain et prendre soin de vous dans toutes les conditions possibles et encore avoir du plaisir<\/li>\n<\/ul>\n\n\n\n<div style=\"height:50px\" aria-hidden=\"true\" class=\"wp-block-spacer\"><\/div>\n\n\n\n<h2 class=\"wp-block-heading\" id=\"registration-cost\">Frais d\u2019inscription<\/h2>\n\n\n\n<p><strong>Frais : 150 CHF  <\/strong><\/p>\n\n\n\n<p>Les frais d\u2019inscription comprennent :<\/p>\n\n\n\n<ul class=\"wp-block-list\">\n<li>Num\u00e9ro de d\u00e9part et puce de course (chronom\u00e9trage officiel)<\/li>\n\n\n\n<li>Suivi GPS pour la s\u00e9curit\u00e9<\/li>\n\n\n\n<li>T-shirt de course impressionnant<\/li>\n\n\n\n<li>Points de contr\u00f4le offrant des rafra\u00eechissements (nourriture et boissons)<\/li>\n\n\n\n<li>Cadeau de l&rsquo;Arriv\u00e9e (pour les arrivants officiels du Mischabel 60)<\/li>\n<\/ul>\n\n\n\n<div style=\"height:50px\" aria-hidden=\"true\" class=\"wp-block-spacer\"><\/div>\n\n\n\n<h2 class=\"wp-block-heading\" id=\"race-registration-and-equipment-check\">Enregistrement de course et contr\u00f4le de l\u2019\u00e9quipement<\/h2>\n\n\n\n<p>L&rsquo;inscription \u00e0 la course aura lieu \u00e0 Gr\u00e4chen le <strong>vendredi 4 septembre entre 16h00 et 19h00.<\/strong> C\u2019est obligatoire.<\/p>\n\n\n\n<p>Votre num\u00e9ro de course et votre puce de chronom\u00e9trage vous seront donn\u00e9s sur :<\/p>\n\n\n\n<ul class=\"wp-block-list\">\n<li>pr\u00e9sentation d\u2019une pi\u00e8ce d\u2019identit\u00e9 photographique (passeport, carte d\u2019identit\u00e9)<\/li>\n\n\n\n<li>contr\u00f4le de l\u2019\u00e9quipement obligatoire<\/li>\n<\/ul>\n\n\n\n<div style=\"height:50px\" aria-hidden=\"true\" class=\"wp-block-spacer\"><\/div>\n\n\n\n<h2 class=\"wp-block-heading\" id=\"finalised-race-information-and-schedule\">Informations et calendrier de la course finalis\u00e9s<\/h2>\n\n\n\n<p>Le road book contenant les informations d\u00e9taill\u00e9es et finalis\u00e9es sur la course vous sera envoy\u00e9 par e-mail d&rsquo;ici le 1er juillet.\nNous vous informerons par e-mail de toute mise \u00e0 jour apr\u00e8s cette date. <\/p>\n\n\n\n<ul class=\"wp-block-list\">\n<li>Informations sur l\u2019itin\u00e9raire final, GPS et profil<\/li>\n\n\n\n<li>Points de contr\u00f4le, barri\u00e8res horaires et services (nourriture, boissons, premiers soins)<\/li>\n\n\n\n<li>Horaire des courses au jour le jour<\/li>\n<\/ul>\n\n\n\n<div style=\"height:50px\" aria-hidden=\"true\" class=\"wp-block-spacer\"><\/div>\n\n\n\n<h2 class=\"wp-block-heading\" id=\"insurance\">Assurance<\/h2>\n\n\n\n<p>Chaque participant \u00e0 la course doit disposer d&rsquo;une assurance accident personnelle suffisante pour couvrir les frais d&rsquo;\u00e9vacuation en Suisse. La police d\u2019assurance doit \u00eatre valide au moins pour la dur\u00e9e de la course.<\/p>\n\n\n\n<p>N.B. Les \u00e9vacuations par h\u00e9licopt\u00e8re en Suisse sont payantes. Le choix de l\u2019\u00e9vacuation d\u00e9pendra exclusivement de l\u2019organisation qui accordera la priorit\u00e9 \u00e0 la s\u00e9curit\u00e9 du participant.<\/p>\n\n\n\n<div style=\"height:20px\" aria-hidden=\"true\" class=\"wp-block-spacer\"><\/div>\n\n\n\n<div class=\"wp-block-simple-alerts-for-gutenberg-alert-boxes sab-alert sab-alert-primary\" role=\"alert\">Si vous avez des difficult\u00e9s \u00e0 trouver une assurance appropri\u00e9e, nous vous recommandons l&rsquo;assurance Runner fournie par l&rsquo;ITRA (International Trail Running Association).\nPour plus d&rsquo;informations <a href=\"\" target=\"\" rel=\"noopener\">, cliquez ici<\/a>.   <\/div>\n\n\n\n<div style=\"height:20px\" aria-hidden=\"true\" class=\"wp-block-spacer\"><\/div>\n\n\n\n<div class=\"wp-block-simple-alerts-for-gutenberg-alert-boxes sab-alert sab-alert-danger\" role=\"alert\">Il est conseill\u00e9 de souscrire une assurance voyage normale pour couvrir l&rsquo;annulation de l&rsquo;h\u00e9bergement, des navettes, etc. et de l&rsquo;inscription \u00e0 la course, au-del\u00e0 de la <a href=\"https:\/\/www.ultratourmonterosa.com\/fr\/useful-information\/annulation-politique\/\">politique d&rsquo;annulation de l&rsquo;UTMR.<\/a><\/div>\n\n\n\n<div style=\"height:50px\" aria-hidden=\"true\" class=\"wp-block-spacer\"><\/div>\n\n\n\n<h2 class=\"wp-block-heading\" id=\"cancellation\">Annulation<\/h2>\n\n\n\n<p>Veuillez lire attentivement notre politique d\u2019annulation avant de vous inscrire. Nous vous recommandons fortement d\u2019acheter une police d\u2019assurance voyage pour vous couvrir si vous devez vous retirer de la course. Merci.<\/p>\n\n\n<a href='https:\/\/www.ultratourmonterosa.com\/legal\/cancellation-policy\/' \n\t\t\ttarget='_blank' \n\t\t\tid='utmr-yellow-button-block_2e4b43925a43596213a611b3eb6cc852' \n\t\t\tclass='utmr-button  ur-btn-yellow has-utmr-yellow-background-color text-black block-utmr-yellow-button' >\n\t\t\t\t Politique d\u2019annulation\n\t\t\t<\/a>\n\n\n<div style=\"height:50px\" aria-hidden=\"true\" class=\"wp-block-spacer\"><\/div>\n\n\n\n<h2 class=\"wp-block-heading\" id=\"travel-and-accommodation\">Voyage et h\u00e9bergement<\/h2>\n\n\n\n<p>Le d\u00e9part et l&rsquo;arriv\u00e9e du Mischabel 60 ont lieu \u00e0 Gr\u00e4chen, un magnifique petit village situ\u00e9 \u00e0 1600 m d&rsquo;altitude dans le Mattertal. Consultez nos pages d\u2019information pour obtenir de l\u2019aide pour l\u2019h\u00e9bergement et les voyages.<\/p>\n\n\n<a href='https:\/\/www.ultratourmonterosa.com\/useful-information\/travel-2\/' \n\t\t\ttarget='_blank' \n\t\t\tid='utmr-yellow-button-block_41d4ce94fbd20b158bfb3b09a7e3011a' \n\t\t\tclass='utmr-button  ur-btn-yellow has-utmr-yellow-background-color text-black block-utmr-yellow-button' >\n\t\t\t\t Informations sur les navettes de voyage et de bus\n\t\t\t<\/a>\n\n<a href='https:\/\/www.ultratourmonterosa.com\/fr\/useful-information\/hebergement\/' \n\t\t\ttarget='' \n\t\t\tid='utmr-yellow-button-block_74f6d536a69f0ad1cfb09bd07462302c' \n\t\t\tclass='utmr-button  ur-btn-yellow has-utmr-yellow-background-color text-black block-utmr-yellow-button' >\n\t\t\t\t Informations sur l\u2019h\u00e9bergement \u00e0 Gr\u00e4chen\n\t\t\t<\/a>\n\n\n<div style=\"height:50px\" aria-hidden=\"true\" class=\"wp-block-spacer\"><\/div>\n\n\n\n<h2 class=\"wp-block-heading\" id=\"rules-and-terms\">R\u00e8gles et modalit\u00e9s<\/h2>\n\n\n\n<p>Veuillez lire les r\u00e8glements et les modalit\u00e9s. Sur pr\u00e9sentation de votre formulaire d\u2019inscription, vous confirmez que vous avez lu, compris et accept\u00e9.<\/p>\n\n\n<a href='https:\/\/www.ultratourmonterosa.com\/legal\/regulations\/' \n\t\t\ttarget='' \n\t\t\tid='utmr-yellow-button-block_e432a79b9e5248685450624bbbaa730f' \n\t\t\tclass='utmr-button  ur-btn-yellow has-utmr-yellow-background-color text-black block-utmr-yellow-button' >\n\t\t\t\t R\u00e8glements\n\t\t\t<\/a>\n\n<a href='https:\/\/www.ultratourmonterosa.com\/legal\/terms-and-conditions\/' \n\t\t\ttarget='' \n\t\t\tid='utmr-yellow-button-block_b34770cdb533efd2c561fef17472d2af' \n\t\t\tclass='utmr-button  ur-btn-yellow has-utmr-yellow-background-color text-black block-utmr-yellow-button' >\n\t\t\t\t Conditions g\u00e9n\u00e9rales\n\t\t\t<\/a>\n\n\n<p><\/p>\n","protected":false},"excerpt":{"rendered":"<p>Informations d\u2019inscription Vous trouverez ici les informations n\u00e9cessaires pour compl\u00e9ter votre pr\u00e9-inscription au Mischabel 60. Veuillez lire attentivement, puis remplir le formulaire de pr\u00e9inscription li\u00e9 au bas de cette page. Il s\u2019agit d\u2019une course de longue distance difficile et difficile sur les sentiers alpins. Nous voulons que vous vous amusiez et profitiez de votre voyage, [&hellip;]<\/p>\n","protected":false},"author":2,"featured_media":25584,"parent":0,"menu_order":3,"comment_status":"closed","ping_status":"closed","template":"","meta":{"_acf_changed":false,"footnotes":"","_wp_rev_ctl_limit":""},"class_list":["post-50494","page","type-page","status-publish","has-post-thumbnail","hentry"],"acf":[],"yoast_head":"<!-- This site is optimized with the Yoast SEO plugin v27.5 - https:\/\/yoast.com\/product\/yoast-seo-wordpress\/ -->\n<title>Pr\u00e9-inscription \u00e0 l&#039;UTMR Mischabel 60 - Ultra Tour Monte Rosa<\/title>\n<meta name=\"robots\" content=\"index, follow, max-snippet:-1, max-image-preview:large, max-video-preview:-1\" \/>\n<link rel=\"canonical\" href=\"https:\/\/www.ultratourmonterosa.com\/fr\/pre-inscription-a-lutmr-mischabel-60\/\" \/>\n<meta property=\"og:locale\" content=\"fr_FR\" \/>\n<meta property=\"og:type\" content=\"article\" \/>\n<meta property=\"og:title\" content=\"Pr\u00e9-inscription \u00e0 l&#039;UTMR Mischabel 60 - Ultra Tour Monte Rosa\" \/>\n<meta property=\"og:description\" content=\"Informations d\u2019inscription Vous trouverez ici les informations n\u00e9cessaires pour compl\u00e9ter votre pr\u00e9-inscription au Mischabel 60. Veuillez lire attentivement, puis remplir le formulaire de pr\u00e9inscription li\u00e9 au bas de cette page. Il s\u2019agit d\u2019une course de longue distance difficile et difficile sur les sentiers alpins. Nous voulons que vous vous amusiez et profitiez de votre voyage, [&hellip;]\" \/>\n<meta property=\"og:url\" content=\"https:\/\/www.ultratourmonterosa.com\/fr\/pre-inscription-a-lutmr-mischabel-60\/\" \/>\n<meta property=\"og:site_name\" content=\"Ultra Tour Monte Rosa\" \/>\n<meta property=\"article:publisher\" content=\"https:\/\/www.facebook.com\/UltraTourMonteRosa\/\" \/>\n<meta property=\"article:modified_time\" content=\"2025-09-30T12:21:00+00:00\" \/>\n<meta property=\"og:image\" content=\"https:\/\/www.ultratourmonterosa.com\/wp-content\/uploads\/2013\/12\/UTMR_3a_tappa_foto_Giacomo_Meneghello_GM_16-3394untitled.jpg\" \/>\n\t<meta property=\"og:image:width\" content=\"1702\" \/>\n\t<meta property=\"og:image:height\" content=\"1080\" \/>\n\t<meta property=\"og:image:type\" content=\"image\/jpeg\" \/>\n<meta name=\"twitter:card\" content=\"summary_large_image\" \/>\n<meta name=\"twitter:site\" content=\"@UltraMonteRosa\" \/>\n<meta name=\"twitter:label1\" content=\"Dur\u00e9e de lecture estim\u00e9e\" \/>\n\t<meta name=\"twitter:data1\" content=\"3 minutes\" \/>\n<script type=\"application\/ld+json\" class=\"yoast-schema-graph\">{\"@context\":\"https:\\\/\\\/schema.org\",\"@graph\":[{\"@type\":\"WebPage\",\"@id\":\"https:\\\/\\\/www.ultratourmonterosa.com\\\/fr\\\/pre-inscription-a-lutmr-mischabel-60\\\/\",\"url\":\"https:\\\/\\\/www.ultratourmonterosa.com\\\/fr\\\/pre-inscription-a-lutmr-mischabel-60\\\/\",\"name\":\"Pr\u00e9-inscription \u00e0 l'UTMR Mischabel 60 - Ultra Tour Monte Rosa\",\"isPartOf\":{\"@id\":\"https:\\\/\\\/www.ultratourmonterosa.com\\\/#website\"},\"primaryImageOfPage\":{\"@id\":\"https:\\\/\\\/www.ultratourmonterosa.com\\\/fr\\\/pre-inscription-a-lutmr-mischabel-60\\\/#primaryimage\"},\"image\":{\"@id\":\"https:\\\/\\\/www.ultratourmonterosa.com\\\/fr\\\/pre-inscription-a-lutmr-mischabel-60\\\/#primaryimage\"},\"thumbnailUrl\":\"https:\\\/\\\/www.ultratourmonterosa.com\\\/wp-content\\\/uploads\\\/2013\\\/12\\\/UTMR_3a_tappa_foto_Giacomo_Meneghello_GM_16-3394untitled.jpg\",\"datePublished\":\"2024-05-08T03:52:45+00:00\",\"dateModified\":\"2025-09-30T12:21:00+00:00\",\"breadcrumb\":{\"@id\":\"https:\\\/\\\/www.ultratourmonterosa.com\\\/fr\\\/pre-inscription-a-lutmr-mischabel-60\\\/#breadcrumb\"},\"inLanguage\":\"fr-FR\",\"potentialAction\":[{\"@type\":\"ReadAction\",\"target\":[\"https:\\\/\\\/www.ultratourmonterosa.com\\\/fr\\\/pre-inscription-a-lutmr-mischabel-60\\\/\"]}]},{\"@type\":\"ImageObject\",\"inLanguage\":\"fr-FR\",\"@id\":\"https:\\\/\\\/www.ultratourmonterosa.com\\\/fr\\\/pre-inscription-a-lutmr-mischabel-60\\\/#primaryimage\",\"url\":\"https:\\\/\\\/www.ultratourmonterosa.com\\\/wp-content\\\/uploads\\\/2013\\\/12\\\/UTMR_3a_tappa_foto_Giacomo_Meneghello_GM_16-3394untitled.jpg\",\"contentUrl\":\"https:\\\/\\\/www.ultratourmonterosa.com\\\/wp-content\\\/uploads\\\/2013\\\/12\\\/UTMR_3a_tappa_foto_Giacomo_Meneghello_GM_16-3394untitled.jpg\",\"width\":1702,\"height\":1080},{\"@type\":\"BreadcrumbList\",\"@id\":\"https:\\\/\\\/www.ultratourmonterosa.com\\\/fr\\\/pre-inscription-a-lutmr-mischabel-60\\\/#breadcrumb\",\"itemListElement\":[{\"@type\":\"ListItem\",\"position\":1,\"name\":\"Home\",\"item\":\"https:\\\/\\\/www.ultratourmonterosa.com\\\/fr\\\/\"},{\"@type\":\"ListItem\",\"position\":2,\"name\":\"Pr\u00e9-inscription \u00e0 l&rsquo;UTMR Mischabel 60\"}]},{\"@type\":\"WebSite\",\"@id\":\"https:\\\/\\\/www.ultratourmonterosa.com\\\/#website\",\"url\":\"https:\\\/\\\/www.ultratourmonterosa.com\\\/\",\"name\":\"Ultra Tour Monte Rosa\",\"description\":\"4-7 september 2019\",\"publisher\":{\"@id\":\"https:\\\/\\\/www.ultratourmonterosa.com\\\/#organization\"},\"potentialAction\":[{\"@type\":\"SearchAction\",\"target\":{\"@type\":\"EntryPoint\",\"urlTemplate\":\"https:\\\/\\\/www.ultratourmonterosa.com\\\/?s={search_term_string}\"},\"query-input\":{\"@type\":\"PropertyValueSpecification\",\"valueRequired\":true,\"valueName\":\"search_term_string\"}}],\"inLanguage\":\"fr-FR\"},{\"@type\":\"Organization\",\"@id\":\"https:\\\/\\\/www.ultratourmonterosa.com\\\/#organization\",\"name\":\"Ultra Tour Monte Rosa\",\"url\":\"https:\\\/\\\/www.ultratourmonterosa.com\\\/\",\"logo\":{\"@type\":\"ImageObject\",\"inLanguage\":\"fr-FR\",\"@id\":\"https:\\\/\\\/www.ultratourmonterosa.com\\\/#\\\/schema\\\/logo\\\/image\\\/\",\"url\":\"https:\\\/\\\/www.ultratourmonterosa.com\\\/wp-content\\\/uploads\\\/2024\\\/09\\\/UTMR-logo-300px-1.png\",\"contentUrl\":\"https:\\\/\\\/www.ultratourmonterosa.com\\\/wp-content\\\/uploads\\\/2024\\\/09\\\/UTMR-logo-300px-1.png\",\"width\":300,\"height\":300,\"caption\":\"Ultra Tour Monte Rosa\"},\"image\":{\"@id\":\"https:\\\/\\\/www.ultratourmonterosa.com\\\/#\\\/schema\\\/logo\\\/image\\\/\"},\"sameAs\":[\"https:\\\/\\\/www.facebook.com\\\/UltraTourMonteRosa\\\/\",\"https:\\\/\\\/x.com\\\/UltraMonteRosa\"]}]}<\/script>\n<!-- \/ Yoast SEO plugin. -->","yoast_head_json":{"title":"Pr\u00e9-inscription \u00e0 l'UTMR Mischabel 60 - Ultra Tour Monte Rosa","robots":{"index":"index","follow":"follow","max-snippet":"max-snippet:-1","max-image-preview":"max-image-preview:large","max-video-preview":"max-video-preview:-1"},"canonical":"https:\/\/www.ultratourmonterosa.com\/fr\/pre-inscription-a-lutmr-mischabel-60\/","og_locale":"fr_FR","og_type":"article","og_title":"Pr\u00e9-inscription \u00e0 l'UTMR Mischabel 60 - Ultra Tour Monte Rosa","og_description":"Informations d\u2019inscription Vous trouverez ici les informations n\u00e9cessaires pour compl\u00e9ter votre pr\u00e9-inscription au Mischabel 60. Veuillez lire attentivement, puis remplir le formulaire de pr\u00e9inscription li\u00e9 au bas de cette page. Il s\u2019agit d\u2019une course de longue distance difficile et difficile sur les sentiers alpins. Nous voulons que vous vous amusiez et profitiez de votre voyage, [&hellip;]","og_url":"https:\/\/www.ultratourmonterosa.com\/fr\/pre-inscription-a-lutmr-mischabel-60\/","og_site_name":"Ultra Tour Monte Rosa","article_publisher":"https:\/\/www.facebook.com\/UltraTourMonteRosa\/","article_modified_time":"2025-09-30T12:21:00+00:00","og_image":[{"width":1702,"height":1080,"url":"https:\/\/www.ultratourmonterosa.com\/wp-content\/uploads\/2013\/12\/UTMR_3a_tappa_foto_Giacomo_Meneghello_GM_16-3394untitled.jpg","type":"image\/jpeg"}],"twitter_card":"summary_large_image","twitter_site":"@UltraMonteRosa","twitter_misc":{"Dur\u00e9e de lecture estim\u00e9e":"3 minutes"},"schema":{"@context":"https:\/\/schema.org","@graph":[{"@type":"WebPage","@id":"https:\/\/www.ultratourmonterosa.com\/fr\/pre-inscription-a-lutmr-mischabel-60\/","url":"https:\/\/www.ultratourmonterosa.com\/fr\/pre-inscription-a-lutmr-mischabel-60\/","name":"Pr\u00e9-inscription \u00e0 l'UTMR Mischabel 60 - Ultra Tour Monte Rosa","isPartOf":{"@id":"https:\/\/www.ultratourmonterosa.com\/#website"},"primaryImageOfPage":{"@id":"https:\/\/www.ultratourmonterosa.com\/fr\/pre-inscription-a-lutmr-mischabel-60\/#primaryimage"},"image":{"@id":"https:\/\/www.ultratourmonterosa.com\/fr\/pre-inscription-a-lutmr-mischabel-60\/#primaryimage"},"thumbnailUrl":"https:\/\/www.ultratourmonterosa.com\/wp-content\/uploads\/2013\/12\/UTMR_3a_tappa_foto_Giacomo_Meneghello_GM_16-3394untitled.jpg","datePublished":"2024-05-08T03:52:45+00:00","dateModified":"2025-09-30T12:21:00+00:00","breadcrumb":{"@id":"https:\/\/www.ultratourmonterosa.com\/fr\/pre-inscription-a-lutmr-mischabel-60\/#breadcrumb"},"inLanguage":"fr-FR","potentialAction":[{"@type":"ReadAction","target":["https:\/\/www.ultratourmonterosa.com\/fr\/pre-inscription-a-lutmr-mischabel-60\/"]}]},{"@type":"ImageObject","inLanguage":"fr-FR","@id":"https:\/\/www.ultratourmonterosa.com\/fr\/pre-inscription-a-lutmr-mischabel-60\/#primaryimage","url":"https:\/\/www.ultratourmonterosa.com\/wp-content\/uploads\/2013\/12\/UTMR_3a_tappa_foto_Giacomo_Meneghello_GM_16-3394untitled.jpg","contentUrl":"https:\/\/www.ultratourmonterosa.com\/wp-content\/uploads\/2013\/12\/UTMR_3a_tappa_foto_Giacomo_Meneghello_GM_16-3394untitled.jpg","width":1702,"height":1080},{"@type":"BreadcrumbList","@id":"https:\/\/www.ultratourmonterosa.com\/fr\/pre-inscription-a-lutmr-mischabel-60\/#breadcrumb","itemListElement":[{"@type":"ListItem","position":1,"name":"Home","item":"https:\/\/www.ultratourmonterosa.com\/fr\/"},{"@type":"ListItem","position":2,"name":"Pr\u00e9-inscription \u00e0 l&rsquo;UTMR Mischabel 60"}]},{"@type":"WebSite","@id":"https:\/\/www.ultratourmonterosa.com\/#website","url":"https:\/\/www.ultratourmonterosa.com\/","name":"Ultra Tour Monte Rosa","description":"4-7 september 2019","publisher":{"@id":"https:\/\/www.ultratourmonterosa.com\/#organization"},"potentialAction":[{"@type":"SearchAction","target":{"@type":"EntryPoint","urlTemplate":"https:\/\/www.ultratourmonterosa.com\/?s={search_term_string}"},"query-input":{"@type":"PropertyValueSpecification","valueRequired":true,"valueName":"search_term_string"}}],"inLanguage":"fr-FR"},{"@type":"Organization","@id":"https:\/\/www.ultratourmonterosa.com\/#organization","name":"Ultra Tour Monte Rosa","url":"https:\/\/www.ultratourmonterosa.com\/","logo":{"@type":"ImageObject","inLanguage":"fr-FR","@id":"https:\/\/www.ultratourmonterosa.com\/#\/schema\/logo\/image\/","url":"https:\/\/www.ultratourmonterosa.com\/wp-content\/uploads\/2024\/09\/UTMR-logo-300px-1.png","contentUrl":"https:\/\/www.ultratourmonterosa.com\/wp-content\/uploads\/2024\/09\/UTMR-logo-300px-1.png","width":300,"height":300,"caption":"Ultra Tour Monte Rosa"},"image":{"@id":"https:\/\/www.ultratourmonterosa.com\/#\/schema\/logo\/image\/"},"sameAs":["https:\/\/www.facebook.com\/UltraTourMonteRosa\/","https:\/\/x.com\/UltraMonteRosa"]}]}},"jetpack_shortlink":"https:\/\/wp.me\/P4DSVg-d8q","jetpack_sharing_enabled":true,"_links":{"self":[{"href":"https:\/\/www.ultratourmonterosa.com\/fr\/wp-json\/wp\/v2\/pages\/50494","targetHints":{"allow":["GET"]}}],"collection":[{"href":"https:\/\/www.ultratourmonterosa.com\/fr\/wp-json\/wp\/v2\/pages"}],"about":[{"href":"https:\/\/www.ultratourmonterosa.com\/fr\/wp-json\/wp\/v2\/types\/page"}],"author":[{"embeddable":true,"href":"https:\/\/www.ultratourmonterosa.com\/fr\/wp-json\/wp\/v2\/users\/2"}],"replies":[{"embeddable":true,"href":"https:\/\/www.ultratourmonterosa.com\/fr\/wp-json\/wp\/v2\/comments?post=50494"}],"version-history":[{"count":4,"href":"https:\/\/www.ultratourmonterosa.com\/fr\/wp-json\/wp\/v2\/pages\/50494\/revisions"}],"predecessor-version":[{"id":51426,"href":"https:\/\/www.ultratourmonterosa.com\/fr\/wp-json\/wp\/v2\/pages\/50494\/revisions\/51426"}],"wp:featuredmedia":[{"embeddable":true,"href":"https:\/\/www.ultratourmonterosa.com\/fr\/wp-json\/wp\/v2\/media\/25584"}],"wp:attachment":[{"href":"https:\/\/www.ultratourmonterosa.com\/fr\/wp-json\/wp\/v2\/media?parent=50494"}],"curies":[{"name":"wp","href":"https:\/\/api.w.org\/{rel}","templated":true}]}}