{"id":50581,"date":"2020-12-29T17:34:49","date_gmt":"2020-12-29T11:49:49","guid":{"rendered":"https:\/\/www.ultratourmonterosa.com\/autonomisation-par-le-sport-et-leducation-au-nepal\/"},"modified":"2024-05-08T17:38:52","modified_gmt":"2024-05-08T11:53:52","slug":"autonomisation-par-le-sport-et-leducation-au-nepal","status":"publish","type":"page","link":"https:\/\/www.ultratourmonterosa.com\/fr\/autonomisation-par-le-sport-et-leducation-au-nepal\/","title":{"rendered":"Autonomisation par le sport et l&rsquo;\u00e9ducation au N\u00e9pal"},"content":{"rendered":"\n<div style=\"height:50px\" aria-hidden=\"true\" class=\"wp-block-spacer\"><\/div>\n\n<p>\u00c0 partir de 2021, nous formalisons un fonds de l&rsquo;UTMR pour soutenir l&rsquo;autonomisation des jeunes, en particulier des jeunes filles, par le biais de projets sportifs et \u00e9ducatifs au N\u00e9pal.<\/p>\n\n<p>Nous, les organisateurs de l&rsquo;UTMR, avons des liens \u00e9troits avec le N\u00e9pal, comme beaucoup d&rsquo;entre vous le savent d\u00e9j\u00e0.<\/p>\n\n<p>Depuis sa cr\u00e9ation, l&rsquo;UTMR a invit\u00e9 des athl\u00e8tes n\u00e9palais \u00e0 participer \u00e0 ses courses, tout en soutenant les efforts visant \u00e0 faciliter et \u00e0 encourager les athl\u00e8tes n\u00e9palais de trail running \u00e0 participer \u00e0 des comp\u00e9titions nationales et internationales et \u00e0 devenir des d\u00e9fenseurs de la valeur du sport (discipline, d\u00e9fi, opportunit\u00e9) pour une g\u00e9n\u00e9ration de gar\u00e7ons et de filles au N\u00e9pal. Le produit de la vente de toute marchandise de l&rsquo;UTMR a \u00e9t\u00e9 affect\u00e9 \u00e0 ce projet.<\/p>\n\n<p>En 2016, Lizzy a consacr\u00e9 son <a href=\"https:\/\/www.ultratourmonterosa.com\/lizzy-runs-ght\/\" target=\"_blank\" rel=\"noreferrer noopener\">voyage de 1000 miles \u00e0 travers l&rsquo;Himalaya n\u00e9palais<\/a> pour donner des opportunit\u00e9s aux coureurs n\u00e9palais, en particulier aux filles. Une seule occasion peut changer une vie, changer une communaut\u00e9, donner de nouvelles perspectives et, en particulier dans des pays comme le N\u00e9pal, peut peut-\u00eatre contribuer \u00e0 changer la vision de la place des femmes dans la soci\u00e9t\u00e9. L&rsquo;argent r\u00e9colt\u00e9 gr\u00e2ce \u00e0 son voyage (actuellement conserv\u00e9 par une organisation caritative aux \u00c9tats-Unis) sera d\u00e9sormais achemin\u00e9 par le biais de ce fonds de l&rsquo;UTMR.<\/p>\n\n<p>Au cours de l&rsquo;ann\u00e9e 2020, la communaut\u00e9 de l&rsquo;UTMR a g\u00e9n\u00e9reusement soutenu nos efforts pour aider les travailleurs journaliers et leurs familles pendant les blocages \u00e0 Katmandou r\u00e9sultant de la pand\u00e9mie de Covid-19. Merci !<\/p>\n\n<p>Nous avons \u00e9galement soutenu plusieurs personnes issues de villages isol\u00e9s et d&rsquo;autres projets dans le cadre d&rsquo;activit\u00e9s \u00e9ducatives.<\/p>\n\n<div style=\"height:50px\" aria-hidden=\"true\" class=\"wp-block-spacer\"><\/div>\n\n<h2 class=\"wp-block-heading\">Le fonds UTMR<\/h2>\n\n<p>Nous mettons en place un fonds de l&rsquo;UTMR pour soutenir divers projets de base au N\u00e9pal, qui visent sp\u00e9cifiquement \u00e0 renforcer les individus et les communaut\u00e9s par le biais du sport et de l&rsquo;\u00e9ducation. Le N\u00e9pal est un pays o\u00f9 une seule opportunit\u00e9 peut \u00eatre le catalyseur d&rsquo;un changement plus large.<\/p>\n\n<p>L&rsquo;UTMR versera 1 euro au fonds pour chaque coureur inscrit \u00e0 une course de l&rsquo;UTMR. Lors de l&rsquo;inscription, les coureurs auront la possibilit\u00e9 d&rsquo;\u00e9galer ou de compl\u00e9ter nos dons pour cet effort.<\/p>\n\n<p>Nous sommes toujours heureux de r\u00e9pondre \u00e0 vos questions ou de recevoir des dons suppl\u00e9mentaires, envoyez un courriel \u00e0 <a href=\"mailto:info@ultratourmonterosa.com\" target=\"_blank\" rel=\"noreferrer noopener\">info@ultratourmonterosa.com<\/a> pour plus d&rsquo;informations.<\/p>\n\n<p>Nous publierons ici des informations sur les organisations et les projets auxquels nous contribuons.<\/p>\n\n<div style=\"height:50px\" aria-hidden=\"true\" class=\"wp-block-spacer\"><\/div>\n\n<h2 class=\"wp-block-heading\">Plus d&rsquo;info<\/h2>\n<a href='https:\/\/vimeo.com\/ondemand\/miraraifilm' \n\t\t\ttarget='_blank' \n\t\t\tid='utmr-yellow-button-block_80dd0d32fe50610d6aebe2da36babbaa' \n\t\t\tclass='utmr-button  ur-btn-yellow has-utmr-yellow-background-color text-black block-utmr-yellow-button' >\n\t\t\t\t Regardez la bande-annonce de \u00ab\u00a0Mira, l&rsquo;histoire d&rsquo;une villageoise n\u00e9palaise pleine d&rsquo;entrain\u00a0\u00bb ici ! &nbsp;&nbsp;<i class='fas fa-external-link-alt'><\/i>\n\t\t\t<\/a>","protected":false},"excerpt":{"rendered":"<p>\u00c0 partir de 2021, nous formalisons un fonds de l&rsquo;UTMR pour soutenir l&rsquo;autonomisation des jeunes, en particulier des jeunes filles, par le biais de projets sportifs et \u00e9ducatifs au N\u00e9pal. Nous, les organisateurs de l&rsquo;UTMR, avons des liens \u00e9troits avec le N\u00e9pal, comme beaucoup d&rsquo;entre vous le savent d\u00e9j\u00e0. Depuis sa cr\u00e9ation, l&rsquo;UTMR a invit\u00e9 [&hellip;]<\/p>\n","protected":false},"author":2,"featured_media":0,"parent":0,"menu_order":99,"comment_status":"closed","ping_status":"closed","template":"","meta":{"_acf_changed":false,"jetpack_post_was_ever_published":false,"footnotes":"","_wp_rev_ctl_limit":""},"class_list":["post-50581","page","type-page","status-publish","hentry"],"acf":[],"yoast_head":"<!-- This site is optimized with the Yoast SEO plugin v27.4 - https:\/\/yoast.com\/product\/yoast-seo-wordpress\/ -->\n<title>Autonomisation par le sport et l&#039;\u00e9ducation au N\u00e9pal - Ultra Tour Monte Rosa<\/title>\n<meta name=\"robots\" content=\"index, follow, max-snippet:-1, max-image-preview:large, max-video-preview:-1\" \/>\n<link rel=\"canonical\" href=\"https:\/\/www.ultratourmonterosa.com\/fr\/autonomisation-par-le-sport-et-leducation-au-nepal\/\" \/>\n<meta property=\"og:locale\" content=\"fr_FR\" \/>\n<meta property=\"og:type\" content=\"article\" \/>\n<meta property=\"og:title\" content=\"Autonomisation par le sport et l&#039;\u00e9ducation au N\u00e9pal - Ultra Tour Monte Rosa\" \/>\n<meta property=\"og:description\" content=\"\u00c0 partir de 2021, nous formalisons un fonds de l&rsquo;UTMR pour soutenir l&rsquo;autonomisation des jeunes, en particulier des jeunes filles, par le biais de projets sportifs et \u00e9ducatifs au N\u00e9pal. Nous, les organisateurs de l&rsquo;UTMR, avons des liens \u00e9troits avec le N\u00e9pal, comme beaucoup d&rsquo;entre vous le savent d\u00e9j\u00e0. Depuis sa cr\u00e9ation, l&rsquo;UTMR a invit\u00e9 [&hellip;]\" \/>\n<meta property=\"og:url\" content=\"https:\/\/www.ultratourmonterosa.com\/fr\/autonomisation-par-le-sport-et-leducation-au-nepal\/\" \/>\n<meta property=\"og:site_name\" content=\"Ultra Tour Monte Rosa\" \/>\n<meta property=\"article:publisher\" content=\"https:\/\/www.facebook.com\/UltraTourMonteRosa\/\" \/>\n<meta property=\"article:modified_time\" content=\"2024-05-08T11:53:52+00:00\" \/>\n<meta name=\"twitter:card\" content=\"summary_large_image\" \/>\n<meta name=\"twitter:site\" content=\"@UltraMonteRosa\" \/>\n<meta name=\"twitter:label1\" content=\"Dur\u00e9e de lecture estim\u00e9e\" \/>\n\t<meta name=\"twitter:data1\" content=\"2 minutes\" \/>\n<script type=\"application\/ld+json\" class=\"yoast-schema-graph\">{\"@context\":\"https:\\\/\\\/schema.org\",\"@graph\":[{\"@type\":\"WebPage\",\"@id\":\"https:\\\/\\\/www.ultratourmonterosa.com\\\/fr\\\/autonomisation-par-le-sport-et-leducation-au-nepal\\\/\",\"url\":\"https:\\\/\\\/www.ultratourmonterosa.com\\\/fr\\\/autonomisation-par-le-sport-et-leducation-au-nepal\\\/\",\"name\":\"Autonomisation par le sport et l'\u00e9ducation au N\u00e9pal - Ultra Tour Monte Rosa\",\"isPartOf\":{\"@id\":\"https:\\\/\\\/www.ultratourmonterosa.com\\\/#website\"},\"datePublished\":\"2020-12-29T11:49:49+00:00\",\"dateModified\":\"2024-05-08T11:53:52+00:00\",\"breadcrumb\":{\"@id\":\"https:\\\/\\\/www.ultratourmonterosa.com\\\/fr\\\/autonomisation-par-le-sport-et-leducation-au-nepal\\\/#breadcrumb\"},\"inLanguage\":\"fr-FR\",\"potentialAction\":[{\"@type\":\"ReadAction\",\"target\":[\"https:\\\/\\\/www.ultratourmonterosa.com\\\/fr\\\/autonomisation-par-le-sport-et-leducation-au-nepal\\\/\"]}]},{\"@type\":\"BreadcrumbList\",\"@id\":\"https:\\\/\\\/www.ultratourmonterosa.com\\\/fr\\\/autonomisation-par-le-sport-et-leducation-au-nepal\\\/#breadcrumb\",\"itemListElement\":[{\"@type\":\"ListItem\",\"position\":1,\"name\":\"Home\",\"item\":\"https:\\\/\\\/www.ultratourmonterosa.com\\\/fr\\\/\"},{\"@type\":\"ListItem\",\"position\":2,\"name\":\"Autonomisation par le sport et l&rsquo;\u00e9ducation au N\u00e9pal\"}]},{\"@type\":\"WebSite\",\"@id\":\"https:\\\/\\\/www.ultratourmonterosa.com\\\/#website\",\"url\":\"https:\\\/\\\/www.ultratourmonterosa.com\\\/\",\"name\":\"Ultra Tour Monte Rosa\",\"description\":\"4-7 september 2019\",\"publisher\":{\"@id\":\"https:\\\/\\\/www.ultratourmonterosa.com\\\/#organization\"},\"potentialAction\":[{\"@type\":\"SearchAction\",\"target\":{\"@type\":\"EntryPoint\",\"urlTemplate\":\"https:\\\/\\\/www.ultratourmonterosa.com\\\/?s={search_term_string}\"},\"query-input\":{\"@type\":\"PropertyValueSpecification\",\"valueRequired\":true,\"valueName\":\"search_term_string\"}}],\"inLanguage\":\"fr-FR\"},{\"@type\":\"Organization\",\"@id\":\"https:\\\/\\\/www.ultratourmonterosa.com\\\/#organization\",\"name\":\"Ultra Tour Monte Rosa\",\"url\":\"https:\\\/\\\/www.ultratourmonterosa.com\\\/\",\"logo\":{\"@type\":\"ImageObject\",\"inLanguage\":\"fr-FR\",\"@id\":\"https:\\\/\\\/www.ultratourmonterosa.com\\\/#\\\/schema\\\/logo\\\/image\\\/\",\"url\":\"https:\\\/\\\/www.ultratourmonterosa.com\\\/wp-content\\\/uploads\\\/2024\\\/09\\\/UTMR-logo-300px-1.png\",\"contentUrl\":\"https:\\\/\\\/www.ultratourmonterosa.com\\\/wp-content\\\/uploads\\\/2024\\\/09\\\/UTMR-logo-300px-1.png\",\"width\":300,\"height\":300,\"caption\":\"Ultra Tour Monte Rosa\"},\"image\":{\"@id\":\"https:\\\/\\\/www.ultratourmonterosa.com\\\/#\\\/schema\\\/logo\\\/image\\\/\"},\"sameAs\":[\"https:\\\/\\\/www.facebook.com\\\/UltraTourMonteRosa\\\/\",\"https:\\\/\\\/x.com\\\/UltraMonteRosa\"]}]}<\/script>\n<!-- \/ Yoast SEO plugin. -->","yoast_head_json":{"title":"Autonomisation par le sport et l'\u00e9ducation au N\u00e9pal - Ultra Tour Monte Rosa","robots":{"index":"index","follow":"follow","max-snippet":"max-snippet:-1","max-image-preview":"max-image-preview:large","max-video-preview":"max-video-preview:-1"},"canonical":"https:\/\/www.ultratourmonterosa.com\/fr\/autonomisation-par-le-sport-et-leducation-au-nepal\/","og_locale":"fr_FR","og_type":"article","og_title":"Autonomisation par le sport et l'\u00e9ducation au N\u00e9pal - Ultra Tour Monte Rosa","og_description":"\u00c0 partir de 2021, nous formalisons un fonds de l&rsquo;UTMR pour soutenir l&rsquo;autonomisation des jeunes, en particulier des jeunes filles, par le biais de projets sportifs et \u00e9ducatifs au N\u00e9pal. Nous, les organisateurs de l&rsquo;UTMR, avons des liens \u00e9troits avec le N\u00e9pal, comme beaucoup d&rsquo;entre vous le savent d\u00e9j\u00e0. Depuis sa cr\u00e9ation, l&rsquo;UTMR a invit\u00e9 [&hellip;]","og_url":"https:\/\/www.ultratourmonterosa.com\/fr\/autonomisation-par-le-sport-et-leducation-au-nepal\/","og_site_name":"Ultra Tour Monte Rosa","article_publisher":"https:\/\/www.facebook.com\/UltraTourMonteRosa\/","article_modified_time":"2024-05-08T11:53:52+00:00","twitter_card":"summary_large_image","twitter_site":"@UltraMonteRosa","twitter_misc":{"Dur\u00e9e de lecture estim\u00e9e":"2 minutes"},"schema":{"@context":"https:\/\/schema.org","@graph":[{"@type":"WebPage","@id":"https:\/\/www.ultratourmonterosa.com\/fr\/autonomisation-par-le-sport-et-leducation-au-nepal\/","url":"https:\/\/www.ultratourmonterosa.com\/fr\/autonomisation-par-le-sport-et-leducation-au-nepal\/","name":"Autonomisation par le sport et l'\u00e9ducation au N\u00e9pal - Ultra Tour Monte Rosa","isPartOf":{"@id":"https:\/\/www.ultratourmonterosa.com\/#website"},"datePublished":"2020-12-29T11:49:49+00:00","dateModified":"2024-05-08T11:53:52+00:00","breadcrumb":{"@id":"https:\/\/www.ultratourmonterosa.com\/fr\/autonomisation-par-le-sport-et-leducation-au-nepal\/#breadcrumb"},"inLanguage":"fr-FR","potentialAction":[{"@type":"ReadAction","target":["https:\/\/www.ultratourmonterosa.com\/fr\/autonomisation-par-le-sport-et-leducation-au-nepal\/"]}]},{"@type":"BreadcrumbList","@id":"https:\/\/www.ultratourmonterosa.com\/fr\/autonomisation-par-le-sport-et-leducation-au-nepal\/#breadcrumb","itemListElement":[{"@type":"ListItem","position":1,"name":"Home","item":"https:\/\/www.ultratourmonterosa.com\/fr\/"},{"@type":"ListItem","position":2,"name":"Autonomisation par le sport et l&rsquo;\u00e9ducation au N\u00e9pal"}]},{"@type":"WebSite","@id":"https:\/\/www.ultratourmonterosa.com\/#website","url":"https:\/\/www.ultratourmonterosa.com\/","name":"Ultra Tour Monte Rosa","description":"4-7 september 2019","publisher":{"@id":"https:\/\/www.ultratourmonterosa.com\/#organization"},"potentialAction":[{"@type":"SearchAction","target":{"@type":"EntryPoint","urlTemplate":"https:\/\/www.ultratourmonterosa.com\/?s={search_term_string}"},"query-input":{"@type":"PropertyValueSpecification","valueRequired":true,"valueName":"search_term_string"}}],"inLanguage":"fr-FR"},{"@type":"Organization","@id":"https:\/\/www.ultratourmonterosa.com\/#organization","name":"Ultra Tour Monte Rosa","url":"https:\/\/www.ultratourmonterosa.com\/","logo":{"@type":"ImageObject","inLanguage":"fr-FR","@id":"https:\/\/www.ultratourmonterosa.com\/#\/schema\/logo\/image\/","url":"https:\/\/www.ultratourmonterosa.com\/wp-content\/uploads\/2024\/09\/UTMR-logo-300px-1.png","contentUrl":"https:\/\/www.ultratourmonterosa.com\/wp-content\/uploads\/2024\/09\/UTMR-logo-300px-1.png","width":300,"height":300,"caption":"Ultra Tour Monte Rosa"},"image":{"@id":"https:\/\/www.ultratourmonterosa.com\/#\/schema\/logo\/image\/"},"sameAs":["https:\/\/www.facebook.com\/UltraTourMonteRosa\/","https:\/\/x.com\/UltraMonteRosa"]}]}},"jetpack_shortlink":"https:\/\/wp.me\/P4DSVg-d9P","jetpack_sharing_enabled":true,"_links":{"self":[{"href":"https:\/\/www.ultratourmonterosa.com\/fr\/wp-json\/wp\/v2\/pages\/50581","targetHints":{"allow":["GET"]}}],"collection":[{"href":"https:\/\/www.ultratourmonterosa.com\/fr\/wp-json\/wp\/v2\/pages"}],"about":[{"href":"https:\/\/www.ultratourmonterosa.com\/fr\/wp-json\/wp\/v2\/types\/page"}],"author":[{"embeddable":true,"href":"https:\/\/www.ultratourmonterosa.com\/fr\/wp-json\/wp\/v2\/users\/2"}],"replies":[{"embeddable":true,"href":"https:\/\/www.ultratourmonterosa.com\/fr\/wp-json\/wp\/v2\/comments?post=50581"}],"version-history":[{"count":1,"href":"https:\/\/www.ultratourmonterosa.com\/fr\/wp-json\/wp\/v2\/pages\/50581\/revisions"}],"predecessor-version":[{"id":50582,"href":"https:\/\/www.ultratourmonterosa.com\/fr\/wp-json\/wp\/v2\/pages\/50581\/revisions\/50582"}],"wp:attachment":[{"href":"https:\/\/www.ultratourmonterosa.com\/fr\/wp-json\/wp\/v2\/media?parent=50581"}],"curies":[{"name":"wp","href":"https:\/\/api.w.org\/{rel}","templated":true}]}}