{"id":50587,"date":"2020-12-29T17:29:39","date_gmt":"2020-12-29T11:44:39","guid":{"rendered":"https:\/\/www.ultratourmonterosa.com\/projets-de-reboisement-et-de-permaculture\/"},"modified":"2024-05-08T17:42:33","modified_gmt":"2024-05-08T11:57:33","slug":"projets-de-reboisement-et-de-permaculture","status":"publish","type":"page","link":"https:\/\/www.ultratourmonterosa.com\/fr\/projets-de-reboisement-et-de-permaculture\/","title":{"rendered":"Projets de reboisement et de permaculture"},"content":{"rendered":"\n<div style=\"height:50px\" aria-hidden=\"true\" class=\"wp-block-spacer\"><\/div>\n\n<p>Comme beaucoup d&rsquo;entre vous le savent, l&rsquo;UTMR et nous-m\u00eames, en tant qu&rsquo;organisateurs, avons un lien \u00e9troit avec le N\u00e9pal et les r\u00e9gions voisines d&rsquo;Asie du Sud-Est. Comme beaucoup d&rsquo;entre vous, nous sommes pr\u00e9occup\u00e9s par les effets d\u00e9vastateurs du changement climatique. Au N\u00e9pal, les effets du changement climatique sont exacerb\u00e9s par la rapidit\u00e9 de l&rsquo;\u00e9volution de l&rsquo;utilisation des terres, notamment par la construction inconsid\u00e9r\u00e9e de routes, qui d\u00e9stabilisent souvent des paysages d\u00e9j\u00e0 fragiles. Le N\u00e9pal abrite les plus hautes montagnes de notre plan\u00e8te, l&rsquo;Himalaya. Mais ses for\u00eats sont \u00e9galement essentielles au fonctionnement des \u00e9cosyst\u00e8mes sur de vastes \u00e9tendues.<\/p>\n\n<p>Pour chaque coureur inscrit, nous ferons don d&rsquo;un euro \u00e0 des projets de reforestation et de permaculture au niveau local, afin de rendre notre monde naturel \u00e0 lui-m\u00eame. Par d\u00e9finition, ces projets fournissent \u00e9galement des emplois indispensables aux populations locales, contribuant ainsi \u00e0 garantir leurs moyens de subsistance et \u00e0 lutter contre la pauvret\u00e9, tout en prot\u00e9geant l&rsquo;environnement naturel.<\/p>\n\n<p>En raison de sa g\u00e9ographie et de son climat, le N\u00e9pal a toujours \u00e9t\u00e9 sujet \u00e0 des catastrophes naturelles. Le changement climatique et la d\u00e9forestation ont rendu cette nation montagnarde encore plus vuln\u00e9rable. La plantation d&rsquo;arbres pour restaurer les for\u00eats est essentielle pour r\u00e9duire les effets n\u00e9gatifs des catastrophes naturelles sur la terre et la communaut\u00e9 locale. Dans les zones d\u00e9bois\u00e9es, la plantation d&rsquo;arbres r\u00e9habilite et stabilise la terre. Les syst\u00e8mes racinaires des arbres maintiennent le sol en place, r\u00e9duisant et, \u00e0 terme, \u00e9liminant l&rsquo;\u00e9rosion. Le couvert des arbres emp\u00eache le contact direct de l&rsquo;eau de pluie avec le sol, ce qui r\u00e9duit la probabilit\u00e9 d&rsquo;inondations et de glissements de terrain. <\/p>\n\n<p>Lors de l&rsquo;inscription \u00e0 une course de l&rsquo;UTMR, nous donnons \u00e0 nos coureurs la possibilit\u00e9 d&rsquo;\u00e9galer ou de compl\u00e9ter nos dons pour cet effort. Nous sommes toujours heureux de r\u00e9pondre \u00e0 vos questions ou de recevoir des dons suppl\u00e9mentaires, envoyez un courriel \u00e0 <a href=\"mailto:info@ultratourmonterosa.com\" target=\"_blank\" rel=\"noreferrer noopener\">info@ultratourmonterosa.com<\/a> pour plus d&rsquo;informations. <\/p>\n\n<p class=\"has-text-align-center\">Nous vous remercions de votre soutien \u00e0 la protection de notre fragile environnement naturel.<\/p>\n\n<p class=\"has-text-align-center\">Namaste.  <\/p>\n\n<p><\/p>\n","protected":false},"excerpt":{"rendered":"<p>Comme beaucoup d&rsquo;entre vous le savent, l&rsquo;UTMR et nous-m\u00eames, en tant qu&rsquo;organisateurs, avons un lien \u00e9troit avec le N\u00e9pal et les r\u00e9gions voisines d&rsquo;Asie du Sud-Est. Comme beaucoup d&rsquo;entre vous, nous sommes pr\u00e9occup\u00e9s par les effets d\u00e9vastateurs du changement climatique. Au N\u00e9pal, les effets du changement climatique sont exacerb\u00e9s par la rapidit\u00e9 de l&rsquo;\u00e9volution de [&hellip;]<\/p>\n","protected":false},"author":2,"featured_media":0,"parent":0,"menu_order":99,"comment_status":"closed","ping_status":"closed","template":"","meta":{"_acf_changed":false,"jetpack_post_was_ever_published":false,"footnotes":"","_wp_rev_ctl_limit":""},"class_list":["post-50587","page","type-page","status-publish","hentry"],"acf":[],"yoast_head":"<!-- This site is optimized with the Yoast SEO plugin v27.4 - https:\/\/yoast.com\/product\/yoast-seo-wordpress\/ -->\n<title>Projets de reboisement et de permaculture - Ultra Tour Monte Rosa<\/title>\n<meta name=\"robots\" content=\"index, follow, max-snippet:-1, max-image-preview:large, max-video-preview:-1\" \/>\n<link rel=\"canonical\" href=\"https:\/\/www.ultratourmonterosa.com\/fr\/projets-de-reboisement-et-de-permaculture\/\" \/>\n<meta property=\"og:locale\" content=\"fr_FR\" \/>\n<meta property=\"og:type\" content=\"article\" \/>\n<meta property=\"og:title\" content=\"Projets de reboisement et de permaculture - Ultra Tour Monte Rosa\" \/>\n<meta property=\"og:description\" content=\"Comme beaucoup d&rsquo;entre vous le savent, l&rsquo;UTMR et nous-m\u00eames, en tant qu&rsquo;organisateurs, avons un lien \u00e9troit avec le N\u00e9pal et les r\u00e9gions voisines d&rsquo;Asie du Sud-Est. Comme beaucoup d&rsquo;entre vous, nous sommes pr\u00e9occup\u00e9s par les effets d\u00e9vastateurs du changement climatique. Au N\u00e9pal, les effets du changement climatique sont exacerb\u00e9s par la rapidit\u00e9 de l&rsquo;\u00e9volution de [&hellip;]\" \/>\n<meta property=\"og:url\" content=\"https:\/\/www.ultratourmonterosa.com\/fr\/projets-de-reboisement-et-de-permaculture\/\" \/>\n<meta property=\"og:site_name\" content=\"Ultra Tour Monte Rosa\" \/>\n<meta property=\"article:publisher\" content=\"https:\/\/www.facebook.com\/UltraTourMonteRosa\/\" \/>\n<meta property=\"article:modified_time\" content=\"2024-05-08T11:57:33+00:00\" \/>\n<meta name=\"twitter:card\" content=\"summary_large_image\" \/>\n<meta name=\"twitter:site\" content=\"@UltraMonteRosa\" \/>\n<meta name=\"twitter:label1\" content=\"Dur\u00e9e de lecture estim\u00e9e\" \/>\n\t<meta name=\"twitter:data1\" content=\"2 minutes\" \/>\n<script type=\"application\/ld+json\" class=\"yoast-schema-graph\">{\"@context\":\"https:\\\/\\\/schema.org\",\"@graph\":[{\"@type\":\"WebPage\",\"@id\":\"https:\\\/\\\/www.ultratourmonterosa.com\\\/fr\\\/projets-de-reboisement-et-de-permaculture\\\/\",\"url\":\"https:\\\/\\\/www.ultratourmonterosa.com\\\/fr\\\/projets-de-reboisement-et-de-permaculture\\\/\",\"name\":\"Projets de reboisement et de permaculture - Ultra Tour Monte Rosa\",\"isPartOf\":{\"@id\":\"https:\\\/\\\/www.ultratourmonterosa.com\\\/#website\"},\"datePublished\":\"2020-12-29T11:44:39+00:00\",\"dateModified\":\"2024-05-08T11:57:33+00:00\",\"breadcrumb\":{\"@id\":\"https:\\\/\\\/www.ultratourmonterosa.com\\\/fr\\\/projets-de-reboisement-et-de-permaculture\\\/#breadcrumb\"},\"inLanguage\":\"fr-FR\",\"potentialAction\":[{\"@type\":\"ReadAction\",\"target\":[\"https:\\\/\\\/www.ultratourmonterosa.com\\\/fr\\\/projets-de-reboisement-et-de-permaculture\\\/\"]}]},{\"@type\":\"BreadcrumbList\",\"@id\":\"https:\\\/\\\/www.ultratourmonterosa.com\\\/fr\\\/projets-de-reboisement-et-de-permaculture\\\/#breadcrumb\",\"itemListElement\":[{\"@type\":\"ListItem\",\"position\":1,\"name\":\"Home\",\"item\":\"https:\\\/\\\/www.ultratourmonterosa.com\\\/fr\\\/\"},{\"@type\":\"ListItem\",\"position\":2,\"name\":\"Projets de reboisement et de permaculture\"}]},{\"@type\":\"WebSite\",\"@id\":\"https:\\\/\\\/www.ultratourmonterosa.com\\\/#website\",\"url\":\"https:\\\/\\\/www.ultratourmonterosa.com\\\/\",\"name\":\"Ultra Tour Monte Rosa\",\"description\":\"4-7 september 2019\",\"publisher\":{\"@id\":\"https:\\\/\\\/www.ultratourmonterosa.com\\\/#organization\"},\"potentialAction\":[{\"@type\":\"SearchAction\",\"target\":{\"@type\":\"EntryPoint\",\"urlTemplate\":\"https:\\\/\\\/www.ultratourmonterosa.com\\\/?s={search_term_string}\"},\"query-input\":{\"@type\":\"PropertyValueSpecification\",\"valueRequired\":true,\"valueName\":\"search_term_string\"}}],\"inLanguage\":\"fr-FR\"},{\"@type\":\"Organization\",\"@id\":\"https:\\\/\\\/www.ultratourmonterosa.com\\\/#organization\",\"name\":\"Ultra Tour Monte Rosa\",\"url\":\"https:\\\/\\\/www.ultratourmonterosa.com\\\/\",\"logo\":{\"@type\":\"ImageObject\",\"inLanguage\":\"fr-FR\",\"@id\":\"https:\\\/\\\/www.ultratourmonterosa.com\\\/#\\\/schema\\\/logo\\\/image\\\/\",\"url\":\"https:\\\/\\\/www.ultratourmonterosa.com\\\/wp-content\\\/uploads\\\/2024\\\/09\\\/UTMR-logo-300px-1.png\",\"contentUrl\":\"https:\\\/\\\/www.ultratourmonterosa.com\\\/wp-content\\\/uploads\\\/2024\\\/09\\\/UTMR-logo-300px-1.png\",\"width\":300,\"height\":300,\"caption\":\"Ultra Tour Monte Rosa\"},\"image\":{\"@id\":\"https:\\\/\\\/www.ultratourmonterosa.com\\\/#\\\/schema\\\/logo\\\/image\\\/\"},\"sameAs\":[\"https:\\\/\\\/www.facebook.com\\\/UltraTourMonteRosa\\\/\",\"https:\\\/\\\/x.com\\\/UltraMonteRosa\"]}]}<\/script>\n<!-- \/ Yoast SEO plugin. -->","yoast_head_json":{"title":"Projets de reboisement et de permaculture - Ultra Tour Monte Rosa","robots":{"index":"index","follow":"follow","max-snippet":"max-snippet:-1","max-image-preview":"max-image-preview:large","max-video-preview":"max-video-preview:-1"},"canonical":"https:\/\/www.ultratourmonterosa.com\/fr\/projets-de-reboisement-et-de-permaculture\/","og_locale":"fr_FR","og_type":"article","og_title":"Projets de reboisement et de permaculture - Ultra Tour Monte Rosa","og_description":"Comme beaucoup d&rsquo;entre vous le savent, l&rsquo;UTMR et nous-m\u00eames, en tant qu&rsquo;organisateurs, avons un lien \u00e9troit avec le N\u00e9pal et les r\u00e9gions voisines d&rsquo;Asie du Sud-Est. Comme beaucoup d&rsquo;entre vous, nous sommes pr\u00e9occup\u00e9s par les effets d\u00e9vastateurs du changement climatique. Au N\u00e9pal, les effets du changement climatique sont exacerb\u00e9s par la rapidit\u00e9 de l&rsquo;\u00e9volution de [&hellip;]","og_url":"https:\/\/www.ultratourmonterosa.com\/fr\/projets-de-reboisement-et-de-permaculture\/","og_site_name":"Ultra Tour Monte Rosa","article_publisher":"https:\/\/www.facebook.com\/UltraTourMonteRosa\/","article_modified_time":"2024-05-08T11:57:33+00:00","twitter_card":"summary_large_image","twitter_site":"@UltraMonteRosa","twitter_misc":{"Dur\u00e9e de lecture estim\u00e9e":"2 minutes"},"schema":{"@context":"https:\/\/schema.org","@graph":[{"@type":"WebPage","@id":"https:\/\/www.ultratourmonterosa.com\/fr\/projets-de-reboisement-et-de-permaculture\/","url":"https:\/\/www.ultratourmonterosa.com\/fr\/projets-de-reboisement-et-de-permaculture\/","name":"Projets de reboisement et de permaculture - Ultra Tour Monte Rosa","isPartOf":{"@id":"https:\/\/www.ultratourmonterosa.com\/#website"},"datePublished":"2020-12-29T11:44:39+00:00","dateModified":"2024-05-08T11:57:33+00:00","breadcrumb":{"@id":"https:\/\/www.ultratourmonterosa.com\/fr\/projets-de-reboisement-et-de-permaculture\/#breadcrumb"},"inLanguage":"fr-FR","potentialAction":[{"@type":"ReadAction","target":["https:\/\/www.ultratourmonterosa.com\/fr\/projets-de-reboisement-et-de-permaculture\/"]}]},{"@type":"BreadcrumbList","@id":"https:\/\/www.ultratourmonterosa.com\/fr\/projets-de-reboisement-et-de-permaculture\/#breadcrumb","itemListElement":[{"@type":"ListItem","position":1,"name":"Home","item":"https:\/\/www.ultratourmonterosa.com\/fr\/"},{"@type":"ListItem","position":2,"name":"Projets de reboisement et de permaculture"}]},{"@type":"WebSite","@id":"https:\/\/www.ultratourmonterosa.com\/#website","url":"https:\/\/www.ultratourmonterosa.com\/","name":"Ultra Tour Monte Rosa","description":"4-7 september 2019","publisher":{"@id":"https:\/\/www.ultratourmonterosa.com\/#organization"},"potentialAction":[{"@type":"SearchAction","target":{"@type":"EntryPoint","urlTemplate":"https:\/\/www.ultratourmonterosa.com\/?s={search_term_string}"},"query-input":{"@type":"PropertyValueSpecification","valueRequired":true,"valueName":"search_term_string"}}],"inLanguage":"fr-FR"},{"@type":"Organization","@id":"https:\/\/www.ultratourmonterosa.com\/#organization","name":"Ultra Tour Monte Rosa","url":"https:\/\/www.ultratourmonterosa.com\/","logo":{"@type":"ImageObject","inLanguage":"fr-FR","@id":"https:\/\/www.ultratourmonterosa.com\/#\/schema\/logo\/image\/","url":"https:\/\/www.ultratourmonterosa.com\/wp-content\/uploads\/2024\/09\/UTMR-logo-300px-1.png","contentUrl":"https:\/\/www.ultratourmonterosa.com\/wp-content\/uploads\/2024\/09\/UTMR-logo-300px-1.png","width":300,"height":300,"caption":"Ultra Tour Monte Rosa"},"image":{"@id":"https:\/\/www.ultratourmonterosa.com\/#\/schema\/logo\/image\/"},"sameAs":["https:\/\/www.facebook.com\/UltraTourMonteRosa\/","https:\/\/x.com\/UltraMonteRosa"]}]}},"jetpack_shortlink":"https:\/\/wp.me\/P4DSVg-d9V","jetpack_sharing_enabled":true,"_links":{"self":[{"href":"https:\/\/www.ultratourmonterosa.com\/fr\/wp-json\/wp\/v2\/pages\/50587","targetHints":{"allow":["GET"]}}],"collection":[{"href":"https:\/\/www.ultratourmonterosa.com\/fr\/wp-json\/wp\/v2\/pages"}],"about":[{"href":"https:\/\/www.ultratourmonterosa.com\/fr\/wp-json\/wp\/v2\/types\/page"}],"author":[{"embeddable":true,"href":"https:\/\/www.ultratourmonterosa.com\/fr\/wp-json\/wp\/v2\/users\/2"}],"replies":[{"embeddable":true,"href":"https:\/\/www.ultratourmonterosa.com\/fr\/wp-json\/wp\/v2\/comments?post=50587"}],"version-history":[{"count":1,"href":"https:\/\/www.ultratourmonterosa.com\/fr\/wp-json\/wp\/v2\/pages\/50587\/revisions"}],"predecessor-version":[{"id":50588,"href":"https:\/\/www.ultratourmonterosa.com\/fr\/wp-json\/wp\/v2\/pages\/50587\/revisions\/50588"}],"wp:attachment":[{"href":"https:\/\/www.ultratourmonterosa.com\/fr\/wp-json\/wp\/v2\/media?parent=50587"}],"curies":[{"name":"wp","href":"https:\/\/api.w.org\/{rel}","templated":true}]}}