{"id":608,"date":"2013-12-21T08:24:27","date_gmt":"2013-12-21T02:39:27","guid":{"rendered":"http:\/\/utmr.run\/sample-page-2\/"},"modified":"2025-09-30T15:43:43","modified_gmt":"2025-09-30T09:58:43","slug":"ultra-tour-monte-rosa","status":"publish","type":"page","link":"https:\/\/www.ultratourmonterosa.com\/fr\/","title":{"rendered":"Ultra Tour Monte Rosa"},"content":{"rendered":"\n<h2 class=\"wp-block-heading\">A propos de la course<\/h2>\n\n\n\n<p>Ultra Tour Monte Rosa est une course ultra trail de 100 miles \/ 170 km le long d\u2019un sentier europ\u00e9en classique de longue distance, le Tour de Monte Rosa. Le parcours se dirige dans le sens inverse des aiguilles d\u2019une montre autour du massif du Monte Rosa, faisant un circuit concurrent des pics de Mischabel et des sommets du 4000m de la cr\u00eate de Nadelgrat. Avec 4634m Monte Rosa est la deuxi\u00e8me plus haute montagne dans les Alpes et l\u2019Europe occidentale. Sur son c\u00f4t\u00e9 est, la montagne tombe dans un mur presque vertical de 2400 m de granit et de glace, le plus grand d\u2019Europe. L\u2019itin\u00e9raire entoure un total de 29 des 4000m sommets, et est entour\u00e9 par beaucoup plus, un paysage magnifique!<\/p>\n\n\n\n<p>L&rsquo;Ultra Tour Monte Rosa se compose de <a href=\"https:\/\/www.ultratourmonterosa.com\/fr\/170-km-ultra-tour-info\/\">100 miles \/ 170 km sous la forme d&rsquo;une course d&rsquo;une journ\u00e9e<\/a> ou <a href=\"https:\/\/www.ultratourmonterosa.com\/fr\/utmr-stage-race-information\/\">d&rsquo;une course par \u00e9tapes<\/a>. Nous avons \u00e9galement un magnifique itin\u00e9raire de 63 km suivant le h\u00f6henweg du massif de Mischabel et un magnifique Berglauf de 19 km !<\/p>\n\n\n\n<p>Le tour complet est une <a href=\"https:\/\/www.ultratourmonterosa.com\/fr\/alternative-utmb-europe-100-mile-race\/\">alternative \u00e0 l\u2019UTMB<\/a>, bien que plus technique et plus sauvage, en prenant coureurs 20% plus de temps \u00e0 compl\u00e9ter que le parcours UTMB. Les courses ont lieu au d\u00e9but de Septembre, le moment optimal pour un temps stable et pour les cols \u00e9lev\u00e9s d\u2019\u00eatre clair de neige.<\/p>\n","protected":false},"excerpt":{"rendered":"<p>A propos de la course Ultra Tour Monte Rosa est une course ultra trail de 100 miles \/ 170 km le long d\u2019un sentier europ\u00e9en classique de longue distance, le Tour de Monte Rosa. Le parcours se dirige dans le sens inverse des aiguilles d\u2019une montre autour du massif du Monte Rosa, faisant un circuit [&hellip;]<\/p>\n","protected":false},"author":5,"featured_media":20529,"parent":0,"menu_order":1,"comment_status":"open","ping_status":"closed","template":"page-home.php","meta":{"_acf_changed":false,"jetpack_post_was_ever_published":false,"footnotes":"","_wp_rev_ctl_limit":""},"class_list":["post-608","page","type-page","status-publish","has-post-thumbnail","hentry"],"acf":[],"yoast_head":"<!-- This site is optimized with the Yoast SEO plugin v27.4 - https:\/\/yoast.com\/product\/yoast-seo-wordpress\/ -->\n<title>Ultra Tour Monte Rosa | 100 mile \/ 170 km Trail Race en Europe | UTMR<\/title>\n<meta name=\"description\" content=\"2 - 5 septembre 2026 &quot;C&#039;est la course que j&#039;aurais aim\u00e9 faire&quot;, d\u00e9clare Lizzy Hawker, qui a remport\u00e9 cinq fois l&#039;UTMB. 100 miles au-dessus de hauts cols, sentiers techniques, paysages alpins.\" \/>\n<meta name=\"robots\" content=\"index, follow, max-snippet:-1, max-image-preview:large, max-video-preview:-1\" \/>\n<link rel=\"canonical\" href=\"https:\/\/www.ultratourmonterosa.com\/fr\/\" \/>\n<meta property=\"og:locale\" content=\"fr_FR\" \/>\n<meta property=\"og:type\" content=\"article\" \/>\n<meta property=\"og:title\" content=\"Ultra Tour Monte Rosa | 100 mile \/ 170 km Trail Race en Europe | UTMR\" \/>\n<meta property=\"og:description\" content=\"2 - 5 septembre 2026 &quot;C&#039;est la course que j&#039;aurais aim\u00e9 faire&quot;, d\u00e9clare Lizzy Hawker, qui a remport\u00e9 cinq fois l&#039;UTMB. 100 miles au-dessus de hauts cols, sentiers techniques, paysages alpins.\" \/>\n<meta property=\"og:url\" content=\"https:\/\/www.ultratourmonterosa.com\/fr\/\" \/>\n<meta property=\"og:site_name\" content=\"Ultra Tour Monte Rosa\" \/>\n<meta property=\"article:publisher\" content=\"https:\/\/www.facebook.com\/UltraTourMonteRosa\/\" \/>\n<meta property=\"article:modified_time\" content=\"2025-09-30T09:58:43+00:00\" \/>\n<meta property=\"og:image\" content=\"https:\/\/www.ultratourmonterosa.com\/wp-content\/uploads\/2016\/11\/UTMR-registrations-open.jpg\" \/>\n\t<meta property=\"og:image:width\" content=\"1200\" \/>\n\t<meta property=\"og:image:height\" content=\"801\" \/>\n\t<meta property=\"og:image:type\" content=\"image\/jpeg\" \/>\n<meta name=\"twitter:card\" content=\"summary_large_image\" \/>\n<meta name=\"twitter:site\" content=\"@UltraMonteRosa\" \/>\n<meta name=\"twitter:label1\" content=\"Dur\u00e9e de lecture estim\u00e9e\" \/>\n\t<meta name=\"twitter:data1\" content=\"2 minutes\" \/>\n<script type=\"application\/ld+json\" class=\"yoast-schema-graph\">{\"@context\":\"https:\\\/\\\/schema.org\",\"@graph\":[{\"@type\":\"WebPage\",\"@id\":\"https:\\\/\\\/www.ultratourmonterosa.com\\\/fr\\\/\",\"url\":\"https:\\\/\\\/www.ultratourmonterosa.com\\\/fr\\\/\",\"name\":\"Ultra Tour Monte Rosa | 100 mile \\\/ 170 km Trail Race en Europe | UTMR\",\"isPartOf\":{\"@id\":\"https:\\\/\\\/www.ultratourmonterosa.com\\\/#website\"},\"primaryImageOfPage\":{\"@id\":\"https:\\\/\\\/www.ultratourmonterosa.com\\\/fr\\\/#primaryimage\"},\"image\":{\"@id\":\"https:\\\/\\\/www.ultratourmonterosa.com\\\/fr\\\/#primaryimage\"},\"thumbnailUrl\":\"https:\\\/\\\/www.ultratourmonterosa.com\\\/wp-content\\\/uploads\\\/2016\\\/11\\\/UTMR-registrations-open.jpg\",\"datePublished\":\"2013-12-21T02:39:27+00:00\",\"dateModified\":\"2025-09-30T09:58:43+00:00\",\"description\":\"2 - 5 septembre 2026 \\\"C'est la course que j'aurais aim\u00e9 faire\\\", d\u00e9clare Lizzy Hawker, qui a remport\u00e9 cinq fois l'UTMB. 100 miles au-dessus de hauts cols, sentiers techniques, paysages alpins.\",\"breadcrumb\":{\"@id\":\"https:\\\/\\\/www.ultratourmonterosa.com\\\/fr\\\/#breadcrumb\"},\"inLanguage\":\"fr-FR\",\"potentialAction\":[{\"@type\":\"ReadAction\",\"target\":[\"https:\\\/\\\/www.ultratourmonterosa.com\\\/fr\\\/\"]}]},{\"@type\":\"ImageObject\",\"inLanguage\":\"fr-FR\",\"@id\":\"https:\\\/\\\/www.ultratourmonterosa.com\\\/fr\\\/#primaryimage\",\"url\":\"https:\\\/\\\/www.ultratourmonterosa.com\\\/wp-content\\\/uploads\\\/2016\\\/11\\\/UTMR-registrations-open.jpg\",\"contentUrl\":\"https:\\\/\\\/www.ultratourmonterosa.com\\\/wp-content\\\/uploads\\\/2016\\\/11\\\/UTMR-registrations-open.jpg\",\"width\":1200,\"height\":801},{\"@type\":\"BreadcrumbList\",\"@id\":\"https:\\\/\\\/www.ultratourmonterosa.com\\\/fr\\\/#breadcrumb\",\"itemListElement\":[{\"@type\":\"ListItem\",\"position\":1,\"name\":\"Home\",\"item\":\"https:\\\/\\\/www.ultratourmonterosa.com\\\/fr\\\/\"},{\"@type\":\"ListItem\",\"position\":2,\"name\":\"Ultra Tour Monte Rosa\"}]},{\"@type\":\"WebSite\",\"@id\":\"https:\\\/\\\/www.ultratourmonterosa.com\\\/#website\",\"url\":\"https:\\\/\\\/www.ultratourmonterosa.com\\\/\",\"name\":\"Ultra Tour Monte Rosa\",\"description\":\"4-7 september 2019\",\"publisher\":{\"@id\":\"https:\\\/\\\/www.ultratourmonterosa.com\\\/#organization\"},\"potentialAction\":[{\"@type\":\"SearchAction\",\"target\":{\"@type\":\"EntryPoint\",\"urlTemplate\":\"https:\\\/\\\/www.ultratourmonterosa.com\\\/?s={search_term_string}\"},\"query-input\":{\"@type\":\"PropertyValueSpecification\",\"valueRequired\":true,\"valueName\":\"search_term_string\"}}],\"inLanguage\":\"fr-FR\"},{\"@type\":\"Organization\",\"@id\":\"https:\\\/\\\/www.ultratourmonterosa.com\\\/#organization\",\"name\":\"Ultra Tour Monte Rosa\",\"url\":\"https:\\\/\\\/www.ultratourmonterosa.com\\\/\",\"logo\":{\"@type\":\"ImageObject\",\"inLanguage\":\"fr-FR\",\"@id\":\"https:\\\/\\\/www.ultratourmonterosa.com\\\/#\\\/schema\\\/logo\\\/image\\\/\",\"url\":\"https:\\\/\\\/www.ultratourmonterosa.com\\\/wp-content\\\/uploads\\\/2024\\\/09\\\/UTMR-logo-300px-1.png\",\"contentUrl\":\"https:\\\/\\\/www.ultratourmonterosa.com\\\/wp-content\\\/uploads\\\/2024\\\/09\\\/UTMR-logo-300px-1.png\",\"width\":300,\"height\":300,\"caption\":\"Ultra Tour Monte Rosa\"},\"image\":{\"@id\":\"https:\\\/\\\/www.ultratourmonterosa.com\\\/#\\\/schema\\\/logo\\\/image\\\/\"},\"sameAs\":[\"https:\\\/\\\/www.facebook.com\\\/UltraTourMonteRosa\\\/\",\"https:\\\/\\\/x.com\\\/UltraMonteRosa\"]}]}<\/script>\n<!-- \/ Yoast SEO plugin. -->","yoast_head_json":{"title":"Ultra Tour Monte Rosa | 100 mile \/ 170 km Trail Race en Europe | UTMR","description":"2 - 5 septembre 2026 \"C'est la course que j'aurais aim\u00e9 faire\", d\u00e9clare Lizzy Hawker, qui a remport\u00e9 cinq fois l'UTMB. 100 miles au-dessus de hauts cols, sentiers techniques, paysages alpins.","robots":{"index":"index","follow":"follow","max-snippet":"max-snippet:-1","max-image-preview":"max-image-preview:large","max-video-preview":"max-video-preview:-1"},"canonical":"https:\/\/www.ultratourmonterosa.com\/fr\/","og_locale":"fr_FR","og_type":"article","og_title":"Ultra Tour Monte Rosa | 100 mile \/ 170 km Trail Race en Europe | UTMR","og_description":"2 - 5 septembre 2026 \"C'est la course que j'aurais aim\u00e9 faire\", d\u00e9clare Lizzy Hawker, qui a remport\u00e9 cinq fois l'UTMB. 100 miles au-dessus de hauts cols, sentiers techniques, paysages alpins.","og_url":"https:\/\/www.ultratourmonterosa.com\/fr\/","og_site_name":"Ultra Tour Monte Rosa","article_publisher":"https:\/\/www.facebook.com\/UltraTourMonteRosa\/","article_modified_time":"2025-09-30T09:58:43+00:00","og_image":[{"width":1200,"height":801,"url":"https:\/\/www.ultratourmonterosa.com\/wp-content\/uploads\/2016\/11\/UTMR-registrations-open.jpg","type":"image\/jpeg"}],"twitter_card":"summary_large_image","twitter_site":"@UltraMonteRosa","twitter_misc":{"Dur\u00e9e de lecture estim\u00e9e":"2 minutes"},"schema":{"@context":"https:\/\/schema.org","@graph":[{"@type":"WebPage","@id":"https:\/\/www.ultratourmonterosa.com\/fr\/","url":"https:\/\/www.ultratourmonterosa.com\/fr\/","name":"Ultra Tour Monte Rosa | 100 mile \/ 170 km Trail Race en Europe | UTMR","isPartOf":{"@id":"https:\/\/www.ultratourmonterosa.com\/#website"},"primaryImageOfPage":{"@id":"https:\/\/www.ultratourmonterosa.com\/fr\/#primaryimage"},"image":{"@id":"https:\/\/www.ultratourmonterosa.com\/fr\/#primaryimage"},"thumbnailUrl":"https:\/\/www.ultratourmonterosa.com\/wp-content\/uploads\/2016\/11\/UTMR-registrations-open.jpg","datePublished":"2013-12-21T02:39:27+00:00","dateModified":"2025-09-30T09:58:43+00:00","description":"2 - 5 septembre 2026 \"C'est la course que j'aurais aim\u00e9 faire\", d\u00e9clare Lizzy Hawker, qui a remport\u00e9 cinq fois l'UTMB. 100 miles au-dessus de hauts cols, sentiers techniques, paysages alpins.","breadcrumb":{"@id":"https:\/\/www.ultratourmonterosa.com\/fr\/#breadcrumb"},"inLanguage":"fr-FR","potentialAction":[{"@type":"ReadAction","target":["https:\/\/www.ultratourmonterosa.com\/fr\/"]}]},{"@type":"ImageObject","inLanguage":"fr-FR","@id":"https:\/\/www.ultratourmonterosa.com\/fr\/#primaryimage","url":"https:\/\/www.ultratourmonterosa.com\/wp-content\/uploads\/2016\/11\/UTMR-registrations-open.jpg","contentUrl":"https:\/\/www.ultratourmonterosa.com\/wp-content\/uploads\/2016\/11\/UTMR-registrations-open.jpg","width":1200,"height":801},{"@type":"BreadcrumbList","@id":"https:\/\/www.ultratourmonterosa.com\/fr\/#breadcrumb","itemListElement":[{"@type":"ListItem","position":1,"name":"Home","item":"https:\/\/www.ultratourmonterosa.com\/fr\/"},{"@type":"ListItem","position":2,"name":"Ultra Tour Monte Rosa"}]},{"@type":"WebSite","@id":"https:\/\/www.ultratourmonterosa.com\/#website","url":"https:\/\/www.ultratourmonterosa.com\/","name":"Ultra Tour Monte Rosa","description":"4-7 september 2019","publisher":{"@id":"https:\/\/www.ultratourmonterosa.com\/#organization"},"potentialAction":[{"@type":"SearchAction","target":{"@type":"EntryPoint","urlTemplate":"https:\/\/www.ultratourmonterosa.com\/?s={search_term_string}"},"query-input":{"@type":"PropertyValueSpecification","valueRequired":true,"valueName":"search_term_string"}}],"inLanguage":"fr-FR"},{"@type":"Organization","@id":"https:\/\/www.ultratourmonterosa.com\/#organization","name":"Ultra Tour Monte Rosa","url":"https:\/\/www.ultratourmonterosa.com\/","logo":{"@type":"ImageObject","inLanguage":"fr-FR","@id":"https:\/\/www.ultratourmonterosa.com\/#\/schema\/logo\/image\/","url":"https:\/\/www.ultratourmonterosa.com\/wp-content\/uploads\/2024\/09\/UTMR-logo-300px-1.png","contentUrl":"https:\/\/www.ultratourmonterosa.com\/wp-content\/uploads\/2024\/09\/UTMR-logo-300px-1.png","width":300,"height":300,"caption":"Ultra Tour Monte Rosa"},"image":{"@id":"https:\/\/www.ultratourmonterosa.com\/#\/schema\/logo\/image\/"},"sameAs":["https:\/\/www.facebook.com\/UltraTourMonteRosa\/","https:\/\/x.com\/UltraMonteRosa"]}]}},"jetpack_shortlink":"https:\/\/wp.me\/P4DSVg-9O","jetpack_sharing_enabled":true,"_links":{"self":[{"href":"https:\/\/www.ultratourmonterosa.com\/fr\/wp-json\/wp\/v2\/pages\/608","targetHints":{"allow":["GET"]}}],"collection":[{"href":"https:\/\/www.ultratourmonterosa.com\/fr\/wp-json\/wp\/v2\/pages"}],"about":[{"href":"https:\/\/www.ultratourmonterosa.com\/fr\/wp-json\/wp\/v2\/types\/page"}],"author":[{"embeddable":true,"href":"https:\/\/www.ultratourmonterosa.com\/fr\/wp-json\/wp\/v2\/users\/5"}],"replies":[{"embeddable":true,"href":"https:\/\/www.ultratourmonterosa.com\/fr\/wp-json\/wp\/v2\/comments?post=608"}],"version-history":[{"count":5,"href":"https:\/\/www.ultratourmonterosa.com\/fr\/wp-json\/wp\/v2\/pages\/608\/revisions"}],"predecessor-version":[{"id":51381,"href":"https:\/\/www.ultratourmonterosa.com\/fr\/wp-json\/wp\/v2\/pages\/608\/revisions\/51381"}],"wp:featuredmedia":[{"embeddable":true,"href":"https:\/\/www.ultratourmonterosa.com\/fr\/wp-json\/wp\/v2\/media\/20529"}],"wp:attachment":[{"href":"https:\/\/www.ultratourmonterosa.com\/fr\/wp-json\/wp\/v2\/media?parent=608"}],"curies":[{"name":"wp","href":"https:\/\/api.w.org\/{rel}","templated":true}]}}