{"id":626,"date":"2014-08-02T06:57:14","date_gmt":"2014-08-02T01:12:14","guid":{"rendered":"http:\/\/utmr.run\/obligatory-gear-stage-2\/"},"modified":"2025-08-25T15:30:56","modified_gmt":"2025-08-25T09:45:56","slug":"equipement-obligatoire","status":"publish","type":"page","link":"https:\/\/www.ultratourmonterosa.com\/fr\/useful-information\/equipement-obligatoire\/","title":{"rendered":"\u00c9quipement obligatoire"},"content":{"rendered":"\n<p>L\u2019UTMR est une course de longue distance difficile et difficile sur les sentiers alpins. Nous voulons que vous soyez en s\u00e9curit\u00e9, nous voulons que vous soyez pr\u00eat pour les conditions que vous pourriez faire face, et nous voulons que vous profitiez de votre exp\u00e9rience de course. Nous vous demanderons donc de transporter des \u00e9quipements obligatoires. S\u2019il vous pla\u00eet respecter cela &#8211; c\u2019est pour votre s\u00e9curit\u00e9 et le plaisir. Si vous \u00eates suffisamment pr\u00e9par\u00e9, vous serez en mesure de s\u2019amuser quelles que soient les conditions.<\/p>\n\n<p><strong>Pourquoi demandons-nous une longue liste d\u2019\u00e9quipements obligatoires? C\u2019est une course difficile. La nature du terrain signifie que les points de contr\u00f4le peuvent \u00eatre jusqu\u2019\u00e0 8 heures d\u2019intervalle pour les coureurs plus lents. Il s\u2019agit d\u2019un environnement alpin et la m\u00e9t\u00e9o peut changer tr\u00e8s rapidement. Diff\u00e9rentes vall\u00e9es ont un microclimat diff\u00e9rent de sorte que vous pouvez trouver des conditions totalement diff\u00e9rentes en m\u00eame temps dans diff\u00e9rentes parties du parcours, et m\u00eame traverser un col (col) entre les vall\u00e9es adjacentes. Il s\u2019agit d\u2019une course qui permettra de d\u00e9couvrir rapidement vos faiblesses et le mauvais choix de l\u2019\u00e9quipement. Ce que nous vous demandons de prendre est le minimum. S\u2019il vous pla\u00eet \u00eatre raisonnable et ajouter \u00e0 cela si les pr\u00e9visions m\u00e9t\u00e9orologiques sont mauvaises ou si vous \u00eates un coureur plus lent dans les courses ULTRA. En entrant dans une course, vous ne remettez pas la responsabilit\u00e9 de votre s\u00e9curit\u00e9 personnelle. S\u2019il vous pla\u00eet respecter le parcours, prendre ce dont vous avez besoin pour garder \u00e0 l\u2019aise et en toute s\u00e9curit\u00e9, et avoir une grande course!  <\/strong><\/p>\n\n<div style=\"height:20px\" aria-hidden=\"true\" class=\"wp-block-spacer\"><\/div>\n\n<div class=\"wp-block-jetpack-tiled-gallery aligncenter is-style-columns\"><div class=\"tiled-gallery__gallery\"><div class=\"tiled-gallery__row\"><div class=\"tiled-gallery__col\" style=\"flex-basis:33.341015112946614%\"><figure class=\"tiled-gallery__item\"><a href=\"https:\/\/www.ultratourmonterosa.com\/wp-content\/uploads\/2020\/10\/putting-on-microspikes.jpg\" data-lbwps-width=\"1440\" data-lbwps-height=\"960\" data-lbwps-srcsmall=\"https:\/\/www.ultratourmonterosa.com\/wp-content\/uploads\/2020\/10\/putting-on-microspikes.jpg\"><img decoding=\"async\" srcset=\"https:\/\/i2.wp.com\/www.ultratourmonterosa.com\/wp-content\/uploads\/2020\/10\/putting-on-microspikes.jpg?strip=info&#038;w=600&#038;ssl=1 600w,https:\/\/i2.wp.com\/www.ultratourmonterosa.com\/wp-content\/uploads\/2020\/10\/putting-on-microspikes.jpg?strip=info&#038;w=900&#038;ssl=1 900w,https:\/\/i2.wp.com\/www.ultratourmonterosa.com\/wp-content\/uploads\/2020\/10\/putting-on-microspikes.jpg?strip=info&#038;w=1200&#038;ssl=1 1200w,https:\/\/i2.wp.com\/www.ultratourmonterosa.com\/wp-content\/uploads\/2020\/10\/putting-on-microspikes.jpg?strip=info&#038;w=1440&#038;ssl=1 1440w\" alt=\"\" data-height=\"960\" data-id=\"40571\" data-link=\"https:\/\/www.ultratourmonterosa.com\/useful-information\/obligatory-equipment\/putting-on-microspikes\/\" data-url=\"https:\/\/www.ultratourmonterosa.com\/wp-content\/uploads\/2020\/10\/putting-on-microspikes.jpg\" data-width=\"1440\" src=\"https:\/\/i2.wp.com\/www.ultratourmonterosa.com\/wp-content\/uploads\/2020\/10\/putting-on-microspikes.jpg?ssl=1\" data-amp-layout=\"responsive\"><\/a><\/figure><\/div><div class=\"tiled-gallery__col\" style=\"flex-basis:33.31796977410677%\"><figure class=\"tiled-gallery__item\"><a href=\"https:\/\/www.ultratourmonterosa.com\/wp-content\/uploads\/2020\/12\/utmr-obligatory-equipment-list.jpg\" data-lbwps-width=\"1439\" data-lbwps-height=\"960\" data-lbwps-srcsmall=\"https:\/\/www.ultratourmonterosa.com\/wp-content\/uploads\/2020\/12\/utmr-obligatory-equipment-list.jpg\"><img decoding=\"async\" srcset=\"https:\/\/i1.wp.com\/www.ultratourmonterosa.com\/wp-content\/uploads\/2020\/12\/utmr-obligatory-equipment-list.jpg?strip=info&#038;w=600&#038;ssl=1 600w,https:\/\/i1.wp.com\/www.ultratourmonterosa.com\/wp-content\/uploads\/2020\/12\/utmr-obligatory-equipment-list.jpg?strip=info&#038;w=900&#038;ssl=1 900w,https:\/\/i1.wp.com\/www.ultratourmonterosa.com\/wp-content\/uploads\/2020\/12\/utmr-obligatory-equipment-list.jpg?strip=info&#038;w=1200&#038;ssl=1 1200w,https:\/\/i1.wp.com\/www.ultratourmonterosa.com\/wp-content\/uploads\/2020\/12\/utmr-obligatory-equipment-list.jpg?strip=info&#038;w=1439&#038;ssl=1 1439w\" alt=\"contr\u00f4le du mat\u00e9riel\" data-height=\"960\" data-id=\"44547\" data-link=\"https:\/\/www.ultratourmonterosa.com\/useful-information\/obligatory-equipment\/utmr-obligatory-equipment-list\/\" data-url=\"https:\/\/www.ultratourmonterosa.com\/wp-content\/uploads\/2020\/12\/utmr-obligatory-equipment-list.jpg\" data-width=\"1439\" src=\"https:\/\/i1.wp.com\/www.ultratourmonterosa.com\/wp-content\/uploads\/2020\/12\/utmr-obligatory-equipment-list.jpg?ssl=1\" data-amp-layout=\"responsive\"><\/a><\/figure><\/div><div class=\"tiled-gallery__col\" style=\"flex-basis:33.341015112946614%\"><figure class=\"tiled-gallery__item\"><a href=\"https:\/\/www.ultratourmonterosa.com\/wp-content\/uploads\/2020\/12\/UTMR_stage_2_foto_G_Meneghello_GM_19-04999.jpg\" data-lbwps-width=\"1920\" data-lbwps-height=\"1280\" data-lbwps-srcsmall=\"https:\/\/www.ultratourmonterosa.com\/wp-content\/uploads\/2020\/12\/UTMR_stage_2_foto_G_Meneghello_GM_19-04999.jpg\"><img decoding=\"async\" srcset=\"https:\/\/i2.wp.com\/www.ultratourmonterosa.com\/wp-content\/uploads\/2020\/12\/UTMR_stage_2_foto_G_Meneghello_GM_19-04999.jpg?strip=info&#038;w=600&#038;ssl=1 600w,https:\/\/i2.wp.com\/www.ultratourmonterosa.com\/wp-content\/uploads\/2020\/12\/UTMR_stage_2_foto_G_Meneghello_GM_19-04999.jpg?strip=info&#038;w=900&#038;ssl=1 900w,https:\/\/i2.wp.com\/www.ultratourmonterosa.com\/wp-content\/uploads\/2020\/12\/UTMR_stage_2_foto_G_Meneghello_GM_19-04999.jpg?strip=info&#038;w=1200&#038;ssl=1 1200w,https:\/\/i2.wp.com\/www.ultratourmonterosa.com\/wp-content\/uploads\/2020\/12\/UTMR_stage_2_foto_G_Meneghello_GM_19-04999.jpg?strip=info&#038;w=1500&#038;ssl=1 1500w,https:\/\/i2.wp.com\/www.ultratourmonterosa.com\/wp-content\/uploads\/2020\/12\/UTMR_stage_2_foto_G_Meneghello_GM_19-04999.jpg?strip=info&#038;w=1800&#038;ssl=1 1800w,https:\/\/i2.wp.com\/www.ultratourmonterosa.com\/wp-content\/uploads\/2020\/12\/UTMR_stage_2_foto_G_Meneghello_GM_19-04999.jpg?strip=info&#038;w=1920&#038;ssl=1 1920w\" alt=\"piste de course sur glacier\" data-height=\"1280\" data-id=\"44218\" data-link=\"https:\/\/www.ultratourmonterosa.com\/races\/4-stage-race-info\/utmr_stage_2_foto_g_meneghello_gm_19-04999\/\" data-url=\"https:\/\/www.ultratourmonterosa.com\/wp-content\/uploads\/2020\/12\/UTMR_stage_2_foto_G_Meneghello_GM_19-04999.jpg\" data-width=\"1920\" src=\"https:\/\/i2.wp.com\/www.ultratourmonterosa.com\/wp-content\/uploads\/2020\/12\/UTMR_stage_2_foto_G_Meneghello_GM_19-04999.jpg?ssl=1\" data-amp-layout=\"responsive\"><\/a><\/figure><\/div><\/div><\/div><\/div>\n\n<div style=\"height:75px\" aria-hidden=\"true\" class=\"wp-block-spacer\"><\/div>\n\n<div class=\"wp-block-simple-alerts-for-gutenberg-alert-boxes sab-alert sab-alert-warning\" role=\"alert\"><strong>Veuillez noter que pour la course par \u00e9tapes et l&rsquo;ultra tour de 170 km<\/strong>, des micro-pointes sont n\u00e9cessaires en raison de l&rsquo;\u00e9volution rapide des conditions sur le glacier<strong>.<\/strong>  Si vous n&rsquo;en avez pas, vous pouvez en louer une paire aupr\u00e8s de l&rsquo;organisation \u00e0 l&rsquo;adresse suivante <a href=\"https:\/\/registration.utmr.ch\/rent-a-pair-of-microspikes\/\" target=\"_blank\" rel=\"noreferrer noopener\">: https:\/\/registration.utmr.ch\/rent-a-pair-of-microspikes\/<\/a>. Veuillez noter qu&rsquo;il doit s&rsquo;agir de pointes (pas de clous ni d&rsquo;anneaux) et qu&rsquo;elles doivent \u00eatre port\u00e9es pendant toute la dur\u00e9e du tron\u00e7on entre Zermatt et Gressoney. Merci de votre compr\u00e9hension !  <\/div>\n\n<div style=\"height:50px\" aria-hidden=\"true\" class=\"wp-block-spacer\"><\/div>\n\n<p>L\u2019\u00e9quipement obligatoire sera v\u00e9rifi\u00e9 lors de l\u2019inscription \u00e0 la course, et peut \u00eatre v\u00e9rifi\u00e9 \u00e0 tout moment pendant la course.  <strong>Vous devez avoir tout votre \u00e9quipement de rechange dans des sacs imperm\u00e9ables \u00e0 l\u2019int\u00e9rieur de votre sac \u00e0 dos.<\/strong>  Si le temps est mauvais, vous aurez besoin de votre haut thermique de rechange plus chapeau pour \u00eatre sec quand vous en avez besoin. Si le temps est chaud, vous pouvez bient\u00f4t tremper vos v\u00eatements de rechange avec de la sueur les rendant inutiles si le temps change ou vous en avez besoin pour une section de nuit. Un sac sec ou un sac \u00e0 fermeture \u00e9clair est id\u00e9al.  <\/p>\n\n<div style=\"height:20px\" aria-hidden=\"true\" class=\"wp-block-spacer\"><\/div>\n\n<div style=\"height:50px\" aria-hidden=\"true\" class=\"wp-block-spacer\"><\/div>\n\n<h3 class=\"wp-block-heading\">La liste<\/h3>\n","protected":false},"excerpt":{"rendered":"<p>L\u2019UTMR est une course de longue distance difficile et difficile sur les sentiers alpins. Nous voulons que vous soyez en s\u00e9curit\u00e9, nous voulons que vous soyez pr\u00eat pour les conditions que vous pourriez faire face, et nous voulons que vous profitiez de votre exp\u00e9rience de course. Nous vous demanderons donc de transporter des \u00e9quipements obligatoires. [&hellip;]<\/p>\n","protected":false},"author":2,"featured_media":30447,"parent":17484,"menu_order":7,"comment_status":"open","ping_status":"open","template":"page-obligatory.php","meta":{"_acf_changed":false,"footnotes":"","_wp_rev_ctl_limit":""},"class_list":["post-626","page","type-page","status-publish","has-post-thumbnail","hentry"],"acf":[],"yoast_head":"<!-- This site is optimized with the Yoast SEO plugin v27.6 - https:\/\/yoast.com\/product\/yoast-seo-wordpress\/ -->\n<title>\u00c9quipement obligatoire - Ultra Tour Monte Rosa<\/title>\n<meta name=\"robots\" content=\"index, follow, max-snippet:-1, max-image-preview:large, max-video-preview:-1\" \/>\n<link rel=\"canonical\" href=\"https:\/\/www.ultratourmonterosa.com\/fr\/useful-information\/equipement-obligatoire\/\" \/>\n<meta property=\"og:locale\" content=\"fr_FR\" \/>\n<meta property=\"og:type\" content=\"article\" \/>\n<meta property=\"og:title\" content=\"\u00c9quipement obligatoire - Ultra Tour Monte Rosa\" \/>\n<meta property=\"og:description\" content=\"L\u2019UTMR est une course de longue distance difficile et difficile sur les sentiers alpins. Nous voulons que vous soyez en s\u00e9curit\u00e9, nous voulons que vous soyez pr\u00eat pour les conditions que vous pourriez faire face, et nous voulons que vous profitiez de votre exp\u00e9rience de course. Nous vous demanderons donc de transporter des \u00e9quipements obligatoires. [&hellip;]\" \/>\n<meta property=\"og:url\" content=\"https:\/\/www.ultratourmonterosa.com\/fr\/useful-information\/equipement-obligatoire\/\" \/>\n<meta property=\"og:site_name\" content=\"Ultra Tour Monte Rosa\" \/>\n<meta property=\"article:publisher\" content=\"https:\/\/www.facebook.com\/UltraTourMonteRosa\/\" \/>\n<meta property=\"article:modified_time\" content=\"2025-08-25T09:45:56+00:00\" \/>\n<meta property=\"og:image\" content=\"https:\/\/www.ultratourmonterosa.com\/wp-content\/uploads\/2018\/04\/SOL-bivy.jpg\" \/>\n\t<meta property=\"og:image:width\" content=\"1080\" \/>\n\t<meta property=\"og:image:height\" content=\"1080\" \/>\n\t<meta property=\"og:image:type\" content=\"image\/jpeg\" \/>\n<meta name=\"twitter:card\" content=\"summary_large_image\" \/>\n<meta name=\"twitter:site\" content=\"@UltraMonteRosa\" \/>\n<meta name=\"twitter:label1\" content=\"Dur\u00e9e de lecture estim\u00e9e\" \/>\n\t<meta name=\"twitter:data1\" content=\"3 minutes\" \/>\n<script type=\"application\/ld+json\" class=\"yoast-schema-graph\">{\"@context\":\"https:\\\/\\\/schema.org\",\"@graph\":[{\"@type\":\"WebPage\",\"@id\":\"https:\\\/\\\/www.ultratourmonterosa.com\\\/fr\\\/useful-information\\\/equipement-obligatoire\\\/\",\"url\":\"https:\\\/\\\/www.ultratourmonterosa.com\\\/fr\\\/useful-information\\\/equipement-obligatoire\\\/\",\"name\":\"\u00c9quipement obligatoire - Ultra Tour Monte Rosa\",\"isPartOf\":{\"@id\":\"https:\\\/\\\/www.ultratourmonterosa.com\\\/#website\"},\"primaryImageOfPage\":{\"@id\":\"https:\\\/\\\/www.ultratourmonterosa.com\\\/fr\\\/useful-information\\\/equipement-obligatoire\\\/#primaryimage\"},\"image\":{\"@id\":\"https:\\\/\\\/www.ultratourmonterosa.com\\\/fr\\\/useful-information\\\/equipement-obligatoire\\\/#primaryimage\"},\"thumbnailUrl\":\"https:\\\/\\\/www.ultratourmonterosa.com\\\/wp-content\\\/uploads\\\/2018\\\/04\\\/SOL-bivy.jpg\",\"datePublished\":\"2014-08-02T01:12:14+00:00\",\"dateModified\":\"2025-08-25T09:45:56+00:00\",\"breadcrumb\":{\"@id\":\"https:\\\/\\\/www.ultratourmonterosa.com\\\/fr\\\/useful-information\\\/equipement-obligatoire\\\/#breadcrumb\"},\"inLanguage\":\"fr-FR\",\"potentialAction\":[{\"@type\":\"ReadAction\",\"target\":[\"https:\\\/\\\/www.ultratourmonterosa.com\\\/fr\\\/useful-information\\\/equipement-obligatoire\\\/\"]}]},{\"@type\":\"ImageObject\",\"inLanguage\":\"fr-FR\",\"@id\":\"https:\\\/\\\/www.ultratourmonterosa.com\\\/fr\\\/useful-information\\\/equipement-obligatoire\\\/#primaryimage\",\"url\":\"https:\\\/\\\/www.ultratourmonterosa.com\\\/wp-content\\\/uploads\\\/2018\\\/04\\\/SOL-bivy.jpg\",\"contentUrl\":\"https:\\\/\\\/www.ultratourmonterosa.com\\\/wp-content\\\/uploads\\\/2018\\\/04\\\/SOL-bivy.jpg\",\"width\":1080,\"height\":1080},{\"@type\":\"BreadcrumbList\",\"@id\":\"https:\\\/\\\/www.ultratourmonterosa.com\\\/fr\\\/useful-information\\\/equipement-obligatoire\\\/#breadcrumb\",\"itemListElement\":[{\"@type\":\"ListItem\",\"position\":1,\"name\":\"Home\",\"item\":\"https:\\\/\\\/www.ultratourmonterosa.com\\\/fr\\\/\"},{\"@type\":\"ListItem\",\"position\":2,\"name\":\"USEFUL INFORMATION\",\"item\":\"https:\\\/\\\/www.ultratourmonterosa.com\\\/fr\\\/useful-information\\\/\"},{\"@type\":\"ListItem\",\"position\":3,\"name\":\"\u00c9quipement obligatoire\"}]},{\"@type\":\"WebSite\",\"@id\":\"https:\\\/\\\/www.ultratourmonterosa.com\\\/#website\",\"url\":\"https:\\\/\\\/www.ultratourmonterosa.com\\\/\",\"name\":\"Ultra Tour Monte Rosa\",\"description\":\"4-7 september 2019\",\"publisher\":{\"@id\":\"https:\\\/\\\/www.ultratourmonterosa.com\\\/#organization\"},\"potentialAction\":[{\"@type\":\"SearchAction\",\"target\":{\"@type\":\"EntryPoint\",\"urlTemplate\":\"https:\\\/\\\/www.ultratourmonterosa.com\\\/?s={search_term_string}\"},\"query-input\":{\"@type\":\"PropertyValueSpecification\",\"valueRequired\":true,\"valueName\":\"search_term_string\"}}],\"inLanguage\":\"fr-FR\"},{\"@type\":\"Organization\",\"@id\":\"https:\\\/\\\/www.ultratourmonterosa.com\\\/#organization\",\"name\":\"Ultra Tour Monte Rosa\",\"url\":\"https:\\\/\\\/www.ultratourmonterosa.com\\\/\",\"logo\":{\"@type\":\"ImageObject\",\"inLanguage\":\"fr-FR\",\"@id\":\"https:\\\/\\\/www.ultratourmonterosa.com\\\/#\\\/schema\\\/logo\\\/image\\\/\",\"url\":\"https:\\\/\\\/www.ultratourmonterosa.com\\\/wp-content\\\/uploads\\\/2024\\\/09\\\/UTMR-logo-300px-1.png\",\"contentUrl\":\"https:\\\/\\\/www.ultratourmonterosa.com\\\/wp-content\\\/uploads\\\/2024\\\/09\\\/UTMR-logo-300px-1.png\",\"width\":300,\"height\":300,\"caption\":\"Ultra Tour Monte Rosa\"},\"image\":{\"@id\":\"https:\\\/\\\/www.ultratourmonterosa.com\\\/#\\\/schema\\\/logo\\\/image\\\/\"},\"sameAs\":[\"https:\\\/\\\/www.facebook.com\\\/UltraTourMonteRosa\\\/\",\"https:\\\/\\\/x.com\\\/UltraMonteRosa\"]}]}<\/script>\n<!-- \/ Yoast SEO plugin. -->","yoast_head_json":{"title":"\u00c9quipement obligatoire - Ultra Tour Monte Rosa","robots":{"index":"index","follow":"follow","max-snippet":"max-snippet:-1","max-image-preview":"max-image-preview:large","max-video-preview":"max-video-preview:-1"},"canonical":"https:\/\/www.ultratourmonterosa.com\/fr\/useful-information\/equipement-obligatoire\/","og_locale":"fr_FR","og_type":"article","og_title":"\u00c9quipement obligatoire - Ultra Tour Monte Rosa","og_description":"L\u2019UTMR est une course de longue distance difficile et difficile sur les sentiers alpins. Nous voulons que vous soyez en s\u00e9curit\u00e9, nous voulons que vous soyez pr\u00eat pour les conditions que vous pourriez faire face, et nous voulons que vous profitiez de votre exp\u00e9rience de course. Nous vous demanderons donc de transporter des \u00e9quipements obligatoires. [&hellip;]","og_url":"https:\/\/www.ultratourmonterosa.com\/fr\/useful-information\/equipement-obligatoire\/","og_site_name":"Ultra Tour Monte Rosa","article_publisher":"https:\/\/www.facebook.com\/UltraTourMonteRosa\/","article_modified_time":"2025-08-25T09:45:56+00:00","og_image":[{"width":1080,"height":1080,"url":"https:\/\/www.ultratourmonterosa.com\/wp-content\/uploads\/2018\/04\/SOL-bivy.jpg","type":"image\/jpeg"}],"twitter_card":"summary_large_image","twitter_site":"@UltraMonteRosa","twitter_misc":{"Dur\u00e9e de lecture estim\u00e9e":"3 minutes"},"schema":{"@context":"https:\/\/schema.org","@graph":[{"@type":"WebPage","@id":"https:\/\/www.ultratourmonterosa.com\/fr\/useful-information\/equipement-obligatoire\/","url":"https:\/\/www.ultratourmonterosa.com\/fr\/useful-information\/equipement-obligatoire\/","name":"\u00c9quipement obligatoire - Ultra Tour Monte Rosa","isPartOf":{"@id":"https:\/\/www.ultratourmonterosa.com\/#website"},"primaryImageOfPage":{"@id":"https:\/\/www.ultratourmonterosa.com\/fr\/useful-information\/equipement-obligatoire\/#primaryimage"},"image":{"@id":"https:\/\/www.ultratourmonterosa.com\/fr\/useful-information\/equipement-obligatoire\/#primaryimage"},"thumbnailUrl":"https:\/\/www.ultratourmonterosa.com\/wp-content\/uploads\/2018\/04\/SOL-bivy.jpg","datePublished":"2014-08-02T01:12:14+00:00","dateModified":"2025-08-25T09:45:56+00:00","breadcrumb":{"@id":"https:\/\/www.ultratourmonterosa.com\/fr\/useful-information\/equipement-obligatoire\/#breadcrumb"},"inLanguage":"fr-FR","potentialAction":[{"@type":"ReadAction","target":["https:\/\/www.ultratourmonterosa.com\/fr\/useful-information\/equipement-obligatoire\/"]}]},{"@type":"ImageObject","inLanguage":"fr-FR","@id":"https:\/\/www.ultratourmonterosa.com\/fr\/useful-information\/equipement-obligatoire\/#primaryimage","url":"https:\/\/www.ultratourmonterosa.com\/wp-content\/uploads\/2018\/04\/SOL-bivy.jpg","contentUrl":"https:\/\/www.ultratourmonterosa.com\/wp-content\/uploads\/2018\/04\/SOL-bivy.jpg","width":1080,"height":1080},{"@type":"BreadcrumbList","@id":"https:\/\/www.ultratourmonterosa.com\/fr\/useful-information\/equipement-obligatoire\/#breadcrumb","itemListElement":[{"@type":"ListItem","position":1,"name":"Home","item":"https:\/\/www.ultratourmonterosa.com\/fr\/"},{"@type":"ListItem","position":2,"name":"USEFUL INFORMATION","item":"https:\/\/www.ultratourmonterosa.com\/fr\/useful-information\/"},{"@type":"ListItem","position":3,"name":"\u00c9quipement obligatoire"}]},{"@type":"WebSite","@id":"https:\/\/www.ultratourmonterosa.com\/#website","url":"https:\/\/www.ultratourmonterosa.com\/","name":"Ultra Tour Monte Rosa","description":"4-7 september 2019","publisher":{"@id":"https:\/\/www.ultratourmonterosa.com\/#organization"},"potentialAction":[{"@type":"SearchAction","target":{"@type":"EntryPoint","urlTemplate":"https:\/\/www.ultratourmonterosa.com\/?s={search_term_string}"},"query-input":{"@type":"PropertyValueSpecification","valueRequired":true,"valueName":"search_term_string"}}],"inLanguage":"fr-FR"},{"@type":"Organization","@id":"https:\/\/www.ultratourmonterosa.com\/#organization","name":"Ultra Tour Monte Rosa","url":"https:\/\/www.ultratourmonterosa.com\/","logo":{"@type":"ImageObject","inLanguage":"fr-FR","@id":"https:\/\/www.ultratourmonterosa.com\/#\/schema\/logo\/image\/","url":"https:\/\/www.ultratourmonterosa.com\/wp-content\/uploads\/2024\/09\/UTMR-logo-300px-1.png","contentUrl":"https:\/\/www.ultratourmonterosa.com\/wp-content\/uploads\/2024\/09\/UTMR-logo-300px-1.png","width":300,"height":300,"caption":"Ultra Tour Monte Rosa"},"image":{"@id":"https:\/\/www.ultratourmonterosa.com\/#\/schema\/logo\/image\/"},"sameAs":["https:\/\/www.facebook.com\/UltraTourMonteRosa\/","https:\/\/x.com\/UltraMonteRosa"]}]}},"jetpack_shortlink":"https:\/\/wp.me\/P4DSVg-a6","jetpack_sharing_enabled":true,"_links":{"self":[{"href":"https:\/\/www.ultratourmonterosa.com\/fr\/wp-json\/wp\/v2\/pages\/626","targetHints":{"allow":["GET"]}}],"collection":[{"href":"https:\/\/www.ultratourmonterosa.com\/fr\/wp-json\/wp\/v2\/pages"}],"about":[{"href":"https:\/\/www.ultratourmonterosa.com\/fr\/wp-json\/wp\/v2\/types\/page"}],"author":[{"embeddable":true,"href":"https:\/\/www.ultratourmonterosa.com\/fr\/wp-json\/wp\/v2\/users\/2"}],"replies":[{"embeddable":true,"href":"https:\/\/www.ultratourmonterosa.com\/fr\/wp-json\/wp\/v2\/comments?post=626"}],"version-history":[{"count":5,"href":"https:\/\/www.ultratourmonterosa.com\/fr\/wp-json\/wp\/v2\/pages\/626\/revisions"}],"predecessor-version":[{"id":51326,"href":"https:\/\/www.ultratourmonterosa.com\/fr\/wp-json\/wp\/v2\/pages\/626\/revisions\/51326"}],"up":[{"embeddable":true,"href":"https:\/\/www.ultratourmonterosa.com\/fr\/wp-json\/wp\/v2\/pages\/17484"}],"wp:featuredmedia":[{"embeddable":true,"href":"https:\/\/www.ultratourmonterosa.com\/fr\/wp-json\/wp\/v2\/media\/30447"}],"wp:attachment":[{"href":"https:\/\/www.ultratourmonterosa.com\/fr\/wp-json\/wp\/v2\/media?parent=626"}],"curies":[{"name":"wp","href":"https:\/\/api.w.org\/{rel}","templated":true}]}}