{"id":634,"date":"2014-06-16T18:35:38","date_gmt":"2014-06-16T12:50:38","guid":{"rendered":"http:\/\/utmr.run\/travel-2\/"},"modified":"2024-05-08T17:31:12","modified_gmt":"2024-05-08T11:46:12","slug":"voyage-2","status":"publish","type":"page","link":"https:\/\/www.ultratourmonterosa.com\/fr\/useful-information\/voyage-2\/","title":{"rendered":"Voyage vers Gr\u00e4chen"},"content":{"rendered":"\n<div class=\"wp-block-group\"><div class=\"wp-block-group__inner-container is-layout-constrained wp-block-group-is-layout-constrained\">\n<h2 class=\"wp-block-heading\">Comment rejoindre Gr\u00e4chen<\/h2>\n\n\n\n<p>Gr\u00e4chen est un village au-dessus de St Niklaus dans la vall\u00e9e de la mati\u00e8re en Suisse. Regardez <a href=\"https:\/\/goo.gl\/maps\/9MDT2\" target=\"_blank\" rel=\"noopener noreferrer\">ici<\/a> pour son emplacement sur google maps. Gr\u00e4chen est facilement accessible par les transports en commun depuis les a\u00e9roports de Milan, Gen\u00e8ve et Zurich. Des informations compl\u00e8tes sur la fa\u00e7on d\u2019atteindre Gr\u00e4chen sont disponibles sur le site de l\u2019Office de Tourisme: <a href=\"http:\/\/www.graechen.ch\/site\/en\/services-arrival\/how-to-get-there\">ici<\/a>.<\/p>\n\n\n\n<p>Toutes les liaisons ferroviaires et de bus peuvent \u00eatre \u00e9labor\u00e9es \u00e0 l\u2019aide du merveilleux site web de la Swiss Railway <a href=\"http:\/\/www.sbb.ch\/en\">www.sbb.ch\/en<\/a>. Acheter un billet \u00e0 l&rsquo;avance vous permettra d&rsquo;\u00e9conomiser de l&rsquo;argent. Assurez-vous que votre destination est<strong>\u00ab\u00a0Gr\u00e4chen Zentrum<\/strong>\u00ab\u00a0. N&rsquo;oubliez pas que Gr\u00e4chen est en grande partie un village sans voiture et que tous les h\u00f4tels et appartements se trouvent \u00e0 distance de marche de la ligne de d\u00e9part\/arriv\u00e9e \u00e0 Gr\u00e4chen Dorfplatz. Indication utile&#8230; les trains partent directement des a\u00e9roports de Gen\u00e8ve et de Zurich. Voyager en Suisse est tr\u00e8s facile !<\/p>\n<\/div><\/div>\n\n<div style=\"height:50px\" aria-hidden=\"true\" class=\"wp-block-spacer\"><\/div>\n\n<div class=\"wp-block-group\"><div class=\"wp-block-group__inner-container is-layout-constrained wp-block-group-is-layout-constrained\">\n<h2 class=\"wp-block-heading\">Transferts par navette<\/h2>\n\n\n\n<p>Consultez ici la liste des navettes de bus propos\u00e9es en 2024 et les modalit\u00e9s de r\u00e9servation.  <\/p>\n\n\n\n<p><\/p>\n\n\n\n<p><a class=\"ur-btn ur-btn-yellow\" href=\"https:\/\/www.ultratourmonterosa.com\/fr\/useful-information\/navettes-de-bus\/\" target=\"_blank\" rel=\"noopener noreferrer\">Formulaire de r\u00e9servation de navette<\/a><\/p>\n<\/div><\/div>\n\n<div style=\"height:50px\" aria-hidden=\"true\" class=\"wp-block-spacer\"><\/div>\n\n<h2 class=\"wp-block-heading\">Carte de l\u2019emplacement<\/h2>\n\n<p>Cliquez sur la petite bo\u00eete dans le coin sup\u00e9rieur gauche pour plus d\u2019informations.<\/p>\n\n<p><iframe loading=\"lazy\" src=\"https:\/\/www.google.com\/maps\/d\/embed?mid=zD3a117sQji0.kfXN5Zb-n8I0\" width=\"640\" height=\"480\"><\/iframe><\/p>\n\n<div style=\"height:20px\" aria-hidden=\"true\" class=\"wp-block-spacer\"><\/div>\n\n<div style=\"height:20px\" aria-hidden=\"true\" class=\"wp-block-spacer\"><\/div>\n\n<h2 class=\"wp-block-heading\">De Chamonix<\/h2>\n\n<p>Si vous voyagez depuis Chamonix:<\/p>\n\n<ul class=\"wp-block-list\">\n<li>direction Gr\u00e4chen : en train via Vallorcine, puis Martigny, Vi\u00e8ge jusqu&rsquo;\u00e0 Gr\u00e4chen &#8211; r\u00e9servation via <a href=\"http:\/\/sbb.ch\/en\" target=\"_blank\" rel=\"noopener noreferrer\">sbb.ch\/en<\/a><\/li>\n\n\n\n<li>Navette de l&rsquo;UTMR  <\/li>\n\n\n\n<li>autopartage &#8211; voir ci-dessous!<\/li>\n<\/ul>\n\n<div style=\"height:20px\" aria-hidden=\"true\" class=\"wp-block-spacer\"><\/div>\n\n<h2 class=\"wp-block-heading\">Covoiturage<\/h2>\n\n<p>Si vous souhaitez partager une voiture, vous pouvez utiliser notre <a href=\"https:\/\/www.facebook.com\/groups\/1259415610830725\/\" target=\"_blank\" rel=\"noreferrer noopener\"> groupe facebook \u00ab\u00a0Friends of Ultra Tour Monte Rosa\u00a0\u00bb<\/a> pour vous connecter avec d&rsquo;autres coureurs !<\/p>\n\n<div style=\"height:20px\" aria-hidden=\"true\" class=\"wp-block-spacer\"><\/div>\n","protected":false},"excerpt":{"rendered":"<p>Comment rejoindre Gr\u00e4chen Gr\u00e4chen est un village au-dessus de St Niklaus dans la vall\u00e9e de la mati\u00e8re en Suisse. Regardez ici pour son emplacement sur google maps. Gr\u00e4chen est facilement accessible par les transports en commun depuis les a\u00e9roports de Milan, Gen\u00e8ve et Zurich. Des informations compl\u00e8tes sur la fa\u00e7on d\u2019atteindre Gr\u00e4chen sont disponibles sur [&hellip;]<\/p>\n","protected":false},"author":2,"featured_media":20477,"parent":17484,"menu_order":11,"comment_status":"open","ping_status":"open","template":"","meta":{"_acf_changed":false,"footnotes":"","_wp_rev_ctl_limit":""},"class_list":["post-634","page","type-page","status-publish","has-post-thumbnail","hentry"],"acf":[],"yoast_head":"<!-- This site is optimized with the Yoast SEO plugin v27.6 - https:\/\/yoast.com\/product\/yoast-seo-wordpress\/ -->\n<title>Voyage vers Gr\u00e4chen - Ultra Tour Monte Rosa<\/title>\n<meta name=\"robots\" content=\"index, follow, max-snippet:-1, max-image-preview:large, max-video-preview:-1\" \/>\n<link rel=\"canonical\" href=\"https:\/\/www.ultratourmonterosa.com\/fr\/useful-information\/voyage-2\/\" \/>\n<meta property=\"og:locale\" content=\"fr_FR\" \/>\n<meta property=\"og:type\" content=\"article\" \/>\n<meta property=\"og:title\" content=\"Voyage vers Gr\u00e4chen - Ultra Tour Monte Rosa\" \/>\n<meta property=\"og:description\" content=\"Comment rejoindre Gr\u00e4chen Gr\u00e4chen est un village au-dessus de St Niklaus dans la vall\u00e9e de la mati\u00e8re en Suisse. Regardez ici pour son emplacement sur google maps. Gr\u00e4chen est facilement accessible par les transports en commun depuis les a\u00e9roports de Milan, Gen\u00e8ve et Zurich. Des informations compl\u00e8tes sur la fa\u00e7on d\u2019atteindre Gr\u00e4chen sont disponibles sur [&hellip;]\" \/>\n<meta property=\"og:url\" content=\"https:\/\/www.ultratourmonterosa.com\/fr\/useful-information\/voyage-2\/\" \/>\n<meta property=\"og:site_name\" content=\"Ultra Tour Monte Rosa\" \/>\n<meta property=\"article:publisher\" content=\"https:\/\/www.facebook.com\/UltraTourMonteRosa\/\" \/>\n<meta property=\"article:modified_time\" content=\"2024-05-08T11:46:12+00:00\" \/>\n<meta property=\"og:image\" content=\"https:\/\/www.ultratourmonterosa.com\/wp-content\/uploads\/2014\/06\/transport-map-utmr.jpg\" \/>\n\t<meta property=\"og:image:width\" content=\"861\" \/>\n\t<meta property=\"og:image:height\" content=\"602\" \/>\n\t<meta property=\"og:image:type\" content=\"image\/jpeg\" \/>\n<meta name=\"twitter:card\" content=\"summary_large_image\" \/>\n<meta name=\"twitter:site\" content=\"@UltraMonteRosa\" \/>\n<meta name=\"twitter:label1\" content=\"Dur\u00e9e de lecture estim\u00e9e\" \/>\n\t<meta name=\"twitter:data1\" content=\"1 minute\" \/>\n<script type=\"application\/ld+json\" class=\"yoast-schema-graph\">{\"@context\":\"https:\\\/\\\/schema.org\",\"@graph\":[{\"@type\":\"WebPage\",\"@id\":\"https:\\\/\\\/www.ultratourmonterosa.com\\\/fr\\\/useful-information\\\/voyage-2\\\/\",\"url\":\"https:\\\/\\\/www.ultratourmonterosa.com\\\/fr\\\/useful-information\\\/voyage-2\\\/\",\"name\":\"Voyage vers Gr\u00e4chen - Ultra Tour Monte Rosa\",\"isPartOf\":{\"@id\":\"https:\\\/\\\/www.ultratourmonterosa.com\\\/#website\"},\"primaryImageOfPage\":{\"@id\":\"https:\\\/\\\/www.ultratourmonterosa.com\\\/fr\\\/useful-information\\\/voyage-2\\\/#primaryimage\"},\"image\":{\"@id\":\"https:\\\/\\\/www.ultratourmonterosa.com\\\/fr\\\/useful-information\\\/voyage-2\\\/#primaryimage\"},\"thumbnailUrl\":\"https:\\\/\\\/www.ultratourmonterosa.com\\\/wp-content\\\/uploads\\\/2014\\\/06\\\/transport-map-utmr.jpg\",\"datePublished\":\"2014-06-16T12:50:38+00:00\",\"dateModified\":\"2024-05-08T11:46:12+00:00\",\"breadcrumb\":{\"@id\":\"https:\\\/\\\/www.ultratourmonterosa.com\\\/fr\\\/useful-information\\\/voyage-2\\\/#breadcrumb\"},\"inLanguage\":\"fr-FR\",\"potentialAction\":[{\"@type\":\"ReadAction\",\"target\":[\"https:\\\/\\\/www.ultratourmonterosa.com\\\/fr\\\/useful-information\\\/voyage-2\\\/\"]}]},{\"@type\":\"ImageObject\",\"inLanguage\":\"fr-FR\",\"@id\":\"https:\\\/\\\/www.ultratourmonterosa.com\\\/fr\\\/useful-information\\\/voyage-2\\\/#primaryimage\",\"url\":\"https:\\\/\\\/www.ultratourmonterosa.com\\\/wp-content\\\/uploads\\\/2014\\\/06\\\/transport-map-utmr.jpg\",\"contentUrl\":\"https:\\\/\\\/www.ultratourmonterosa.com\\\/wp-content\\\/uploads\\\/2014\\\/06\\\/transport-map-utmr.jpg\",\"width\":861,\"height\":602,\"caption\":\"transport-map-utmr\"},{\"@type\":\"BreadcrumbList\",\"@id\":\"https:\\\/\\\/www.ultratourmonterosa.com\\\/fr\\\/useful-information\\\/voyage-2\\\/#breadcrumb\",\"itemListElement\":[{\"@type\":\"ListItem\",\"position\":1,\"name\":\"Home\",\"item\":\"https:\\\/\\\/www.ultratourmonterosa.com\\\/fr\\\/\"},{\"@type\":\"ListItem\",\"position\":2,\"name\":\"USEFUL INFORMATION\",\"item\":\"https:\\\/\\\/www.ultratourmonterosa.com\\\/fr\\\/useful-information\\\/\"},{\"@type\":\"ListItem\",\"position\":3,\"name\":\"Voyage vers Gr\u00e4chen\"}]},{\"@type\":\"WebSite\",\"@id\":\"https:\\\/\\\/www.ultratourmonterosa.com\\\/#website\",\"url\":\"https:\\\/\\\/www.ultratourmonterosa.com\\\/\",\"name\":\"Ultra Tour Monte Rosa\",\"description\":\"4-7 september 2019\",\"publisher\":{\"@id\":\"https:\\\/\\\/www.ultratourmonterosa.com\\\/#organization\"},\"potentialAction\":[{\"@type\":\"SearchAction\",\"target\":{\"@type\":\"EntryPoint\",\"urlTemplate\":\"https:\\\/\\\/www.ultratourmonterosa.com\\\/?s={search_term_string}\"},\"query-input\":{\"@type\":\"PropertyValueSpecification\",\"valueRequired\":true,\"valueName\":\"search_term_string\"}}],\"inLanguage\":\"fr-FR\"},{\"@type\":\"Organization\",\"@id\":\"https:\\\/\\\/www.ultratourmonterosa.com\\\/#organization\",\"name\":\"Ultra Tour Monte Rosa\",\"url\":\"https:\\\/\\\/www.ultratourmonterosa.com\\\/\",\"logo\":{\"@type\":\"ImageObject\",\"inLanguage\":\"fr-FR\",\"@id\":\"https:\\\/\\\/www.ultratourmonterosa.com\\\/#\\\/schema\\\/logo\\\/image\\\/\",\"url\":\"https:\\\/\\\/www.ultratourmonterosa.com\\\/wp-content\\\/uploads\\\/2024\\\/09\\\/UTMR-logo-300px-1.png\",\"contentUrl\":\"https:\\\/\\\/www.ultratourmonterosa.com\\\/wp-content\\\/uploads\\\/2024\\\/09\\\/UTMR-logo-300px-1.png\",\"width\":300,\"height\":300,\"caption\":\"Ultra Tour Monte Rosa\"},\"image\":{\"@id\":\"https:\\\/\\\/www.ultratourmonterosa.com\\\/#\\\/schema\\\/logo\\\/image\\\/\"},\"sameAs\":[\"https:\\\/\\\/www.facebook.com\\\/UltraTourMonteRosa\\\/\",\"https:\\\/\\\/x.com\\\/UltraMonteRosa\"]}]}<\/script>\n<!-- \/ Yoast SEO plugin. -->","yoast_head_json":{"title":"Voyage vers Gr\u00e4chen - Ultra Tour Monte Rosa","robots":{"index":"index","follow":"follow","max-snippet":"max-snippet:-1","max-image-preview":"max-image-preview:large","max-video-preview":"max-video-preview:-1"},"canonical":"https:\/\/www.ultratourmonterosa.com\/fr\/useful-information\/voyage-2\/","og_locale":"fr_FR","og_type":"article","og_title":"Voyage vers Gr\u00e4chen - Ultra Tour Monte Rosa","og_description":"Comment rejoindre Gr\u00e4chen Gr\u00e4chen est un village au-dessus de St Niklaus dans la vall\u00e9e de la mati\u00e8re en Suisse. Regardez ici pour son emplacement sur google maps. Gr\u00e4chen est facilement accessible par les transports en commun depuis les a\u00e9roports de Milan, Gen\u00e8ve et Zurich. Des informations compl\u00e8tes sur la fa\u00e7on d\u2019atteindre Gr\u00e4chen sont disponibles sur [&hellip;]","og_url":"https:\/\/www.ultratourmonterosa.com\/fr\/useful-information\/voyage-2\/","og_site_name":"Ultra Tour Monte Rosa","article_publisher":"https:\/\/www.facebook.com\/UltraTourMonteRosa\/","article_modified_time":"2024-05-08T11:46:12+00:00","og_image":[{"width":861,"height":602,"url":"https:\/\/www.ultratourmonterosa.com\/wp-content\/uploads\/2014\/06\/transport-map-utmr.jpg","type":"image\/jpeg"}],"twitter_card":"summary_large_image","twitter_site":"@UltraMonteRosa","twitter_misc":{"Dur\u00e9e de lecture estim\u00e9e":"1 minute"},"schema":{"@context":"https:\/\/schema.org","@graph":[{"@type":"WebPage","@id":"https:\/\/www.ultratourmonterosa.com\/fr\/useful-information\/voyage-2\/","url":"https:\/\/www.ultratourmonterosa.com\/fr\/useful-information\/voyage-2\/","name":"Voyage vers Gr\u00e4chen - Ultra Tour Monte Rosa","isPartOf":{"@id":"https:\/\/www.ultratourmonterosa.com\/#website"},"primaryImageOfPage":{"@id":"https:\/\/www.ultratourmonterosa.com\/fr\/useful-information\/voyage-2\/#primaryimage"},"image":{"@id":"https:\/\/www.ultratourmonterosa.com\/fr\/useful-information\/voyage-2\/#primaryimage"},"thumbnailUrl":"https:\/\/www.ultratourmonterosa.com\/wp-content\/uploads\/2014\/06\/transport-map-utmr.jpg","datePublished":"2014-06-16T12:50:38+00:00","dateModified":"2024-05-08T11:46:12+00:00","breadcrumb":{"@id":"https:\/\/www.ultratourmonterosa.com\/fr\/useful-information\/voyage-2\/#breadcrumb"},"inLanguage":"fr-FR","potentialAction":[{"@type":"ReadAction","target":["https:\/\/www.ultratourmonterosa.com\/fr\/useful-information\/voyage-2\/"]}]},{"@type":"ImageObject","inLanguage":"fr-FR","@id":"https:\/\/www.ultratourmonterosa.com\/fr\/useful-information\/voyage-2\/#primaryimage","url":"https:\/\/www.ultratourmonterosa.com\/wp-content\/uploads\/2014\/06\/transport-map-utmr.jpg","contentUrl":"https:\/\/www.ultratourmonterosa.com\/wp-content\/uploads\/2014\/06\/transport-map-utmr.jpg","width":861,"height":602,"caption":"transport-map-utmr"},{"@type":"BreadcrumbList","@id":"https:\/\/www.ultratourmonterosa.com\/fr\/useful-information\/voyage-2\/#breadcrumb","itemListElement":[{"@type":"ListItem","position":1,"name":"Home","item":"https:\/\/www.ultratourmonterosa.com\/fr\/"},{"@type":"ListItem","position":2,"name":"USEFUL INFORMATION","item":"https:\/\/www.ultratourmonterosa.com\/fr\/useful-information\/"},{"@type":"ListItem","position":3,"name":"Voyage vers Gr\u00e4chen"}]},{"@type":"WebSite","@id":"https:\/\/www.ultratourmonterosa.com\/#website","url":"https:\/\/www.ultratourmonterosa.com\/","name":"Ultra Tour Monte Rosa","description":"4-7 september 2019","publisher":{"@id":"https:\/\/www.ultratourmonterosa.com\/#organization"},"potentialAction":[{"@type":"SearchAction","target":{"@type":"EntryPoint","urlTemplate":"https:\/\/www.ultratourmonterosa.com\/?s={search_term_string}"},"query-input":{"@type":"PropertyValueSpecification","valueRequired":true,"valueName":"search_term_string"}}],"inLanguage":"fr-FR"},{"@type":"Organization","@id":"https:\/\/www.ultratourmonterosa.com\/#organization","name":"Ultra Tour Monte Rosa","url":"https:\/\/www.ultratourmonterosa.com\/","logo":{"@type":"ImageObject","inLanguage":"fr-FR","@id":"https:\/\/www.ultratourmonterosa.com\/#\/schema\/logo\/image\/","url":"https:\/\/www.ultratourmonterosa.com\/wp-content\/uploads\/2024\/09\/UTMR-logo-300px-1.png","contentUrl":"https:\/\/www.ultratourmonterosa.com\/wp-content\/uploads\/2024\/09\/UTMR-logo-300px-1.png","width":300,"height":300,"caption":"Ultra Tour Monte Rosa"},"image":{"@id":"https:\/\/www.ultratourmonterosa.com\/#\/schema\/logo\/image\/"},"sameAs":["https:\/\/www.facebook.com\/UltraTourMonteRosa\/","https:\/\/x.com\/UltraMonteRosa"]}]}},"jetpack_shortlink":"https:\/\/wp.me\/P4DSVg-ae","jetpack_sharing_enabled":true,"_links":{"self":[{"href":"https:\/\/www.ultratourmonterosa.com\/fr\/wp-json\/wp\/v2\/pages\/634","targetHints":{"allow":["GET"]}}],"collection":[{"href":"https:\/\/www.ultratourmonterosa.com\/fr\/wp-json\/wp\/v2\/pages"}],"about":[{"href":"https:\/\/www.ultratourmonterosa.com\/fr\/wp-json\/wp\/v2\/types\/page"}],"author":[{"embeddable":true,"href":"https:\/\/www.ultratourmonterosa.com\/fr\/wp-json\/wp\/v2\/users\/2"}],"replies":[{"embeddable":true,"href":"https:\/\/www.ultratourmonterosa.com\/fr\/wp-json\/wp\/v2\/comments?post=634"}],"version-history":[{"count":5,"href":"https:\/\/www.ultratourmonterosa.com\/fr\/wp-json\/wp\/v2\/pages\/634\/revisions"}],"predecessor-version":[{"id":50568,"href":"https:\/\/www.ultratourmonterosa.com\/fr\/wp-json\/wp\/v2\/pages\/634\/revisions\/50568"}],"up":[{"embeddable":true,"href":"https:\/\/www.ultratourmonterosa.com\/fr\/wp-json\/wp\/v2\/pages\/17484"}],"wp:featuredmedia":[{"embeddable":true,"href":"https:\/\/www.ultratourmonterosa.com\/fr\/wp-json\/wp\/v2\/media\/20477"}],"wp:attachment":[{"href":"https:\/\/www.ultratourmonterosa.com\/fr\/wp-json\/wp\/v2\/media?parent=634"}],"curies":[{"name":"wp","href":"https:\/\/api.w.org\/{rel}","templated":true}]}}