{"id":17449,"date":"2015-04-01T08:53:35","date_gmt":"2015-04-01T03:08:35","guid":{"rendered":"https:\/\/utmr.run\/it\/terms-and-conditions\/"},"modified":"2024-05-08T17:06:38","modified_gmt":"2024-05-08T11:21:38","slug":"termini-e-condizioni","status":"publish","type":"page","link":"https:\/\/www.ultratourmonterosa.com\/it\/termini-e-condizioni\/","title":{"rendered":"Termini e condizioni"},"content":{"rendered":"<p>All&#8217;invio del modulo di registrazione:-<\/p>\n<p>Il partecipante presenta una registrazione autodi volont\u00e0 e vincolante per Ultra Tour Monte Rosa (&#8220;l&#8217;evento&#8221;), organizzato da KORA Explore GmbH (&#8220;l&#8217;organizzazione&#8221;).<\/p>\n<p>Il partecipante comprende le esigenze dell&#8217;evento e garantisce che possieda le competenze e l&#8217;esperienza necessarie.<\/p>\n<p>Sono escluse le richieste di risarcimento da parte del partecipante nei confronti dell&#8217;organizzatore, per qualsiasi motivo legale. Ogni partecipante accetta di rinunciare a tutte le richieste legali contro l&#8217;organizzatore o il promotore, nonch\u00e9 i propri assistenti o agenti. Ci\u00f2 non si applica, se l&#8217;organizzatore, i suoi rappresentanti legali o i suoi agenti hanno agito con intento o con grave negligenza nell&#8217;esecuzione delle loro funzioni o se l&#8217;organizzatore \u00e8 debitamente responsabile a causa di danni responsabili derivanti da lesioni alla vita, al corpo o alla salute di una persona o alla violazione degli obblighi contrattuali costitutivi.<\/p>\n<p>Il partecipante acconsente ad essere sottoposto a test e ispezioni sulla sua persona e sulle attrezzature obbligatorie come ordinato dall&#8217;organizzazione.<\/p>\n<p>Il partecipante conosce, comprende e riconosce pienamente le condizioni di partecipazione e le norme e i regolamenti. Il partecipante conferma espressamente di aver letto e compreso pienamente le norme e i regolamenti.<\/p>\n<p>In considerazione dell&#8217;opportunit\u00e0 di partecipare all&#8217;evento, il partecipante concede all&#8217;organizzatore una licenza unica per utilizzare e sfruttare in qualsiasi modo qualsiasi fotografia, immagine, video o altri media derivanti o collegati all&#8217;evento in tutto il mondo in tutti i media.<\/p>\n<p>Il partecipante accetta la pubblicazione della sua classifica pubblica ottenuta durante l&#8217;evento, insieme al loro nome.<\/p>\n<p>Con il rilascio di un indirizzo e-mail, il partecipante consente consapevolmente all&#8217;organizzatore di utilizzare questo indirizzo e-mail per inviare ulteriori informazioni sull&#8217;evento.<\/p>\n<p>L&#8217;organizzatore non sar\u00e0 responsabile per i rischi per la salute di un partecipante che \u00e8 in alcun modo collegato alla presa dell&#8217;evento. Spetta al partecipante assicurarsi che sia in buona salute e che il partecipante warranti e si impegni che sia cos\u00ec.<\/p>\n<p>Il partecipante deve occuparsi della propria attrezzatura obbligatoria secondo le norme e i regolamenti.<\/p>\n<p>Il partecipante accetta che la partecipazione all&#8217;evento sar\u00e0 a proprio rischio e che esiste un&#8217;adeguata copertura assicurativa personale (valida in paesi stranieri) in caso di incidente o infortunio.<\/p>\n<p>Partendo dall&#8217;evento, il partecipante afferma di non essere a conoscenza di eventuali problemi di salute che minerebbero la sua partecipazione all&#8217;evento e che il suo livello fisico di prestazioni soddisfa i requisiti che una tale gara di resistenza alpina pone sul corpo e sulla mente.<\/p>\n<p>L&#8217;organizzatore non sar\u00e0 responsabile per oggetti di valore, abbigliamento o attrezzature perduti.<\/p>\n<p>L&#8217;organizzatore non \u00e8 ritenuto responsabile n\u00e9 responsabile per il ritardo nell&#8217;esecuzione o la mancata esecuzione dei suoi obblighi in relazione all&#8217;evento se tale ritardo o fallimento deriva da eventi, circostanze o cause al di fuori del suo ragionevole controllo. L&#8217;organizzatore declina ulteriormente ogni responsabilit\u00e0 per i danni che possono sorgere perch\u00e9 un partecipante \u00e8 impedito dalle norme legali e\/o dagli ordini governativi di partecipare all&#8217;evento.<\/p>\n<p>Tutti i partecipanti devono restituire all&#8217;organizzatore il chip di cronometraggio emesso dopo l&#8217;evento alla FINISH<\/p>\n<p>I costi per i servizi di terze parti, ad esempio i servizi di soccorso, devono essere pagati dal partecipante. L&#8217;organizzatore si riserva il diritto di addebitare uno qualsiasi di questi costi al partecipante e il partecipante che si sottonote indennizza l&#8217;organizzatore per quanto riguarda tali costi che l&#8217;organizzatore potrebbe sostenere per conto del partecipante. Si raccomanda vivamente di avere un&#8217;assicurazione sanitaria privata (valida all&#8217;estero), che copre il salvataggio in elicottero e il trasporto dei pazienti a casa.<\/p>\n<p>Ogni partecipante accetta che i controlli delle attrezzature obbligatorie possano essere effettuati in qualsiasi momento durante l&#8217;evento e la mancanza di attrezzature obbligatorie pu\u00f2 portare alla squalifica. Il partecipante accetta il giudizio dell&#8217;organizzazione per questo.<\/p>\n<p>Ogni partecipante scagiona l&#8217;organizzatore da ogni responsabilit\u00e0 per i danni a beni e persone, tra cui lesioni personali e\/o morte. Ogni partecipante ha tutta la responsabilit\u00e0 esclusiva per eventuali danni causati a terzi o propriet\u00e0 di terze parti. Ogni partecipante accetta che l&#8217;organizzatore non sia responsabile nei giorni di vita del partecipante per qualsiasi azione di spettatori o terzi all&#8217;evento.<\/p>\n<p>L&#8217;organizzatore ha il diritto di assegnare, concedere in licenza o trattare in qualsiasi altro modo con uno o tutti i suoi diritti e obblighi.<\/p>\n<p>I presenti termini e condizioni e qualsiasi controversia o reclamo derivante da o in relazione ad essi o dalla sua materia o formazione (comprese le controversie o le rivendicazioni non contrattuali) sono disciplinati e interpretati in conformit\u00e0 con la legge della Svizzera. Ciascuna delle parti concorda irrevocabilmente che i tribunali svizzeri abbiano giurisdizione esclusiva per risolvere qualsiasi controversia o reclamo derivante o in relazione al presente accordo o alla sua materia o formazione (comprese le controversie o le rivendicazioni non contrattuali).<\/p>\n","protected":false},"excerpt":{"rendered":"<p>All&#8217;invio del modulo di registrazione:- Il partecipante presenta una registrazione autodi volont\u00e0 e vincolante per Ultra Tour Monte Rosa (&#8220;l&#8217;evento&#8221;), organizzato da KORA Explore GmbH (&#8220;l&#8217;organizzazione&#8221;). Il partecipante comprende le esigenze dell&#8217;evento e garantisce che possieda le competenze e l&#8217;esperienza necessarie. Sono escluse le richieste di risarcimento da parte del partecipante nei confronti dell&#8217;organizzatore, per [&hellip;]<\/p>\n","protected":false},"author":2,"featured_media":17154,"parent":0,"menu_order":5,"comment_status":"closed","ping_status":"closed","template":"","meta":{"_acf_changed":false,"footnotes":"","_wp_rev_ctl_limit":""},"class_list":["post-17449","page","type-page","status-publish","has-post-thumbnail","hentry"],"acf":[],"yoast_head":"<!-- This site is optimized with the Yoast SEO plugin v27.5 - https:\/\/yoast.com\/product\/yoast-seo-wordpress\/ -->\n<title>Termini e condizioni - Ultra Tour Monte Rosa<\/title>\n<meta name=\"robots\" content=\"index, follow, max-snippet:-1, max-image-preview:large, max-video-preview:-1\" \/>\n<link rel=\"canonical\" href=\"https:\/\/www.ultratourmonterosa.com\/it\/termini-e-condizioni\/\" \/>\n<meta property=\"og:locale\" content=\"it_IT\" \/>\n<meta property=\"og:type\" content=\"article\" \/>\n<meta property=\"og:title\" content=\"Termini e condizioni - Ultra Tour Monte Rosa\" \/>\n<meta property=\"og:description\" content=\"All&#8217;invio del modulo di registrazione:- Il partecipante presenta una registrazione autodi volont\u00e0 e vincolante per Ultra Tour Monte Rosa (&#8220;l&#8217;evento&#8221;), organizzato da KORA Explore GmbH (&#8220;l&#8217;organizzazione&#8221;). Il partecipante comprende le esigenze dell&#8217;evento e garantisce che possieda le competenze e l&#8217;esperienza necessarie. Sono escluse le richieste di risarcimento da parte del partecipante nei confronti dell&#8217;organizzatore, per [&hellip;]\" \/>\n<meta property=\"og:url\" content=\"https:\/\/www.ultratourmonterosa.com\/it\/termini-e-condizioni\/\" \/>\n<meta property=\"og:site_name\" content=\"Ultra Tour Monte Rosa\" \/>\n<meta property=\"article:publisher\" content=\"https:\/\/www.facebook.com\/UltraTourMonteRosa\/\" \/>\n<meta property=\"article:modified_time\" content=\"2024-05-08T11:21:38+00:00\" \/>\n<meta property=\"og:image\" content=\"https:\/\/www.ultratourmonterosa.com\/wp-content\/uploads\/2015\/10\/UTMR-2015-Day-3-IMG_1481-LBelcher-WEB-2.jpg\" \/>\n\t<meta property=\"og:image:width\" content=\"1600\" \/>\n\t<meta property=\"og:image:height\" content=\"1066\" \/>\n\t<meta property=\"og:image:type\" content=\"image\/jpeg\" \/>\n<meta name=\"twitter:card\" content=\"summary_large_image\" \/>\n<meta name=\"twitter:site\" content=\"@UltraMonteRosa\" \/>\n<meta name=\"twitter:label1\" content=\"Tempo di lettura stimato\" \/>\n\t<meta name=\"twitter:data1\" content=\"4 minuti\" \/>\n<script type=\"application\/ld+json\" class=\"yoast-schema-graph\">{\"@context\":\"https:\\\/\\\/schema.org\",\"@graph\":[{\"@type\":\"WebPage\",\"@id\":\"https:\\\/\\\/www.ultratourmonterosa.com\\\/it\\\/termini-e-condizioni\\\/\",\"url\":\"https:\\\/\\\/www.ultratourmonterosa.com\\\/it\\\/termini-e-condizioni\\\/\",\"name\":\"Termini e condizioni - Ultra Tour Monte Rosa\",\"isPartOf\":{\"@id\":\"https:\\\/\\\/www.ultratourmonterosa.com\\\/#website\"},\"primaryImageOfPage\":{\"@id\":\"https:\\\/\\\/www.ultratourmonterosa.com\\\/it\\\/termini-e-condizioni\\\/#primaryimage\"},\"image\":{\"@id\":\"https:\\\/\\\/www.ultratourmonterosa.com\\\/it\\\/termini-e-condizioni\\\/#primaryimage\"},\"thumbnailUrl\":\"https:\\\/\\\/www.ultratourmonterosa.com\\\/wp-content\\\/uploads\\\/2015\\\/10\\\/UTMR-2015-Day-3-IMG_1481-LBelcher-WEB-2.jpg\",\"datePublished\":\"2015-04-01T03:08:35+00:00\",\"dateModified\":\"2024-05-08T11:21:38+00:00\",\"breadcrumb\":{\"@id\":\"https:\\\/\\\/www.ultratourmonterosa.com\\\/it\\\/termini-e-condizioni\\\/#breadcrumb\"},\"inLanguage\":\"it-IT\",\"potentialAction\":[{\"@type\":\"ReadAction\",\"target\":[\"https:\\\/\\\/www.ultratourmonterosa.com\\\/it\\\/termini-e-condizioni\\\/\"]}]},{\"@type\":\"ImageObject\",\"inLanguage\":\"it-IT\",\"@id\":\"https:\\\/\\\/www.ultratourmonterosa.com\\\/it\\\/termini-e-condizioni\\\/#primaryimage\",\"url\":\"https:\\\/\\\/www.ultratourmonterosa.com\\\/wp-content\\\/uploads\\\/2015\\\/10\\\/UTMR-2015-Day-3-IMG_1481-LBelcher-WEB-2.jpg\",\"contentUrl\":\"https:\\\/\\\/www.ultratourmonterosa.com\\\/wp-content\\\/uploads\\\/2015\\\/10\\\/UTMR-2015-Day-3-IMG_1481-LBelcher-WEB-2.jpg\",\"width\":1600,\"height\":1066,\"caption\":\"Un inizio mattutino nel 2015!\"},{\"@type\":\"BreadcrumbList\",\"@id\":\"https:\\\/\\\/www.ultratourmonterosa.com\\\/it\\\/termini-e-condizioni\\\/#breadcrumb\",\"itemListElement\":[{\"@type\":\"ListItem\",\"position\":1,\"name\":\"Home\",\"item\":\"https:\\\/\\\/www.ultratourmonterosa.com\\\/it\\\/\"},{\"@type\":\"ListItem\",\"position\":2,\"name\":\"Termini e condizioni\"}]},{\"@type\":\"WebSite\",\"@id\":\"https:\\\/\\\/www.ultratourmonterosa.com\\\/#website\",\"url\":\"https:\\\/\\\/www.ultratourmonterosa.com\\\/\",\"name\":\"Ultra Tour Monte Rosa\",\"description\":\"3-6 September 2025\",\"publisher\":{\"@id\":\"https:\\\/\\\/www.ultratourmonterosa.com\\\/#organization\"},\"potentialAction\":[{\"@type\":\"SearchAction\",\"target\":{\"@type\":\"EntryPoint\",\"urlTemplate\":\"https:\\\/\\\/www.ultratourmonterosa.com\\\/?s={search_term_string}\"},\"query-input\":{\"@type\":\"PropertyValueSpecification\",\"valueRequired\":true,\"valueName\":\"search_term_string\"}}],\"inLanguage\":\"it-IT\"},{\"@type\":\"Organization\",\"@id\":\"https:\\\/\\\/www.ultratourmonterosa.com\\\/#organization\",\"name\":\"Ultra Tour Monte Rosa\",\"url\":\"https:\\\/\\\/www.ultratourmonterosa.com\\\/\",\"logo\":{\"@type\":\"ImageObject\",\"inLanguage\":\"it-IT\",\"@id\":\"https:\\\/\\\/www.ultratourmonterosa.com\\\/#\\\/schema\\\/logo\\\/image\\\/\",\"url\":\"https:\\\/\\\/www.ultratourmonterosa.com\\\/wp-content\\\/uploads\\\/2024\\\/09\\\/UTMR-logo-300px-1.png\",\"contentUrl\":\"https:\\\/\\\/www.ultratourmonterosa.com\\\/wp-content\\\/uploads\\\/2024\\\/09\\\/UTMR-logo-300px-1.png\",\"width\":300,\"height\":300,\"caption\":\"Ultra Tour Monte Rosa\"},\"image\":{\"@id\":\"https:\\\/\\\/www.ultratourmonterosa.com\\\/#\\\/schema\\\/logo\\\/image\\\/\"},\"sameAs\":[\"https:\\\/\\\/www.facebook.com\\\/UltraTourMonteRosa\\\/\",\"https:\\\/\\\/x.com\\\/UltraMonteRosa\"]}]}<\/script>\n<!-- \/ Yoast SEO plugin. -->","yoast_head_json":{"title":"Termini e condizioni - Ultra Tour Monte Rosa","robots":{"index":"index","follow":"follow","max-snippet":"max-snippet:-1","max-image-preview":"max-image-preview:large","max-video-preview":"max-video-preview:-1"},"canonical":"https:\/\/www.ultratourmonterosa.com\/it\/termini-e-condizioni\/","og_locale":"it_IT","og_type":"article","og_title":"Termini e condizioni - Ultra Tour Monte Rosa","og_description":"All&#8217;invio del modulo di registrazione:- Il partecipante presenta una registrazione autodi volont\u00e0 e vincolante per Ultra Tour Monte Rosa (&#8220;l&#8217;evento&#8221;), organizzato da KORA Explore GmbH (&#8220;l&#8217;organizzazione&#8221;). Il partecipante comprende le esigenze dell&#8217;evento e garantisce che possieda le competenze e l&#8217;esperienza necessarie. Sono escluse le richieste di risarcimento da parte del partecipante nei confronti dell&#8217;organizzatore, per [&hellip;]","og_url":"https:\/\/www.ultratourmonterosa.com\/it\/termini-e-condizioni\/","og_site_name":"Ultra Tour Monte Rosa","article_publisher":"https:\/\/www.facebook.com\/UltraTourMonteRosa\/","article_modified_time":"2024-05-08T11:21:38+00:00","og_image":[{"width":1600,"height":1066,"url":"https:\/\/www.ultratourmonterosa.com\/wp-content\/uploads\/2015\/10\/UTMR-2015-Day-3-IMG_1481-LBelcher-WEB-2.jpg","type":"image\/jpeg"}],"twitter_card":"summary_large_image","twitter_site":"@UltraMonteRosa","twitter_misc":{"Tempo di lettura stimato":"4 minuti"},"schema":{"@context":"https:\/\/schema.org","@graph":[{"@type":"WebPage","@id":"https:\/\/www.ultratourmonterosa.com\/it\/termini-e-condizioni\/","url":"https:\/\/www.ultratourmonterosa.com\/it\/termini-e-condizioni\/","name":"Termini e condizioni - Ultra Tour Monte Rosa","isPartOf":{"@id":"https:\/\/www.ultratourmonterosa.com\/#website"},"primaryImageOfPage":{"@id":"https:\/\/www.ultratourmonterosa.com\/it\/termini-e-condizioni\/#primaryimage"},"image":{"@id":"https:\/\/www.ultratourmonterosa.com\/it\/termini-e-condizioni\/#primaryimage"},"thumbnailUrl":"https:\/\/www.ultratourmonterosa.com\/wp-content\/uploads\/2015\/10\/UTMR-2015-Day-3-IMG_1481-LBelcher-WEB-2.jpg","datePublished":"2015-04-01T03:08:35+00:00","dateModified":"2024-05-08T11:21:38+00:00","breadcrumb":{"@id":"https:\/\/www.ultratourmonterosa.com\/it\/termini-e-condizioni\/#breadcrumb"},"inLanguage":"it-IT","potentialAction":[{"@type":"ReadAction","target":["https:\/\/www.ultratourmonterosa.com\/it\/termini-e-condizioni\/"]}]},{"@type":"ImageObject","inLanguage":"it-IT","@id":"https:\/\/www.ultratourmonterosa.com\/it\/termini-e-condizioni\/#primaryimage","url":"https:\/\/www.ultratourmonterosa.com\/wp-content\/uploads\/2015\/10\/UTMR-2015-Day-3-IMG_1481-LBelcher-WEB-2.jpg","contentUrl":"https:\/\/www.ultratourmonterosa.com\/wp-content\/uploads\/2015\/10\/UTMR-2015-Day-3-IMG_1481-LBelcher-WEB-2.jpg","width":1600,"height":1066,"caption":"Un inizio mattutino nel 2015!"},{"@type":"BreadcrumbList","@id":"https:\/\/www.ultratourmonterosa.com\/it\/termini-e-condizioni\/#breadcrumb","itemListElement":[{"@type":"ListItem","position":1,"name":"Home","item":"https:\/\/www.ultratourmonterosa.com\/it\/"},{"@type":"ListItem","position":2,"name":"Termini e condizioni"}]},{"@type":"WebSite","@id":"https:\/\/www.ultratourmonterosa.com\/#website","url":"https:\/\/www.ultratourmonterosa.com\/","name":"Ultra Tour Monte Rosa","description":"3-6 September 2025","publisher":{"@id":"https:\/\/www.ultratourmonterosa.com\/#organization"},"potentialAction":[{"@type":"SearchAction","target":{"@type":"EntryPoint","urlTemplate":"https:\/\/www.ultratourmonterosa.com\/?s={search_term_string}"},"query-input":{"@type":"PropertyValueSpecification","valueRequired":true,"valueName":"search_term_string"}}],"inLanguage":"it-IT"},{"@type":"Organization","@id":"https:\/\/www.ultratourmonterosa.com\/#organization","name":"Ultra Tour Monte Rosa","url":"https:\/\/www.ultratourmonterosa.com\/","logo":{"@type":"ImageObject","inLanguage":"it-IT","@id":"https:\/\/www.ultratourmonterosa.com\/#\/schema\/logo\/image\/","url":"https:\/\/www.ultratourmonterosa.com\/wp-content\/uploads\/2024\/09\/UTMR-logo-300px-1.png","contentUrl":"https:\/\/www.ultratourmonterosa.com\/wp-content\/uploads\/2024\/09\/UTMR-logo-300px-1.png","width":300,"height":300,"caption":"Ultra Tour Monte Rosa"},"image":{"@id":"https:\/\/www.ultratourmonterosa.com\/#\/schema\/logo\/image\/"},"sameAs":["https:\/\/www.facebook.com\/UltraTourMonteRosa\/","https:\/\/x.com\/UltraMonteRosa"]}]}},"jetpack_shortlink":"https:\/\/wp.me\/P4DSVg-4xr","jetpack_sharing_enabled":true,"_links":{"self":[{"href":"https:\/\/www.ultratourmonterosa.com\/it\/wp-json\/wp\/v2\/pages\/17449","targetHints":{"allow":["GET"]}}],"collection":[{"href":"https:\/\/www.ultratourmonterosa.com\/it\/wp-json\/wp\/v2\/pages"}],"about":[{"href":"https:\/\/www.ultratourmonterosa.com\/it\/wp-json\/wp\/v2\/types\/page"}],"author":[{"embeddable":true,"href":"https:\/\/www.ultratourmonterosa.com\/it\/wp-json\/wp\/v2\/users\/2"}],"replies":[{"embeddable":true,"href":"https:\/\/www.ultratourmonterosa.com\/it\/wp-json\/wp\/v2\/comments?post=17449"}],"version-history":[{"count":1,"href":"https:\/\/www.ultratourmonterosa.com\/it\/wp-json\/wp\/v2\/pages\/17449\/revisions"}],"predecessor-version":[{"id":41635,"href":"https:\/\/www.ultratourmonterosa.com\/it\/wp-json\/wp\/v2\/pages\/17449\/revisions\/41635"}],"wp:featuredmedia":[{"embeddable":true,"href":"https:\/\/www.ultratourmonterosa.com\/it\/wp-json\/wp\/v2\/media\/17154"}],"wp:attachment":[{"href":"https:\/\/www.ultratourmonterosa.com\/it\/wp-json\/wp\/v2\/media?parent=17449"}],"curies":[{"name":"wp","href":"https:\/\/api.w.org\/{rel}","templated":true}]}}