{"id":34499,"date":"2017-02-23T15:04:10","date_gmt":"2017-02-23T09:19:10","guid":{"rendered":"https:\/\/utmr.run\/cancellation-policy\/"},"modified":"2024-05-08T17:29:17","modified_gmt":"2024-05-08T11:44:17","slug":"politica-di-cancellazione","status":"publish","type":"page","link":"https:\/\/www.ultratourmonterosa.com\/it\/useful-information\/politica-di-cancellazione\/","title":{"rendered":"Politica di annullamento"},"content":{"rendered":"\n<h2 class=\"wp-block-heading\" id=\"-notification-\"><strong>Notifica<\/strong><\/h2>\n\n<p>Se non sei in grado di partecipare e desideri annullare la registrazione, devi informare l&#8217;organizzazione di gara via <a href=\"mailto:contact@ultratourmonterosa.com\" target=\"_blank\" rel=\"noopener noreferrer\">e-mail contact@ultratourmonterosa.com<\/a>.<\/p>\n\n<div style=\"height:50px\" aria-hidden=\"true\" class=\"wp-block-spacer\"><\/div>\n\n<h2 class=\"wp-block-heading\" id=\"cancellation-\">Cancellazione <\/h2>\n\n<p><\/p>\n\n<ul class=\"wp-block-list\">\n<li>fino al 30 aprile &#8211; <strong style=\"color: initial; font-family: -apple-system, BlinkMacSystemFont, \" segoe=\"\" ui=\"\" roboto=\"\" oxygen-sans=\"\" ubuntu=\"\" cantarell=\"\" neue=\"\" sans-serif=\"\">70% di rimborso <\/strong> <\/li>\n\n\n\n<li>tra il 1\u00b0 maggio e il 30 giugno &#8211; <strong style=\"color: initial; font-family: -apple-system, BlinkMacSystemFont, \" segoe=\"\" ui=\"\" roboto=\"\" oxygen-sans=\"\" ubuntu=\"\" cantarell=\"\" neue=\"\" sans-serif=\"\">60% di rimborso <\/strong> <\/li>\n\n\n\n<li>tra il 1 luglio e il 31 luglio &#8211; <strong>rimborso del 40% <\/strong> <\/li>\n\n\n\n<li>dopo il 1\u00b0 agosto \u21d2 <strong>nessun rimborso<\/strong><\/li>\n<\/ul>\n\n<div style=\"height:50px\" aria-hidden=\"true\" class=\"wp-block-spacer\"><\/div>\n\n<p id=\"stage-race-accommodation\">Alloggio per la gara aTappa <\/p>\n\n<ul class=\"wp-block-list\">\n<li>fino al 21 luglio &#8211; <em>rimborso dell&#8217;80% dell&#8217;alloggio della Tappa<\/em><\/li>\n\n\n\n<li>dal 22<span style=\"color: initial; font-family: -apple-system, BlinkMacSystemFont, \" segoe=\"\" ui=\"\" roboto=\"\" oxygen-sans=\"\" ubuntu=\"\" cantarell=\"\" neue=\"\" sans-serif=\"\"> luglio &#8211; nessun rimborso<\/span><\/li>\n<\/ul>\n\n<div style=\"height:50px\" aria-hidden=\"true\" class=\"wp-block-spacer\"><\/div>\n\n<p><strong>Siete pregati di notare che:<\/strong><\/p>\n\n<ul class=\"wp-block-list\">\n<li>Non \u00e8 possibile alcuno scambio di numero di gara.<\/li>\n\n\n\n<li>I trasferimenti tra le gare sono consentiti solo fino al 22 luglio, in base alle condizioni e previa discussione con il direttore di gara.<\/li>\n\n\n\n<li>Non possiamo offrire l&#8217;opzione di rinvio al 2025.<\/li>\n<\/ul>\n\n<p><strong>Gravidanza:<\/strong><\/p>\n\n<ul class=\"wp-block-list\">\n<li>Offriamo un rimborso del 95% alla futura madre e un ingresso prioritario per una futura edizione di UTMR. Vi preghiamo di avvisarci il prima possibile. Buona Fortuna!<\/li>\n<\/ul>\n\n<p><strong>Circostanze eccezionali:<\/strong><\/p>\n\n<ul class=\"wp-block-list\">\n<li>Considereremo sempre le circostanze in sospeso su base individuale. Si prega di notare che questo \u00e8 per la morte, grave malattia familiare, incidente ecc. (non covid-19, cambiamenti di lavoro, lesioni personali).<\/li>\n<\/ul>\n\n<p><strong>Rimborsi<\/strong><\/p>\n\n<ul class=\"wp-block-list\">\n<li>Il rimborso verr\u00e0 elaborato entro 30 giorni dalla richiesta. Riceverai una ricevuta da Kora Explore tramite stripe.com e l&#8217;importo verr\u00e0 accreditato sulla tua carta di pagamento \/ conto originale entro 5-10 giorni.<\/li>\n<\/ul>\n\n<div style=\"height:50px\" aria-hidden=\"true\" class=\"wp-block-spacer\"><\/div>\n\n<h2 class=\"wp-block-heading\" id=\"event-cancellation\">Annullamento dell&#8217;evento<\/h2>\n\n<p>In caso di cancellazione dell&#8217;evento offriamo un rimborso minimo del 60% dell&#8217;iscrizione (80% dell&#8217;alloggio per la gara a Tappa ) fino a 15 giorni prima della gara. A seconda della data e delle circostanze della cancellazione, pu\u00f2 essere offerta un&#8217;opzione di rimborso o differimento pi\u00f9 ampia. Non ci sar\u00e0 alcun rimborso se l&#8217;evento viene annullato entro 15 giorni dall&#8217;evento.<\/p>\n\n<div style=\"height:50px\" aria-hidden=\"true\" class=\"wp-block-spacer\"><\/div>\n\n<p>Nb. Questa politica di cancellazione \u00e8 stata modificata il 31.01.2022.<\/p>\n","protected":false},"excerpt":{"rendered":"<p>Notifica Se non sei in grado di partecipare e desideri annullare la registrazione, devi informare l&#8217;organizzazione di gara via e-mail contact@ultratourmonterosa.com. Cancellazione Alloggio per la gara aTappa Siete pregati di notare che: Gravidanza: Circostanze eccezionali: Rimborsi Annullamento dell&#8217;evento In caso di cancellazione dell&#8217;evento offriamo un rimborso minimo del 60% dell&#8217;iscrizione (80% dell&#8217;alloggio per la gara [&hellip;]<\/p>\n","protected":false},"author":2,"featured_media":0,"parent":17486,"menu_order":6,"comment_status":"closed","ping_status":"closed","template":"","meta":{"_acf_changed":false,"jetpack_post_was_ever_published":false,"footnotes":"","_wp_rev_ctl_limit":""},"class_list":["post-34499","page","type-page","status-publish","hentry"],"acf":[],"yoast_head":"<!-- This site is optimized with the Yoast SEO plugin v27.5 - https:\/\/yoast.com\/product\/yoast-seo-wordpress\/ -->\n<title>Politica di annullamento - Ultra Tour Monte Rosa<\/title>\n<meta name=\"robots\" content=\"index, follow, max-snippet:-1, max-image-preview:large, max-video-preview:-1\" \/>\n<link rel=\"canonical\" href=\"https:\/\/www.ultratourmonterosa.com\/it\/useful-information\/politica-di-cancellazione\/\" \/>\n<meta property=\"og:locale\" content=\"it_IT\" \/>\n<meta property=\"og:type\" content=\"article\" \/>\n<meta property=\"og:title\" content=\"Politica di annullamento - Ultra Tour Monte Rosa\" \/>\n<meta property=\"og:description\" content=\"Notifica Se non sei in grado di partecipare e desideri annullare la registrazione, devi informare l&#8217;organizzazione di gara via e-mail contact@ultratourmonterosa.com. Cancellazione Alloggio per la gara aTappa Siete pregati di notare che: Gravidanza: Circostanze eccezionali: Rimborsi Annullamento dell&#8217;evento In caso di cancellazione dell&#8217;evento offriamo un rimborso minimo del 60% dell&#8217;iscrizione (80% dell&#8217;alloggio per la gara [&hellip;]\" \/>\n<meta property=\"og:url\" content=\"https:\/\/www.ultratourmonterosa.com\/it\/useful-information\/politica-di-cancellazione\/\" \/>\n<meta property=\"og:site_name\" content=\"Ultra Tour Monte Rosa\" \/>\n<meta property=\"article:publisher\" content=\"https:\/\/www.facebook.com\/UltraTourMonteRosa\/\" \/>\n<meta property=\"article:modified_time\" content=\"2024-05-08T11:44:17+00:00\" \/>\n<meta name=\"twitter:card\" content=\"summary_large_image\" \/>\n<meta name=\"twitter:site\" content=\"@UltraMonteRosa\" \/>\n<meta name=\"twitter:label1\" content=\"Tempo di lettura stimato\" \/>\n\t<meta name=\"twitter:data1\" content=\"1 minuto\" \/>\n<script type=\"application\/ld+json\" class=\"yoast-schema-graph\">{\"@context\":\"https:\\\/\\\/schema.org\",\"@graph\":[{\"@type\":\"WebPage\",\"@id\":\"https:\\\/\\\/www.ultratourmonterosa.com\\\/it\\\/useful-information\\\/politica-di-cancellazione\\\/\",\"url\":\"https:\\\/\\\/www.ultratourmonterosa.com\\\/it\\\/useful-information\\\/politica-di-cancellazione\\\/\",\"name\":\"Politica di annullamento - Ultra Tour Monte Rosa\",\"isPartOf\":{\"@id\":\"https:\\\/\\\/www.ultratourmonterosa.com\\\/#website\"},\"datePublished\":\"2017-02-23T09:19:10+00:00\",\"dateModified\":\"2024-05-08T11:44:17+00:00\",\"breadcrumb\":{\"@id\":\"https:\\\/\\\/www.ultratourmonterosa.com\\\/it\\\/useful-information\\\/politica-di-cancellazione\\\/#breadcrumb\"},\"inLanguage\":\"it-IT\",\"potentialAction\":[{\"@type\":\"ReadAction\",\"target\":[\"https:\\\/\\\/www.ultratourmonterosa.com\\\/it\\\/useful-information\\\/politica-di-cancellazione\\\/\"]}]},{\"@type\":\"BreadcrumbList\",\"@id\":\"https:\\\/\\\/www.ultratourmonterosa.com\\\/it\\\/useful-information\\\/politica-di-cancellazione\\\/#breadcrumb\",\"itemListElement\":[{\"@type\":\"ListItem\",\"position\":1,\"name\":\"Home\",\"item\":\"https:\\\/\\\/www.ultratourmonterosa.com\\\/it\\\/\"},{\"@type\":\"ListItem\",\"position\":2,\"name\":\"USEFUL INFORMATION\",\"item\":\"https:\\\/\\\/www.ultratourmonterosa.com\\\/it\\\/useful-information\\\/\"},{\"@type\":\"ListItem\",\"position\":3,\"name\":\"Politica di annullamento\"}]},{\"@type\":\"WebSite\",\"@id\":\"https:\\\/\\\/www.ultratourmonterosa.com\\\/#website\",\"url\":\"https:\\\/\\\/www.ultratourmonterosa.com\\\/\",\"name\":\"Ultra Tour Monte Rosa\",\"description\":\"3-6 September 2025\",\"publisher\":{\"@id\":\"https:\\\/\\\/www.ultratourmonterosa.com\\\/#organization\"},\"potentialAction\":[{\"@type\":\"SearchAction\",\"target\":{\"@type\":\"EntryPoint\",\"urlTemplate\":\"https:\\\/\\\/www.ultratourmonterosa.com\\\/?s={search_term_string}\"},\"query-input\":{\"@type\":\"PropertyValueSpecification\",\"valueRequired\":true,\"valueName\":\"search_term_string\"}}],\"inLanguage\":\"it-IT\"},{\"@type\":\"Organization\",\"@id\":\"https:\\\/\\\/www.ultratourmonterosa.com\\\/#organization\",\"name\":\"Ultra Tour Monte Rosa\",\"url\":\"https:\\\/\\\/www.ultratourmonterosa.com\\\/\",\"logo\":{\"@type\":\"ImageObject\",\"inLanguage\":\"it-IT\",\"@id\":\"https:\\\/\\\/www.ultratourmonterosa.com\\\/#\\\/schema\\\/logo\\\/image\\\/\",\"url\":\"https:\\\/\\\/www.ultratourmonterosa.com\\\/wp-content\\\/uploads\\\/2024\\\/09\\\/UTMR-logo-300px-1.png\",\"contentUrl\":\"https:\\\/\\\/www.ultratourmonterosa.com\\\/wp-content\\\/uploads\\\/2024\\\/09\\\/UTMR-logo-300px-1.png\",\"width\":300,\"height\":300,\"caption\":\"Ultra Tour Monte Rosa\"},\"image\":{\"@id\":\"https:\\\/\\\/www.ultratourmonterosa.com\\\/#\\\/schema\\\/logo\\\/image\\\/\"},\"sameAs\":[\"https:\\\/\\\/www.facebook.com\\\/UltraTourMonteRosa\\\/\",\"https:\\\/\\\/x.com\\\/UltraMonteRosa\"]}]}<\/script>\n<!-- \/ Yoast SEO plugin. -->","yoast_head_json":{"title":"Politica di annullamento - Ultra Tour Monte Rosa","robots":{"index":"index","follow":"follow","max-snippet":"max-snippet:-1","max-image-preview":"max-image-preview:large","max-video-preview":"max-video-preview:-1"},"canonical":"https:\/\/www.ultratourmonterosa.com\/it\/useful-information\/politica-di-cancellazione\/","og_locale":"it_IT","og_type":"article","og_title":"Politica di annullamento - Ultra Tour Monte Rosa","og_description":"Notifica Se non sei in grado di partecipare e desideri annullare la registrazione, devi informare l&#8217;organizzazione di gara via e-mail contact@ultratourmonterosa.com. Cancellazione Alloggio per la gara aTappa Siete pregati di notare che: Gravidanza: Circostanze eccezionali: Rimborsi Annullamento dell&#8217;evento In caso di cancellazione dell&#8217;evento offriamo un rimborso minimo del 60% dell&#8217;iscrizione (80% dell&#8217;alloggio per la gara [&hellip;]","og_url":"https:\/\/www.ultratourmonterosa.com\/it\/useful-information\/politica-di-cancellazione\/","og_site_name":"Ultra Tour Monte Rosa","article_publisher":"https:\/\/www.facebook.com\/UltraTourMonteRosa\/","article_modified_time":"2024-05-08T11:44:17+00:00","twitter_card":"summary_large_image","twitter_site":"@UltraMonteRosa","twitter_misc":{"Tempo di lettura stimato":"1 minuto"},"schema":{"@context":"https:\/\/schema.org","@graph":[{"@type":"WebPage","@id":"https:\/\/www.ultratourmonterosa.com\/it\/useful-information\/politica-di-cancellazione\/","url":"https:\/\/www.ultratourmonterosa.com\/it\/useful-information\/politica-di-cancellazione\/","name":"Politica di annullamento - Ultra Tour Monte Rosa","isPartOf":{"@id":"https:\/\/www.ultratourmonterosa.com\/#website"},"datePublished":"2017-02-23T09:19:10+00:00","dateModified":"2024-05-08T11:44:17+00:00","breadcrumb":{"@id":"https:\/\/www.ultratourmonterosa.com\/it\/useful-information\/politica-di-cancellazione\/#breadcrumb"},"inLanguage":"it-IT","potentialAction":[{"@type":"ReadAction","target":["https:\/\/www.ultratourmonterosa.com\/it\/useful-information\/politica-di-cancellazione\/"]}]},{"@type":"BreadcrumbList","@id":"https:\/\/www.ultratourmonterosa.com\/it\/useful-information\/politica-di-cancellazione\/#breadcrumb","itemListElement":[{"@type":"ListItem","position":1,"name":"Home","item":"https:\/\/www.ultratourmonterosa.com\/it\/"},{"@type":"ListItem","position":2,"name":"USEFUL INFORMATION","item":"https:\/\/www.ultratourmonterosa.com\/it\/useful-information\/"},{"@type":"ListItem","position":3,"name":"Politica di annullamento"}]},{"@type":"WebSite","@id":"https:\/\/www.ultratourmonterosa.com\/#website","url":"https:\/\/www.ultratourmonterosa.com\/","name":"Ultra Tour Monte Rosa","description":"3-6 September 2025","publisher":{"@id":"https:\/\/www.ultratourmonterosa.com\/#organization"},"potentialAction":[{"@type":"SearchAction","target":{"@type":"EntryPoint","urlTemplate":"https:\/\/www.ultratourmonterosa.com\/?s={search_term_string}"},"query-input":{"@type":"PropertyValueSpecification","valueRequired":true,"valueName":"search_term_string"}}],"inLanguage":"it-IT"},{"@type":"Organization","@id":"https:\/\/www.ultratourmonterosa.com\/#organization","name":"Ultra Tour Monte Rosa","url":"https:\/\/www.ultratourmonterosa.com\/","logo":{"@type":"ImageObject","inLanguage":"it-IT","@id":"https:\/\/www.ultratourmonterosa.com\/#\/schema\/logo\/image\/","url":"https:\/\/www.ultratourmonterosa.com\/wp-content\/uploads\/2024\/09\/UTMR-logo-300px-1.png","contentUrl":"https:\/\/www.ultratourmonterosa.com\/wp-content\/uploads\/2024\/09\/UTMR-logo-300px-1.png","width":300,"height":300,"caption":"Ultra Tour Monte Rosa"},"image":{"@id":"https:\/\/www.ultratourmonterosa.com\/#\/schema\/logo\/image\/"},"sameAs":["https:\/\/www.facebook.com\/UltraTourMonteRosa\/","https:\/\/x.com\/UltraMonteRosa"]}]}},"jetpack_shortlink":"https:\/\/wp.me\/P4DSVg-8Yr","jetpack_sharing_enabled":true,"_links":{"self":[{"href":"https:\/\/www.ultratourmonterosa.com\/it\/wp-json\/wp\/v2\/pages\/34499","targetHints":{"allow":["GET"]}}],"collection":[{"href":"https:\/\/www.ultratourmonterosa.com\/it\/wp-json\/wp\/v2\/pages"}],"about":[{"href":"https:\/\/www.ultratourmonterosa.com\/it\/wp-json\/wp\/v2\/types\/page"}],"author":[{"embeddable":true,"href":"https:\/\/www.ultratourmonterosa.com\/it\/wp-json\/wp\/v2\/users\/2"}],"replies":[{"embeddable":true,"href":"https:\/\/www.ultratourmonterosa.com\/it\/wp-json\/wp\/v2\/comments?post=34499"}],"version-history":[{"count":5,"href":"https:\/\/www.ultratourmonterosa.com\/it\/wp-json\/wp\/v2\/pages\/34499\/revisions"}],"predecessor-version":[{"id":50563,"href":"https:\/\/www.ultratourmonterosa.com\/it\/wp-json\/wp\/v2\/pages\/34499\/revisions\/50563"}],"up":[{"embeddable":true,"href":"https:\/\/www.ultratourmonterosa.com\/it\/wp-json\/wp\/v2\/pages\/17486"}],"wp:attachment":[{"href":"https:\/\/www.ultratourmonterosa.com\/it\/wp-json\/wp\/v2\/media?parent=34499"}],"curies":[{"name":"wp","href":"https:\/\/api.w.org\/{rel}","templated":true}]}}