{"id":41213,"date":"2020-10-29T14:44:22","date_gmt":"2020-10-29T08:59:22","guid":{"rendered":"https:\/\/www.ultratourmonterosa.com\/useful-information\/viaggio-2\/bus-shuttle\/"},"modified":"2024-05-08T17:14:19","modified_gmt":"2024-05-08T11:29:19","slug":"bus-shuttle","status":"publish","type":"page","link":"https:\/\/www.ultratourmonterosa.com\/it\/useful-information\/bus-shuttle\/","title":{"rendered":"Bus Shuttle"},"content":{"rendered":"\n<div style=\"height:50px\" aria-hidden=\"true\" class=\"wp-block-spacer\"><\/div>\n\n<h4 class=\"wp-block-heading\">I <strong>biglietti dell&#8217;autobus devono essere prenotati entro luned\u00ec 19 agosto 2024<\/strong>. Grazie!<\/h4>\n\n<div style=\"height:50px\" aria-hidden=\"true\" class=\"wp-block-spacer\"><\/div>\n\n<h3 class=\"wp-block-heading\">A Gr\u00e0chen<\/h3>\n\n<div style=\"height:10px\" aria-hidden=\"true\" class=\"wp-block-spacer\"><\/div>\n\n<p><em>Naturalmente gli spostamenti tra l&#8217;aeroporto di Ginevra e Gr\u00e4chen sono molto agevoli anche in treno e in autobus (consultare <a href=\"http:\/\/www.sbb.ch\/en\" target=\"_blank\" rel=\"noreferrer noopener\">sbb.ch\/it<\/a> per i collegamenti con Gr\u00e4chen Zentrum).<\/em><\/p>\n\n<div style=\"height:10px\" aria-hidden=\"true\" class=\"wp-block-spacer\"><\/div>\n\n<ul class=\"wp-block-list\">\n<li>Da Chamonix a Gr\u00e4chen &#8211; Marted\u00ec 3 settembre, ore 09:00 (tempo di percorrenza ~2,5 ore)<\/li>\n\n\n\n<li>Gr\u00e4chen all&#8217;aeroporto di Ginevra &#8211; Domenica 8 settembre 08:30 (durata del viaggio circa 3 ore)<\/li>\n<\/ul>\n\n<div style=\"height:50px\" aria-hidden=\"true\" class=\"wp-block-spacer\"><\/div>\n\n<div class=\"wp-block-simple-alerts-for-gutenberg-alert-boxes sab-alert sab-alert-warning\" role=\"alert\"><strong>Navette dismesse <\/strong><br><br>Abbiamo gi\u00e0 organizzato navette tra l&#8217;aeroporto di Ginevra e Gr\u00e4chen prima della gara, e tra Milano e Gr\u00e4chen prima e dopo la gara. Abbiamo interrotto queste navette a causa della mancanza di interesse e di un numero troppo basso di prenotazioni per coprire i costi.  <br><br>In particolare, gli spostamenti tra l&#8217;aeroporto di Ginevra e Gr\u00e4chen sono molto semplici. Basta cercare l&#8217;orario su <a href=\"http:\/\/sbb.ch\/en\" target=\"_blank\" rel=\"noreferrer noopener\">sbb.ch\/it<\/a> con punto di partenza &#8220;Aeroporto di Ginevra&#8221; e punto di destinazioneGr\u00e4chen Zentrum&#8221;. Il tempo di percorrenza \u00e8 molto simile dall&#8217;aeroporto di Zurigo. I treni partono direttamente dagli aeroporti di Ginevra e Zurigo (magia)! Prenotate il vostro biglietto in anticipo per ottenere un prezzo migliore!  <br><br>Anche il viaggio da e per Milano \u00e8 facilmente possibile, anche se un po&#8217; pi\u00f9 complicato:  <br>1. Ci sono frequenti bus navetta da Milano Malpensa e Milano Linate a Milano Centrale (la stazione ferroviaria principale). Da l\u00ec controllate <a href=\"https:\/\/www.trenitalia.com\/en.html\" target=\"_blank\" rel=\"noreferrer noopener\">https:\/\/www.trenitalia.com\/en.html<\/a> per un collegamento con Briga (oltre il confine svizzero), e poi <a href=\"http:\/\/sbb.ch\/en\" target=\"_blank\" rel=\"noreferrer noopener\">sbb.ch\/it<\/a> per il collegamento da Briga aGr\u00e4chen Zentrum&#8221;.  <br>2. Provate il bus navetta da Milano Malpensa a Domodossola<a href=\"https:\/\/www.comazzialibus.com\/ComazziAlibus\/\" target=\"_blank\" rel=\"noreferrer noopener\">(https:\/\/www.comazzialibus.com\/ComazziAlibus\/)<\/a>. Poi controllate su <a href=\"http:\/\/sbb.ch\/en\" target=\"_blank\" rel=\"noreferrer noopener\">sbb.ch\/it<\/a> i collegamenti successivi con ilGr\u00e4chen Zentrum&#8221;.  <br><br>Chiedeteci se avete domande. Buon viaggio!<\/div>\n\n<p>\u00a0<\/p>\n","protected":false},"excerpt":{"rendered":"<p>I biglietti dell&#8217;autobus devono essere prenotati entro luned\u00ec 19 agosto 2024. Grazie! A Gr\u00e0chen Naturalmente gli spostamenti tra l&#8217;aeroporto di Ginevra e Gr\u00e4chen sono molto agevoli anche in treno e in autobus (consultare sbb.ch\/it per i collegamenti con Gr\u00e4chen Zentrum). \u00a0<\/p>\n","protected":false},"author":2,"featured_media":0,"parent":17486,"menu_order":0,"comment_status":"closed","ping_status":"closed","template":"","meta":{"_acf_changed":false,"jetpack_post_was_ever_published":false,"footnotes":"","_wp_rev_ctl_limit":""},"class_list":["post-41213","page","type-page","status-publish","hentry"],"acf":[],"yoast_head":"<!-- This site is optimized with the Yoast SEO plugin v27.3 - https:\/\/yoast.com\/product\/yoast-seo-wordpress\/ -->\n<title>Bus Shuttle - Ultra Tour Monte Rosa<\/title>\n<meta name=\"robots\" content=\"index, follow, max-snippet:-1, max-image-preview:large, max-video-preview:-1\" \/>\n<link rel=\"canonical\" href=\"https:\/\/www.ultratourmonterosa.com\/it\/useful-information\/bus-shuttle\/\" \/>\n<meta property=\"og:locale\" content=\"it_IT\" \/>\n<meta property=\"og:type\" content=\"article\" \/>\n<meta property=\"og:title\" content=\"Bus Shuttle - Ultra Tour Monte Rosa\" \/>\n<meta property=\"og:description\" content=\"I biglietti dell&#8217;autobus devono essere prenotati entro luned\u00ec 19 agosto 2024. Grazie! A Gr\u00e0chen Naturalmente gli spostamenti tra l&#8217;aeroporto di Ginevra e Gr\u00e4chen sono molto agevoli anche in treno e in autobus (consultare sbb.ch\/it per i collegamenti con Gr\u00e4chen Zentrum). \u00a0\" \/>\n<meta property=\"og:url\" content=\"https:\/\/www.ultratourmonterosa.com\/it\/useful-information\/bus-shuttle\/\" \/>\n<meta property=\"og:site_name\" content=\"Ultra Tour Monte Rosa\" \/>\n<meta property=\"article:publisher\" content=\"https:\/\/www.facebook.com\/UltraTourMonteRosa\/\" \/>\n<meta property=\"article:modified_time\" content=\"2024-05-08T11:29:19+00:00\" \/>\n<meta name=\"twitter:card\" content=\"summary_large_image\" \/>\n<meta name=\"twitter:site\" content=\"@UltraMonteRosa\" \/>\n<meta name=\"twitter:label1\" content=\"Tempo di lettura stimato\" \/>\n\t<meta name=\"twitter:data1\" content=\"1 minuto\" \/>\n<script type=\"application\/ld+json\" class=\"yoast-schema-graph\">{\"@context\":\"https:\\\/\\\/schema.org\",\"@graph\":[{\"@type\":\"WebPage\",\"@id\":\"https:\\\/\\\/www.ultratourmonterosa.com\\\/it\\\/useful-information\\\/bus-shuttle\\\/\",\"url\":\"https:\\\/\\\/www.ultratourmonterosa.com\\\/it\\\/useful-information\\\/bus-shuttle\\\/\",\"name\":\"Bus Shuttle - Ultra Tour Monte Rosa\",\"isPartOf\":{\"@id\":\"https:\\\/\\\/www.ultratourmonterosa.com\\\/#website\"},\"datePublished\":\"2020-10-29T08:59:22+00:00\",\"dateModified\":\"2024-05-08T11:29:19+00:00\",\"breadcrumb\":{\"@id\":\"https:\\\/\\\/www.ultratourmonterosa.com\\\/it\\\/useful-information\\\/bus-shuttle\\\/#breadcrumb\"},\"inLanguage\":\"it-IT\",\"potentialAction\":[{\"@type\":\"ReadAction\",\"target\":[\"https:\\\/\\\/www.ultratourmonterosa.com\\\/it\\\/useful-information\\\/bus-shuttle\\\/\"]}]},{\"@type\":\"BreadcrumbList\",\"@id\":\"https:\\\/\\\/www.ultratourmonterosa.com\\\/it\\\/useful-information\\\/bus-shuttle\\\/#breadcrumb\",\"itemListElement\":[{\"@type\":\"ListItem\",\"position\":1,\"name\":\"Home\",\"item\":\"https:\\\/\\\/www.ultratourmonterosa.com\\\/it\\\/\"},{\"@type\":\"ListItem\",\"position\":2,\"name\":\"USEFUL INFORMATION\",\"item\":\"https:\\\/\\\/www.ultratourmonterosa.com\\\/it\\\/useful-information\\\/\"},{\"@type\":\"ListItem\",\"position\":3,\"name\":\"Bus Shuttle\"}]},{\"@type\":\"WebSite\",\"@id\":\"https:\\\/\\\/www.ultratourmonterosa.com\\\/#website\",\"url\":\"https:\\\/\\\/www.ultratourmonterosa.com\\\/\",\"name\":\"Ultra Tour Monte Rosa\",\"description\":\"3-6 September 2025\",\"publisher\":{\"@id\":\"https:\\\/\\\/www.ultratourmonterosa.com\\\/#organization\"},\"potentialAction\":[{\"@type\":\"SearchAction\",\"target\":{\"@type\":\"EntryPoint\",\"urlTemplate\":\"https:\\\/\\\/www.ultratourmonterosa.com\\\/?s={search_term_string}\"},\"query-input\":{\"@type\":\"PropertyValueSpecification\",\"valueRequired\":true,\"valueName\":\"search_term_string\"}}],\"inLanguage\":\"it-IT\"},{\"@type\":\"Organization\",\"@id\":\"https:\\\/\\\/www.ultratourmonterosa.com\\\/#organization\",\"name\":\"Ultra Tour Monte Rosa\",\"url\":\"https:\\\/\\\/www.ultratourmonterosa.com\\\/\",\"logo\":{\"@type\":\"ImageObject\",\"inLanguage\":\"it-IT\",\"@id\":\"https:\\\/\\\/www.ultratourmonterosa.com\\\/#\\\/schema\\\/logo\\\/image\\\/\",\"url\":\"https:\\\/\\\/www.ultratourmonterosa.com\\\/wp-content\\\/uploads\\\/2024\\\/09\\\/UTMR-logo-300px-1.png\",\"contentUrl\":\"https:\\\/\\\/www.ultratourmonterosa.com\\\/wp-content\\\/uploads\\\/2024\\\/09\\\/UTMR-logo-300px-1.png\",\"width\":300,\"height\":300,\"caption\":\"Ultra Tour Monte Rosa\"},\"image\":{\"@id\":\"https:\\\/\\\/www.ultratourmonterosa.com\\\/#\\\/schema\\\/logo\\\/image\\\/\"},\"sameAs\":[\"https:\\\/\\\/www.facebook.com\\\/UltraTourMonteRosa\\\/\",\"https:\\\/\\\/x.com\\\/UltraMonteRosa\"]}]}<\/script>\n<!-- \/ Yoast SEO plugin. -->","yoast_head_json":{"title":"Bus Shuttle - Ultra Tour Monte Rosa","robots":{"index":"index","follow":"follow","max-snippet":"max-snippet:-1","max-image-preview":"max-image-preview:large","max-video-preview":"max-video-preview:-1"},"canonical":"https:\/\/www.ultratourmonterosa.com\/it\/useful-information\/bus-shuttle\/","og_locale":"it_IT","og_type":"article","og_title":"Bus Shuttle - Ultra Tour Monte Rosa","og_description":"I biglietti dell&#8217;autobus devono essere prenotati entro luned\u00ec 19 agosto 2024. Grazie! A Gr\u00e0chen Naturalmente gli spostamenti tra l&#8217;aeroporto di Ginevra e Gr\u00e4chen sono molto agevoli anche in treno e in autobus (consultare sbb.ch\/it per i collegamenti con Gr\u00e4chen Zentrum). \u00a0","og_url":"https:\/\/www.ultratourmonterosa.com\/it\/useful-information\/bus-shuttle\/","og_site_name":"Ultra Tour Monte Rosa","article_publisher":"https:\/\/www.facebook.com\/UltraTourMonteRosa\/","article_modified_time":"2024-05-08T11:29:19+00:00","twitter_card":"summary_large_image","twitter_site":"@UltraMonteRosa","twitter_misc":{"Tempo di lettura stimato":"1 minuto"},"schema":{"@context":"https:\/\/schema.org","@graph":[{"@type":"WebPage","@id":"https:\/\/www.ultratourmonterosa.com\/it\/useful-information\/bus-shuttle\/","url":"https:\/\/www.ultratourmonterosa.com\/it\/useful-information\/bus-shuttle\/","name":"Bus Shuttle - Ultra Tour Monte Rosa","isPartOf":{"@id":"https:\/\/www.ultratourmonterosa.com\/#website"},"datePublished":"2020-10-29T08:59:22+00:00","dateModified":"2024-05-08T11:29:19+00:00","breadcrumb":{"@id":"https:\/\/www.ultratourmonterosa.com\/it\/useful-information\/bus-shuttle\/#breadcrumb"},"inLanguage":"it-IT","potentialAction":[{"@type":"ReadAction","target":["https:\/\/www.ultratourmonterosa.com\/it\/useful-information\/bus-shuttle\/"]}]},{"@type":"BreadcrumbList","@id":"https:\/\/www.ultratourmonterosa.com\/it\/useful-information\/bus-shuttle\/#breadcrumb","itemListElement":[{"@type":"ListItem","position":1,"name":"Home","item":"https:\/\/www.ultratourmonterosa.com\/it\/"},{"@type":"ListItem","position":2,"name":"USEFUL INFORMATION","item":"https:\/\/www.ultratourmonterosa.com\/it\/useful-information\/"},{"@type":"ListItem","position":3,"name":"Bus Shuttle"}]},{"@type":"WebSite","@id":"https:\/\/www.ultratourmonterosa.com\/#website","url":"https:\/\/www.ultratourmonterosa.com\/","name":"Ultra Tour Monte Rosa","description":"3-6 September 2025","publisher":{"@id":"https:\/\/www.ultratourmonterosa.com\/#organization"},"potentialAction":[{"@type":"SearchAction","target":{"@type":"EntryPoint","urlTemplate":"https:\/\/www.ultratourmonterosa.com\/?s={search_term_string}"},"query-input":{"@type":"PropertyValueSpecification","valueRequired":true,"valueName":"search_term_string"}}],"inLanguage":"it-IT"},{"@type":"Organization","@id":"https:\/\/www.ultratourmonterosa.com\/#organization","name":"Ultra Tour Monte Rosa","url":"https:\/\/www.ultratourmonterosa.com\/","logo":{"@type":"ImageObject","inLanguage":"it-IT","@id":"https:\/\/www.ultratourmonterosa.com\/#\/schema\/logo\/image\/","url":"https:\/\/www.ultratourmonterosa.com\/wp-content\/uploads\/2024\/09\/UTMR-logo-300px-1.png","contentUrl":"https:\/\/www.ultratourmonterosa.com\/wp-content\/uploads\/2024\/09\/UTMR-logo-300px-1.png","width":300,"height":300,"caption":"Ultra Tour Monte Rosa"},"image":{"@id":"https:\/\/www.ultratourmonterosa.com\/#\/schema\/logo\/image\/"},"sameAs":["https:\/\/www.facebook.com\/UltraTourMonteRosa\/","https:\/\/x.com\/UltraMonteRosa"]}]}},"jetpack_shortlink":"https:\/\/wp.me\/P4DSVg-aIJ","jetpack_sharing_enabled":true,"_links":{"self":[{"href":"https:\/\/www.ultratourmonterosa.com\/it\/wp-json\/wp\/v2\/pages\/41213","targetHints":{"allow":["GET"]}}],"collection":[{"href":"https:\/\/www.ultratourmonterosa.com\/it\/wp-json\/wp\/v2\/pages"}],"about":[{"href":"https:\/\/www.ultratourmonterosa.com\/it\/wp-json\/wp\/v2\/types\/page"}],"author":[{"embeddable":true,"href":"https:\/\/www.ultratourmonterosa.com\/it\/wp-json\/wp\/v2\/users\/2"}],"replies":[{"embeddable":true,"href":"https:\/\/www.ultratourmonterosa.com\/it\/wp-json\/wp\/v2\/comments?post=41213"}],"version-history":[{"count":5,"href":"https:\/\/www.ultratourmonterosa.com\/it\/wp-json\/wp\/v2\/pages\/41213\/revisions"}],"predecessor-version":[{"id":50545,"href":"https:\/\/www.ultratourmonterosa.com\/it\/wp-json\/wp\/v2\/pages\/41213\/revisions\/50545"}],"up":[{"embeddable":true,"href":"https:\/\/www.ultratourmonterosa.com\/it\/wp-json\/wp\/v2\/pages\/17486"}],"wp:attachment":[{"href":"https:\/\/www.ultratourmonterosa.com\/it\/wp-json\/wp\/v2\/media?parent=41213"}],"curies":[{"name":"wp","href":"https:\/\/api.w.org\/{rel}","templated":true}]}}