{"id":42027,"date":"2020-10-29T19:28:27","date_gmt":"2020-10-29T13:43:27","guid":{"rendered":"https:\/\/www.ultratourmonterosa.com\/opzioni-di-pre-registrazione\/2021-pre-registrazione-per-lultra-tour-di-170-km\/"},"modified":"2025-09-30T17:30:04","modified_gmt":"2025-09-30T11:45:04","slug":"pre-registrazione-per-lultra-tour-di-170-km","status":"publish","type":"page","link":"https:\/\/www.ultratourmonterosa.com\/it\/pre-registrazione-per-lultra-tour-di-170-km\/","title":{"rendered":"Pre-iscrizione per l&#8217;Ultra Tour di 170 km"},"content":{"rendered":"\n<div style=\"height:50px\" aria-hidden=\"true\" class=\"wp-block-spacer\"><\/div>\n\n\n\n<p>Queste sono le informazioni necessarie per completare la pre-registrazione per l&#8217;UTMR 170 km Ultra Tour.<\/p>\n\n\n\n<p>Si prega di leggere attentamente e quindi compilare il modulo di pre-registrazione collegato in fondo a questa pagina.<\/p>\n\n\n\n<div style=\"height:50px\" aria-hidden=\"true\" class=\"wp-block-spacer\"><\/div>\n\n\n\n<blockquote class=\"wp-block-quote is-layout-flow wp-block-quote-is-layout-flow\">\n<p><em><span style=\"font-weight: 400;\">I miei ricordi di questo bellissimo corso dureranno per tutta la vita! Grazie per aver condiviso questo percorso epico, incredibilmente bello, brutalmente difficile ma immensamente gratificante con la comunit\u00e0 dei corridori! Un ringraziamento speciale ai vostri fantastici volontari, naturalmente: hanno lavorato pi\u00f9 di tutti noi corridori e hanno fatto la differenza per il nostro divertimento&#8230; <\/span><\/em><\/p>\n<cite><strong>Eric van Castor, 2016 Ultra<\/strong><\/cite><\/blockquote>\n\n\n\n<div style=\"height:50px\" aria-hidden=\"true\" class=\"wp-block-spacer\"><\/div>\n\n\n\n<h2 class=\"wp-block-heading\">Informazioni di registrazione<\/h2>\n\n\n\n<p>Si tratta di una gara di lunga distanza dura e impegnativa su sentieri alpini alti. Vogliamo che tu ti diverta e ti godi il tuo viaggio, quindi dobbiamo verificare che tu abbia sufficiente esperienza per far fronte alle esigenze del terreno e per prenderti cura di te stesso in tutte le condizioni possibili.<\/p>\n\n\n\n<p>La selezione sar\u00e0 effettuata su una base first come first served, a seconda di avere l&#8217;esperienza necessaria (vedi sotto). L&#8217;organizzazione si riserva alcuni posti wild card da assegnare a sua discrezione.<\/p>\n\n\n\n<div style=\"height:50px\" aria-hidden=\"true\" class=\"wp-block-spacer\"><\/div>\n\n\n\n<h2 class=\"wp-block-heading\">Esperienza richiesta<\/h2>\n\n\n\n<p>Completamento di una gara di 100 miglia in montagna, a partire dal 1\u00b0 gennaio 2019<\/p>\n\n\n\n<p>simile (ma non limitato a) alle gare elencate di seguito<\/p>\n\n\n\n<ul class=\"wp-block-list\">\n<li><a href=\"http:\/\/utmbmontblanc.com\/en\/page\/20\/UTMB%C2%AE.html\" target=\"_blank\" rel=\"noreferrer noopener\">Ultra Trail Mont Blanc (UTMB)<\/a><\/li>\n\n\n\n<li><a href=\"http:\/\/hardrock100.com\/\" target=\"_blank\" rel=\"noreferrer noopener\">Hardrock 100<\/a><\/li>\n\n\n\n<li><a href=\"http:\/\/www.tordesgeants.it\/en\" target=\"_blank\" rel=\"noreferrer noopener\">Tor des Geants<\/a><\/li>\n\n\n\n<li><a href=\"http:\/\/www.andorraultratrail.com\/index.php?option=com_content&amp;view=article&amp;id=1619:descripronda-en-gb-2&amp;catid=42&amp;lang=en&amp;Itemid=2800\" target=\"_blank\" rel=\"noreferrer noopener\">Ronda dels Cims<\/a><\/li>\n\n\n\n<li><a href=\"http:\/\/www.grandraid-reunion.com\/english\" target=\"_blank\" rel=\"noreferrer noopener\">Diagonale des Fous<\/a><\/li>\n\n\n\n<li><a href=\"https:\/\/trailvsb.com\/en\/race\/x-alpine\/\" target=\"_blank\" rel=\"noreferrer noopener\">X-Alpine 111 &#8211; Trail Verbier St-Bernard<\/a><\/li>\n\n\n\n<li><a href=\"https:\/\/www.scenictrail.ch\/en\/k113\/\" target=\"_blank\" rel=\"noreferrer noopener\">Scenic Trail 113<\/a><\/li>\n\n\n\n<li><a href=\"https:\/\/www.transgrancanaria.net\/en\/128km-trans-gc\/\" target=\"_blank\" rel=\"noreferrer noopener\">Transgrancanaria 128 km <\/a><\/li>\n<\/ul>\n\n\n\n<p>OPPURE<\/p>\n\n\n\n<ul class=\"wp-block-list\">\n<li>un&#8217;esperienza di montagna significativa, tale da poterci convincere di poter completare comodamente l&#8217;Ultra Tour completo, e di poter affrontare le esigenze del terreno in tutte le condizioni atmosferiche possibili e divertirsi ancora un po&#8217;.<\/li>\n<\/ul>\n\n\n\n<p>Se non avete un FINISH in una corsa in montagna di cento miglia, pensate di avere sufficiente esperienza, aggiungete le vostre ragioni nel modulo di pre-iscrizione e scrivete direttamente a <a href=\"mailto:contact@ultratourmonterosa.com\" target=\"_blank\" rel=\"noreferrer noopener\">contact@ultratourmonterosa.com<\/a> per spiegare la vostra situazione.<\/p>\n\n\n\n<div style=\"height:50px\" aria-hidden=\"true\" class=\"wp-block-spacer\"><\/div>\n\n\n\n<h2 class=\"wp-block-heading\">Costo di registrazione<\/h2>\n\n\n\n<p><strong>Quota di iscrizione: 340 CHF<\/strong><\/p>\n\n\n\n<p>La quota di iscrizione comprende:<\/p>\n\n\n\n<ul class=\"wp-block-list\">\n<li>Maglietta gara di qualit\u00e0<\/li>\n\n\n\n<li>Numero di partenza e chip di gara (cronometraggio ufficiale)<\/li>\n\n\n\n<li>Tracciamento GPS<\/li>\n\n\n\n<li>Punti di controllo che offrono ristoro (ottimo cibo e bevande)<\/li>\n\n\n\n<li>Deposito bagagli in Gr\u00e4chen (se richiesto)<\/li>\n\n\n\n<li>Trasferimento di tre borse per corridore ai punti di controllo di <strong>Zermatt<\/strong>, <strong>Gressoney<\/strong> e <strong>Macugnaga<\/strong>.<\/li>\n\n\n\n<li>FINISHer&#8217;s gift (per gli ufficiali FINISHers)<\/li>\n<\/ul>\n\n\n\n<div style=\"height:50px\" aria-hidden=\"true\" class=\"wp-block-spacer\"><\/div>\n\n\n\n<h2 class=\"wp-block-heading\">Registrazione della gara e controllo dell&#8217;attrezzatura<\/h2>\n\n\n\n<p>Le iscrizioni alla gara si terranno a Gr\u00e4chen <strong>mercoled\u00ec 2 settembre tra le 15:00 e le 19:00<\/strong>. Questo \u00e8 obbligatorio.<\/p>\n\n\n\n<p>Il tuo numero di gara e il tuo chip di cronometraggio ti verranno dati su:<\/p>\n\n\n\n<ul class=\"wp-block-list\">\n<li>presentazione di documenti fotografici (passaporto, carta d&#8217;identit\u00e0)<\/li>\n\n\n\n<li>controllo delle attrezzature obbligatorie<\/li>\n<\/ul>\n\n\n\n<p>Si prega di notare che senza l&#8217;equipaggiamento obbligatorio sar\u00e0 permesso <strong>non<\/strong> di iniziare la gara. Questo \u00e8 per la vostra sicurezza. Vieni preparato!<\/p>\n\n\n\n<div style=\"height:50px\" aria-hidden=\"true\" class=\"wp-block-spacer\"><\/div>\n\n\n\n<h2 class=\"wp-block-heading\">Informazioni e calendario per la gara<\/h2>\n\n\n\n<p>Il road book con le informazioni dettagliate e definitive sulla gara ti sar\u00e0 inviato via e-mail entro il 1\u00b0 luglio.\nTi informeremo di eventuali aggiornamenti dopo questa data via e-mail.   <\/p>\n\n\n\n<ul class=\"wp-block-list\">\n<li>Informazioni finali sul percorso, gps e profilo<\/li>\n\n\n\n<li>Luoghi dei checkpoint, barriere di tempo e servizi (cibo, bevande, pronto soccorso)<\/li>\n\n\n\n<li>Programma delle corse di giorno per giorno<\/li>\n<\/ul>\n\n\n\n<div style=\"height:50px\" aria-hidden=\"true\" class=\"wp-block-spacer\"><\/div>\n\n\n\n<h2 class=\"wp-block-heading\">Assicurazioni<\/h2>\n\n\n\n<p>Ogni partecipante alla gara deve disporre di un&#8217;assicurazione infortuni personale sufficiente a coprire i costi di evacuazione in Italia e svizzera. La polizza assicurativa deve essere valida almeno per tutta la durata della gara.<\/p>\n\n\n\n<p>Le evacuazioni di elicotteri N.B. in Italia e Svizzera non sono gratuite. La scelta dell&#8217;evacuazione dipender\u00e0 esclusivamente dall&#8217;organizzazione che dar\u00e0 la priorit\u00e0 alla sicurezza del partecipante.<\/p>\n\n\n\n<div style=\"height:20px\" aria-hidden=\"true\" class=\"wp-block-spacer\"><\/div>\n\n\n\n<div class=\"wp-block-simple-alerts-for-gutenberg-alert-boxes sab-alert sab-alert-primary\" role=\"alert\">Se hai difficolt\u00e0 a trovare un&#8217;assicurazione adeguata, ti consigliamo la Runner Insurance fornita da ITRA (International Trail Running Association).\nPer maggiori informazioni <a href=\"https:\/\/itra.run\/Runners\/AboutInsurance\" target=\"_blank\" rel=\"noreferrer noopener\">vedi qui<\/a>.   <\/div>\n\n\n\n<div style=\"height:20px\" aria-hidden=\"true\" class=\"wp-block-spacer\"><\/div>\n\n\n\n<div class=\"wp-block-simple-alerts-for-gutenberg-alert-boxes sab-alert sab-alert-danger\" role=\"alert\">Si consiglia di stipulare anche una normale assicurazione di viaggio per coprire la cancellazione dell&#8217;alloggio\/navetta ecc. e l&#8217;iscrizione alla gara al di l\u00e0 della nostra <a href=\"https:\/\/www.ultratourmonterosa.com\/it\/useful-information\/politica-di-cancellazione\/\">politica di cancellazione dell&#8217;UTMR<\/a>.<\/div>\n\n\n\n<p><\/p>\n\n\n\n<div style=\"height:50px\" aria-hidden=\"true\" class=\"wp-block-spacer\"><\/div>\n\n\n\n<h2 class=\"wp-block-heading\">Viaggi e alloggio<\/h2>\n\n\n\n<p>L&#8217;Ultra Tour di 170 km parte e FINISHes in Gr\u00e4chen, un bel paesino a 1600m sopra la Mattertal. Consulta le nostre pagine di informazioni per assistenza con l&#8217;alloggio e i viaggi.<\/p>\n\n\n<a href='https:\/\/www.ultratourmonterosa.com\/it\/useful-information\/viaggio-2\/' \n\t\t\ttarget='_blank' \n\t\t\tid='utmr-yellow-button-block_f3895ca354fdaf273bac46458056923e' \n\t\t\tclass='utmr-button  ur-btn-yellow has-utmr-yellow-background-color text-black block-utmr-yellow-button' >\n\t\t\t\t Informazioni su viaggi e navette per autobus.\n\t\t\t<\/a>\n\n<a href='https:\/\/www.ultratourmonterosa.com\/it\/useful-information\/alloggio\/' \n\t\t\ttarget='' \n\t\t\tid='utmr-yellow-button-block_c7cdb72175bd0998183d849f9b39ad70' \n\t\t\tclass='utmr-button  ur-btn-yellow has-utmr-yellow-background-color text-black block-utmr-yellow-button' >\n\t\t\t\t Alloggio\n\t\t\t<\/a>\n\n\n<div style=\"height:50px\" aria-hidden=\"true\" class=\"wp-block-spacer\"><\/div>\n\n\n\n<h2 class=\"wp-block-heading\">Cancellazione<\/h2>\n\n\n\n<p>Vi preghiamo di controllare la nostra politica di cancellazione e di considerare un&#8217;assicurazione di viaggio per coprire il vostro ritiro. Grazie.<\/p>\n\n\n<a href='https:\/\/www.ultratourmonterosa.com\/it\/useful-information\/politica-di-cancellazione\/' \n\t\t\ttarget='_blank' \n\t\t\tid='utmr-yellow-button-block_48b3e885d95bd54d435ddde552611c98' \n\t\t\tclass='utmr-button  ur-btn-yellow has-utmr-yellow-background-color text-black block-utmr-yellow-button' >\n\t\t\t\t Politica di annullamento\n\t\t\t<\/a>\n\n\n<div style=\"height:50px\" aria-hidden=\"true\" class=\"wp-block-spacer\"><\/div>\n\n\n\n<h2 class=\"wp-block-heading\">Regole e termini<\/h2>\n\n\n\n<p>Si prega di leggere i regolamenti e i termini e le condizioni. All&#8217;invio del modulo di registrazione si conferma di aver letto, compreso e accettato.<\/p>\n\n\n<a href='https:\/\/www.ultratourmonterosa.com\/it\/useful-information\/regolamenti\/' \n\t\t\ttarget='' \n\t\t\tid='utmr-yellow-button-block_8146eec5137f53d059abc2e590e42f83' \n\t\t\tclass='utmr-button  ur-btn-yellow has-utmr-yellow-background-color text-black block-utmr-yellow-button' >\n\t\t\t\t Regolamenti\n\t\t\t<\/a>\n\n<a href='https:\/\/www.ultratourmonterosa.com\/it\/termini-e-condizioni\/' \n\t\t\ttarget='' \n\t\t\tid='utmr-yellow-button-block_80439d22293ca049ad3ca140079b4a74' \n\t\t\tclass='utmr-button  ur-btn-yellow has-utmr-yellow-background-color text-black block-utmr-yellow-button' >\n\t\t\t\t Termini e condizioni\n\t\t\t<\/a>","protected":false},"excerpt":{"rendered":"<p>Queste sono le informazioni necessarie per completare la pre-registrazione per l&#8217;UTMR 170 km Ultra Tour. Si prega di leggere attentamente e quindi compilare il modulo di pre-registrazione collegato in fondo a questa pagina. I miei ricordi di questo bellissimo corso dureranno per tutta la vita! Grazie per aver condiviso questo percorso epico, incredibilmente bello, brutalmente [&hellip;]<\/p>\n","protected":false},"author":2,"featured_media":0,"parent":0,"menu_order":1,"comment_status":"closed","ping_status":"closed","template":"","meta":{"_acf_changed":false,"jetpack_post_was_ever_published":false,"footnotes":"","_wp_rev_ctl_limit":""},"class_list":["post-42027","page","type-page","status-publish","hentry"],"acf":[],"yoast_head":"<!-- This site is optimized with the Yoast SEO plugin v27.4 - https:\/\/yoast.com\/product\/yoast-seo-wordpress\/ -->\n<title>Pre-iscrizione per l&#039;Ultra Tour di 170 km - Ultra Tour Monte Rosa<\/title>\n<meta name=\"robots\" content=\"index, follow, max-snippet:-1, max-image-preview:large, max-video-preview:-1\" \/>\n<link rel=\"canonical\" href=\"https:\/\/www.ultratourmonterosa.com\/it\/pre-registrazione-per-lultra-tour-di-170-km\/\" \/>\n<meta property=\"og:locale\" content=\"it_IT\" \/>\n<meta property=\"og:type\" content=\"article\" \/>\n<meta property=\"og:title\" content=\"Pre-iscrizione per l&#039;Ultra Tour di 170 km - Ultra Tour Monte Rosa\" \/>\n<meta property=\"og:description\" content=\"Queste sono le informazioni necessarie per completare la pre-registrazione per l&#8217;UTMR 170 km Ultra Tour. Si prega di leggere attentamente e quindi compilare il modulo di pre-registrazione collegato in fondo a questa pagina. I miei ricordi di questo bellissimo corso dureranno per tutta la vita! Grazie per aver condiviso questo percorso epico, incredibilmente bello, brutalmente [&hellip;]\" \/>\n<meta property=\"og:url\" content=\"https:\/\/www.ultratourmonterosa.com\/it\/pre-registrazione-per-lultra-tour-di-170-km\/\" \/>\n<meta property=\"og:site_name\" content=\"Ultra Tour Monte Rosa\" \/>\n<meta property=\"article:publisher\" content=\"https:\/\/www.facebook.com\/UltraTourMonteRosa\/\" \/>\n<meta property=\"article:modified_time\" content=\"2025-09-30T11:45:04+00:00\" \/>\n<meta name=\"twitter:card\" content=\"summary_large_image\" \/>\n<meta name=\"twitter:site\" content=\"@UltraMonteRosa\" \/>\n<meta name=\"twitter:label1\" content=\"Tempo di lettura stimato\" \/>\n\t<meta name=\"twitter:data1\" content=\"4 minuti\" \/>\n<script type=\"application\/ld+json\" class=\"yoast-schema-graph\">{\"@context\":\"https:\\\/\\\/schema.org\",\"@graph\":[{\"@type\":\"WebPage\",\"@id\":\"https:\\\/\\\/www.ultratourmonterosa.com\\\/it\\\/pre-registrazione-per-lultra-tour-di-170-km\\\/\",\"url\":\"https:\\\/\\\/www.ultratourmonterosa.com\\\/it\\\/pre-registrazione-per-lultra-tour-di-170-km\\\/\",\"name\":\"Pre-iscrizione per l'Ultra Tour di 170 km - Ultra Tour Monte Rosa\",\"isPartOf\":{\"@id\":\"https:\\\/\\\/www.ultratourmonterosa.com\\\/#website\"},\"datePublished\":\"2020-10-29T13:43:27+00:00\",\"dateModified\":\"2025-09-30T11:45:04+00:00\",\"breadcrumb\":{\"@id\":\"https:\\\/\\\/www.ultratourmonterosa.com\\\/it\\\/pre-registrazione-per-lultra-tour-di-170-km\\\/#breadcrumb\"},\"inLanguage\":\"it-IT\",\"potentialAction\":[{\"@type\":\"ReadAction\",\"target\":[\"https:\\\/\\\/www.ultratourmonterosa.com\\\/it\\\/pre-registrazione-per-lultra-tour-di-170-km\\\/\"]}]},{\"@type\":\"BreadcrumbList\",\"@id\":\"https:\\\/\\\/www.ultratourmonterosa.com\\\/it\\\/pre-registrazione-per-lultra-tour-di-170-km\\\/#breadcrumb\",\"itemListElement\":[{\"@type\":\"ListItem\",\"position\":1,\"name\":\"Home\",\"item\":\"https:\\\/\\\/www.ultratourmonterosa.com\\\/it\\\/\"},{\"@type\":\"ListItem\",\"position\":2,\"name\":\"Pre-iscrizione per l&#8217;Ultra Tour di 170 km\"}]},{\"@type\":\"WebSite\",\"@id\":\"https:\\\/\\\/www.ultratourmonterosa.com\\\/#website\",\"url\":\"https:\\\/\\\/www.ultratourmonterosa.com\\\/\",\"name\":\"Ultra Tour Monte Rosa\",\"description\":\"3-6 September 2025\",\"publisher\":{\"@id\":\"https:\\\/\\\/www.ultratourmonterosa.com\\\/#organization\"},\"potentialAction\":[{\"@type\":\"SearchAction\",\"target\":{\"@type\":\"EntryPoint\",\"urlTemplate\":\"https:\\\/\\\/www.ultratourmonterosa.com\\\/?s={search_term_string}\"},\"query-input\":{\"@type\":\"PropertyValueSpecification\",\"valueRequired\":true,\"valueName\":\"search_term_string\"}}],\"inLanguage\":\"it-IT\"},{\"@type\":\"Organization\",\"@id\":\"https:\\\/\\\/www.ultratourmonterosa.com\\\/#organization\",\"name\":\"Ultra Tour Monte Rosa\",\"url\":\"https:\\\/\\\/www.ultratourmonterosa.com\\\/\",\"logo\":{\"@type\":\"ImageObject\",\"inLanguage\":\"it-IT\",\"@id\":\"https:\\\/\\\/www.ultratourmonterosa.com\\\/#\\\/schema\\\/logo\\\/image\\\/\",\"url\":\"https:\\\/\\\/www.ultratourmonterosa.com\\\/wp-content\\\/uploads\\\/2024\\\/09\\\/UTMR-logo-300px-1.png\",\"contentUrl\":\"https:\\\/\\\/www.ultratourmonterosa.com\\\/wp-content\\\/uploads\\\/2024\\\/09\\\/UTMR-logo-300px-1.png\",\"width\":300,\"height\":300,\"caption\":\"Ultra Tour Monte Rosa\"},\"image\":{\"@id\":\"https:\\\/\\\/www.ultratourmonterosa.com\\\/#\\\/schema\\\/logo\\\/image\\\/\"},\"sameAs\":[\"https:\\\/\\\/www.facebook.com\\\/UltraTourMonteRosa\\\/\",\"https:\\\/\\\/x.com\\\/UltraMonteRosa\"]}]}<\/script>\n<!-- \/ Yoast SEO plugin. -->","yoast_head_json":{"title":"Pre-iscrizione per l'Ultra Tour di 170 km - Ultra Tour Monte Rosa","robots":{"index":"index","follow":"follow","max-snippet":"max-snippet:-1","max-image-preview":"max-image-preview:large","max-video-preview":"max-video-preview:-1"},"canonical":"https:\/\/www.ultratourmonterosa.com\/it\/pre-registrazione-per-lultra-tour-di-170-km\/","og_locale":"it_IT","og_type":"article","og_title":"Pre-iscrizione per l'Ultra Tour di 170 km - Ultra Tour Monte Rosa","og_description":"Queste sono le informazioni necessarie per completare la pre-registrazione per l&#8217;UTMR 170 km Ultra Tour. Si prega di leggere attentamente e quindi compilare il modulo di pre-registrazione collegato in fondo a questa pagina. I miei ricordi di questo bellissimo corso dureranno per tutta la vita! Grazie per aver condiviso questo percorso epico, incredibilmente bello, brutalmente [&hellip;]","og_url":"https:\/\/www.ultratourmonterosa.com\/it\/pre-registrazione-per-lultra-tour-di-170-km\/","og_site_name":"Ultra Tour Monte Rosa","article_publisher":"https:\/\/www.facebook.com\/UltraTourMonteRosa\/","article_modified_time":"2025-09-30T11:45:04+00:00","twitter_card":"summary_large_image","twitter_site":"@UltraMonteRosa","twitter_misc":{"Tempo di lettura stimato":"4 minuti"},"schema":{"@context":"https:\/\/schema.org","@graph":[{"@type":"WebPage","@id":"https:\/\/www.ultratourmonterosa.com\/it\/pre-registrazione-per-lultra-tour-di-170-km\/","url":"https:\/\/www.ultratourmonterosa.com\/it\/pre-registrazione-per-lultra-tour-di-170-km\/","name":"Pre-iscrizione per l'Ultra Tour di 170 km - Ultra Tour Monte Rosa","isPartOf":{"@id":"https:\/\/www.ultratourmonterosa.com\/#website"},"datePublished":"2020-10-29T13:43:27+00:00","dateModified":"2025-09-30T11:45:04+00:00","breadcrumb":{"@id":"https:\/\/www.ultratourmonterosa.com\/it\/pre-registrazione-per-lultra-tour-di-170-km\/#breadcrumb"},"inLanguage":"it-IT","potentialAction":[{"@type":"ReadAction","target":["https:\/\/www.ultratourmonterosa.com\/it\/pre-registrazione-per-lultra-tour-di-170-km\/"]}]},{"@type":"BreadcrumbList","@id":"https:\/\/www.ultratourmonterosa.com\/it\/pre-registrazione-per-lultra-tour-di-170-km\/#breadcrumb","itemListElement":[{"@type":"ListItem","position":1,"name":"Home","item":"https:\/\/www.ultratourmonterosa.com\/it\/"},{"@type":"ListItem","position":2,"name":"Pre-iscrizione per l&#8217;Ultra Tour di 170 km"}]},{"@type":"WebSite","@id":"https:\/\/www.ultratourmonterosa.com\/#website","url":"https:\/\/www.ultratourmonterosa.com\/","name":"Ultra Tour Monte Rosa","description":"3-6 September 2025","publisher":{"@id":"https:\/\/www.ultratourmonterosa.com\/#organization"},"potentialAction":[{"@type":"SearchAction","target":{"@type":"EntryPoint","urlTemplate":"https:\/\/www.ultratourmonterosa.com\/?s={search_term_string}"},"query-input":{"@type":"PropertyValueSpecification","valueRequired":true,"valueName":"search_term_string"}}],"inLanguage":"it-IT"},{"@type":"Organization","@id":"https:\/\/www.ultratourmonterosa.com\/#organization","name":"Ultra Tour Monte Rosa","url":"https:\/\/www.ultratourmonterosa.com\/","logo":{"@type":"ImageObject","inLanguage":"it-IT","@id":"https:\/\/www.ultratourmonterosa.com\/#\/schema\/logo\/image\/","url":"https:\/\/www.ultratourmonterosa.com\/wp-content\/uploads\/2024\/09\/UTMR-logo-300px-1.png","contentUrl":"https:\/\/www.ultratourmonterosa.com\/wp-content\/uploads\/2024\/09\/UTMR-logo-300px-1.png","width":300,"height":300,"caption":"Ultra Tour Monte Rosa"},"image":{"@id":"https:\/\/www.ultratourmonterosa.com\/#\/schema\/logo\/image\/"},"sameAs":["https:\/\/www.facebook.com\/UltraTourMonteRosa\/","https:\/\/x.com\/UltraMonteRosa"]}]}},"jetpack_shortlink":"https:\/\/wp.me\/P4DSVg-aVR","jetpack_sharing_enabled":true,"_links":{"self":[{"href":"https:\/\/www.ultratourmonterosa.com\/it\/wp-json\/wp\/v2\/pages\/42027","targetHints":{"allow":["GET"]}}],"collection":[{"href":"https:\/\/www.ultratourmonterosa.com\/it\/wp-json\/wp\/v2\/pages"}],"about":[{"href":"https:\/\/www.ultratourmonterosa.com\/it\/wp-json\/wp\/v2\/types\/page"}],"author":[{"embeddable":true,"href":"https:\/\/www.ultratourmonterosa.com\/it\/wp-json\/wp\/v2\/users\/2"}],"replies":[{"embeddable":true,"href":"https:\/\/www.ultratourmonterosa.com\/it\/wp-json\/wp\/v2\/comments?post=42027"}],"version-history":[{"count":5,"href":"https:\/\/www.ultratourmonterosa.com\/it\/wp-json\/wp\/v2\/pages\/42027\/revisions"}],"predecessor-version":[{"id":51415,"href":"https:\/\/www.ultratourmonterosa.com\/it\/wp-json\/wp\/v2\/pages\/42027\/revisions\/51415"}],"wp:attachment":[{"href":"https:\/\/www.ultratourmonterosa.com\/it\/wp-json\/wp\/v2\/media?parent=42027"}],"curies":[{"name":"wp","href":"https:\/\/api.w.org\/{rel}","templated":true}]}}