{"id":45634,"date":"2017-03-30T19:01:53","date_gmt":"2017-03-30T13:16:53","guid":{"rendered":"https:\/\/www.ultratourmonterosa.com\/useful-information\/programma-atleta-delite-influencer\/"},"modified":"2024-05-08T17:23:45","modified_gmt":"2024-05-08T11:38:45","slug":"programma-atleta-delite-influencer","status":"publish","type":"page","link":"https:\/\/www.ultratourmonterosa.com\/it\/useful-information\/programma-atleta-delite-influencer\/","title":{"rendered":"Programma per atleti d&#8217;\u00e9lite"},"content":{"rendered":"<div id=\"testimonial-block_3941ae2e656a0362681a26cd688b4044\" class=\"testimonial-blockquote-container testimonial\">\n    <blockquote class=\"testimonial-blockquote\">\n        <div class=\"testimonial-text\">Questa \u00e8 la gara che volevo fare. La gara non esisteva e cos\u00ec noi (Lizzy e i suoi amici) l&#8217;abbiamo creata. Penso che sia almeno il 20-30% pi\u00f9 difficile dell&#8217;UTMB &#8211; un percorso audace, brutale e bellissimo&#8221;!<\/div>\n        <span class=\"testimonial-author\">Lizzy Hawker<\/span>\n        <span class=\"testimonial-role\">Direttore di gara, UTMR<\/span>\n    <\/blockquote>\n    <div class=\"testimonial-image\">\n        \n        <a data-fancybox='gallery' href='https:\/\/www.ultratourmonterosa.com\/wp-content\/uploads\/2019\/01\/AJT1931.jpg'  data-lbwps-width=\"1500\" data-lbwps-height=\"1001\" data-lbwps-srcsmall=\"https:\/\/www.ultratourmonterosa.com\/wp-content\/uploads\/2019\/01\/AJT1931.jpg\"><img loading=\"lazy\" decoding=\"async\" width=\"300\" height=\"300\" src=\"https:\/\/www.ultratourmonterosa.com\/wp-content\/uploads\/2020\/12\/lizzy-hawker-300-px-square.jpg\" class=\"attachment-medium size-medium\" alt=\"lizzy hawker\" srcset=\"https:\/\/www.ultratourmonterosa.com\/wp-content\/uploads\/2020\/12\/lizzy-hawker-300-px-square.jpg 301w, https:\/\/www.ultratourmonterosa.com\/wp-content\/uploads\/2020\/12\/lizzy-hawker-300-px-square-150x150.jpg 150w, https:\/\/www.ultratourmonterosa.com\/wp-content\/uploads\/2020\/12\/lizzy-hawker-300-px-square-250x250.jpg 250w, https:\/\/www.ultratourmonterosa.com\/wp-content\/uploads\/2020\/12\/lizzy-hawker-300-px-square-100x100.jpg 100w, https:\/\/www.ultratourmonterosa.com\/wp-content\/uploads\/2020\/12\/lizzy-hawker-300-px-square-70x70.jpg 70w, https:\/\/www.ultratourmonterosa.com\/wp-content\/uploads\/2020\/12\/lizzy-hawker-300-px-square-50x50.jpg 50w, https:\/\/www.ultratourmonterosa.com\/wp-content\/uploads\/2020\/12\/lizzy-hawker-300-px-square-200x200.jpg 200w\" sizes=\"auto, (max-width: 300px) 100vw, 300px\" \/><\/a>    <\/div>\n    <style type=\"text\/css\">\n        #testimonial-block_3941ae2e656a0362681a26cd688b4044 {\n            background: #efefef;\n            color: #092a6c;\n        }\n    <\/style>\n<\/div>\n<blockquote class=\"wp-block-quote is-layout-flow wp-block-quote-is-layout-flow\">\n<p><strong>&#8220;<em>Una grande esperienza di gara con un&#8217;atmosfera intima e accogliente&#8230;<\/em>&#8220;.<\/strong> <\/p>\n<\/blockquote>\n\n<div style=\"height:50px\" aria-hidden=\"true\" class=\"wp-block-spacer\"><\/div>\n\n<p>Questa sembra essere una visione comune dell&#8217;Ultra Tour Monte Rosa da parte dei partecipanti. In una parte un po&#8217; pi\u00f9 remota delle Alpi, abbiamo sentieri di montagna selvaggi e meno partecipanti rispetto ad altri &#8220;grandi&#8221; ultras di montagna. <\/p>\n\n<p>Venite a vedere di cosa si tratta! Stiamo sviluppando un programma di supporto per gli atleti d&#8217;\u00e9lite e gli ambasciatori. Vi offriremo un certo numero di elite &amp; posti per i media a seconda del vostro potenziale di gara o della portata mediatica. Se desideri partecipare all&#8217;esperienza dell&#8217;UTMR, registrati compilando il modulo sottostante. Valuteremo tutte le domande e offriremo i posti entro il 15 maggio.<\/p>\n\n<ul class=\"wp-block-list\">\n<li>Ci piace sostenere il talento. Se pensate di avere quello che serve per essere in cima al campo (e sul podio) in uno degli eventi dell&#8217;UTMR, ci piacerebbe sentirvi. Suggeriamo un indice di performance ITRA superiore a 750 per gli uomini e 650 per le donne. <\/li>\n\n\n\n<li>Se sei un membro entusiasta e influente della comunit\u00e0 del trail running e puoi contribuire a far conoscere l&#8217;esperienza UTMR, contattaci e raccontaci di te.<\/li>\n<\/ul>\n\n<div style=\"height:50px\" aria-hidden=\"true\" class=\"wp-block-spacer\"><\/div>\n<a href='https:\/\/registration.utmr.ch\/elite-athlete-influencer-programme\/' \n\t\t\ttarget='_blank' \n\t\t\tid='utmr-yellow-button-block_fb60dddf9d4c4368877b0ed203f9b829' \n\t\t\tclass='utmr-button  ur-btn-yellow has-utmr-yellow-background-color text-black block-utmr-yellow-button' >\n\t\t\t\t Modulo di registrazione&#8230; &nbsp;&nbsp;<i class='fas fa-external-link-alt'><\/i>\n\t\t\t<\/a>\n<div style=\"height:50px\" aria-hidden=\"true\" class=\"wp-block-spacer\"><\/div>\n\n<h4 class=\"wp-block-heading\">Per saperne di pi\u00f9 sull&#8217;UTMR da altri trail runner d&#8217;elite<\/h4>\n<div id=\"testimonial-block_e3ad947389a71d580d674b499f6dd41a\" class=\"testimonial-blockquote-container testimonial\">\n    <blockquote class=\"testimonial-blockquote\">\n        <div class=\"testimonial-text\">L&#8217;UTMR ha pi\u00f9 scalate, pi\u00f9 terreno tecnico, pi\u00f9 altitudine, pi\u00f9 attraversamenti di ghiacciai e pi\u00f9 bellezza dell&#8217;UTMB. Torner\u00f2 sicuramente&#8221;.<\/div>\n        <span class=\"testimonial-author\">Damian Hall, GB<\/span>\n        <span class=\"testimonial-role\">Squadra INOV-8<\/span>\n    <\/blockquote>\n    <div class=\"testimonial-image\">\n        \n        <a data-fancybox='gallery' href='https:\/\/www.ultratourmonterosa.com\/wp-content\/uploads\/2020\/10\/damian-hall.jpg'  data-lbwps-width=\"1080\" data-lbwps-height=\"1080\" data-lbwps-srcsmall=\"https:\/\/www.ultratourmonterosa.com\/wp-content\/uploads\/2020\/10\/damian-hall.jpg\"><img loading=\"lazy\" decoding=\"async\" width=\"300\" height=\"300\" src=\"https:\/\/www.ultratourmonterosa.com\/wp-content\/uploads\/2020\/10\/damian-hall.jpg\" class=\"attachment-medium size-medium\" alt=\"ultra runner damian hall\" \/><\/a>    <\/div>\n    <style type=\"text\/css\">\n        #testimonial-block_e3ad947389a71d580d674b499f6dd41a {\n            background: #e6a922;\n            color: #092a6c;\n        }\n    <\/style>\n<\/div>\n<div style=\"height:50px\" aria-hidden=\"true\" class=\"wp-block-spacer\"><\/div>\n\n<p>S\u00e9bastien Chaigneau, Ruth Croft, Stone Tsang, Nicky Spinks, Kenichi Yamamoto e altri ancora hanno seguito i corsi UTMR (alcuni dei quali due volte) e ne sono stati entusiasti(!).<\/p>\n<div class=\"wp-block-image is-style-default\">\n<figure class=\"aligncenter size-large\"><img loading=\"lazy\" decoding=\"async\" width=\"1024\" height=\"517\" src=\"https:\/\/mk0ultratourmonro66b.kinstacdn.com\/wp-content\/uploads\/2020\/12\/Screenshot-2020-12-29-at-22.20.07-1024x517.jpg\" alt=\"\" class=\"wp-image-44706\" srcset=\"https:\/\/www.ultratourmonterosa.com\/wp-content\/uploads\/2020\/12\/Screenshot-2020-12-29-at-22.20.07-1024x517.jpg 1024w, https:\/\/www.ultratourmonterosa.com\/wp-content\/uploads\/2020\/12\/Screenshot-2020-12-29-at-22.20.07-300x152.jpg 300w, https:\/\/www.ultratourmonterosa.com\/wp-content\/uploads\/2020\/12\/Screenshot-2020-12-29-at-22.20.07-768x388.jpg 768w, https:\/\/www.ultratourmonterosa.com\/wp-content\/uploads\/2020\/12\/Screenshot-2020-12-29-at-22.20.07-100x51.jpg 100w, https:\/\/www.ultratourmonterosa.com\/wp-content\/uploads\/2020\/12\/Screenshot-2020-12-29-at-22.20.07-70x35.jpg 70w, https:\/\/www.ultratourmonterosa.com\/wp-content\/uploads\/2020\/12\/Screenshot-2020-12-29-at-22.20.07-139x70.jpg 139w, https:\/\/www.ultratourmonterosa.com\/wp-content\/uploads\/2020\/12\/Screenshot-2020-12-29-at-22.20.07-50x25.jpg 50w, https:\/\/www.ultratourmonterosa.com\/wp-content\/uploads\/2020\/12\/Screenshot-2020-12-29-at-22.20.07-99x50.jpg 99w, https:\/\/www.ultratourmonterosa.com\/wp-content\/uploads\/2020\/12\/Screenshot-2020-12-29-at-22.20.07-200x101.jpg 200w, https:\/\/www.ultratourmonterosa.com\/wp-content\/uploads\/2020\/12\/Screenshot-2020-12-29-at-22.20.07.jpg 1399w\" sizes=\"auto, (max-width: 1024px) 100vw, 1024px\" \/><\/figure>\n<\/div>\n<div style=\"height:50px\" aria-hidden=\"true\" class=\"wp-block-spacer\"><\/div>\n\n<p>Leggi cosa pensano gli altri utenti dell&#8217;UTMR FINISH del percorso <a href=\"https:\/\/www.ultratourmonterosa.com\/it\/alternativa-utmb-europe-100-mile-race\/\" target=\"_blank\" rel=\"noreferrer noopener\">100 miglia \/ 170 km di percorso<\/a>. Clicca qui sotto!<\/p>\n\n<figure class=\"wp-block-embed is-type-wp-embed is-provider-ultra-tour-monte-rosa wp-block-embed-ultra-tour-monte-rosa\"><div class=\"wp-block-embed__wrapper\">\n<blockquote class=\"wp-embedded-content\" data-secret=\"luCiuAj3hc\"><a href=\"https:\/\/www.ultratourmonterosa.com\/alternative-utmb-europe-100-mile-race\/\">Alternative to UTMB &#8211; a comparable European 100 mile race<\/a><\/blockquote><iframe loading=\"lazy\" class=\"wp-embedded-content\" sandbox=\"allow-scripts\" security=\"restricted\" style=\"position: absolute; clip: rect(1px, 1px, 1px, 1px);\" title=\"&#8220;Alternative to UTMB &#8211; a comparable European 100 mile race&#8221; &#8212; Ultra Tour Monte Rosa\" src=\"https:\/\/www.ultratourmonterosa.com\/alternative-utmb-europe-100-mile-race\/embed\/#?secret=KD6QMV7d4M#?secret=luCiuAj3hc\" data-secret=\"luCiuAj3hc\" width=\"500\" height=\"282\" frameborder=\"0\" marginwidth=\"0\" marginheight=\"0\" scrolling=\"no\"><\/iframe>\n<\/div><\/figure>\n","protected":false},"excerpt":{"rendered":"<p>&#8220;Una grande esperienza di gara con un&#8217;atmosfera intima e accogliente&#8230;&#8220;. Questa sembra essere una visione comune dell&#8217;Ultra Tour Monte Rosa da parte dei partecipanti. In una parte un po&#8217; pi\u00f9 remota delle Alpi, abbiamo sentieri di montagna selvaggi e meno partecipanti rispetto ad altri &#8220;grandi&#8221; ultras di montagna. Venite a vedere di cosa si tratta! [&hellip;]<\/p>\n","protected":false},"author":2,"featured_media":44474,"parent":17486,"menu_order":5,"comment_status":"closed","ping_status":"closed","template":"","meta":{"_acf_changed":false,"jetpack_post_was_ever_published":false,"footnotes":"","_wp_rev_ctl_limit":""},"class_list":["post-45634","page","type-page","status-publish","has-post-thumbnail","hentry"],"acf":[],"yoast_head":"<!-- This site is optimized with the Yoast SEO plugin v27.3 - https:\/\/yoast.com\/product\/yoast-seo-wordpress\/ -->\n<title>Programma per atleti d&#039;\u00e9lite - Ultra Tour Monte Rosa<\/title>\n<meta name=\"robots\" content=\"index, follow, max-snippet:-1, max-image-preview:large, max-video-preview:-1\" \/>\n<link rel=\"canonical\" href=\"https:\/\/www.ultratourmonterosa.com\/it\/useful-information\/programma-atleta-delite-influencer\/\" \/>\n<meta property=\"og:locale\" content=\"it_IT\" \/>\n<meta property=\"og:type\" content=\"article\" \/>\n<meta property=\"og:title\" content=\"Programma per atleti d&#039;\u00e9lite - Ultra Tour Monte Rosa\" \/>\n<meta property=\"og:description\" content=\"&#8220;Una grande esperienza di gara con un&#8217;atmosfera intima e accogliente&#8230;&#8220;. Questa sembra essere una visione comune dell&#8217;Ultra Tour Monte Rosa da parte dei partecipanti. In una parte un po&#8217; pi\u00f9 remota delle Alpi, abbiamo sentieri di montagna selvaggi e meno partecipanti rispetto ad altri &#8220;grandi&#8221; ultras di montagna. Venite a vedere di cosa si tratta! [&hellip;]\" \/>\n<meta property=\"og:url\" content=\"https:\/\/www.ultratourmonterosa.com\/it\/useful-information\/programma-atleta-delite-influencer\/\" \/>\n<meta property=\"og:site_name\" content=\"Ultra Tour Monte Rosa\" \/>\n<meta property=\"article:publisher\" content=\"https:\/\/www.facebook.com\/UltraTourMonteRosa\/\" \/>\n<meta property=\"article:modified_time\" content=\"2024-05-08T11:38:45+00:00\" \/>\n<meta property=\"og:image\" content=\"https:\/\/www.ultratourmonterosa.com\/wp-content\/uploads\/2020\/12\/DSC_5156_FB_\u00a9Jan-Nyka-1920_header.jpg\" \/>\n\t<meta property=\"og:image:width\" content=\"1920\" \/>\n\t<meta property=\"og:image:height\" content=\"671\" \/>\n\t<meta property=\"og:image:type\" content=\"image\/jpeg\" \/>\n<meta name=\"twitter:card\" content=\"summary_large_image\" \/>\n<meta name=\"twitter:site\" content=\"@UltraMonteRosa\" \/>\n<meta name=\"twitter:label1\" content=\"Tempo di lettura stimato\" \/>\n\t<meta name=\"twitter:data1\" content=\"1 minuto\" \/>\n<script type=\"application\/ld+json\" class=\"yoast-schema-graph\">{\"@context\":\"https:\\\/\\\/schema.org\",\"@graph\":[{\"@type\":\"WebPage\",\"@id\":\"https:\\\/\\\/www.ultratourmonterosa.com\\\/it\\\/useful-information\\\/programma-atleta-delite-influencer\\\/\",\"url\":\"https:\\\/\\\/www.ultratourmonterosa.com\\\/it\\\/useful-information\\\/programma-atleta-delite-influencer\\\/\",\"name\":\"Programma per atleti d'\u00e9lite - Ultra Tour Monte Rosa\",\"isPartOf\":{\"@id\":\"https:\\\/\\\/www.ultratourmonterosa.com\\\/#website\"},\"primaryImageOfPage\":{\"@id\":\"https:\\\/\\\/www.ultratourmonterosa.com\\\/it\\\/useful-information\\\/programma-atleta-delite-influencer\\\/#primaryimage\"},\"image\":{\"@id\":\"https:\\\/\\\/www.ultratourmonterosa.com\\\/it\\\/useful-information\\\/programma-atleta-delite-influencer\\\/#primaryimage\"},\"thumbnailUrl\":\"https:\\\/\\\/www.ultratourmonterosa.com\\\/wp-content\\\/uploads\\\/2020\\\/12\\\/DSC_5156_FB_\u00a9Jan-Nyka-1920_header.jpg\",\"datePublished\":\"2017-03-30T13:16:53+00:00\",\"dateModified\":\"2024-05-08T11:38:45+00:00\",\"breadcrumb\":{\"@id\":\"https:\\\/\\\/www.ultratourmonterosa.com\\\/it\\\/useful-information\\\/programma-atleta-delite-influencer\\\/#breadcrumb\"},\"inLanguage\":\"it-IT\",\"potentialAction\":[{\"@type\":\"ReadAction\",\"target\":[\"https:\\\/\\\/www.ultratourmonterosa.com\\\/it\\\/useful-information\\\/programma-atleta-delite-influencer\\\/\"]}]},{\"@type\":\"ImageObject\",\"inLanguage\":\"it-IT\",\"@id\":\"https:\\\/\\\/www.ultratourmonterosa.com\\\/it\\\/useful-information\\\/programma-atleta-delite-influencer\\\/#primaryimage\",\"url\":\"https:\\\/\\\/www.ultratourmonterosa.com\\\/wp-content\\\/uploads\\\/2020\\\/12\\\/DSC_5156_FB_\u00a9Jan-Nyka-1920_header.jpg\",\"contentUrl\":\"https:\\\/\\\/www.ultratourmonterosa.com\\\/wp-content\\\/uploads\\\/2020\\\/12\\\/DSC_5156_FB_\u00a9Jan-Nyka-1920_header.jpg\",\"width\":1920,\"height\":671},{\"@type\":\"BreadcrumbList\",\"@id\":\"https:\\\/\\\/www.ultratourmonterosa.com\\\/it\\\/useful-information\\\/programma-atleta-delite-influencer\\\/#breadcrumb\",\"itemListElement\":[{\"@type\":\"ListItem\",\"position\":1,\"name\":\"Home\",\"item\":\"https:\\\/\\\/www.ultratourmonterosa.com\\\/it\\\/\"},{\"@type\":\"ListItem\",\"position\":2,\"name\":\"USEFUL INFORMATION\",\"item\":\"https:\\\/\\\/www.ultratourmonterosa.com\\\/it\\\/useful-information\\\/\"},{\"@type\":\"ListItem\",\"position\":3,\"name\":\"Programma per atleti d&#8217;\u00e9lite\"}]},{\"@type\":\"WebSite\",\"@id\":\"https:\\\/\\\/www.ultratourmonterosa.com\\\/#website\",\"url\":\"https:\\\/\\\/www.ultratourmonterosa.com\\\/\",\"name\":\"Ultra Tour Monte Rosa\",\"description\":\"3-6 September 2025\",\"publisher\":{\"@id\":\"https:\\\/\\\/www.ultratourmonterosa.com\\\/#organization\"},\"potentialAction\":[{\"@type\":\"SearchAction\",\"target\":{\"@type\":\"EntryPoint\",\"urlTemplate\":\"https:\\\/\\\/www.ultratourmonterosa.com\\\/?s={search_term_string}\"},\"query-input\":{\"@type\":\"PropertyValueSpecification\",\"valueRequired\":true,\"valueName\":\"search_term_string\"}}],\"inLanguage\":\"it-IT\"},{\"@type\":\"Organization\",\"@id\":\"https:\\\/\\\/www.ultratourmonterosa.com\\\/#organization\",\"name\":\"Ultra Tour Monte Rosa\",\"url\":\"https:\\\/\\\/www.ultratourmonterosa.com\\\/\",\"logo\":{\"@type\":\"ImageObject\",\"inLanguage\":\"it-IT\",\"@id\":\"https:\\\/\\\/www.ultratourmonterosa.com\\\/#\\\/schema\\\/logo\\\/image\\\/\",\"url\":\"https:\\\/\\\/www.ultratourmonterosa.com\\\/wp-content\\\/uploads\\\/2024\\\/09\\\/UTMR-logo-300px-1.png\",\"contentUrl\":\"https:\\\/\\\/www.ultratourmonterosa.com\\\/wp-content\\\/uploads\\\/2024\\\/09\\\/UTMR-logo-300px-1.png\",\"width\":300,\"height\":300,\"caption\":\"Ultra Tour Monte Rosa\"},\"image\":{\"@id\":\"https:\\\/\\\/www.ultratourmonterosa.com\\\/#\\\/schema\\\/logo\\\/image\\\/\"},\"sameAs\":[\"https:\\\/\\\/www.facebook.com\\\/UltraTourMonteRosa\\\/\",\"https:\\\/\\\/x.com\\\/UltraMonteRosa\"]}]}<\/script>\n<!-- \/ Yoast SEO plugin. -->","yoast_head_json":{"title":"Programma per atleti d'\u00e9lite - Ultra Tour Monte Rosa","robots":{"index":"index","follow":"follow","max-snippet":"max-snippet:-1","max-image-preview":"max-image-preview:large","max-video-preview":"max-video-preview:-1"},"canonical":"https:\/\/www.ultratourmonterosa.com\/it\/useful-information\/programma-atleta-delite-influencer\/","og_locale":"it_IT","og_type":"article","og_title":"Programma per atleti d'\u00e9lite - Ultra Tour Monte Rosa","og_description":"&#8220;Una grande esperienza di gara con un&#8217;atmosfera intima e accogliente&#8230;&#8220;. Questa sembra essere una visione comune dell&#8217;Ultra Tour Monte Rosa da parte dei partecipanti. In una parte un po&#8217; pi\u00f9 remota delle Alpi, abbiamo sentieri di montagna selvaggi e meno partecipanti rispetto ad altri &#8220;grandi&#8221; ultras di montagna. Venite a vedere di cosa si tratta! [&hellip;]","og_url":"https:\/\/www.ultratourmonterosa.com\/it\/useful-information\/programma-atleta-delite-influencer\/","og_site_name":"Ultra Tour Monte Rosa","article_publisher":"https:\/\/www.facebook.com\/UltraTourMonteRosa\/","article_modified_time":"2024-05-08T11:38:45+00:00","og_image":[{"width":1920,"height":671,"url":"https:\/\/www.ultratourmonterosa.com\/wp-content\/uploads\/2020\/12\/DSC_5156_FB_\u00a9Jan-Nyka-1920_header.jpg","type":"image\/jpeg"}],"twitter_card":"summary_large_image","twitter_site":"@UltraMonteRosa","twitter_misc":{"Tempo di lettura stimato":"1 minuto"},"schema":{"@context":"https:\/\/schema.org","@graph":[{"@type":"WebPage","@id":"https:\/\/www.ultratourmonterosa.com\/it\/useful-information\/programma-atleta-delite-influencer\/","url":"https:\/\/www.ultratourmonterosa.com\/it\/useful-information\/programma-atleta-delite-influencer\/","name":"Programma per atleti d'\u00e9lite - Ultra Tour Monte Rosa","isPartOf":{"@id":"https:\/\/www.ultratourmonterosa.com\/#website"},"primaryImageOfPage":{"@id":"https:\/\/www.ultratourmonterosa.com\/it\/useful-information\/programma-atleta-delite-influencer\/#primaryimage"},"image":{"@id":"https:\/\/www.ultratourmonterosa.com\/it\/useful-information\/programma-atleta-delite-influencer\/#primaryimage"},"thumbnailUrl":"https:\/\/www.ultratourmonterosa.com\/wp-content\/uploads\/2020\/12\/DSC_5156_FB_\u00a9Jan-Nyka-1920_header.jpg","datePublished":"2017-03-30T13:16:53+00:00","dateModified":"2024-05-08T11:38:45+00:00","breadcrumb":{"@id":"https:\/\/www.ultratourmonterosa.com\/it\/useful-information\/programma-atleta-delite-influencer\/#breadcrumb"},"inLanguage":"it-IT","potentialAction":[{"@type":"ReadAction","target":["https:\/\/www.ultratourmonterosa.com\/it\/useful-information\/programma-atleta-delite-influencer\/"]}]},{"@type":"ImageObject","inLanguage":"it-IT","@id":"https:\/\/www.ultratourmonterosa.com\/it\/useful-information\/programma-atleta-delite-influencer\/#primaryimage","url":"https:\/\/www.ultratourmonterosa.com\/wp-content\/uploads\/2020\/12\/DSC_5156_FB_\u00a9Jan-Nyka-1920_header.jpg","contentUrl":"https:\/\/www.ultratourmonterosa.com\/wp-content\/uploads\/2020\/12\/DSC_5156_FB_\u00a9Jan-Nyka-1920_header.jpg","width":1920,"height":671},{"@type":"BreadcrumbList","@id":"https:\/\/www.ultratourmonterosa.com\/it\/useful-information\/programma-atleta-delite-influencer\/#breadcrumb","itemListElement":[{"@type":"ListItem","position":1,"name":"Home","item":"https:\/\/www.ultratourmonterosa.com\/it\/"},{"@type":"ListItem","position":2,"name":"USEFUL INFORMATION","item":"https:\/\/www.ultratourmonterosa.com\/it\/useful-information\/"},{"@type":"ListItem","position":3,"name":"Programma per atleti d&#8217;\u00e9lite"}]},{"@type":"WebSite","@id":"https:\/\/www.ultratourmonterosa.com\/#website","url":"https:\/\/www.ultratourmonterosa.com\/","name":"Ultra Tour Monte Rosa","description":"3-6 September 2025","publisher":{"@id":"https:\/\/www.ultratourmonterosa.com\/#organization"},"potentialAction":[{"@type":"SearchAction","target":{"@type":"EntryPoint","urlTemplate":"https:\/\/www.ultratourmonterosa.com\/?s={search_term_string}"},"query-input":{"@type":"PropertyValueSpecification","valueRequired":true,"valueName":"search_term_string"}}],"inLanguage":"it-IT"},{"@type":"Organization","@id":"https:\/\/www.ultratourmonterosa.com\/#organization","name":"Ultra Tour Monte Rosa","url":"https:\/\/www.ultratourmonterosa.com\/","logo":{"@type":"ImageObject","inLanguage":"it-IT","@id":"https:\/\/www.ultratourmonterosa.com\/#\/schema\/logo\/image\/","url":"https:\/\/www.ultratourmonterosa.com\/wp-content\/uploads\/2024\/09\/UTMR-logo-300px-1.png","contentUrl":"https:\/\/www.ultratourmonterosa.com\/wp-content\/uploads\/2024\/09\/UTMR-logo-300px-1.png","width":300,"height":300,"caption":"Ultra Tour Monte Rosa"},"image":{"@id":"https:\/\/www.ultratourmonterosa.com\/#\/schema\/logo\/image\/"},"sameAs":["https:\/\/www.facebook.com\/UltraTourMonteRosa\/","https:\/\/x.com\/UltraMonteRosa"]}]}},"jetpack_shortlink":"https:\/\/wp.me\/P4DSVg-bS2","jetpack_sharing_enabled":true,"_links":{"self":[{"href":"https:\/\/www.ultratourmonterosa.com\/it\/wp-json\/wp\/v2\/pages\/45634","targetHints":{"allow":["GET"]}}],"collection":[{"href":"https:\/\/www.ultratourmonterosa.com\/it\/wp-json\/wp\/v2\/pages"}],"about":[{"href":"https:\/\/www.ultratourmonterosa.com\/it\/wp-json\/wp\/v2\/types\/page"}],"author":[{"embeddable":true,"href":"https:\/\/www.ultratourmonterosa.com\/it\/wp-json\/wp\/v2\/users\/2"}],"replies":[{"embeddable":true,"href":"https:\/\/www.ultratourmonterosa.com\/it\/wp-json\/wp\/v2\/comments?post=45634"}],"version-history":[{"count":5,"href":"https:\/\/www.ultratourmonterosa.com\/it\/wp-json\/wp\/v2\/pages\/45634\/revisions"}],"predecessor-version":[{"id":50560,"href":"https:\/\/www.ultratourmonterosa.com\/it\/wp-json\/wp\/v2\/pages\/45634\/revisions\/50560"}],"up":[{"embeddable":true,"href":"https:\/\/www.ultratourmonterosa.com\/it\/wp-json\/wp\/v2\/pages\/17486"}],"wp:featuredmedia":[{"embeddable":true,"href":"https:\/\/www.ultratourmonterosa.com\/it\/wp-json\/wp\/v2\/media\/44474"}],"wp:attachment":[{"href":"https:\/\/www.ultratourmonterosa.com\/it\/wp-json\/wp\/v2\/media?parent=45634"}],"curies":[{"name":"wp","href":"https:\/\/api.w.org\/{rel}","templated":true}]}}