{"id":50498,"date":"2024-05-08T09:37:45","date_gmt":"2024-05-08T03:52:45","guid":{"rendered":"https:\/\/www.ultratourmonterosa.com\/race-info__trashed\/pre-registrazione-per-lutmr-mischabel-60\/"},"modified":"2025-09-30T18:09:39","modified_gmt":"2025-09-30T12:24:39","slug":"pre-registrazione-per-lutmr-mischabel-60","status":"publish","type":"page","link":"https:\/\/www.ultratourmonterosa.com\/it\/pre-registrazione-per-lutmr-mischabel-60\/","title":{"rendered":"Pre-registrazione per l&#8217;UTMR Mischabel 60"},"content":{"rendered":"\n<div style=\"height:50px\" aria-hidden=\"true\" class=\"wp-block-spacer\"><\/div>\n\n\n\n<h2 class=\"wp-block-heading\" id=\"registration-information\">Informazioni di registrazione<\/h2>\n\n\n\n<div style=\"height:20px\" aria-hidden=\"true\" class=\"wp-block-spacer\"><\/div>\n\n\n\n<p>Queste sono le informazioni necessarie per completare la pre-registrazione al Mischabel 60.<\/p>\n\n\n\n<p>Si prega di leggere attentamente e quindi compilare il modulo di pre-registrazione collegato in fondo a questa pagina.<\/p>\n\n\n\n<p>Si tratta di una gara di lunga distanza dura e impegnativa su sentieri alpini alti. Vogliamo che tu ti diverta e ti godi il tuo viaggio, quindi dobbiamo verificare che tu abbia sufficiente esperienza per far fronte alle esigenze del terreno e per prenderti cura di te stesso in tutte le condizioni possibili.<\/p>\n\n\n\n<p>La selezione sar\u00e0 effettuata su una base first come first served, a seconda di avere l&#8217;esperienza necessaria (vedi sotto). L&#8217;organizzazione si riserva alcuni posti wild card da assegnare a sua discrezione.<\/p>\n\n\n\n<div style=\"height:50px\" aria-hidden=\"true\" class=\"wp-block-spacer\"><\/div>\n\n\n\n<h2 class=\"wp-block-heading\" id=\"required-experience\">Esperienza richiesta<\/h2>\n\n\n\n<ul class=\"wp-block-list\">\n<li>devi aver completato una gara di almeno 30 km su terreno collinare o montano negli ultimi due anni<\/li>\n\n\n\n<li>OPPURE completamento di una gara in pi\u00f9 tappe su terreno di montagna<\/li>\n\n\n\n<li>E l&#8217;esperienza di montagna in modo tale che ci si pu\u00f2 convincere si pu\u00f2 far fronte alle esigenze del terreno e prendersi cura di se stessi in tutte le condizioni possibili e ancora divertirsi un po &#8216;divertersi<\/li>\n<\/ul>\n\n\n\n<div style=\"height:50px\" aria-hidden=\"true\" class=\"wp-block-spacer\"><\/div>\n\n\n\n<h2 class=\"wp-block-heading\" id=\"registration-cost\">Costo di registrazione<\/h2>\n\n\n\n<p><strong>Quota di partecipazione: 150 CHF  <\/strong><\/p>\n\n\n\n<p>La quota di iscrizione comprende:<\/p>\n\n\n\n<ul class=\"wp-block-list\">\n<li>Numero di partenza e chip di gara (cronometraggio ufficiale)<\/li>\n\n\n\n<li>Tracciamento GPS per la sicurezza<\/li>\n\n\n\n<li>T-shirt da gara impressionante<\/li>\n\n\n\n<li>Punti di controllo che offrono ristoro (cibo e bevande)<\/li>\n\n\n\n<li>Regalo per i finisher (per i finisher ufficiali della Mischabel 60)<\/li>\n<\/ul>\n\n\n\n<div style=\"height:50px\" aria-hidden=\"true\" class=\"wp-block-spacer\"><\/div>\n\n\n\n<h2 class=\"wp-block-heading\" id=\"race-registration-and-equipment-check\">Registrazione della gara e controllo dell&#8217;attrezzatura<\/h2>\n\n\n\n<p>Le iscrizioni alla gara si terranno a Gr\u00e4chen <strong>venerd\u00ec 4 settembre tra le 16:00 e le 19:00<\/strong>. Questo \u00e8 obbligatorio.<\/p>\n\n\n\n<p>Il tuo numero di gara e il tuo chip di cronometraggio ti verranno dati su:<\/p>\n\n\n\n<ul class=\"wp-block-list\">\n<li>presentazione di documenti fotografici (passaporto, carta d&#8217;identit\u00e0)<\/li>\n\n\n\n<li>controllo delle attrezzature obbligatorie<\/li>\n<\/ul>\n\n\n\n<div style=\"height:50px\" aria-hidden=\"true\" class=\"wp-block-spacer\"><\/div>\n\n\n\n<h2 class=\"wp-block-heading\" id=\"finalised-race-information-and-schedule\">Informazioni e calendario per la gara<\/h2>\n\n\n\n<p>Il road book con le informazioni dettagliate e definitive sulla gara ti sar\u00e0 inviato via e-mail entro il 1\u00b0 luglio.\nTi informeremo di eventuali aggiornamenti dopo questa data via e-mail. <\/p>\n\n\n\n<ul class=\"wp-block-list\">\n<li>Informazioni finali sul percorso, gps e profilo<\/li>\n\n\n\n<li>Luoghi dei checkpoint, barriere di tempo e servizi (cibo, bevande, pronto soccorso)<\/li>\n\n\n\n<li>Programma delle corse di giorno per giorno<\/li>\n<\/ul>\n\n\n\n<div style=\"height:50px\" aria-hidden=\"true\" class=\"wp-block-spacer\"><\/div>\n\n\n\n<h2 class=\"wp-block-heading\" id=\"insurance\">Assicurazioni<\/h2>\n\n\n\n<p>Ogni partecipante alla gara deve avere un&#8217;assicurazione personale contro gli infortuni sufficiente a coprire i costi di evacuazione in Svizzera. La polizza assicurativa deve essere valida almeno per tutta la durata della gara.<\/p>\n\n\n\n<p>N.B. L&#8217;evacuazione in elicottero in Svizzera non \u00e8 gratuita. La scelta dell&#8217;evacuazione dipender\u00e0 esclusivamente dall&#8217;organizzazione che dar\u00e0 la priorit\u00e0 alla sicurezza del partecipante.<\/p>\n\n\n\n<div style=\"height:20px\" aria-hidden=\"true\" class=\"wp-block-spacer\"><\/div>\n\n\n\n<div class=\"wp-block-simple-alerts-for-gutenberg-alert-boxes sab-alert sab-alert-primary\" role=\"alert\">Se hai difficolt\u00e0 a trovare un&#8217;assicurazione adeguata, ti consigliamo la Runner Insurance fornita da ITRA (International Trail Running Association).\nPer maggiori informazioni <a href=\"\" target=\"\" rel=\"noopener\">vedi qui<\/a>.   <\/div>\n\n\n\n<div style=\"height:20px\" aria-hidden=\"true\" class=\"wp-block-spacer\"><\/div>\n\n\n\n<div class=\"wp-block-simple-alerts-for-gutenberg-alert-boxes sab-alert sab-alert-danger\" role=\"alert\">Si consiglia di stipulare anche una normale assicurazione di viaggio per coprire la cancellazione dell&#8217;alloggio\/navetta ecc. e l&#8217;iscrizione alla gara al di l\u00e0 della nostra <a href=\"https:\/\/www.ultratourmonterosa.com\/it\/useful-information\/politica-di-cancellazione\/\">politica di cancellazione dell&#8217;UTMR<\/a>.<\/div>\n\n\n\n<div style=\"height:50px\" aria-hidden=\"true\" class=\"wp-block-spacer\"><\/div>\n\n\n\n<h2 class=\"wp-block-heading\" id=\"cancellation\">Cancellazione<\/h2>\n\n\n\n<p>Si prega di leggere attentamente la nostra politica di cancellazione prima di registrarsi. Consigliamo vivamente di acquistare una polizza di assicurazione di viaggio per coprirti se devi ritirarti dalla gara. Grazie.<\/p>\n\n\n<a href='https:\/\/www.ultratourmonterosa.com\/legal\/cancellation-policy\/' \n\t\t\ttarget='_blank' \n\t\t\tid='utmr-yellow-button-block_e82be7a3426937fbafdc57e5b506694e' \n\t\t\tclass='utmr-button  ur-btn-yellow has-utmr-yellow-background-color text-black block-utmr-yellow-button' >\n\t\t\t\t Politica di annullamento\n\t\t\t<\/a>\n\n\n<div style=\"height:50px\" aria-hidden=\"true\" class=\"wp-block-spacer\"><\/div>\n\n\n\n<h2 class=\"wp-block-heading\" id=\"travel-and-accommodation\">Viaggi e alloggio<\/h2>\n\n\n\n<p>La Mischabel 60 inizia e termina a Gr\u00e4chen, un bellissimo paesino a 1600 metri di altezza nella Mattertal. Consulta le nostre pagine di informazioni per assistenza con l&#8217;alloggio e i viaggi.<\/p>\n\n\n<a href='https:\/\/www.ultratourmonterosa.com\/useful-information\/travel-2\/' \n\t\t\ttarget='_blank' \n\t\t\tid='utmr-yellow-button-block_716688398d04bfe699da2fcf135b41a7' \n\t\t\tclass='utmr-button  ur-btn-yellow has-utmr-yellow-background-color text-black block-utmr-yellow-button' >\n\t\t\t\t Informazioni su travel e bus shuttle\n\t\t\t<\/a>\n\n<a href='https:\/\/www.ultratourmonterosa.com\/it\/useful-information\/alloggio\/' \n\t\t\ttarget='' \n\t\t\tid='utmr-yellow-button-block_7b75ec7bd943a5734ab471be5451982a' \n\t\t\tclass='utmr-button  ur-btn-yellow has-utmr-yellow-background-color text-black block-utmr-yellow-button' >\n\t\t\t\t Informazioni sull&#8217;alloggio a Gr\u00e0chen\n\t\t\t<\/a>\n\n\n<div style=\"height:50px\" aria-hidden=\"true\" class=\"wp-block-spacer\"><\/div>\n\n\n\n<h2 class=\"wp-block-heading\" id=\"rules-and-terms\">Regole e termini<\/h2>\n\n\n\n<p>Si prega di leggere i regolamenti e i termini e le condizioni. All&#8217;invio del modulo di registrazione si conferma di aver letto, compreso e accettato.<\/p>\n\n\n<a href='https:\/\/www.ultratourmonterosa.com\/legal\/regulations\/' \n\t\t\ttarget='' \n\t\t\tid='utmr-yellow-button-block_a22b0018322d175803653fe8e655d10e' \n\t\t\tclass='utmr-button  ur-btn-yellow has-utmr-yellow-background-color text-black block-utmr-yellow-button' >\n\t\t\t\t Regolamenti\n\t\t\t<\/a>\n\n<a href='https:\/\/www.ultratourmonterosa.com\/legal\/terms-and-conditions\/' \n\t\t\ttarget='' \n\t\t\tid='utmr-yellow-button-block_cd15c781172e75ea4a221d05b7feef92' \n\t\t\tclass='utmr-button  ur-btn-yellow has-utmr-yellow-background-color text-black block-utmr-yellow-button' >\n\t\t\t\t Termini e condizioni\n\t\t\t<\/a>\n\n\n<p><\/p>\n","protected":false},"excerpt":{"rendered":"<p>Informazioni di registrazione Queste sono le informazioni necessarie per completare la pre-registrazione al Mischabel 60. Si prega di leggere attentamente e quindi compilare il modulo di pre-registrazione collegato in fondo a questa pagina. Si tratta di una gara di lunga distanza dura e impegnativa su sentieri alpini alti. Vogliamo che tu ti diverta e ti [&hellip;]<\/p>\n","protected":false},"author":2,"featured_media":25586,"parent":0,"menu_order":3,"comment_status":"closed","ping_status":"closed","template":"","meta":{"_acf_changed":false,"jetpack_post_was_ever_published":false,"footnotes":"","_wp_rev_ctl_limit":""},"class_list":["post-50498","page","type-page","status-publish","has-post-thumbnail","hentry"],"acf":[],"yoast_head":"<!-- This site is optimized with the Yoast SEO plugin v27.4 - https:\/\/yoast.com\/product\/yoast-seo-wordpress\/ -->\n<title>Pre-registrazione per l&#039;UTMR Mischabel 60 - Ultra Tour Monte Rosa<\/title>\n<meta name=\"robots\" content=\"index, follow, max-snippet:-1, max-image-preview:large, max-video-preview:-1\" \/>\n<link rel=\"canonical\" href=\"https:\/\/www.ultratourmonterosa.com\/it\/pre-registrazione-per-lutmr-mischabel-60\/\" \/>\n<meta property=\"og:locale\" content=\"it_IT\" \/>\n<meta property=\"og:type\" content=\"article\" \/>\n<meta property=\"og:title\" content=\"Pre-registrazione per l&#039;UTMR Mischabel 60 - Ultra Tour Monte Rosa\" \/>\n<meta property=\"og:description\" content=\"Informazioni di registrazione Queste sono le informazioni necessarie per completare la pre-registrazione al Mischabel 60. Si prega di leggere attentamente e quindi compilare il modulo di pre-registrazione collegato in fondo a questa pagina. Si tratta di una gara di lunga distanza dura e impegnativa su sentieri alpini alti. Vogliamo che tu ti diverta e ti [&hellip;]\" \/>\n<meta property=\"og:url\" content=\"https:\/\/www.ultratourmonterosa.com\/it\/pre-registrazione-per-lutmr-mischabel-60\/\" \/>\n<meta property=\"og:site_name\" content=\"Ultra Tour Monte Rosa\" \/>\n<meta property=\"article:publisher\" content=\"https:\/\/www.facebook.com\/UltraTourMonteRosa\/\" \/>\n<meta property=\"article:modified_time\" content=\"2025-09-30T12:24:39+00:00\" \/>\n<meta property=\"og:image\" content=\"https:\/\/www.ultratourmonterosa.com\/wp-content\/uploads\/2013\/12\/UTMR_3a_tappa_foto_Giacomo_Meneghello_GM_16-3394untitled.jpg\" \/>\n\t<meta property=\"og:image:width\" content=\"1702\" \/>\n\t<meta property=\"og:image:height\" content=\"1080\" \/>\n\t<meta property=\"og:image:type\" content=\"image\/jpeg\" \/>\n<meta name=\"twitter:card\" content=\"summary_large_image\" \/>\n<meta name=\"twitter:site\" content=\"@UltraMonteRosa\" \/>\n<meta name=\"twitter:label1\" content=\"Tempo di lettura stimato\" \/>\n\t<meta name=\"twitter:data1\" content=\"3 minuti\" \/>\n<script type=\"application\/ld+json\" class=\"yoast-schema-graph\">{\"@context\":\"https:\\\/\\\/schema.org\",\"@graph\":[{\"@type\":\"WebPage\",\"@id\":\"https:\\\/\\\/www.ultratourmonterosa.com\\\/it\\\/pre-registrazione-per-lutmr-mischabel-60\\\/\",\"url\":\"https:\\\/\\\/www.ultratourmonterosa.com\\\/it\\\/pre-registrazione-per-lutmr-mischabel-60\\\/\",\"name\":\"Pre-registrazione per l'UTMR Mischabel 60 - Ultra Tour Monte Rosa\",\"isPartOf\":{\"@id\":\"https:\\\/\\\/www.ultratourmonterosa.com\\\/#website\"},\"primaryImageOfPage\":{\"@id\":\"https:\\\/\\\/www.ultratourmonterosa.com\\\/it\\\/pre-registrazione-per-lutmr-mischabel-60\\\/#primaryimage\"},\"image\":{\"@id\":\"https:\\\/\\\/www.ultratourmonterosa.com\\\/it\\\/pre-registrazione-per-lutmr-mischabel-60\\\/#primaryimage\"},\"thumbnailUrl\":\"https:\\\/\\\/www.ultratourmonterosa.com\\\/wp-content\\\/uploads\\\/2013\\\/12\\\/UTMR_3a_tappa_foto_Giacomo_Meneghello_GM_16-3394untitled.jpg\",\"datePublished\":\"2024-05-08T03:52:45+00:00\",\"dateModified\":\"2025-09-30T12:24:39+00:00\",\"breadcrumb\":{\"@id\":\"https:\\\/\\\/www.ultratourmonterosa.com\\\/it\\\/pre-registrazione-per-lutmr-mischabel-60\\\/#breadcrumb\"},\"inLanguage\":\"it-IT\",\"potentialAction\":[{\"@type\":\"ReadAction\",\"target\":[\"https:\\\/\\\/www.ultratourmonterosa.com\\\/it\\\/pre-registrazione-per-lutmr-mischabel-60\\\/\"]}]},{\"@type\":\"ImageObject\",\"inLanguage\":\"it-IT\",\"@id\":\"https:\\\/\\\/www.ultratourmonterosa.com\\\/it\\\/pre-registrazione-per-lutmr-mischabel-60\\\/#primaryimage\",\"url\":\"https:\\\/\\\/www.ultratourmonterosa.com\\\/wp-content\\\/uploads\\\/2013\\\/12\\\/UTMR_3a_tappa_foto_Giacomo_Meneghello_GM_16-3394untitled.jpg\",\"contentUrl\":\"https:\\\/\\\/www.ultratourmonterosa.com\\\/wp-content\\\/uploads\\\/2013\\\/12\\\/UTMR_3a_tappa_foto_Giacomo_Meneghello_GM_16-3394untitled.jpg\",\"width\":1702,\"height\":1080},{\"@type\":\"BreadcrumbList\",\"@id\":\"https:\\\/\\\/www.ultratourmonterosa.com\\\/it\\\/pre-registrazione-per-lutmr-mischabel-60\\\/#breadcrumb\",\"itemListElement\":[{\"@type\":\"ListItem\",\"position\":1,\"name\":\"Home\",\"item\":\"https:\\\/\\\/www.ultratourmonterosa.com\\\/it\\\/\"},{\"@type\":\"ListItem\",\"position\":2,\"name\":\"Pre-registrazione per l&#8217;UTMR Mischabel 60\"}]},{\"@type\":\"WebSite\",\"@id\":\"https:\\\/\\\/www.ultratourmonterosa.com\\\/#website\",\"url\":\"https:\\\/\\\/www.ultratourmonterosa.com\\\/\",\"name\":\"Ultra Tour Monte Rosa\",\"description\":\"3-6 September 2025\",\"publisher\":{\"@id\":\"https:\\\/\\\/www.ultratourmonterosa.com\\\/#organization\"},\"potentialAction\":[{\"@type\":\"SearchAction\",\"target\":{\"@type\":\"EntryPoint\",\"urlTemplate\":\"https:\\\/\\\/www.ultratourmonterosa.com\\\/?s={search_term_string}\"},\"query-input\":{\"@type\":\"PropertyValueSpecification\",\"valueRequired\":true,\"valueName\":\"search_term_string\"}}],\"inLanguage\":\"it-IT\"},{\"@type\":\"Organization\",\"@id\":\"https:\\\/\\\/www.ultratourmonterosa.com\\\/#organization\",\"name\":\"Ultra Tour Monte Rosa\",\"url\":\"https:\\\/\\\/www.ultratourmonterosa.com\\\/\",\"logo\":{\"@type\":\"ImageObject\",\"inLanguage\":\"it-IT\",\"@id\":\"https:\\\/\\\/www.ultratourmonterosa.com\\\/#\\\/schema\\\/logo\\\/image\\\/\",\"url\":\"https:\\\/\\\/www.ultratourmonterosa.com\\\/wp-content\\\/uploads\\\/2024\\\/09\\\/UTMR-logo-300px-1.png\",\"contentUrl\":\"https:\\\/\\\/www.ultratourmonterosa.com\\\/wp-content\\\/uploads\\\/2024\\\/09\\\/UTMR-logo-300px-1.png\",\"width\":300,\"height\":300,\"caption\":\"Ultra Tour Monte Rosa\"},\"image\":{\"@id\":\"https:\\\/\\\/www.ultratourmonterosa.com\\\/#\\\/schema\\\/logo\\\/image\\\/\"},\"sameAs\":[\"https:\\\/\\\/www.facebook.com\\\/UltraTourMonteRosa\\\/\",\"https:\\\/\\\/x.com\\\/UltraMonteRosa\"]}]}<\/script>\n<!-- \/ Yoast SEO plugin. -->","yoast_head_json":{"title":"Pre-registrazione per l'UTMR Mischabel 60 - Ultra Tour Monte Rosa","robots":{"index":"index","follow":"follow","max-snippet":"max-snippet:-1","max-image-preview":"max-image-preview:large","max-video-preview":"max-video-preview:-1"},"canonical":"https:\/\/www.ultratourmonterosa.com\/it\/pre-registrazione-per-lutmr-mischabel-60\/","og_locale":"it_IT","og_type":"article","og_title":"Pre-registrazione per l'UTMR Mischabel 60 - Ultra Tour Monte Rosa","og_description":"Informazioni di registrazione Queste sono le informazioni necessarie per completare la pre-registrazione al Mischabel 60. Si prega di leggere attentamente e quindi compilare il modulo di pre-registrazione collegato in fondo a questa pagina. Si tratta di una gara di lunga distanza dura e impegnativa su sentieri alpini alti. Vogliamo che tu ti diverta e ti [&hellip;]","og_url":"https:\/\/www.ultratourmonterosa.com\/it\/pre-registrazione-per-lutmr-mischabel-60\/","og_site_name":"Ultra Tour Monte Rosa","article_publisher":"https:\/\/www.facebook.com\/UltraTourMonteRosa\/","article_modified_time":"2025-09-30T12:24:39+00:00","og_image":[{"width":1702,"height":1080,"url":"https:\/\/www.ultratourmonterosa.com\/wp-content\/uploads\/2013\/12\/UTMR_3a_tappa_foto_Giacomo_Meneghello_GM_16-3394untitled.jpg","type":"image\/jpeg"}],"twitter_card":"summary_large_image","twitter_site":"@UltraMonteRosa","twitter_misc":{"Tempo di lettura stimato":"3 minuti"},"schema":{"@context":"https:\/\/schema.org","@graph":[{"@type":"WebPage","@id":"https:\/\/www.ultratourmonterosa.com\/it\/pre-registrazione-per-lutmr-mischabel-60\/","url":"https:\/\/www.ultratourmonterosa.com\/it\/pre-registrazione-per-lutmr-mischabel-60\/","name":"Pre-registrazione per l'UTMR Mischabel 60 - Ultra Tour Monte Rosa","isPartOf":{"@id":"https:\/\/www.ultratourmonterosa.com\/#website"},"primaryImageOfPage":{"@id":"https:\/\/www.ultratourmonterosa.com\/it\/pre-registrazione-per-lutmr-mischabel-60\/#primaryimage"},"image":{"@id":"https:\/\/www.ultratourmonterosa.com\/it\/pre-registrazione-per-lutmr-mischabel-60\/#primaryimage"},"thumbnailUrl":"https:\/\/www.ultratourmonterosa.com\/wp-content\/uploads\/2013\/12\/UTMR_3a_tappa_foto_Giacomo_Meneghello_GM_16-3394untitled.jpg","datePublished":"2024-05-08T03:52:45+00:00","dateModified":"2025-09-30T12:24:39+00:00","breadcrumb":{"@id":"https:\/\/www.ultratourmonterosa.com\/it\/pre-registrazione-per-lutmr-mischabel-60\/#breadcrumb"},"inLanguage":"it-IT","potentialAction":[{"@type":"ReadAction","target":["https:\/\/www.ultratourmonterosa.com\/it\/pre-registrazione-per-lutmr-mischabel-60\/"]}]},{"@type":"ImageObject","inLanguage":"it-IT","@id":"https:\/\/www.ultratourmonterosa.com\/it\/pre-registrazione-per-lutmr-mischabel-60\/#primaryimage","url":"https:\/\/www.ultratourmonterosa.com\/wp-content\/uploads\/2013\/12\/UTMR_3a_tappa_foto_Giacomo_Meneghello_GM_16-3394untitled.jpg","contentUrl":"https:\/\/www.ultratourmonterosa.com\/wp-content\/uploads\/2013\/12\/UTMR_3a_tappa_foto_Giacomo_Meneghello_GM_16-3394untitled.jpg","width":1702,"height":1080},{"@type":"BreadcrumbList","@id":"https:\/\/www.ultratourmonterosa.com\/it\/pre-registrazione-per-lutmr-mischabel-60\/#breadcrumb","itemListElement":[{"@type":"ListItem","position":1,"name":"Home","item":"https:\/\/www.ultratourmonterosa.com\/it\/"},{"@type":"ListItem","position":2,"name":"Pre-registrazione per l&#8217;UTMR Mischabel 60"}]},{"@type":"WebSite","@id":"https:\/\/www.ultratourmonterosa.com\/#website","url":"https:\/\/www.ultratourmonterosa.com\/","name":"Ultra Tour Monte Rosa","description":"3-6 September 2025","publisher":{"@id":"https:\/\/www.ultratourmonterosa.com\/#organization"},"potentialAction":[{"@type":"SearchAction","target":{"@type":"EntryPoint","urlTemplate":"https:\/\/www.ultratourmonterosa.com\/?s={search_term_string}"},"query-input":{"@type":"PropertyValueSpecification","valueRequired":true,"valueName":"search_term_string"}}],"inLanguage":"it-IT"},{"@type":"Organization","@id":"https:\/\/www.ultratourmonterosa.com\/#organization","name":"Ultra Tour Monte Rosa","url":"https:\/\/www.ultratourmonterosa.com\/","logo":{"@type":"ImageObject","inLanguage":"it-IT","@id":"https:\/\/www.ultratourmonterosa.com\/#\/schema\/logo\/image\/","url":"https:\/\/www.ultratourmonterosa.com\/wp-content\/uploads\/2024\/09\/UTMR-logo-300px-1.png","contentUrl":"https:\/\/www.ultratourmonterosa.com\/wp-content\/uploads\/2024\/09\/UTMR-logo-300px-1.png","width":300,"height":300,"caption":"Ultra Tour Monte Rosa"},"image":{"@id":"https:\/\/www.ultratourmonterosa.com\/#\/schema\/logo\/image\/"},"sameAs":["https:\/\/www.facebook.com\/UltraTourMonteRosa\/","https:\/\/x.com\/UltraMonteRosa"]}]}},"jetpack_shortlink":"https:\/\/wp.me\/P4DSVg-d8u","jetpack_sharing_enabled":true,"_links":{"self":[{"href":"https:\/\/www.ultratourmonterosa.com\/it\/wp-json\/wp\/v2\/pages\/50498","targetHints":{"allow":["GET"]}}],"collection":[{"href":"https:\/\/www.ultratourmonterosa.com\/it\/wp-json\/wp\/v2\/pages"}],"about":[{"href":"https:\/\/www.ultratourmonterosa.com\/it\/wp-json\/wp\/v2\/types\/page"}],"author":[{"embeddable":true,"href":"https:\/\/www.ultratourmonterosa.com\/it\/wp-json\/wp\/v2\/users\/2"}],"replies":[{"embeddable":true,"href":"https:\/\/www.ultratourmonterosa.com\/it\/wp-json\/wp\/v2\/comments?post=50498"}],"version-history":[{"count":4,"href":"https:\/\/www.ultratourmonterosa.com\/it\/wp-json\/wp\/v2\/pages\/50498\/revisions"}],"predecessor-version":[{"id":51430,"href":"https:\/\/www.ultratourmonterosa.com\/it\/wp-json\/wp\/v2\/pages\/50498\/revisions\/51430"}],"wp:featuredmedia":[{"embeddable":true,"href":"https:\/\/www.ultratourmonterosa.com\/it\/wp-json\/wp\/v2\/media\/25586"}],"wp:attachment":[{"href":"https:\/\/www.ultratourmonterosa.com\/it\/wp-json\/wp\/v2\/media?parent=50498"}],"curies":[{"name":"wp","href":"https:\/\/api.w.org\/{rel}","templated":true}]}}