{"id":50510,"date":"2024-05-08T10:19:57","date_gmt":"2024-05-08T04:34:57","guid":{"rendered":"https:\/\/www.ultratourmonterosa.com\/race-info__trashed\/registrazione-per-il-grachen-berglauf\/"},"modified":"2025-09-30T18:35:24","modified_gmt":"2025-09-30T12:50:24","slug":"registrazione-per-il-grachen-berglauf","status":"publish","type":"page","link":"https:\/\/www.ultratourmonterosa.com\/it\/registrazione-per-il-grachen-berglauf\/","title":{"rendered":"Registrazione per il Gr\u00e4chen Berglauf"},"content":{"rendered":"\n<div style=\"height:50px\" aria-hidden=\"true\" class=\"wp-block-spacer\"><\/div>\n\n\n\n<h2 class=\"wp-block-heading\" id=\"registration-information\">Informazioni di registrazione<\/h2>\n\n\n\n<div style=\"height:20px\" aria-hidden=\"true\" class=\"wp-block-spacer\"><\/div>\n\n\n\n<p>Queste sono le informazioni per completare la tua iscrizione al Gr\u00e4chen Berglauf<\/p>\n\n\n\n<p>Ti invitiamo a leggere attentamente e a compilare il modulo di registrazione che trovi in fondo a questa pagina.<\/p>\n\n\n\n<p>Si tratta di una gara impegnativa su sentieri di alta montagna. Vogliamo che tu ti diverta e ti godi il tuo viaggio, quindi dobbiamo verificare che tu abbia sufficiente esperienza per far fronte alle esigenze del terreno e per prenderti cura di te stesso in tutte le condizioni possibili.<\/p>\n\n\n\n<p>La selezione avverr\u00e0 in base all&#8217;ordine di arrivo. L&#8217;organizzazione si riserva alcuni posti wild card da assegnare a sua discrezione.<\/p>\n\n\n\n<div class=\"wp-block-simple-alerts-for-gutenberg-alert-boxes sab-alert sab-alert-warning\" role=\"alert\"><strong>Le iscrizioni chiuderanno alle ore 18:00 di sabato 29 agosto 2026.<\/strong><\/div>\n\n\n\n<div style=\"height:50px\" aria-hidden=\"true\" class=\"wp-block-spacer\"><\/div>\n\n\n<a href='https:\/\/registration.utmr.ch\/bergaluf-registration\/' \n\t\t\ttarget='_blank' \n\t\t\tid='utmr-yellow-button-block_0aae549763a85ea0e1027bd57385643a' \n\t\t\tclass='utmr-button  ur-btn-yellow has-utmr-yellow-background-color text-black block-utmr-yellow-button' >\n\t\t\t\t Modulo di registrazione &nbsp;&nbsp;<i class='fas fa-external-link-alt'><\/i>\n\t\t\t<\/a>\n\n\n<div style=\"height:50px\" aria-hidden=\"true\" class=\"wp-block-spacer\"><\/div>\n\n\n\n<h2 class=\"wp-block-heading\" id=\"required-experience\">Esperienza richiesta<\/h2>\n\n\n\n<div style=\"height:20px\" aria-hidden=\"true\" class=\"wp-block-spacer\"><\/div>\n\n\n\n<p>L&#8217;ingresso \u00e8 aperto a tutti i maggiorenni. Seguirai un percorso bellissimo e impegnativo che ti porter\u00e0 fino al bordo dell&#8217;imponente Riedgletscher. Ti ricordiamo che si tratta di una gara di montagna molto impegnativa e ti consigliamo di avere un&#8217;esperienza precedente di corsa ed escursionismo su terreni di montagna. Invia un&#8217;e-mail a <a href=\"mailto:info@ultratourmonterosa.com\" target=\"_blank\" rel=\"noreferrer noopener\">info@graechenberglauf.ch<\/a> se hai bisogno di consigli sulla tua idoneit\u00e0.  <\/p>\n\n\n\n<div style=\"height:50px\" aria-hidden=\"true\" class=\"wp-block-spacer\"><\/div>\n\n\n\n<h2 class=\"wp-block-heading\" id=\"registration-cost\">Costo di registrazione<\/h2>\n\n\n\n<p><strong>Quota di partecipazione: 82 CHF  <\/strong><\/p>\n\n\n\n<p>La quota di iscrizione comprende:<\/p>\n\n\n\n<ul class=\"wp-block-list\">\n<li>numero di pettorale e cronometraggio con chip<\/li>\n\n\n\n<li>Deposito bagagli<\/li>\n\n\n\n<li>1 checkpoint rifornito di acqua e snack<\/li>\n\n\n\n<li>Pronto soccorso \/ assistenza medica<\/li>\n\n\n\n<li>Regalo di partecipazione<\/li>\n\n\n\n<li>Premi complessivi e di categoria in base alla classifica<\/li>\n<\/ul>\n\n\n\n<div style=\"height:50px\" aria-hidden=\"true\" class=\"wp-block-spacer\"><\/div>\n\n\n\n<h2 class=\"wp-block-heading\">Attrezzature obbligatorie<\/h2>\n\n\n\n<ul class=\"wp-block-list\">\n<li>fischio<\/li>\n\n\n\n<li>coperta di emergenza<\/li>\n\n\n\n<li>copricapo (buff, bandana o cappello)<\/li>\n\n\n\n<li>capacit\u00e0 di trasportare 1 litro d&#8217;acqua<\/li>\n\n\n\n<li>giacca antivento*<\/li>\n<\/ul>\n\n\n\n<p>*previsioni di maltempo: giacca impermeabile con cappuccio &#8211; in caso di necessit\u00e0 sarai avvisato via e-mail e sms entro le 6 del mattino del giorno della gara.<\/p>\n\n\n\n<div style=\"height:50px\" aria-hidden=\"true\" class=\"wp-block-spacer\"><\/div>\n\n\n\n<h2 class=\"wp-block-heading\" id=\"race-registration-and-equipment-check\">Registrazione della gara e controllo dell&#8217;attrezzatura<\/h2>\n\n\n\n<p>Le iscrizioni alla gara si svolgeranno a Gr\u00e4chen <strong>venerd\u00ec 4 settembre tra le 16:00 e le 19:00<\/strong> e <strong>sabato 5 settembre tra le 07:30 e le 09:00<\/strong>. Questo \u00e8 obbligatorio.<\/p>\n\n\n\n<p>Il tuo numero di gara e il tuo chip di cronometraggio ti verranno dati su:<\/p>\n\n\n\n<ul class=\"wp-block-list\">\n<li>presentazione di documenti fotografici (passaporto, carta d&#8217;identit\u00e0)<\/li>\n\n\n\n<li>controllo delle attrezzature obbligatorie<\/li>\n<\/ul>\n\n\n\n<div style=\"height:50px\" aria-hidden=\"true\" class=\"wp-block-spacer\"><\/div>\n\n\n\n<h2 class=\"wp-block-heading\" id=\"finalised-race-information-and-schedule\">Informazioni e calendario per la gara<\/h2>\n\n\n\n<p>Le informazioni dettagliate e definitive sulla gara saranno disponibili entro le ore 20:00 di sabato 29 agosto 2026.<\/p>\n\n\n\n<ul class=\"wp-block-list\">\n<li>Informazioni finali sul percorso, gps e profilo<\/li>\n\n\n\n<li>Luoghi dei checkpoint, barriere di tempo e servizi (cibo, bevande, pronto soccorso)<\/li>\n\n\n\n<li>Programma delle corse di giorno per giorno<\/li>\n<\/ul>\n\n\n\n<div style=\"height:50px\" aria-hidden=\"true\" class=\"wp-block-spacer\"><\/div>\n\n\n\n<h2 class=\"wp-block-heading\" id=\"insurance\">Assicurazioni<\/h2>\n\n\n\n<p>Ogni partecipante alla gara deve avere un&#8217;assicurazione personale contro gli infortuni sufficiente a coprire i costi di evacuazione in Svizzera. La polizza assicurativa deve essere valida almeno per tutta la durata della gara.<\/p>\n\n\n\n<p>N.B. L&#8217;evacuazione in elicottero in Svizzera non \u00e8 gratuita. La scelta dell&#8217;evacuazione dipender\u00e0 esclusivamente dall&#8217;organizzazione che dar\u00e0 la priorit\u00e0 alla sicurezza del partecipante.<\/p>\n\n\n\n<div style=\"height:20px\" aria-hidden=\"true\" class=\"wp-block-spacer\"><\/div>\n\n\n\n<div class=\"wp-block-simple-alerts-for-gutenberg-alert-boxes sab-alert sab-alert-primary\" role=\"alert\">Se hai difficolt\u00e0 a trovare un&#8217;assicurazione adeguata, ti consigliamo la Runner Insurance fornita da ITRA (International Trail Running Association).\nPer maggiori informazioni <a href=\"https:\/\/itra.run\/Runners\/AboutInsurance\" target=\"_blank\" rel=\"noreferrer noopener\">vedi qui<\/a>.   <\/div>\n\n\n\n<div style=\"height:20px\" aria-hidden=\"true\" class=\"wp-block-spacer\"><\/div>\n\n\n\n<div class=\"wp-block-simple-alerts-for-gutenberg-alert-boxes sab-alert sab-alert-danger\" role=\"alert\">Si consiglia di stipulare anche una normale assicurazione di viaggio per coprire la cancellazione dell&#8217;alloggio\/navetta ecc. e l&#8217;iscrizione alla gara al di l\u00e0 della nostra <a href=\"https:\/\/www.ultratourmonterosa.com\/it\/useful-information\/politica-di-cancellazione\/\">politica di cancellazione dell&#8217;UTMR<\/a>.<\/div>\n\n\n\n<div style=\"height:50px\" aria-hidden=\"true\" class=\"wp-block-spacer\"><\/div>\n\n\n\n<h2 class=\"wp-block-heading\" id=\"cancellation\">Cancellazione<\/h2>\n\n\n\n<p><a href=\"mailto:contact@ultratourmonterosa.com\" target=\"_blank\" rel=\"noreferrer noopener\">Il<\/a> rimborso del 50% pu\u00f2 essere richiesto fino a venerd\u00ec 28 agosto solo via e-mail a <a href=\"mailto:contact@ultratourmonterosa.com\" target=\"_blank\" rel=\"noreferrer noopener\">contact@ultratourmonterosa.com.<\/a> Consigliamo vivamente di acquistare una polizza di assicurazione di viaggio per coprirti se devi ritirarti dalla gara. Grazie.<\/p>\n\n\n\n<div style=\"height:50px\" aria-hidden=\"true\" class=\"wp-block-spacer\"><\/div>\n\n\n\n<h2 class=\"wp-block-heading\" id=\"travel-and-accommodation\">Viaggi e alloggio<\/h2>\n\n\n\n<p>Il Gr\u00e4chen Berglauf inizia e termina a Gr\u00e4chen, un bellissimo paesino a 1600 metri di altezza nella Mattertal. Consulta le nostre pagine di informazioni per assistenza con l&#8217;alloggio e i viaggi.<\/p>\n\n\n<a href='https:\/\/www.ultratourmonterosa.com\/useful-information\/travel-2\/' \n\t\t\ttarget='_blank' \n\t\t\tid='utmr-yellow-button-block_4a240ae92ca64e81f3da4e73d8e24e1c' \n\t\t\tclass='utmr-button  ur-btn-yellow has-utmr-yellow-background-color text-black block-utmr-yellow-button' >\n\t\t\t\t Informazioni su travel e bus shuttle\n\t\t\t<\/a>\n\n<a href='https:\/\/www.ultratourmonterosa.com\/it\/useful-information\/alloggio\/' \n\t\t\ttarget='' \n\t\t\tid='utmr-yellow-button-block_f368aa77a26a962a02a80bf45603fe79' \n\t\t\tclass='utmr-button  ur-btn-yellow has-utmr-yellow-background-color text-black block-utmr-yellow-button' >\n\t\t\t\t Informazioni sull&#8217;alloggio a Gr\u00e0chen\n\t\t\t<\/a>\n\n\n<div style=\"height:50px\" aria-hidden=\"true\" class=\"wp-block-spacer\"><\/div>\n\n\n\n<h2 class=\"wp-block-heading\" id=\"rules-and-terms\">Regole e termini<\/h2>\n\n\n\n<p>Si prega di leggere i regolamenti e i termini e le condizioni. All&#8217;invio del modulo di registrazione si conferma di aver letto, compreso e accettato.<\/p>\n\n\n<a href='https:\/\/www.ultratourmonterosa.com\/legal\/regulations\/' \n\t\t\ttarget='' \n\t\t\tid='utmr-yellow-button-block_a61e76932ab1ac3c59d947e7301a465b' \n\t\t\tclass='utmr-button  ur-btn-yellow has-utmr-yellow-background-color text-black block-utmr-yellow-button' >\n\t\t\t\t Regolamenti\n\t\t\t<\/a>\n\n<a href='https:\/\/www.ultratourmonterosa.com\/legal\/terms-and-conditions\/' \n\t\t\ttarget='' \n\t\t\tid='utmr-yellow-button-block_b3798e0363d2988c62df8d598c97cdd8' \n\t\t\tclass='utmr-button  ur-btn-yellow has-utmr-yellow-background-color text-black block-utmr-yellow-button' >\n\t\t\t\t Termini e condizioni\n\t\t\t<\/a>\n\n\n<p><\/p>\n","protected":false},"excerpt":{"rendered":"<p>Informazioni di registrazione Queste sono le informazioni per completare la tua iscrizione al Gr\u00e4chen Berglauf Ti invitiamo a leggere attentamente e a compilare il modulo di registrazione che trovi in fondo a questa pagina. Si tratta di una gara impegnativa su sentieri di alta montagna. Vogliamo che tu ti diverta e ti godi il tuo [&hellip;]<\/p>\n","protected":false},"author":2,"featured_media":25586,"parent":0,"menu_order":3,"comment_status":"closed","ping_status":"closed","template":"","meta":{"_acf_changed":false,"jetpack_post_was_ever_published":false,"footnotes":"","_wp_rev_ctl_limit":""},"class_list":["post-50510","page","type-page","status-publish","has-post-thumbnail","hentry"],"acf":[],"yoast_head":"<!-- This site is optimized with the Yoast SEO plugin v27.4 - https:\/\/yoast.com\/product\/yoast-seo-wordpress\/ -->\n<title>Registrazione per il Gr\u00e4chen Berglauf - Ultra Tour Monte Rosa<\/title>\n<meta name=\"robots\" content=\"index, follow, max-snippet:-1, max-image-preview:large, max-video-preview:-1\" \/>\n<link rel=\"canonical\" href=\"https:\/\/www.ultratourmonterosa.com\/it\/registrazione-per-il-grachen-berglauf\/\" \/>\n<meta property=\"og:locale\" content=\"it_IT\" \/>\n<meta property=\"og:type\" content=\"article\" \/>\n<meta property=\"og:title\" content=\"Registrazione per il Gr\u00e4chen Berglauf - Ultra Tour Monte Rosa\" \/>\n<meta property=\"og:description\" content=\"Informazioni di registrazione Queste sono le informazioni per completare la tua iscrizione al Gr\u00e4chen Berglauf Ti invitiamo a leggere attentamente e a compilare il modulo di registrazione che trovi in fondo a questa pagina. Si tratta di una gara impegnativa su sentieri di alta montagna. Vogliamo che tu ti diverta e ti godi il tuo [&hellip;]\" \/>\n<meta property=\"og:url\" content=\"https:\/\/www.ultratourmonterosa.com\/it\/registrazione-per-il-grachen-berglauf\/\" \/>\n<meta property=\"og:site_name\" content=\"Ultra Tour Monte Rosa\" \/>\n<meta property=\"article:publisher\" content=\"https:\/\/www.facebook.com\/UltraTourMonteRosa\/\" \/>\n<meta property=\"article:modified_time\" content=\"2025-09-30T12:50:24+00:00\" \/>\n<meta property=\"og:image\" content=\"https:\/\/www.ultratourmonterosa.com\/wp-content\/uploads\/2013\/12\/UTMR_3a_tappa_foto_Giacomo_Meneghello_GM_16-3394untitled.jpg\" \/>\n\t<meta property=\"og:image:width\" content=\"1702\" \/>\n\t<meta property=\"og:image:height\" content=\"1080\" \/>\n\t<meta property=\"og:image:type\" content=\"image\/jpeg\" \/>\n<meta name=\"twitter:card\" content=\"summary_large_image\" \/>\n<meta name=\"twitter:site\" content=\"@UltraMonteRosa\" \/>\n<meta name=\"twitter:label1\" content=\"Tempo di lettura stimato\" \/>\n\t<meta name=\"twitter:data1\" content=\"3 minuti\" \/>\n<script type=\"application\/ld+json\" class=\"yoast-schema-graph\">{\"@context\":\"https:\\\/\\\/schema.org\",\"@graph\":[{\"@type\":\"WebPage\",\"@id\":\"https:\\\/\\\/www.ultratourmonterosa.com\\\/it\\\/registrazione-per-il-grachen-berglauf\\\/\",\"url\":\"https:\\\/\\\/www.ultratourmonterosa.com\\\/it\\\/registrazione-per-il-grachen-berglauf\\\/\",\"name\":\"Registrazione per il Gr\u00e4chen Berglauf - Ultra Tour Monte Rosa\",\"isPartOf\":{\"@id\":\"https:\\\/\\\/www.ultratourmonterosa.com\\\/#website\"},\"primaryImageOfPage\":{\"@id\":\"https:\\\/\\\/www.ultratourmonterosa.com\\\/it\\\/registrazione-per-il-grachen-berglauf\\\/#primaryimage\"},\"image\":{\"@id\":\"https:\\\/\\\/www.ultratourmonterosa.com\\\/it\\\/registrazione-per-il-grachen-berglauf\\\/#primaryimage\"},\"thumbnailUrl\":\"https:\\\/\\\/www.ultratourmonterosa.com\\\/wp-content\\\/uploads\\\/2013\\\/12\\\/UTMR_3a_tappa_foto_Giacomo_Meneghello_GM_16-3394untitled.jpg\",\"datePublished\":\"2024-05-08T04:34:57+00:00\",\"dateModified\":\"2025-09-30T12:50:24+00:00\",\"breadcrumb\":{\"@id\":\"https:\\\/\\\/www.ultratourmonterosa.com\\\/it\\\/registrazione-per-il-grachen-berglauf\\\/#breadcrumb\"},\"inLanguage\":\"it-IT\",\"potentialAction\":[{\"@type\":\"ReadAction\",\"target\":[\"https:\\\/\\\/www.ultratourmonterosa.com\\\/it\\\/registrazione-per-il-grachen-berglauf\\\/\"]}]},{\"@type\":\"ImageObject\",\"inLanguage\":\"it-IT\",\"@id\":\"https:\\\/\\\/www.ultratourmonterosa.com\\\/it\\\/registrazione-per-il-grachen-berglauf\\\/#primaryimage\",\"url\":\"https:\\\/\\\/www.ultratourmonterosa.com\\\/wp-content\\\/uploads\\\/2013\\\/12\\\/UTMR_3a_tappa_foto_Giacomo_Meneghello_GM_16-3394untitled.jpg\",\"contentUrl\":\"https:\\\/\\\/www.ultratourmonterosa.com\\\/wp-content\\\/uploads\\\/2013\\\/12\\\/UTMR_3a_tappa_foto_Giacomo_Meneghello_GM_16-3394untitled.jpg\",\"width\":1702,\"height\":1080},{\"@type\":\"BreadcrumbList\",\"@id\":\"https:\\\/\\\/www.ultratourmonterosa.com\\\/it\\\/registrazione-per-il-grachen-berglauf\\\/#breadcrumb\",\"itemListElement\":[{\"@type\":\"ListItem\",\"position\":1,\"name\":\"Home\",\"item\":\"https:\\\/\\\/www.ultratourmonterosa.com\\\/it\\\/\"},{\"@type\":\"ListItem\",\"position\":2,\"name\":\"Registrazione per il Gr\u00e4chen Berglauf\"}]},{\"@type\":\"WebSite\",\"@id\":\"https:\\\/\\\/www.ultratourmonterosa.com\\\/#website\",\"url\":\"https:\\\/\\\/www.ultratourmonterosa.com\\\/\",\"name\":\"Ultra Tour Monte Rosa\",\"description\":\"3-6 September 2025\",\"publisher\":{\"@id\":\"https:\\\/\\\/www.ultratourmonterosa.com\\\/#organization\"},\"potentialAction\":[{\"@type\":\"SearchAction\",\"target\":{\"@type\":\"EntryPoint\",\"urlTemplate\":\"https:\\\/\\\/www.ultratourmonterosa.com\\\/?s={search_term_string}\"},\"query-input\":{\"@type\":\"PropertyValueSpecification\",\"valueRequired\":true,\"valueName\":\"search_term_string\"}}],\"inLanguage\":\"it-IT\"},{\"@type\":\"Organization\",\"@id\":\"https:\\\/\\\/www.ultratourmonterosa.com\\\/#organization\",\"name\":\"Ultra Tour Monte Rosa\",\"url\":\"https:\\\/\\\/www.ultratourmonterosa.com\\\/\",\"logo\":{\"@type\":\"ImageObject\",\"inLanguage\":\"it-IT\",\"@id\":\"https:\\\/\\\/www.ultratourmonterosa.com\\\/#\\\/schema\\\/logo\\\/image\\\/\",\"url\":\"https:\\\/\\\/www.ultratourmonterosa.com\\\/wp-content\\\/uploads\\\/2024\\\/09\\\/UTMR-logo-300px-1.png\",\"contentUrl\":\"https:\\\/\\\/www.ultratourmonterosa.com\\\/wp-content\\\/uploads\\\/2024\\\/09\\\/UTMR-logo-300px-1.png\",\"width\":300,\"height\":300,\"caption\":\"Ultra Tour Monte Rosa\"},\"image\":{\"@id\":\"https:\\\/\\\/www.ultratourmonterosa.com\\\/#\\\/schema\\\/logo\\\/image\\\/\"},\"sameAs\":[\"https:\\\/\\\/www.facebook.com\\\/UltraTourMonteRosa\\\/\",\"https:\\\/\\\/x.com\\\/UltraMonteRosa\"]}]}<\/script>\n<!-- \/ Yoast SEO plugin. -->","yoast_head_json":{"title":"Registrazione per il Gr\u00e4chen Berglauf - Ultra Tour Monte Rosa","robots":{"index":"index","follow":"follow","max-snippet":"max-snippet:-1","max-image-preview":"max-image-preview:large","max-video-preview":"max-video-preview:-1"},"canonical":"https:\/\/www.ultratourmonterosa.com\/it\/registrazione-per-il-grachen-berglauf\/","og_locale":"it_IT","og_type":"article","og_title":"Registrazione per il Gr\u00e4chen Berglauf - Ultra Tour Monte Rosa","og_description":"Informazioni di registrazione Queste sono le informazioni per completare la tua iscrizione al Gr\u00e4chen Berglauf Ti invitiamo a leggere attentamente e a compilare il modulo di registrazione che trovi in fondo a questa pagina. Si tratta di una gara impegnativa su sentieri di alta montagna. Vogliamo che tu ti diverta e ti godi il tuo [&hellip;]","og_url":"https:\/\/www.ultratourmonterosa.com\/it\/registrazione-per-il-grachen-berglauf\/","og_site_name":"Ultra Tour Monte Rosa","article_publisher":"https:\/\/www.facebook.com\/UltraTourMonteRosa\/","article_modified_time":"2025-09-30T12:50:24+00:00","og_image":[{"width":1702,"height":1080,"url":"https:\/\/www.ultratourmonterosa.com\/wp-content\/uploads\/2013\/12\/UTMR_3a_tappa_foto_Giacomo_Meneghello_GM_16-3394untitled.jpg","type":"image\/jpeg"}],"twitter_card":"summary_large_image","twitter_site":"@UltraMonteRosa","twitter_misc":{"Tempo di lettura stimato":"3 minuti"},"schema":{"@context":"https:\/\/schema.org","@graph":[{"@type":"WebPage","@id":"https:\/\/www.ultratourmonterosa.com\/it\/registrazione-per-il-grachen-berglauf\/","url":"https:\/\/www.ultratourmonterosa.com\/it\/registrazione-per-il-grachen-berglauf\/","name":"Registrazione per il Gr\u00e4chen Berglauf - Ultra Tour Monte Rosa","isPartOf":{"@id":"https:\/\/www.ultratourmonterosa.com\/#website"},"primaryImageOfPage":{"@id":"https:\/\/www.ultratourmonterosa.com\/it\/registrazione-per-il-grachen-berglauf\/#primaryimage"},"image":{"@id":"https:\/\/www.ultratourmonterosa.com\/it\/registrazione-per-il-grachen-berglauf\/#primaryimage"},"thumbnailUrl":"https:\/\/www.ultratourmonterosa.com\/wp-content\/uploads\/2013\/12\/UTMR_3a_tappa_foto_Giacomo_Meneghello_GM_16-3394untitled.jpg","datePublished":"2024-05-08T04:34:57+00:00","dateModified":"2025-09-30T12:50:24+00:00","breadcrumb":{"@id":"https:\/\/www.ultratourmonterosa.com\/it\/registrazione-per-il-grachen-berglauf\/#breadcrumb"},"inLanguage":"it-IT","potentialAction":[{"@type":"ReadAction","target":["https:\/\/www.ultratourmonterosa.com\/it\/registrazione-per-il-grachen-berglauf\/"]}]},{"@type":"ImageObject","inLanguage":"it-IT","@id":"https:\/\/www.ultratourmonterosa.com\/it\/registrazione-per-il-grachen-berglauf\/#primaryimage","url":"https:\/\/www.ultratourmonterosa.com\/wp-content\/uploads\/2013\/12\/UTMR_3a_tappa_foto_Giacomo_Meneghello_GM_16-3394untitled.jpg","contentUrl":"https:\/\/www.ultratourmonterosa.com\/wp-content\/uploads\/2013\/12\/UTMR_3a_tappa_foto_Giacomo_Meneghello_GM_16-3394untitled.jpg","width":1702,"height":1080},{"@type":"BreadcrumbList","@id":"https:\/\/www.ultratourmonterosa.com\/it\/registrazione-per-il-grachen-berglauf\/#breadcrumb","itemListElement":[{"@type":"ListItem","position":1,"name":"Home","item":"https:\/\/www.ultratourmonterosa.com\/it\/"},{"@type":"ListItem","position":2,"name":"Registrazione per il Gr\u00e4chen Berglauf"}]},{"@type":"WebSite","@id":"https:\/\/www.ultratourmonterosa.com\/#website","url":"https:\/\/www.ultratourmonterosa.com\/","name":"Ultra Tour Monte Rosa","description":"3-6 September 2025","publisher":{"@id":"https:\/\/www.ultratourmonterosa.com\/#organization"},"potentialAction":[{"@type":"SearchAction","target":{"@type":"EntryPoint","urlTemplate":"https:\/\/www.ultratourmonterosa.com\/?s={search_term_string}"},"query-input":{"@type":"PropertyValueSpecification","valueRequired":true,"valueName":"search_term_string"}}],"inLanguage":"it-IT"},{"@type":"Organization","@id":"https:\/\/www.ultratourmonterosa.com\/#organization","name":"Ultra Tour Monte Rosa","url":"https:\/\/www.ultratourmonterosa.com\/","logo":{"@type":"ImageObject","inLanguage":"it-IT","@id":"https:\/\/www.ultratourmonterosa.com\/#\/schema\/logo\/image\/","url":"https:\/\/www.ultratourmonterosa.com\/wp-content\/uploads\/2024\/09\/UTMR-logo-300px-1.png","contentUrl":"https:\/\/www.ultratourmonterosa.com\/wp-content\/uploads\/2024\/09\/UTMR-logo-300px-1.png","width":300,"height":300,"caption":"Ultra Tour Monte Rosa"},"image":{"@id":"https:\/\/www.ultratourmonterosa.com\/#\/schema\/logo\/image\/"},"sameAs":["https:\/\/www.facebook.com\/UltraTourMonteRosa\/","https:\/\/x.com\/UltraMonteRosa"]}]}},"jetpack_shortlink":"https:\/\/wp.me\/P4DSVg-d8G","jetpack_sharing_enabled":true,"_links":{"self":[{"href":"https:\/\/www.ultratourmonterosa.com\/it\/wp-json\/wp\/v2\/pages\/50510","targetHints":{"allow":["GET"]}}],"collection":[{"href":"https:\/\/www.ultratourmonterosa.com\/it\/wp-json\/wp\/v2\/pages"}],"about":[{"href":"https:\/\/www.ultratourmonterosa.com\/it\/wp-json\/wp\/v2\/types\/page"}],"author":[{"embeddable":true,"href":"https:\/\/www.ultratourmonterosa.com\/it\/wp-json\/wp\/v2\/users\/2"}],"replies":[{"embeddable":true,"href":"https:\/\/www.ultratourmonterosa.com\/it\/wp-json\/wp\/v2\/comments?post=50510"}],"version-history":[{"count":4,"href":"https:\/\/www.ultratourmonterosa.com\/it\/wp-json\/wp\/v2\/pages\/50510\/revisions"}],"predecessor-version":[{"id":51454,"href":"https:\/\/www.ultratourmonterosa.com\/it\/wp-json\/wp\/v2\/pages\/50510\/revisions\/51454"}],"wp:featuredmedia":[{"embeddable":true,"href":"https:\/\/www.ultratourmonterosa.com\/it\/wp-json\/wp\/v2\/media\/25586"}],"wp:attachment":[{"href":"https:\/\/www.ultratourmonterosa.com\/it\/wp-json\/wp\/v2\/media?parent=50510"}],"curies":[{"name":"wp","href":"https:\/\/api.w.org\/{rel}","templated":true}]}}