{"id":50585,"date":"2020-12-29T17:34:49","date_gmt":"2020-12-29T11:49:49","guid":{"rendered":"https:\/\/www.ultratourmonterosa.com\/empowerment-attraverso-lo-sport-e-leducazione-in-nepal\/"},"modified":"2024-05-08T17:41:08","modified_gmt":"2024-05-08T11:56:08","slug":"empowerment-attraverso-lo-sport-e-leducazione-in-nepal","status":"publish","type":"page","link":"https:\/\/www.ultratourmonterosa.com\/it\/empowerment-attraverso-lo-sport-e-leducazione-in-nepal\/","title":{"rendered":"Empowerment attraverso lo sport e l&#8217;educazione in Nepal"},"content":{"rendered":"\n<div style=\"height:50px\" aria-hidden=\"true\" class=\"wp-block-spacer\"><\/div>\n\n<p>Dal 2021 formalizzeremo un fondo UTMR per sostenere l&#8217;emancipazione dei giovani, in particolare delle ragazze, attraverso progetti di sport e istruzione in Nepal.<\/p>\n\n<p>Noi, organizzatori dell&#8217;UTMR, abbiamo stretti legami con il Nepal, come molti di voi gi\u00e0 sanno.<\/p>\n\n<p>Fin dall&#8217;inizio l&#8217;UTMR ha invitato atleti nepalesi a partecipare alle sue gare, oltre a sostenere gli sforzi per facilitare e incoraggiare gli atleti nepalesi di trail running a competere a livello nazionale e internazionale e a diventare sostenitori del valore dello sport (disciplina, sfida, opportunit\u00e0) per una generazione di ragazzi e ragazze in Nepal. Il ricavato della vendita di qualsiasi articolo dell&#8217;UTMR \u00e8 stato destinato a questo scopo.<\/p>\n\n<p>Nel 2016 Lizzy ha dedicato il suo <a href=\"https:\/\/www.ultratourmonterosa.com\/lizzy-runs-ght\/\" target=\"_blank\" rel=\"noreferrer noopener\">viaggio di 1000 miglia attraverso l&#8217;Himalaya nepalese<\/a> per dare opportunit\u00e0 ai corridori nepalesi, in particolare alle ragazze. Una sola opportunit\u00e0 pu\u00f2 cambiare una vita, cambiare una comunit\u00e0, dare nuove prospettive e, soprattutto in paesi come il Nepal, pu\u00f2 forse aiutare a cambiare la visione del posto delle donne nella societ\u00e0. Il denaro raccolto grazie al suo viaggio (attualmente ancora in custodia presso un ente di beneficenza negli Stati Uniti) sar\u00e0 ora destinato a questo fondo dell&#8217;UTMR.<\/p>\n\n<p>Durante l&#8217;anno 2020 la nostra comunit\u00e0 UTMR \u00e8 stata generosa nel sostenere i nostri sforzi per aiutare i lavoratori salariati giornalieri e le loro famiglie durante il blocco di Kathmandu dovuto alla pandemia di Covid-19. Grazie!<\/p>\n\n<p>Abbiamo anche sostenuto diversi individui di villaggi remoti e altri progetti in attivit\u00e0 educative.<\/p>\n\n<div style=\"height:50px\" aria-hidden=\"true\" class=\"wp-block-spacer\"><\/div>\n\n<h2 class=\"wp-block-heading\">Il fondo UTMR<\/h2>\n\n<p>Stiamo formalizzando un fondo dell&#8217;UTMR per sostenere vari progetti di base in Nepal che lavorano specificamente per potenziare gli individui e le comunit\u00e0 attraverso lo sport e le opportunit\u00e0 educative. Il Nepal \u00e8 un paese in cui anche una sola opportunit\u00e0 pu\u00f2 essere un catalizzatore per un cambiamento pi\u00f9 ampio.<\/p>\n\n<p>UTMR doner\u00e0 1 euro al fondo per ogni corridore iscritto a qualsiasi gara UTMR. All&#8217;atto dell&#8217;iscrizione i corridori avranno l&#8217;opportunit\u00e0 di abbinare o incrementare le nostre donazioni per questo sforzo.<\/p>\n\n<p>Siamo sempre a disposizione per domande o donazioni aggiuntive, basta inviare un&#8217;e-mail a <a href=\"mailto:info@ultratourmonterosa.com\" target=\"_blank\" rel=\"noreferrer noopener\">info@ultratourmonterosa.com<\/a> per avere maggiori informazioni.<\/p>\n\n<p>Pubblicheremo qui le notizie relative alle organizzazioni e ai progetti a cui contribuiamo.<\/p>\n\n<div style=\"height:50px\" aria-hidden=\"true\" class=\"wp-block-spacer\"><\/div>\n\n<h2 class=\"wp-block-heading\">Ulteriori informazioni<\/h2>\n<a href='https:\/\/vimeo.com\/ondemand\/miraraifilm' \n\t\t\ttarget='_blank' \n\t\t\tid='utmr-yellow-button-block_1bd391fc4ef2f3b74dd0fcd1d5a5d966' \n\t\t\tclass='utmr-button  ur-btn-yellow has-utmr-yellow-background-color text-black block-utmr-yellow-button' >\n\t\t\t\t Guarda qui il trailer di &#8220;Mira, la storia di una vivace ragazza di villaggio nepalese&#8221;! &nbsp;&nbsp;<i class='fas fa-external-link-alt'><\/i>\n\t\t\t<\/a>","protected":false},"excerpt":{"rendered":"<p>Dal 2021 formalizzeremo un fondo UTMR per sostenere l&#8217;emancipazione dei giovani, in particolare delle ragazze, attraverso progetti di sport e istruzione in Nepal. Noi, organizzatori dell&#8217;UTMR, abbiamo stretti legami con il Nepal, come molti di voi gi\u00e0 sanno. Fin dall&#8217;inizio l&#8217;UTMR ha invitato atleti nepalesi a partecipare alle sue gare, oltre a sostenere gli sforzi [&hellip;]<\/p>\n","protected":false},"author":2,"featured_media":0,"parent":0,"menu_order":99,"comment_status":"closed","ping_status":"closed","template":"","meta":{"_acf_changed":false,"footnotes":"","_wp_rev_ctl_limit":""},"class_list":["post-50585","page","type-page","status-publish","hentry"],"acf":[],"yoast_head":"<!-- This site is optimized with the Yoast SEO plugin v27.5 - https:\/\/yoast.com\/product\/yoast-seo-wordpress\/ -->\n<title>Empowerment attraverso lo sport e l&#039;educazione in Nepal - Ultra Tour Monte Rosa<\/title>\n<meta name=\"robots\" content=\"index, follow, max-snippet:-1, max-image-preview:large, max-video-preview:-1\" \/>\n<link rel=\"canonical\" href=\"https:\/\/www.ultratourmonterosa.com\/it\/empowerment-attraverso-lo-sport-e-leducazione-in-nepal\/\" \/>\n<meta property=\"og:locale\" content=\"it_IT\" \/>\n<meta property=\"og:type\" content=\"article\" \/>\n<meta property=\"og:title\" content=\"Empowerment attraverso lo sport e l&#039;educazione in Nepal - Ultra Tour Monte Rosa\" \/>\n<meta property=\"og:description\" content=\"Dal 2021 formalizzeremo un fondo UTMR per sostenere l&#8217;emancipazione dei giovani, in particolare delle ragazze, attraverso progetti di sport e istruzione in Nepal. Noi, organizzatori dell&#8217;UTMR, abbiamo stretti legami con il Nepal, come molti di voi gi\u00e0 sanno. Fin dall&#8217;inizio l&#8217;UTMR ha invitato atleti nepalesi a partecipare alle sue gare, oltre a sostenere gli sforzi [&hellip;]\" \/>\n<meta property=\"og:url\" content=\"https:\/\/www.ultratourmonterosa.com\/it\/empowerment-attraverso-lo-sport-e-leducazione-in-nepal\/\" \/>\n<meta property=\"og:site_name\" content=\"Ultra Tour Monte Rosa\" \/>\n<meta property=\"article:publisher\" content=\"https:\/\/www.facebook.com\/UltraTourMonteRosa\/\" \/>\n<meta property=\"article:modified_time\" content=\"2024-05-08T11:56:08+00:00\" \/>\n<meta name=\"twitter:card\" content=\"summary_large_image\" \/>\n<meta name=\"twitter:site\" content=\"@UltraMonteRosa\" \/>\n<meta name=\"twitter:label1\" content=\"Tempo di lettura stimato\" \/>\n\t<meta name=\"twitter:data1\" content=\"2 minuti\" \/>\n<script type=\"application\/ld+json\" class=\"yoast-schema-graph\">{\"@context\":\"https:\\\/\\\/schema.org\",\"@graph\":[{\"@type\":\"WebPage\",\"@id\":\"https:\\\/\\\/www.ultratourmonterosa.com\\\/it\\\/empowerment-attraverso-lo-sport-e-leducazione-in-nepal\\\/\",\"url\":\"https:\\\/\\\/www.ultratourmonterosa.com\\\/it\\\/empowerment-attraverso-lo-sport-e-leducazione-in-nepal\\\/\",\"name\":\"Empowerment attraverso lo sport e l'educazione in Nepal - Ultra Tour Monte Rosa\",\"isPartOf\":{\"@id\":\"https:\\\/\\\/www.ultratourmonterosa.com\\\/#website\"},\"datePublished\":\"2020-12-29T11:49:49+00:00\",\"dateModified\":\"2024-05-08T11:56:08+00:00\",\"breadcrumb\":{\"@id\":\"https:\\\/\\\/www.ultratourmonterosa.com\\\/it\\\/empowerment-attraverso-lo-sport-e-leducazione-in-nepal\\\/#breadcrumb\"},\"inLanguage\":\"it-IT\",\"potentialAction\":[{\"@type\":\"ReadAction\",\"target\":[\"https:\\\/\\\/www.ultratourmonterosa.com\\\/it\\\/empowerment-attraverso-lo-sport-e-leducazione-in-nepal\\\/\"]}]},{\"@type\":\"BreadcrumbList\",\"@id\":\"https:\\\/\\\/www.ultratourmonterosa.com\\\/it\\\/empowerment-attraverso-lo-sport-e-leducazione-in-nepal\\\/#breadcrumb\",\"itemListElement\":[{\"@type\":\"ListItem\",\"position\":1,\"name\":\"Home\",\"item\":\"https:\\\/\\\/www.ultratourmonterosa.com\\\/it\\\/\"},{\"@type\":\"ListItem\",\"position\":2,\"name\":\"Empowerment attraverso lo sport e l&#8217;educazione in Nepal\"}]},{\"@type\":\"WebSite\",\"@id\":\"https:\\\/\\\/www.ultratourmonterosa.com\\\/#website\",\"url\":\"https:\\\/\\\/www.ultratourmonterosa.com\\\/\",\"name\":\"Ultra Tour Monte Rosa\",\"description\":\"3-6 September 2025\",\"publisher\":{\"@id\":\"https:\\\/\\\/www.ultratourmonterosa.com\\\/#organization\"},\"potentialAction\":[{\"@type\":\"SearchAction\",\"target\":{\"@type\":\"EntryPoint\",\"urlTemplate\":\"https:\\\/\\\/www.ultratourmonterosa.com\\\/?s={search_term_string}\"},\"query-input\":{\"@type\":\"PropertyValueSpecification\",\"valueRequired\":true,\"valueName\":\"search_term_string\"}}],\"inLanguage\":\"it-IT\"},{\"@type\":\"Organization\",\"@id\":\"https:\\\/\\\/www.ultratourmonterosa.com\\\/#organization\",\"name\":\"Ultra Tour Monte Rosa\",\"url\":\"https:\\\/\\\/www.ultratourmonterosa.com\\\/\",\"logo\":{\"@type\":\"ImageObject\",\"inLanguage\":\"it-IT\",\"@id\":\"https:\\\/\\\/www.ultratourmonterosa.com\\\/#\\\/schema\\\/logo\\\/image\\\/\",\"url\":\"https:\\\/\\\/www.ultratourmonterosa.com\\\/wp-content\\\/uploads\\\/2024\\\/09\\\/UTMR-logo-300px-1.png\",\"contentUrl\":\"https:\\\/\\\/www.ultratourmonterosa.com\\\/wp-content\\\/uploads\\\/2024\\\/09\\\/UTMR-logo-300px-1.png\",\"width\":300,\"height\":300,\"caption\":\"Ultra Tour Monte Rosa\"},\"image\":{\"@id\":\"https:\\\/\\\/www.ultratourmonterosa.com\\\/#\\\/schema\\\/logo\\\/image\\\/\"},\"sameAs\":[\"https:\\\/\\\/www.facebook.com\\\/UltraTourMonteRosa\\\/\",\"https:\\\/\\\/x.com\\\/UltraMonteRosa\"]}]}<\/script>\n<!-- \/ Yoast SEO plugin. -->","yoast_head_json":{"title":"Empowerment attraverso lo sport e l'educazione in Nepal - Ultra Tour Monte Rosa","robots":{"index":"index","follow":"follow","max-snippet":"max-snippet:-1","max-image-preview":"max-image-preview:large","max-video-preview":"max-video-preview:-1"},"canonical":"https:\/\/www.ultratourmonterosa.com\/it\/empowerment-attraverso-lo-sport-e-leducazione-in-nepal\/","og_locale":"it_IT","og_type":"article","og_title":"Empowerment attraverso lo sport e l'educazione in Nepal - Ultra Tour Monte Rosa","og_description":"Dal 2021 formalizzeremo un fondo UTMR per sostenere l&#8217;emancipazione dei giovani, in particolare delle ragazze, attraverso progetti di sport e istruzione in Nepal. Noi, organizzatori dell&#8217;UTMR, abbiamo stretti legami con il Nepal, come molti di voi gi\u00e0 sanno. Fin dall&#8217;inizio l&#8217;UTMR ha invitato atleti nepalesi a partecipare alle sue gare, oltre a sostenere gli sforzi [&hellip;]","og_url":"https:\/\/www.ultratourmonterosa.com\/it\/empowerment-attraverso-lo-sport-e-leducazione-in-nepal\/","og_site_name":"Ultra Tour Monte Rosa","article_publisher":"https:\/\/www.facebook.com\/UltraTourMonteRosa\/","article_modified_time":"2024-05-08T11:56:08+00:00","twitter_card":"summary_large_image","twitter_site":"@UltraMonteRosa","twitter_misc":{"Tempo di lettura stimato":"2 minuti"},"schema":{"@context":"https:\/\/schema.org","@graph":[{"@type":"WebPage","@id":"https:\/\/www.ultratourmonterosa.com\/it\/empowerment-attraverso-lo-sport-e-leducazione-in-nepal\/","url":"https:\/\/www.ultratourmonterosa.com\/it\/empowerment-attraverso-lo-sport-e-leducazione-in-nepal\/","name":"Empowerment attraverso lo sport e l'educazione in Nepal - Ultra Tour Monte Rosa","isPartOf":{"@id":"https:\/\/www.ultratourmonterosa.com\/#website"},"datePublished":"2020-12-29T11:49:49+00:00","dateModified":"2024-05-08T11:56:08+00:00","breadcrumb":{"@id":"https:\/\/www.ultratourmonterosa.com\/it\/empowerment-attraverso-lo-sport-e-leducazione-in-nepal\/#breadcrumb"},"inLanguage":"it-IT","potentialAction":[{"@type":"ReadAction","target":["https:\/\/www.ultratourmonterosa.com\/it\/empowerment-attraverso-lo-sport-e-leducazione-in-nepal\/"]}]},{"@type":"BreadcrumbList","@id":"https:\/\/www.ultratourmonterosa.com\/it\/empowerment-attraverso-lo-sport-e-leducazione-in-nepal\/#breadcrumb","itemListElement":[{"@type":"ListItem","position":1,"name":"Home","item":"https:\/\/www.ultratourmonterosa.com\/it\/"},{"@type":"ListItem","position":2,"name":"Empowerment attraverso lo sport e l&#8217;educazione in Nepal"}]},{"@type":"WebSite","@id":"https:\/\/www.ultratourmonterosa.com\/#website","url":"https:\/\/www.ultratourmonterosa.com\/","name":"Ultra Tour Monte Rosa","description":"3-6 September 2025","publisher":{"@id":"https:\/\/www.ultratourmonterosa.com\/#organization"},"potentialAction":[{"@type":"SearchAction","target":{"@type":"EntryPoint","urlTemplate":"https:\/\/www.ultratourmonterosa.com\/?s={search_term_string}"},"query-input":{"@type":"PropertyValueSpecification","valueRequired":true,"valueName":"search_term_string"}}],"inLanguage":"it-IT"},{"@type":"Organization","@id":"https:\/\/www.ultratourmonterosa.com\/#organization","name":"Ultra Tour Monte Rosa","url":"https:\/\/www.ultratourmonterosa.com\/","logo":{"@type":"ImageObject","inLanguage":"it-IT","@id":"https:\/\/www.ultratourmonterosa.com\/#\/schema\/logo\/image\/","url":"https:\/\/www.ultratourmonterosa.com\/wp-content\/uploads\/2024\/09\/UTMR-logo-300px-1.png","contentUrl":"https:\/\/www.ultratourmonterosa.com\/wp-content\/uploads\/2024\/09\/UTMR-logo-300px-1.png","width":300,"height":300,"caption":"Ultra Tour Monte Rosa"},"image":{"@id":"https:\/\/www.ultratourmonterosa.com\/#\/schema\/logo\/image\/"},"sameAs":["https:\/\/www.facebook.com\/UltraTourMonteRosa\/","https:\/\/x.com\/UltraMonteRosa"]}]}},"jetpack_shortlink":"https:\/\/wp.me\/P4DSVg-d9T","jetpack_sharing_enabled":true,"_links":{"self":[{"href":"https:\/\/www.ultratourmonterosa.com\/it\/wp-json\/wp\/v2\/pages\/50585","targetHints":{"allow":["GET"]}}],"collection":[{"href":"https:\/\/www.ultratourmonterosa.com\/it\/wp-json\/wp\/v2\/pages"}],"about":[{"href":"https:\/\/www.ultratourmonterosa.com\/it\/wp-json\/wp\/v2\/types\/page"}],"author":[{"embeddable":true,"href":"https:\/\/www.ultratourmonterosa.com\/it\/wp-json\/wp\/v2\/users\/2"}],"replies":[{"embeddable":true,"href":"https:\/\/www.ultratourmonterosa.com\/it\/wp-json\/wp\/v2\/comments?post=50585"}],"version-history":[{"count":1,"href":"https:\/\/www.ultratourmonterosa.com\/it\/wp-json\/wp\/v2\/pages\/50585\/revisions"}],"predecessor-version":[{"id":50586,"href":"https:\/\/www.ultratourmonterosa.com\/it\/wp-json\/wp\/v2\/pages\/50585\/revisions\/50586"}],"wp:attachment":[{"href":"https:\/\/www.ultratourmonterosa.com\/it\/wp-json\/wp\/v2\/media?parent=50585"}],"curies":[{"name":"wp","href":"https:\/\/api.w.org\/{rel}","templated":true}]}}