{"id":50591,"date":"2020-12-29T17:29:39","date_gmt":"2020-12-29T11:44:39","guid":{"rendered":"https:\/\/www.ultratourmonterosa.com\/progetti-di-riforestazione-e-permacultura\/"},"modified":"2024-05-08T17:44:35","modified_gmt":"2024-05-08T11:59:35","slug":"progetti-di-riforestazione-e-permacultura","status":"publish","type":"page","link":"https:\/\/www.ultratourmonterosa.com\/it\/progetti-di-riforestazione-e-permacultura\/","title":{"rendered":"Progetti di riforestazione e permacultura"},"content":{"rendered":"\n<div style=\"height:50px\" aria-hidden=\"true\" class=\"wp-block-spacer\"><\/div>\n\n<p>Come molti di voi sanno, l&#8217;UTMR e noi, in qualit\u00e0 di organizzatori, abbiamo uno stretto legame con il Nepal e le regioni vicine del sud-est asiatico. Come molti di voi, anche noi siamo preoccupati per gli effetti dilaganti del cambiamento climatico. In Nepal gli effetti del cambiamento climatico sono esacerbati dalla velocit\u00e0 con cui cambia l&#8217;uso del suolo, compresa la costruzione indiscriminata di strade, che spesso destabilizza paesaggi gi\u00e0 fragili. Il Nepal ospita le montagne pi\u00f9 alte della terra, l&#8217;Himalaya. Ma le sue foreste sono anche essenziali per il funzionamento dell&#8217;ecosistema in vaste aree.<\/p>\n\n<p>Per ogni corridore iscritto doneremo 1 euro a progetti di riforestazione e permacultura di base, restituendo il nostro mondo naturale a se stesso. Per definizione, questi progetti offrono anche posti di lavoro molto necessari alle popolazioni locali, contribuendo a garantire il loro sostentamento e a combattere la povert\u00e0, oltre a proteggere l&#8217;ambiente naturale.<\/p>\n\n<p>Con la sua geografia e il suo clima, il Nepal \u00e8 sempre stato soggetto a disastri naturali. I cambiamenti climatici e la deforestazione hanno reso questa nazione montana ancora pi\u00f9 vulnerabile. Piantare alberi per ripristinare le foreste \u00e8 fondamentale per ridurre l&#8217;impatto negativo dei disastri naturali sul territorio e sulla comunit\u00e0 locale. Nelle aree disboscate, piantare alberi riabilita e stabilizza il terreno. Gli apparati radicali degli alberi tengono insieme il terreno, riducendo e infine eliminando l&#8217;erosione. Le chiome degli alberi impediscono il contatto diretto dell&#8217;acqua piovana con il terreno, diminuendo la probabilit\u00e0 di inondazioni e frane. <\/p>\n\n<p>Al momento dell&#8217;iscrizione a qualsiasi gara UTMR, diamo ai nostri corridori l&#8217;opportunit\u00e0 di abbinare o aggiungere alle nostre donazioni per questo sforzo. Siamo sempre a disposizione per domande o donazioni aggiuntive, basta inviare un&#8217;e-mail a <a href=\"mailto:info@ultratourmonterosa.com\" target=\"_blank\" rel=\"noreferrer noopener\">info@ultratourmonterosa.com<\/a> per avere maggiori informazioni. <\/p>\n\n<p class=\"has-text-align-center\">Grazie per il tuo sostegno alla protezione del nostro fragile ambiente naturale.<\/p>\n\n<p class=\"has-text-align-center\">Namaste.  <\/p>\n\n<p><\/p>\n","protected":false},"excerpt":{"rendered":"<p>Come molti di voi sanno, l&#8217;UTMR e noi, in qualit\u00e0 di organizzatori, abbiamo uno stretto legame con il Nepal e le regioni vicine del sud-est asiatico. Come molti di voi, anche noi siamo preoccupati per gli effetti dilaganti del cambiamento climatico. In Nepal gli effetti del cambiamento climatico sono esacerbati dalla velocit\u00e0 con cui cambia [&hellip;]<\/p>\n","protected":false},"author":2,"featured_media":0,"parent":0,"menu_order":99,"comment_status":"closed","ping_status":"closed","template":"","meta":{"_acf_changed":false,"footnotes":"","_wp_rev_ctl_limit":""},"class_list":["post-50591","page","type-page","status-publish","hentry"],"acf":[],"yoast_head":"<!-- This site is optimized with the Yoast SEO plugin v27.5 - https:\/\/yoast.com\/product\/yoast-seo-wordpress\/ -->\n<title>Progetti di riforestazione e permacultura - Ultra Tour Monte Rosa<\/title>\n<meta name=\"robots\" content=\"index, follow, max-snippet:-1, max-image-preview:large, max-video-preview:-1\" \/>\n<link rel=\"canonical\" href=\"https:\/\/www.ultratourmonterosa.com\/it\/progetti-di-riforestazione-e-permacultura\/\" \/>\n<meta property=\"og:locale\" content=\"it_IT\" \/>\n<meta property=\"og:type\" content=\"article\" \/>\n<meta property=\"og:title\" content=\"Progetti di riforestazione e permacultura - Ultra Tour Monte Rosa\" \/>\n<meta property=\"og:description\" content=\"Come molti di voi sanno, l&#8217;UTMR e noi, in qualit\u00e0 di organizzatori, abbiamo uno stretto legame con il Nepal e le regioni vicine del sud-est asiatico. Come molti di voi, anche noi siamo preoccupati per gli effetti dilaganti del cambiamento climatico. In Nepal gli effetti del cambiamento climatico sono esacerbati dalla velocit\u00e0 con cui cambia [&hellip;]\" \/>\n<meta property=\"og:url\" content=\"https:\/\/www.ultratourmonterosa.com\/it\/progetti-di-riforestazione-e-permacultura\/\" \/>\n<meta property=\"og:site_name\" content=\"Ultra Tour Monte Rosa\" \/>\n<meta property=\"article:publisher\" content=\"https:\/\/www.facebook.com\/UltraTourMonteRosa\/\" \/>\n<meta property=\"article:modified_time\" content=\"2024-05-08T11:59:35+00:00\" \/>\n<meta name=\"twitter:card\" content=\"summary_large_image\" \/>\n<meta name=\"twitter:site\" content=\"@UltraMonteRosa\" \/>\n<meta name=\"twitter:label1\" content=\"Tempo di lettura stimato\" \/>\n\t<meta name=\"twitter:data1\" content=\"1 minuto\" \/>\n<script type=\"application\/ld+json\" class=\"yoast-schema-graph\">{\"@context\":\"https:\\\/\\\/schema.org\",\"@graph\":[{\"@type\":\"WebPage\",\"@id\":\"https:\\\/\\\/www.ultratourmonterosa.com\\\/it\\\/progetti-di-riforestazione-e-permacultura\\\/\",\"url\":\"https:\\\/\\\/www.ultratourmonterosa.com\\\/it\\\/progetti-di-riforestazione-e-permacultura\\\/\",\"name\":\"Progetti di riforestazione e permacultura - Ultra Tour Monte Rosa\",\"isPartOf\":{\"@id\":\"https:\\\/\\\/www.ultratourmonterosa.com\\\/#website\"},\"datePublished\":\"2020-12-29T11:44:39+00:00\",\"dateModified\":\"2024-05-08T11:59:35+00:00\",\"breadcrumb\":{\"@id\":\"https:\\\/\\\/www.ultratourmonterosa.com\\\/it\\\/progetti-di-riforestazione-e-permacultura\\\/#breadcrumb\"},\"inLanguage\":\"it-IT\",\"potentialAction\":[{\"@type\":\"ReadAction\",\"target\":[\"https:\\\/\\\/www.ultratourmonterosa.com\\\/it\\\/progetti-di-riforestazione-e-permacultura\\\/\"]}]},{\"@type\":\"BreadcrumbList\",\"@id\":\"https:\\\/\\\/www.ultratourmonterosa.com\\\/it\\\/progetti-di-riforestazione-e-permacultura\\\/#breadcrumb\",\"itemListElement\":[{\"@type\":\"ListItem\",\"position\":1,\"name\":\"Home\",\"item\":\"https:\\\/\\\/www.ultratourmonterosa.com\\\/it\\\/\"},{\"@type\":\"ListItem\",\"position\":2,\"name\":\"Progetti di riforestazione e permacultura\"}]},{\"@type\":\"WebSite\",\"@id\":\"https:\\\/\\\/www.ultratourmonterosa.com\\\/#website\",\"url\":\"https:\\\/\\\/www.ultratourmonterosa.com\\\/\",\"name\":\"Ultra Tour Monte Rosa\",\"description\":\"3-6 September 2025\",\"publisher\":{\"@id\":\"https:\\\/\\\/www.ultratourmonterosa.com\\\/#organization\"},\"potentialAction\":[{\"@type\":\"SearchAction\",\"target\":{\"@type\":\"EntryPoint\",\"urlTemplate\":\"https:\\\/\\\/www.ultratourmonterosa.com\\\/?s={search_term_string}\"},\"query-input\":{\"@type\":\"PropertyValueSpecification\",\"valueRequired\":true,\"valueName\":\"search_term_string\"}}],\"inLanguage\":\"it-IT\"},{\"@type\":\"Organization\",\"@id\":\"https:\\\/\\\/www.ultratourmonterosa.com\\\/#organization\",\"name\":\"Ultra Tour Monte Rosa\",\"url\":\"https:\\\/\\\/www.ultratourmonterosa.com\\\/\",\"logo\":{\"@type\":\"ImageObject\",\"inLanguage\":\"it-IT\",\"@id\":\"https:\\\/\\\/www.ultratourmonterosa.com\\\/#\\\/schema\\\/logo\\\/image\\\/\",\"url\":\"https:\\\/\\\/www.ultratourmonterosa.com\\\/wp-content\\\/uploads\\\/2024\\\/09\\\/UTMR-logo-300px-1.png\",\"contentUrl\":\"https:\\\/\\\/www.ultratourmonterosa.com\\\/wp-content\\\/uploads\\\/2024\\\/09\\\/UTMR-logo-300px-1.png\",\"width\":300,\"height\":300,\"caption\":\"Ultra Tour Monte Rosa\"},\"image\":{\"@id\":\"https:\\\/\\\/www.ultratourmonterosa.com\\\/#\\\/schema\\\/logo\\\/image\\\/\"},\"sameAs\":[\"https:\\\/\\\/www.facebook.com\\\/UltraTourMonteRosa\\\/\",\"https:\\\/\\\/x.com\\\/UltraMonteRosa\"]}]}<\/script>\n<!-- \/ Yoast SEO plugin. -->","yoast_head_json":{"title":"Progetti di riforestazione e permacultura - Ultra Tour Monte Rosa","robots":{"index":"index","follow":"follow","max-snippet":"max-snippet:-1","max-image-preview":"max-image-preview:large","max-video-preview":"max-video-preview:-1"},"canonical":"https:\/\/www.ultratourmonterosa.com\/it\/progetti-di-riforestazione-e-permacultura\/","og_locale":"it_IT","og_type":"article","og_title":"Progetti di riforestazione e permacultura - Ultra Tour Monte Rosa","og_description":"Come molti di voi sanno, l&#8217;UTMR e noi, in qualit\u00e0 di organizzatori, abbiamo uno stretto legame con il Nepal e le regioni vicine del sud-est asiatico. Come molti di voi, anche noi siamo preoccupati per gli effetti dilaganti del cambiamento climatico. In Nepal gli effetti del cambiamento climatico sono esacerbati dalla velocit\u00e0 con cui cambia [&hellip;]","og_url":"https:\/\/www.ultratourmonterosa.com\/it\/progetti-di-riforestazione-e-permacultura\/","og_site_name":"Ultra Tour Monte Rosa","article_publisher":"https:\/\/www.facebook.com\/UltraTourMonteRosa\/","article_modified_time":"2024-05-08T11:59:35+00:00","twitter_card":"summary_large_image","twitter_site":"@UltraMonteRosa","twitter_misc":{"Tempo di lettura stimato":"1 minuto"},"schema":{"@context":"https:\/\/schema.org","@graph":[{"@type":"WebPage","@id":"https:\/\/www.ultratourmonterosa.com\/it\/progetti-di-riforestazione-e-permacultura\/","url":"https:\/\/www.ultratourmonterosa.com\/it\/progetti-di-riforestazione-e-permacultura\/","name":"Progetti di riforestazione e permacultura - Ultra Tour Monte Rosa","isPartOf":{"@id":"https:\/\/www.ultratourmonterosa.com\/#website"},"datePublished":"2020-12-29T11:44:39+00:00","dateModified":"2024-05-08T11:59:35+00:00","breadcrumb":{"@id":"https:\/\/www.ultratourmonterosa.com\/it\/progetti-di-riforestazione-e-permacultura\/#breadcrumb"},"inLanguage":"it-IT","potentialAction":[{"@type":"ReadAction","target":["https:\/\/www.ultratourmonterosa.com\/it\/progetti-di-riforestazione-e-permacultura\/"]}]},{"@type":"BreadcrumbList","@id":"https:\/\/www.ultratourmonterosa.com\/it\/progetti-di-riforestazione-e-permacultura\/#breadcrumb","itemListElement":[{"@type":"ListItem","position":1,"name":"Home","item":"https:\/\/www.ultratourmonterosa.com\/it\/"},{"@type":"ListItem","position":2,"name":"Progetti di riforestazione e permacultura"}]},{"@type":"WebSite","@id":"https:\/\/www.ultratourmonterosa.com\/#website","url":"https:\/\/www.ultratourmonterosa.com\/","name":"Ultra Tour Monte Rosa","description":"3-6 September 2025","publisher":{"@id":"https:\/\/www.ultratourmonterosa.com\/#organization"},"potentialAction":[{"@type":"SearchAction","target":{"@type":"EntryPoint","urlTemplate":"https:\/\/www.ultratourmonterosa.com\/?s={search_term_string}"},"query-input":{"@type":"PropertyValueSpecification","valueRequired":true,"valueName":"search_term_string"}}],"inLanguage":"it-IT"},{"@type":"Organization","@id":"https:\/\/www.ultratourmonterosa.com\/#organization","name":"Ultra Tour Monte Rosa","url":"https:\/\/www.ultratourmonterosa.com\/","logo":{"@type":"ImageObject","inLanguage":"it-IT","@id":"https:\/\/www.ultratourmonterosa.com\/#\/schema\/logo\/image\/","url":"https:\/\/www.ultratourmonterosa.com\/wp-content\/uploads\/2024\/09\/UTMR-logo-300px-1.png","contentUrl":"https:\/\/www.ultratourmonterosa.com\/wp-content\/uploads\/2024\/09\/UTMR-logo-300px-1.png","width":300,"height":300,"caption":"Ultra Tour Monte Rosa"},"image":{"@id":"https:\/\/www.ultratourmonterosa.com\/#\/schema\/logo\/image\/"},"sameAs":["https:\/\/www.facebook.com\/UltraTourMonteRosa\/","https:\/\/x.com\/UltraMonteRosa"]}]}},"jetpack_shortlink":"https:\/\/wp.me\/P4DSVg-d9Z","jetpack_sharing_enabled":true,"_links":{"self":[{"href":"https:\/\/www.ultratourmonterosa.com\/it\/wp-json\/wp\/v2\/pages\/50591","targetHints":{"allow":["GET"]}}],"collection":[{"href":"https:\/\/www.ultratourmonterosa.com\/it\/wp-json\/wp\/v2\/pages"}],"about":[{"href":"https:\/\/www.ultratourmonterosa.com\/it\/wp-json\/wp\/v2\/types\/page"}],"author":[{"embeddable":true,"href":"https:\/\/www.ultratourmonterosa.com\/it\/wp-json\/wp\/v2\/users\/2"}],"replies":[{"embeddable":true,"href":"https:\/\/www.ultratourmonterosa.com\/it\/wp-json\/wp\/v2\/comments?post=50591"}],"version-history":[{"count":1,"href":"https:\/\/www.ultratourmonterosa.com\/it\/wp-json\/wp\/v2\/pages\/50591\/revisions"}],"predecessor-version":[{"id":50592,"href":"https:\/\/www.ultratourmonterosa.com\/it\/wp-json\/wp\/v2\/pages\/50591\/revisions\/50592"}],"wp:attachment":[{"href":"https:\/\/www.ultratourmonterosa.com\/it\/wp-json\/wp\/v2\/media?parent=50591"}],"curies":[{"name":"wp","href":"https:\/\/api.w.org\/{rel}","templated":true}]}}