{"id":726,"date":"2013-12-21T08:24:27","date_gmt":"2013-12-21T02:39:27","guid":{"rendered":"http:\/\/utmr.run\/sample-page-2\/"},"modified":"2025-09-30T15:44:20","modified_gmt":"2025-09-30T09:59:20","slug":"ultra-tour-monte-rosa","status":"publish","type":"page","link":"https:\/\/www.ultratourmonterosa.com\/it\/","title":{"rendered":"Ultra Tour Monte Rosa"},"content":{"rendered":"\n<h2 class=\"wp-block-heading\">Informazioni sulla gara<\/h2>\n\n\n\n<p>L&#8217;Ultra Tour Monte Rosa \u00e8 una corsa ultra trail di 100 miglia \/ 170 km lungo un classico sentiero europeo di lunga distanza, il Tour de Monte Rosa. Il percorso di gara conduce in senso antiorario intorno al massiccio del Monte Rosa, realizzando un circuito di competizione delle Mischabel Peaks e delle vette dei 4000m della cresta di Nadelgrat. Con i suoi 4634 m il Monte Rosa \u00e8 la seconda montagna pi\u00f9 alta delle Alpi e dell&#8217;Europa occidentale. Sul suo lato orientale la montagna cade in una parete quasi verticale di 2.400 m di granito e ghiaccio, la pi\u00f9 grande d&#8217;Europa. Il percorso circonda un totale di 29 delle cime di 4000m, ed \u00e8 circondato da molti altri, un magnifico paesaggio!<\/p>\n\n\n\n<p>L&#8217;evento Ultra Tour Monte Rosa \u00e8 composto da <a href=\"https:\/\/www.ultratourmonterosa.com\/it\/race-info\/170-km-ultra-tour-info\/\">100 miglia \/ 170 km come ultra corsa di un giorno<\/a>, o come <a href=\"https:\/\/www.ultratourmonterosa.com\/it\/race-info\/utmr-informazioni-sulla-corsa-a-scena\/\">gara a tappe di quattro giorni<\/a>. Abbiamo anche un bellissimo percorso di 63 km che segue l&#8217;h\u00f6henweg della catena del Mischabel e un meraviglioso Berglauf di 19 km!<\/p>\n\n\n\n<p>Il tour completo \u00e8 <a href=\"https:\/\/www.ultratourmonterosa.com\/it\/alternativa-utmb-europe-100-mile-race\/\">un&#8217;alternativa all&#8217;UTMB,<\/a>anche se pi\u00f9 tecnico e pi\u00f9 selvaggio, portando i corridori 20% pi\u00f9 a lungo per completare rispetto al corso UTMB. Le gare si svolgono all&#8217;inizio di settembre, il momento ottimale per il tempo stabile e per i passaggi alti per essere chiaro di neve.<\/p>\n","protected":false},"excerpt":{"rendered":"<p>Informazioni sulla gara L&#8217;Ultra Tour Monte Rosa \u00e8 una corsa ultra trail di 100 miglia \/ 170 km lungo un classico sentiero europeo di lunga distanza, il Tour de Monte Rosa. Il percorso di gara conduce in senso antiorario intorno al massiccio del Monte Rosa, realizzando un circuito di competizione delle Mischabel Peaks e delle [&hellip;]<\/p>\n","protected":false},"author":5,"featured_media":16069,"parent":0,"menu_order":1,"comment_status":"open","ping_status":"closed","template":"page-home.php","meta":{"_acf_changed":false,"jetpack_post_was_ever_published":false,"footnotes":"","_wp_rev_ctl_limit":""},"class_list":["post-726","page","type-page","status-publish","has-post-thumbnail","hentry"],"acf":[],"yoast_head":"<!-- This site is optimized with the Yoast SEO plugin v27.4 - https:\/\/yoast.com\/product\/yoast-seo-wordpress\/ -->\n<title>Ultra Tour Monte Rosa 100 miglia \/ 170 km Trail Race in Europa UTMR<\/title>\n<meta name=\"description\" content=\"2 - 5 settembre 2026 &quot;Questa \u00e8 la gara che avrei voluto correre&quot;, dice la vincitrice della quinta edizione dell&#039;UTMB Lizzy Hawker. 100 miglia su passaggi alti, sentieri tecnici, paesaggi alpini.\" \/>\n<meta name=\"robots\" content=\"index, follow, max-snippet:-1, max-image-preview:large, max-video-preview:-1\" \/>\n<link rel=\"canonical\" href=\"https:\/\/www.ultratourmonterosa.com\/it\/\" \/>\n<meta property=\"og:locale\" content=\"it_IT\" \/>\n<meta property=\"og:type\" content=\"article\" \/>\n<meta property=\"og:title\" content=\"Ultra Tour Monte Rosa 100 miglia \/ 170 km Trail Race in Europa UTMR\" \/>\n<meta property=\"og:description\" content=\"2 - 5 settembre 2026 &quot;Questa \u00e8 la gara che avrei voluto correre&quot;, dice la vincitrice della quinta edizione dell&#039;UTMB Lizzy Hawker. 100 miglia su passaggi alti, sentieri tecnici, paesaggi alpini.\" \/>\n<meta property=\"og:url\" content=\"https:\/\/www.ultratourmonterosa.com\/it\/\" \/>\n<meta property=\"og:site_name\" content=\"Ultra Tour Monte Rosa\" \/>\n<meta property=\"article:publisher\" content=\"https:\/\/www.facebook.com\/UltraTourMonteRosa\/\" \/>\n<meta property=\"article:modified_time\" content=\"2025-09-30T09:59:20+00:00\" \/>\n<meta property=\"og:image\" content=\"https:\/\/www.ultratourmonterosa.com\/wp-content\/uploads\/2016\/05\/utmr-img-08.jpg\" \/>\n\t<meta property=\"og:image:width\" content=\"1600\" \/>\n\t<meta property=\"og:image:height\" content=\"900\" \/>\n\t<meta property=\"og:image:type\" content=\"image\/jpeg\" \/>\n<meta name=\"twitter:card\" content=\"summary_large_image\" \/>\n<meta name=\"twitter:site\" content=\"@UltraMonteRosa\" \/>\n<meta name=\"twitter:label1\" content=\"Tempo di lettura stimato\" \/>\n\t<meta name=\"twitter:data1\" content=\"2 minuti\" \/>\n<script type=\"application\/ld+json\" class=\"yoast-schema-graph\">{\"@context\":\"https:\\\/\\\/schema.org\",\"@graph\":[{\"@type\":\"WebPage\",\"@id\":\"https:\\\/\\\/www.ultratourmonterosa.com\\\/it\\\/\",\"url\":\"https:\\\/\\\/www.ultratourmonterosa.com\\\/it\\\/\",\"name\":\"Ultra Tour Monte Rosa 100 miglia \\\/ 170 km Trail Race in Europa UTMR\",\"isPartOf\":{\"@id\":\"https:\\\/\\\/www.ultratourmonterosa.com\\\/#website\"},\"primaryImageOfPage\":{\"@id\":\"https:\\\/\\\/www.ultratourmonterosa.com\\\/it\\\/#primaryimage\"},\"image\":{\"@id\":\"https:\\\/\\\/www.ultratourmonterosa.com\\\/it\\\/#primaryimage\"},\"thumbnailUrl\":\"https:\\\/\\\/www.ultratourmonterosa.com\\\/wp-content\\\/uploads\\\/2016\\\/05\\\/utmr-img-08.jpg\",\"datePublished\":\"2013-12-21T02:39:27+00:00\",\"dateModified\":\"2025-09-30T09:59:20+00:00\",\"description\":\"2 - 5 settembre 2026 \\\"Questa \u00e8 la gara che avrei voluto correre\\\", dice la vincitrice della quinta edizione dell'UTMB Lizzy Hawker. 100 miglia su passaggi alti, sentieri tecnici, paesaggi alpini.\",\"breadcrumb\":{\"@id\":\"https:\\\/\\\/www.ultratourmonterosa.com\\\/it\\\/#breadcrumb\"},\"inLanguage\":\"it-IT\",\"potentialAction\":[{\"@type\":\"ReadAction\",\"target\":[\"https:\\\/\\\/www.ultratourmonterosa.com\\\/it\\\/\"]}]},{\"@type\":\"ImageObject\",\"inLanguage\":\"it-IT\",\"@id\":\"https:\\\/\\\/www.ultratourmonterosa.com\\\/it\\\/#primaryimage\",\"url\":\"https:\\\/\\\/www.ultratourmonterosa.com\\\/wp-content\\\/uploads\\\/2016\\\/05\\\/utmr-img-08.jpg\",\"contentUrl\":\"https:\\\/\\\/www.ultratourmonterosa.com\\\/wp-content\\\/uploads\\\/2016\\\/05\\\/utmr-img-08.jpg\",\"width\":1600,\"height\":900,\"caption\":\"Lizzy greeting Bridget at the finish line in Gr\u00e4chen.\"},{\"@type\":\"BreadcrumbList\",\"@id\":\"https:\\\/\\\/www.ultratourmonterosa.com\\\/it\\\/#breadcrumb\",\"itemListElement\":[{\"@type\":\"ListItem\",\"position\":1,\"name\":\"Home\",\"item\":\"https:\\\/\\\/www.ultratourmonterosa.com\\\/it\\\/\"},{\"@type\":\"ListItem\",\"position\":2,\"name\":\"Ultra Tour Monte Rosa\"}]},{\"@type\":\"WebSite\",\"@id\":\"https:\\\/\\\/www.ultratourmonterosa.com\\\/#website\",\"url\":\"https:\\\/\\\/www.ultratourmonterosa.com\\\/\",\"name\":\"Ultra Tour Monte Rosa\",\"description\":\"3-6 September 2025\",\"publisher\":{\"@id\":\"https:\\\/\\\/www.ultratourmonterosa.com\\\/#organization\"},\"potentialAction\":[{\"@type\":\"SearchAction\",\"target\":{\"@type\":\"EntryPoint\",\"urlTemplate\":\"https:\\\/\\\/www.ultratourmonterosa.com\\\/?s={search_term_string}\"},\"query-input\":{\"@type\":\"PropertyValueSpecification\",\"valueRequired\":true,\"valueName\":\"search_term_string\"}}],\"inLanguage\":\"it-IT\"},{\"@type\":\"Organization\",\"@id\":\"https:\\\/\\\/www.ultratourmonterosa.com\\\/#organization\",\"name\":\"Ultra Tour Monte Rosa\",\"url\":\"https:\\\/\\\/www.ultratourmonterosa.com\\\/\",\"logo\":{\"@type\":\"ImageObject\",\"inLanguage\":\"it-IT\",\"@id\":\"https:\\\/\\\/www.ultratourmonterosa.com\\\/#\\\/schema\\\/logo\\\/image\\\/\",\"url\":\"https:\\\/\\\/www.ultratourmonterosa.com\\\/wp-content\\\/uploads\\\/2024\\\/09\\\/UTMR-logo-300px-1.png\",\"contentUrl\":\"https:\\\/\\\/www.ultratourmonterosa.com\\\/wp-content\\\/uploads\\\/2024\\\/09\\\/UTMR-logo-300px-1.png\",\"width\":300,\"height\":300,\"caption\":\"Ultra Tour Monte Rosa\"},\"image\":{\"@id\":\"https:\\\/\\\/www.ultratourmonterosa.com\\\/#\\\/schema\\\/logo\\\/image\\\/\"},\"sameAs\":[\"https:\\\/\\\/www.facebook.com\\\/UltraTourMonteRosa\\\/\",\"https:\\\/\\\/x.com\\\/UltraMonteRosa\"]}]}<\/script>\n<!-- \/ Yoast SEO plugin. -->","yoast_head_json":{"title":"Ultra Tour Monte Rosa 100 miglia \/ 170 km Trail Race in Europa UTMR","description":"2 - 5 settembre 2026 \"Questa \u00e8 la gara che avrei voluto correre\", dice la vincitrice della quinta edizione dell'UTMB Lizzy Hawker. 100 miglia su passaggi alti, sentieri tecnici, paesaggi alpini.","robots":{"index":"index","follow":"follow","max-snippet":"max-snippet:-1","max-image-preview":"max-image-preview:large","max-video-preview":"max-video-preview:-1"},"canonical":"https:\/\/www.ultratourmonterosa.com\/it\/","og_locale":"it_IT","og_type":"article","og_title":"Ultra Tour Monte Rosa 100 miglia \/ 170 km Trail Race in Europa UTMR","og_description":"2 - 5 settembre 2026 \"Questa \u00e8 la gara che avrei voluto correre\", dice la vincitrice della quinta edizione dell'UTMB Lizzy Hawker. 100 miglia su passaggi alti, sentieri tecnici, paesaggi alpini.","og_url":"https:\/\/www.ultratourmonterosa.com\/it\/","og_site_name":"Ultra Tour Monte Rosa","article_publisher":"https:\/\/www.facebook.com\/UltraTourMonteRosa\/","article_modified_time":"2025-09-30T09:59:20+00:00","og_image":[{"width":1600,"height":900,"url":"https:\/\/www.ultratourmonterosa.com\/wp-content\/uploads\/2016\/05\/utmr-img-08.jpg","type":"image\/jpeg"}],"twitter_card":"summary_large_image","twitter_site":"@UltraMonteRosa","twitter_misc":{"Tempo di lettura stimato":"2 minuti"},"schema":{"@context":"https:\/\/schema.org","@graph":[{"@type":"WebPage","@id":"https:\/\/www.ultratourmonterosa.com\/it\/","url":"https:\/\/www.ultratourmonterosa.com\/it\/","name":"Ultra Tour Monte Rosa 100 miglia \/ 170 km Trail Race in Europa UTMR","isPartOf":{"@id":"https:\/\/www.ultratourmonterosa.com\/#website"},"primaryImageOfPage":{"@id":"https:\/\/www.ultratourmonterosa.com\/it\/#primaryimage"},"image":{"@id":"https:\/\/www.ultratourmonterosa.com\/it\/#primaryimage"},"thumbnailUrl":"https:\/\/www.ultratourmonterosa.com\/wp-content\/uploads\/2016\/05\/utmr-img-08.jpg","datePublished":"2013-12-21T02:39:27+00:00","dateModified":"2025-09-30T09:59:20+00:00","description":"2 - 5 settembre 2026 \"Questa \u00e8 la gara che avrei voluto correre\", dice la vincitrice della quinta edizione dell'UTMB Lizzy Hawker. 100 miglia su passaggi alti, sentieri tecnici, paesaggi alpini.","breadcrumb":{"@id":"https:\/\/www.ultratourmonterosa.com\/it\/#breadcrumb"},"inLanguage":"it-IT","potentialAction":[{"@type":"ReadAction","target":["https:\/\/www.ultratourmonterosa.com\/it\/"]}]},{"@type":"ImageObject","inLanguage":"it-IT","@id":"https:\/\/www.ultratourmonterosa.com\/it\/#primaryimage","url":"https:\/\/www.ultratourmonterosa.com\/wp-content\/uploads\/2016\/05\/utmr-img-08.jpg","contentUrl":"https:\/\/www.ultratourmonterosa.com\/wp-content\/uploads\/2016\/05\/utmr-img-08.jpg","width":1600,"height":900,"caption":"Lizzy greeting Bridget at the finish line in Gr\u00e4chen."},{"@type":"BreadcrumbList","@id":"https:\/\/www.ultratourmonterosa.com\/it\/#breadcrumb","itemListElement":[{"@type":"ListItem","position":1,"name":"Home","item":"https:\/\/www.ultratourmonterosa.com\/it\/"},{"@type":"ListItem","position":2,"name":"Ultra Tour Monte Rosa"}]},{"@type":"WebSite","@id":"https:\/\/www.ultratourmonterosa.com\/#website","url":"https:\/\/www.ultratourmonterosa.com\/","name":"Ultra Tour Monte Rosa","description":"3-6 September 2025","publisher":{"@id":"https:\/\/www.ultratourmonterosa.com\/#organization"},"potentialAction":[{"@type":"SearchAction","target":{"@type":"EntryPoint","urlTemplate":"https:\/\/www.ultratourmonterosa.com\/?s={search_term_string}"},"query-input":{"@type":"PropertyValueSpecification","valueRequired":true,"valueName":"search_term_string"}}],"inLanguage":"it-IT"},{"@type":"Organization","@id":"https:\/\/www.ultratourmonterosa.com\/#organization","name":"Ultra Tour Monte Rosa","url":"https:\/\/www.ultratourmonterosa.com\/","logo":{"@type":"ImageObject","inLanguage":"it-IT","@id":"https:\/\/www.ultratourmonterosa.com\/#\/schema\/logo\/image\/","url":"https:\/\/www.ultratourmonterosa.com\/wp-content\/uploads\/2024\/09\/UTMR-logo-300px-1.png","contentUrl":"https:\/\/www.ultratourmonterosa.com\/wp-content\/uploads\/2024\/09\/UTMR-logo-300px-1.png","width":300,"height":300,"caption":"Ultra Tour Monte Rosa"},"image":{"@id":"https:\/\/www.ultratourmonterosa.com\/#\/schema\/logo\/image\/"},"sameAs":["https:\/\/www.facebook.com\/UltraTourMonteRosa\/","https:\/\/x.com\/UltraMonteRosa"]}]}},"jetpack_shortlink":"https:\/\/wp.me\/P4DSVg-bI","jetpack_sharing_enabled":true,"_links":{"self":[{"href":"https:\/\/www.ultratourmonterosa.com\/it\/wp-json\/wp\/v2\/pages\/726","targetHints":{"allow":["GET"]}}],"collection":[{"href":"https:\/\/www.ultratourmonterosa.com\/it\/wp-json\/wp\/v2\/pages"}],"about":[{"href":"https:\/\/www.ultratourmonterosa.com\/it\/wp-json\/wp\/v2\/types\/page"}],"author":[{"embeddable":true,"href":"https:\/\/www.ultratourmonterosa.com\/it\/wp-json\/wp\/v2\/users\/5"}],"replies":[{"embeddable":true,"href":"https:\/\/www.ultratourmonterosa.com\/it\/wp-json\/wp\/v2\/comments?post=726"}],"version-history":[{"count":5,"href":"https:\/\/www.ultratourmonterosa.com\/it\/wp-json\/wp\/v2\/pages\/726\/revisions"}],"predecessor-version":[{"id":51383,"href":"https:\/\/www.ultratourmonterosa.com\/it\/wp-json\/wp\/v2\/pages\/726\/revisions\/51383"}],"wp:featuredmedia":[{"embeddable":true,"href":"https:\/\/www.ultratourmonterosa.com\/it\/wp-json\/wp\/v2\/media\/16069"}],"wp:attachment":[{"href":"https:\/\/www.ultratourmonterosa.com\/it\/wp-json\/wp\/v2\/media?parent=726"}],"curies":[{"name":"wp","href":"https:\/\/api.w.org\/{rel}","templated":true}]}}