{"id":751,"date":"2014-08-02T06:57:14","date_gmt":"2014-08-02T01:12:14","guid":{"rendered":"http:\/\/utmr.run\/obligatory-gear-stage-2\/"},"modified":"2025-08-25T15:31:54","modified_gmt":"2025-08-25T09:46:54","slug":"attrezzature-obbligatorie","status":"publish","type":"page","link":"https:\/\/www.ultratourmonterosa.com\/it\/useful-information\/attrezzature-obbligatorie\/","title":{"rendered":"Attrezzature obbligatorie"},"content":{"rendered":"\n<p>L&#8217;UTMR \u00e8 una gara di lunga distanza dura e impegnativa su sentieri alti e alpini. Vogliamo che tu sia al sicuro, vogliamo che tu sia preparato per le condizioni che potresti affrontare e vogliamo che tu goda della tua esperienza di gara. Vi chiederemo, pertanto, di portare con s\u00e9 alcune attrezzature obbligatorie. Si prega di rispettare questo &#8211; \u00e8 per la vostra sicurezza e divertimento. Se siete sufficientemente preparati sarete in grado di divertirsi un po &#8216;qualunque siano le condizioni.<\/p>\n\n<p><strong>Perch\u00e9 chiediamo un ampio elenco di attrezzature obbligatorie? Questa \u00e8 una gara difficile. La natura del terreno significa che i checkpoint possono essere fino a 8 ore di distanza per i corridori pi\u00f9 lenti. Questo \u00e8 un ambiente alpino e il tempo pu\u00f2 cambiare molto rapidamente. Diverse valli hanno un microclima diverso in modo da poter trovare condizioni totalmente diverse allo stesso tempo in diverse parti del percorso di gara, e anche attraversando un col (passaggio) tra valli adiacenti. Questa \u00e8 una gara che scoprir\u00e0 rapidamente le tue debolezze e la scarsa scelta dell&#8217;attrezzatura. Quello che vi chiediamo di prendere \u00e8 il minimo. Si prega di essere ragionevoli e aggiungere a questo se le previsioni del tempo \u00e8 scarsa o se sei un corridore pi\u00f9 lento nelle gare ULTRA. Entrando in una gara non conseti la responsabilit\u00e0 per la tua sicurezza personale. Si prega di rispettare il percorso, prendere ci\u00f2 che \u00e8 necessario per mantenere confortevole e sicuro, e hanno una grande gara!  <\/strong><\/p>\n\n<div style=\"height:20px\" aria-hidden=\"true\" class=\"wp-block-spacer\"><\/div>\n\n<div class=\"wp-block-jetpack-tiled-gallery aligncenter is-style-columns\"><div class=\"tiled-gallery__gallery\"><div class=\"tiled-gallery__row\"><div class=\"tiled-gallery__col\" style=\"flex-basis:33.341015112946614%\"><figure class=\"tiled-gallery__item\"><a href=\"https:\/\/www.ultratourmonterosa.com\/wp-content\/uploads\/2020\/10\/putting-on-microspikes.jpg\" data-lbwps-width=\"1440\" data-lbwps-height=\"960\" data-lbwps-srcsmall=\"https:\/\/www.ultratourmonterosa.com\/wp-content\/uploads\/2020\/10\/putting-on-microspikes.jpg\"><img decoding=\"async\" srcset=\"https:\/\/i2.wp.com\/www.ultratourmonterosa.com\/wp-content\/uploads\/2020\/10\/putting-on-microspikes.jpg?strip=info&#038;w=600&#038;ssl=1 600w,https:\/\/i2.wp.com\/www.ultratourmonterosa.com\/wp-content\/uploads\/2020\/10\/putting-on-microspikes.jpg?strip=info&#038;w=900&#038;ssl=1 900w,https:\/\/i2.wp.com\/www.ultratourmonterosa.com\/wp-content\/uploads\/2020\/10\/putting-on-microspikes.jpg?strip=info&#038;w=1200&#038;ssl=1 1200w,https:\/\/i2.wp.com\/www.ultratourmonterosa.com\/wp-content\/uploads\/2020\/10\/putting-on-microspikes.jpg?strip=info&#038;w=1440&#038;ssl=1 1440w\" alt=\"\" data-height=\"960\" data-id=\"40571\" data-link=\"https:\/\/www.ultratourmonterosa.com\/useful-information\/obligatory-equipment\/putting-on-microspikes\/\" data-url=\"https:\/\/www.ultratourmonterosa.com\/wp-content\/uploads\/2020\/10\/putting-on-microspikes.jpg\" data-width=\"1440\" src=\"https:\/\/i2.wp.com\/www.ultratourmonterosa.com\/wp-content\/uploads\/2020\/10\/putting-on-microspikes.jpg?ssl=1\" data-amp-layout=\"responsive\"><\/a><\/figure><\/div><div class=\"tiled-gallery__col\" style=\"flex-basis:33.31796977410677%\"><figure class=\"tiled-gallery__item\"><a href=\"https:\/\/www.ultratourmonterosa.com\/wp-content\/uploads\/2020\/12\/utmr-obligatory-equipment-list.jpg\" data-lbwps-width=\"1439\" data-lbwps-height=\"960\" data-lbwps-srcsmall=\"https:\/\/www.ultratourmonterosa.com\/wp-content\/uploads\/2020\/12\/utmr-obligatory-equipment-list.jpg\"><img decoding=\"async\" srcset=\"https:\/\/i1.wp.com\/www.ultratourmonterosa.com\/wp-content\/uploads\/2020\/12\/utmr-obligatory-equipment-list.jpg?strip=info&#038;w=600&#038;ssl=1 600w,https:\/\/i1.wp.com\/www.ultratourmonterosa.com\/wp-content\/uploads\/2020\/12\/utmr-obligatory-equipment-list.jpg?strip=info&#038;w=900&#038;ssl=1 900w,https:\/\/i1.wp.com\/www.ultratourmonterosa.com\/wp-content\/uploads\/2020\/12\/utmr-obligatory-equipment-list.jpg?strip=info&#038;w=1200&#038;ssl=1 1200w,https:\/\/i1.wp.com\/www.ultratourmonterosa.com\/wp-content\/uploads\/2020\/12\/utmr-obligatory-equipment-list.jpg?strip=info&#038;w=1439&#038;ssl=1 1439w\" alt=\"controllo dell'attrezzatura\" data-height=\"960\" data-id=\"44547\" data-link=\"https:\/\/www.ultratourmonterosa.com\/useful-information\/obligatory-equipment\/utmr-obligatory-equipment-list\/\" data-url=\"https:\/\/www.ultratourmonterosa.com\/wp-content\/uploads\/2020\/12\/utmr-obligatory-equipment-list.jpg\" data-width=\"1439\" src=\"https:\/\/i1.wp.com\/www.ultratourmonterosa.com\/wp-content\/uploads\/2020\/12\/utmr-obligatory-equipment-list.jpg?ssl=1\" data-amp-layout=\"responsive\"><\/a><\/figure><\/div><div class=\"tiled-gallery__col\" style=\"flex-basis:33.341015112946614%\"><figure class=\"tiled-gallery__item\"><a href=\"https:\/\/www.ultratourmonterosa.com\/wp-content\/uploads\/2020\/12\/UTMR_stage_2_foto_G_Meneghello_GM_19-04999.jpg\" data-lbwps-width=\"1920\" data-lbwps-height=\"1280\" data-lbwps-srcsmall=\"https:\/\/www.ultratourmonterosa.com\/wp-content\/uploads\/2020\/12\/UTMR_stage_2_foto_G_Meneghello_GM_19-04999.jpg\"><img decoding=\"async\" srcset=\"https:\/\/i2.wp.com\/www.ultratourmonterosa.com\/wp-content\/uploads\/2020\/12\/UTMR_stage_2_foto_G_Meneghello_GM_19-04999.jpg?strip=info&#038;w=600&#038;ssl=1 600w,https:\/\/i2.wp.com\/www.ultratourmonterosa.com\/wp-content\/uploads\/2020\/12\/UTMR_stage_2_foto_G_Meneghello_GM_19-04999.jpg?strip=info&#038;w=900&#038;ssl=1 900w,https:\/\/i2.wp.com\/www.ultratourmonterosa.com\/wp-content\/uploads\/2020\/12\/UTMR_stage_2_foto_G_Meneghello_GM_19-04999.jpg?strip=info&#038;w=1200&#038;ssl=1 1200w,https:\/\/i2.wp.com\/www.ultratourmonterosa.com\/wp-content\/uploads\/2020\/12\/UTMR_stage_2_foto_G_Meneghello_GM_19-04999.jpg?strip=info&#038;w=1500&#038;ssl=1 1500w,https:\/\/i2.wp.com\/www.ultratourmonterosa.com\/wp-content\/uploads\/2020\/12\/UTMR_stage_2_foto_G_Meneghello_GM_19-04999.jpg?strip=info&#038;w=1800&#038;ssl=1 1800w,https:\/\/i2.wp.com\/www.ultratourmonterosa.com\/wp-content\/uploads\/2020\/12\/UTMR_stage_2_foto_G_Meneghello_GM_19-04999.jpg?strip=info&#038;w=1920&#038;ssl=1 1920w\" alt=\"trail running sul ghiacciaio\" data-height=\"1280\" data-id=\"44218\" data-link=\"https:\/\/www.ultratourmonterosa.com\/races\/4-stage-race-info\/utmr_stage_2_foto_g_meneghello_gm_19-04999\/\" data-url=\"https:\/\/www.ultratourmonterosa.com\/wp-content\/uploads\/2020\/12\/UTMR_stage_2_foto_G_Meneghello_GM_19-04999.jpg\" data-width=\"1920\" src=\"https:\/\/i2.wp.com\/www.ultratourmonterosa.com\/wp-content\/uploads\/2020\/12\/UTMR_stage_2_foto_G_Meneghello_GM_19-04999.jpg?ssl=1\" data-amp-layout=\"responsive\"><\/a><\/figure><\/div><\/div><\/div><\/div>\n\n<div style=\"height:75px\" aria-hidden=\"true\" class=\"wp-block-spacer\"><\/div>\n\n<div class=\"wp-block-simple-alerts-for-gutenberg-alert-boxes sab-alert sab-alert-warning\" role=\"alert\"><strong>Per la Tappa e l&#8217;Ultra Tour di 170 km<\/strong> sono necessarie delle microspie a causa delle condizioni del ghiacciaio che cambiano rapidamente.\nSe non hai ancora le tue, puoi noleggiarne un paio presso l&#8217;organizzazione: <a href=\"https:\/\/registration.utmr.ch\/rent-a-pair-of-microspikes\/\" target=\"_blank\" rel=\"noreferrer noopener\">https:\/\/registration.utmr.ch\/rent-a-pair-of-microspikes\/<\/a> Ti ricordiamo che devono essere chiodate (non borchie o anelli) e devono essere portate con te per tutto il tratto tra Zermatt e Gressoney.  Grazie per la vostra comprensione!  <\/div>\n\n<div style=\"height:50px\" aria-hidden=\"true\" class=\"wp-block-spacer\"><\/div>\n\n<p>L&#8217;equipaggiamento obbligatorio sar\u00e0 controllato al momento della registrazione della gara e pu\u00f2 essere controllato in qualsiasi momento durante la gara.  <strong>\u00c8 necessario disporre di tutte le attrezzature di ricambio in sacchetti impermeabili all&#8217;interno dello zaino.<\/strong>  Se il tempo \u00e8 brutto avrete bisogno del vostro top termico di ricambio pi\u00f9 cappello per essere asciutto quando ne avete bisogno. Se il tempo \u00e8 caldo si pu\u00f2 presto immergere i vestiti di ricambio con sudore rendendoli inutili se il tempo cambia o ne avete bisogno per una sezione notturna. L&#8217;ideale \u00e8 una borsa a secco o un sacchetto con chiusura a zip.  <\/p>\n\n<div style=\"height:20px\" aria-hidden=\"true\" class=\"wp-block-spacer\"><\/div>\n\n<div style=\"height:50px\" aria-hidden=\"true\" class=\"wp-block-spacer\"><\/div>\n\n<h3 class=\"wp-block-heading\">L&#8217;elenco<\/h3>\n","protected":false},"excerpt":{"rendered":"<p>L&#8217;UTMR \u00e8 una gara di lunga distanza dura e impegnativa su sentieri alti e alpini. Vogliamo che tu sia al sicuro, vogliamo che tu sia preparato per le condizioni che potresti affrontare e vogliamo che tu goda della tua esperienza di gara. Vi chiederemo, pertanto, di portare con s\u00e9 alcune attrezzature obbligatorie. Si prega di [&hellip;]<\/p>\n","protected":false},"author":2,"featured_media":16677,"parent":17486,"menu_order":7,"comment_status":"open","ping_status":"open","template":"page-obligatory.php","meta":{"_acf_changed":false,"jetpack_post_was_ever_published":false,"footnotes":"","_wp_rev_ctl_limit":""},"class_list":["post-751","page","type-page","status-publish","has-post-thumbnail","hentry"],"acf":[],"yoast_head":"<!-- This site is optimized with the Yoast SEO plugin v27.5 - https:\/\/yoast.com\/product\/yoast-seo-wordpress\/ -->\n<title>Attrezzature obbligatorie - Ultra Tour Monte Rosa<\/title>\n<meta name=\"robots\" content=\"index, follow, max-snippet:-1, max-image-preview:large, max-video-preview:-1\" \/>\n<link rel=\"canonical\" href=\"https:\/\/www.ultratourmonterosa.com\/it\/useful-information\/attrezzature-obbligatorie\/\" \/>\n<meta property=\"og:locale\" content=\"it_IT\" \/>\n<meta property=\"og:type\" content=\"article\" \/>\n<meta property=\"og:title\" content=\"Attrezzature obbligatorie - Ultra Tour Monte Rosa\" \/>\n<meta property=\"og:description\" content=\"L&#8217;UTMR \u00e8 una gara di lunga distanza dura e impegnativa su sentieri alti e alpini. Vogliamo che tu sia al sicuro, vogliamo che tu sia preparato per le condizioni che potresti affrontare e vogliamo che tu goda della tua esperienza di gara. Vi chiederemo, pertanto, di portare con s\u00e9 alcune attrezzature obbligatorie. Si prega di [&hellip;]\" \/>\n<meta property=\"og:url\" content=\"https:\/\/www.ultratourmonterosa.com\/it\/useful-information\/attrezzature-obbligatorie\/\" \/>\n<meta property=\"og:site_name\" content=\"Ultra Tour Monte Rosa\" \/>\n<meta property=\"article:publisher\" content=\"https:\/\/www.facebook.com\/UltraTourMonteRosa\/\" \/>\n<meta property=\"article:modified_time\" content=\"2025-08-25T09:46:54+00:00\" \/>\n<meta property=\"og:image\" content=\"https:\/\/www.ultratourmonterosa.com\/wp-content\/uploads\/2014\/08\/E36AHR-NAO_LowRes.jpeg\" \/>\n\t<meta property=\"og:image:width\" content=\"1200\" \/>\n\t<meta property=\"og:image:height\" content=\"800\" \/>\n\t<meta property=\"og:image:type\" content=\"image\/jpeg\" \/>\n<meta name=\"twitter:card\" content=\"summary_large_image\" \/>\n<meta name=\"twitter:site\" content=\"@UltraMonteRosa\" \/>\n<meta name=\"twitter:label1\" content=\"Tempo di lettura stimato\" \/>\n\t<meta name=\"twitter:data1\" content=\"3 minuti\" \/>\n<script type=\"application\/ld+json\" class=\"yoast-schema-graph\">{\"@context\":\"https:\\\/\\\/schema.org\",\"@graph\":[{\"@type\":\"WebPage\",\"@id\":\"https:\\\/\\\/www.ultratourmonterosa.com\\\/it\\\/useful-information\\\/attrezzature-obbligatorie\\\/\",\"url\":\"https:\\\/\\\/www.ultratourmonterosa.com\\\/it\\\/useful-information\\\/attrezzature-obbligatorie\\\/\",\"name\":\"Attrezzature obbligatorie - Ultra Tour Monte Rosa\",\"isPartOf\":{\"@id\":\"https:\\\/\\\/www.ultratourmonterosa.com\\\/#website\"},\"primaryImageOfPage\":{\"@id\":\"https:\\\/\\\/www.ultratourmonterosa.com\\\/it\\\/useful-information\\\/attrezzature-obbligatorie\\\/#primaryimage\"},\"image\":{\"@id\":\"https:\\\/\\\/www.ultratourmonterosa.com\\\/it\\\/useful-information\\\/attrezzature-obbligatorie\\\/#primaryimage\"},\"thumbnailUrl\":\"https:\\\/\\\/www.ultratourmonterosa.com\\\/wp-content\\\/uploads\\\/2014\\\/08\\\/E36AHR-NAO_LowRes.jpeg\",\"datePublished\":\"2014-08-02T01:12:14+00:00\",\"dateModified\":\"2025-08-25T09:46:54+00:00\",\"breadcrumb\":{\"@id\":\"https:\\\/\\\/www.ultratourmonterosa.com\\\/it\\\/useful-information\\\/attrezzature-obbligatorie\\\/#breadcrumb\"},\"inLanguage\":\"it-IT\",\"potentialAction\":[{\"@type\":\"ReadAction\",\"target\":[\"https:\\\/\\\/www.ultratourmonterosa.com\\\/it\\\/useful-information\\\/attrezzature-obbligatorie\\\/\"]}]},{\"@type\":\"ImageObject\",\"inLanguage\":\"it-IT\",\"@id\":\"https:\\\/\\\/www.ultratourmonterosa.com\\\/it\\\/useful-information\\\/attrezzature-obbligatorie\\\/#primaryimage\",\"url\":\"https:\\\/\\\/www.ultratourmonterosa.com\\\/wp-content\\\/uploads\\\/2014\\\/08\\\/E36AHR-NAO_LowRes.jpeg\",\"contentUrl\":\"https:\\\/\\\/www.ultratourmonterosa.com\\\/wp-content\\\/uploads\\\/2014\\\/08\\\/E36AHR-NAO_LowRes.jpeg\",\"width\":1200,\"height\":800,\"caption\":\"Petzl faro ultra carrera de trail\"},{\"@type\":\"BreadcrumbList\",\"@id\":\"https:\\\/\\\/www.ultratourmonterosa.com\\\/it\\\/useful-information\\\/attrezzature-obbligatorie\\\/#breadcrumb\",\"itemListElement\":[{\"@type\":\"ListItem\",\"position\":1,\"name\":\"Home\",\"item\":\"https:\\\/\\\/www.ultratourmonterosa.com\\\/it\\\/\"},{\"@type\":\"ListItem\",\"position\":2,\"name\":\"USEFUL INFORMATION\",\"item\":\"https:\\\/\\\/www.ultratourmonterosa.com\\\/it\\\/useful-information\\\/\"},{\"@type\":\"ListItem\",\"position\":3,\"name\":\"Attrezzature obbligatorie\"}]},{\"@type\":\"WebSite\",\"@id\":\"https:\\\/\\\/www.ultratourmonterosa.com\\\/#website\",\"url\":\"https:\\\/\\\/www.ultratourmonterosa.com\\\/\",\"name\":\"Ultra Tour Monte Rosa\",\"description\":\"3-6 September 2025\",\"publisher\":{\"@id\":\"https:\\\/\\\/www.ultratourmonterosa.com\\\/#organization\"},\"potentialAction\":[{\"@type\":\"SearchAction\",\"target\":{\"@type\":\"EntryPoint\",\"urlTemplate\":\"https:\\\/\\\/www.ultratourmonterosa.com\\\/?s={search_term_string}\"},\"query-input\":{\"@type\":\"PropertyValueSpecification\",\"valueRequired\":true,\"valueName\":\"search_term_string\"}}],\"inLanguage\":\"it-IT\"},{\"@type\":\"Organization\",\"@id\":\"https:\\\/\\\/www.ultratourmonterosa.com\\\/#organization\",\"name\":\"Ultra Tour Monte Rosa\",\"url\":\"https:\\\/\\\/www.ultratourmonterosa.com\\\/\",\"logo\":{\"@type\":\"ImageObject\",\"inLanguage\":\"it-IT\",\"@id\":\"https:\\\/\\\/www.ultratourmonterosa.com\\\/#\\\/schema\\\/logo\\\/image\\\/\",\"url\":\"https:\\\/\\\/www.ultratourmonterosa.com\\\/wp-content\\\/uploads\\\/2024\\\/09\\\/UTMR-logo-300px-1.png\",\"contentUrl\":\"https:\\\/\\\/www.ultratourmonterosa.com\\\/wp-content\\\/uploads\\\/2024\\\/09\\\/UTMR-logo-300px-1.png\",\"width\":300,\"height\":300,\"caption\":\"Ultra Tour Monte Rosa\"},\"image\":{\"@id\":\"https:\\\/\\\/www.ultratourmonterosa.com\\\/#\\\/schema\\\/logo\\\/image\\\/\"},\"sameAs\":[\"https:\\\/\\\/www.facebook.com\\\/UltraTourMonteRosa\\\/\",\"https:\\\/\\\/x.com\\\/UltraMonteRosa\"]}]}<\/script>\n<!-- \/ Yoast SEO plugin. -->","yoast_head_json":{"title":"Attrezzature obbligatorie - Ultra Tour Monte Rosa","robots":{"index":"index","follow":"follow","max-snippet":"max-snippet:-1","max-image-preview":"max-image-preview:large","max-video-preview":"max-video-preview:-1"},"canonical":"https:\/\/www.ultratourmonterosa.com\/it\/useful-information\/attrezzature-obbligatorie\/","og_locale":"it_IT","og_type":"article","og_title":"Attrezzature obbligatorie - Ultra Tour Monte Rosa","og_description":"L&#8217;UTMR \u00e8 una gara di lunga distanza dura e impegnativa su sentieri alti e alpini. Vogliamo che tu sia al sicuro, vogliamo che tu sia preparato per le condizioni che potresti affrontare e vogliamo che tu goda della tua esperienza di gara. Vi chiederemo, pertanto, di portare con s\u00e9 alcune attrezzature obbligatorie. Si prega di [&hellip;]","og_url":"https:\/\/www.ultratourmonterosa.com\/it\/useful-information\/attrezzature-obbligatorie\/","og_site_name":"Ultra Tour Monte Rosa","article_publisher":"https:\/\/www.facebook.com\/UltraTourMonteRosa\/","article_modified_time":"2025-08-25T09:46:54+00:00","og_image":[{"width":1200,"height":800,"url":"https:\/\/www.ultratourmonterosa.com\/wp-content\/uploads\/2014\/08\/E36AHR-NAO_LowRes.jpeg","type":"image\/jpeg"}],"twitter_card":"summary_large_image","twitter_site":"@UltraMonteRosa","twitter_misc":{"Tempo di lettura stimato":"3 minuti"},"schema":{"@context":"https:\/\/schema.org","@graph":[{"@type":"WebPage","@id":"https:\/\/www.ultratourmonterosa.com\/it\/useful-information\/attrezzature-obbligatorie\/","url":"https:\/\/www.ultratourmonterosa.com\/it\/useful-information\/attrezzature-obbligatorie\/","name":"Attrezzature obbligatorie - Ultra Tour Monte Rosa","isPartOf":{"@id":"https:\/\/www.ultratourmonterosa.com\/#website"},"primaryImageOfPage":{"@id":"https:\/\/www.ultratourmonterosa.com\/it\/useful-information\/attrezzature-obbligatorie\/#primaryimage"},"image":{"@id":"https:\/\/www.ultratourmonterosa.com\/it\/useful-information\/attrezzature-obbligatorie\/#primaryimage"},"thumbnailUrl":"https:\/\/www.ultratourmonterosa.com\/wp-content\/uploads\/2014\/08\/E36AHR-NAO_LowRes.jpeg","datePublished":"2014-08-02T01:12:14+00:00","dateModified":"2025-08-25T09:46:54+00:00","breadcrumb":{"@id":"https:\/\/www.ultratourmonterosa.com\/it\/useful-information\/attrezzature-obbligatorie\/#breadcrumb"},"inLanguage":"it-IT","potentialAction":[{"@type":"ReadAction","target":["https:\/\/www.ultratourmonterosa.com\/it\/useful-information\/attrezzature-obbligatorie\/"]}]},{"@type":"ImageObject","inLanguage":"it-IT","@id":"https:\/\/www.ultratourmonterosa.com\/it\/useful-information\/attrezzature-obbligatorie\/#primaryimage","url":"https:\/\/www.ultratourmonterosa.com\/wp-content\/uploads\/2014\/08\/E36AHR-NAO_LowRes.jpeg","contentUrl":"https:\/\/www.ultratourmonterosa.com\/wp-content\/uploads\/2014\/08\/E36AHR-NAO_LowRes.jpeg","width":1200,"height":800,"caption":"Petzl faro ultra carrera de trail"},{"@type":"BreadcrumbList","@id":"https:\/\/www.ultratourmonterosa.com\/it\/useful-information\/attrezzature-obbligatorie\/#breadcrumb","itemListElement":[{"@type":"ListItem","position":1,"name":"Home","item":"https:\/\/www.ultratourmonterosa.com\/it\/"},{"@type":"ListItem","position":2,"name":"USEFUL INFORMATION","item":"https:\/\/www.ultratourmonterosa.com\/it\/useful-information\/"},{"@type":"ListItem","position":3,"name":"Attrezzature obbligatorie"}]},{"@type":"WebSite","@id":"https:\/\/www.ultratourmonterosa.com\/#website","url":"https:\/\/www.ultratourmonterosa.com\/","name":"Ultra Tour Monte Rosa","description":"3-6 September 2025","publisher":{"@id":"https:\/\/www.ultratourmonterosa.com\/#organization"},"potentialAction":[{"@type":"SearchAction","target":{"@type":"EntryPoint","urlTemplate":"https:\/\/www.ultratourmonterosa.com\/?s={search_term_string}"},"query-input":{"@type":"PropertyValueSpecification","valueRequired":true,"valueName":"search_term_string"}}],"inLanguage":"it-IT"},{"@type":"Organization","@id":"https:\/\/www.ultratourmonterosa.com\/#organization","name":"Ultra Tour Monte Rosa","url":"https:\/\/www.ultratourmonterosa.com\/","logo":{"@type":"ImageObject","inLanguage":"it-IT","@id":"https:\/\/www.ultratourmonterosa.com\/#\/schema\/logo\/image\/","url":"https:\/\/www.ultratourmonterosa.com\/wp-content\/uploads\/2024\/09\/UTMR-logo-300px-1.png","contentUrl":"https:\/\/www.ultratourmonterosa.com\/wp-content\/uploads\/2024\/09\/UTMR-logo-300px-1.png","width":300,"height":300,"caption":"Ultra Tour Monte Rosa"},"image":{"@id":"https:\/\/www.ultratourmonterosa.com\/#\/schema\/logo\/image\/"},"sameAs":["https:\/\/www.facebook.com\/UltraTourMonteRosa\/","https:\/\/x.com\/UltraMonteRosa"]}]}},"jetpack_shortlink":"https:\/\/wp.me\/P4DSVg-c7","jetpack_sharing_enabled":true,"_links":{"self":[{"href":"https:\/\/www.ultratourmonterosa.com\/it\/wp-json\/wp\/v2\/pages\/751","targetHints":{"allow":["GET"]}}],"collection":[{"href":"https:\/\/www.ultratourmonterosa.com\/it\/wp-json\/wp\/v2\/pages"}],"about":[{"href":"https:\/\/www.ultratourmonterosa.com\/it\/wp-json\/wp\/v2\/types\/page"}],"author":[{"embeddable":true,"href":"https:\/\/www.ultratourmonterosa.com\/it\/wp-json\/wp\/v2\/users\/2"}],"replies":[{"embeddable":true,"href":"https:\/\/www.ultratourmonterosa.com\/it\/wp-json\/wp\/v2\/comments?post=751"}],"version-history":[{"count":5,"href":"https:\/\/www.ultratourmonterosa.com\/it\/wp-json\/wp\/v2\/pages\/751\/revisions"}],"predecessor-version":[{"id":51327,"href":"https:\/\/www.ultratourmonterosa.com\/it\/wp-json\/wp\/v2\/pages\/751\/revisions\/51327"}],"up":[{"embeddable":true,"href":"https:\/\/www.ultratourmonterosa.com\/it\/wp-json\/wp\/v2\/pages\/17486"}],"wp:featuredmedia":[{"embeddable":true,"href":"https:\/\/www.ultratourmonterosa.com\/it\/wp-json\/wp\/v2\/media\/16677"}],"wp:attachment":[{"href":"https:\/\/www.ultratourmonterosa.com\/it\/wp-json\/wp\/v2\/media?parent=751"}],"curies":[{"name":"wp","href":"https:\/\/api.w.org\/{rel}","templated":true}]}}