{"id":758,"date":"2014-06-16T18:35:38","date_gmt":"2014-06-16T12:50:38","guid":{"rendered":"http:\/\/utmr.run\/travel-2\/"},"modified":"2024-05-08T17:32:47","modified_gmt":"2024-05-08T11:47:47","slug":"viaggio-2","status":"publish","type":"page","link":"https:\/\/www.ultratourmonterosa.com\/it\/useful-information\/viaggio-2\/","title":{"rendered":"Viaggio a Gr\u00e4chen"},"content":{"rendered":"\n<div class=\"wp-block-group\"><div class=\"wp-block-group__inner-container is-layout-constrained wp-block-group-is-layout-constrained\">\n<h2 class=\"wp-block-heading\">Come raggiungere Gr\u00e4chen<\/h2>\n\n\n\n<p>Il villaggio \u00e8 un villaggio sopra St Niklaus, nella Valle della Materia, in Svizzera. Guarda <a href=\"https:\/\/goo.gl\/maps\/9MDT2\" target=\"_blank\" rel=\"noopener noreferrer\">qui<\/a> per la sua posizione su google maps. Il trasporto pubblico da Milano, Ginevra e gli aeroporti di zurighese \u00e8 facilmente accessibile. Informazioni complete su come raggiungere Gr\u00e4chen sono disponibili sul sito web dell&#8217;Ufficio Turistico: <a href=\"http:\/\/www.graechen.ch\/site\/en\/services-arrival\/how-to-get-there\">qui<\/a>.<\/p>\n\n\n\n<p>Tutti i collegamenti ferroviari e autobus possono essere sistemati utilizzando il meraviglioso sito web della Svizzera <a href=\"http:\/\/www.sbb.ch\/en\">Www.sbb.ch\/en<\/a>. L&#8217;acquisto di un biglietto in anticipo vi far\u00e0 risparmiare denaro. Assicurarsi che la destinazione sia<strong>Gr\u00e4chen Zentrum<\/strong>&#8220;. Ricordate che Gr\u00e4chen \u00e8 per lo pi\u00f9 un villaggio senza auto e che tutti gli hotel e gli appartamenti sono raggiungibili a piedi dalla linea di partenza\/arrivo in Gr\u00e4chen Dorfplatz. Un&#8217;indicazione utile&#8230; i treni partono direttamente dagli aeroporti di Ginevra e Zurigo. Viaggiare in Svizzera \u00e8 molto semplice!<\/p>\n<\/div><\/div>\n\n<div style=\"height:50px\" aria-hidden=\"true\" class=\"wp-block-spacer\"><\/div>\n\n<div class=\"wp-block-group\"><div class=\"wp-block-group__inner-container is-layout-constrained wp-block-group-is-layout-constrained\">\n<h2 class=\"wp-block-heading\">Trasferimenti con bus navetta<\/h2>\n\n\n\n<p>Consulta qui l&#8217;elenco delle navette offerte nel 2024 e le modalit\u00e0 per prenotare un posto.  <\/p>\n\n\n\n<p><\/p>\n\n\n\n<p><a class=\"ur-btn ur-btn-yellow\" href=\"https:\/\/www.ultratourmonterosa.com\/it\/useful-information\/bus-shuttle\/\" target=\"_blank\" rel=\"noopener noreferrer\">Modulo di prenotazione bus navetta<\/a><\/p>\n<\/div><\/div>\n\n<div style=\"height:50px\" aria-hidden=\"true\" class=\"wp-block-spacer\"><\/div>\n\n<h2 class=\"wp-block-heading\">Mappa della posizione<\/h2>\n\n<p>Fare clic sulla piccola casella nell&#8217;angolo in alto a sinistra per ulteriori informazioni.<\/p>\n\n<p><iframe loading=\"lazy\" src=\"https:\/\/www.google.com\/maps\/d\/embed?mid=zD3a117sQji0.kfXN5Zb-n8I0\" width=\"640\" height=\"480\"><\/iframe><\/p>\n\n<div style=\"height:20px\" aria-hidden=\"true\" class=\"wp-block-spacer\"><\/div>\n\n<div style=\"height:20px\" aria-hidden=\"true\" class=\"wp-block-spacer\"><\/div>\n\n<h2 class=\"wp-block-heading\">Di Chamonix<\/h2>\n\n<p>Se si viaggia da Chamonix:<\/p>\n\n<ul class=\"wp-block-list\">\n<li>direzione Gr\u00e4chen: in treno via Vallorcine, poi Martigny, Visp fino a Gr\u00e4chen &#8211; prenotare via <a href=\"http:\/\/sbb.ch\/en\" target=\"_blank\" rel=\"noopener noreferrer\">sbb.ch\/it<\/a><\/li>\n\n\n\n<li>Bus navetta UTMR <\/li>\n\n\n\n<li>car sharing &#8211; vedi sotto!<\/li>\n<\/ul>\n\n<div style=\"height:20px\" aria-hidden=\"true\" class=\"wp-block-spacer\"><\/div>\n\n<h2 class=\"wp-block-heading\">Car sharing<\/h2>\n\n<p>Se volete condividere un&#8217;auto potete utilizzare il nostro <a href=\"https:\/\/www.facebook.com\/groups\/1259415610830725\/\" target=\"_blank\" rel=\"noreferrer noopener\"> gruppo facebook &#8220;Amici dell&#8217;Ultra Tour Monte Rosa&#8221;<\/a> per connettervi con altri corridori!<\/p>\n\n<div style=\"height:20px\" aria-hidden=\"true\" class=\"wp-block-spacer\"><\/div>\n","protected":false},"excerpt":{"rendered":"<p>Come raggiungere Gr\u00e4chen Il villaggio \u00e8 un villaggio sopra St Niklaus, nella Valle della Materia, in Svizzera. Guarda qui per la sua posizione su google maps. Il trasporto pubblico da Milano, Ginevra e gli aeroporti di zurighese \u00e8 facilmente accessibile. Informazioni complete su come raggiungere Gr\u00e4chen sono disponibili sul sito web dell&#8217;Ufficio Turistico: qui. Tutti [&hellip;]<\/p>\n","protected":false},"author":2,"featured_media":33870,"parent":17486,"menu_order":11,"comment_status":"open","ping_status":"open","template":"","meta":{"_acf_changed":false,"jetpack_post_was_ever_published":false,"footnotes":"","_wp_rev_ctl_limit":""},"class_list":["post-758","page","type-page","status-publish","has-post-thumbnail","hentry"],"acf":[],"yoast_head":"<!-- This site is optimized with the Yoast SEO plugin v27.5 - https:\/\/yoast.com\/product\/yoast-seo-wordpress\/ -->\n<title>Viaggio a Gr\u00e4chen - Ultra Tour Monte Rosa<\/title>\n<meta name=\"robots\" content=\"index, follow, max-snippet:-1, max-image-preview:large, max-video-preview:-1\" \/>\n<link rel=\"canonical\" href=\"https:\/\/www.ultratourmonterosa.com\/it\/useful-information\/viaggio-2\/\" \/>\n<meta property=\"og:locale\" content=\"it_IT\" \/>\n<meta property=\"og:type\" content=\"article\" \/>\n<meta property=\"og:title\" content=\"Viaggio a Gr\u00e4chen - Ultra Tour Monte Rosa\" \/>\n<meta property=\"og:description\" content=\"Come raggiungere Gr\u00e4chen Il villaggio \u00e8 un villaggio sopra St Niklaus, nella Valle della Materia, in Svizzera. Guarda qui per la sua posizione su google maps. Il trasporto pubblico da Milano, Ginevra e gli aeroporti di zurighese \u00e8 facilmente accessibile. Informazioni complete su come raggiungere Gr\u00e4chen sono disponibili sul sito web dell&#8217;Ufficio Turistico: qui. Tutti [&hellip;]\" \/>\n<meta property=\"og:url\" content=\"https:\/\/www.ultratourmonterosa.com\/it\/useful-information\/viaggio-2\/\" \/>\n<meta property=\"og:site_name\" content=\"Ultra Tour Monte Rosa\" \/>\n<meta property=\"article:publisher\" content=\"https:\/\/www.facebook.com\/UltraTourMonteRosa\/\" \/>\n<meta property=\"article:modified_time\" content=\"2024-05-08T11:47:47+00:00\" \/>\n<meta property=\"og:image\" content=\"https:\/\/www.ultratourmonterosa.com\/wp-content\/uploads\/2014\/06\/transport-map-utmr.jpg\" \/>\n\t<meta property=\"og:image:width\" content=\"861\" \/>\n\t<meta property=\"og:image:height\" content=\"602\" \/>\n\t<meta property=\"og:image:type\" content=\"image\/jpeg\" \/>\n<meta name=\"twitter:card\" content=\"summary_large_image\" \/>\n<meta name=\"twitter:site\" content=\"@UltraMonteRosa\" \/>\n<meta name=\"twitter:label1\" content=\"Tempo di lettura stimato\" \/>\n\t<meta name=\"twitter:data1\" content=\"1 minuto\" \/>\n<script type=\"application\/ld+json\" class=\"yoast-schema-graph\">{\"@context\":\"https:\\\/\\\/schema.org\",\"@graph\":[{\"@type\":\"WebPage\",\"@id\":\"https:\\\/\\\/www.ultratourmonterosa.com\\\/it\\\/useful-information\\\/viaggio-2\\\/\",\"url\":\"https:\\\/\\\/www.ultratourmonterosa.com\\\/it\\\/useful-information\\\/viaggio-2\\\/\",\"name\":\"Viaggio a Gr\u00e4chen - Ultra Tour Monte Rosa\",\"isPartOf\":{\"@id\":\"https:\\\/\\\/www.ultratourmonterosa.com\\\/#website\"},\"primaryImageOfPage\":{\"@id\":\"https:\\\/\\\/www.ultratourmonterosa.com\\\/it\\\/useful-information\\\/viaggio-2\\\/#primaryimage\"},\"image\":{\"@id\":\"https:\\\/\\\/www.ultratourmonterosa.com\\\/it\\\/useful-information\\\/viaggio-2\\\/#primaryimage\"},\"thumbnailUrl\":\"https:\\\/\\\/www.ultratourmonterosa.com\\\/wp-content\\\/uploads\\\/2014\\\/06\\\/transport-map-utmr.jpg\",\"datePublished\":\"2014-06-16T12:50:38+00:00\",\"dateModified\":\"2024-05-08T11:47:47+00:00\",\"breadcrumb\":{\"@id\":\"https:\\\/\\\/www.ultratourmonterosa.com\\\/it\\\/useful-information\\\/viaggio-2\\\/#breadcrumb\"},\"inLanguage\":\"it-IT\",\"potentialAction\":[{\"@type\":\"ReadAction\",\"target\":[\"https:\\\/\\\/www.ultratourmonterosa.com\\\/it\\\/useful-information\\\/viaggio-2\\\/\"]}]},{\"@type\":\"ImageObject\",\"inLanguage\":\"it-IT\",\"@id\":\"https:\\\/\\\/www.ultratourmonterosa.com\\\/it\\\/useful-information\\\/viaggio-2\\\/#primaryimage\",\"url\":\"https:\\\/\\\/www.ultratourmonterosa.com\\\/wp-content\\\/uploads\\\/2014\\\/06\\\/transport-map-utmr.jpg\",\"contentUrl\":\"https:\\\/\\\/www.ultratourmonterosa.com\\\/wp-content\\\/uploads\\\/2014\\\/06\\\/transport-map-utmr.jpg\",\"width\":861,\"height\":602,\"caption\":\"transport-map-utmr\"},{\"@type\":\"BreadcrumbList\",\"@id\":\"https:\\\/\\\/www.ultratourmonterosa.com\\\/it\\\/useful-information\\\/viaggio-2\\\/#breadcrumb\",\"itemListElement\":[{\"@type\":\"ListItem\",\"position\":1,\"name\":\"Home\",\"item\":\"https:\\\/\\\/www.ultratourmonterosa.com\\\/it\\\/\"},{\"@type\":\"ListItem\",\"position\":2,\"name\":\"USEFUL INFORMATION\",\"item\":\"https:\\\/\\\/www.ultratourmonterosa.com\\\/it\\\/useful-information\\\/\"},{\"@type\":\"ListItem\",\"position\":3,\"name\":\"Viaggio a Gr\u00e4chen\"}]},{\"@type\":\"WebSite\",\"@id\":\"https:\\\/\\\/www.ultratourmonterosa.com\\\/#website\",\"url\":\"https:\\\/\\\/www.ultratourmonterosa.com\\\/\",\"name\":\"Ultra Tour Monte Rosa\",\"description\":\"3-6 September 2025\",\"publisher\":{\"@id\":\"https:\\\/\\\/www.ultratourmonterosa.com\\\/#organization\"},\"potentialAction\":[{\"@type\":\"SearchAction\",\"target\":{\"@type\":\"EntryPoint\",\"urlTemplate\":\"https:\\\/\\\/www.ultratourmonterosa.com\\\/?s={search_term_string}\"},\"query-input\":{\"@type\":\"PropertyValueSpecification\",\"valueRequired\":true,\"valueName\":\"search_term_string\"}}],\"inLanguage\":\"it-IT\"},{\"@type\":\"Organization\",\"@id\":\"https:\\\/\\\/www.ultratourmonterosa.com\\\/#organization\",\"name\":\"Ultra Tour Monte Rosa\",\"url\":\"https:\\\/\\\/www.ultratourmonterosa.com\\\/\",\"logo\":{\"@type\":\"ImageObject\",\"inLanguage\":\"it-IT\",\"@id\":\"https:\\\/\\\/www.ultratourmonterosa.com\\\/#\\\/schema\\\/logo\\\/image\\\/\",\"url\":\"https:\\\/\\\/www.ultratourmonterosa.com\\\/wp-content\\\/uploads\\\/2024\\\/09\\\/UTMR-logo-300px-1.png\",\"contentUrl\":\"https:\\\/\\\/www.ultratourmonterosa.com\\\/wp-content\\\/uploads\\\/2024\\\/09\\\/UTMR-logo-300px-1.png\",\"width\":300,\"height\":300,\"caption\":\"Ultra Tour Monte Rosa\"},\"image\":{\"@id\":\"https:\\\/\\\/www.ultratourmonterosa.com\\\/#\\\/schema\\\/logo\\\/image\\\/\"},\"sameAs\":[\"https:\\\/\\\/www.facebook.com\\\/UltraTourMonteRosa\\\/\",\"https:\\\/\\\/x.com\\\/UltraMonteRosa\"]}]}<\/script>\n<!-- \/ Yoast SEO plugin. -->","yoast_head_json":{"title":"Viaggio a Gr\u00e4chen - Ultra Tour Monte Rosa","robots":{"index":"index","follow":"follow","max-snippet":"max-snippet:-1","max-image-preview":"max-image-preview:large","max-video-preview":"max-video-preview:-1"},"canonical":"https:\/\/www.ultratourmonterosa.com\/it\/useful-information\/viaggio-2\/","og_locale":"it_IT","og_type":"article","og_title":"Viaggio a Gr\u00e4chen - Ultra Tour Monte Rosa","og_description":"Come raggiungere Gr\u00e4chen Il villaggio \u00e8 un villaggio sopra St Niklaus, nella Valle della Materia, in Svizzera. Guarda qui per la sua posizione su google maps. Il trasporto pubblico da Milano, Ginevra e gli aeroporti di zurighese \u00e8 facilmente accessibile. Informazioni complete su come raggiungere Gr\u00e4chen sono disponibili sul sito web dell&#8217;Ufficio Turistico: qui. Tutti [&hellip;]","og_url":"https:\/\/www.ultratourmonterosa.com\/it\/useful-information\/viaggio-2\/","og_site_name":"Ultra Tour Monte Rosa","article_publisher":"https:\/\/www.facebook.com\/UltraTourMonteRosa\/","article_modified_time":"2024-05-08T11:47:47+00:00","og_image":[{"width":861,"height":602,"url":"https:\/\/www.ultratourmonterosa.com\/wp-content\/uploads\/2014\/06\/transport-map-utmr.jpg","type":"image\/jpeg"}],"twitter_card":"summary_large_image","twitter_site":"@UltraMonteRosa","twitter_misc":{"Tempo di lettura stimato":"1 minuto"},"schema":{"@context":"https:\/\/schema.org","@graph":[{"@type":"WebPage","@id":"https:\/\/www.ultratourmonterosa.com\/it\/useful-information\/viaggio-2\/","url":"https:\/\/www.ultratourmonterosa.com\/it\/useful-information\/viaggio-2\/","name":"Viaggio a Gr\u00e4chen - Ultra Tour Monte Rosa","isPartOf":{"@id":"https:\/\/www.ultratourmonterosa.com\/#website"},"primaryImageOfPage":{"@id":"https:\/\/www.ultratourmonterosa.com\/it\/useful-information\/viaggio-2\/#primaryimage"},"image":{"@id":"https:\/\/www.ultratourmonterosa.com\/it\/useful-information\/viaggio-2\/#primaryimage"},"thumbnailUrl":"https:\/\/www.ultratourmonterosa.com\/wp-content\/uploads\/2014\/06\/transport-map-utmr.jpg","datePublished":"2014-06-16T12:50:38+00:00","dateModified":"2024-05-08T11:47:47+00:00","breadcrumb":{"@id":"https:\/\/www.ultratourmonterosa.com\/it\/useful-information\/viaggio-2\/#breadcrumb"},"inLanguage":"it-IT","potentialAction":[{"@type":"ReadAction","target":["https:\/\/www.ultratourmonterosa.com\/it\/useful-information\/viaggio-2\/"]}]},{"@type":"ImageObject","inLanguage":"it-IT","@id":"https:\/\/www.ultratourmonterosa.com\/it\/useful-information\/viaggio-2\/#primaryimage","url":"https:\/\/www.ultratourmonterosa.com\/wp-content\/uploads\/2014\/06\/transport-map-utmr.jpg","contentUrl":"https:\/\/www.ultratourmonterosa.com\/wp-content\/uploads\/2014\/06\/transport-map-utmr.jpg","width":861,"height":602,"caption":"transport-map-utmr"},{"@type":"BreadcrumbList","@id":"https:\/\/www.ultratourmonterosa.com\/it\/useful-information\/viaggio-2\/#breadcrumb","itemListElement":[{"@type":"ListItem","position":1,"name":"Home","item":"https:\/\/www.ultratourmonterosa.com\/it\/"},{"@type":"ListItem","position":2,"name":"USEFUL INFORMATION","item":"https:\/\/www.ultratourmonterosa.com\/it\/useful-information\/"},{"@type":"ListItem","position":3,"name":"Viaggio a Gr\u00e4chen"}]},{"@type":"WebSite","@id":"https:\/\/www.ultratourmonterosa.com\/#website","url":"https:\/\/www.ultratourmonterosa.com\/","name":"Ultra Tour Monte Rosa","description":"3-6 September 2025","publisher":{"@id":"https:\/\/www.ultratourmonterosa.com\/#organization"},"potentialAction":[{"@type":"SearchAction","target":{"@type":"EntryPoint","urlTemplate":"https:\/\/www.ultratourmonterosa.com\/?s={search_term_string}"},"query-input":{"@type":"PropertyValueSpecification","valueRequired":true,"valueName":"search_term_string"}}],"inLanguage":"it-IT"},{"@type":"Organization","@id":"https:\/\/www.ultratourmonterosa.com\/#organization","name":"Ultra Tour Monte Rosa","url":"https:\/\/www.ultratourmonterosa.com\/","logo":{"@type":"ImageObject","inLanguage":"it-IT","@id":"https:\/\/www.ultratourmonterosa.com\/#\/schema\/logo\/image\/","url":"https:\/\/www.ultratourmonterosa.com\/wp-content\/uploads\/2024\/09\/UTMR-logo-300px-1.png","contentUrl":"https:\/\/www.ultratourmonterosa.com\/wp-content\/uploads\/2024\/09\/UTMR-logo-300px-1.png","width":300,"height":300,"caption":"Ultra Tour Monte Rosa"},"image":{"@id":"https:\/\/www.ultratourmonterosa.com\/#\/schema\/logo\/image\/"},"sameAs":["https:\/\/www.facebook.com\/UltraTourMonteRosa\/","https:\/\/x.com\/UltraMonteRosa"]}]}},"jetpack_shortlink":"https:\/\/wp.me\/P4DSVg-ce","jetpack_sharing_enabled":true,"_links":{"self":[{"href":"https:\/\/www.ultratourmonterosa.com\/it\/wp-json\/wp\/v2\/pages\/758","targetHints":{"allow":["GET"]}}],"collection":[{"href":"https:\/\/www.ultratourmonterosa.com\/it\/wp-json\/wp\/v2\/pages"}],"about":[{"href":"https:\/\/www.ultratourmonterosa.com\/it\/wp-json\/wp\/v2\/types\/page"}],"author":[{"embeddable":true,"href":"https:\/\/www.ultratourmonterosa.com\/it\/wp-json\/wp\/v2\/users\/2"}],"replies":[{"embeddable":true,"href":"https:\/\/www.ultratourmonterosa.com\/it\/wp-json\/wp\/v2\/comments?post=758"}],"version-history":[{"count":5,"href":"https:\/\/www.ultratourmonterosa.com\/it\/wp-json\/wp\/v2\/pages\/758\/revisions"}],"predecessor-version":[{"id":50571,"href":"https:\/\/www.ultratourmonterosa.com\/it\/wp-json\/wp\/v2\/pages\/758\/revisions\/50571"}],"up":[{"embeddable":true,"href":"https:\/\/www.ultratourmonterosa.com\/it\/wp-json\/wp\/v2\/pages\/17486"}],"wp:featuredmedia":[{"embeddable":true,"href":"https:\/\/www.ultratourmonterosa.com\/it\/wp-json\/wp\/v2\/media\/33870"}],"wp:attachment":[{"href":"https:\/\/www.ultratourmonterosa.com\/it\/wp-json\/wp\/v2\/media?parent=758"}],"curies":[{"name":"wp","href":"https:\/\/api.w.org\/{rel}","templated":true}]}}