{"id":760,"date":"2014-06-16T18:35:55","date_gmt":"2014-06-16T12:50:55","guid":{"rendered":"http:\/\/utmr.run\/supporters-2\/"},"modified":"2024-05-08T17:34:44","modified_gmt":"2024-05-08T11:49:44","slug":"sostenitori","status":"publish","type":"page","link":"https:\/\/www.ultratourmonterosa.com\/it\/useful-information\/sostenitori\/","title":{"rendered":"Informazioni per i sostenitori"},"content":{"rendered":"\n<div style=\"height:25px\" aria-hidden=\"true\" class=\"wp-block-spacer\"><\/div>\n\n<h2 class=\"wp-block-heading\">Regolamento di gara<\/h2>\n\n<p>\u00c8 fantastico se hai amici e familiari che potrebbero viaggiare con te in supporto!<\/p>\n\n<p>Per essere onesti con tutti i corridori, tieni presente che il supporto di amici e familiari \u00e8 consentito solo ai checkpoint designati e purch\u00e9 non interferisca con il funzionamento del checkpoint.<\/p>\n\n<ul class=\"wp-block-list\">\n<li>\n          <strong>Nessun supporto \u00e8 consentito tra i checkpoint.<\/strong>\n        <\/li>\n\n\n\n<li>\n          <strong>Non \u00e8 consentito muling o stimolazione.<\/strong>\n        <\/li>\n<\/ul>\n\n<div style=\"height:25px\" aria-hidden=\"true\" class=\"wp-block-spacer\"><\/div>\n\n<h2 class=\"wp-block-heading\">Volontari<\/h2>\n\n<p>Diamo sempre il benvenuto ai volontari! Seguite questo link per maggiori informazioni &#8230;<\/p>\n<a href='https:\/\/registration.utmr.ch\/volunteers\/' \n\t\t\ttarget='_blank' \n\t\t\tid='utmr-yellow-button-block_7113ee7a19d30d72fac521431fdf23a7' \n\t\t\tclass='utmr-button  ur-btn-yellow has-utmr-yellow-background-color text-black block-utmr-yellow-button' >\n\t\t\t\t Informazioni volontarie qui!  &nbsp;&nbsp;<i class='fas fa-external-link-alt'><\/i>\n\t\t\t<\/a>\n<div style=\"height:25px\" aria-hidden=\"true\" class=\"wp-block-spacer\"><\/div>\n\n<h2 class=\"wp-block-heading\">Corsa a tappa<\/h2>\n\n<p>Abbiamo sistemazioni molto limitate in ogni villaggio di razza. Si prega di inviare un&#8217;e-mail<a href=\"mailto:info@ultratourmonterosa.com\" target=\"_blank\" rel=\"noreferrer noopener\"> info@ultratourmonterosa.com<\/a> se hai un sostenitore che desidera accompagnarti. Potremmo essere in grado di offrire alcuni posti con un pacchetto di alloggio \/ trasporto per i sostenitori volontari.<\/p>\n\n<p>Per tutti gli altri sostenitori c&#8217;\u00e8 abbondanza di alloggi all&#8217;interno del villaggio (Zermatt) o entro 5-10 km in auto (Gressoney e Macugnaga). Se hai il tuo mezzo di trasporto, questo \u00e8 facile. Se non disponi di mezzi di trasporto, ti consigliamo di stabilirti a Gr\u00e4chen e di utilizzare il comodo servizio di trasporto pubblico (<a href=\"https:\/\/www.sbb.ch\/en\" target=\"_blank\" rel=\"noreferrer noopener\"> www.sbb.ch\/en<\/a> ) per raggiungere i checkpoint di Zermatt e Saas Fee.<\/p>\n\n<div style=\"height:25px\" aria-hidden=\"true\" class=\"wp-block-spacer\"><\/div>\n\n<h2 class=\"wp-block-heading\">Celebrazione di chiusura a Gr\u00e4chen<\/h2>\n\n<p>Sabato 9 settembre si terr\u00e0 a Gr\u00e4chen un pranzo di chiusura e premiazione. \u00c8 un&#8217;occasione per riunirci tutti insieme per celebrare gli sforzi dei corridori e la dedizione dei volontari. Unisciti a noi per condividere una bella serata insieme! I biglietti per i corridori e i sostenitori saranno disponibili per l&#8217;acquisto a partire da giugno 2023. Grazie!<\/p>\n<a href='https:\/\/registration.utmr.ch\/closing-meal-tickets\/' \n\t\t\ttarget='_blank' \n\t\t\tid='utmr-yellow-button-block_e1ababb38a910d8d5ff55909eddfa9b6' \n\t\t\tclass='utmr-button  ur-btn-yellow has-utmr-yellow-background-color text-black block-utmr-yellow-button' >\n\t\t\t\t Biglietti per il pranzo per la nostra festa di chiusura! &nbsp;&nbsp;<i class='fas fa-external-link-alt'><\/i>\n\t\t\t<\/a>\n<div style=\"height:25px\" aria-hidden=\"true\" class=\"wp-block-spacer\"><\/div>\n\n<h2 class=\"wp-block-heading\">Car sharing<\/h2>\n\n<p>Se il vostro sostenitore desidera condividere un&#8217;auto con altri \u00e8 pi\u00f9 facile chiederlo nel nostro gruppo facebook &#8220;<a href=\"https:\/\/www.facebook.com\/groups\/1259415610830725\/\" target=\"_blank\" rel=\"noreferrer noopener\">Amici dell&#8217;Ultra Tour Monte Rosa<\/a>&#8220;.<\/p>\n\n<div style=\"height:25px\" aria-hidden=\"true\" class=\"wp-block-spacer\"><\/div>\n\n<h2 class=\"wp-block-heading\">Percorsi di guida suggeriti<\/h2>\n\n<p>L&#8217;UTMR \u00e8 sicuramente una corsa a piedi e i percorsi di guida tra i punti di controllo sono lunghi e difficili. Ecco alcune informazioni sui percorsi e gli orari di guida per aiutare i vostri sostenitori. <\/p>\n\n<p>I nostri percorsi di gara Mischabel all&#8217;interno delle valli del Cervino e di Saas sono molto pi\u00f9 accessibili con un misto di strada, funivia e accesso a piedi. Ulteriori informazioni per i sostenitori saranno disponibili all&#8217;inizio dell&#8217;estate.  <\/p>\n<a href='https:\/\/www.ultratourmonterosa.com\/useful-information\/supporters\/suggested-driving-routes\/' \n\t\t\ttarget='' \n\t\t\tid='utmr-yellow-button-block_999dfdba20d2d9d8bd7028dafa86ac4a' \n\t\t\tclass='utmr-button  ur-btn-yellow has-utmr-yellow-background-color text-black block-utmr-yellow-button' >\n\t\t\t\t Percorsi di guida suggeriti\n\t\t\t<\/a>\n<div style=\"height:25px\" aria-hidden=\"true\" class=\"wp-block-spacer\"><\/div>\n","protected":false},"excerpt":{"rendered":"<p>Regolamento di gara \u00c8 fantastico se hai amici e familiari che potrebbero viaggiare con te in supporto! Per essere onesti con tutti i corridori, tieni presente che il supporto di amici e familiari \u00e8 consentito solo ai checkpoint designati e purch\u00e9 non interferisca con il funzionamento del checkpoint. Volontari Diamo sempre il benvenuto ai volontari! [&hellip;]<\/p>\n","protected":false},"author":2,"featured_media":19917,"parent":17486,"menu_order":13,"comment_status":"open","ping_status":"open","template":"","meta":{"_acf_changed":false,"jetpack_post_was_ever_published":false,"footnotes":"","_wp_rev_ctl_limit":""},"class_list":["post-760","page","type-page","status-publish","has-post-thumbnail","hentry"],"acf":[],"yoast_head":"<!-- This site is optimized with the Yoast SEO plugin v27.5 - https:\/\/yoast.com\/product\/yoast-seo-wordpress\/ -->\n<title>Informazioni per i sostenitori - Ultra Tour Monte Rosa<\/title>\n<meta name=\"robots\" content=\"index, follow, max-snippet:-1, max-image-preview:large, max-video-preview:-1\" \/>\n<link rel=\"canonical\" href=\"https:\/\/www.ultratourmonterosa.com\/it\/useful-information\/sostenitori\/\" \/>\n<meta property=\"og:locale\" content=\"it_IT\" \/>\n<meta property=\"og:type\" content=\"article\" \/>\n<meta property=\"og:title\" content=\"Informazioni per i sostenitori - Ultra Tour Monte Rosa\" \/>\n<meta property=\"og:description\" content=\"Regolamento di gara \u00c8 fantastico se hai amici e familiari che potrebbero viaggiare con te in supporto! Per essere onesti con tutti i corridori, tieni presente che il supporto di amici e familiari \u00e8 consentito solo ai checkpoint designati e purch\u00e9 non interferisca con il funzionamento del checkpoint. Volontari Diamo sempre il benvenuto ai volontari! [&hellip;]\" \/>\n<meta property=\"og:url\" content=\"https:\/\/www.ultratourmonterosa.com\/it\/useful-information\/sostenitori\/\" \/>\n<meta property=\"og:site_name\" content=\"Ultra Tour Monte Rosa\" \/>\n<meta property=\"article:publisher\" content=\"https:\/\/www.facebook.com\/UltraTourMonteRosa\/\" \/>\n<meta property=\"article:modified_time\" content=\"2024-05-08T11:49:44+00:00\" \/>\n<meta property=\"og:image\" content=\"https:\/\/www.ultratourmonterosa.com\/wp-content\/uploads\/2016\/09\/ultra-tour-monte-rosa-2016-square-1000-3199.jpg\" \/>\n\t<meta property=\"og:image:width\" content=\"1000\" \/>\n\t<meta property=\"og:image:height\" content=\"1000\" \/>\n\t<meta property=\"og:image:type\" content=\"image\/jpeg\" \/>\n<meta name=\"twitter:card\" content=\"summary_large_image\" \/>\n<meta name=\"twitter:site\" content=\"@UltraMonteRosa\" \/>\n<meta name=\"twitter:label1\" content=\"Tempo di lettura stimato\" \/>\n\t<meta name=\"twitter:data1\" content=\"2 minuti\" \/>\n<script type=\"application\/ld+json\" class=\"yoast-schema-graph\">{\"@context\":\"https:\\\/\\\/schema.org\",\"@graph\":[{\"@type\":\"WebPage\",\"@id\":\"https:\\\/\\\/www.ultratourmonterosa.com\\\/it\\\/useful-information\\\/sostenitori\\\/\",\"url\":\"https:\\\/\\\/www.ultratourmonterosa.com\\\/it\\\/useful-information\\\/sostenitori\\\/\",\"name\":\"Informazioni per i sostenitori - Ultra Tour Monte Rosa\",\"isPartOf\":{\"@id\":\"https:\\\/\\\/www.ultratourmonterosa.com\\\/#website\"},\"primaryImageOfPage\":{\"@id\":\"https:\\\/\\\/www.ultratourmonterosa.com\\\/it\\\/useful-information\\\/sostenitori\\\/#primaryimage\"},\"image\":{\"@id\":\"https:\\\/\\\/www.ultratourmonterosa.com\\\/it\\\/useful-information\\\/sostenitori\\\/#primaryimage\"},\"thumbnailUrl\":\"https:\\\/\\\/www.ultratourmonterosa.com\\\/wp-content\\\/uploads\\\/2016\\\/09\\\/ultra-tour-monte-rosa-2016-square-1000-3199.jpg\",\"datePublished\":\"2014-06-16T12:50:55+00:00\",\"dateModified\":\"2024-05-08T11:49:44+00:00\",\"breadcrumb\":{\"@id\":\"https:\\\/\\\/www.ultratourmonterosa.com\\\/it\\\/useful-information\\\/sostenitori\\\/#breadcrumb\"},\"inLanguage\":\"it-IT\",\"potentialAction\":[{\"@type\":\"ReadAction\",\"target\":[\"https:\\\/\\\/www.ultratourmonterosa.com\\\/it\\\/useful-information\\\/sostenitori\\\/\"]}]},{\"@type\":\"ImageObject\",\"inLanguage\":\"it-IT\",\"@id\":\"https:\\\/\\\/www.ultratourmonterosa.com\\\/it\\\/useful-information\\\/sostenitori\\\/#primaryimage\",\"url\":\"https:\\\/\\\/www.ultratourmonterosa.com\\\/wp-content\\\/uploads\\\/2016\\\/09\\\/ultra-tour-monte-rosa-2016-square-1000-3199.jpg\",\"contentUrl\":\"https:\\\/\\\/www.ultratourmonterosa.com\\\/wp-content\\\/uploads\\\/2016\\\/09\\\/ultra-tour-monte-rosa-2016-square-1000-3199.jpg\",\"width\":1000,\"height\":1000},{\"@type\":\"BreadcrumbList\",\"@id\":\"https:\\\/\\\/www.ultratourmonterosa.com\\\/it\\\/useful-information\\\/sostenitori\\\/#breadcrumb\",\"itemListElement\":[{\"@type\":\"ListItem\",\"position\":1,\"name\":\"Home\",\"item\":\"https:\\\/\\\/www.ultratourmonterosa.com\\\/it\\\/\"},{\"@type\":\"ListItem\",\"position\":2,\"name\":\"USEFUL INFORMATION\",\"item\":\"https:\\\/\\\/www.ultratourmonterosa.com\\\/it\\\/useful-information\\\/\"},{\"@type\":\"ListItem\",\"position\":3,\"name\":\"Informazioni per i sostenitori\"}]},{\"@type\":\"WebSite\",\"@id\":\"https:\\\/\\\/www.ultratourmonterosa.com\\\/#website\",\"url\":\"https:\\\/\\\/www.ultratourmonterosa.com\\\/\",\"name\":\"Ultra Tour Monte Rosa\",\"description\":\"3-6 September 2025\",\"publisher\":{\"@id\":\"https:\\\/\\\/www.ultratourmonterosa.com\\\/#organization\"},\"potentialAction\":[{\"@type\":\"SearchAction\",\"target\":{\"@type\":\"EntryPoint\",\"urlTemplate\":\"https:\\\/\\\/www.ultratourmonterosa.com\\\/?s={search_term_string}\"},\"query-input\":{\"@type\":\"PropertyValueSpecification\",\"valueRequired\":true,\"valueName\":\"search_term_string\"}}],\"inLanguage\":\"it-IT\"},{\"@type\":\"Organization\",\"@id\":\"https:\\\/\\\/www.ultratourmonterosa.com\\\/#organization\",\"name\":\"Ultra Tour Monte Rosa\",\"url\":\"https:\\\/\\\/www.ultratourmonterosa.com\\\/\",\"logo\":{\"@type\":\"ImageObject\",\"inLanguage\":\"it-IT\",\"@id\":\"https:\\\/\\\/www.ultratourmonterosa.com\\\/#\\\/schema\\\/logo\\\/image\\\/\",\"url\":\"https:\\\/\\\/www.ultratourmonterosa.com\\\/wp-content\\\/uploads\\\/2024\\\/09\\\/UTMR-logo-300px-1.png\",\"contentUrl\":\"https:\\\/\\\/www.ultratourmonterosa.com\\\/wp-content\\\/uploads\\\/2024\\\/09\\\/UTMR-logo-300px-1.png\",\"width\":300,\"height\":300,\"caption\":\"Ultra Tour Monte Rosa\"},\"image\":{\"@id\":\"https:\\\/\\\/www.ultratourmonterosa.com\\\/#\\\/schema\\\/logo\\\/image\\\/\"},\"sameAs\":[\"https:\\\/\\\/www.facebook.com\\\/UltraTourMonteRosa\\\/\",\"https:\\\/\\\/x.com\\\/UltraMonteRosa\"]}]}<\/script>\n<!-- \/ Yoast SEO plugin. -->","yoast_head_json":{"title":"Informazioni per i sostenitori - Ultra Tour Monte Rosa","robots":{"index":"index","follow":"follow","max-snippet":"max-snippet:-1","max-image-preview":"max-image-preview:large","max-video-preview":"max-video-preview:-1"},"canonical":"https:\/\/www.ultratourmonterosa.com\/it\/useful-information\/sostenitori\/","og_locale":"it_IT","og_type":"article","og_title":"Informazioni per i sostenitori - Ultra Tour Monte Rosa","og_description":"Regolamento di gara \u00c8 fantastico se hai amici e familiari che potrebbero viaggiare con te in supporto! Per essere onesti con tutti i corridori, tieni presente che il supporto di amici e familiari \u00e8 consentito solo ai checkpoint designati e purch\u00e9 non interferisca con il funzionamento del checkpoint. Volontari Diamo sempre il benvenuto ai volontari! [&hellip;]","og_url":"https:\/\/www.ultratourmonterosa.com\/it\/useful-information\/sostenitori\/","og_site_name":"Ultra Tour Monte Rosa","article_publisher":"https:\/\/www.facebook.com\/UltraTourMonteRosa\/","article_modified_time":"2024-05-08T11:49:44+00:00","og_image":[{"width":1000,"height":1000,"url":"https:\/\/www.ultratourmonterosa.com\/wp-content\/uploads\/2016\/09\/ultra-tour-monte-rosa-2016-square-1000-3199.jpg","type":"image\/jpeg"}],"twitter_card":"summary_large_image","twitter_site":"@UltraMonteRosa","twitter_misc":{"Tempo di lettura stimato":"2 minuti"},"schema":{"@context":"https:\/\/schema.org","@graph":[{"@type":"WebPage","@id":"https:\/\/www.ultratourmonterosa.com\/it\/useful-information\/sostenitori\/","url":"https:\/\/www.ultratourmonterosa.com\/it\/useful-information\/sostenitori\/","name":"Informazioni per i sostenitori - Ultra Tour Monte Rosa","isPartOf":{"@id":"https:\/\/www.ultratourmonterosa.com\/#website"},"primaryImageOfPage":{"@id":"https:\/\/www.ultratourmonterosa.com\/it\/useful-information\/sostenitori\/#primaryimage"},"image":{"@id":"https:\/\/www.ultratourmonterosa.com\/it\/useful-information\/sostenitori\/#primaryimage"},"thumbnailUrl":"https:\/\/www.ultratourmonterosa.com\/wp-content\/uploads\/2016\/09\/ultra-tour-monte-rosa-2016-square-1000-3199.jpg","datePublished":"2014-06-16T12:50:55+00:00","dateModified":"2024-05-08T11:49:44+00:00","breadcrumb":{"@id":"https:\/\/www.ultratourmonterosa.com\/it\/useful-information\/sostenitori\/#breadcrumb"},"inLanguage":"it-IT","potentialAction":[{"@type":"ReadAction","target":["https:\/\/www.ultratourmonterosa.com\/it\/useful-information\/sostenitori\/"]}]},{"@type":"ImageObject","inLanguage":"it-IT","@id":"https:\/\/www.ultratourmonterosa.com\/it\/useful-information\/sostenitori\/#primaryimage","url":"https:\/\/www.ultratourmonterosa.com\/wp-content\/uploads\/2016\/09\/ultra-tour-monte-rosa-2016-square-1000-3199.jpg","contentUrl":"https:\/\/www.ultratourmonterosa.com\/wp-content\/uploads\/2016\/09\/ultra-tour-monte-rosa-2016-square-1000-3199.jpg","width":1000,"height":1000},{"@type":"BreadcrumbList","@id":"https:\/\/www.ultratourmonterosa.com\/it\/useful-information\/sostenitori\/#breadcrumb","itemListElement":[{"@type":"ListItem","position":1,"name":"Home","item":"https:\/\/www.ultratourmonterosa.com\/it\/"},{"@type":"ListItem","position":2,"name":"USEFUL INFORMATION","item":"https:\/\/www.ultratourmonterosa.com\/it\/useful-information\/"},{"@type":"ListItem","position":3,"name":"Informazioni per i sostenitori"}]},{"@type":"WebSite","@id":"https:\/\/www.ultratourmonterosa.com\/#website","url":"https:\/\/www.ultratourmonterosa.com\/","name":"Ultra Tour Monte Rosa","description":"3-6 September 2025","publisher":{"@id":"https:\/\/www.ultratourmonterosa.com\/#organization"},"potentialAction":[{"@type":"SearchAction","target":{"@type":"EntryPoint","urlTemplate":"https:\/\/www.ultratourmonterosa.com\/?s={search_term_string}"},"query-input":{"@type":"PropertyValueSpecification","valueRequired":true,"valueName":"search_term_string"}}],"inLanguage":"it-IT"},{"@type":"Organization","@id":"https:\/\/www.ultratourmonterosa.com\/#organization","name":"Ultra Tour Monte Rosa","url":"https:\/\/www.ultratourmonterosa.com\/","logo":{"@type":"ImageObject","inLanguage":"it-IT","@id":"https:\/\/www.ultratourmonterosa.com\/#\/schema\/logo\/image\/","url":"https:\/\/www.ultratourmonterosa.com\/wp-content\/uploads\/2024\/09\/UTMR-logo-300px-1.png","contentUrl":"https:\/\/www.ultratourmonterosa.com\/wp-content\/uploads\/2024\/09\/UTMR-logo-300px-1.png","width":300,"height":300,"caption":"Ultra Tour Monte Rosa"},"image":{"@id":"https:\/\/www.ultratourmonterosa.com\/#\/schema\/logo\/image\/"},"sameAs":["https:\/\/www.facebook.com\/UltraTourMonteRosa\/","https:\/\/x.com\/UltraMonteRosa"]}]}},"jetpack_shortlink":"https:\/\/wp.me\/P4DSVg-cg","jetpack_sharing_enabled":true,"_links":{"self":[{"href":"https:\/\/www.ultratourmonterosa.com\/it\/wp-json\/wp\/v2\/pages\/760","targetHints":{"allow":["GET"]}}],"collection":[{"href":"https:\/\/www.ultratourmonterosa.com\/it\/wp-json\/wp\/v2\/pages"}],"about":[{"href":"https:\/\/www.ultratourmonterosa.com\/it\/wp-json\/wp\/v2\/types\/page"}],"author":[{"embeddable":true,"href":"https:\/\/www.ultratourmonterosa.com\/it\/wp-json\/wp\/v2\/users\/2"}],"replies":[{"embeddable":true,"href":"https:\/\/www.ultratourmonterosa.com\/it\/wp-json\/wp\/v2\/comments?post=760"}],"version-history":[{"count":5,"href":"https:\/\/www.ultratourmonterosa.com\/it\/wp-json\/wp\/v2\/pages\/760\/revisions"}],"predecessor-version":[{"id":50577,"href":"https:\/\/www.ultratourmonterosa.com\/it\/wp-json\/wp\/v2\/pages\/760\/revisions\/50577"}],"up":[{"embeddable":true,"href":"https:\/\/www.ultratourmonterosa.com\/it\/wp-json\/wp\/v2\/pages\/17486"}],"wp:featuredmedia":[{"embeddable":true,"href":"https:\/\/www.ultratourmonterosa.com\/it\/wp-json\/wp\/v2\/media\/19917"}],"wp:attachment":[{"href":"https:\/\/www.ultratourmonterosa.com\/it\/wp-json\/wp\/v2\/media?parent=760"}],"curies":[{"name":"wp","href":"https:\/\/api.w.org\/{rel}","templated":true}]}}